{"id":109,"date":"2023-08-24T05:06:02","date_gmt":"2023-08-24T05:06:02","guid":{"rendered":"https:\/\/www.shm.software\/de\/?page_id=109"},"modified":"2025-05-28T09:39:02","modified_gmt":"2025-05-28T09:39:02","slug":"appointment","status":"publish","type":"page","link":"https:\/\/www.shm.software\/de\/appointment","title":{"rendered":"Termin"},"content":{"rendered":"<div class=\"appointment-bg\">\n<div class=\"container h-100\">\n<div class=\"row h-100 align-items-center\">\n<div class=\"col-md-8 mx-auto text-center\">\n<h1>Termin<\/h1>\n<\/div>\n<\/div>\n<\/div>\n<\/div>\n<p id=\"breadcrumbs\"><span><span><a href=\"https:\/\/www.shm.software\/de\/\">Startseite<\/a><\/span><\/span><\/p>\n<div class=\"section-white\">\n<div class=\"container\">\n<div class=\"row\">\n<div class=\"col-md-8 mx-auto text-center\">\n<p style=\"font-size: 18px;\"><strong>Ihr Termin wurde best\u00e4tigt. Wir freuen uns bald Ihnen Smart Hospital Maintenance pers\u00f6hnlich pr\u00e4sentieren zu d\u00fcrfen.<\/strong><\/p>\n<p style=\"font-size: 18px;\">Sollten Sie Fragen haben zu ihren Termin k\u00f6nnen Sie uns gerne telefonisch erreichen unter <a href=\"tel:49040232050020\">+49 (0) 40 2320 500 20<\/a>. Unser Team ist jederzeit bereit Ihnen zu auszuhelfen.<\/p>\n<\/div>\n<\/div>\n<\/div>\n<\/div>\n","protected":false},"excerpt":{"rendered":"<p>Termin Ihr Termin wurde best\u00e4tigt. Wir freuen uns bald Ihnen Smart Hospital Maintenance pers\u00f6hnlich pr\u00e4sentieren zu d\u00fcrfen. Sollten Sie Fragen haben zu ihren Termin k\u00f6nnen Sie uns gerne telefonisch erreichen unter +49 (0) 40 2320 500 20. Unser Team ist jederzeit bereit Ihnen zu auszuhelfen. [&#8230;]<\/p>\n<p><a class=\"btn btn-secondary understrap-read-more-link\" href=\"https:\/\/www.shm.software\/de\/appointment\">Weiterlesen&#8230;<\/a><\/p>\n","protected":false},"author":1,"featured_media":0,"parent":0,"menu_order":0,"comment_status":"closed","ping_status":"closed","template":"page-templates\/empty.php","meta":{"footnotes":""},"class_list":["post-109","page","type-page","status-publish","hentry"],"yoast_head":"<!-- This site is optimized with the Yoast SEO plugin v26.8 - https:\/\/yoast.com\/product\/yoast-seo-wordpress\/ -->\n<title>Termin - SMART HOSPITAL MAINTENANCE<\/title>\n<meta name=\"robots\" content=\"index, follow, max-snippet:-1, max-image-preview:large, max-video-preview:-1\" \/>\n<link rel=\"canonical\" href=\"https:\/\/www.shm.software\/de\/appointment\" \/>\n<meta property=\"og:locale\" content=\"de_DE\" \/>\n<meta property=\"og:type\" content=\"article\" \/>\n<meta property=\"og:title\" content=\"Termin - SMART HOSPITAL MAINTENANCE\" \/>\n<meta property=\"og:description\" content=\"Termin Ihr Termin wurde best\u00e4tigt. Wir freuen uns bald Ihnen Smart Hospital Maintenance pers\u00f6hnlich pr\u00e4sentieren zu d\u00fcrfen. Sollten Sie Fragen haben zu ihren Termin k\u00f6nnen Sie uns gerne telefonisch erreichen unter +49 (0) 40 2320 500 20. Unser Team ist jederzeit bereit Ihnen zu auszuhelfen. [...]Weiterlesen...\" \/>\n<meta property=\"og:url\" content=\"https:\/\/www.shm.software\/de\/appointment\" \/>\n<meta property=\"og:site_name\" content=\"SMART HOSPITAL MAINTENANCE\" \/>\n<meta property=\"article:modified_time\" content=\"2025-05-28T09:39:02+00:00\" \/>\n<meta name=\"twitter:card\" content=\"summary_large_image\" \/>\n<meta name=\"twitter:label1\" content=\"Gesch\u00e4tzte Lesezeit\" \/>\n\t<meta name=\"twitter:data1\" content=\"1\u00a0Minute\" \/>\n<script type=\"application\/ld+json\" class=\"yoast-schema-graph\">{\"@context\":\"https:\/\/schema.org\",\"@graph\":[{\"@type\":\"WebPage\",\"@id\":\"https:\/\/www.shm.software\/de\/appointment\",\"url\":\"https:\/\/www.shm.software\/de\/appointment\",\"name\":\"Termin - SMART HOSPITAL MAINTENANCE\",\"isPartOf\":{\"@id\":\"https:\/\/www.shm.software\/de\/#website\"},\"datePublished\":\"2023-08-24T05:06:02+00:00\",\"dateModified\":\"2025-05-28T09:39:02+00:00\",\"breadcrumb\":{\"@id\":\"https:\/\/www.shm.software\/de\/appointment#breadcrumb\"},\"inLanguage\":\"de\",\"potentialAction\":[{\"@type\":\"ReadAction\",\"target\":[\"https:\/\/www.shm.software\/de\/appointment\"]}]},{\"@type\":\"BreadcrumbList\",\"@id\":\"https:\/\/www.shm.software\/de\/appointment#breadcrumb\",\"itemListElement\":[{\"@type\":\"ListItem\",\"position\":1,\"name\":\"Startseite\",\"item\":\"https:\/\/www.shm.software\/de\/\"},{\"@type\":\"ListItem\",\"position\":2,\"name\":\"Termin\"}]},{\"@type\":\"WebSite\",\"@id\":\"https:\/\/www.shm.software\/de\/#website\",\"url\":\"https:\/\/www.shm.software\/de\/\",\"name\":\"SMART HOSPITAL MAINTENANCE\",\"description\":\"\",\"potentialAction\":[{\"@type\":\"SearchAction\",\"target\":{\"@type\":\"EntryPoint\",\"urlTemplate\":\"https:\/\/www.shm.software\/de\/?s={search_term_string}\"},\"query-input\":{\"@type\":\"PropertyValueSpecification\",\"valueRequired\":true,\"valueName\":\"search_term_string\"}}],\"inLanguage\":\"de\"}]}<\/script>\n<!-- \/ Yoast SEO plugin. -->","yoast_head_json":{"title":"Termin - SMART HOSPITAL MAINTENANCE","robots":{"index":"index","follow":"follow","max-snippet":"max-snippet:-1","max-image-preview":"max-image-preview:large","max-video-preview":"max-video-preview:-1"},"canonical":"https:\/\/www.shm.software\/de\/appointment","og_locale":"de_DE","og_type":"article","og_title":"Termin - SMART HOSPITAL MAINTENANCE","og_description":"Termin Ihr Termin wurde best\u00e4tigt. Wir freuen uns bald Ihnen Smart Hospital Maintenance pers\u00f6hnlich pr\u00e4sentieren zu d\u00fcrfen. Sollten Sie Fragen haben zu ihren Termin k\u00f6nnen Sie uns gerne telefonisch erreichen unter +49 (0) 40 2320 500 20. Unser Team ist jederzeit bereit Ihnen zu auszuhelfen. [...]Weiterlesen...","og_url":"https:\/\/www.shm.software\/de\/appointment","og_site_name":"SMART HOSPITAL MAINTENANCE","article_modified_time":"2025-05-28T09:39:02+00:00","twitter_card":"summary_large_image","twitter_misc":{"Gesch\u00e4tzte Lesezeit":"1\u00a0Minute"},"schema":{"@context":"https:\/\/schema.org","@graph":[{"@type":"WebPage","@id":"https:\/\/www.shm.software\/de\/appointment","url":"https:\/\/www.shm.software\/de\/appointment","name":"Termin - SMART HOSPITAL MAINTENANCE","isPartOf":{"@id":"https:\/\/www.shm.software\/de\/#website"},"datePublished":"2023-08-24T05:06:02+00:00","dateModified":"2025-05-28T09:39:02+00:00","breadcrumb":{"@id":"https:\/\/www.shm.software\/de\/appointment#breadcrumb"},"inLanguage":"de","potentialAction":[{"@type":"ReadAction","target":["https:\/\/www.shm.software\/de\/appointment"]}]},{"@type":"BreadcrumbList","@id":"https:\/\/www.shm.software\/de\/appointment#breadcrumb","itemListElement":[{"@type":"ListItem","position":1,"name":"Startseite","item":"https:\/\/www.shm.software\/de\/"},{"@type":"ListItem","position":2,"name":"Termin"}]},{"@type":"WebSite","@id":"https:\/\/www.shm.software\/de\/#website","url":"https:\/\/www.shm.software\/de\/","name":"SMART HOSPITAL MAINTENANCE","description":"","potentialAction":[{"@type":"SearchAction","target":{"@type":"EntryPoint","urlTemplate":"https:\/\/www.shm.software\/de\/?s={search_term_string}"},"query-input":{"@type":"PropertyValueSpecification","valueRequired":true,"valueName":"search_term_string"}}],"inLanguage":"de"}]}},"_links":{"self":[{"href":"https:\/\/www.shm.software\/de\/wp-json\/wp\/v2\/pages\/109","targetHints":{"allow":["GET"]}}],"collection":[{"href":"https:\/\/www.shm.software\/de\/wp-json\/wp\/v2\/pages"}],"about":[{"href":"https:\/\/www.shm.software\/de\/wp-json\/wp\/v2\/types\/page"}],"author":[{"embeddable":true,"href":"https:\/\/www.shm.software\/de\/wp-json\/wp\/v2\/users\/1"}],"replies":[{"embeddable":true,"href":"https:\/\/www.shm.software\/de\/wp-json\/wp\/v2\/comments?post=109"}],"version-history":[{"count":12,"href":"https:\/\/www.shm.software\/de\/wp-json\/wp\/v2\/pages\/109\/revisions"}],"predecessor-version":[{"id":803,"href":"https:\/\/www.shm.software\/de\/wp-json\/wp\/v2\/pages\/109\/revisions\/803"}],"wp:attachment":[{"href":"https:\/\/www.shm.software\/de\/wp-json\/wp\/v2\/media?parent=109"}],"curies":[{"name":"wp","href":"https:\/\/api.w.org\/{rel}","templated":true}]}}