{"id":161,"date":"2023-08-31T07:40:32","date_gmt":"2023-08-31T07:40:32","guid":{"rendered":"https:\/\/www.shm.software\/de\/?page_id=161"},"modified":"2025-05-28T10:35:28","modified_gmt":"2025-05-28T10:35:28","slug":"asset-management","status":"publish","type":"page","link":"https:\/\/www.shm.software\/de\/asset-management","title":{"rendered":"Anlagen-Management"},"content":{"rendered":"<div class=\"asset-bg in-head\"><\/div>\n<p id=\"breadcrumbs\"><span><span><a href=\"https:\/\/www.shm.software\/de\/\">Startseite<\/a><\/span><\/span><\/p>\n<div class=\"section-white\">\n<div class=\"container\">\n<div class=\"row align-items-center\">\n<div class=\"col-md-6\">\n<h1 class=\"h3\">Anlagen-Management<\/h1>\n<p>Das Anlagen-Management von Krankenhauseinrichtungen umfasst das gesamte Leistungsspektrum von der Beschaffung \u00fcber die Inbetriebnahme, Nutzung, Instandhaltung bis zur Entsorgung von verschiedenen Sachanlagen und Ger\u00e4ten innerhalb einer Gesundheitseinrichtung. Es umfasst die Verwaltung aller Verm\u00f6genswerte wie medizinische und nichtmedizinische Ger\u00e4te, Maschinen, Geb\u00e4udesysteme, Instrumente, Mobiliar und anderen Objekten.<\/p>\n<p>Smart Hospital Maintenance enth\u00e4lt die Schl\u00fcsselkomponenten f\u00fcr ein professionelles Anlagen-Management und erm\u00f6glicht die Integration aller Arten von Anlagen. Wichtige Informationen wie allgemeine Informationen, Funktionsstatus, Standort, technische Parameter, Dokumente, \u00c4nderungsprotokolle, Serviceanforderungs- und Arbeitsauftragsprotokolle k\u00f6nnen jederzeit zur abgerufen werden.<\/p>\n<\/div>\n<div class=\"col-md-6\"><img decoding=\"async\" class=\"img-fluid d-block mx-auto\" src=\"https:\/\/www.shm.software\/de\/wp-content\/uploads\/2023\/09\/software-asset-management-1.jpg\" alt=\"software asset management\" \/><\/div>\n<\/div>\n<\/div>\n<\/div>\n<div class=\"section-lightgrey\">\n<div class=\"container\">\n<div class=\"row align-items-center\">\n<div class=\"col-md-6 mx-auto\"><img decoding=\"async\" class=\"img-fluid d-block mx-auto\" src=\"https:\/\/www.shm.software\/de\/wp-content\/uploads\/2024\/07\/assets-flow.png\" alt=\"General Information\" width=\"500\" \/><\/div>\n<\/div>\n<\/div>\n<\/div>\n<div class=\"section-white\">\n<div class=\"container\">\n<div class=\"row align-items-center\">\n<div class=\"col-md-6\">\n<h3>Allgemeine Informationen<\/h3>\n<p>Geben Sie allgemeine Informationen zu Ihrer Anlage ein, z. B. die Inventarnummer, Anlagenklasse, Risiko-\/Priorit\u00e4tseinstufung, Standort der Anlage sowie Angaben zum Hersteller und Dienstleister.<\/p>\n<h3>Technische Details<\/h3>\n<p>Geben Sie die technischen Details ein, um die Leistung und die technischen Anforderungen Ihrer Anlage zu beschreiben. Sie k\u00f6nnen Informationen zu Mechanik, Elektrik und Sanit\u00e4r (MES), IT, medizinischen Gasen und Montageinformationen eingeben.<\/p>\n<\/div>\n<div class=\"col-md-6\"><img decoding=\"async\" class=\"img-fluid d-block mx-auto\" src=\"https:\/\/www.shm.software\/de\/wp-content\/uploads\/2023\/09\/example-asset-management.jpg\" alt=\"example asset management\" \/><\/div>\n<\/div>\n<\/div>\n<\/div>\n<div class=\"section-lightgrey\">\n<div class=\"container\">\n<div class=\"row align-items-center\">\n<div class=\"col-md-6 order-md-2\">\n<h3>Anlagen in Beziehung setzen (Verkn\u00fcpfte Anlagen)<\/h3>\n<p>Setzen Sie Ihre Anlagen in Beziehung zueinander, um zu verstehen, wie sie miteinander verbunden sind. Sie k\u00f6nnen mehrere Teile einem System zuordnen und eine Liste erstellen, die alle Unteranlagen des gesamten Systems enth\u00e4lt. Dies erm\u00f6glicht eine klare Trennung f\u00fcr Anlagen, die unterschiedliche Wartungsarbeiten f\u00fcr bestimmte Teile der Anlage erfordern.<\/p>\n<h3>Dokumente<\/h3>\n<p>Laden Sie anlagenbezogene Dokumente f\u00fcr Ihre Anlagen in einer herk\u00f6mmlichen Ordnerstruktur hoch. Wenn Sie ein Dokument auf als &#8222;Global&#8220; deklarieren, k\u00f6nnen Sie dieses Dokument mit allen anderen integrierten Einrichtungen teilen. Auf diese Weise kann Ihr Krankenhausnetzwerk die technische Dokumentation f\u00fcr Ihre Ger\u00e4te sammeln und wechselseitig erg\u00e4nzen.<\/p>\n<\/div>\n<div class=\"col-md-6 order-md-1\"><img decoding=\"async\" class=\"img-fluid d-block mx-auto\" src=\"https:\/\/www.shm.software\/de\/wp-content\/uploads\/2023\/09\/related-assets.png\" alt=\"Related Assets\" width=\"400\" \/><\/div>\n<\/div>\n<\/div>\n<\/div>\n<div class=\"section-white\">\n<div class=\"container\">\n<div class=\"row\">\n<div class=\"col-md-6\">\n<h3>Serviceanfragen \/ Arbeitsauftragshistorie<\/h3>\n<p>Alle aktiven und abgeschlossenen Arbeitsauftr\u00e4ge und Serviceanfragen stehen Ihren Mitarbeitern zur Verf\u00fcgung, und k\u00f6nnen bequem in Ihrer digitalen Bestandsakte abgerufen werden.<\/p>\n<\/div>\n<div class=\"col-md-6\">\n<h3>Verlaufsprotokoll<\/h3>\n<p>Im Verlaufsprotokoll werden alle \u00c4nderungen an Ihren Ger\u00e4ten dokumentiert. Sowohl die Daten des Benutzers, der die \u00c4nderung vorgenommen hat, als auch die ge\u00e4nderten Werte wie Datum und Uhrzeit werden aufgezeichnet. So behalten Sie den \u00dcberblick \u00fcber alle \u00c4nderungen, die Sie an Ihren Assets vorgenommen haben.<\/p>\n<\/div>\n<\/div>\n<\/div>\n<\/div>\n<div class=\"section-primary\">\n<div class=\"container\">\n<div class=\"row\">\n<div class=\"col-md-8 mx-auto text-center\">\n<h4>M\u00f6chten Sie erfahren, wie Smart Hospital Maintenance Ihr Anlagen-Management vereinfachen kann? Buchen Sie noch heute Ihre Demo mit einem unserer Experten!<\/h4>\n<div><a class=\"btn btn-primary mt-3\" href=\"https:\/\/www.shm.software\/de\/contact-us\">Demo buchen<\/a><\/div>\n<\/div>\n<\/div>\n<\/div>\n<\/div>\n<div class=\"section-white\">\n<div class=\"container\">\n<div class=\"row text-center\">\n<div class=\"col-lg-12\">\n<h3 class=\"mb-0\">Zus\u00e4tzliche Features<\/h3>\n<\/div>\n<div class=\"col-lg-6\">\n<div class=\"af-box\">\n<h4>Effizienter Service<\/h4>\n<div class=\"af-link\"><a href=\"https:\/\/www.shm.software\/de\/asset-matching\">Anlagen-Abgleich<\/a><br \/>\n<a href=\"https:\/\/www.shm.software\/de\/document-management\">Dokument-management<\/a><br \/>\n<a href=\"https:\/\/www.shm.software\/de\/service-request-management\">Verwaltung von Serviceanfragen<\/a><br \/>\n<a href=\"https:\/\/www.shm.software\/de\/qr-labels\">QR-Code-Labels<\/a><\/div>\n<\/div>\n<\/div>\n<div class=\"col-lg-6\">\n<div class=\"af-box\">\n<h4>Umfangreiche M\u00f6glichkeiten<\/h4>\n<div class=\"af-link\"><a href=\"https:\/\/www.shm.software\/de\/technical-reports\">Technische Berichte<\/a><br \/>\n<a href=\"https:\/\/www.shm.software\/de\/contact-management\">Kontakt management<\/a><br \/>\n<a href=\"https:\/\/www.shm.software\/de\/contract-administration\">Vertragsverwaltung<\/a><br \/>\n<a href=\"https:\/\/www.shm.software\/de\/user-profiles\">Benutzer<\/a><\/div>\n<\/div>\n<\/div>\n<div class=\"col-lg-6\">\n<div class=\"af-box\">\n<h4>Skalierbarkeit<\/h4>\n<div class=\"af-link\"><a href=\"https:\/\/www.shm.software\/de\/facility-integration\">Einrichtungs-integration<\/a><br \/>\n<a href=\"https:\/\/www.shm.software\/de\/multi-language-feature\">Mehrsprachig<\/a><br \/>\n<a href=\"https:\/\/www.shm.software\/de\/relocation-management\">Relocation-Management<\/a><br \/>\n<a href=\"https:\/\/www.shm.software\/de\/shm-database\">SHM-Datenbank<\/a><\/div>\n<\/div>\n<\/div>\n<div class=\"col-lg-6\">\n<div class=\"af-box\">\n<h4>Komfortable Nutzung<\/h4>\n<div class=\"af-link\"><a href=\"https:\/\/www.shm.software\/de\/customisation\">Anpassung<\/a><br \/>\n<a href=\"https:\/\/www.shm.software\/de\/mobile-application\">Mobile Anwendung<\/a><br \/>\n<a href=\"https:\/\/www.shm.software\/de\/offline-mode\">Offline-Modus<\/a><br \/>\n<a href=\"https:\/\/www.shm.software\/de\/bulk-upload\">Bulk-Upload<\/a><\/div>\n<\/div>\n<\/div>\n<\/div>\n<\/div>\n<\/div>\n","protected":false},"excerpt":{"rendered":"<p>Anlagen-Management Das Anlagen-Management von Krankenhauseinrichtungen umfasst das gesamte Leistungsspektrum von der Beschaffung \u00fcber die Inbetriebnahme, Nutzung, Instandhaltung bis zur Entsorgung von verschiedenen Sachanlagen und Ger\u00e4ten innerhalb einer Gesundheitseinrichtung. Es umfasst die Verwaltung aller Verm\u00f6genswerte wie medizinische und nichtmedizinische Ger\u00e4te, Maschinen, Geb\u00e4udesysteme, Instrumente, Mobiliar und anderen Objekten. Smart Hospital Maintenance enth\u00e4lt die Schl\u00fcsselkomponenten f\u00fcr ein professionelles [&#8230;]<\/p>\n<p><a class=\"btn btn-secondary understrap-read-more-link\" href=\"https:\/\/www.shm.software\/de\/asset-management\">Weiterlesen&#8230;<\/a><\/p>\n","protected":false},"author":1,"featured_media":0,"parent":0,"menu_order":0,"comment_status":"closed","ping_status":"closed","template":"page-templates\/empty.php","meta":{"footnotes":""},"class_list":["post-161","page","type-page","status-publish","hentry"],"yoast_head":"<!-- This site is optimized with the Yoast SEO plugin v26.8 - https:\/\/yoast.com\/product\/yoast-seo-wordpress\/ -->\n<title>Anlagen-Management - SMART HOSPITAL MAINTENANCE<\/title>\n<meta name=\"robots\" content=\"index, follow, max-snippet:-1, max-image-preview:large, max-video-preview:-1\" \/>\n<link rel=\"canonical\" href=\"https:\/\/www.shm.software\/de\/asset-management\" \/>\n<meta property=\"og:locale\" content=\"de_DE\" \/>\n<meta property=\"og:type\" content=\"article\" \/>\n<meta property=\"og:title\" content=\"Anlagen-Management - SMART HOSPITAL MAINTENANCE\" \/>\n<meta property=\"og:description\" content=\"Anlagen-Management Das Anlagen-Management von Krankenhauseinrichtungen umfasst das gesamte Leistungsspektrum von der Beschaffung \u00fcber die Inbetriebnahme, Nutzung, Instandhaltung bis zur Entsorgung von verschiedenen Sachanlagen und Ger\u00e4ten innerhalb einer Gesundheitseinrichtung. Es umfasst die Verwaltung aller Verm\u00f6genswerte wie medizinische und nichtmedizinische Ger\u00e4te, Maschinen, Geb\u00e4udesysteme, Instrumente, Mobiliar und anderen Objekten. Smart Hospital Maintenance enth\u00e4lt die Schl\u00fcsselkomponenten f\u00fcr ein professionelles [...]Weiterlesen...\" \/>\n<meta property=\"og:url\" content=\"https:\/\/www.shm.software\/de\/asset-management\" \/>\n<meta property=\"og:site_name\" content=\"SMART HOSPITAL MAINTENANCE\" \/>\n<meta property=\"article:modified_time\" content=\"2025-05-28T10:35:28+00:00\" \/>\n<meta property=\"og:image\" content=\"https:\/\/www.shm.software\/de\/wp-content\/uploads\/2023\/09\/software-asset-management-1.jpg\" \/>\n<meta name=\"twitter:card\" content=\"summary_large_image\" \/>\n<meta name=\"twitter:label1\" content=\"Gesch\u00e4tzte Lesezeit\" \/>\n\t<meta name=\"twitter:data1\" content=\"3\u00a0Minuten\" \/>\n<script type=\"application\/ld+json\" class=\"yoast-schema-graph\">{\"@context\":\"https:\/\/schema.org\",\"@graph\":[{\"@type\":\"WebPage\",\"@id\":\"https:\/\/www.shm.software\/de\/asset-management\",\"url\":\"https:\/\/www.shm.software\/de\/asset-management\",\"name\":\"Anlagen-Management - SMART HOSPITAL MAINTENANCE\",\"isPartOf\":{\"@id\":\"https:\/\/www.shm.software\/de\/#website\"},\"primaryImageOfPage\":{\"@id\":\"https:\/\/www.shm.software\/de\/asset-management#primaryimage\"},\"image\":{\"@id\":\"https:\/\/www.shm.software\/de\/asset-management#primaryimage\"},\"thumbnailUrl\":\"https:\/\/www.shm.software\/de\/wp-content\/uploads\/2023\/09\/software-asset-management-1.jpg\",\"datePublished\":\"2023-08-31T07:40:32+00:00\",\"dateModified\":\"2025-05-28T10:35:28+00:00\",\"breadcrumb\":{\"@id\":\"https:\/\/www.shm.software\/de\/asset-management#breadcrumb\"},\"inLanguage\":\"de\",\"potentialAction\":[{\"@type\":\"ReadAction\",\"target\":[\"https:\/\/www.shm.software\/de\/asset-management\"]}]},{\"@type\":\"ImageObject\",\"inLanguage\":\"de\",\"@id\":\"https:\/\/www.shm.software\/de\/asset-management#primaryimage\",\"url\":\"https:\/\/www.shm.software\/de\/wp-content\/uploads\/2023\/09\/software-asset-management-1.jpg\",\"contentUrl\":\"https:\/\/www.shm.software\/de\/wp-content\/uploads\/2023\/09\/software-asset-management-1.jpg\",\"width\":600,\"height\":400},{\"@type\":\"BreadcrumbList\",\"@id\":\"https:\/\/www.shm.software\/de\/asset-management#breadcrumb\",\"itemListElement\":[{\"@type\":\"ListItem\",\"position\":1,\"name\":\"Startseite\",\"item\":\"https:\/\/www.shm.software\/de\/\"},{\"@type\":\"ListItem\",\"position\":2,\"name\":\"Anlagen-Management\"}]},{\"@type\":\"WebSite\",\"@id\":\"https:\/\/www.shm.software\/de\/#website\",\"url\":\"https:\/\/www.shm.software\/de\/\",\"name\":\"SMART HOSPITAL MAINTENANCE\",\"description\":\"\",\"potentialAction\":[{\"@type\":\"SearchAction\",\"target\":{\"@type\":\"EntryPoint\",\"urlTemplate\":\"https:\/\/www.shm.software\/de\/?s={search_term_string}\"},\"query-input\":{\"@type\":\"PropertyValueSpecification\",\"valueRequired\":true,\"valueName\":\"search_term_string\"}}],\"inLanguage\":\"de\"}]}<\/script>\n<!-- \/ Yoast SEO plugin. -->","yoast_head_json":{"title":"Anlagen-Management - SMART HOSPITAL MAINTENANCE","robots":{"index":"index","follow":"follow","max-snippet":"max-snippet:-1","max-image-preview":"max-image-preview:large","max-video-preview":"max-video-preview:-1"},"canonical":"https:\/\/www.shm.software\/de\/asset-management","og_locale":"de_DE","og_type":"article","og_title":"Anlagen-Management - SMART HOSPITAL MAINTENANCE","og_description":"Anlagen-Management Das Anlagen-Management von Krankenhauseinrichtungen umfasst das gesamte Leistungsspektrum von der Beschaffung \u00fcber die Inbetriebnahme, Nutzung, Instandhaltung bis zur Entsorgung von verschiedenen Sachanlagen und Ger\u00e4ten innerhalb einer Gesundheitseinrichtung. Es umfasst die Verwaltung aller Verm\u00f6genswerte wie medizinische und nichtmedizinische Ger\u00e4te, Maschinen, Geb\u00e4udesysteme, Instrumente, Mobiliar und anderen Objekten. Smart Hospital Maintenance enth\u00e4lt die Schl\u00fcsselkomponenten f\u00fcr ein professionelles [...]Weiterlesen...","og_url":"https:\/\/www.shm.software\/de\/asset-management","og_site_name":"SMART HOSPITAL MAINTENANCE","article_modified_time":"2025-05-28T10:35:28+00:00","og_image":[{"url":"https:\/\/www.shm.software\/de\/wp-content\/uploads\/2023\/09\/software-asset-management-1.jpg","type":"","width":"","height":""}],"twitter_card":"summary_large_image","twitter_misc":{"Gesch\u00e4tzte Lesezeit":"3\u00a0Minuten"},"schema":{"@context":"https:\/\/schema.org","@graph":[{"@type":"WebPage","@id":"https:\/\/www.shm.software\/de\/asset-management","url":"https:\/\/www.shm.software\/de\/asset-management","name":"Anlagen-Management - SMART HOSPITAL MAINTENANCE","isPartOf":{"@id":"https:\/\/www.shm.software\/de\/#website"},"primaryImageOfPage":{"@id":"https:\/\/www.shm.software\/de\/asset-management#primaryimage"},"image":{"@id":"https:\/\/www.shm.software\/de\/asset-management#primaryimage"},"thumbnailUrl":"https:\/\/www.shm.software\/de\/wp-content\/uploads\/2023\/09\/software-asset-management-1.jpg","datePublished":"2023-08-31T07:40:32+00:00","dateModified":"2025-05-28T10:35:28+00:00","breadcrumb":{"@id":"https:\/\/www.shm.software\/de\/asset-management#breadcrumb"},"inLanguage":"de","potentialAction":[{"@type":"ReadAction","target":["https:\/\/www.shm.software\/de\/asset-management"]}]},{"@type":"ImageObject","inLanguage":"de","@id":"https:\/\/www.shm.software\/de\/asset-management#primaryimage","url":"https:\/\/www.shm.software\/de\/wp-content\/uploads\/2023\/09\/software-asset-management-1.jpg","contentUrl":"https:\/\/www.shm.software\/de\/wp-content\/uploads\/2023\/09\/software-asset-management-1.jpg","width":600,"height":400},{"@type":"BreadcrumbList","@id":"https:\/\/www.shm.software\/de\/asset-management#breadcrumb","itemListElement":[{"@type":"ListItem","position":1,"name":"Startseite","item":"https:\/\/www.shm.software\/de\/"},{"@type":"ListItem","position":2,"name":"Anlagen-Management"}]},{"@type":"WebSite","@id":"https:\/\/www.shm.software\/de\/#website","url":"https:\/\/www.shm.software\/de\/","name":"SMART HOSPITAL MAINTENANCE","description":"","potentialAction":[{"@type":"SearchAction","target":{"@type":"EntryPoint","urlTemplate":"https:\/\/www.shm.software\/de\/?s={search_term_string}"},"query-input":{"@type":"PropertyValueSpecification","valueRequired":true,"valueName":"search_term_string"}}],"inLanguage":"de"}]}},"_links":{"self":[{"href":"https:\/\/www.shm.software\/de\/wp-json\/wp\/v2\/pages\/161","targetHints":{"allow":["GET"]}}],"collection":[{"href":"https:\/\/www.shm.software\/de\/wp-json\/wp\/v2\/pages"}],"about":[{"href":"https:\/\/www.shm.software\/de\/wp-json\/wp\/v2\/types\/page"}],"author":[{"embeddable":true,"href":"https:\/\/www.shm.software\/de\/wp-json\/wp\/v2\/users\/1"}],"replies":[{"embeddable":true,"href":"https:\/\/www.shm.software\/de\/wp-json\/wp\/v2\/comments?post=161"}],"version-history":[{"count":21,"href":"https:\/\/www.shm.software\/de\/wp-json\/wp\/v2\/pages\/161\/revisions"}],"predecessor-version":[{"id":801,"href":"https:\/\/www.shm.software\/de\/wp-json\/wp\/v2\/pages\/161\/revisions\/801"}],"wp:attachment":[{"href":"https:\/\/www.shm.software\/de\/wp-json\/wp\/v2\/media?parent=161"}],"curies":[{"name":"wp","href":"https:\/\/api.w.org\/{rel}","templated":true}]}}