{"id":163,"date":"2023-08-31T07:40:38","date_gmt":"2023-08-31T07:40:38","guid":{"rendered":"https:\/\/www.shm.software\/de\/?page_id=163"},"modified":"2025-05-28T09:39:35","modified_gmt":"2025-05-28T09:39:35","slug":"work-order-management","status":"publish","type":"page","link":"https:\/\/www.shm.software\/de\/work-order-management","title":{"rendered":"Arbeitsauftragsmanagement"},"content":{"rendered":"<div class=\"work-bg in-head\"><\/div>\n<p id=\"breadcrumbs\"><span><span><a href=\"https:\/\/www.shm.software\/de\/\">Startseite<\/a><\/span><\/span><\/p>\n<div class=\"section-white\">\n<div class=\"container\">\n<div class=\"row align-items-center\">\n<div class=\"col-md-6\">\n<h1 class=\"h3\">Arbeitsauftragsmanagement<\/h1>\n<p>Die Verwaltung von Arbeitsauftr\u00e4gen ist essentziell f\u00fcr ein professionelles Anlagenmanagement in jeder Art von Einrichtung. Ein Arbeitsauftrag ist eine formale Anforderung f\u00fcr einen Techniker, die eine Instandhaltungsverfahren beschreibt, das an einer Anlage durchgef\u00fchrt werden soll. Normalerweise enth\u00e4lt ein Arbeitsauftrag eine Beschreibung der Arbeit, Grundlegende Informationen \u00fcber die Anlage, die Priorit\u00e4tsstufe, den Standort, die verwendeten Materialien bzw. Ressourcen und weitere Informationen.<\/p>\n<\/div>\n<div class=\"col-md-6\"><img decoding=\"async\" class=\"img-fluid d-block mx-auto\" src=\"https:\/\/www.shm.software\/de\/wp-content\/uploads\/2023\/09\/SHM_work-order-management_introduction.jpg\" alt=\"Work Order Management\" \/><\/div>\n<\/div>\n<\/div>\n<\/div>\n<div class=\"section-lightgrey\">\n<div class=\"container\">\n<div class=\"row align-items-center\">\n<div class=\"col-lg-3\">\n<h3>Arbeitsauftrag<\/h3>\n<p>Nach Beendigung der Arbeiten wird der Arbeitsauftrag vom zust\u00e4ndigen Techniker als abgeschlossen gemeldet und abgezeichnet. Alle Leistungen, einschlie\u00dflich Ersatzteile und Kosten, werden im Arbeitsauftrag dokumentiert und zur sp\u00e4teren Bezugnahme in der digitalen Bestandsdatei gespeichert.<\/p>\n<h3 class=\"mt-4\">Beauftragung eines Technikers<\/h3>\n<p>Ein Techniker wird beauftragt, sich mit der Situation zu befassen und die Verantwortung f\u00fcr die technischen Aktivit\u00e4ten zu \u00fcbernehmen. Er erh\u00e4lt alle relevanten Informationen und Berichte, die er f\u00fcr seine Arbeit ben\u00f6tigt.<\/p>\n<\/div>\n<div class=\"col-lg-6\"><img decoding=\"async\" class=\"img-fluid d-block mx-auto\" src=\"https:\/\/www.shm.software\/de\/wp-content\/uploads\/2024\/02\/work-order-process.png\" alt=\"Work Order Management\" \/><\/div>\n<div class=\"col-lg-3\">\n<h3>QR-Label Scan<\/h3>\n<p>Starten Sie den Prozess, indem Sie das QR-Label Ihrer Anlage scannen oder die Inventarnummer eingeben, um eine Serviceanfrage zu stellen. Dies wird in der Regel von Endanwendern, wie beispielsweise Krankenschwestern, durchgef\u00fchrt, die \u00fcblicherweise als erste auf defekte Ger\u00e4te aufmerksam werden.<\/p>\n<h3 class=\"mt-4\">Serviceanfrage<\/h3>\n<p>Alle Serviceanfragen werden an Ihr technisches Serviceteam weitergeleitet, das \u00fcber den Eingang neuer Anfragen auf dem Laufenden ist. Dies gew\u00e4hrleistet eine schnelle Reaktion auf relevante Anfragen.<\/p>\n<\/div>\n<div class=\"col-lg-4 mx-auto\">\n<h3 class=\"mt-4\">Validierung der Anfrage<\/h3>\n<p>Sobald eine Serviceanfrage vom technischen Team angenommen wurde, erfolgt eine Validierung der Anfrage, bei der sich ein Techniker mit dem Aussteller in Verbindung setzt, um zu entscheiden, welche Ma\u00dfnahmen getroffen werden m\u00fcssen.<\/p>\n<\/div>\n<\/div>\n<\/div>\n<\/div>\n<div class=\"section-white\">\n<div class=\"container\">\n<div class=\"row align-items-center\">\n<div class=\"col-md-6 order-md-2\">\n<p>Zusammenfassend kann festgehalten werden, dass die Arbeitsauftragsdokumentation die technischen Leistungen und Aktivit\u00e4ten enth\u00e4lt, die an einer Anlage realisiert wurden.<\/p>\n<p>Mit Smart Hospital Maintenance kann das Arbeitsauftragsmanagement transparent dokumentiert und organisiert werden: Arbeitsauftr\u00e4ge k\u00f6nnen durch das Scannen eines QR-Labels oder durch die Auswahl der Anlage in der Software initiiert werden.<\/p>\n<p>So k\u00f6nnen die Techniker in k\u00fcrzester Zeit alle Aktivit\u00e4ten an Ihren wertvollen Anlagen r\u00fcckmelden. W\u00e4hrend der Ausf\u00fchrung des Arbeitsauftrags hat der Techniker Zugriff auf die gesamte Anlagendokumentation, die Historie und relevante Dokumente wie Wartungshandb\u00fccher.<\/p>\n<p>Nach Abschluss eines Arbeitsauftrags werden die relevanten Angaben in einem detaillierten Bericht erfasst. Das Arbeitsauftragsprotokoll erm\u00f6glicht es Ihnen, fr\u00fchere Arbeitsauftr\u00e4ge, die an Ihren Anlagen durchgef\u00fchrt wurden, nachzuvollziehen, um einen Gesamt\u00fcberblick \u00fcber jede Anlage zu erhalten.<\/p>\n<\/div>\n<div class=\"col-md-6 order-md-1\"><img decoding=\"async\" class=\"img-fluid d-block mx-auto\" src=\"https:\/\/www.shm.software\/de\/wp-content\/uploads\/2023\/09\/SHM_work-order-management_infusion-pumps.jpg\" alt=\"work order documentation\" \/><\/div>\n<\/div>\n<\/div>\n<\/div>\n<div class=\"section-primary\">\n<div class=\"container\">\n<div class=\"row\">\n<div class=\"col-lg-10 mx-auto text-center\">\n<h4>Sind Sie daran interessiert, zu erfahren, wie Smart Hospital Maintenance Ihr Arbeitsauftragsmanagement verbessern kann? Fordern Sie eine Demo-Tour durch die Software an und lassen Sie sich von unseren Experten beraten:<\/h4>\n<div><a class=\"btn btn-primary mt-3\" href=\"https:\/\/www.shm.software\/de\/contact-us\">Demo buchen<\/a><\/div>\n<\/div>\n<\/div>\n<\/div>\n<\/div>\n<div class=\"section-white\">\n<div class=\"container\">\n<div class=\"row text-center\">\n<div class=\"col-lg-12\">\n<h3 class=\"mb-0\">Zus\u00e4tzliche Features<\/h3>\n<\/div>\n<div class=\"col-lg-6\">\n<div class=\"af-box\">\n<h4>Effizienter Service<\/h4>\n<div class=\"af-link\"><a href=\"https:\/\/www.shm.software\/de\/asset-matching\">Anlagen-Abgleich<\/a><br \/>\n<a href=\"https:\/\/www.shm.software\/de\/document-management\">Dokument-management<\/a><br \/>\n<a href=\"https:\/\/www.shm.software\/de\/service-request-management\">Verwaltung von Serviceanfragen<\/a><br \/>\n<a href=\"https:\/\/www.shm.software\/de\/qr-labels\">QR-Code-Labels<\/a><\/div>\n<\/div>\n<\/div>\n<div class=\"col-lg-6\">\n<div class=\"af-box\">\n<h4>Umfangreiche M\u00f6glichkeiten<\/h4>\n<div class=\"af-link\"><a href=\"https:\/\/www.shm.software\/de\/technical-reports\">Technische Berichte<\/a><br \/>\n<a href=\"https:\/\/www.shm.software\/de\/contact-management\">Kontakt management<\/a><br \/>\n<a href=\"https:\/\/www.shm.software\/de\/contract-administration\">Vertragsverwaltung<\/a><br \/>\n<a href=\"https:\/\/www.shm.software\/de\/user-profiles\">Benutzer<\/a><\/div>\n<\/div>\n<\/div>\n<div class=\"col-lg-6\">\n<div class=\"af-box\">\n<h4>Skalierbarkeit<\/h4>\n<div class=\"af-link\"><a href=\"https:\/\/www.shm.software\/de\/facility-integration\">Einrichtungs-integration<\/a><br \/>\n<a href=\"https:\/\/www.shm.software\/de\/multi-language-feature\">Mehrsprachig<\/a><br \/>\n<a href=\"https:\/\/www.shm.software\/de\/relocation-management\">Relocation-Management<\/a><br \/>\n<a href=\"https:\/\/www.shm.software\/de\/shm-database\">SHM-Datenbank<\/a><\/div>\n<\/div>\n<\/div>\n<div class=\"col-lg-6\">\n<div class=\"af-box\">\n<h4>Komfortable Nutzung<\/h4>\n<div class=\"af-link\"><a href=\"https:\/\/www.shm.software\/de\/customisation\">Anpassung<\/a><br \/>\n<a href=\"https:\/\/www.shm.software\/de\/mobile-application\">Mobile Anwendung<\/a><br \/>\n<a href=\"https:\/\/www.shm.software\/de\/offline-mode\">Offline-Modus<\/a><br \/>\n<a href=\"https:\/\/www.shm.software\/de\/bulk-upload\">Bulk-Upload<\/a><\/div>\n<\/div>\n<\/div>\n<\/div>\n<\/div>\n<\/div>\n","protected":false},"excerpt":{"rendered":"<p>Arbeitsauftragsmanagement Die Verwaltung von Arbeitsauftr\u00e4gen ist essentziell f\u00fcr ein professionelles Anlagenmanagement in jeder Art von Einrichtung. Ein Arbeitsauftrag ist eine formale Anforderung f\u00fcr einen Techniker, die eine Instandhaltungsverfahren beschreibt, das an einer Anlage durchgef\u00fchrt werden soll. Normalerweise enth\u00e4lt ein Arbeitsauftrag eine Beschreibung der Arbeit, Grundlegende Informationen \u00fcber die Anlage, die Priorit\u00e4tsstufe, den Standort, die verwendeten [&#8230;]<\/p>\n<p><a class=\"btn btn-secondary understrap-read-more-link\" href=\"https:\/\/www.shm.software\/de\/work-order-management\">Weiterlesen&#8230;<\/a><\/p>\n","protected":false},"author":1,"featured_media":0,"parent":0,"menu_order":0,"comment_status":"closed","ping_status":"closed","template":"page-templates\/empty.php","meta":{"footnotes":""},"class_list":["post-163","page","type-page","status-publish","hentry"],"yoast_head":"<!-- This site is optimized with the Yoast SEO plugin v26.8 - https:\/\/yoast.com\/product\/yoast-seo-wordpress\/ -->\n<title>Arbeitsauftragsmanagement - SMART HOSPITAL MAINTENANCE<\/title>\n<meta name=\"robots\" content=\"index, follow, max-snippet:-1, max-image-preview:large, max-video-preview:-1\" \/>\n<link rel=\"canonical\" href=\"https:\/\/www.shm.software\/de\/work-order-management\" \/>\n<meta property=\"og:locale\" content=\"de_DE\" \/>\n<meta property=\"og:type\" content=\"article\" \/>\n<meta property=\"og:title\" content=\"Arbeitsauftragsmanagement - SMART HOSPITAL MAINTENANCE\" \/>\n<meta property=\"og:description\" content=\"Arbeitsauftragsmanagement Die Verwaltung von Arbeitsauftr\u00e4gen ist essentziell f\u00fcr ein professionelles Anlagenmanagement in jeder Art von Einrichtung. Ein Arbeitsauftrag ist eine formale Anforderung f\u00fcr einen Techniker, die eine Instandhaltungsverfahren beschreibt, das an einer Anlage durchgef\u00fchrt werden soll. Normalerweise enth\u00e4lt ein Arbeitsauftrag eine Beschreibung der Arbeit, Grundlegende Informationen \u00fcber die Anlage, die Priorit\u00e4tsstufe, den Standort, die verwendeten [...]Weiterlesen...\" \/>\n<meta property=\"og:url\" content=\"https:\/\/www.shm.software\/de\/work-order-management\" \/>\n<meta property=\"og:site_name\" content=\"SMART HOSPITAL MAINTENANCE\" \/>\n<meta property=\"article:modified_time\" content=\"2025-05-28T09:39:35+00:00\" \/>\n<meta property=\"og:image\" content=\"https:\/\/www.shm.software\/de\/wp-content\/uploads\/2023\/09\/SHM_work-order-management_introduction.jpg\" \/>\n<meta name=\"twitter:card\" content=\"summary_large_image\" \/>\n<meta name=\"twitter:label1\" content=\"Gesch\u00e4tzte Lesezeit\" \/>\n\t<meta name=\"twitter:data1\" content=\"3\u00a0Minuten\" \/>\n<script type=\"application\/ld+json\" class=\"yoast-schema-graph\">{\"@context\":\"https:\/\/schema.org\",\"@graph\":[{\"@type\":\"WebPage\",\"@id\":\"https:\/\/www.shm.software\/de\/work-order-management\",\"url\":\"https:\/\/www.shm.software\/de\/work-order-management\",\"name\":\"Arbeitsauftragsmanagement - SMART HOSPITAL MAINTENANCE\",\"isPartOf\":{\"@id\":\"https:\/\/www.shm.software\/de\/#website\"},\"primaryImageOfPage\":{\"@id\":\"https:\/\/www.shm.software\/de\/work-order-management#primaryimage\"},\"image\":{\"@id\":\"https:\/\/www.shm.software\/de\/work-order-management#primaryimage\"},\"thumbnailUrl\":\"https:\/\/www.shm.software\/de\/wp-content\/uploads\/2023\/09\/SHM_work-order-management_introduction.jpg\",\"datePublished\":\"2023-08-31T07:40:38+00:00\",\"dateModified\":\"2025-05-28T09:39:35+00:00\",\"breadcrumb\":{\"@id\":\"https:\/\/www.shm.software\/de\/work-order-management#breadcrumb\"},\"inLanguage\":\"de\",\"potentialAction\":[{\"@type\":\"ReadAction\",\"target\":[\"https:\/\/www.shm.software\/de\/work-order-management\"]}]},{\"@type\":\"ImageObject\",\"inLanguage\":\"de\",\"@id\":\"https:\/\/www.shm.software\/de\/work-order-management#primaryimage\",\"url\":\"https:\/\/www.shm.software\/de\/wp-content\/uploads\/2023\/09\/SHM_work-order-management_introduction.jpg\",\"contentUrl\":\"https:\/\/www.shm.software\/de\/wp-content\/uploads\/2023\/09\/SHM_work-order-management_introduction.jpg\",\"width\":600,\"height\":400},{\"@type\":\"BreadcrumbList\",\"@id\":\"https:\/\/www.shm.software\/de\/work-order-management#breadcrumb\",\"itemListElement\":[{\"@type\":\"ListItem\",\"position\":1,\"name\":\"Startseite\",\"item\":\"https:\/\/www.shm.software\/de\/\"},{\"@type\":\"ListItem\",\"position\":2,\"name\":\"Arbeitsauftragsmanagement\"}]},{\"@type\":\"WebSite\",\"@id\":\"https:\/\/www.shm.software\/de\/#website\",\"url\":\"https:\/\/www.shm.software\/de\/\",\"name\":\"SMART HOSPITAL MAINTENANCE\",\"description\":\"\",\"potentialAction\":[{\"@type\":\"SearchAction\",\"target\":{\"@type\":\"EntryPoint\",\"urlTemplate\":\"https:\/\/www.shm.software\/de\/?s={search_term_string}\"},\"query-input\":{\"@type\":\"PropertyValueSpecification\",\"valueRequired\":true,\"valueName\":\"search_term_string\"}}],\"inLanguage\":\"de\"}]}<\/script>\n<!-- \/ Yoast SEO plugin. -->","yoast_head_json":{"title":"Arbeitsauftragsmanagement - SMART HOSPITAL MAINTENANCE","robots":{"index":"index","follow":"follow","max-snippet":"max-snippet:-1","max-image-preview":"max-image-preview:large","max-video-preview":"max-video-preview:-1"},"canonical":"https:\/\/www.shm.software\/de\/work-order-management","og_locale":"de_DE","og_type":"article","og_title":"Arbeitsauftragsmanagement - SMART HOSPITAL MAINTENANCE","og_description":"Arbeitsauftragsmanagement Die Verwaltung von Arbeitsauftr\u00e4gen ist essentziell f\u00fcr ein professionelles Anlagenmanagement in jeder Art von Einrichtung. Ein Arbeitsauftrag ist eine formale Anforderung f\u00fcr einen Techniker, die eine Instandhaltungsverfahren beschreibt, das an einer Anlage durchgef\u00fchrt werden soll. Normalerweise enth\u00e4lt ein Arbeitsauftrag eine Beschreibung der Arbeit, Grundlegende Informationen \u00fcber die Anlage, die Priorit\u00e4tsstufe, den Standort, die verwendeten [...]Weiterlesen...","og_url":"https:\/\/www.shm.software\/de\/work-order-management","og_site_name":"SMART HOSPITAL MAINTENANCE","article_modified_time":"2025-05-28T09:39:35+00:00","og_image":[{"url":"https:\/\/www.shm.software\/de\/wp-content\/uploads\/2023\/09\/SHM_work-order-management_introduction.jpg","type":"","width":"","height":""}],"twitter_card":"summary_large_image","twitter_misc":{"Gesch\u00e4tzte Lesezeit":"3\u00a0Minuten"},"schema":{"@context":"https:\/\/schema.org","@graph":[{"@type":"WebPage","@id":"https:\/\/www.shm.software\/de\/work-order-management","url":"https:\/\/www.shm.software\/de\/work-order-management","name":"Arbeitsauftragsmanagement - SMART HOSPITAL MAINTENANCE","isPartOf":{"@id":"https:\/\/www.shm.software\/de\/#website"},"primaryImageOfPage":{"@id":"https:\/\/www.shm.software\/de\/work-order-management#primaryimage"},"image":{"@id":"https:\/\/www.shm.software\/de\/work-order-management#primaryimage"},"thumbnailUrl":"https:\/\/www.shm.software\/de\/wp-content\/uploads\/2023\/09\/SHM_work-order-management_introduction.jpg","datePublished":"2023-08-31T07:40:38+00:00","dateModified":"2025-05-28T09:39:35+00:00","breadcrumb":{"@id":"https:\/\/www.shm.software\/de\/work-order-management#breadcrumb"},"inLanguage":"de","potentialAction":[{"@type":"ReadAction","target":["https:\/\/www.shm.software\/de\/work-order-management"]}]},{"@type":"ImageObject","inLanguage":"de","@id":"https:\/\/www.shm.software\/de\/work-order-management#primaryimage","url":"https:\/\/www.shm.software\/de\/wp-content\/uploads\/2023\/09\/SHM_work-order-management_introduction.jpg","contentUrl":"https:\/\/www.shm.software\/de\/wp-content\/uploads\/2023\/09\/SHM_work-order-management_introduction.jpg","width":600,"height":400},{"@type":"BreadcrumbList","@id":"https:\/\/www.shm.software\/de\/work-order-management#breadcrumb","itemListElement":[{"@type":"ListItem","position":1,"name":"Startseite","item":"https:\/\/www.shm.software\/de\/"},{"@type":"ListItem","position":2,"name":"Arbeitsauftragsmanagement"}]},{"@type":"WebSite","@id":"https:\/\/www.shm.software\/de\/#website","url":"https:\/\/www.shm.software\/de\/","name":"SMART HOSPITAL MAINTENANCE","description":"","potentialAction":[{"@type":"SearchAction","target":{"@type":"EntryPoint","urlTemplate":"https:\/\/www.shm.software\/de\/?s={search_term_string}"},"query-input":{"@type":"PropertyValueSpecification","valueRequired":true,"valueName":"search_term_string"}}],"inLanguage":"de"}]}},"_links":{"self":[{"href":"https:\/\/www.shm.software\/de\/wp-json\/wp\/v2\/pages\/163","targetHints":{"allow":["GET"]}}],"collection":[{"href":"https:\/\/www.shm.software\/de\/wp-json\/wp\/v2\/pages"}],"about":[{"href":"https:\/\/www.shm.software\/de\/wp-json\/wp\/v2\/types\/page"}],"author":[{"embeddable":true,"href":"https:\/\/www.shm.software\/de\/wp-json\/wp\/v2\/users\/1"}],"replies":[{"embeddable":true,"href":"https:\/\/www.shm.software\/de\/wp-json\/wp\/v2\/comments?post=163"}],"version-history":[{"count":17,"href":"https:\/\/www.shm.software\/de\/wp-json\/wp\/v2\/pages\/163\/revisions"}],"predecessor-version":[{"id":804,"href":"https:\/\/www.shm.software\/de\/wp-json\/wp\/v2\/pages\/163\/revisions\/804"}],"wp:attachment":[{"href":"https:\/\/www.shm.software\/de\/wp-json\/wp\/v2\/media?parent=163"}],"curies":[{"name":"wp","href":"https:\/\/api.w.org\/{rel}","templated":true}]}}