{"id":165,"date":"2023-08-31T07:40:45","date_gmt":"2023-08-31T07:40:45","guid":{"rendered":"https:\/\/www.shm.software\/de\/?page_id=165"},"modified":"2025-05-28T10:30:04","modified_gmt":"2025-05-28T10:30:04","slug":"planned-preventive-maintenance","status":"publish","type":"page","link":"https:\/\/www.shm.software\/de\/planned-preventive-maintenance","title":{"rendered":"Geplante pr\u00e4ventive Wartung"},"content":{"rendered":"<div class=\"planned-bg in-head\"><\/div>\n<p id=\"breadcrumbs\"><span><span><a href=\"https:\/\/www.shm.software\/de\/\">Startseite<\/a><\/span><\/span><\/p>\n<div class=\"section-white\">\n<div class=\"container\">\n<div class=\"row align-items-center\">\n<div class=\"col-md-6\">\n<h1 class=\"h3\">Geplante pr\u00e4ventive Wartung<\/h1>\n<p>Die geplante pr\u00e4ventive Wartung in Gesundheitseinrichtungen beinhaltet proaktive Instandhaltungsaktivit\u00e4ten f\u00fcr alle Anlagen, dazu geh\u00f6ren Planung und Durchf\u00fchrung von Routineaufgaben in festgelegten Intervallen. Die Erstellung von pr\u00e4ventiven Wartungspl\u00e4nen sollte f\u00fcr jedes Ger\u00e4t individuell erfolgen.<\/p>\n<p>Das Ziel der pr\u00e4ventiven Wartung ist es, die Funktionsf\u00e4higkeit von Ger\u00e4ten zu gew\u00e4hrleisten, bevor es zu einem Ausfall oder einer St\u00f6rung kommt. Dadurch werden Anlagenstillst\u00e4nde vermieden, Ausfallzeiten minimiert, die Lebensdauer der Assets verl\u00e4ngert und die Ger\u00e4te zuverl\u00e4ssig und sicher betrieben.<\/p>\n<p>Mit Smart Hospital Maintenance wird Ihnen das Toolset zur Verf\u00fcgung gestellt, das Sie zur Erstellung und Optimierung Ihres pr\u00e4ventiven Wartungsplans ben\u00f6tigen:<\/p>\n<\/div>\n<div class=\"col-md-6\"><img decoding=\"async\" class=\"img-fluid d-block mx-auto\" src=\"https:\/\/www.shm.software\/de\/wp-content\/uploads\/2023\/09\/SHM_Planned-Preventive-Maintenance_PPM_Intro.jpg\" alt=\"Planned Preventive Maintenance\" \/><\/div>\n<\/div>\n<\/div>\n<\/div>\n<div class=\"section-lightgrey pt-4\">\n<div class=\"container\">\n<div class=\"row\">\n<div class=\"col-md-4\">\n<div class=\"he-box same-height\">\n<div class=\"he-icon\"><img decoding=\"async\" src=\"https:\/\/www.shm.software\/de\/wp-content\/uploads\/2023\/09\/ppm-icon1.png\" alt=\"Preventive Maintenance\" \/><\/div>\n<h3>Pr\u00e4ventive bzw. vorbeugende Wartung<\/h3>\n<p class=\"mb-0\">Sie k\u00f6nnen Routineaufgaben f\u00fcr Ihre gesamten Anlagen auf Basis der Empfehlungen des Herstellers planen. Diese Anweisungen und Empfehlungen des Herstellers k\u00f6nnen an Ihre Wartungstechniker weitergegeben werden, damit diese \u00fcber alle Informationen verf\u00fcgen.<\/p>\n<\/div>\n<\/div>\n<div class=\"col-md-4\">\n<div class=\"he-box same-height\">\n<div class=\"he-icon\"><img decoding=\"async\" src=\"https:\/\/www.shm.software\/de\/wp-content\/uploads\/2023\/09\/ppm-icon2.png\" alt=\"PPM Templates\" \/><\/div>\n<h3>Pr\u00e4ventive Wartungsvorlagen<\/h3>\n<p class=\"mb-0\">Mit Smart Hospital Maintenance k\u00f6nnen Sie Wartungsvorlagen f\u00fcr Ger\u00e4tetypen, Gruppen oder bestimmte Marken und Modelle erstellen. Einmal angelegt, k\u00f6nnen sie automatisch f\u00fcr andere Anlagen ber\u00fccksichtigt werden, um einen reibungslose pr\u00e4ventive Wartung zu gew\u00e4hrleisten.<\/p>\n<\/div>\n<\/div>\n<div class=\"col-md-4\">\n<div class=\"he-box same-height\">\n<div class=\"he-icon\"><img decoding=\"async\" src=\"https:\/\/www.shm.software\/de\/wp-content\/uploads\/2023\/09\/ppm-icon3.png\" alt=\"Activity Overview\" \/><\/div>\n<h3>Alle Aktivit\u00e4ten auf einen Blick<\/h3>\n<p class=\"mb-0\">SHM bietet einen umfassenden \u00dcberblick \u00fcber Ihre Wartungsaktivit\u00e4ten f\u00fcr jeden Tag, jede Woche, jeden Monat und jedes Jahr in einem Kalender- oder Listenformat.<\/p>\n<\/div>\n<\/div>\n<div class=\"col-md-4\">\n<div class=\"he-box same-height\">\n<div class=\"he-icon\"><img decoding=\"async\" src=\"https:\/\/www.shm.software\/de\/wp-content\/uploads\/2023\/09\/ppm-icon4.png\" alt=\"Assign PPM Tasks\" \/><\/div>\n<h3>Pr\u00e4ventive Wartungsaufgaben zuweisen<\/h3>\n<p class=\"mb-0\">Mit Smart Hospital Maintenance k\u00f6nnen Sie einzelnen oder mehreren Technikern pr\u00e4ventive Wartungsaufgaben zuweisen, damit sie gemeinsam an bestimmten Anlagen arbeiten k\u00f6nnen.<\/p>\n<\/div>\n<\/div>\n<div class=\"col-md-4\">\n<div class=\"he-box same-height\">\n<div class=\"he-icon\"><img decoding=\"async\" src=\"https:\/\/www.shm.software\/de\/wp-content\/uploads\/2023\/09\/ppm-icon5.png\" alt=\"Checklists\" \/><\/div>\n<h3>Checklisten, Guidelines und Wartungshandb\u00fccher<\/h3>\n<p class=\"mb-0\">Stellen Sie Ihrem Team Instruktionen und Dokumente f\u00fcr die geplante pr\u00e4ventive Wartung zur Verf\u00fcgung, um eine effektive Instandhaltung zu gew\u00e4hrleisten.<\/p>\n<\/div>\n<\/div>\n<div class=\"col-md-4\">\n<div class=\"he-box same-height\">\n<div class=\"he-icon\"><img decoding=\"async\" src=\"https:\/\/www.shm.software\/de\/wp-content\/uploads\/2023\/09\/ppm-icon6.png\" alt=\"Cost Control\" \/><\/div>\n<h3>Kostensteuerung<\/h3>\n<p class=\"mb-0\">Durch die Umsetzung einer pr\u00e4ventiver Wartungsstrategie reduzieren Sie die Ausfallzeiten Ihrer wertvollen Anlagen. Langfristig werden dadurch Kosten f\u00fcr teure Reparaturen und Ersatzteile eingespart. Durch die Verringerung der Ausfallzeiten Ihrer Anlagen sind Sie auch in der Lage, eine kontinuierliche\/konsistente Gesundheitsversorgung zu gew\u00e4hrleisten, was wiederum zu h\u00f6heren Einnahmen f\u00fchrt \u2026<\/p>\n<\/div>\n<\/div>\n<\/div>\n<\/div>\n<\/div>\n<div class=\"section-primary\">\n<div class=\"container\">\n<div class=\"row\">\n<div class=\"col-lg-10 mx-auto text-center\">\n<h4>Sie m\u00f6chten die Kontrolle \u00fcber Ihre geplante pr\u00e4ventive Wartung \u00fcbernehmen?<\/h4>\n<h4>Buchen Sie noch heute einen Termin f\u00fcr eine Demo durch einen unserer Experten, um zu verstehen, wie Smart Hospital Maintenance Ihnen helfen kann, Ihre GPW zu optimieren.<\/h4>\n<div><a class=\"btn btn-primary mt-3\" href=\"https:\/\/www.shm.software\/de\/contact-us\">Demo buchen<\/a><\/div>\n<\/div>\n<\/div>\n<\/div>\n<\/div>\n<div class=\"section-white\">\n<div class=\"container\">\n<div class=\"row text-center\">\n<div class=\"col-lg-12\">\n<h3 class=\"mb-0\">Zus\u00e4tzliche Features<\/h3>\n<\/div>\n<div class=\"col-lg-6\">\n<div class=\"af-box\">\n<h4>Effizienter Service<\/h4>\n<div class=\"af-link\"><a href=\"https:\/\/www.shm.software\/de\/asset-matching\">Anlagen-Abgleich<\/a><br \/>\n<a href=\"https:\/\/www.shm.software\/de\/document-management\">Dokument-management<\/a><br \/>\n<a href=\"https:\/\/www.shm.software\/de\/service-request-management\">Verwaltung von Serviceanfragen<\/a><br \/>\n<a href=\"https:\/\/www.shm.software\/de\/qr-labels\">QR-Code-Labels<\/a><\/div>\n<\/div>\n<\/div>\n<div class=\"col-lg-6\">\n<div class=\"af-box\">\n<h4>Umfangreiche M\u00f6glichkeiten<\/h4>\n<div class=\"af-link\"><a href=\"https:\/\/www.shm.software\/de\/technical-reports\">Technische Berichte<\/a><br \/>\n<a href=\"https:\/\/www.shm.software\/de\/contact-management\">Kontakt management<\/a><br \/>\n<a href=\"https:\/\/www.shm.software\/de\/contract-administration\">Vertragsverwaltung<\/a><br \/>\n<a href=\"https:\/\/www.shm.software\/de\/user-profiles\">Benutzer<\/a><\/div>\n<\/div>\n<\/div>\n<div class=\"col-lg-6\">\n<div class=\"af-box\">\n<h4>Skalierbarkeit<\/h4>\n<div class=\"af-link\"><a href=\"https:\/\/www.shm.software\/de\/facility-integration\">Einrichtungs-integration<\/a><br \/>\n<a href=\"https:\/\/www.shm.software\/de\/multi-language-feature\">Mehrsprachig<\/a><br \/>\n<a href=\"https:\/\/www.shm.software\/de\/relocation-management\">Relocation-Management<\/a><br \/>\n<a href=\"https:\/\/www.shm.software\/de\/shm-database\">SHM-Datenbank<\/a><\/div>\n<\/div>\n<\/div>\n<div class=\"col-lg-6\">\n<div class=\"af-box\">\n<h4>Komfortable Nutzung<\/h4>\n<div class=\"af-link\"><a href=\"https:\/\/www.shm.software\/de\/customisation\">Anpassung<\/a><br \/>\n<a href=\"https:\/\/www.shm.software\/de\/mobile-application\">Mobile Anwendung<\/a><br \/>\n<a href=\"https:\/\/www.shm.software\/de\/offline-mode\">Offline-Modus<\/a><br \/>\n<a href=\"https:\/\/www.shm.software\/de\/bulk-upload\">Bulk-Upload<\/a><\/div>\n<\/div>\n<\/div>\n<\/div>\n<\/div>\n<\/div>\n","protected":false},"excerpt":{"rendered":"<p>Geplante pr\u00e4ventive Wartung Die geplante pr\u00e4ventive Wartung in Gesundheitseinrichtungen beinhaltet proaktive Instandhaltungsaktivit\u00e4ten f\u00fcr alle Anlagen, dazu geh\u00f6ren Planung und Durchf\u00fchrung von Routineaufgaben in festgelegten Intervallen. Die Erstellung von pr\u00e4ventiven Wartungspl\u00e4nen sollte f\u00fcr jedes Ger\u00e4t individuell erfolgen. Das Ziel der pr\u00e4ventiven Wartung ist es, die Funktionsf\u00e4higkeit von Ger\u00e4ten zu gew\u00e4hrleisten, bevor es zu einem Ausfall oder [&#8230;]<\/p>\n<p><a class=\"btn btn-secondary understrap-read-more-link\" href=\"https:\/\/www.shm.software\/de\/planned-preventive-maintenance\">Weiterlesen&#8230;<\/a><\/p>\n","protected":false},"author":1,"featured_media":0,"parent":0,"menu_order":0,"comment_status":"closed","ping_status":"closed","template":"page-templates\/empty.php","meta":{"footnotes":""},"class_list":["post-165","page","type-page","status-publish","hentry"],"yoast_head":"<!-- This site is optimized with the Yoast SEO plugin v26.8 - https:\/\/yoast.com\/product\/yoast-seo-wordpress\/ -->\n<title>Geplante pr\u00e4ventive Wartung - SMART HOSPITAL MAINTENANCE<\/title>\n<meta name=\"robots\" content=\"index, follow, max-snippet:-1, max-image-preview:large, max-video-preview:-1\" \/>\n<link rel=\"canonical\" href=\"https:\/\/www.shm.software\/de\/planned-preventive-maintenance\" \/>\n<meta property=\"og:locale\" content=\"de_DE\" \/>\n<meta property=\"og:type\" content=\"article\" \/>\n<meta property=\"og:title\" content=\"Geplante pr\u00e4ventive Wartung - SMART HOSPITAL MAINTENANCE\" \/>\n<meta property=\"og:description\" content=\"Geplante pr\u00e4ventive Wartung Die geplante pr\u00e4ventive Wartung in Gesundheitseinrichtungen beinhaltet proaktive Instandhaltungsaktivit\u00e4ten f\u00fcr alle Anlagen, dazu geh\u00f6ren Planung und Durchf\u00fchrung von Routineaufgaben in festgelegten Intervallen. Die Erstellung von pr\u00e4ventiven Wartungspl\u00e4nen sollte f\u00fcr jedes Ger\u00e4t individuell erfolgen. Das Ziel der pr\u00e4ventiven Wartung ist es, die Funktionsf\u00e4higkeit von Ger\u00e4ten zu gew\u00e4hrleisten, bevor es zu einem Ausfall oder [...]Weiterlesen...\" \/>\n<meta property=\"og:url\" content=\"https:\/\/www.shm.software\/de\/planned-preventive-maintenance\" \/>\n<meta property=\"og:site_name\" content=\"SMART HOSPITAL MAINTENANCE\" \/>\n<meta property=\"article:modified_time\" content=\"2025-05-28T10:30:04+00:00\" \/>\n<meta property=\"og:image\" content=\"https:\/\/www.shm.software\/de\/wp-content\/uploads\/2023\/09\/SHM_Planned-Preventive-Maintenance_PPM_Intro.jpg\" \/>\n<meta name=\"twitter:card\" content=\"summary_large_image\" \/>\n<meta name=\"twitter:label1\" content=\"Gesch\u00e4tzte Lesezeit\" \/>\n\t<meta name=\"twitter:data1\" content=\"4\u00a0Minuten\" \/>\n<script type=\"application\/ld+json\" class=\"yoast-schema-graph\">{\"@context\":\"https:\/\/schema.org\",\"@graph\":[{\"@type\":\"WebPage\",\"@id\":\"https:\/\/www.shm.software\/de\/planned-preventive-maintenance\",\"url\":\"https:\/\/www.shm.software\/de\/planned-preventive-maintenance\",\"name\":\"Geplante pr\u00e4ventive Wartung - SMART HOSPITAL MAINTENANCE\",\"isPartOf\":{\"@id\":\"https:\/\/www.shm.software\/de\/#website\"},\"primaryImageOfPage\":{\"@id\":\"https:\/\/www.shm.software\/de\/planned-preventive-maintenance#primaryimage\"},\"image\":{\"@id\":\"https:\/\/www.shm.software\/de\/planned-preventive-maintenance#primaryimage\"},\"thumbnailUrl\":\"https:\/\/www.shm.software\/de\/wp-content\/uploads\/2023\/09\/SHM_Planned-Preventive-Maintenance_PPM_Intro.jpg\",\"datePublished\":\"2023-08-31T07:40:45+00:00\",\"dateModified\":\"2025-05-28T10:30:04+00:00\",\"breadcrumb\":{\"@id\":\"https:\/\/www.shm.software\/de\/planned-preventive-maintenance#breadcrumb\"},\"inLanguage\":\"de\",\"potentialAction\":[{\"@type\":\"ReadAction\",\"target\":[\"https:\/\/www.shm.software\/de\/planned-preventive-maintenance\"]}]},{\"@type\":\"ImageObject\",\"inLanguage\":\"de\",\"@id\":\"https:\/\/www.shm.software\/de\/planned-preventive-maintenance#primaryimage\",\"url\":\"https:\/\/www.shm.software\/de\/wp-content\/uploads\/2023\/09\/SHM_Planned-Preventive-Maintenance_PPM_Intro.jpg\",\"contentUrl\":\"https:\/\/www.shm.software\/de\/wp-content\/uploads\/2023\/09\/SHM_Planned-Preventive-Maintenance_PPM_Intro.jpg\",\"width\":600,\"height\":400},{\"@type\":\"BreadcrumbList\",\"@id\":\"https:\/\/www.shm.software\/de\/planned-preventive-maintenance#breadcrumb\",\"itemListElement\":[{\"@type\":\"ListItem\",\"position\":1,\"name\":\"Startseite\",\"item\":\"https:\/\/www.shm.software\/de\/\"},{\"@type\":\"ListItem\",\"position\":2,\"name\":\"Geplante pr\u00e4ventive Wartung\"}]},{\"@type\":\"WebSite\",\"@id\":\"https:\/\/www.shm.software\/de\/#website\",\"url\":\"https:\/\/www.shm.software\/de\/\",\"name\":\"SMART HOSPITAL MAINTENANCE\",\"description\":\"\",\"potentialAction\":[{\"@type\":\"SearchAction\",\"target\":{\"@type\":\"EntryPoint\",\"urlTemplate\":\"https:\/\/www.shm.software\/de\/?s={search_term_string}\"},\"query-input\":{\"@type\":\"PropertyValueSpecification\",\"valueRequired\":true,\"valueName\":\"search_term_string\"}}],\"inLanguage\":\"de\"}]}<\/script>\n<!-- \/ Yoast SEO plugin. -->","yoast_head_json":{"title":"Geplante pr\u00e4ventive Wartung - SMART HOSPITAL MAINTENANCE","robots":{"index":"index","follow":"follow","max-snippet":"max-snippet:-1","max-image-preview":"max-image-preview:large","max-video-preview":"max-video-preview:-1"},"canonical":"https:\/\/www.shm.software\/de\/planned-preventive-maintenance","og_locale":"de_DE","og_type":"article","og_title":"Geplante pr\u00e4ventive Wartung - SMART HOSPITAL MAINTENANCE","og_description":"Geplante pr\u00e4ventive Wartung Die geplante pr\u00e4ventive Wartung in Gesundheitseinrichtungen beinhaltet proaktive Instandhaltungsaktivit\u00e4ten f\u00fcr alle Anlagen, dazu geh\u00f6ren Planung und Durchf\u00fchrung von Routineaufgaben in festgelegten Intervallen. Die Erstellung von pr\u00e4ventiven Wartungspl\u00e4nen sollte f\u00fcr jedes Ger\u00e4t individuell erfolgen. Das Ziel der pr\u00e4ventiven Wartung ist es, die Funktionsf\u00e4higkeit von Ger\u00e4ten zu gew\u00e4hrleisten, bevor es zu einem Ausfall oder [...]Weiterlesen...","og_url":"https:\/\/www.shm.software\/de\/planned-preventive-maintenance","og_site_name":"SMART HOSPITAL MAINTENANCE","article_modified_time":"2025-05-28T10:30:04+00:00","og_image":[{"url":"https:\/\/www.shm.software\/de\/wp-content\/uploads\/2023\/09\/SHM_Planned-Preventive-Maintenance_PPM_Intro.jpg","type":"","width":"","height":""}],"twitter_card":"summary_large_image","twitter_misc":{"Gesch\u00e4tzte Lesezeit":"4\u00a0Minuten"},"schema":{"@context":"https:\/\/schema.org","@graph":[{"@type":"WebPage","@id":"https:\/\/www.shm.software\/de\/planned-preventive-maintenance","url":"https:\/\/www.shm.software\/de\/planned-preventive-maintenance","name":"Geplante pr\u00e4ventive Wartung - SMART HOSPITAL MAINTENANCE","isPartOf":{"@id":"https:\/\/www.shm.software\/de\/#website"},"primaryImageOfPage":{"@id":"https:\/\/www.shm.software\/de\/planned-preventive-maintenance#primaryimage"},"image":{"@id":"https:\/\/www.shm.software\/de\/planned-preventive-maintenance#primaryimage"},"thumbnailUrl":"https:\/\/www.shm.software\/de\/wp-content\/uploads\/2023\/09\/SHM_Planned-Preventive-Maintenance_PPM_Intro.jpg","datePublished":"2023-08-31T07:40:45+00:00","dateModified":"2025-05-28T10:30:04+00:00","breadcrumb":{"@id":"https:\/\/www.shm.software\/de\/planned-preventive-maintenance#breadcrumb"},"inLanguage":"de","potentialAction":[{"@type":"ReadAction","target":["https:\/\/www.shm.software\/de\/planned-preventive-maintenance"]}]},{"@type":"ImageObject","inLanguage":"de","@id":"https:\/\/www.shm.software\/de\/planned-preventive-maintenance#primaryimage","url":"https:\/\/www.shm.software\/de\/wp-content\/uploads\/2023\/09\/SHM_Planned-Preventive-Maintenance_PPM_Intro.jpg","contentUrl":"https:\/\/www.shm.software\/de\/wp-content\/uploads\/2023\/09\/SHM_Planned-Preventive-Maintenance_PPM_Intro.jpg","width":600,"height":400},{"@type":"BreadcrumbList","@id":"https:\/\/www.shm.software\/de\/planned-preventive-maintenance#breadcrumb","itemListElement":[{"@type":"ListItem","position":1,"name":"Startseite","item":"https:\/\/www.shm.software\/de\/"},{"@type":"ListItem","position":2,"name":"Geplante pr\u00e4ventive Wartung"}]},{"@type":"WebSite","@id":"https:\/\/www.shm.software\/de\/#website","url":"https:\/\/www.shm.software\/de\/","name":"SMART HOSPITAL MAINTENANCE","description":"","potentialAction":[{"@type":"SearchAction","target":{"@type":"EntryPoint","urlTemplate":"https:\/\/www.shm.software\/de\/?s={search_term_string}"},"query-input":{"@type":"PropertyValueSpecification","valueRequired":true,"valueName":"search_term_string"}}],"inLanguage":"de"}]}},"_links":{"self":[{"href":"https:\/\/www.shm.software\/de\/wp-json\/wp\/v2\/pages\/165","targetHints":{"allow":["GET"]}}],"collection":[{"href":"https:\/\/www.shm.software\/de\/wp-json\/wp\/v2\/pages"}],"about":[{"href":"https:\/\/www.shm.software\/de\/wp-json\/wp\/v2\/types\/page"}],"author":[{"embeddable":true,"href":"https:\/\/www.shm.software\/de\/wp-json\/wp\/v2\/users\/1"}],"replies":[{"embeddable":true,"href":"https:\/\/www.shm.software\/de\/wp-json\/wp\/v2\/comments?post=165"}],"version-history":[{"count":11,"href":"https:\/\/www.shm.software\/de\/wp-json\/wp\/v2\/pages\/165\/revisions"}],"predecessor-version":[{"id":812,"href":"https:\/\/www.shm.software\/de\/wp-json\/wp\/v2\/pages\/165\/revisions\/812"}],"wp:attachment":[{"href":"https:\/\/www.shm.software\/de\/wp-json\/wp\/v2\/media?parent=165"}],"curies":[{"name":"wp","href":"https:\/\/api.w.org\/{rel}","templated":true}]}}