{"id":167,"date":"2023-08-31T07:40:51","date_gmt":"2023-08-31T07:40:51","guid":{"rendered":"https:\/\/www.shm.software\/de\/?page_id=167"},"modified":"2025-05-28T10:41:33","modified_gmt":"2025-05-28T10:41:33","slug":"corrective-maintenance","status":"publish","type":"page","link":"https:\/\/www.shm.software\/de\/corrective-maintenance","title":{"rendered":"Korrektive Wartung"},"content":{"rendered":"<div class=\"corrective-bg in-head\"><\/div>\n<p id=\"breadcrumbs\"><span><span><a href=\"https:\/\/www.shm.software\/de\/\">Startseite<\/a><\/span><\/span><\/p>\n<div class=\"section-white\">\n<div class=\"container\">\n<div class=\"row align-items-center\">\n<div class=\"col-md-6\">\n<h1 class=\"h3\">Korrektive Wartung<\/h1>\n<p>Die korrektive Instandhaltung umfasst die Behebung von St\u00f6rungen und anderen unerwarteten Defekten von Ger\u00e4ten. Sie bezieht sich auf die Ma\u00dfnahmen, die erforderlich sind, um die Betriebsfunktionen der Anlagen aufrechtzuerhalten und sie f\u00fcr die Gesundheitseinrichtung voll einsatzf\u00e4hig und verf\u00fcgbar zu machen.<\/p>\n<p>Zeit ist ein entscheidender Faktor, insbesondere bei der korrektiven Wartung. Eine Einrichtung des Gesundheitswesens ben\u00f6tigt eine Strategie f\u00fcr die korrektive Wartung, die es den Endnutzern der Ger\u00e4te erm\u00f6glicht, mit dem technischen Wartungsteam zu kommunizieren und die notwendigen Aktivit\u00e4ten zur Behebung der St\u00f6rung schnell zu organisieren. Wenn die St\u00f6rung so schnell wie m\u00f6glich behoben wird, k\u00f6nnen die Ausfallzeiten der Ger\u00e4te erheblich reduziert werden.<\/p>\n<p>Mit Smart Hospital Maintenance (SHM) k\u00f6nnen die gesamten Instandsetzungsma\u00dfnahmen organisiert werden:<\/p>\n<\/div>\n<div class=\"col-md-6\"><img decoding=\"async\" class=\"img-fluid d-block mx-auto\" src=\"https:\/\/www.shm.software\/de\/wp-content\/uploads\/2023\/09\/SHM_Corrective-Maintenance_Repair.jpg\" alt=\"Corrective Maintenance\" \/><\/div>\n<\/div>\n<\/div>\n<\/div>\n<div class=\"section-lightgrey\">\n<div class=\"container\">\n<div class=\"row\">\n<div class=\"col-md-6\">\n<h3>Serviceanfrage<\/h3>\n<p>Jeder Endnutzer kann \u00fcber die spezielle SHM-Endnutzerschnittstelle technische Dienste anfordern und deren Status verfolgen.<\/p>\n<\/div>\n<div class=\"col-md-6\">\n<h3>Zuweisung von korrektiven Wartungsauftr\u00e4gen<\/h3>\n<p>Techniker mit entsprechenden Zugriffsrechten k\u00f6nnen sofort die korrektive Instandhaltung durchf\u00fchren.<\/p>\n<\/div>\n<\/div>\n<\/div>\n<\/div>\n<div class=\"section-white\">\n<div class=\"container\">\n<div class=\"row\">\n<div class=\"col-md-8 mx-auto text-center\">\n<h3 class=\"mb-4\">Instandhaltung medizinscher Ger\u00e4te<\/h3>\n<p><img decoding=\"async\" class=\"img-fluid d-block mx-auto\" src=\"https:\/\/www.shm.software\/de\/wp-content\/uploads\/2023\/09\/SHM_Corrective-Maintenance_-Assets.jpg\" alt=\"SHM Corrective Maintenance Assets\" \/><\/p>\n<\/div>\n<\/div>\n<\/div>\n<\/div>\n<div class=\"section-lightgrey\">\n<div class=\"container\">\n<div class=\"row\">\n<div class=\"col-md-6\">\n<h3>Priorisierung<\/h3>\n<p>Sie k\u00f6nnen den Priorit\u00e4tslevel f\u00fcr jedes Ger\u00e4t innerhalb von SHM individuell festlegen. So kann Ihr Serviceteam die Assets mit der h\u00f6chsten Priorit\u00e4t zuerst bearbeiten.<\/p>\n<\/div>\n<div class=\"col-md-6\">\n<h3>Dokumentation<\/h3>\n<p>Jeder Arbeitsauftrag und jede Serviceanfrage wird f\u00fcr die jeweilige Anlage separat dokumentiert, um einen detaillierten \u00dcberblick \u00fcber die Wartungshistorie Ihres Ger\u00e4ts zu erhalten.<\/p>\n<\/div>\n<div class=\"col-md-6\">\n<h3>Checklisten, Richtlinien und Wartungshandb\u00fccher<\/h3>\n<p>Erstellen Sie alle notwendigen Dokumente zur Reparatur der im Smart Hospital Maintenance verf\u00fcgbaren Ausr\u00fcstung.<\/p>\n<\/div>\n<div class=\"col-md-6\">\n<h3>Entscheidungsfindung<\/h3>\n<p>Durch den direkten Zugriff auf alle Asset-Datens\u00e4tze in Smart Hospital Maintenance verf\u00fcgen die Equipment-Manager \u00fcber die notwendigen Daten, um zu entscheiden, ob ein Ger\u00e4t repariert werden muss oder ob ein Austausch wirtschaftlicher w\u00e4re.<\/p>\n<\/div>\n<\/div>\n<\/div>\n<\/div>\n<div class=\"section-primary\">\n<div class=\"container\">\n<div class=\"row\">\n<div class=\"col-lg-10 mx-auto text-center\">\n<h4>M\u00f6chten Sie sehen, wie Smart Hospital Maintenance Ihre Instandhaltung managt?<\/h4>\n<h4>Buchen Sie Ihre Live-Demo mit einem unserer Experten!<\/h4>\n<div><a class=\"btn btn-primary mt-3\" href=\"https:\/\/www.shm.software\/de\/contact-us\">Demo buchen<\/a><\/div>\n<\/div>\n<\/div>\n<\/div>\n<\/div>\n<div class=\"section-white\">\n<div class=\"container\">\n<div class=\"row text-center\">\n<div class=\"col-lg-12\">\n<h3 class=\"mb-0\">Zus\u00e4tzliche Features<\/h3>\n<\/div>\n<div class=\"col-lg-6\">\n<div class=\"af-box\">\n<h4>Effizienter Service<\/h4>\n<div class=\"af-link\"><a href=\"https:\/\/www.shm.software\/de\/asset-matching\">Anlagen-Abgleich<\/a><br \/>\n<a href=\"https:\/\/www.shm.software\/de\/document-management\">Dokument-management<\/a><br \/>\n<a href=\"https:\/\/www.shm.software\/de\/service-request-management\">Verwaltung von Serviceanfragen<\/a><br \/>\n<a href=\"https:\/\/www.shm.software\/de\/qr-labels\">QR-Code-Labels<\/a><\/div>\n<\/div>\n<\/div>\n<div class=\"col-lg-6\">\n<div class=\"af-box\">\n<h4>Umfangreiche M\u00f6glichkeiten<\/h4>\n<div class=\"af-link\"><a href=\"https:\/\/www.shm.software\/de\/technical-reports\">Technische Berichte<\/a><br \/>\n<a href=\"https:\/\/www.shm.software\/de\/contact-management\">Kontakt management<\/a><br \/>\n<a href=\"https:\/\/www.shm.software\/de\/contract-administration\">Vertragsverwaltung<\/a><br \/>\n<a href=\"https:\/\/www.shm.software\/de\/user-profiles\">Benutzer<\/a><\/div>\n<\/div>\n<\/div>\n<div class=\"col-lg-6\">\n<div class=\"af-box\">\n<h4>Skalierbarkeit<\/h4>\n<div class=\"af-link\"><a href=\"https:\/\/www.shm.software\/de\/facility-integration\">Einrichtungs-integration<\/a><br \/>\n<a href=\"https:\/\/www.shm.software\/de\/multi-language-feature\">Mehrsprachig<\/a><br \/>\n<a href=\"https:\/\/www.shm.software\/de\/relocation-management\">Relocation-Management<\/a><br \/>\n<a href=\"https:\/\/www.shm.software\/de\/shm-database\">SHM-Datenbank<\/a><\/div>\n<\/div>\n<\/div>\n<div class=\"col-lg-6\">\n<div class=\"af-box\">\n<h4>Komfortable Nutzung<\/h4>\n<div class=\"af-link\"><a href=\"https:\/\/www.shm.software\/de\/customisation\">Anpassung<\/a><br \/>\n<a href=\"https:\/\/www.shm.software\/de\/mobile-application\">Mobile Anwendung<\/a><br \/>\n<a href=\"https:\/\/www.shm.software\/de\/offline-mode\">Offline-Modus<\/a><br \/>\n<a href=\"https:\/\/www.shm.software\/de\/bulk-upload\">Bulk-Upload<\/a><\/div>\n<\/div>\n<\/div>\n<\/div>\n<\/div>\n<\/div>\n","protected":false},"excerpt":{"rendered":"<p>Korrektive Wartung Die korrektive Instandhaltung umfasst die Behebung von St\u00f6rungen und anderen unerwarteten Defekten von Ger\u00e4ten. Sie bezieht sich auf die Ma\u00dfnahmen, die erforderlich sind, um die Betriebsfunktionen der Anlagen aufrechtzuerhalten und sie f\u00fcr die Gesundheitseinrichtung voll einsatzf\u00e4hig und verf\u00fcgbar zu machen. Zeit ist ein entscheidender Faktor, insbesondere bei der korrektiven Wartung. Eine Einrichtung des [&#8230;]<\/p>\n<p><a class=\"btn btn-secondary understrap-read-more-link\" href=\"https:\/\/www.shm.software\/de\/corrective-maintenance\">Weiterlesen&#8230;<\/a><\/p>\n","protected":false},"author":1,"featured_media":0,"parent":0,"menu_order":0,"comment_status":"closed","ping_status":"closed","template":"page-templates\/empty.php","meta":{"footnotes":""},"class_list":["post-167","page","type-page","status-publish","hentry"],"yoast_head":"<!-- This site is optimized with the Yoast SEO plugin v26.8 - https:\/\/yoast.com\/product\/yoast-seo-wordpress\/ -->\n<title>Korrektive Wartung - SMART HOSPITAL MAINTENANCE<\/title>\n<meta name=\"robots\" content=\"index, follow, max-snippet:-1, max-image-preview:large, max-video-preview:-1\" \/>\n<link rel=\"canonical\" href=\"https:\/\/www.shm.software\/de\/corrective-maintenance\" \/>\n<meta property=\"og:locale\" content=\"de_DE\" \/>\n<meta property=\"og:type\" content=\"article\" \/>\n<meta property=\"og:title\" content=\"Korrektive Wartung - SMART HOSPITAL MAINTENANCE\" \/>\n<meta property=\"og:description\" content=\"Korrektive Wartung Die korrektive Instandhaltung umfasst die Behebung von St\u00f6rungen und anderen unerwarteten Defekten von Ger\u00e4ten. Sie bezieht sich auf die Ma\u00dfnahmen, die erforderlich sind, um die Betriebsfunktionen der Anlagen aufrechtzuerhalten und sie f\u00fcr die Gesundheitseinrichtung voll einsatzf\u00e4hig und verf\u00fcgbar zu machen. Zeit ist ein entscheidender Faktor, insbesondere bei der korrektiven Wartung. Eine Einrichtung des [...]Weiterlesen...\" \/>\n<meta property=\"og:url\" content=\"https:\/\/www.shm.software\/de\/corrective-maintenance\" \/>\n<meta property=\"og:site_name\" content=\"SMART HOSPITAL MAINTENANCE\" \/>\n<meta property=\"article:modified_time\" content=\"2025-05-28T10:41:33+00:00\" \/>\n<meta property=\"og:image\" content=\"https:\/\/www.shm.software\/de\/wp-content\/uploads\/2023\/09\/SHM_Corrective-Maintenance_Repair.jpg\" \/>\n<meta name=\"twitter:card\" content=\"summary_large_image\" \/>\n<meta name=\"twitter:label1\" content=\"Gesch\u00e4tzte Lesezeit\" \/>\n\t<meta name=\"twitter:data1\" content=\"3\u00a0Minuten\" \/>\n<script type=\"application\/ld+json\" class=\"yoast-schema-graph\">{\"@context\":\"https:\/\/schema.org\",\"@graph\":[{\"@type\":\"WebPage\",\"@id\":\"https:\/\/www.shm.software\/de\/corrective-maintenance\",\"url\":\"https:\/\/www.shm.software\/de\/corrective-maintenance\",\"name\":\"Korrektive Wartung - SMART HOSPITAL MAINTENANCE\",\"isPartOf\":{\"@id\":\"https:\/\/www.shm.software\/de\/#website\"},\"primaryImageOfPage\":{\"@id\":\"https:\/\/www.shm.software\/de\/corrective-maintenance#primaryimage\"},\"image\":{\"@id\":\"https:\/\/www.shm.software\/de\/corrective-maintenance#primaryimage\"},\"thumbnailUrl\":\"https:\/\/www.shm.software\/de\/wp-content\/uploads\/2023\/09\/SHM_Corrective-Maintenance_Repair.jpg\",\"datePublished\":\"2023-08-31T07:40:51+00:00\",\"dateModified\":\"2025-05-28T10:41:33+00:00\",\"breadcrumb\":{\"@id\":\"https:\/\/www.shm.software\/de\/corrective-maintenance#breadcrumb\"},\"inLanguage\":\"de\",\"potentialAction\":[{\"@type\":\"ReadAction\",\"target\":[\"https:\/\/www.shm.software\/de\/corrective-maintenance\"]}]},{\"@type\":\"ImageObject\",\"inLanguage\":\"de\",\"@id\":\"https:\/\/www.shm.software\/de\/corrective-maintenance#primaryimage\",\"url\":\"https:\/\/www.shm.software\/de\/wp-content\/uploads\/2023\/09\/SHM_Corrective-Maintenance_Repair.jpg\",\"contentUrl\":\"https:\/\/www.shm.software\/de\/wp-content\/uploads\/2023\/09\/SHM_Corrective-Maintenance_Repair.jpg\",\"width\":600,\"height\":400},{\"@type\":\"BreadcrumbList\",\"@id\":\"https:\/\/www.shm.software\/de\/corrective-maintenance#breadcrumb\",\"itemListElement\":[{\"@type\":\"ListItem\",\"position\":1,\"name\":\"Startseite\",\"item\":\"https:\/\/www.shm.software\/de\/\"},{\"@type\":\"ListItem\",\"position\":2,\"name\":\"Korrektive Wartung\"}]},{\"@type\":\"WebSite\",\"@id\":\"https:\/\/www.shm.software\/de\/#website\",\"url\":\"https:\/\/www.shm.software\/de\/\",\"name\":\"SMART HOSPITAL MAINTENANCE\",\"description\":\"\",\"potentialAction\":[{\"@type\":\"SearchAction\",\"target\":{\"@type\":\"EntryPoint\",\"urlTemplate\":\"https:\/\/www.shm.software\/de\/?s={search_term_string}\"},\"query-input\":{\"@type\":\"PropertyValueSpecification\",\"valueRequired\":true,\"valueName\":\"search_term_string\"}}],\"inLanguage\":\"de\"}]}<\/script>\n<!-- \/ Yoast SEO plugin. -->","yoast_head_json":{"title":"Korrektive Wartung - SMART HOSPITAL MAINTENANCE","robots":{"index":"index","follow":"follow","max-snippet":"max-snippet:-1","max-image-preview":"max-image-preview:large","max-video-preview":"max-video-preview:-1"},"canonical":"https:\/\/www.shm.software\/de\/corrective-maintenance","og_locale":"de_DE","og_type":"article","og_title":"Korrektive Wartung - SMART HOSPITAL MAINTENANCE","og_description":"Korrektive Wartung Die korrektive Instandhaltung umfasst die Behebung von St\u00f6rungen und anderen unerwarteten Defekten von Ger\u00e4ten. Sie bezieht sich auf die Ma\u00dfnahmen, die erforderlich sind, um die Betriebsfunktionen der Anlagen aufrechtzuerhalten und sie f\u00fcr die Gesundheitseinrichtung voll einsatzf\u00e4hig und verf\u00fcgbar zu machen. Zeit ist ein entscheidender Faktor, insbesondere bei der korrektiven Wartung. Eine Einrichtung des [...]Weiterlesen...","og_url":"https:\/\/www.shm.software\/de\/corrective-maintenance","og_site_name":"SMART HOSPITAL MAINTENANCE","article_modified_time":"2025-05-28T10:41:33+00:00","og_image":[{"url":"https:\/\/www.shm.software\/de\/wp-content\/uploads\/2023\/09\/SHM_Corrective-Maintenance_Repair.jpg","type":"","width":"","height":""}],"twitter_card":"summary_large_image","twitter_misc":{"Gesch\u00e4tzte Lesezeit":"3\u00a0Minuten"},"schema":{"@context":"https:\/\/schema.org","@graph":[{"@type":"WebPage","@id":"https:\/\/www.shm.software\/de\/corrective-maintenance","url":"https:\/\/www.shm.software\/de\/corrective-maintenance","name":"Korrektive Wartung - SMART HOSPITAL MAINTENANCE","isPartOf":{"@id":"https:\/\/www.shm.software\/de\/#website"},"primaryImageOfPage":{"@id":"https:\/\/www.shm.software\/de\/corrective-maintenance#primaryimage"},"image":{"@id":"https:\/\/www.shm.software\/de\/corrective-maintenance#primaryimage"},"thumbnailUrl":"https:\/\/www.shm.software\/de\/wp-content\/uploads\/2023\/09\/SHM_Corrective-Maintenance_Repair.jpg","datePublished":"2023-08-31T07:40:51+00:00","dateModified":"2025-05-28T10:41:33+00:00","breadcrumb":{"@id":"https:\/\/www.shm.software\/de\/corrective-maintenance#breadcrumb"},"inLanguage":"de","potentialAction":[{"@type":"ReadAction","target":["https:\/\/www.shm.software\/de\/corrective-maintenance"]}]},{"@type":"ImageObject","inLanguage":"de","@id":"https:\/\/www.shm.software\/de\/corrective-maintenance#primaryimage","url":"https:\/\/www.shm.software\/de\/wp-content\/uploads\/2023\/09\/SHM_Corrective-Maintenance_Repair.jpg","contentUrl":"https:\/\/www.shm.software\/de\/wp-content\/uploads\/2023\/09\/SHM_Corrective-Maintenance_Repair.jpg","width":600,"height":400},{"@type":"BreadcrumbList","@id":"https:\/\/www.shm.software\/de\/corrective-maintenance#breadcrumb","itemListElement":[{"@type":"ListItem","position":1,"name":"Startseite","item":"https:\/\/www.shm.software\/de\/"},{"@type":"ListItem","position":2,"name":"Korrektive Wartung"}]},{"@type":"WebSite","@id":"https:\/\/www.shm.software\/de\/#website","url":"https:\/\/www.shm.software\/de\/","name":"SMART HOSPITAL MAINTENANCE","description":"","potentialAction":[{"@type":"SearchAction","target":{"@type":"EntryPoint","urlTemplate":"https:\/\/www.shm.software\/de\/?s={search_term_string}"},"query-input":{"@type":"PropertyValueSpecification","valueRequired":true,"valueName":"search_term_string"}}],"inLanguage":"de"}]}},"_links":{"self":[{"href":"https:\/\/www.shm.software\/de\/wp-json\/wp\/v2\/pages\/167","targetHints":{"allow":["GET"]}}],"collection":[{"href":"https:\/\/www.shm.software\/de\/wp-json\/wp\/v2\/pages"}],"about":[{"href":"https:\/\/www.shm.software\/de\/wp-json\/wp\/v2\/types\/page"}],"author":[{"embeddable":true,"href":"https:\/\/www.shm.software\/de\/wp-json\/wp\/v2\/users\/1"}],"replies":[{"embeddable":true,"href":"https:\/\/www.shm.software\/de\/wp-json\/wp\/v2\/comments?post=167"}],"version-history":[{"count":13,"href":"https:\/\/www.shm.software\/de\/wp-json\/wp\/v2\/pages\/167\/revisions"}],"predecessor-version":[{"id":823,"href":"https:\/\/www.shm.software\/de\/wp-json\/wp\/v2\/pages\/167\/revisions\/823"}],"wp:attachment":[{"href":"https:\/\/www.shm.software\/de\/wp-json\/wp\/v2\/media?parent=167"}],"curies":[{"name":"wp","href":"https:\/\/api.w.org\/{rel}","templated":true}]}}