{"id":169,"date":"2023-08-31T07:41:01","date_gmt":"2023-08-31T07:41:01","guid":{"rendered":"https:\/\/www.shm.software\/de\/?page_id=169"},"modified":"2025-05-28T11:04:03","modified_gmt":"2025-05-28T11:04:03","slug":"inspection-maintenance","status":"publish","type":"page","link":"https:\/\/www.shm.software\/de\/inspection-maintenance","title":{"rendered":"Vorausschauende Wartung"},"content":{"rendered":"<div class=\"inspection-bg in-head\"><\/div>\n<p id=\"breadcrumbs\"><span><span><a href=\"https:\/\/www.shm.software\/de\/\">Startseite<\/a><\/span><\/span><\/p>\n<div class=\"section-white\">\n<div class=\"container\">\n<div class=\"row align-items-center\">\n<div class=\"col-md-6\">\n<h1 class=\"h3\">Vorausschauende Wartung<\/h1>\n<p>Obwohl die vorausschauende Wartung <em>(im Englischen: Predictive Maintenance \u2013 PM)<\/em> \u00c4hnlichkeiten mit der geplanten pr\u00e4ventiven Wartung aufweist, handelt es sich bei ihr nicht um das gleiche Verfahren. Bei der vorausschauenden Wartung handelt es sich um einen systematischen Prozess der regelm\u00e4\u00dfigen \u00dcberpr\u00fcfung und Bewertung von Krankenhauseinrichtungen. Ziel ist es, Probleme mit der Ausr\u00fcstung zu erkennen, bevor sie sich negativ auf die Funktionalit\u00e4t auswirken. Sie umfasst visuelle Inspektionen, Funktionstests und grundlegende Bewertungen, mit denen Probleme fr\u00fchzeitig erkannt werden k\u00f6nnen. Beispielsweise kann ein abnehmender Druckaufbau bei Infusionspumpen auf einen zeitnahen Defekt hindeuten. Um dies zu verhindern, wird unabh\u00e4ngig von der geplanten pr\u00e4ventiven Wartung, eine zus\u00e4tzliche vorausschauende Wartung durchgef\u00fchrt.<\/p>\n<p>Bei der vorausschauende Wartung werden die Anlagen regelm\u00e4\u00dfig auf Verschlei\u00dferscheinungen, m\u00f6gliche Gefahren oder Abweichungen vom normalen Betriebszustand untersucht. Die Inspektionswartung ist jedoch nicht immer an einen festen Zeitplan gebunden, wie dies bei der geplanten pr\u00e4ventiven Wartung der Fall ist.<\/p>\n<\/div>\n<div class=\"col-md-6\"><img decoding=\"async\" class=\"img-fluid d-block mx-auto\" src=\"https:\/\/www.shm.software\/de\/wp-content\/uploads\/2023\/09\/SHM_Inspecton-Maintenance_Introduction.jpg\" alt=\"Inspection Maintenance\" \/><\/div>\n<\/div>\n<\/div>\n<\/div>\n<\/div>\n<\/div>\n<\/div>\n<\/div>\n<div class=\"section-primary\">\n<div class=\"container\">\n<div class=\"row\">\n<div class=\"col-lg-12 mx-auto text-center\">\n<h4>M\u00f6chten Sie erfahren, wie Smart Hospital Maintenance die Inspektionswartung verbessert?<\/h4>\n<h4>Buchen Sie noch heute Ihre Demo-Tour!<\/h4>\n<div><a class=\"btn btn-primary mt-3\" href=\"https:\/\/www.shm.software\/de\/contact-us\">Demo buchen<\/a><\/div>\n<\/div>\n<\/div>\n<\/div>\n<\/div>\n<div class=\"section-white\">\n<div class=\"container\">\n<div class=\"row text-center\">\n<div class=\"col-lg-12\">\n<h3 class=\"mb-0\">Zus\u00e4tzliche Features<\/h3>\n<\/div>\n<div class=\"col-lg-6\">\n<div class=\"af-box\">\n<h4>Effizienter Service<\/h4>\n<div class=\"af-link\"><a href=\"https:\/\/www.shm.software\/de\/asset-matching\">Anlagen-Abgleich<\/a><br \/>\n<a href=\"https:\/\/www.shm.software\/de\/document-management\">Dokument-management<\/a><br \/>\n<a href=\"https:\/\/www.shm.software\/de\/service-request-management\">Verwaltung von Serviceanfragen<\/a><br \/>\n<a href=\"https:\/\/www.shm.software\/de\/qr-labels\">QR-Code-Labels<\/a><\/div>\n<\/div>\n<\/div>\n<div class=\"col-lg-6\">\n<div class=\"af-box\">\n<h4>Umfangreiche M\u00f6glichkeiten<\/h4>\n<div class=\"af-link\"><a href=\"https:\/\/www.shm.software\/de\/technical-reports\">Technische Berichte<\/a><br \/>\n<a href=\"https:\/\/www.shm.software\/de\/contact-management\">Kontakt management<\/a><br \/>\n<a href=\"https:\/\/www.shm.software\/de\/contract-administration\">Vertragsverwaltung<\/a><br \/>\n<a href=\"https:\/\/www.shm.software\/de\/user-profiles\">Benutzer<\/a><\/div>\n<\/div>\n<\/div>\n<div class=\"col-lg-6\">\n<div class=\"af-box\">\n<h4>Skalierbarkeit<\/h4>\n<div class=\"af-link\"><a href=\"https:\/\/www.shm.software\/de\/facility-integration\">Einrichtungs-integration<\/a><br \/>\n<a href=\"https:\/\/www.shm.software\/de\/multi-language-feature\">Mehrsprachig<\/a><br \/>\n<a href=\"https:\/\/www.shm.software\/de\/relocation-management\">Relocation-Management<\/a><br \/>\n<a href=\"https:\/\/www.shm.software\/de\/shm-database\">SHM-Datenbank<\/a><\/div>\n<\/div>\n<\/div>\n<div class=\"col-lg-6\">\n<div class=\"af-box\">\n<h4>Komfortable Nutzung<\/h4>\n<div class=\"af-link\"><a href=\"https:\/\/www.shm.software\/de\/customisation\">Anpassung<\/a><br \/>\n<a href=\"https:\/\/www.shm.software\/de\/mobile-application\">Mobile Anwendung<\/a><br \/>\n<a href=\"https:\/\/www.shm.software\/de\/offline-mode\">Offline-Modus<\/a><br \/>\n<a href=\"https:\/\/www.shm.software\/de\/bulk-upload\">Bulk-Upload<\/a><\/div>\n<\/div>\n<\/div>\n<\/div>\n<\/div>\n<\/div>\n","protected":false},"excerpt":{"rendered":"<p>Vorausschauende Wartung Obwohl die vorausschauende Wartung (im Englischen: Predictive Maintenance \u2013 PM) \u00c4hnlichkeiten mit der geplanten pr\u00e4ventiven Wartung aufweist, handelt es sich bei ihr nicht um das gleiche Verfahren. Bei der vorausschauenden Wartung handelt es sich um einen systematischen Prozess der regelm\u00e4\u00dfigen \u00dcberpr\u00fcfung und Bewertung von Krankenhauseinrichtungen. Ziel ist es, Probleme mit der Ausr\u00fcstung zu [&#8230;]<\/p>\n<p><a class=\"btn btn-secondary understrap-read-more-link\" href=\"https:\/\/www.shm.software\/de\/inspection-maintenance\">Weiterlesen&#8230;<\/a><\/p>\n","protected":false},"author":1,"featured_media":0,"parent":0,"menu_order":0,"comment_status":"closed","ping_status":"closed","template":"page-templates\/empty.php","meta":{"footnotes":""},"class_list":["post-169","page","type-page","status-publish","hentry"],"yoast_head":"<!-- This site is optimized with the Yoast SEO plugin v26.8 - https:\/\/yoast.com\/product\/yoast-seo-wordpress\/ -->\n<title>Vorausschauende Wartung - SMART HOSPITAL MAINTENANCE<\/title>\n<meta name=\"robots\" content=\"index, follow, max-snippet:-1, max-image-preview:large, max-video-preview:-1\" \/>\n<link rel=\"canonical\" href=\"https:\/\/www.shm.software\/de\/inspection-maintenance\" \/>\n<meta property=\"og:locale\" content=\"de_DE\" \/>\n<meta property=\"og:type\" content=\"article\" \/>\n<meta property=\"og:title\" content=\"Vorausschauende Wartung - SMART HOSPITAL MAINTENANCE\" \/>\n<meta property=\"og:description\" content=\"Vorausschauende Wartung Obwohl die vorausschauende Wartung (im Englischen: Predictive Maintenance \u2013 PM) \u00c4hnlichkeiten mit der geplanten pr\u00e4ventiven Wartung aufweist, handelt es sich bei ihr nicht um das gleiche Verfahren. Bei der vorausschauenden Wartung handelt es sich um einen systematischen Prozess der regelm\u00e4\u00dfigen \u00dcberpr\u00fcfung und Bewertung von Krankenhauseinrichtungen. Ziel ist es, Probleme mit der Ausr\u00fcstung zu [...]Weiterlesen...\" \/>\n<meta property=\"og:url\" content=\"https:\/\/www.shm.software\/de\/inspection-maintenance\" \/>\n<meta property=\"og:site_name\" content=\"SMART HOSPITAL MAINTENANCE\" \/>\n<meta property=\"article:modified_time\" content=\"2025-05-28T11:04:03+00:00\" \/>\n<meta property=\"og:image\" content=\"https:\/\/www.shm.software\/de\/wp-content\/uploads\/2023\/09\/SHM_Inspecton-Maintenance_Introduction.jpg\" \/>\n<meta name=\"twitter:card\" content=\"summary_large_image\" \/>\n<meta name=\"twitter:label1\" content=\"Gesch\u00e4tzte Lesezeit\" \/>\n\t<meta name=\"twitter:data1\" content=\"2\u00a0Minuten\" \/>\n<script type=\"application\/ld+json\" class=\"yoast-schema-graph\">{\"@context\":\"https:\/\/schema.org\",\"@graph\":[{\"@type\":\"WebPage\",\"@id\":\"https:\/\/www.shm.software\/de\/inspection-maintenance\",\"url\":\"https:\/\/www.shm.software\/de\/inspection-maintenance\",\"name\":\"Vorausschauende Wartung - SMART HOSPITAL MAINTENANCE\",\"isPartOf\":{\"@id\":\"https:\/\/www.shm.software\/de\/#website\"},\"primaryImageOfPage\":{\"@id\":\"https:\/\/www.shm.software\/de\/inspection-maintenance#primaryimage\"},\"image\":{\"@id\":\"https:\/\/www.shm.software\/de\/inspection-maintenance#primaryimage\"},\"thumbnailUrl\":\"https:\/\/www.shm.software\/de\/wp-content\/uploads\/2023\/09\/SHM_Inspecton-Maintenance_Introduction.jpg\",\"datePublished\":\"2023-08-31T07:41:01+00:00\",\"dateModified\":\"2025-05-28T11:04:03+00:00\",\"breadcrumb\":{\"@id\":\"https:\/\/www.shm.software\/de\/inspection-maintenance#breadcrumb\"},\"inLanguage\":\"de\",\"potentialAction\":[{\"@type\":\"ReadAction\",\"target\":[\"https:\/\/www.shm.software\/de\/inspection-maintenance\"]}]},{\"@type\":\"ImageObject\",\"inLanguage\":\"de\",\"@id\":\"https:\/\/www.shm.software\/de\/inspection-maintenance#primaryimage\",\"url\":\"https:\/\/www.shm.software\/de\/wp-content\/uploads\/2023\/09\/SHM_Inspecton-Maintenance_Introduction.jpg\",\"contentUrl\":\"https:\/\/www.shm.software\/de\/wp-content\/uploads\/2023\/09\/SHM_Inspecton-Maintenance_Introduction.jpg\",\"width\":600,\"height\":400},{\"@type\":\"BreadcrumbList\",\"@id\":\"https:\/\/www.shm.software\/de\/inspection-maintenance#breadcrumb\",\"itemListElement\":[{\"@type\":\"ListItem\",\"position\":1,\"name\":\"Startseite\",\"item\":\"https:\/\/www.shm.software\/de\/\"},{\"@type\":\"ListItem\",\"position\":2,\"name\":\"Vorausschauende Wartung\"}]},{\"@type\":\"WebSite\",\"@id\":\"https:\/\/www.shm.software\/de\/#website\",\"url\":\"https:\/\/www.shm.software\/de\/\",\"name\":\"SMART HOSPITAL MAINTENANCE\",\"description\":\"\",\"potentialAction\":[{\"@type\":\"SearchAction\",\"target\":{\"@type\":\"EntryPoint\",\"urlTemplate\":\"https:\/\/www.shm.software\/de\/?s={search_term_string}\"},\"query-input\":{\"@type\":\"PropertyValueSpecification\",\"valueRequired\":true,\"valueName\":\"search_term_string\"}}],\"inLanguage\":\"de\"}]}<\/script>\n<!-- \/ Yoast SEO plugin. -->","yoast_head_json":{"title":"Vorausschauende Wartung - SMART HOSPITAL MAINTENANCE","robots":{"index":"index","follow":"follow","max-snippet":"max-snippet:-1","max-image-preview":"max-image-preview:large","max-video-preview":"max-video-preview:-1"},"canonical":"https:\/\/www.shm.software\/de\/inspection-maintenance","og_locale":"de_DE","og_type":"article","og_title":"Vorausschauende Wartung - SMART HOSPITAL MAINTENANCE","og_description":"Vorausschauende Wartung Obwohl die vorausschauende Wartung (im Englischen: Predictive Maintenance \u2013 PM) \u00c4hnlichkeiten mit der geplanten pr\u00e4ventiven Wartung aufweist, handelt es sich bei ihr nicht um das gleiche Verfahren. Bei der vorausschauenden Wartung handelt es sich um einen systematischen Prozess der regelm\u00e4\u00dfigen \u00dcberpr\u00fcfung und Bewertung von Krankenhauseinrichtungen. Ziel ist es, Probleme mit der Ausr\u00fcstung zu [...]Weiterlesen...","og_url":"https:\/\/www.shm.software\/de\/inspection-maintenance","og_site_name":"SMART HOSPITAL MAINTENANCE","article_modified_time":"2025-05-28T11:04:03+00:00","og_image":[{"url":"https:\/\/www.shm.software\/de\/wp-content\/uploads\/2023\/09\/SHM_Inspecton-Maintenance_Introduction.jpg","type":"","width":"","height":""}],"twitter_card":"summary_large_image","twitter_misc":{"Gesch\u00e4tzte Lesezeit":"2\u00a0Minuten"},"schema":{"@context":"https:\/\/schema.org","@graph":[{"@type":"WebPage","@id":"https:\/\/www.shm.software\/de\/inspection-maintenance","url":"https:\/\/www.shm.software\/de\/inspection-maintenance","name":"Vorausschauende Wartung - SMART HOSPITAL MAINTENANCE","isPartOf":{"@id":"https:\/\/www.shm.software\/de\/#website"},"primaryImageOfPage":{"@id":"https:\/\/www.shm.software\/de\/inspection-maintenance#primaryimage"},"image":{"@id":"https:\/\/www.shm.software\/de\/inspection-maintenance#primaryimage"},"thumbnailUrl":"https:\/\/www.shm.software\/de\/wp-content\/uploads\/2023\/09\/SHM_Inspecton-Maintenance_Introduction.jpg","datePublished":"2023-08-31T07:41:01+00:00","dateModified":"2025-05-28T11:04:03+00:00","breadcrumb":{"@id":"https:\/\/www.shm.software\/de\/inspection-maintenance#breadcrumb"},"inLanguage":"de","potentialAction":[{"@type":"ReadAction","target":["https:\/\/www.shm.software\/de\/inspection-maintenance"]}]},{"@type":"ImageObject","inLanguage":"de","@id":"https:\/\/www.shm.software\/de\/inspection-maintenance#primaryimage","url":"https:\/\/www.shm.software\/de\/wp-content\/uploads\/2023\/09\/SHM_Inspecton-Maintenance_Introduction.jpg","contentUrl":"https:\/\/www.shm.software\/de\/wp-content\/uploads\/2023\/09\/SHM_Inspecton-Maintenance_Introduction.jpg","width":600,"height":400},{"@type":"BreadcrumbList","@id":"https:\/\/www.shm.software\/de\/inspection-maintenance#breadcrumb","itemListElement":[{"@type":"ListItem","position":1,"name":"Startseite","item":"https:\/\/www.shm.software\/de\/"},{"@type":"ListItem","position":2,"name":"Vorausschauende Wartung"}]},{"@type":"WebSite","@id":"https:\/\/www.shm.software\/de\/#website","url":"https:\/\/www.shm.software\/de\/","name":"SMART HOSPITAL MAINTENANCE","description":"","potentialAction":[{"@type":"SearchAction","target":{"@type":"EntryPoint","urlTemplate":"https:\/\/www.shm.software\/de\/?s={search_term_string}"},"query-input":{"@type":"PropertyValueSpecification","valueRequired":true,"valueName":"search_term_string"}}],"inLanguage":"de"}]}},"_links":{"self":[{"href":"https:\/\/www.shm.software\/de\/wp-json\/wp\/v2\/pages\/169","targetHints":{"allow":["GET"]}}],"collection":[{"href":"https:\/\/www.shm.software\/de\/wp-json\/wp\/v2\/pages"}],"about":[{"href":"https:\/\/www.shm.software\/de\/wp-json\/wp\/v2\/types\/page"}],"author":[{"embeddable":true,"href":"https:\/\/www.shm.software\/de\/wp-json\/wp\/v2\/users\/1"}],"replies":[{"embeddable":true,"href":"https:\/\/www.shm.software\/de\/wp-json\/wp\/v2\/comments?post=169"}],"version-history":[{"count":13,"href":"https:\/\/www.shm.software\/de\/wp-json\/wp\/v2\/pages\/169\/revisions"}],"predecessor-version":[{"id":835,"href":"https:\/\/www.shm.software\/de\/wp-json\/wp\/v2\/pages\/169\/revisions\/835"}],"wp:attachment":[{"href":"https:\/\/www.shm.software\/de\/wp-json\/wp\/v2\/media?parent=169"}],"curies":[{"name":"wp","href":"https:\/\/api.w.org\/{rel}","templated":true}]}}