{"id":171,"date":"2023-08-31T07:41:08","date_gmt":"2023-08-31T07:41:08","guid":{"rendered":"https:\/\/www.shm.software\/de\/?page_id=171"},"modified":"2025-05-28T10:32:13","modified_gmt":"2025-05-28T10:32:13","slug":"asset-matching","status":"publish","type":"page","link":"https:\/\/www.shm.software\/de\/asset-matching","title":{"rendered":"Anlagen-Abgleich"},"content":{"rendered":"<div class=\"matching-bg in-head\"><\/div>\n<p id=\"breadcrumbs\"><span><span><a href=\"https:\/\/www.shm.software\/de\/\">Startseite<\/a><\/span><\/span><\/p>\n<div class=\"section-white\">\n<div class=\"container\">\n<div class=\"row align-items-center\">\n<div class=\"col-md-6\">\n<h1 class=\"h3\">Anlagen-Abgleich<\/h1>\n<p>Diese intelligente Funktion vergleicht automatisch Anlagen des gleichen Typs, der gleichen Marke und des gleichen Modells in all Ihren Einrichtungen. So k\u00f6nnen Sie \u00e4hnliche Anlagen in allen Einrichtungen ermitteln und identifizieren. Erfassen Sie das gesamte Portfolio, und haben Sie detaillierte Angaben, welcher Anteil der Ausstattung von welchem Hersteller stammt sowie zahlreiche dar\u00fcber hinausgehende Daten. Auf diese Weise k\u00f6nnen Sie die datengest\u00fctzte Entscheidungsfindung verbessern und sicherstellen, dass Sie die bestm\u00f6gliche Entscheidung treffen.<\/p>\n<\/div>\n<div class=\"col-md-6\"><img decoding=\"async\" class=\"img-fluid d-block mx-auto\" src=\"https:\/\/www.shm.software\/de\/wp-content\/uploads\/2023\/09\/asset-imgv2.png\" alt=\"Asset Matching\" \/><\/div>\n<\/div>\n<\/div>\n<\/div>\n<div class=\"section-lightgrey\">\n<div class=\"container\">\n<div class=\"row align-items-center\">\n<div class=\"col-md-6 order-md-2\">\n<h3>Wie funktioniert der Anlagen-Abgleich<\/h3>\n<p>Integrieren Sie eine beliebige Anzahl von Anlagen in Smart Hospital Maintenance, um von dessen Funktionalit\u00e4t zu profitieren. Alle integrierten Anlagen werden automatisch in einer globalen Datenbank abgeglichen. Dadurch erhalten Sie einen \u00dcberblick \u00fcber Ihre gesamten Anlagen, unabh\u00e4ngig von deren Standort.<\/p>\n<p>W\u00e4hlen Sie aus einem Katalog mit standardisierten Ger\u00e4tebezeichnungen, Herstellern und Marken. Dabei helfen Ihnen Klassifizierungssysteme, die gew\u00fcnschten Anlagen in k\u00fcrzester Zeit zu finden.<\/p>\n<\/div>\n<div class=\"col-md-6 order-md-1\"><img decoding=\"async\" class=\"img-fluid d-block mx-auto\" src=\"https:\/\/www.shm.software\/de\/wp-content\/uploads\/2023\/09\/SHM_unsplash_Asset-Matching_Instruments.jpg\" alt=\"How it Works\" \/><\/div>\n<\/div>\n<\/div>\n<\/div>\n<div class=\"section-white\">\n<div class=\"container\">\n<div class=\"row align-items-center\">\n<div class=\"col-md-6\">\n<h3>\u00dcberblick<\/h3>\n<p>Mit Anlagen-Matching bzw. dem Alagen-Abgleich erhalten Sie ein leistungsstarkes Toolset, um Ihre Anlagen zu analysieren und zu bewerten. Sie k\u00f6nnen verschiedene Berichte \u00fcber die Funktionalit\u00e4t von Herstellern, Modellen, bestimmten Abteilungen Ihrer Einrichtungen oder allen zusammen erstellen. Haben Sie sich schon einmal gefragt, wie viele Ger\u00e4te von Siemens, GE oder Philips in Ihrer Einrichtung vorhanden sind und ob diese auch funktionieren? Mit Smart Hospital Maintenance ist dies kein Problem!<\/p>\n<\/div>\n<div class=\"col-md-6\"><img decoding=\"async\" class=\"img-fluid d-block mx-auto\" src=\"https:\/\/www.shm.software\/de\/wp-content\/uploads\/2023\/09\/SHM_Unsplash_Asset-Matching_sharing-is-caring.jpg\" alt=\"Sharing is Caring\" \/><\/div>\n<\/div>\n<\/div>\n<\/div>\n<div class=\"section-primary\">\n<div class=\"container\">\n<div class=\"row\">\n<div class=\"col-lg-10 mx-auto text-center\">\n<h4>Buchen Sie noch heute Ihre Demo mit unseren Experten und lassen Sie sich von der Software \u00fcberzeugen!<\/h4>\n<div><a class=\"btn btn-primary mt-3\" href=\"https:\/\/www.shm.software\/de\/contact-us\">Demo buchen<\/a><\/div>\n<\/div>\n<\/div>\n<\/div>\n<\/div>\n<div class=\"section-white\">\n<div class=\"container\">\n<div class=\"row text-center\">\n<div class=\"col-lg-12\">\n<h3 class=\"mb-0\">Zus\u00e4tzliche Features<\/h3>\n<\/div>\n<div class=\"col-lg-6\">\n<div class=\"af-box\">\n<h4>Wartung und Verwaltung<\/h4>\n<div class=\"af-link\"><a href=\"https:\/\/www.shm.software\/de\/work-order-management\">Arbeitsauftrags-management<\/a><br \/>\n<a href=\"https:\/\/www.shm.software\/de\/planned-preventive-maintenance\">Geplante pr\u00e4ventive Wartung<\/a><br \/>\n<a href=\"https:\/\/www.shm.software\/de\/corrective-maintenance\">Korrektive Wartung<\/a><br \/>\n<a href=\"https:\/\/www.shm.software\/de\/inspection-maintenance\">Vorausschauende Wartung<\/a><\/div>\n<\/div>\n<\/div>\n<div class=\"col-lg-6\">\n<div class=\"af-box\">\n<h4>Umfangreiche M\u00f6glichkeiten<\/h4>\n<div class=\"af-link\"><a href=\"https:\/\/www.shm.software\/de\/technical-reports\">Technische Berichte<\/a><br \/>\n<a href=\"https:\/\/www.shm.software\/de\/contact-management\">Kontakt management<\/a><br \/>\n<a href=\"https:\/\/www.shm.software\/de\/contract-administration\">Vertragsverwaltung<\/a><br \/>\n<a href=\"https:\/\/www.shm.software\/de\/user-profiles\">Benutzer<\/a><\/div>\n<\/div>\n<\/div>\n<div class=\"col-lg-6\">\n<div class=\"af-box\">\n<h4>Skalierbarkeit<\/h4>\n<div class=\"af-link\"><a href=\"https:\/\/www.shm.software\/de\/facility-integration\">Einrichtungs-integration<\/a><br \/>\n<a href=\"https:\/\/www.shm.software\/de\/multi-language-feature\">Mehrsprachig<\/a><br \/>\n<a href=\"https:\/\/www.shm.software\/de\/relocation-management\">Relocation-Management<\/a><br \/>\n<a href=\"https:\/\/www.shm.software\/de\/shm-database\">SHM-Datenbank<\/a><\/div>\n<\/div>\n<\/div>\n<div class=\"col-lg-6\">\n<div class=\"af-box\">\n<h4>Komfortable Nutzung<\/h4>\n<div class=\"af-link\"><a href=\"https:\/\/www.shm.software\/de\/customisation\">Anpassung<\/a><br \/>\n<a href=\"https:\/\/www.shm.software\/de\/mobile-application\">Mobile Anwendung<\/a><br \/>\n<a href=\"https:\/\/www.shm.software\/de\/offline-mode\">Offline-Modus<\/a><br \/>\n<a href=\"https:\/\/www.shm.software\/de\/bulk-upload\">Bulk-Upload<\/a><\/div>\n<\/div>\n<\/div>\n<\/div>\n<\/div>\n<\/div>\n","protected":false},"excerpt":{"rendered":"<p>Anlagen-Abgleich Diese intelligente Funktion vergleicht automatisch Anlagen des gleichen Typs, der gleichen Marke und des gleichen Modells in all Ihren Einrichtungen. So k\u00f6nnen Sie \u00e4hnliche Anlagen in allen Einrichtungen ermitteln und identifizieren. Erfassen Sie das gesamte Portfolio, und haben Sie detaillierte Angaben, welcher Anteil der Ausstattung von welchem Hersteller stammt sowie zahlreiche dar\u00fcber hinausgehende Daten. [&#8230;]<\/p>\n<p><a class=\"btn btn-secondary understrap-read-more-link\" href=\"https:\/\/www.shm.software\/de\/asset-matching\">Weiterlesen&#8230;<\/a><\/p>\n","protected":false},"author":1,"featured_media":0,"parent":0,"menu_order":0,"comment_status":"closed","ping_status":"closed","template":"page-templates\/empty.php","meta":{"footnotes":""},"class_list":["post-171","page","type-page","status-publish","hentry"],"yoast_head":"<!-- This site is optimized with the Yoast SEO plugin v26.8 - https:\/\/yoast.com\/product\/yoast-seo-wordpress\/ -->\n<title>Anlagen-Abgleich - SMART HOSPITAL MAINTENANCE<\/title>\n<meta name=\"robots\" content=\"index, follow, max-snippet:-1, max-image-preview:large, max-video-preview:-1\" \/>\n<link rel=\"canonical\" href=\"https:\/\/www.shm.software\/de\/asset-matching\" \/>\n<meta property=\"og:locale\" content=\"de_DE\" \/>\n<meta property=\"og:type\" content=\"article\" \/>\n<meta property=\"og:title\" content=\"Anlagen-Abgleich - SMART HOSPITAL MAINTENANCE\" \/>\n<meta property=\"og:description\" content=\"Anlagen-Abgleich Diese intelligente Funktion vergleicht automatisch Anlagen des gleichen Typs, der gleichen Marke und des gleichen Modells in all Ihren Einrichtungen. So k\u00f6nnen Sie \u00e4hnliche Anlagen in allen Einrichtungen ermitteln und identifizieren. Erfassen Sie das gesamte Portfolio, und haben Sie detaillierte Angaben, welcher Anteil der Ausstattung von welchem Hersteller stammt sowie zahlreiche dar\u00fcber hinausgehende Daten. [...]Weiterlesen...\" \/>\n<meta property=\"og:url\" content=\"https:\/\/www.shm.software\/de\/asset-matching\" \/>\n<meta property=\"og:site_name\" content=\"SMART HOSPITAL MAINTENANCE\" \/>\n<meta property=\"article:modified_time\" content=\"2025-05-28T10:32:13+00:00\" \/>\n<meta property=\"og:image\" content=\"https:\/\/www.shm.software\/de\/wp-content\/uploads\/2023\/09\/asset-imgv2.png\" \/>\n<meta name=\"twitter:card\" content=\"summary_large_image\" \/>\n<meta name=\"twitter:label1\" content=\"Gesch\u00e4tzte Lesezeit\" \/>\n\t<meta name=\"twitter:data1\" content=\"3\u00a0Minuten\" \/>\n<script type=\"application\/ld+json\" class=\"yoast-schema-graph\">{\"@context\":\"https:\/\/schema.org\",\"@graph\":[{\"@type\":\"WebPage\",\"@id\":\"https:\/\/www.shm.software\/de\/asset-matching\",\"url\":\"https:\/\/www.shm.software\/de\/asset-matching\",\"name\":\"Anlagen-Abgleich - SMART HOSPITAL MAINTENANCE\",\"isPartOf\":{\"@id\":\"https:\/\/www.shm.software\/de\/#website\"},\"primaryImageOfPage\":{\"@id\":\"https:\/\/www.shm.software\/de\/asset-matching#primaryimage\"},\"image\":{\"@id\":\"https:\/\/www.shm.software\/de\/asset-matching#primaryimage\"},\"thumbnailUrl\":\"https:\/\/www.shm.software\/de\/wp-content\/uploads\/2023\/09\/asset-imgv2.png\",\"datePublished\":\"2023-08-31T07:41:08+00:00\",\"dateModified\":\"2025-05-28T10:32:13+00:00\",\"breadcrumb\":{\"@id\":\"https:\/\/www.shm.software\/de\/asset-matching#breadcrumb\"},\"inLanguage\":\"de\",\"potentialAction\":[{\"@type\":\"ReadAction\",\"target\":[\"https:\/\/www.shm.software\/de\/asset-matching\"]}]},{\"@type\":\"ImageObject\",\"inLanguage\":\"de\",\"@id\":\"https:\/\/www.shm.software\/de\/asset-matching#primaryimage\",\"url\":\"https:\/\/www.shm.software\/de\/wp-content\/uploads\/2023\/09\/asset-imgv2.png\",\"contentUrl\":\"https:\/\/www.shm.software\/de\/wp-content\/uploads\/2023\/09\/asset-imgv2.png\",\"width\":600,\"height\":400},{\"@type\":\"BreadcrumbList\",\"@id\":\"https:\/\/www.shm.software\/de\/asset-matching#breadcrumb\",\"itemListElement\":[{\"@type\":\"ListItem\",\"position\":1,\"name\":\"Startseite\",\"item\":\"https:\/\/www.shm.software\/de\/\"},{\"@type\":\"ListItem\",\"position\":2,\"name\":\"Anlagen-Abgleich\"}]},{\"@type\":\"WebSite\",\"@id\":\"https:\/\/www.shm.software\/de\/#website\",\"url\":\"https:\/\/www.shm.software\/de\/\",\"name\":\"SMART HOSPITAL MAINTENANCE\",\"description\":\"\",\"potentialAction\":[{\"@type\":\"SearchAction\",\"target\":{\"@type\":\"EntryPoint\",\"urlTemplate\":\"https:\/\/www.shm.software\/de\/?s={search_term_string}\"},\"query-input\":{\"@type\":\"PropertyValueSpecification\",\"valueRequired\":true,\"valueName\":\"search_term_string\"}}],\"inLanguage\":\"de\"}]}<\/script>\n<!-- \/ Yoast SEO plugin. -->","yoast_head_json":{"title":"Anlagen-Abgleich - SMART HOSPITAL MAINTENANCE","robots":{"index":"index","follow":"follow","max-snippet":"max-snippet:-1","max-image-preview":"max-image-preview:large","max-video-preview":"max-video-preview:-1"},"canonical":"https:\/\/www.shm.software\/de\/asset-matching","og_locale":"de_DE","og_type":"article","og_title":"Anlagen-Abgleich - SMART HOSPITAL MAINTENANCE","og_description":"Anlagen-Abgleich Diese intelligente Funktion vergleicht automatisch Anlagen des gleichen Typs, der gleichen Marke und des gleichen Modells in all Ihren Einrichtungen. So k\u00f6nnen Sie \u00e4hnliche Anlagen in allen Einrichtungen ermitteln und identifizieren. Erfassen Sie das gesamte Portfolio, und haben Sie detaillierte Angaben, welcher Anteil der Ausstattung von welchem Hersteller stammt sowie zahlreiche dar\u00fcber hinausgehende Daten. [...]Weiterlesen...","og_url":"https:\/\/www.shm.software\/de\/asset-matching","og_site_name":"SMART HOSPITAL MAINTENANCE","article_modified_time":"2025-05-28T10:32:13+00:00","og_image":[{"url":"https:\/\/www.shm.software\/de\/wp-content\/uploads\/2023\/09\/asset-imgv2.png","type":"","width":"","height":""}],"twitter_card":"summary_large_image","twitter_misc":{"Gesch\u00e4tzte Lesezeit":"3\u00a0Minuten"},"schema":{"@context":"https:\/\/schema.org","@graph":[{"@type":"WebPage","@id":"https:\/\/www.shm.software\/de\/asset-matching","url":"https:\/\/www.shm.software\/de\/asset-matching","name":"Anlagen-Abgleich - SMART HOSPITAL MAINTENANCE","isPartOf":{"@id":"https:\/\/www.shm.software\/de\/#website"},"primaryImageOfPage":{"@id":"https:\/\/www.shm.software\/de\/asset-matching#primaryimage"},"image":{"@id":"https:\/\/www.shm.software\/de\/asset-matching#primaryimage"},"thumbnailUrl":"https:\/\/www.shm.software\/de\/wp-content\/uploads\/2023\/09\/asset-imgv2.png","datePublished":"2023-08-31T07:41:08+00:00","dateModified":"2025-05-28T10:32:13+00:00","breadcrumb":{"@id":"https:\/\/www.shm.software\/de\/asset-matching#breadcrumb"},"inLanguage":"de","potentialAction":[{"@type":"ReadAction","target":["https:\/\/www.shm.software\/de\/asset-matching"]}]},{"@type":"ImageObject","inLanguage":"de","@id":"https:\/\/www.shm.software\/de\/asset-matching#primaryimage","url":"https:\/\/www.shm.software\/de\/wp-content\/uploads\/2023\/09\/asset-imgv2.png","contentUrl":"https:\/\/www.shm.software\/de\/wp-content\/uploads\/2023\/09\/asset-imgv2.png","width":600,"height":400},{"@type":"BreadcrumbList","@id":"https:\/\/www.shm.software\/de\/asset-matching#breadcrumb","itemListElement":[{"@type":"ListItem","position":1,"name":"Startseite","item":"https:\/\/www.shm.software\/de\/"},{"@type":"ListItem","position":2,"name":"Anlagen-Abgleich"}]},{"@type":"WebSite","@id":"https:\/\/www.shm.software\/de\/#website","url":"https:\/\/www.shm.software\/de\/","name":"SMART HOSPITAL MAINTENANCE","description":"","potentialAction":[{"@type":"SearchAction","target":{"@type":"EntryPoint","urlTemplate":"https:\/\/www.shm.software\/de\/?s={search_term_string}"},"query-input":{"@type":"PropertyValueSpecification","valueRequired":true,"valueName":"search_term_string"}}],"inLanguage":"de"}]}},"_links":{"self":[{"href":"https:\/\/www.shm.software\/de\/wp-json\/wp\/v2\/pages\/171","targetHints":{"allow":["GET"]}}],"collection":[{"href":"https:\/\/www.shm.software\/de\/wp-json\/wp\/v2\/pages"}],"about":[{"href":"https:\/\/www.shm.software\/de\/wp-json\/wp\/v2\/types\/page"}],"author":[{"embeddable":true,"href":"https:\/\/www.shm.software\/de\/wp-json\/wp\/v2\/users\/1"}],"replies":[{"embeddable":true,"href":"https:\/\/www.shm.software\/de\/wp-json\/wp\/v2\/comments?post=171"}],"version-history":[{"count":14,"href":"https:\/\/www.shm.software\/de\/wp-json\/wp\/v2\/pages\/171\/revisions"}],"predecessor-version":[{"id":815,"href":"https:\/\/www.shm.software\/de\/wp-json\/wp\/v2\/pages\/171\/revisions\/815"}],"wp:attachment":[{"href":"https:\/\/www.shm.software\/de\/wp-json\/wp\/v2\/media?parent=171"}],"curies":[{"name":"wp","href":"https:\/\/api.w.org\/{rel}","templated":true}]}}