{"id":173,"date":"2023-08-31T07:41:14","date_gmt":"2023-08-31T07:41:14","guid":{"rendered":"https:\/\/www.shm.software\/de\/?page_id=173"},"modified":"2025-05-28T10:36:47","modified_gmt":"2025-05-28T10:36:47","slug":"document-management","status":"publish","type":"page","link":"https:\/\/www.shm.software\/de\/document-management","title":{"rendered":"Dokumentmanagement"},"content":{"rendered":"<div class=\"document-bg in-head\"><\/div>\n<p id=\"breadcrumbs\"><span><span><a href=\"https:\/\/www.shm.software\/de\/\">Startseite<\/a><\/span><\/span><\/p>\n<div class=\"section-white\">\n<div class=\"container\">\n<div class=\"row align-items-center\">\n<div class=\"col-md-6\">\n<h1 class=\"h3\">Dokumentmanagement<\/h1>\n<p><b>Entscheiden Sie, wie Sie Dokumente in die Software einf\u00fcgen wollen!<\/b><\/p>\n<p>Verwalten und sortieren Sie unterschiedliche Dokumente, um sie den Benutzern Ihrer Software zur Verf\u00fcgung zu stellen. Es gibt zwei Optionen: Sie k\u00f6nnen Dokumente hochladen, zu denen alle Benutzer oder auch nur ausgew\u00e4hlte Gruppen Zugang erhalten. Zus\u00e4tzlich k\u00f6nnen Sie assetspezifische Dokumente hochladen, die sich entweder auf eine bestimmte Anlage beschr\u00e4nken (z. B. Pr\u00fcfberichte) oder die f\u00fcr alle Ger\u00e4te desselben Typs verf\u00fcgbar gemacht werden k\u00f6nnen (z. B. Wartungshandb\u00fccher)<\/p>\n<\/div>\n<div class=\"col-md-6\"><img decoding=\"async\" class=\"img-fluid d-block mx-auto\" src=\"https:\/\/www.shm.software\/de\/wp-content\/uploads\/2023\/09\/SHM_Document-Management_screenshot.jpg\" alt=\"Document Management\" \/><\/div>\n<\/div>\n<\/div>\n<\/div>\n<div class=\"section-lightgrey\">\n<div class=\"container\">\n<div class=\"row align-items-center\">\n<div class=\"col-md-6 order-md-2\">\n<h3>Einrichtungsbezogenes Dokumentmanagement<\/h3>\n<p>Es ist f\u00fcr alle Einrichtungen m\u00f6glich, eigene Dokumentordner anzulegen und Dateien hochzuladen. Jedoch kann jede Einrichtung weiterhin ihre lokale Dokumentordner individuell gestalten und Dateien hochladen, ohne sie mit anderen zu teilen. Wollten Sie schon immer Updates zur Einhaltung von Vorschriften oder Sicherheitsbestimmungen f\u00fcr Ihre gesamten Einrichtungen freigeben? Diese Funktion macht es m\u00f6glich!<\/p>\n<\/div>\n<div class=\"col-md-6 order-md-1\"><img decoding=\"async\" class=\"img-fluid d-block mx-auto\" src=\"https:\/\/www.shm.software\/de\/wp-content\/uploads\/2023\/09\/document-img.png\" alt=\"Facility Document Management\" width=\"300\" \/><\/div>\n<\/div>\n<\/div>\n<\/div>\n<div class=\"section-white\">\n<div class=\"container\">\n<div class=\"row align-items-center\">\n<div class=\"col-md-6\">\n<h3>Anlagen-Dokumentmanagement<\/h3>\n<p>Diese Funktion ist \u00e4hnlich aufgebaut wie das einrichtungsbezogene Dokumentmanagement, allerdings ausschlie\u00dflich f\u00fcr Anlagen. Sie k\u00f6nnen einheitliche Dokumentordnerstrukturen f\u00fcr alle Anlagen definieren. Wenn nun anlagenbezogene Dokumente hochgeladen werden, k\u00f6nnen Sie entscheiden, ob sie lokal oder f\u00fcr alle anderen Einrichtungen freigegeben werden sollen, wenn diese \u00fcber das gleiche Modell verf\u00fcgen. Dies hilft bei der Sammlung technischer Dokumente f\u00fcr alle beteiligten Einrichtungen.<\/p>\n<\/div>\n<div class=\"col-md-6\"><img decoding=\"async\" class=\"img-fluid d-block mx-auto\" src=\"https:\/\/www.shm.software\/de\/wp-content\/uploads\/2023\/09\/SHM_Document-Management.jpg\" alt=\"Asset Document Management\" \/><\/div>\n<\/div>\n<\/div>\n<\/div>\n<div class=\"section-primary\">\n<div class=\"container\">\n<div class=\"row\">\n<div class=\"col-lg-12 mx-auto text-center\">\n<h4>M\u00f6chten Sie weitere Informationen bzw. diese Funktion live in Aktion sehen?<br \/>\nDann buchen Sie noch heute Ihre Demo!<\/h4>\n<div><a class=\"btn btn-primary mt-3\" href=\"https:\/\/www.shm.software\/de\/contact-us\">Demo buchen<\/a><\/div>\n<\/div>\n<\/div>\n<\/div>\n<\/div>\n<div class=\"section-white\">\n<div class=\"container\">\n<div class=\"row text-center\">\n<div class=\"col-lg-12\">\n<h3 class=\"mb-0\">Zus\u00e4tzliche Features<\/h3>\n<\/div>\n<div class=\"col-lg-6\">\n<div class=\"af-box\">\n<h4>Wartung und Verwaltung<\/h4>\n<div class=\"af-link\"><a href=\"https:\/\/www.shm.software\/de\/work-order-management\">Arbeitsauftrags-management<\/a><br \/>\n<a href=\"https:\/\/www.shm.software\/de\/planned-preventive-maintenance\">Geplante pr\u00e4ventive Wartung<\/a><br \/>\n<a href=\"https:\/\/www.shm.software\/de\/corrective-maintenance\">Korrektive Wartung<\/a><br \/>\n<a href=\"https:\/\/www.shm.software\/de\/inspection-maintenance\">Vorausschauende Wartung<\/a><\/div>\n<\/div>\n<\/div>\n<div class=\"col-lg-6\">\n<div class=\"af-box\">\n<h4>Umfangreiche M\u00f6glichkeiten<\/h4>\n<div class=\"af-link\"><a href=\"https:\/\/www.shm.software\/de\/technical-reports\">Technische Berichte<\/a><br \/>\n<a href=\"https:\/\/www.shm.software\/de\/contact-management\">Kontakt management<\/a><br \/>\n<a href=\"https:\/\/www.shm.software\/de\/contract-administration\">Vertragsverwaltung<\/a><br \/>\n<a href=\"https:\/\/www.shm.software\/de\/user-profiles\">Benutzer<\/a><\/div>\n<\/div>\n<\/div>\n<div class=\"col-lg-6\">\n<div class=\"af-box\">\n<h4>Skalierbarkeit<\/h4>\n<div class=\"af-link\"><a href=\"https:\/\/www.shm.software\/de\/facility-integration\">Einrichtungs-integration<\/a><br \/>\n<a href=\"https:\/\/www.shm.software\/de\/multi-language-feature\">Mehrsprachig<\/a><br \/>\n<a href=\"https:\/\/www.shm.software\/de\/relocation-management\">Relocation-Management<\/a><br \/>\n<a href=\"https:\/\/www.shm.software\/de\/shm-database\">SHM-Datenbank<\/a><\/div>\n<\/div>\n<\/div>\n<div class=\"col-lg-6\">\n<div class=\"af-box\">\n<h4>Komfortable Nutzung<\/h4>\n<div class=\"af-link\"><a href=\"https:\/\/www.shm.software\/de\/customisation\">Anpassung<\/a><br \/>\n<a href=\"https:\/\/www.shm.software\/de\/mobile-application\">Mobile Anwendung<\/a><br \/>\n<a href=\"https:\/\/www.shm.software\/de\/offline-mode\">Offline-Modus<\/a><br \/>\n<a href=\"https:\/\/www.shm.software\/de\/bulk-upload\">Bulk-Upload<\/a><\/div>\n<\/div>\n<\/div>\n<\/div>\n<\/div>\n<\/div>\n","protected":false},"excerpt":{"rendered":"<p>Dokumentmanagement Entscheiden Sie, wie Sie Dokumente in die Software einf\u00fcgen wollen! Verwalten und sortieren Sie unterschiedliche Dokumente, um sie den Benutzern Ihrer Software zur Verf\u00fcgung zu stellen. Es gibt zwei Optionen: Sie k\u00f6nnen Dokumente hochladen, zu denen alle Benutzer oder auch nur ausgew\u00e4hlte Gruppen Zugang erhalten. Zus\u00e4tzlich k\u00f6nnen Sie assetspezifische Dokumente hochladen, die sich entweder [&#8230;]<\/p>\n<p><a class=\"btn btn-secondary understrap-read-more-link\" href=\"https:\/\/www.shm.software\/de\/document-management\">Weiterlesen&#8230;<\/a><\/p>\n","protected":false},"author":1,"featured_media":0,"parent":0,"menu_order":0,"comment_status":"closed","ping_status":"closed","template":"page-templates\/empty.php","meta":{"footnotes":""},"class_list":["post-173","page","type-page","status-publish","hentry"],"yoast_head":"<!-- This site is optimized with the Yoast SEO plugin v26.8 - https:\/\/yoast.com\/product\/yoast-seo-wordpress\/ -->\n<title>Dokumentmanagement - SMART HOSPITAL MAINTENANCE<\/title>\n<meta name=\"robots\" content=\"index, follow, max-snippet:-1, max-image-preview:large, max-video-preview:-1\" \/>\n<link rel=\"canonical\" href=\"https:\/\/www.shm.software\/de\/document-management\" \/>\n<meta property=\"og:locale\" content=\"de_DE\" \/>\n<meta property=\"og:type\" content=\"article\" \/>\n<meta property=\"og:title\" content=\"Dokumentmanagement - SMART HOSPITAL MAINTENANCE\" \/>\n<meta property=\"og:description\" content=\"Dokumentmanagement Entscheiden Sie, wie Sie Dokumente in die Software einf\u00fcgen wollen! Verwalten und sortieren Sie unterschiedliche Dokumente, um sie den Benutzern Ihrer Software zur Verf\u00fcgung zu stellen. Es gibt zwei Optionen: Sie k\u00f6nnen Dokumente hochladen, zu denen alle Benutzer oder auch nur ausgew\u00e4hlte Gruppen Zugang erhalten. Zus\u00e4tzlich k\u00f6nnen Sie assetspezifische Dokumente hochladen, die sich entweder [...]Weiterlesen...\" \/>\n<meta property=\"og:url\" content=\"https:\/\/www.shm.software\/de\/document-management\" \/>\n<meta property=\"og:site_name\" content=\"SMART HOSPITAL MAINTENANCE\" \/>\n<meta property=\"article:modified_time\" content=\"2025-05-28T10:36:47+00:00\" \/>\n<meta property=\"og:image\" content=\"https:\/\/www.shm.software\/de\/wp-content\/uploads\/2023\/09\/SHM_Document-Management_screenshot.jpg\" \/>\n<meta name=\"twitter:card\" content=\"summary_large_image\" \/>\n<meta name=\"twitter:label1\" content=\"Gesch\u00e4tzte Lesezeit\" \/>\n\t<meta name=\"twitter:data1\" content=\"2\u00a0Minuten\" \/>\n<script type=\"application\/ld+json\" class=\"yoast-schema-graph\">{\"@context\":\"https:\/\/schema.org\",\"@graph\":[{\"@type\":\"WebPage\",\"@id\":\"https:\/\/www.shm.software\/de\/document-management\",\"url\":\"https:\/\/www.shm.software\/de\/document-management\",\"name\":\"Dokumentmanagement - SMART HOSPITAL MAINTENANCE\",\"isPartOf\":{\"@id\":\"https:\/\/www.shm.software\/de\/#website\"},\"primaryImageOfPage\":{\"@id\":\"https:\/\/www.shm.software\/de\/document-management#primaryimage\"},\"image\":{\"@id\":\"https:\/\/www.shm.software\/de\/document-management#primaryimage\"},\"thumbnailUrl\":\"https:\/\/www.shm.software\/de\/wp-content\/uploads\/2023\/09\/SHM_Document-Management_screenshot.jpg\",\"datePublished\":\"2023-08-31T07:41:14+00:00\",\"dateModified\":\"2025-05-28T10:36:47+00:00\",\"breadcrumb\":{\"@id\":\"https:\/\/www.shm.software\/de\/document-management#breadcrumb\"},\"inLanguage\":\"de\",\"potentialAction\":[{\"@type\":\"ReadAction\",\"target\":[\"https:\/\/www.shm.software\/de\/document-management\"]}]},{\"@type\":\"ImageObject\",\"inLanguage\":\"de\",\"@id\":\"https:\/\/www.shm.software\/de\/document-management#primaryimage\",\"url\":\"https:\/\/www.shm.software\/de\/wp-content\/uploads\/2023\/09\/SHM_Document-Management_screenshot.jpg\",\"contentUrl\":\"https:\/\/www.shm.software\/de\/wp-content\/uploads\/2023\/09\/SHM_Document-Management_screenshot.jpg\",\"width\":600,\"height\":400},{\"@type\":\"BreadcrumbList\",\"@id\":\"https:\/\/www.shm.software\/de\/document-management#breadcrumb\",\"itemListElement\":[{\"@type\":\"ListItem\",\"position\":1,\"name\":\"Startseite\",\"item\":\"https:\/\/www.shm.software\/de\/\"},{\"@type\":\"ListItem\",\"position\":2,\"name\":\"Dokumentmanagement\"}]},{\"@type\":\"WebSite\",\"@id\":\"https:\/\/www.shm.software\/de\/#website\",\"url\":\"https:\/\/www.shm.software\/de\/\",\"name\":\"SMART HOSPITAL MAINTENANCE\",\"description\":\"\",\"potentialAction\":[{\"@type\":\"SearchAction\",\"target\":{\"@type\":\"EntryPoint\",\"urlTemplate\":\"https:\/\/www.shm.software\/de\/?s={search_term_string}\"},\"query-input\":{\"@type\":\"PropertyValueSpecification\",\"valueRequired\":true,\"valueName\":\"search_term_string\"}}],\"inLanguage\":\"de\"}]}<\/script>\n<!-- \/ Yoast SEO plugin. -->","yoast_head_json":{"title":"Dokumentmanagement - SMART HOSPITAL MAINTENANCE","robots":{"index":"index","follow":"follow","max-snippet":"max-snippet:-1","max-image-preview":"max-image-preview:large","max-video-preview":"max-video-preview:-1"},"canonical":"https:\/\/www.shm.software\/de\/document-management","og_locale":"de_DE","og_type":"article","og_title":"Dokumentmanagement - SMART HOSPITAL MAINTENANCE","og_description":"Dokumentmanagement Entscheiden Sie, wie Sie Dokumente in die Software einf\u00fcgen wollen! Verwalten und sortieren Sie unterschiedliche Dokumente, um sie den Benutzern Ihrer Software zur Verf\u00fcgung zu stellen. Es gibt zwei Optionen: Sie k\u00f6nnen Dokumente hochladen, zu denen alle Benutzer oder auch nur ausgew\u00e4hlte Gruppen Zugang erhalten. Zus\u00e4tzlich k\u00f6nnen Sie assetspezifische Dokumente hochladen, die sich entweder [...]Weiterlesen...","og_url":"https:\/\/www.shm.software\/de\/document-management","og_site_name":"SMART HOSPITAL MAINTENANCE","article_modified_time":"2025-05-28T10:36:47+00:00","og_image":[{"url":"https:\/\/www.shm.software\/de\/wp-content\/uploads\/2023\/09\/SHM_Document-Management_screenshot.jpg","type":"","width":"","height":""}],"twitter_card":"summary_large_image","twitter_misc":{"Gesch\u00e4tzte Lesezeit":"2\u00a0Minuten"},"schema":{"@context":"https:\/\/schema.org","@graph":[{"@type":"WebPage","@id":"https:\/\/www.shm.software\/de\/document-management","url":"https:\/\/www.shm.software\/de\/document-management","name":"Dokumentmanagement - SMART HOSPITAL MAINTENANCE","isPartOf":{"@id":"https:\/\/www.shm.software\/de\/#website"},"primaryImageOfPage":{"@id":"https:\/\/www.shm.software\/de\/document-management#primaryimage"},"image":{"@id":"https:\/\/www.shm.software\/de\/document-management#primaryimage"},"thumbnailUrl":"https:\/\/www.shm.software\/de\/wp-content\/uploads\/2023\/09\/SHM_Document-Management_screenshot.jpg","datePublished":"2023-08-31T07:41:14+00:00","dateModified":"2025-05-28T10:36:47+00:00","breadcrumb":{"@id":"https:\/\/www.shm.software\/de\/document-management#breadcrumb"},"inLanguage":"de","potentialAction":[{"@type":"ReadAction","target":["https:\/\/www.shm.software\/de\/document-management"]}]},{"@type":"ImageObject","inLanguage":"de","@id":"https:\/\/www.shm.software\/de\/document-management#primaryimage","url":"https:\/\/www.shm.software\/de\/wp-content\/uploads\/2023\/09\/SHM_Document-Management_screenshot.jpg","contentUrl":"https:\/\/www.shm.software\/de\/wp-content\/uploads\/2023\/09\/SHM_Document-Management_screenshot.jpg","width":600,"height":400},{"@type":"BreadcrumbList","@id":"https:\/\/www.shm.software\/de\/document-management#breadcrumb","itemListElement":[{"@type":"ListItem","position":1,"name":"Startseite","item":"https:\/\/www.shm.software\/de\/"},{"@type":"ListItem","position":2,"name":"Dokumentmanagement"}]},{"@type":"WebSite","@id":"https:\/\/www.shm.software\/de\/#website","url":"https:\/\/www.shm.software\/de\/","name":"SMART HOSPITAL MAINTENANCE","description":"","potentialAction":[{"@type":"SearchAction","target":{"@type":"EntryPoint","urlTemplate":"https:\/\/www.shm.software\/de\/?s={search_term_string}"},"query-input":{"@type":"PropertyValueSpecification","valueRequired":true,"valueName":"search_term_string"}}],"inLanguage":"de"}]}},"_links":{"self":[{"href":"https:\/\/www.shm.software\/de\/wp-json\/wp\/v2\/pages\/173","targetHints":{"allow":["GET"]}}],"collection":[{"href":"https:\/\/www.shm.software\/de\/wp-json\/wp\/v2\/pages"}],"about":[{"href":"https:\/\/www.shm.software\/de\/wp-json\/wp\/v2\/types\/page"}],"author":[{"embeddable":true,"href":"https:\/\/www.shm.software\/de\/wp-json\/wp\/v2\/users\/1"}],"replies":[{"embeddable":true,"href":"https:\/\/www.shm.software\/de\/wp-json\/wp\/v2\/comments?post=173"}],"version-history":[{"count":19,"href":"https:\/\/www.shm.software\/de\/wp-json\/wp\/v2\/pages\/173\/revisions"}],"predecessor-version":[{"id":819,"href":"https:\/\/www.shm.software\/de\/wp-json\/wp\/v2\/pages\/173\/revisions\/819"}],"wp:attachment":[{"href":"https:\/\/www.shm.software\/de\/wp-json\/wp\/v2\/media?parent=173"}],"curies":[{"name":"wp","href":"https:\/\/api.w.org\/{rel}","templated":true}]}}