{"id":175,"date":"2023-08-31T07:41:21","date_gmt":"2023-08-31T07:41:21","guid":{"rendered":"https:\/\/www.shm.software\/de\/?page_id=175"},"modified":"2025-05-28T11:00:27","modified_gmt":"2025-05-28T11:00:27","slug":"service-request-management","status":"publish","type":"page","link":"https:\/\/www.shm.software\/de\/service-request-management","title":{"rendered":"Verwaltung von Serviceanfragen"},"content":{"rendered":"<div class=\"serequest-bg in-head\"><\/div>\n<p id=\"breadcrumbs\"><span><span><a href=\"https:\/\/www.shm.software\/de\/\">Startseite<\/a><\/span><\/span><\/p>\n<div class=\"section-white\">\n<div class=\"container\">\n<div class=\"row align-items-center\">\n<div class=\"col-md-6\">\n<h1 class=\"h3\">Verwaltung von Serviceanfragen<\/h1>\n<p>Das Serviceanfragenmanagement ist ein standardisiertes Verfahren zur Bearbeitung von technischen Anfragen zu Anlagen. Es beginnt damit, dass eine Serviceanfrage f\u00fcr eine technische Dienstleistung gestellt wird, wenn eine Anlage nicht ordnungsgem\u00e4\u00df funktioniert, vollst\u00e4ndig ausgefallen ist oder sonstige technische Aufmerksamkeit erfordert. Das Serviceanfragenmanagement umfasst den gesamten Prozess von der Anfrage \u00fcber die erforderlichen technischen Dienstleistungen bis hin zum technischen Bericht und der R\u00fcckmeldung an den Nutzer.<\/p>\n<\/div>\n<div class=\"col-md-6\"><img decoding=\"async\" class=\"img-fluid d-block mx-auto\" src=\"https:\/\/www.shm.software\/de\/wp-content\/uploads\/2023\/09\/SHM_Service-Request-Management2.jpg\" alt=\"Service Request Management\" \/><\/div>\n<\/div>\n<\/div>\n<\/div>\n<div class=\"section-lightgrey\">\n<div class=\"container\">\n<div class=\"row align-items-center\">\n<div class=\"col-md-6 order-md-2\">\n<h3>Schnelle Reaktionszeit<\/h3>\n<p>Mit Smart Hospital Maintenance k\u00f6nnen Ger\u00e4test\u00f6rungen oder andere technische Probleme in k\u00fcrzester Zeit behoben werden, da das Personal die M\u00f6glichkeit hat, direkt Serviceanfragen zu erstellen. Durch einfaches Scannen des QR-Labels Ihrer Anlage oder die manuelle Eingabe der Inventarnummer des Ger\u00e4ts k\u00f6nnen Sie eine Serviceanfrage erstellen, um dem technischen Team mitzuteilen, dass Sie Unterst\u00fctzung ben\u00f6tigen. Ihr technisches Serviceteam wird in der Lage sein, die dringendsten Probleme sofort zu identifizieren und zu priorisieren und den Auftraggeber in allen Phasen auf dem Laufenden zu halten.<\/p>\n<\/div>\n<div class=\"col-md-6 order-md-1\"><img decoding=\"async\" class=\"img-fluid d-block mx-auto\" src=\"https:\/\/www.shm.software\/de\/wp-content\/uploads\/2023\/09\/SHM_Service-Request-Management-Incubator.jpg\" alt=\"Fast Response Time\" \/><\/div>\n<\/div>\n<\/div>\n<\/div>\n<div class=\"section-white\">\n<div class=\"container\">\n<div class=\"row align-items-center\">\n<div class=\"col-md-6\">\n<h3>Gut organisiert<\/h3>\n<p>Nach dem Lesen der Serviceanfrage gibt das technische Serviceteam eine Bearbeitungszeit und den zust\u00e4ndigen Techniker an. Innerhalb dieser Frist setzt sich der Techniker mit dem Auftraggeber in Verbindung, um weitere Informationen einzuholen, zu entscheiden, welche technischen Dienstleistungen erforderlich sind, und diese durchzuf\u00fchren. W\u00e4hrend der ganzen Abwicklung von Serviceanfragen haben die Techniker Zugriff auf die gesamte Anlagendokumentation, einschlie\u00dflich technischer Berichte und Handb\u00fccher. Jeder Schritt des Prozesses wird \u00fcberwacht und ist f\u00fcr alle autorisierten Benutzer mit den entsprechenden Zugriffsrechten sichtbar, damit sie jederzeit genau \u00fcber die Vorg\u00e4nge informiert sind. Der Techniker erstellt einen Bericht, um eine ausreichende Dokumentation zu gew\u00e4hrleisten.<\/p>\n<\/div>\n<div class=\"col-md-6\"><img decoding=\"async\" class=\"img-fluid d-block mx-auto\" src=\"https:\/\/www.shm.software\/de\/wp-content\/uploads\/2023\/09\/SHM_Service-Request-Management.jpg\" alt=\"Well managed\" \/><\/div>\n<\/div>\n<\/div>\n<\/div>\n<div class=\"section-primary\">\n<div class=\"container\">\n<div class=\"row\">\n<div class=\"col-lg-10 mx-auto text-center\">\n<h4>Sind Sie daran interessiert, Smart Hospital Maintenance zu testen?<br \/>\nBuchen Sie Ihre Demo mit einem unserer qualifizierten Experten!<\/h4>\n<div><a class=\"btn btn-primary mt-3\" href=\"https:\/\/www.shm.software\/de\/contact-us\">Demo buchen<\/a><\/div>\n<\/div>\n<\/div>\n<\/div>\n<\/div>\n<div class=\"section-white\">\n<div class=\"container\">\n<div class=\"row text-center\">\n<div class=\"col-lg-12\">\n<h3 class=\"mb-0\">Zus\u00e4tzliche Features<\/h3>\n<\/div>\n<div class=\"col-lg-6\">\n<div class=\"af-box\">\n<h4>Wartung und Verwaltung<\/h4>\n<div class=\"af-link\"><a href=\"https:\/\/www.shm.software\/de\/work-order-management\">Arbeitsauftrags-management<\/a><br \/>\n<a href=\"https:\/\/www.shm.software\/de\/planned-preventive-maintenance\">Geplante pr\u00e4ventive Wartung<\/a><br \/>\n<a href=\"https:\/\/www.shm.software\/de\/corrective-maintenance\">Korrektive Wartung<\/a><br \/>\n<a href=\"https:\/\/www.shm.software\/de\/inspection-maintenance\">Vorausschauende Wartung<\/a><\/div>\n<\/div>\n<\/div>\n<div class=\"col-lg-6\">\n<div class=\"af-box\">\n<h4>Umfangreiche M\u00f6glichkeiten<\/h4>\n<div class=\"af-link\"><a href=\"https:\/\/www.shm.software\/de\/technical-reports\">Technische Berichte<\/a><br \/>\n<a href=\"https:\/\/www.shm.software\/de\/contact-management\">Kontakt management<\/a><br \/>\n<a href=\"https:\/\/www.shm.software\/de\/contract-administration\">Vertragsverwaltung<\/a><br \/>\n<a href=\"https:\/\/www.shm.software\/de\/user-profiles\">Benutzer<\/a><\/div>\n<\/div>\n<\/div>\n<div class=\"col-lg-6\">\n<div class=\"af-box\">\n<h4>Skalierbarkeit<\/h4>\n<div class=\"af-link\"><a href=\"https:\/\/www.shm.software\/de\/facility-integration\">Einrichtungs-integration<\/a><br \/>\n<a href=\"https:\/\/www.shm.software\/de\/multi-language-feature\">Mehrsprachig<\/a><br \/>\n<a href=\"https:\/\/www.shm.software\/de\/relocation-management\">Relocation-Management<\/a><br \/>\n<a href=\"https:\/\/www.shm.software\/de\/shm-database\">SHM-Datenbank<\/a><\/div>\n<\/div>\n<\/div>\n<div class=\"col-lg-6\">\n<div class=\"af-box\">\n<h4>Komfortable Nutzung<\/h4>\n<div class=\"af-link\"><a href=\"https:\/\/www.shm.software\/de\/customisation\">Anpassung<\/a><br \/>\n<a href=\"https:\/\/www.shm.software\/de\/mobile-application\">Mobile Anwendung<\/a><br \/>\n<a href=\"https:\/\/www.shm.software\/de\/offline-mode\">Offline-Modus<\/a><br \/>\n<a href=\"https:\/\/www.shm.software\/de\/bulk-upload\">Bulk-Upload<\/a><\/div>\n<\/div>\n<\/div>\n<\/div>\n<\/div>\n<\/div>\n","protected":false},"excerpt":{"rendered":"<p>Verwaltung von Serviceanfragen Das Serviceanfragenmanagement ist ein standardisiertes Verfahren zur Bearbeitung von technischen Anfragen zu Anlagen. Es beginnt damit, dass eine Serviceanfrage f\u00fcr eine technische Dienstleistung gestellt wird, wenn eine Anlage nicht ordnungsgem\u00e4\u00df funktioniert, vollst\u00e4ndig ausgefallen ist oder sonstige technische Aufmerksamkeit erfordert. Das Serviceanfragenmanagement umfasst den gesamten Prozess von der Anfrage \u00fcber die erforderlichen technischen [&#8230;]<\/p>\n<p><a class=\"btn btn-secondary understrap-read-more-link\" href=\"https:\/\/www.shm.software\/de\/service-request-management\">Weiterlesen&#8230;<\/a><\/p>\n","protected":false},"author":1,"featured_media":0,"parent":0,"menu_order":0,"comment_status":"closed","ping_status":"closed","template":"page-templates\/empty.php","meta":{"footnotes":""},"class_list":["post-175","page","type-page","status-publish","hentry"],"yoast_head":"<!-- This site is optimized with the Yoast SEO plugin v26.8 - https:\/\/yoast.com\/product\/yoast-seo-wordpress\/ -->\n<title>Verwaltung von Serviceanfragen - SMART HOSPITAL MAINTENANCE<\/title>\n<meta name=\"robots\" content=\"index, follow, max-snippet:-1, max-image-preview:large, max-video-preview:-1\" \/>\n<link rel=\"canonical\" href=\"https:\/\/www.shm.software\/de\/service-request-management\" \/>\n<meta property=\"og:locale\" content=\"de_DE\" \/>\n<meta property=\"og:type\" content=\"article\" \/>\n<meta property=\"og:title\" content=\"Verwaltung von Serviceanfragen - SMART HOSPITAL MAINTENANCE\" \/>\n<meta property=\"og:description\" content=\"Verwaltung von Serviceanfragen Das Serviceanfragenmanagement ist ein standardisiertes Verfahren zur Bearbeitung von technischen Anfragen zu Anlagen. Es beginnt damit, dass eine Serviceanfrage f\u00fcr eine technische Dienstleistung gestellt wird, wenn eine Anlage nicht ordnungsgem\u00e4\u00df funktioniert, vollst\u00e4ndig ausgefallen ist oder sonstige technische Aufmerksamkeit erfordert. Das Serviceanfragenmanagement umfasst den gesamten Prozess von der Anfrage \u00fcber die erforderlichen technischen [...]Weiterlesen...\" \/>\n<meta property=\"og:url\" content=\"https:\/\/www.shm.software\/de\/service-request-management\" \/>\n<meta property=\"og:site_name\" content=\"SMART HOSPITAL MAINTENANCE\" \/>\n<meta property=\"article:modified_time\" content=\"2025-05-28T11:00:27+00:00\" \/>\n<meta property=\"og:image\" content=\"https:\/\/www.shm.software\/de\/wp-content\/uploads\/2023\/09\/SHM_Service-Request-Management2.jpg\" \/>\n<meta name=\"twitter:card\" content=\"summary_large_image\" \/>\n<meta name=\"twitter:label1\" content=\"Gesch\u00e4tzte Lesezeit\" \/>\n\t<meta name=\"twitter:data1\" content=\"3\u00a0Minuten\" \/>\n<script type=\"application\/ld+json\" class=\"yoast-schema-graph\">{\"@context\":\"https:\/\/schema.org\",\"@graph\":[{\"@type\":\"WebPage\",\"@id\":\"https:\/\/www.shm.software\/de\/service-request-management\",\"url\":\"https:\/\/www.shm.software\/de\/service-request-management\",\"name\":\"Verwaltung von Serviceanfragen - SMART HOSPITAL MAINTENANCE\",\"isPartOf\":{\"@id\":\"https:\/\/www.shm.software\/de\/#website\"},\"primaryImageOfPage\":{\"@id\":\"https:\/\/www.shm.software\/de\/service-request-management#primaryimage\"},\"image\":{\"@id\":\"https:\/\/www.shm.software\/de\/service-request-management#primaryimage\"},\"thumbnailUrl\":\"https:\/\/www.shm.software\/de\/wp-content\/uploads\/2023\/09\/SHM_Service-Request-Management2.jpg\",\"datePublished\":\"2023-08-31T07:41:21+00:00\",\"dateModified\":\"2025-05-28T11:00:27+00:00\",\"breadcrumb\":{\"@id\":\"https:\/\/www.shm.software\/de\/service-request-management#breadcrumb\"},\"inLanguage\":\"de\",\"potentialAction\":[{\"@type\":\"ReadAction\",\"target\":[\"https:\/\/www.shm.software\/de\/service-request-management\"]}]},{\"@type\":\"ImageObject\",\"inLanguage\":\"de\",\"@id\":\"https:\/\/www.shm.software\/de\/service-request-management#primaryimage\",\"url\":\"https:\/\/www.shm.software\/de\/wp-content\/uploads\/2023\/09\/SHM_Service-Request-Management2.jpg\",\"contentUrl\":\"https:\/\/www.shm.software\/de\/wp-content\/uploads\/2023\/09\/SHM_Service-Request-Management2.jpg\",\"width\":600,\"height\":400},{\"@type\":\"BreadcrumbList\",\"@id\":\"https:\/\/www.shm.software\/de\/service-request-management#breadcrumb\",\"itemListElement\":[{\"@type\":\"ListItem\",\"position\":1,\"name\":\"Startseite\",\"item\":\"https:\/\/www.shm.software\/de\/\"},{\"@type\":\"ListItem\",\"position\":2,\"name\":\"Verwaltung von Serviceanfragen\"}]},{\"@type\":\"WebSite\",\"@id\":\"https:\/\/www.shm.software\/de\/#website\",\"url\":\"https:\/\/www.shm.software\/de\/\",\"name\":\"SMART HOSPITAL MAINTENANCE\",\"description\":\"\",\"potentialAction\":[{\"@type\":\"SearchAction\",\"target\":{\"@type\":\"EntryPoint\",\"urlTemplate\":\"https:\/\/www.shm.software\/de\/?s={search_term_string}\"},\"query-input\":{\"@type\":\"PropertyValueSpecification\",\"valueRequired\":true,\"valueName\":\"search_term_string\"}}],\"inLanguage\":\"de\"}]}<\/script>\n<!-- \/ Yoast SEO plugin. -->","yoast_head_json":{"title":"Verwaltung von Serviceanfragen - SMART HOSPITAL MAINTENANCE","robots":{"index":"index","follow":"follow","max-snippet":"max-snippet:-1","max-image-preview":"max-image-preview:large","max-video-preview":"max-video-preview:-1"},"canonical":"https:\/\/www.shm.software\/de\/service-request-management","og_locale":"de_DE","og_type":"article","og_title":"Verwaltung von Serviceanfragen - SMART HOSPITAL MAINTENANCE","og_description":"Verwaltung von Serviceanfragen Das Serviceanfragenmanagement ist ein standardisiertes Verfahren zur Bearbeitung von technischen Anfragen zu Anlagen. Es beginnt damit, dass eine Serviceanfrage f\u00fcr eine technische Dienstleistung gestellt wird, wenn eine Anlage nicht ordnungsgem\u00e4\u00df funktioniert, vollst\u00e4ndig ausgefallen ist oder sonstige technische Aufmerksamkeit erfordert. Das Serviceanfragenmanagement umfasst den gesamten Prozess von der Anfrage \u00fcber die erforderlichen technischen [...]Weiterlesen...","og_url":"https:\/\/www.shm.software\/de\/service-request-management","og_site_name":"SMART HOSPITAL MAINTENANCE","article_modified_time":"2025-05-28T11:00:27+00:00","og_image":[{"url":"https:\/\/www.shm.software\/de\/wp-content\/uploads\/2023\/09\/SHM_Service-Request-Management2.jpg","type":"","width":"","height":""}],"twitter_card":"summary_large_image","twitter_misc":{"Gesch\u00e4tzte Lesezeit":"3\u00a0Minuten"},"schema":{"@context":"https:\/\/schema.org","@graph":[{"@type":"WebPage","@id":"https:\/\/www.shm.software\/de\/service-request-management","url":"https:\/\/www.shm.software\/de\/service-request-management","name":"Verwaltung von Serviceanfragen - SMART HOSPITAL MAINTENANCE","isPartOf":{"@id":"https:\/\/www.shm.software\/de\/#website"},"primaryImageOfPage":{"@id":"https:\/\/www.shm.software\/de\/service-request-management#primaryimage"},"image":{"@id":"https:\/\/www.shm.software\/de\/service-request-management#primaryimage"},"thumbnailUrl":"https:\/\/www.shm.software\/de\/wp-content\/uploads\/2023\/09\/SHM_Service-Request-Management2.jpg","datePublished":"2023-08-31T07:41:21+00:00","dateModified":"2025-05-28T11:00:27+00:00","breadcrumb":{"@id":"https:\/\/www.shm.software\/de\/service-request-management#breadcrumb"},"inLanguage":"de","potentialAction":[{"@type":"ReadAction","target":["https:\/\/www.shm.software\/de\/service-request-management"]}]},{"@type":"ImageObject","inLanguage":"de","@id":"https:\/\/www.shm.software\/de\/service-request-management#primaryimage","url":"https:\/\/www.shm.software\/de\/wp-content\/uploads\/2023\/09\/SHM_Service-Request-Management2.jpg","contentUrl":"https:\/\/www.shm.software\/de\/wp-content\/uploads\/2023\/09\/SHM_Service-Request-Management2.jpg","width":600,"height":400},{"@type":"BreadcrumbList","@id":"https:\/\/www.shm.software\/de\/service-request-management#breadcrumb","itemListElement":[{"@type":"ListItem","position":1,"name":"Startseite","item":"https:\/\/www.shm.software\/de\/"},{"@type":"ListItem","position":2,"name":"Verwaltung von Serviceanfragen"}]},{"@type":"WebSite","@id":"https:\/\/www.shm.software\/de\/#website","url":"https:\/\/www.shm.software\/de\/","name":"SMART HOSPITAL MAINTENANCE","description":"","potentialAction":[{"@type":"SearchAction","target":{"@type":"EntryPoint","urlTemplate":"https:\/\/www.shm.software\/de\/?s={search_term_string}"},"query-input":{"@type":"PropertyValueSpecification","valueRequired":true,"valueName":"search_term_string"}}],"inLanguage":"de"}]}},"_links":{"self":[{"href":"https:\/\/www.shm.software\/de\/wp-json\/wp\/v2\/pages\/175","targetHints":{"allow":["GET"]}}],"collection":[{"href":"https:\/\/www.shm.software\/de\/wp-json\/wp\/v2\/pages"}],"about":[{"href":"https:\/\/www.shm.software\/de\/wp-json\/wp\/v2\/types\/page"}],"author":[{"embeddable":true,"href":"https:\/\/www.shm.software\/de\/wp-json\/wp\/v2\/users\/1"}],"replies":[{"embeddable":true,"href":"https:\/\/www.shm.software\/de\/wp-json\/wp\/v2\/comments?post=175"}],"version-history":[{"count":13,"href":"https:\/\/www.shm.software\/de\/wp-json\/wp\/v2\/pages\/175\/revisions"}],"predecessor-version":[{"id":834,"href":"https:\/\/www.shm.software\/de\/wp-json\/wp\/v2\/pages\/175\/revisions\/834"}],"wp:attachment":[{"href":"https:\/\/www.shm.software\/de\/wp-json\/wp\/v2\/media?parent=175"}],"curies":[{"name":"wp","href":"https:\/\/api.w.org\/{rel}","templated":true}]}}