{"id":178,"date":"2023-08-31T07:41:28","date_gmt":"2023-08-31T07:41:28","guid":{"rendered":"https:\/\/www.shm.software\/de\/?page_id=178"},"modified":"2025-05-28T10:45:33","modified_gmt":"2025-05-28T10:45:33","slug":"qr-labels","status":"publish","type":"page","link":"https:\/\/www.shm.software\/de\/qr-labels","title":{"rendered":"QR-Code-Labels"},"content":{"rendered":"<div class=\"qr-bg in-head\"><\/div>\n<p id=\"breadcrumbs\"><span><span><a href=\"https:\/\/www.shm.software\/de\/\">Startseite<\/a><\/span><\/span><\/p>\n<div class=\"section-white\">\n<div class=\"container\">\n<div class=\"row align-items-center\">\n<div class=\"col-md-7\">\n<h1 class=\"h3\">QR-Code-Labels<\/h1>\n<p>Smart Hospital Maintenance unterst\u00fctzt die Verwendung von QR-Labels, einschlie\u00dflich des Drucks von Einzel- und Massen-QR-Labels.<\/p>\n<p>Scannen Sie das Label mit der Webanwendung oder der nativen App, um Ihre Ger\u00e4te noch schneller zu erfassen. Das QR-Label wird von der Software interpretiert und f\u00fchrt Sie direkt zur digitalen Datei Ihres Assets.<\/p>\n<\/div>\n<div class=\"col-md-5\"><img decoding=\"async\" class=\"img-fluid d-block mx-auto\" src=\"https:\/\/www.shm.software\/de\/wp-content\/uploads\/2023\/09\/qrlabels-img1.jpg\" alt=\"QR Labels\" \/><\/div>\n<\/div>\n<\/div>\n<\/div>\n<div class=\"section-lightgrey\">\n<div class=\"container\">\n<div class=\"row align-items-center\">\n<div class=\"col-md-7 order-md-2\">\n<h3>Die Vorteile von QR-Labels<\/h3>\n<p>Durch den Einsatz von QR-Labels k\u00f6nnen Sie die Effizienz bei der Bearbeitung Ihrer Best\u00e4nde steigern. Anstatt die Inventarnummer manuell einzutippen, scannen Sie einfach das QR-Label, um sofort die digitale Datei des gescannten Objekts zu erhalten.<\/p>\n<p>Ihr individuelles QR-Label kann auch verwendet werden, um Ihre Einrichtung bei der Kennzeichnung ihres eigenen Eigentums zu unterst\u00fctzen.<\/p>\n<\/div>\n<div class=\"col-md-5 order-md-1\"><img decoding=\"async\" class=\"img-fluid d-block mx-auto\" src=\"https:\/\/www.shm.software\/de\/wp-content\/uploads\/2023\/09\/SHM_Efficient-Services_QR-Labels.jpg\" alt=\"Benefits of QR Labels\" \/><\/div>\n<\/div>\n<\/div>\n<\/div>\n<div class=\"section-white\">\n<div class=\"container\">\n<div class=\"row\">\n<div class=\"col-md-12 text-center\">\n<h3>Unterst\u00fctzung von QR-Labels<\/h3>\n<p>Der QR-Label-Generator kann an jede Inventarcode-Struktur angepasst und mit Ihrem Logo versehen werden. Sie k\u00f6nnen entweder einzelne QR-Labels erstellen oder die Option f\u00fcr den Massendruck von QR-Labels nutzen. Letzteres ist besonders n\u00fctzlich, wenn Sie gro\u00dfe Mengen von Ger\u00e4ten direkt hinzuf\u00fcgen m\u00f6chten.<\/p>\n<p>Jeder Benutzer mit den entsprechenden Zugriffsrechten kann dann das Label scannen, um Details anzuzeigen oder sofort eine Serviceanfrage zu stellen.<\/p>\n<\/div>\n<\/div>\n<\/div>\n<\/div>\n<div class=\"section-primary\">\n<div class=\"container\">\n<div class=\"row\">\n<div class=\"col-lg-10 mx-auto text-center\">\n<h4>M\u00f6chten Sie Smart Hospital Maintenance in Aktion sehen oder haben Sie Fragen, wie QR-Labels die Effizienz des Asset-Managements im Krankenhaus verbessern k\u00f6nnen?<\/h4>\n<h4>Buchen Sie Ihre Demo mit einem unserer Experten!<\/h4>\n<div><a class=\"btn btn-primary mt-3\" href=\"https:\/\/www.shm.software\/de\/contact-us\">Demo buchen<\/a><\/div>\n<\/div>\n<\/div>\n<\/div>\n<\/div>\n<div class=\"section-white\">\n<div class=\"container\">\n<div class=\"row text-center\">\n<div class=\"col-lg-12\">\n<h3 class=\"mb-0\">Zus\u00e4tzliche Features<\/h3>\n<\/div>\n<div class=\"col-lg-6\">\n<div class=\"af-box\">\n<h4>Wartung und Verwaltung<\/h4>\n<div class=\"af-link\"><a href=\"https:\/\/www.shm.software\/de\/work-order-management\">Arbeitsauftrags-management<\/a><br \/>\n<a href=\"https:\/\/www.shm.software\/de\/planned-preventive-maintenance\">Geplante pr\u00e4ventive Wartung<\/a><br \/>\n<a href=\"https:\/\/www.shm.software\/de\/corrective-maintenance\">Korrektive Wartung<\/a><br \/>\n<a href=\"https:\/\/www.shm.software\/de\/inspection-maintenance\">Vorausschauende Wartung<\/a><\/div>\n<\/div>\n<\/div>\n<div class=\"col-lg-6\">\n<div class=\"af-box\">\n<h4>Umfangreiche M\u00f6glichkeiten<\/h4>\n<div class=\"af-link\"><a href=\"https:\/\/www.shm.software\/de\/technical-reports\">Technische Berichte<\/a><br \/>\n<a href=\"https:\/\/www.shm.software\/de\/contact-management\">Kontakt management<\/a><br \/>\n<a href=\"https:\/\/www.shm.software\/de\/contract-administration\">Vertragsverwaltung<\/a><br \/>\n<a href=\"https:\/\/www.shm.software\/de\/user-profiles\">Benutzer<\/a><\/div>\n<\/div>\n<\/div>\n<div class=\"col-lg-6\">\n<div class=\"af-box\">\n<h4>Skalierbarkeit<\/h4>\n<div class=\"af-link\"><a href=\"https:\/\/www.shm.software\/de\/facility-integration\">Einrichtungs-integration<\/a><br \/>\n<a href=\"https:\/\/www.shm.software\/de\/multi-language-feature\">Mehrsprachig<\/a><br \/>\n<a href=\"https:\/\/www.shm.software\/de\/relocation-management\">Relocation-Management<\/a><br \/>\n<a href=\"https:\/\/www.shm.software\/de\/shm-database\">SHM-Datenbank<\/a><\/div>\n<\/div>\n<\/div>\n<div class=\"col-lg-6\">\n<div class=\"af-box\">\n<h4>Komfortable Nutzung<\/h4>\n<div class=\"af-link\"><a href=\"https:\/\/www.shm.software\/de\/customisation\">Anpassung<\/a><br \/>\n<a href=\"https:\/\/www.shm.software\/de\/mobile-application\">Mobile Anwendung<\/a><br \/>\n<a href=\"https:\/\/www.shm.software\/de\/offline-mode\">Offline-Modus<\/a><br \/>\n<a href=\"https:\/\/www.shm.software\/de\/bulk-upload\">Bulk-Upload<\/a><\/div>\n<\/div>\n<\/div>\n<\/div>\n<\/div>\n<\/div>\n","protected":false},"excerpt":{"rendered":"<p>QR-Code-Labels Smart Hospital Maintenance unterst\u00fctzt die Verwendung von QR-Labels, einschlie\u00dflich des Drucks von Einzel- und Massen-QR-Labels. Scannen Sie das Label mit der Webanwendung oder der nativen App, um Ihre Ger\u00e4te noch schneller zu erfassen. Das QR-Label wird von der Software interpretiert und f\u00fchrt Sie direkt zur digitalen Datei Ihres Assets. Die Vorteile von QR-Labels Durch [&#8230;]<\/p>\n<p><a class=\"btn btn-secondary understrap-read-more-link\" href=\"https:\/\/www.shm.software\/de\/qr-labels\">Weiterlesen&#8230;<\/a><\/p>\n","protected":false},"author":1,"featured_media":0,"parent":0,"menu_order":0,"comment_status":"closed","ping_status":"closed","template":"page-templates\/empty.php","meta":{"footnotes":""},"class_list":["post-178","page","type-page","status-publish","hentry"],"yoast_head":"<!-- This site is optimized with the Yoast SEO plugin v26.8 - https:\/\/yoast.com\/product\/yoast-seo-wordpress\/ -->\n<title>QR-Code-Labels - SMART HOSPITAL MAINTENANCE<\/title>\n<meta name=\"robots\" content=\"index, follow, max-snippet:-1, max-image-preview:large, max-video-preview:-1\" \/>\n<link rel=\"canonical\" href=\"https:\/\/www.shm.software\/de\/qr-labels\" \/>\n<meta property=\"og:locale\" content=\"de_DE\" \/>\n<meta property=\"og:type\" content=\"article\" \/>\n<meta property=\"og:title\" content=\"QR-Code-Labels - SMART HOSPITAL MAINTENANCE\" \/>\n<meta property=\"og:description\" content=\"QR-Code-Labels Smart Hospital Maintenance unterst\u00fctzt die Verwendung von QR-Labels, einschlie\u00dflich des Drucks von Einzel- und Massen-QR-Labels. Scannen Sie das Label mit der Webanwendung oder der nativen App, um Ihre Ger\u00e4te noch schneller zu erfassen. Das QR-Label wird von der Software interpretiert und f\u00fchrt Sie direkt zur digitalen Datei Ihres Assets. Die Vorteile von QR-Labels Durch [...]Weiterlesen...\" \/>\n<meta property=\"og:url\" content=\"https:\/\/www.shm.software\/de\/qr-labels\" \/>\n<meta property=\"og:site_name\" content=\"SMART HOSPITAL MAINTENANCE\" \/>\n<meta property=\"article:modified_time\" content=\"2025-05-28T10:45:33+00:00\" \/>\n<meta property=\"og:image\" content=\"https:\/\/www.shm.software\/de\/wp-content\/uploads\/2023\/09\/qrlabels-img1.jpg\" \/>\n<meta name=\"twitter:card\" content=\"summary_large_image\" \/>\n<meta name=\"twitter:label1\" content=\"Gesch\u00e4tzte Lesezeit\" \/>\n\t<meta name=\"twitter:data1\" content=\"2\u00a0Minuten\" \/>\n<script type=\"application\/ld+json\" class=\"yoast-schema-graph\">{\"@context\":\"https:\/\/schema.org\",\"@graph\":[{\"@type\":\"WebPage\",\"@id\":\"https:\/\/www.shm.software\/de\/qr-labels\",\"url\":\"https:\/\/www.shm.software\/de\/qr-labels\",\"name\":\"QR-Code-Labels - SMART HOSPITAL MAINTENANCE\",\"isPartOf\":{\"@id\":\"https:\/\/www.shm.software\/de\/#website\"},\"primaryImageOfPage\":{\"@id\":\"https:\/\/www.shm.software\/de\/qr-labels#primaryimage\"},\"image\":{\"@id\":\"https:\/\/www.shm.software\/de\/qr-labels#primaryimage\"},\"thumbnailUrl\":\"https:\/\/www.shm.software\/de\/wp-content\/uploads\/2023\/09\/qrlabels-img1.jpg\",\"datePublished\":\"2023-08-31T07:41:28+00:00\",\"dateModified\":\"2025-05-28T10:45:33+00:00\",\"breadcrumb\":{\"@id\":\"https:\/\/www.shm.software\/de\/qr-labels#breadcrumb\"},\"inLanguage\":\"de\",\"potentialAction\":[{\"@type\":\"ReadAction\",\"target\":[\"https:\/\/www.shm.software\/de\/qr-labels\"]}]},{\"@type\":\"ImageObject\",\"inLanguage\":\"de\",\"@id\":\"https:\/\/www.shm.software\/de\/qr-labels#primaryimage\",\"url\":\"https:\/\/www.shm.software\/de\/wp-content\/uploads\/2023\/09\/qrlabels-img1.jpg\",\"contentUrl\":\"https:\/\/www.shm.software\/de\/wp-content\/uploads\/2023\/09\/qrlabels-img1.jpg\",\"width\":600,\"height\":400},{\"@type\":\"BreadcrumbList\",\"@id\":\"https:\/\/www.shm.software\/de\/qr-labels#breadcrumb\",\"itemListElement\":[{\"@type\":\"ListItem\",\"position\":1,\"name\":\"Startseite\",\"item\":\"https:\/\/www.shm.software\/de\/\"},{\"@type\":\"ListItem\",\"position\":2,\"name\":\"QR-Code-Labels\"}]},{\"@type\":\"WebSite\",\"@id\":\"https:\/\/www.shm.software\/de\/#website\",\"url\":\"https:\/\/www.shm.software\/de\/\",\"name\":\"SMART HOSPITAL MAINTENANCE\",\"description\":\"\",\"potentialAction\":[{\"@type\":\"SearchAction\",\"target\":{\"@type\":\"EntryPoint\",\"urlTemplate\":\"https:\/\/www.shm.software\/de\/?s={search_term_string}\"},\"query-input\":{\"@type\":\"PropertyValueSpecification\",\"valueRequired\":true,\"valueName\":\"search_term_string\"}}],\"inLanguage\":\"de\"}]}<\/script>\n<!-- \/ Yoast SEO plugin. -->","yoast_head_json":{"title":"QR-Code-Labels - SMART HOSPITAL MAINTENANCE","robots":{"index":"index","follow":"follow","max-snippet":"max-snippet:-1","max-image-preview":"max-image-preview:large","max-video-preview":"max-video-preview:-1"},"canonical":"https:\/\/www.shm.software\/de\/qr-labels","og_locale":"de_DE","og_type":"article","og_title":"QR-Code-Labels - SMART HOSPITAL MAINTENANCE","og_description":"QR-Code-Labels Smart Hospital Maintenance unterst\u00fctzt die Verwendung von QR-Labels, einschlie\u00dflich des Drucks von Einzel- und Massen-QR-Labels. Scannen Sie das Label mit der Webanwendung oder der nativen App, um Ihre Ger\u00e4te noch schneller zu erfassen. Das QR-Label wird von der Software interpretiert und f\u00fchrt Sie direkt zur digitalen Datei Ihres Assets. Die Vorteile von QR-Labels Durch [...]Weiterlesen...","og_url":"https:\/\/www.shm.software\/de\/qr-labels","og_site_name":"SMART HOSPITAL MAINTENANCE","article_modified_time":"2025-05-28T10:45:33+00:00","og_image":[{"url":"https:\/\/www.shm.software\/de\/wp-content\/uploads\/2023\/09\/qrlabels-img1.jpg","type":"","width":"","height":""}],"twitter_card":"summary_large_image","twitter_misc":{"Gesch\u00e4tzte Lesezeit":"2\u00a0Minuten"},"schema":{"@context":"https:\/\/schema.org","@graph":[{"@type":"WebPage","@id":"https:\/\/www.shm.software\/de\/qr-labels","url":"https:\/\/www.shm.software\/de\/qr-labels","name":"QR-Code-Labels - SMART HOSPITAL MAINTENANCE","isPartOf":{"@id":"https:\/\/www.shm.software\/de\/#website"},"primaryImageOfPage":{"@id":"https:\/\/www.shm.software\/de\/qr-labels#primaryimage"},"image":{"@id":"https:\/\/www.shm.software\/de\/qr-labels#primaryimage"},"thumbnailUrl":"https:\/\/www.shm.software\/de\/wp-content\/uploads\/2023\/09\/qrlabels-img1.jpg","datePublished":"2023-08-31T07:41:28+00:00","dateModified":"2025-05-28T10:45:33+00:00","breadcrumb":{"@id":"https:\/\/www.shm.software\/de\/qr-labels#breadcrumb"},"inLanguage":"de","potentialAction":[{"@type":"ReadAction","target":["https:\/\/www.shm.software\/de\/qr-labels"]}]},{"@type":"ImageObject","inLanguage":"de","@id":"https:\/\/www.shm.software\/de\/qr-labels#primaryimage","url":"https:\/\/www.shm.software\/de\/wp-content\/uploads\/2023\/09\/qrlabels-img1.jpg","contentUrl":"https:\/\/www.shm.software\/de\/wp-content\/uploads\/2023\/09\/qrlabels-img1.jpg","width":600,"height":400},{"@type":"BreadcrumbList","@id":"https:\/\/www.shm.software\/de\/qr-labels#breadcrumb","itemListElement":[{"@type":"ListItem","position":1,"name":"Startseite","item":"https:\/\/www.shm.software\/de\/"},{"@type":"ListItem","position":2,"name":"QR-Code-Labels"}]},{"@type":"WebSite","@id":"https:\/\/www.shm.software\/de\/#website","url":"https:\/\/www.shm.software\/de\/","name":"SMART HOSPITAL MAINTENANCE","description":"","potentialAction":[{"@type":"SearchAction","target":{"@type":"EntryPoint","urlTemplate":"https:\/\/www.shm.software\/de\/?s={search_term_string}"},"query-input":{"@type":"PropertyValueSpecification","valueRequired":true,"valueName":"search_term_string"}}],"inLanguage":"de"}]}},"_links":{"self":[{"href":"https:\/\/www.shm.software\/de\/wp-json\/wp\/v2\/pages\/178","targetHints":{"allow":["GET"]}}],"collection":[{"href":"https:\/\/www.shm.software\/de\/wp-json\/wp\/v2\/pages"}],"about":[{"href":"https:\/\/www.shm.software\/de\/wp-json\/wp\/v2\/types\/page"}],"author":[{"embeddable":true,"href":"https:\/\/www.shm.software\/de\/wp-json\/wp\/v2\/users\/1"}],"replies":[{"embeddable":true,"href":"https:\/\/www.shm.software\/de\/wp-json\/wp\/v2\/comments?post=178"}],"version-history":[{"count":11,"href":"https:\/\/www.shm.software\/de\/wp-json\/wp\/v2\/pages\/178\/revisions"}],"predecessor-version":[{"id":827,"href":"https:\/\/www.shm.software\/de\/wp-json\/wp\/v2\/pages\/178\/revisions\/827"}],"wp:attachment":[{"href":"https:\/\/www.shm.software\/de\/wp-json\/wp\/v2\/media?parent=178"}],"curies":[{"name":"wp","href":"https:\/\/api.w.org\/{rel}","templated":true}]}}