{"id":180,"date":"2023-08-31T07:41:37","date_gmt":"2023-08-31T07:41:37","guid":{"rendered":"https:\/\/www.shm.software\/de\/?page_id=180"},"modified":"2025-05-28T10:58:31","modified_gmt":"2025-05-28T10:58:31","slug":"technical-reports","status":"publish","type":"page","link":"https:\/\/www.shm.software\/de\/technical-reports","title":{"rendered":"Technische Berichte"},"content":{"rendered":"<div class=\"technical-bg in-head\"><\/div>\n<p id=\"breadcrumbs\"><span><span><a href=\"https:\/\/www.shm.software\/de\/\">Startseite<\/a><\/span><\/span><\/p>\n<div class=\"section-white\">\n<div class=\"container\">\n<div class=\"row align-items-center\">\n<div class=\"col-md-6\">\n<h1 class=\"h3\">Technische Berichte<\/h1>\n<p>In den technischen Berichten werden Ihre Anlagen aus verschiedenen Perspektiven betrachtet und analysiert. Sie enthalten umfassende Informationen zu unterschiedlichen Aspekten Ihrer Anlagen, R\u00e4ume und Einrichtungen. Mit Smart Hospital Maintenance entscheiden Sie, was f\u00fcr Sie wichtig ist. Sie k\u00f6nnen ma\u00dfgeschneiderte Berichte erstellen oder Standard-Templates verwenden. Auf diese Weise werden sowohl Ger\u00e4temanager als auch Krankenhausverwalter in die Lage versetzt, die richtigen Entscheidungen zu treffen.<\/p>\n<\/div>\n<div class=\"col-md-6\"><img decoding=\"async\" class=\"img-fluid d-block mx-auto\" src=\"https:\/\/www.shm.software\/de\/wp-content\/uploads\/2023\/09\/SHM_Deep-Insights_Technical-Reports.jpg\" alt=\"Technical Reports\" \/><\/div>\n<\/div>\n<\/div>\n<\/div>\n<div class=\"section-lightgrey\">\n<div class=\"container\">\n<div class=\"row align-items-center\">\n<div class=\"col-md-6 order-md-2\">\n<h3>Status\u00fcbersicht<\/h3>\n<p>Mit Smart Hospital Maintenance k\u00f6nnen Sie die wichtigsten Parameter, Auswertungen und Status\u00fcbersichten innerhalb dieses Moduls definieren. Sie legen den Schwerpunkt fest, indem Sie beispielsweise den Status nach Abteilung, Raum, Geb\u00e4ude, Marke, Modell oder jedem anderen erdenklichen Parameter aus einer breiten Palette von Optionen auswerten.<\/p>\n<\/div>\n<div class=\"col-md-6 order-md-1\"><img decoding=\"async\" class=\"img-fluid d-block mx-auto\" src=\"https:\/\/www.shm.software\/de\/wp-content\/uploads\/2023\/09\/SHM_Deep-Insights_Technical-Reports_Text-Picture.jpg\" alt=\"Status Summary\" \/><\/div>\n<\/div>\n<\/div>\n<\/div>\n<div class=\"section-white pt-4\">\n<div class=\"container\">\n<div class=\"row\">\n<div class=\"col-lg-4\">\n<div class=\"he-box same-height\">\n<div class=\"he-icon\"><img decoding=\"async\" src=\"https:\/\/www.shm.software\/de\/wp-content\/uploads\/2023\/09\/tr-icon1.png\" alt=\"Asset Status List\" \/><\/div>\n<h3>Anlagen-Statusliste<\/h3>\n<p class=\"mb-0\">Smart Hospital Maintenance ist eine professionelle Software f\u00fcr das Ger\u00e4temanagement, die Ihnen einen \u00dcberblick \u00fcber alle Ger\u00e4te in Ihrem Haus und deren individuellen Status gibt. Von der Anlagen-Statusliste aus haben Sie auch direkten Zugriff auf jede Anlage mit Detailinformationen zu Standort, Historie, Status und vielem mehr.<\/p>\n<\/div>\n<\/div>\n<div class=\"col-lg-4\">\n<div class=\"he-box same-height\">\n<div class=\"he-icon\"><img decoding=\"async\" src=\"https:\/\/www.shm.software\/de\/wp-content\/uploads\/2023\/09\/ppm-icon5.png\" alt=\"Room Status List\" \/><\/div>\n<h3>Raum-Statusliste<\/h3>\n<p class=\"mb-0\">Mit dieser Funktion erhalten Sie einen umfassenden \u00dcberblick \u00fcber alle R\u00e4ume Ihrer gesamten Einrichtung und deren Status (z. B. Betriebszustand). Es werden Informationen zu den R\u00e4umen, deren Status und die dazugeh\u00f6rigen Auswertungen angezeigt. Von der Raum-Statusliste aus k\u00f6nnen Sie auch Zusatzinformationen zu allen R\u00e4umen abrufen, z. B. Raumparameter und technische Details.<\/p>\n<\/div>\n<\/div>\n<div class=\"col-lg-4\">\n<div class=\"he-box same-height\">\n<div class=\"he-icon\"><img decoding=\"async\" src=\"https:\/\/www.shm.software\/de\/wp-content\/uploads\/2023\/09\/tr-icon3.png\" alt=\"Report Generator\" \/><\/div>\n<h3>Berichtgenerator<\/h3>\n<p class=\"mb-0\">Erhalten Sie aussagekr\u00e4ftige Berichte \u00fcber den Status Ihrer Anlagen, die Nutzung, den Marktwert, die Markenverteilung und vieles mehr. \u00dcberpr\u00fcfen Sie den gesamten Status nach Ihren eigenen Kriterien. Definieren Sie, was Ihnen wichtig ist! Die meisten Anlagen-Attribute sind flexibel und k\u00f6nnen individuell angepasst werden. Berichte k\u00f6nnen f\u00fcr jede Anlage, auf die Sie Zugriff haben, angezeigt werden. Dar\u00fcber hinaus haben Sie die M\u00f6glichkeit einer \u00dcberpr\u00fcfung Ihrer Organisation als Ganzes, um sich ein vollst\u00e4ndiges Bild von Ihren Einrichtungen zu machen.<\/p>\n<\/div>\n<\/div>\n<\/div>\n<\/div>\n<\/div>\n<div class=\"section-primary\">\n<div class=\"container\">\n<div class=\"row\">\n<div class=\"col-lg-10 mx-auto text-center\">\n<h4>M\u00f6chten Sie Smart Hospital Maintenance selbst ausprobieren?<br \/>\nBuchen Sie noch heute Ihren pers\u00f6nlichen Termin!<\/h4>\n<div><a class=\"btn btn-primary mt-3\" href=\"https:\/\/www.shm.software\/de\/contact-us\">Demo buchen<\/a><\/div>\n<\/div>\n<\/div>\n<\/div>\n<\/div>\n<div class=\"section-white\">\n<div class=\"container\">\n<div class=\"row text-center\">\n<div class=\"col-lg-12\">\n<h3 class=\"mb-0\">Zus\u00e4tzliche Features<\/h3>\n<\/div>\n<div class=\"col-lg-6\">\n<div class=\"af-box\">\n<h4>Wartung und Verwaltung<\/h4>\n<div class=\"af-link\"><a href=\"https:\/\/www.shm.software\/de\/work-order-management\">Arbeitsauftrags-management<\/a><br \/>\n<a href=\"https:\/\/www.shm.software\/de\/planned-preventive-maintenance\">Geplante pr\u00e4ventive Wartung<\/a><br \/>\n<a href=\"https:\/\/www.shm.software\/de\/corrective-maintenance\">Korrektive Wartung<\/a><br \/>\n<a href=\"https:\/\/www.shm.software\/de\/inspection-maintenance\">Vorausschauende Wartung<\/a><\/div>\n<\/div>\n<\/div>\n<div class=\"col-lg-6\">\n<div class=\"af-box\">\n<h4>Effizienter Service<\/h4>\n<div class=\"af-link\"><a href=\"https:\/\/www.shm.software\/de\/asset-matching\">Anlagen-Abgleich<\/a><br \/>\n<a href=\"https:\/\/www.shm.software\/de\/document-management\">Dokument-management<\/a><br \/>\n<a href=\"https:\/\/www.shm.software\/de\/service-request-management\">Verwaltung von Serviceanfragen<\/a><br \/>\n<a href=\"https:\/\/www.shm.software\/de\/qr-labels\">QR-Code-Labels<\/a><\/div>\n<\/div>\n<\/div>\n<div class=\"col-lg-6\">\n<div class=\"af-box\">\n<h4>Skalierbarkeit<\/h4>\n<div class=\"af-link\"><a href=\"https:\/\/www.shm.software\/de\/facility-integration\">Einrichtungs-integration<\/a><br \/>\n<a href=\"https:\/\/www.shm.software\/de\/multi-language-feature\">Mehrsprachig<\/a><br \/>\n<a href=\"https:\/\/www.shm.software\/de\/relocation-management\">Relocation-Management<\/a><br \/>\n<a href=\"https:\/\/www.shm.software\/de\/shm-database\">SHM-Datenbank<\/a><\/div>\n<\/div>\n<\/div>\n<div class=\"col-lg-6\">\n<div class=\"af-box\">\n<h4>Komfortable Nutzung<\/h4>\n<div class=\"af-link\"><a href=\"https:\/\/www.shm.software\/de\/customisation\">Anpassung<\/a><br \/>\n<a href=\"https:\/\/www.shm.software\/de\/mobile-application\">Mobile Anwendung<\/a><br \/>\n<a href=\"https:\/\/www.shm.software\/de\/offline-mode\">Offline-Modus<\/a><br \/>\n<a href=\"https:\/\/www.shm.software\/de\/bulk-upload\">Bulk-Upload<\/a><\/div>\n<\/div>\n<\/div>\n<\/div>\n<\/div>\n<\/div>\n","protected":false},"excerpt":{"rendered":"<p>Technische Berichte In den technischen Berichten werden Ihre Anlagen aus verschiedenen Perspektiven betrachtet und analysiert. Sie enthalten umfassende Informationen zu unterschiedlichen Aspekten Ihrer Anlagen, R\u00e4ume und Einrichtungen. Mit Smart Hospital Maintenance entscheiden Sie, was f\u00fcr Sie wichtig ist. Sie k\u00f6nnen ma\u00dfgeschneiderte Berichte erstellen oder Standard-Templates verwenden. Auf diese Weise werden sowohl Ger\u00e4temanager als auch Krankenhausverwalter [&#8230;]<\/p>\n<p><a class=\"btn btn-secondary understrap-read-more-link\" href=\"https:\/\/www.shm.software\/de\/technical-reports\">Weiterlesen&#8230;<\/a><\/p>\n","protected":false},"author":1,"featured_media":0,"parent":0,"menu_order":0,"comment_status":"closed","ping_status":"closed","template":"page-templates\/empty.php","meta":{"footnotes":""},"class_list":["post-180","page","type-page","status-publish","hentry"],"yoast_head":"<!-- This site is optimized with the Yoast SEO plugin v26.8 - https:\/\/yoast.com\/product\/yoast-seo-wordpress\/ -->\n<title>Technische Berichte - SMART HOSPITAL MAINTENANCE<\/title>\n<meta name=\"robots\" content=\"index, follow, max-snippet:-1, max-image-preview:large, max-video-preview:-1\" \/>\n<link rel=\"canonical\" href=\"https:\/\/www.shm.software\/de\/technical-reports\" \/>\n<meta property=\"og:locale\" content=\"de_DE\" \/>\n<meta property=\"og:type\" content=\"article\" \/>\n<meta property=\"og:title\" content=\"Technische Berichte - SMART HOSPITAL MAINTENANCE\" \/>\n<meta property=\"og:description\" content=\"Technische Berichte In den technischen Berichten werden Ihre Anlagen aus verschiedenen Perspektiven betrachtet und analysiert. Sie enthalten umfassende Informationen zu unterschiedlichen Aspekten Ihrer Anlagen, R\u00e4ume und Einrichtungen. Mit Smart Hospital Maintenance entscheiden Sie, was f\u00fcr Sie wichtig ist. Sie k\u00f6nnen ma\u00dfgeschneiderte Berichte erstellen oder Standard-Templates verwenden. Auf diese Weise werden sowohl Ger\u00e4temanager als auch Krankenhausverwalter [...]Weiterlesen...\" \/>\n<meta property=\"og:url\" content=\"https:\/\/www.shm.software\/de\/technical-reports\" \/>\n<meta property=\"og:site_name\" content=\"SMART HOSPITAL MAINTENANCE\" \/>\n<meta property=\"article:modified_time\" content=\"2025-05-28T10:58:31+00:00\" \/>\n<meta property=\"og:image\" content=\"https:\/\/www.shm.software\/de\/wp-content\/uploads\/2023\/09\/SHM_Deep-Insights_Technical-Reports.jpg\" \/>\n<meta name=\"twitter:card\" content=\"summary_large_image\" \/>\n<meta name=\"twitter:label1\" content=\"Gesch\u00e4tzte Lesezeit\" \/>\n\t<meta name=\"twitter:data1\" content=\"3\u00a0Minuten\" \/>\n<script type=\"application\/ld+json\" class=\"yoast-schema-graph\">{\"@context\":\"https:\/\/schema.org\",\"@graph\":[{\"@type\":\"WebPage\",\"@id\":\"https:\/\/www.shm.software\/de\/technical-reports\",\"url\":\"https:\/\/www.shm.software\/de\/technical-reports\",\"name\":\"Technische Berichte - SMART HOSPITAL MAINTENANCE\",\"isPartOf\":{\"@id\":\"https:\/\/www.shm.software\/de\/#website\"},\"primaryImageOfPage\":{\"@id\":\"https:\/\/www.shm.software\/de\/technical-reports#primaryimage\"},\"image\":{\"@id\":\"https:\/\/www.shm.software\/de\/technical-reports#primaryimage\"},\"thumbnailUrl\":\"https:\/\/www.shm.software\/de\/wp-content\/uploads\/2023\/09\/SHM_Deep-Insights_Technical-Reports.jpg\",\"datePublished\":\"2023-08-31T07:41:37+00:00\",\"dateModified\":\"2025-05-28T10:58:31+00:00\",\"breadcrumb\":{\"@id\":\"https:\/\/www.shm.software\/de\/technical-reports#breadcrumb\"},\"inLanguage\":\"de\",\"potentialAction\":[{\"@type\":\"ReadAction\",\"target\":[\"https:\/\/www.shm.software\/de\/technical-reports\"]}]},{\"@type\":\"ImageObject\",\"inLanguage\":\"de\",\"@id\":\"https:\/\/www.shm.software\/de\/technical-reports#primaryimage\",\"url\":\"https:\/\/www.shm.software\/de\/wp-content\/uploads\/2023\/09\/SHM_Deep-Insights_Technical-Reports.jpg\",\"contentUrl\":\"https:\/\/www.shm.software\/de\/wp-content\/uploads\/2023\/09\/SHM_Deep-Insights_Technical-Reports.jpg\",\"width\":600,\"height\":400},{\"@type\":\"BreadcrumbList\",\"@id\":\"https:\/\/www.shm.software\/de\/technical-reports#breadcrumb\",\"itemListElement\":[{\"@type\":\"ListItem\",\"position\":1,\"name\":\"Startseite\",\"item\":\"https:\/\/www.shm.software\/de\/\"},{\"@type\":\"ListItem\",\"position\":2,\"name\":\"Technische Berichte\"}]},{\"@type\":\"WebSite\",\"@id\":\"https:\/\/www.shm.software\/de\/#website\",\"url\":\"https:\/\/www.shm.software\/de\/\",\"name\":\"SMART HOSPITAL MAINTENANCE\",\"description\":\"\",\"potentialAction\":[{\"@type\":\"SearchAction\",\"target\":{\"@type\":\"EntryPoint\",\"urlTemplate\":\"https:\/\/www.shm.software\/de\/?s={search_term_string}\"},\"query-input\":{\"@type\":\"PropertyValueSpecification\",\"valueRequired\":true,\"valueName\":\"search_term_string\"}}],\"inLanguage\":\"de\"}]}<\/script>\n<!-- \/ Yoast SEO plugin. -->","yoast_head_json":{"title":"Technische Berichte - SMART HOSPITAL MAINTENANCE","robots":{"index":"index","follow":"follow","max-snippet":"max-snippet:-1","max-image-preview":"max-image-preview:large","max-video-preview":"max-video-preview:-1"},"canonical":"https:\/\/www.shm.software\/de\/technical-reports","og_locale":"de_DE","og_type":"article","og_title":"Technische Berichte - SMART HOSPITAL MAINTENANCE","og_description":"Technische Berichte In den technischen Berichten werden Ihre Anlagen aus verschiedenen Perspektiven betrachtet und analysiert. Sie enthalten umfassende Informationen zu unterschiedlichen Aspekten Ihrer Anlagen, R\u00e4ume und Einrichtungen. Mit Smart Hospital Maintenance entscheiden Sie, was f\u00fcr Sie wichtig ist. Sie k\u00f6nnen ma\u00dfgeschneiderte Berichte erstellen oder Standard-Templates verwenden. Auf diese Weise werden sowohl Ger\u00e4temanager als auch Krankenhausverwalter [...]Weiterlesen...","og_url":"https:\/\/www.shm.software\/de\/technical-reports","og_site_name":"SMART HOSPITAL MAINTENANCE","article_modified_time":"2025-05-28T10:58:31+00:00","og_image":[{"url":"https:\/\/www.shm.software\/de\/wp-content\/uploads\/2023\/09\/SHM_Deep-Insights_Technical-Reports.jpg","type":"","width":"","height":""}],"twitter_card":"summary_large_image","twitter_misc":{"Gesch\u00e4tzte Lesezeit":"3\u00a0Minuten"},"schema":{"@context":"https:\/\/schema.org","@graph":[{"@type":"WebPage","@id":"https:\/\/www.shm.software\/de\/technical-reports","url":"https:\/\/www.shm.software\/de\/technical-reports","name":"Technische Berichte - SMART HOSPITAL MAINTENANCE","isPartOf":{"@id":"https:\/\/www.shm.software\/de\/#website"},"primaryImageOfPage":{"@id":"https:\/\/www.shm.software\/de\/technical-reports#primaryimage"},"image":{"@id":"https:\/\/www.shm.software\/de\/technical-reports#primaryimage"},"thumbnailUrl":"https:\/\/www.shm.software\/de\/wp-content\/uploads\/2023\/09\/SHM_Deep-Insights_Technical-Reports.jpg","datePublished":"2023-08-31T07:41:37+00:00","dateModified":"2025-05-28T10:58:31+00:00","breadcrumb":{"@id":"https:\/\/www.shm.software\/de\/technical-reports#breadcrumb"},"inLanguage":"de","potentialAction":[{"@type":"ReadAction","target":["https:\/\/www.shm.software\/de\/technical-reports"]}]},{"@type":"ImageObject","inLanguage":"de","@id":"https:\/\/www.shm.software\/de\/technical-reports#primaryimage","url":"https:\/\/www.shm.software\/de\/wp-content\/uploads\/2023\/09\/SHM_Deep-Insights_Technical-Reports.jpg","contentUrl":"https:\/\/www.shm.software\/de\/wp-content\/uploads\/2023\/09\/SHM_Deep-Insights_Technical-Reports.jpg","width":600,"height":400},{"@type":"BreadcrumbList","@id":"https:\/\/www.shm.software\/de\/technical-reports#breadcrumb","itemListElement":[{"@type":"ListItem","position":1,"name":"Startseite","item":"https:\/\/www.shm.software\/de\/"},{"@type":"ListItem","position":2,"name":"Technische Berichte"}]},{"@type":"WebSite","@id":"https:\/\/www.shm.software\/de\/#website","url":"https:\/\/www.shm.software\/de\/","name":"SMART HOSPITAL MAINTENANCE","description":"","potentialAction":[{"@type":"SearchAction","target":{"@type":"EntryPoint","urlTemplate":"https:\/\/www.shm.software\/de\/?s={search_term_string}"},"query-input":{"@type":"PropertyValueSpecification","valueRequired":true,"valueName":"search_term_string"}}],"inLanguage":"de"}]}},"_links":{"self":[{"href":"https:\/\/www.shm.software\/de\/wp-json\/wp\/v2\/pages\/180","targetHints":{"allow":["GET"]}}],"collection":[{"href":"https:\/\/www.shm.software\/de\/wp-json\/wp\/v2\/pages"}],"about":[{"href":"https:\/\/www.shm.software\/de\/wp-json\/wp\/v2\/types\/page"}],"author":[{"embeddable":true,"href":"https:\/\/www.shm.software\/de\/wp-json\/wp\/v2\/users\/1"}],"replies":[{"embeddable":true,"href":"https:\/\/www.shm.software\/de\/wp-json\/wp\/v2\/comments?post=180"}],"version-history":[{"count":12,"href":"https:\/\/www.shm.software\/de\/wp-json\/wp\/v2\/pages\/180\/revisions"}],"predecessor-version":[{"id":831,"href":"https:\/\/www.shm.software\/de\/wp-json\/wp\/v2\/pages\/180\/revisions\/831"}],"wp:attachment":[{"href":"https:\/\/www.shm.software\/de\/wp-json\/wp\/v2\/media?parent=180"}],"curies":[{"name":"wp","href":"https:\/\/api.w.org\/{rel}","templated":true}]}}