{"id":184,"date":"2023-08-31T07:42:09","date_gmt":"2023-08-31T07:42:09","guid":{"rendered":"https:\/\/www.shm.software\/de\/?page_id=184"},"modified":"2025-05-28T10:59:58","modified_gmt":"2025-05-28T10:59:58","slug":"contract-administration","status":"publish","type":"page","link":"https:\/\/www.shm.software\/de\/contract-administration","title":{"rendered":"Vertragsverwaltung"},"content":{"rendered":"<div class=\"cadmin-bg in-head\"><\/div>\n<p id=\"breadcrumbs\"><span><span><a href=\"https:\/\/www.shm.software\/de\/\">Startseite<\/a><\/span><\/span><\/p>\n<div class=\"section-white\">\n<div class=\"container\">\n<div class=\"row align-items-center\">\n<div class=\"col-md-6\">\n<h1 class=\"h3\">Vertragsverwaltung<\/h1>\n<p>Vertr\u00e4ge sind ein wichtiger Bestandteil des Ger\u00e4temanagements und der Ger\u00e4teinstandhaltung. Sie regeln verschiedene rechtliche Beziehungen mit den beteiligten Akteuren, z. B. mit Ger\u00e4telieferanten und Dienstleistern. Verwalten Sie anlagenbezogene Vertr\u00e4ge problemlos, indem Sie diese in Ihre digitale Anlagendatei als Teil Ihrer Software f\u00fcr die Verwaltung und Instandhaltung von Krankenhausger\u00e4ten integrieren.<\/p>\n<\/div>\n<div class=\"col-md-6\"><img decoding=\"async\" class=\"img-fluid d-block mx-auto\" src=\"https:\/\/www.shm.software\/de\/wp-content\/uploads\/2023\/09\/SHM_Deep-Insights_Contract-Administration.jpg\" alt=\"Contract Administration\" \/><\/div>\n<\/div>\n<\/div>\n<\/div>\n<div class=\"section-lightgrey\">\n<div class=\"container\">\n<div class=\"row align-items-center\">\n<div class=\"col-md-6 order-md-2\">\n<h3>Vertr\u00e4ge<\/h3>\n<p>Sie k\u00f6nnen entweder komplette Vertr\u00e4ge hochladen oder ausgew\u00e4hlte Vertragsinformationen, die sich auf bestimmte Anlagen oder eine Gruppe von Verm\u00f6genswerten beziehen, in die Software integrieren. Auf diese Weise k\u00f6nnen Asset-Manager und Ingenieure beispielsweise direkt sehen, ob ein Ger\u00e4t im Rahmen einer externen Dienstleistung oder eines anderen Vertrags verwaltet wird. Eine leistungsstarke Funktion ist die M\u00f6glichkeit, Vertr\u00e4ge nach ihrem Ablaufdatum zu sortieren, um rechtzeitig \u00fcber Vertragsverl\u00e4ngerungen verhandeln zu k\u00f6nnen.<\/p>\n<\/div>\n<div class=\"col-md-4 mx-auto order-md-1\"><img decoding=\"async\" class=\"img-fluid d-block mx-auto\" src=\"https:\/\/www.shm.software\/de\/wp-content\/uploads\/2023\/09\/cadmin-img1.png\" alt=\"Contracts\" \/><\/div>\n<\/div>\n<\/div>\n<\/div>\n<div class=\"section-primary\">\n<div class=\"container\">\n<div class=\"row\">\n<div class=\"col-lg-10 mx-auto text-center\">\n<h4>Sind Sie daran interessiert zu erfahren, wie Smart Hospital Maintenance Ihr Vertragsmanagement vereinfachen kann?<\/h4>\n<h4>Buchen Sie noch heute Ihre Demo!<\/h4>\n<div><a class=\"btn btn-primary mt-3\" href=\"https:\/\/www.shm.software\/de\/contact-us\">Demo buchen<\/a><\/div>\n<\/div>\n<\/div>\n<\/div>\n<\/div>\n<div class=\"section-white\">\n<div class=\"container\">\n<div class=\"row text-center\">\n<div class=\"col-lg-12\">\n<h3 class=\"mb-0\">Zus\u00e4tzliche Features<\/h3>\n<\/div>\n<div class=\"col-lg-6\">\n<div class=\"af-box\">\n<h4>Wartung und Verwaltung<\/h4>\n<div class=\"af-link\"><a href=\"https:\/\/www.shm.software\/de\/work-order-management\">Arbeitsauftrags-management<\/a><br \/>\n<a href=\"https:\/\/www.shm.software\/de\/planned-preventive-maintenance\">Geplante pr\u00e4ventive Wartung<\/a><br \/>\n<a href=\"https:\/\/www.shm.software\/de\/corrective-maintenance\">Korrektive Wartung<\/a><br \/>\n<a href=\"https:\/\/www.shm.software\/de\/inspection-maintenance\">Vorausschauende Wartung<\/a><\/div>\n<\/div>\n<\/div>\n<div class=\"col-lg-6\">\n<div class=\"af-box\">\n<h4>Effizienter Service<\/h4>\n<div class=\"af-link\"><a href=\"https:\/\/www.shm.software\/de\/asset-matching\">Anlagen-Abgleich<\/a><br \/>\n<a href=\"https:\/\/www.shm.software\/de\/document-management\">Dokument-management<\/a><br \/>\n<a href=\"https:\/\/www.shm.software\/de\/service-request-management\">Verwaltung von Serviceanfragen<\/a><br \/>\n<a href=\"https:\/\/www.shm.software\/de\/qr-labels\">QR-Code-Labels<\/a><\/div>\n<\/div>\n<\/div>\n<div class=\"col-lg-6\">\n<div class=\"af-box\">\n<h4>Skalierbarkeit<\/h4>\n<div class=\"af-link\"><a href=\"https:\/\/www.shm.software\/de\/facility-integration\">Einrichtungs-integration<\/a><br \/>\n<a href=\"https:\/\/www.shm.software\/de\/multi-language-feature\">Mehrsprachig<\/a><br \/>\n<a href=\"https:\/\/www.shm.software\/de\/relocation-management\">Relocation-Management<\/a><br \/>\n<a href=\"https:\/\/www.shm.software\/de\/shm-database\">SHM-Datenbank<\/a><\/div>\n<\/div>\n<\/div>\n<div class=\"col-lg-6\">\n<div class=\"af-box\">\n<h4>Komfortable Nutzung<\/h4>\n<div class=\"af-link\"><a href=\"https:\/\/www.shm.software\/de\/customisation\">Anpassung<\/a><br \/>\n<a href=\"https:\/\/www.shm.software\/de\/mobile-application\">Mobile Anwendung<\/a><br \/>\n<a href=\"https:\/\/www.shm.software\/de\/offline-mode\">Offline-Modus<\/a><br \/>\n<a href=\"https:\/\/www.shm.software\/de\/bulk-upload\">Bulk-Upload<\/a><\/div>\n<\/div>\n<\/div>\n<\/div>\n<\/div>\n<\/div>\n","protected":false},"excerpt":{"rendered":"<p>Vertragsverwaltung Vertr\u00e4ge sind ein wichtiger Bestandteil des Ger\u00e4temanagements und der Ger\u00e4teinstandhaltung. Sie regeln verschiedene rechtliche Beziehungen mit den beteiligten Akteuren, z. B. mit Ger\u00e4telieferanten und Dienstleistern. Verwalten Sie anlagenbezogene Vertr\u00e4ge problemlos, indem Sie diese in Ihre digitale Anlagendatei als Teil Ihrer Software f\u00fcr die Verwaltung und Instandhaltung von Krankenhausger\u00e4ten integrieren. Vertr\u00e4ge Sie k\u00f6nnen entweder komplette [&#8230;]<\/p>\n<p><a class=\"btn btn-secondary understrap-read-more-link\" href=\"https:\/\/www.shm.software\/de\/contract-administration\">Weiterlesen&#8230;<\/a><\/p>\n","protected":false},"author":1,"featured_media":0,"parent":0,"menu_order":0,"comment_status":"closed","ping_status":"closed","template":"page-templates\/empty.php","meta":{"footnotes":""},"class_list":["post-184","page","type-page","status-publish","hentry"],"yoast_head":"<!-- This site is optimized with the Yoast SEO plugin v26.8 - https:\/\/yoast.com\/product\/yoast-seo-wordpress\/ -->\n<title>Vertragsverwaltung - SMART HOSPITAL MAINTENANCE<\/title>\n<meta name=\"robots\" content=\"index, follow, max-snippet:-1, max-image-preview:large, max-video-preview:-1\" \/>\n<link rel=\"canonical\" href=\"https:\/\/www.shm.software\/de\/contract-administration\" \/>\n<meta property=\"og:locale\" content=\"de_DE\" \/>\n<meta property=\"og:type\" content=\"article\" \/>\n<meta property=\"og:title\" content=\"Vertragsverwaltung - SMART HOSPITAL MAINTENANCE\" \/>\n<meta property=\"og:description\" content=\"Vertragsverwaltung Vertr\u00e4ge sind ein wichtiger Bestandteil des Ger\u00e4temanagements und der Ger\u00e4teinstandhaltung. Sie regeln verschiedene rechtliche Beziehungen mit den beteiligten Akteuren, z. B. mit Ger\u00e4telieferanten und Dienstleistern. Verwalten Sie anlagenbezogene Vertr\u00e4ge problemlos, indem Sie diese in Ihre digitale Anlagendatei als Teil Ihrer Software f\u00fcr die Verwaltung und Instandhaltung von Krankenhausger\u00e4ten integrieren. Vertr\u00e4ge Sie k\u00f6nnen entweder komplette [...]Weiterlesen...\" \/>\n<meta property=\"og:url\" content=\"https:\/\/www.shm.software\/de\/contract-administration\" \/>\n<meta property=\"og:site_name\" content=\"SMART HOSPITAL MAINTENANCE\" \/>\n<meta property=\"article:modified_time\" content=\"2025-05-28T10:59:58+00:00\" \/>\n<meta property=\"og:image\" content=\"https:\/\/www.shm.software\/de\/wp-content\/uploads\/2023\/09\/SHM_Deep-Insights_Contract-Administration.jpg\" \/>\n<meta name=\"twitter:card\" content=\"summary_large_image\" \/>\n<meta name=\"twitter:label1\" content=\"Gesch\u00e4tzte Lesezeit\" \/>\n\t<meta name=\"twitter:data1\" content=\"2\u00a0Minuten\" \/>\n<script type=\"application\/ld+json\" class=\"yoast-schema-graph\">{\"@context\":\"https:\/\/schema.org\",\"@graph\":[{\"@type\":\"WebPage\",\"@id\":\"https:\/\/www.shm.software\/de\/contract-administration\",\"url\":\"https:\/\/www.shm.software\/de\/contract-administration\",\"name\":\"Vertragsverwaltung - SMART HOSPITAL MAINTENANCE\",\"isPartOf\":{\"@id\":\"https:\/\/www.shm.software\/de\/#website\"},\"primaryImageOfPage\":{\"@id\":\"https:\/\/www.shm.software\/de\/contract-administration#primaryimage\"},\"image\":{\"@id\":\"https:\/\/www.shm.software\/de\/contract-administration#primaryimage\"},\"thumbnailUrl\":\"https:\/\/www.shm.software\/de\/wp-content\/uploads\/2023\/09\/SHM_Deep-Insights_Contract-Administration.jpg\",\"datePublished\":\"2023-08-31T07:42:09+00:00\",\"dateModified\":\"2025-05-28T10:59:58+00:00\",\"breadcrumb\":{\"@id\":\"https:\/\/www.shm.software\/de\/contract-administration#breadcrumb\"},\"inLanguage\":\"de\",\"potentialAction\":[{\"@type\":\"ReadAction\",\"target\":[\"https:\/\/www.shm.software\/de\/contract-administration\"]}]},{\"@type\":\"ImageObject\",\"inLanguage\":\"de\",\"@id\":\"https:\/\/www.shm.software\/de\/contract-administration#primaryimage\",\"url\":\"https:\/\/www.shm.software\/de\/wp-content\/uploads\/2023\/09\/SHM_Deep-Insights_Contract-Administration.jpg\",\"contentUrl\":\"https:\/\/www.shm.software\/de\/wp-content\/uploads\/2023\/09\/SHM_Deep-Insights_Contract-Administration.jpg\",\"width\":600,\"height\":400},{\"@type\":\"BreadcrumbList\",\"@id\":\"https:\/\/www.shm.software\/de\/contract-administration#breadcrumb\",\"itemListElement\":[{\"@type\":\"ListItem\",\"position\":1,\"name\":\"Startseite\",\"item\":\"https:\/\/www.shm.software\/de\/\"},{\"@type\":\"ListItem\",\"position\":2,\"name\":\"Vertragsverwaltung\"}]},{\"@type\":\"WebSite\",\"@id\":\"https:\/\/www.shm.software\/de\/#website\",\"url\":\"https:\/\/www.shm.software\/de\/\",\"name\":\"SMART HOSPITAL MAINTENANCE\",\"description\":\"\",\"potentialAction\":[{\"@type\":\"SearchAction\",\"target\":{\"@type\":\"EntryPoint\",\"urlTemplate\":\"https:\/\/www.shm.software\/de\/?s={search_term_string}\"},\"query-input\":{\"@type\":\"PropertyValueSpecification\",\"valueRequired\":true,\"valueName\":\"search_term_string\"}}],\"inLanguage\":\"de\"}]}<\/script>\n<!-- \/ Yoast SEO plugin. -->","yoast_head_json":{"title":"Vertragsverwaltung - SMART HOSPITAL MAINTENANCE","robots":{"index":"index","follow":"follow","max-snippet":"max-snippet:-1","max-image-preview":"max-image-preview:large","max-video-preview":"max-video-preview:-1"},"canonical":"https:\/\/www.shm.software\/de\/contract-administration","og_locale":"de_DE","og_type":"article","og_title":"Vertragsverwaltung - SMART HOSPITAL MAINTENANCE","og_description":"Vertragsverwaltung Vertr\u00e4ge sind ein wichtiger Bestandteil des Ger\u00e4temanagements und der Ger\u00e4teinstandhaltung. Sie regeln verschiedene rechtliche Beziehungen mit den beteiligten Akteuren, z. B. mit Ger\u00e4telieferanten und Dienstleistern. Verwalten Sie anlagenbezogene Vertr\u00e4ge problemlos, indem Sie diese in Ihre digitale Anlagendatei als Teil Ihrer Software f\u00fcr die Verwaltung und Instandhaltung von Krankenhausger\u00e4ten integrieren. Vertr\u00e4ge Sie k\u00f6nnen entweder komplette [...]Weiterlesen...","og_url":"https:\/\/www.shm.software\/de\/contract-administration","og_site_name":"SMART HOSPITAL MAINTENANCE","article_modified_time":"2025-05-28T10:59:58+00:00","og_image":[{"url":"https:\/\/www.shm.software\/de\/wp-content\/uploads\/2023\/09\/SHM_Deep-Insights_Contract-Administration.jpg","type":"","width":"","height":""}],"twitter_card":"summary_large_image","twitter_misc":{"Gesch\u00e4tzte Lesezeit":"2\u00a0Minuten"},"schema":{"@context":"https:\/\/schema.org","@graph":[{"@type":"WebPage","@id":"https:\/\/www.shm.software\/de\/contract-administration","url":"https:\/\/www.shm.software\/de\/contract-administration","name":"Vertragsverwaltung - SMART HOSPITAL MAINTENANCE","isPartOf":{"@id":"https:\/\/www.shm.software\/de\/#website"},"primaryImageOfPage":{"@id":"https:\/\/www.shm.software\/de\/contract-administration#primaryimage"},"image":{"@id":"https:\/\/www.shm.software\/de\/contract-administration#primaryimage"},"thumbnailUrl":"https:\/\/www.shm.software\/de\/wp-content\/uploads\/2023\/09\/SHM_Deep-Insights_Contract-Administration.jpg","datePublished":"2023-08-31T07:42:09+00:00","dateModified":"2025-05-28T10:59:58+00:00","breadcrumb":{"@id":"https:\/\/www.shm.software\/de\/contract-administration#breadcrumb"},"inLanguage":"de","potentialAction":[{"@type":"ReadAction","target":["https:\/\/www.shm.software\/de\/contract-administration"]}]},{"@type":"ImageObject","inLanguage":"de","@id":"https:\/\/www.shm.software\/de\/contract-administration#primaryimage","url":"https:\/\/www.shm.software\/de\/wp-content\/uploads\/2023\/09\/SHM_Deep-Insights_Contract-Administration.jpg","contentUrl":"https:\/\/www.shm.software\/de\/wp-content\/uploads\/2023\/09\/SHM_Deep-Insights_Contract-Administration.jpg","width":600,"height":400},{"@type":"BreadcrumbList","@id":"https:\/\/www.shm.software\/de\/contract-administration#breadcrumb","itemListElement":[{"@type":"ListItem","position":1,"name":"Startseite","item":"https:\/\/www.shm.software\/de\/"},{"@type":"ListItem","position":2,"name":"Vertragsverwaltung"}]},{"@type":"WebSite","@id":"https:\/\/www.shm.software\/de\/#website","url":"https:\/\/www.shm.software\/de\/","name":"SMART HOSPITAL MAINTENANCE","description":"","potentialAction":[{"@type":"SearchAction","target":{"@type":"EntryPoint","urlTemplate":"https:\/\/www.shm.software\/de\/?s={search_term_string}"},"query-input":{"@type":"PropertyValueSpecification","valueRequired":true,"valueName":"search_term_string"}}],"inLanguage":"de"}]}},"_links":{"self":[{"href":"https:\/\/www.shm.software\/de\/wp-json\/wp\/v2\/pages\/184","targetHints":{"allow":["GET"]}}],"collection":[{"href":"https:\/\/www.shm.software\/de\/wp-json\/wp\/v2\/pages"}],"about":[{"href":"https:\/\/www.shm.software\/de\/wp-json\/wp\/v2\/types\/page"}],"author":[{"embeddable":true,"href":"https:\/\/www.shm.software\/de\/wp-json\/wp\/v2\/users\/1"}],"replies":[{"embeddable":true,"href":"https:\/\/www.shm.software\/de\/wp-json\/wp\/v2\/comments?post=184"}],"version-history":[{"count":13,"href":"https:\/\/www.shm.software\/de\/wp-json\/wp\/v2\/pages\/184\/revisions"}],"predecessor-version":[{"id":833,"href":"https:\/\/www.shm.software\/de\/wp-json\/wp\/v2\/pages\/184\/revisions\/833"}],"wp:attachment":[{"href":"https:\/\/www.shm.software\/de\/wp-json\/wp\/v2\/media?parent=184"}],"curies":[{"name":"wp","href":"https:\/\/api.w.org\/{rel}","templated":true}]}}