{"id":187,"date":"2023-08-31T07:42:16","date_gmt":"2023-08-31T07:42:16","guid":{"rendered":"https:\/\/www.shm.software\/de\/?page_id=187"},"modified":"2025-05-28T10:36:19","modified_gmt":"2025-05-28T10:36:19","slug":"user-profiles","status":"publish","type":"page","link":"https:\/\/www.shm.software\/de\/user-profiles","title":{"rendered":"Benutzer"},"content":{"rendered":"<div class=\"userp-bg in-head\"><\/div>\n<p id=\"breadcrumbs\"><span><span><a href=\"https:\/\/www.shm.software\/de\/\">Startseite<\/a><\/span><\/span><\/p>\n<div class=\"section-white\">\n<div class=\"container\">\n<div class=\"row align-items-center\">\n<div class=\"col-md-6\">\n<h1 class=\"h3\">Benutzer<\/h1>\n<p>F\u00fcr die professionelle Verwaltung und Wartung der Ger\u00e4te m\u00fcssen verschiedene Benutzergruppen eingebunden werden. Dies erfordert vollst\u00e4ndig anpassbare Benutzerrollen und -profile. Verwalten Sie Ihre Benutzer und weisen Sie ihnen personalisierte Zugriffsrechte zu. Smart Hospital Maintenance erf\u00fcllt diese Anforderungen unter Ber\u00fccksichtigung des Datenschutzes.<\/p>\n<\/div>\n<div class=\"col-md-6\"><img decoding=\"async\" class=\"img-fluid d-block mx-auto\" src=\"https:\/\/www.shm.software\/de\/wp-content\/uploads\/2023\/09\/SHM_Deep-Insights_User-Profiles.jpg\" alt=\"User Profiles\" \/><\/div>\n<\/div>\n<\/div>\n<\/div>\n<div class=\"section-lightgrey pt-4\">\n<div class=\"container\">\n<div class=\"row\">\n<div class=\"col-md-4\">\n<div class=\"he-box same-height\">\n<div class=\"he-icon\"><img decoding=\"async\" src=\"https:\/\/www.shm.software\/de\/wp-content\/uploads\/2023\/09\/up-icon1.png\" alt=\"User Roles\" \/><\/div>\n<h3>Benutzerrollen<\/h3>\n<p class=\"mb-0\">Passen Sie die Benutzerrollen an und legen Sie fest, auf welche Bereiche Ihre Benutzer Zugriff haben. Sie k\u00f6nnen von Fall zu Fall entscheiden, in welchen Bereichen Ihr Benutzer Objekte lesen, erstellen, bearbeiten oder l\u00f6schen darf.<\/p>\n<\/div>\n<\/div>\n<div class=\"col-md-4\">\n<div class=\"he-box same-height\">\n<div class=\"he-icon\"><img decoding=\"async\" src=\"https:\/\/www.shm.software\/de\/wp-content\/uploads\/2023\/09\/up-icon2.png\" alt=\"Multiple Facility Access\" \/><\/div>\n<h3>Zugang zu mehreren Einrichtungen<\/h3>\n<p class=\"mb-0\">Verwalten Sie spezialisierte Benutzer, die Zugang zu mehreren Ihrer Anlagen haben. Dies ist ein leistungsf\u00e4higes Toolset, mit dem globale Manager oder spezialisierte Ingenieure innerhalb einer Software auf alle oder ausgew\u00e4hlte Anlagen zugreifen k\u00f6nnen.<\/p>\n<\/div>\n<\/div>\n<\/div>\n<\/div>\n<div class=\"section-primary\">\n<div class=\"container\">\n<div class=\"row\">\n<div class=\"col-lg-10 mx-auto text-center\">\n<h4>M\u00f6chten Sie mehr \u00fcber diese Funktion erfahren?<br \/>\nNehmen Sie noch heute Kontakt mit uns auf!<\/h4>\n<div><a class=\"btn btn-primary mt-3\" href=\"https:\/\/www.shm.software\/de\/contact-us\">Demo buchen<\/a><\/div>\n<\/div>\n<\/div>\n<\/div>\n<\/div>\n<div class=\"section-white\">\n<div class=\"container\">\n<div class=\"row text-center\">\n<div class=\"col-lg-12\">\n<h3 class=\"mb-0\">Zus\u00e4tzliche Features<\/h3>\n<\/div>\n<div class=\"col-lg-6\">\n<div class=\"af-box\">\n<h4>Wartung und Verwaltung<\/h4>\n<div class=\"af-link\"><a href=\"https:\/\/www.shm.software\/de\/work-order-management\">Arbeitsauftrags-management<\/a><br \/>\n<a href=\"https:\/\/www.shm.software\/de\/planned-preventive-maintenance\">Geplante pr\u00e4ventive Wartung<\/a><br \/>\n<a href=\"https:\/\/www.shm.software\/de\/corrective-maintenance\">Korrektive Wartung<\/a><br \/>\n<a href=\"https:\/\/www.shm.software\/de\/inspection-maintenance\">Vorausschauende Wartung<\/a><\/div>\n<\/div>\n<\/div>\n<div class=\"col-lg-6\">\n<div class=\"af-box\">\n<h4>Effizienter Service<\/h4>\n<div class=\"af-link\"><a href=\"https:\/\/www.shm.software\/de\/asset-matching\">Anlagen-Abgleich<\/a><br \/>\n<a href=\"https:\/\/www.shm.software\/de\/document-management\">Dokument-management<\/a><br \/>\n<a href=\"https:\/\/www.shm.software\/de\/service-request-management\">Verwaltung von Serviceanfragen<\/a><br \/>\n<a href=\"https:\/\/www.shm.software\/de\/qr-labels\">QR-Code-Labels<\/a><\/div>\n<\/div>\n<\/div>\n<div class=\"col-lg-6\">\n<div class=\"af-box\">\n<h4>Skalierbarkeit<\/h4>\n<div class=\"af-link\"><a href=\"https:\/\/www.shm.software\/de\/facility-integration\">Einrichtungs-integration<\/a><br \/>\n<a href=\"https:\/\/www.shm.software\/de\/multi-language-feature\">Mehrsprachig<\/a><br \/>\n<a href=\"https:\/\/www.shm.software\/de\/relocation-management\">Relocation-Management<\/a><br \/>\n<a href=\"https:\/\/www.shm.software\/de\/shm-database\">SHM-Datenbank<\/a><\/div>\n<\/div>\n<\/div>\n<div class=\"col-lg-6\">\n<div class=\"af-box\">\n<h4>Komfortable Nutzung<\/h4>\n<div class=\"af-link\"><a href=\"https:\/\/www.shm.software\/de\/customisation\">Anpassung<\/a><br \/>\n<a href=\"https:\/\/www.shm.software\/de\/mobile-application\">Mobile Anwendung<\/a><br \/>\n<a href=\"https:\/\/www.shm.software\/de\/offline-mode\">Offline-Modus<\/a><br \/>\n<a href=\"https:\/\/www.shm.software\/de\/bulk-upload\">Bulk-Upload<\/a><\/div>\n<\/div>\n<\/div>\n<\/div>\n<\/div>\n<\/div>\n<\/div>\n","protected":false},"excerpt":{"rendered":"<p>Benutzer F\u00fcr die professionelle Verwaltung und Wartung der Ger\u00e4te m\u00fcssen verschiedene Benutzergruppen eingebunden werden. Dies erfordert vollst\u00e4ndig anpassbare Benutzerrollen und -profile. Verwalten Sie Ihre Benutzer und weisen Sie ihnen personalisierte Zugriffsrechte zu. Smart Hospital Maintenance erf\u00fcllt diese Anforderungen unter Ber\u00fccksichtigung des Datenschutzes. Benutzerrollen Passen Sie die Benutzerrollen an und legen Sie fest, auf welche Bereiche [&#8230;]<\/p>\n<p><a class=\"btn btn-secondary understrap-read-more-link\" href=\"https:\/\/www.shm.software\/de\/user-profiles\">Weiterlesen&#8230;<\/a><\/p>\n","protected":false},"author":1,"featured_media":0,"parent":0,"menu_order":0,"comment_status":"closed","ping_status":"closed","template":"page-templates\/empty.php","meta":{"footnotes":""},"class_list":["post-187","page","type-page","status-publish","hentry"],"yoast_head":"<!-- This site is optimized with the Yoast SEO plugin v26.8 - https:\/\/yoast.com\/product\/yoast-seo-wordpress\/ -->\n<title>Benutzer - SMART HOSPITAL MAINTENANCE<\/title>\n<meta name=\"robots\" content=\"index, follow, max-snippet:-1, max-image-preview:large, max-video-preview:-1\" \/>\n<link rel=\"canonical\" href=\"https:\/\/www.shm.software\/de\/user-profiles\" \/>\n<meta property=\"og:locale\" content=\"de_DE\" \/>\n<meta property=\"og:type\" content=\"article\" \/>\n<meta property=\"og:title\" content=\"Benutzer - SMART HOSPITAL MAINTENANCE\" \/>\n<meta property=\"og:description\" content=\"Benutzer F\u00fcr die professionelle Verwaltung und Wartung der Ger\u00e4te m\u00fcssen verschiedene Benutzergruppen eingebunden werden. Dies erfordert vollst\u00e4ndig anpassbare Benutzerrollen und -profile. Verwalten Sie Ihre Benutzer und weisen Sie ihnen personalisierte Zugriffsrechte zu. Smart Hospital Maintenance erf\u00fcllt diese Anforderungen unter Ber\u00fccksichtigung des Datenschutzes. Benutzerrollen Passen Sie die Benutzerrollen an und legen Sie fest, auf welche Bereiche [...]Weiterlesen...\" \/>\n<meta property=\"og:url\" content=\"https:\/\/www.shm.software\/de\/user-profiles\" \/>\n<meta property=\"og:site_name\" content=\"SMART HOSPITAL MAINTENANCE\" \/>\n<meta property=\"article:modified_time\" content=\"2025-05-28T10:36:19+00:00\" \/>\n<meta property=\"og:image\" content=\"https:\/\/www.shm.software\/de\/wp-content\/uploads\/2023\/09\/SHM_Deep-Insights_User-Profiles.jpg\" \/>\n<meta name=\"twitter:card\" content=\"summary_large_image\" \/>\n<meta name=\"twitter:label1\" content=\"Gesch\u00e4tzte Lesezeit\" \/>\n\t<meta name=\"twitter:data1\" content=\"2\u00a0Minuten\" \/>\n<script type=\"application\/ld+json\" class=\"yoast-schema-graph\">{\"@context\":\"https:\/\/schema.org\",\"@graph\":[{\"@type\":\"WebPage\",\"@id\":\"https:\/\/www.shm.software\/de\/user-profiles\",\"url\":\"https:\/\/www.shm.software\/de\/user-profiles\",\"name\":\"Benutzer - SMART HOSPITAL MAINTENANCE\",\"isPartOf\":{\"@id\":\"https:\/\/www.shm.software\/de\/#website\"},\"primaryImageOfPage\":{\"@id\":\"https:\/\/www.shm.software\/de\/user-profiles#primaryimage\"},\"image\":{\"@id\":\"https:\/\/www.shm.software\/de\/user-profiles#primaryimage\"},\"thumbnailUrl\":\"https:\/\/www.shm.software\/de\/wp-content\/uploads\/2023\/09\/SHM_Deep-Insights_User-Profiles.jpg\",\"datePublished\":\"2023-08-31T07:42:16+00:00\",\"dateModified\":\"2025-05-28T10:36:19+00:00\",\"breadcrumb\":{\"@id\":\"https:\/\/www.shm.software\/de\/user-profiles#breadcrumb\"},\"inLanguage\":\"de\",\"potentialAction\":[{\"@type\":\"ReadAction\",\"target\":[\"https:\/\/www.shm.software\/de\/user-profiles\"]}]},{\"@type\":\"ImageObject\",\"inLanguage\":\"de\",\"@id\":\"https:\/\/www.shm.software\/de\/user-profiles#primaryimage\",\"url\":\"https:\/\/www.shm.software\/de\/wp-content\/uploads\/2023\/09\/SHM_Deep-Insights_User-Profiles.jpg\",\"contentUrl\":\"https:\/\/www.shm.software\/de\/wp-content\/uploads\/2023\/09\/SHM_Deep-Insights_User-Profiles.jpg\",\"width\":600,\"height\":400},{\"@type\":\"BreadcrumbList\",\"@id\":\"https:\/\/www.shm.software\/de\/user-profiles#breadcrumb\",\"itemListElement\":[{\"@type\":\"ListItem\",\"position\":1,\"name\":\"Startseite\",\"item\":\"https:\/\/www.shm.software\/de\/\"},{\"@type\":\"ListItem\",\"position\":2,\"name\":\"Benutzer\"}]},{\"@type\":\"WebSite\",\"@id\":\"https:\/\/www.shm.software\/de\/#website\",\"url\":\"https:\/\/www.shm.software\/de\/\",\"name\":\"SMART HOSPITAL MAINTENANCE\",\"description\":\"\",\"potentialAction\":[{\"@type\":\"SearchAction\",\"target\":{\"@type\":\"EntryPoint\",\"urlTemplate\":\"https:\/\/www.shm.software\/de\/?s={search_term_string}\"},\"query-input\":{\"@type\":\"PropertyValueSpecification\",\"valueRequired\":true,\"valueName\":\"search_term_string\"}}],\"inLanguage\":\"de\"}]}<\/script>\n<!-- \/ Yoast SEO plugin. -->","yoast_head_json":{"title":"Benutzer - SMART HOSPITAL MAINTENANCE","robots":{"index":"index","follow":"follow","max-snippet":"max-snippet:-1","max-image-preview":"max-image-preview:large","max-video-preview":"max-video-preview:-1"},"canonical":"https:\/\/www.shm.software\/de\/user-profiles","og_locale":"de_DE","og_type":"article","og_title":"Benutzer - SMART HOSPITAL MAINTENANCE","og_description":"Benutzer F\u00fcr die professionelle Verwaltung und Wartung der Ger\u00e4te m\u00fcssen verschiedene Benutzergruppen eingebunden werden. Dies erfordert vollst\u00e4ndig anpassbare Benutzerrollen und -profile. Verwalten Sie Ihre Benutzer und weisen Sie ihnen personalisierte Zugriffsrechte zu. Smart Hospital Maintenance erf\u00fcllt diese Anforderungen unter Ber\u00fccksichtigung des Datenschutzes. Benutzerrollen Passen Sie die Benutzerrollen an und legen Sie fest, auf welche Bereiche [...]Weiterlesen...","og_url":"https:\/\/www.shm.software\/de\/user-profiles","og_site_name":"SMART HOSPITAL MAINTENANCE","article_modified_time":"2025-05-28T10:36:19+00:00","og_image":[{"url":"https:\/\/www.shm.software\/de\/wp-content\/uploads\/2023\/09\/SHM_Deep-Insights_User-Profiles.jpg","type":"","width":"","height":""}],"twitter_card":"summary_large_image","twitter_misc":{"Gesch\u00e4tzte Lesezeit":"2\u00a0Minuten"},"schema":{"@context":"https:\/\/schema.org","@graph":[{"@type":"WebPage","@id":"https:\/\/www.shm.software\/de\/user-profiles","url":"https:\/\/www.shm.software\/de\/user-profiles","name":"Benutzer - SMART HOSPITAL MAINTENANCE","isPartOf":{"@id":"https:\/\/www.shm.software\/de\/#website"},"primaryImageOfPage":{"@id":"https:\/\/www.shm.software\/de\/user-profiles#primaryimage"},"image":{"@id":"https:\/\/www.shm.software\/de\/user-profiles#primaryimage"},"thumbnailUrl":"https:\/\/www.shm.software\/de\/wp-content\/uploads\/2023\/09\/SHM_Deep-Insights_User-Profiles.jpg","datePublished":"2023-08-31T07:42:16+00:00","dateModified":"2025-05-28T10:36:19+00:00","breadcrumb":{"@id":"https:\/\/www.shm.software\/de\/user-profiles#breadcrumb"},"inLanguage":"de","potentialAction":[{"@type":"ReadAction","target":["https:\/\/www.shm.software\/de\/user-profiles"]}]},{"@type":"ImageObject","inLanguage":"de","@id":"https:\/\/www.shm.software\/de\/user-profiles#primaryimage","url":"https:\/\/www.shm.software\/de\/wp-content\/uploads\/2023\/09\/SHM_Deep-Insights_User-Profiles.jpg","contentUrl":"https:\/\/www.shm.software\/de\/wp-content\/uploads\/2023\/09\/SHM_Deep-Insights_User-Profiles.jpg","width":600,"height":400},{"@type":"BreadcrumbList","@id":"https:\/\/www.shm.software\/de\/user-profiles#breadcrumb","itemListElement":[{"@type":"ListItem","position":1,"name":"Startseite","item":"https:\/\/www.shm.software\/de\/"},{"@type":"ListItem","position":2,"name":"Benutzer"}]},{"@type":"WebSite","@id":"https:\/\/www.shm.software\/de\/#website","url":"https:\/\/www.shm.software\/de\/","name":"SMART HOSPITAL MAINTENANCE","description":"","potentialAction":[{"@type":"SearchAction","target":{"@type":"EntryPoint","urlTemplate":"https:\/\/www.shm.software\/de\/?s={search_term_string}"},"query-input":{"@type":"PropertyValueSpecification","valueRequired":true,"valueName":"search_term_string"}}],"inLanguage":"de"}]}},"_links":{"self":[{"href":"https:\/\/www.shm.software\/de\/wp-json\/wp\/v2\/pages\/187","targetHints":{"allow":["GET"]}}],"collection":[{"href":"https:\/\/www.shm.software\/de\/wp-json\/wp\/v2\/pages"}],"about":[{"href":"https:\/\/www.shm.software\/de\/wp-json\/wp\/v2\/types\/page"}],"author":[{"embeddable":true,"href":"https:\/\/www.shm.software\/de\/wp-json\/wp\/v2\/users\/1"}],"replies":[{"embeddable":true,"href":"https:\/\/www.shm.software\/de\/wp-json\/wp\/v2\/comments?post=187"}],"version-history":[{"count":15,"href":"https:\/\/www.shm.software\/de\/wp-json\/wp\/v2\/pages\/187\/revisions"}],"predecessor-version":[{"id":817,"href":"https:\/\/www.shm.software\/de\/wp-json\/wp\/v2\/pages\/187\/revisions\/817"}],"wp:attachment":[{"href":"https:\/\/www.shm.software\/de\/wp-json\/wp\/v2\/media?parent=187"}],"curies":[{"name":"wp","href":"https:\/\/api.w.org\/{rel}","templated":true}]}}