{"id":189,"date":"2023-08-31T07:42:23","date_gmt":"2023-08-31T07:42:23","guid":{"rendered":"https:\/\/www.shm.software\/de\/?page_id=189"},"modified":"2025-05-28T10:38:27","modified_gmt":"2025-05-28T10:38:27","slug":"facility-integration","status":"publish","type":"page","link":"https:\/\/www.shm.software\/de\/facility-integration","title":{"rendered":"Integration von Einrichtungen"},"content":{"rendered":"<div class=\"facility-bg in-head\"><\/div>\n<p id=\"breadcrumbs\"><span><span><a href=\"https:\/\/www.shm.software\/de\/\">Startseite<\/a><\/span><\/span><\/p>\n<div class=\"section-white\">\n<div class=\"container\">\n<div class=\"row align-items-center\">\n<div class=\"col-md-6\">\n<h1 class=\"h3\">Integration von Einrichtungen<\/h1>\n<p>Mit Smart Hospital Maintenance bleibt es Ihnen \u00fcberlassen, wie viele Gesundheitseinrichtungen Sie integrieren m\u00f6chten. Ein Top-Down-Ansatz (z. B. mit einer standardisierten Datenbank von Verm\u00f6genswerten und Dokumentationen f\u00fcr alle Einrichtungen) erm\u00f6glicht es Ihnen, den \u00dcberblick zu behalten, w\u00e4hrend Ihr Krankenhausnetz bei der Integration neuer Einrichtungen in die Software unabh\u00e4ngig arbeiten kann. Auf diese Weise k\u00f6nnen Sie verl\u00e4sslich Ihre Leistung messen und Statistiken erstellen. Gleichzeitig sch\u00fctzen Sie Ihre Privatsph\u00e4re und Ihr Betriebsmanagement.<\/p>\n<\/div>\n<div class=\"col-md-6\"><img decoding=\"async\" class=\"img-fluid d-block mx-auto\" src=\"https:\/\/www.shm.software\/de\/wp-content\/uploads\/2023\/11\/facility-img1.png\" alt=\"Facility Integration\" \/><\/div>\n<\/div>\n<\/div>\n<\/div>\n<div class=\"section-lightgrey\">\n<div class=\"container\">\n<div class=\"row align-items-center\">\n<div class=\"col-md-6 order-md-2\">\n<h2 class=\"h3\">Unbegrenzte Einrichtungsverwaltung<\/h2>\n<p>Die Integration und Verwaltung einer unbegrenzten Anzahl von Gesundheitseinrichtungen ist m\u00f6glich. Globale Benutzer k\u00f6nnen den Rahmen und die Parameter festlegen, die von allen oder ausgew\u00e4hlten Einrichtungen bzw. Benutzern (Gruppen) eingehalten werden m\u00fcssen. So k\u00f6nnen Sie den Prozess und die Dokumentation f\u00fcr Ihre Einrichtungen rationaisieren. Flexibel anpassbare Verwaltung auf Einrichtungsebene.<\/p>\n<\/div>\n<div class=\"col-md-6 order-md-1\"><img decoding=\"async\" class=\"img-fluid d-block mx-auto\" src=\"https:\/\/www.shm.software\/de\/wp-content\/uploads\/2023\/09\/asset-imgv2.png\" alt=\"healthcare facilities\" \/><\/div>\n<\/div>\n<\/div>\n<\/div>\n<div class=\"section-white\">\n<div class=\"container\">\n<div class=\"row align-items-center\">\n<div class=\"col-md-6\">\n<h3>Integration neuer Gesundheitseinrichtungen<\/h3>\n<p>Mit Smart Hospital Maintenance ist es einfach, neue Gesundheitseinrichtungen zu integrieren. Zun\u00e4chst werden Sie in diesem Prozess Schritt f\u00fcr Schritt angeleitet, alle Geb\u00e4ude der Einrichtung sowie deren Etagen, Abteilungen und R\u00e4ume hinzuzuf\u00fcgen. Anschlie\u00dfend k\u00f6nnen Sie den R\u00e4umen m\u00fchelos Assets zuweisen und zus\u00e4tzliche Funktionen wie den Druck von QR-Labels nutzen.<\/p>\n<\/div>\n<div class=\"col-md-6\"><img decoding=\"async\" class=\"img-fluid d-block mx-auto\" src=\"https:\/\/www.shm.software\/de\/wp-content\/uploads\/2023\/09\/SHM_Scalability_Facility-Integration.jpg\" alt=\"new healthcare facilities\" \/><\/div>\n<\/div>\n<\/div>\n<\/div>\n<div class=\"section-primary\">\n<div class=\"container\">\n<div class=\"row\">\n<div class=\"col-lg-12 mx-auto text-center\">\n<h4>Sie m\u00f6chten sehen, wie Smart Hospital Maintenance verschiedene Gesundheitseinrichtungen integriert?<br \/>\nBuchen Sie jetzt eine Demo-Sitzung mit unseren Experten!<\/h4>\n<div><a class=\"btn btn-primary mt-3\" href=\"https:\/\/www.shm.software\/de\/contact-us\">Demo buchen<\/a><\/div>\n<\/div>\n<\/div>\n<\/div>\n<\/div>\n<div class=\"section-white\">\n<div class=\"container\">\n<div class=\"row text-center\">\n<div class=\"col-lg-12\">\n<h3 class=\"mb-0\">Zus\u00e4tzliche Features<\/h3>\n<\/div>\n<div class=\"col-lg-6\">\n<div class=\"af-box\">\n<h4>Wartung und Verwaltung<\/h4>\n<div class=\"af-link\"><a href=\"https:\/\/www.shm.software\/de\/work-order-management\">Arbeitsauftrags-management<\/a><br \/>\n<a href=\"https:\/\/www.shm.software\/de\/planned-preventive-maintenance\">Geplante pr\u00e4ventive Wartung<\/a><br \/>\n<a href=\"https:\/\/www.shm.software\/de\/corrective-maintenance\">Korrektive Wartung<\/a><br \/>\n<a href=\"https:\/\/www.shm.software\/de\/inspection-maintenance\">Vorausschauende Wartung<\/a><\/div>\n<\/div>\n<\/div>\n<div class=\"col-lg-6\">\n<div class=\"af-box\">\n<h4>Effizienter Service<\/h4>\n<div class=\"af-link\"><a href=\"https:\/\/www.shm.software\/de\/asset-matching\">Anlagen-Abgleich<\/a><br \/>\n<a href=\"https:\/\/www.shm.software\/de\/document-management\">Dokument-management<\/a><br \/>\n<a href=\"https:\/\/www.shm.software\/de\/service-request-management\">Verwaltung von Serviceanfragen<\/a><br \/>\n<a href=\"https:\/\/www.shm.software\/de\/qr-labels\">QR-Code-Labels<\/a><\/div>\n<\/div>\n<\/div>\n<div class=\"col-lg-6\">\n<div class=\"af-box\">\n<h4>Umfangreiche M\u00f6glichkeiten<\/h4>\n<div class=\"af-link\"><a href=\"https:\/\/www.shm.software\/de\/technical-reports\">Technische Berichte<\/a><br \/>\n<a href=\"https:\/\/www.shm.software\/de\/contact-management\">Kontakt management<\/a><br \/>\n<a href=\"https:\/\/www.shm.software\/de\/contract-administration\">Vertragsverwaltung<\/a><br \/>\n<a href=\"https:\/\/www.shm.software\/de\/user-profiles\">Benutzer<\/a><\/div>\n<\/div>\n<\/div>\n<div class=\"col-lg-6\">\n<div class=\"af-box\">\n<h4>Komfortable Nutzung<\/h4>\n<div class=\"af-link\"><a href=\"https:\/\/www.shm.software\/de\/customisation\">Anpassung<\/a><br \/>\n<a href=\"https:\/\/www.shm.software\/de\/mobile-application\">Mobile Anwendung<\/a><br \/>\n<a href=\"https:\/\/www.shm.software\/de\/offline-mode\">Offline-Modus<\/a><br \/>\n<a href=\"https:\/\/www.shm.software\/de\/bulk-upload\">Bulk-Upload<\/a><\/div>\n<\/div>\n<\/div>\n<\/div>\n<\/div>\n<\/div>\n","protected":false},"excerpt":{"rendered":"<p>Integration von Einrichtungen Mit Smart Hospital Maintenance bleibt es Ihnen \u00fcberlassen, wie viele Gesundheitseinrichtungen Sie integrieren m\u00f6chten. Ein Top-Down-Ansatz (z. B. mit einer standardisierten Datenbank von Verm\u00f6genswerten und Dokumentationen f\u00fcr alle Einrichtungen) erm\u00f6glicht es Ihnen, den \u00dcberblick zu behalten, w\u00e4hrend Ihr Krankenhausnetz bei der Integration neuer Einrichtungen in die Software unabh\u00e4ngig arbeiten kann. Auf diese [&#8230;]<\/p>\n<p><a class=\"btn btn-secondary understrap-read-more-link\" href=\"https:\/\/www.shm.software\/de\/facility-integration\">Weiterlesen&#8230;<\/a><\/p>\n","protected":false},"author":1,"featured_media":0,"parent":0,"menu_order":0,"comment_status":"closed","ping_status":"closed","template":"page-templates\/empty.php","meta":{"footnotes":""},"class_list":["post-189","page","type-page","status-publish","hentry"],"yoast_head":"<!-- This site is optimized with the Yoast SEO plugin v26.8 - https:\/\/yoast.com\/product\/yoast-seo-wordpress\/ -->\n<title>Integration von Einrichtungen - SMART HOSPITAL MAINTENANCE<\/title>\n<meta name=\"robots\" content=\"index, follow, max-snippet:-1, max-image-preview:large, max-video-preview:-1\" \/>\n<link rel=\"canonical\" href=\"https:\/\/www.shm.software\/de\/facility-integration\" \/>\n<meta property=\"og:locale\" content=\"de_DE\" \/>\n<meta property=\"og:type\" content=\"article\" \/>\n<meta property=\"og:title\" content=\"Integration von Einrichtungen - SMART HOSPITAL MAINTENANCE\" \/>\n<meta property=\"og:description\" content=\"Integration von Einrichtungen Mit Smart Hospital Maintenance bleibt es Ihnen \u00fcberlassen, wie viele Gesundheitseinrichtungen Sie integrieren m\u00f6chten. Ein Top-Down-Ansatz (z. B. mit einer standardisierten Datenbank von Verm\u00f6genswerten und Dokumentationen f\u00fcr alle Einrichtungen) erm\u00f6glicht es Ihnen, den \u00dcberblick zu behalten, w\u00e4hrend Ihr Krankenhausnetz bei der Integration neuer Einrichtungen in die Software unabh\u00e4ngig arbeiten kann. Auf diese [...]Weiterlesen...\" \/>\n<meta property=\"og:url\" content=\"https:\/\/www.shm.software\/de\/facility-integration\" \/>\n<meta property=\"og:site_name\" content=\"SMART HOSPITAL MAINTENANCE\" \/>\n<meta property=\"article:modified_time\" content=\"2025-05-28T10:38:27+00:00\" \/>\n<meta property=\"og:image\" content=\"https:\/\/www.shm.software\/de\/wp-content\/uploads\/2023\/11\/facility-img1.png\" \/>\n<meta name=\"twitter:card\" content=\"summary_large_image\" \/>\n<meta name=\"twitter:label1\" content=\"Gesch\u00e4tzte Lesezeit\" \/>\n\t<meta name=\"twitter:data1\" content=\"2\u00a0Minuten\" \/>\n<script type=\"application\/ld+json\" class=\"yoast-schema-graph\">{\"@context\":\"https:\/\/schema.org\",\"@graph\":[{\"@type\":\"WebPage\",\"@id\":\"https:\/\/www.shm.software\/de\/facility-integration\",\"url\":\"https:\/\/www.shm.software\/de\/facility-integration\",\"name\":\"Integration von Einrichtungen - SMART HOSPITAL MAINTENANCE\",\"isPartOf\":{\"@id\":\"https:\/\/www.shm.software\/de\/#website\"},\"primaryImageOfPage\":{\"@id\":\"https:\/\/www.shm.software\/de\/facility-integration#primaryimage\"},\"image\":{\"@id\":\"https:\/\/www.shm.software\/de\/facility-integration#primaryimage\"},\"thumbnailUrl\":\"https:\/\/www.shm.software\/de\/wp-content\/uploads\/2023\/11\/facility-img1.png\",\"datePublished\":\"2023-08-31T07:42:23+00:00\",\"dateModified\":\"2025-05-28T10:38:27+00:00\",\"breadcrumb\":{\"@id\":\"https:\/\/www.shm.software\/de\/facility-integration#breadcrumb\"},\"inLanguage\":\"de\",\"potentialAction\":[{\"@type\":\"ReadAction\",\"target\":[\"https:\/\/www.shm.software\/de\/facility-integration\"]}]},{\"@type\":\"ImageObject\",\"inLanguage\":\"de\",\"@id\":\"https:\/\/www.shm.software\/de\/facility-integration#primaryimage\",\"url\":\"https:\/\/www.shm.software\/de\/wp-content\/uploads\/2023\/11\/facility-img1.png\",\"contentUrl\":\"https:\/\/www.shm.software\/de\/wp-content\/uploads\/2023\/11\/facility-img1.png\",\"width\":600,\"height\":400},{\"@type\":\"BreadcrumbList\",\"@id\":\"https:\/\/www.shm.software\/de\/facility-integration#breadcrumb\",\"itemListElement\":[{\"@type\":\"ListItem\",\"position\":1,\"name\":\"Startseite\",\"item\":\"https:\/\/www.shm.software\/de\/\"},{\"@type\":\"ListItem\",\"position\":2,\"name\":\"Integration von Einrichtungen\"}]},{\"@type\":\"WebSite\",\"@id\":\"https:\/\/www.shm.software\/de\/#website\",\"url\":\"https:\/\/www.shm.software\/de\/\",\"name\":\"SMART HOSPITAL MAINTENANCE\",\"description\":\"\",\"potentialAction\":[{\"@type\":\"SearchAction\",\"target\":{\"@type\":\"EntryPoint\",\"urlTemplate\":\"https:\/\/www.shm.software\/de\/?s={search_term_string}\"},\"query-input\":{\"@type\":\"PropertyValueSpecification\",\"valueRequired\":true,\"valueName\":\"search_term_string\"}}],\"inLanguage\":\"de\"}]}<\/script>\n<!-- \/ Yoast SEO plugin. -->","yoast_head_json":{"title":"Integration von Einrichtungen - SMART HOSPITAL MAINTENANCE","robots":{"index":"index","follow":"follow","max-snippet":"max-snippet:-1","max-image-preview":"max-image-preview:large","max-video-preview":"max-video-preview:-1"},"canonical":"https:\/\/www.shm.software\/de\/facility-integration","og_locale":"de_DE","og_type":"article","og_title":"Integration von Einrichtungen - SMART HOSPITAL MAINTENANCE","og_description":"Integration von Einrichtungen Mit Smart Hospital Maintenance bleibt es Ihnen \u00fcberlassen, wie viele Gesundheitseinrichtungen Sie integrieren m\u00f6chten. Ein Top-Down-Ansatz (z. B. mit einer standardisierten Datenbank von Verm\u00f6genswerten und Dokumentationen f\u00fcr alle Einrichtungen) erm\u00f6glicht es Ihnen, den \u00dcberblick zu behalten, w\u00e4hrend Ihr Krankenhausnetz bei der Integration neuer Einrichtungen in die Software unabh\u00e4ngig arbeiten kann. Auf diese [...]Weiterlesen...","og_url":"https:\/\/www.shm.software\/de\/facility-integration","og_site_name":"SMART HOSPITAL MAINTENANCE","article_modified_time":"2025-05-28T10:38:27+00:00","og_image":[{"url":"https:\/\/www.shm.software\/de\/wp-content\/uploads\/2023\/11\/facility-img1.png","type":"","width":"","height":""}],"twitter_card":"summary_large_image","twitter_misc":{"Gesch\u00e4tzte Lesezeit":"2\u00a0Minuten"},"schema":{"@context":"https:\/\/schema.org","@graph":[{"@type":"WebPage","@id":"https:\/\/www.shm.software\/de\/facility-integration","url":"https:\/\/www.shm.software\/de\/facility-integration","name":"Integration von Einrichtungen - SMART HOSPITAL MAINTENANCE","isPartOf":{"@id":"https:\/\/www.shm.software\/de\/#website"},"primaryImageOfPage":{"@id":"https:\/\/www.shm.software\/de\/facility-integration#primaryimage"},"image":{"@id":"https:\/\/www.shm.software\/de\/facility-integration#primaryimage"},"thumbnailUrl":"https:\/\/www.shm.software\/de\/wp-content\/uploads\/2023\/11\/facility-img1.png","datePublished":"2023-08-31T07:42:23+00:00","dateModified":"2025-05-28T10:38:27+00:00","breadcrumb":{"@id":"https:\/\/www.shm.software\/de\/facility-integration#breadcrumb"},"inLanguage":"de","potentialAction":[{"@type":"ReadAction","target":["https:\/\/www.shm.software\/de\/facility-integration"]}]},{"@type":"ImageObject","inLanguage":"de","@id":"https:\/\/www.shm.software\/de\/facility-integration#primaryimage","url":"https:\/\/www.shm.software\/de\/wp-content\/uploads\/2023\/11\/facility-img1.png","contentUrl":"https:\/\/www.shm.software\/de\/wp-content\/uploads\/2023\/11\/facility-img1.png","width":600,"height":400},{"@type":"BreadcrumbList","@id":"https:\/\/www.shm.software\/de\/facility-integration#breadcrumb","itemListElement":[{"@type":"ListItem","position":1,"name":"Startseite","item":"https:\/\/www.shm.software\/de\/"},{"@type":"ListItem","position":2,"name":"Integration von Einrichtungen"}]},{"@type":"WebSite","@id":"https:\/\/www.shm.software\/de\/#website","url":"https:\/\/www.shm.software\/de\/","name":"SMART HOSPITAL MAINTENANCE","description":"","potentialAction":[{"@type":"SearchAction","target":{"@type":"EntryPoint","urlTemplate":"https:\/\/www.shm.software\/de\/?s={search_term_string}"},"query-input":{"@type":"PropertyValueSpecification","valueRequired":true,"valueName":"search_term_string"}}],"inLanguage":"de"}]}},"_links":{"self":[{"href":"https:\/\/www.shm.software\/de\/wp-json\/wp\/v2\/pages\/189","targetHints":{"allow":["GET"]}}],"collection":[{"href":"https:\/\/www.shm.software\/de\/wp-json\/wp\/v2\/pages"}],"about":[{"href":"https:\/\/www.shm.software\/de\/wp-json\/wp\/v2\/types\/page"}],"author":[{"embeddable":true,"href":"https:\/\/www.shm.software\/de\/wp-json\/wp\/v2\/users\/1"}],"replies":[{"embeddable":true,"href":"https:\/\/www.shm.software\/de\/wp-json\/wp\/v2\/comments?post=189"}],"version-history":[{"count":20,"href":"https:\/\/www.shm.software\/de\/wp-json\/wp\/v2\/pages\/189\/revisions"}],"predecessor-version":[{"id":821,"href":"https:\/\/www.shm.software\/de\/wp-json\/wp\/v2\/pages\/189\/revisions\/821"}],"wp:attachment":[{"href":"https:\/\/www.shm.software\/de\/wp-json\/wp\/v2\/media?parent=189"}],"curies":[{"name":"wp","href":"https:\/\/api.w.org\/{rel}","templated":true}]}}