{"id":191,"date":"2023-08-31T07:42:29","date_gmt":"2023-08-31T07:42:29","guid":{"rendered":"https:\/\/www.shm.software\/de\/?page_id=191"},"modified":"2025-05-28T10:42:07","modified_gmt":"2025-05-28T10:42:07","slug":"multi-language-feature","status":"publish","type":"page","link":"https:\/\/www.shm.software\/de\/multi-language-feature","title":{"rendered":"Mehrsprachig"},"content":{"rendered":"<div class=\"multilf-bg in-head\"><\/div>\n<p id=\"breadcrumbs\"><span><span><a href=\"https:\/\/www.shm.software\/de\/\">Startseite<\/a><\/span><\/span><\/p>\n<div class=\"section-white\">\n<div class=\"container\">\n<div class=\"row align-items-center\">\n<div class=\"col-md-6\">\n<h1 class=\"h3\">Mehrsprachig<\/h1>\n<p>Mit Smart Hospital Maintenance k\u00f6nnen Sie einfach zwischen den Sprachen Englisch, Deutsch und Franz\u00f6sisch wechseln. Die gesamte Software wurde ausschlie\u00dflich von professionellen Muttersprachlern \u00fcbersetzt, um eine reibungslose Nutzung in allen verf\u00fcgbaren Sprachen zu gew\u00e4hrleisten. Weitere Sprachen, darunter Spanisch, werden in K\u00fcrze folgen. Ihre gew\u00fcnschte Sprache ist noch nicht verf\u00fcgbar? Bitte kontaktieren Sie uns und wir werden diese Sprache auf unsere Priorit\u00e4tenliste setzen.<\/p>\n<\/div>\n<div class=\"col-md-6\"><img decoding=\"async\" class=\"img-fluid d-block mx-auto\" src=\"https:\/\/www.shm.software\/de\/wp-content\/uploads\/2023\/09\/SHM_Scalability_Multi-Language-Feature.jpg\" alt=\"Multi-Language Feature\" \/><\/div>\n<\/div>\n<\/div>\n<\/div>\n<div class=\"section-lightgrey\">\n<div class=\"container\">\n<div class=\"row align-items-center\">\n<div class=\"col-md-6 order-md-2\">\n<h2 class=\"h3\">Mehrsprachige Datenbanken<\/h2>\n<p>Die Asset-Datenbanken sind ebenfalls in den unterst\u00fctzten Sprachen verf\u00fcgbar. Dazu geh\u00f6ren generische Ger\u00e4tedatenbanken und markenspezifische Datenbanken mit Marken und Herstellern. \u00dcbrigens ist es auch m\u00f6glich, einzelne \u00dcbersetzungsbegriffe in der Datenbank Ihrer Software-Lizenz zu \u00e4ndern.<\/p>\n<\/div>\n<div class=\"col-md-6 order-md-1\"><img decoding=\"async\" class=\"img-fluid d-block mx-auto\" src=\"https:\/\/www.shm.software\/de\/wp-content\/uploads\/2023\/09\/multilang-img1.jpg\" alt=\"Multi-Language Data\" \/><\/div>\n<\/div>\n<\/div>\n<\/div>\n<div class=\"section-primary\">\n<div class=\"container\">\n<div class=\"row\">\n<div class=\"col-lg-10 mx-auto text-center\">\n<h4>Sind Sie daran interessiert, die mehrsprachigen Funktionen von Smart Hospital Maintenance kennenzulernen? Wir w\u00fcrden uns freuen, Ihnen dieses Feature in einer Live-Demo-Session vorstellen zu d\u00fcrfen.<\/h4>\n<div><a class=\"btn btn-primary mt-3\" href=\"https:\/\/www.shm.software\/de\/contact-us\">Demo buchen<\/a><\/div>\n<\/div>\n<\/div>\n<\/div>\n<\/div>\n<div class=\"section-white\">\n<div class=\"container\">\n<div class=\"row text-center\">\n<div class=\"col-lg-12\">\n<h3 class=\"mb-0\">Zus\u00e4tzliche Features<\/h3>\n<\/div>\n<div class=\"col-lg-6\">\n<div class=\"af-box\">\n<h4>Wartung und Verwaltung<\/h4>\n<div class=\"af-link\"><a href=\"https:\/\/www.shm.software\/de\/work-order-management\">Arbeitsauftrags-management<\/a><br \/>\n<a href=\"https:\/\/www.shm.software\/de\/planned-preventive-maintenance\">Geplante pr\u00e4ventive Wartung<\/a><br \/>\n<a href=\"https:\/\/www.shm.software\/de\/corrective-maintenance\">Korrektive Wartung<\/a><br \/>\n<a href=\"https:\/\/www.shm.software\/de\/inspection-maintenance\">Vorausschauende Wartung<\/a><\/div>\n<\/div>\n<\/div>\n<div class=\"col-lg-6\">\n<div class=\"af-box\">\n<h4>Effizienter Service<\/h4>\n<div class=\"af-link\"><a href=\"https:\/\/www.shm.software\/de\/asset-matching\">Anlagen-Abgleich<\/a><br \/>\n<a href=\"https:\/\/www.shm.software\/de\/document-management\">Dokument-management<\/a><br \/>\n<a href=\"https:\/\/www.shm.software\/de\/service-request-management\">Verwaltung von Serviceanfragen<\/a><br \/>\n<a href=\"https:\/\/www.shm.software\/de\/qr-labels\">QR-Code-Labels<\/a><\/div>\n<\/div>\n<\/div>\n<div class=\"col-lg-6\">\n<div class=\"af-box\">\n<h4>Umfangreiche M\u00f6glichkeiten<\/h4>\n<div class=\"af-link\"><a href=\"https:\/\/www.shm.software\/de\/technical-reports\">Technische Berichte<\/a><br \/>\n<a href=\"https:\/\/www.shm.software\/de\/contact-management\">Kontakt management<\/a><br \/>\n<a href=\"https:\/\/www.shm.software\/de\/contract-administration\">Vertragsverwaltung<\/a><br \/>\n<a href=\"https:\/\/www.shm.software\/de\/user-profiles\">Benutzer<\/a><\/div>\n<\/div>\n<\/div>\n<div class=\"col-lg-6\">\n<div class=\"af-box\">\n<h4>Komfortable Nutzung<\/h4>\n<div class=\"af-link\"><a href=\"https:\/\/www.shm.software\/de\/customisation\">Anpassung<\/a><br \/>\n<a href=\"https:\/\/www.shm.software\/de\/mobile-application\">Mobile Anwendung<\/a><br \/>\n<a href=\"https:\/\/www.shm.software\/de\/offline-mode\">Offline-Modus<\/a><br \/>\n<a href=\"https:\/\/www.shm.software\/de\/bulk-upload\">Bulk-Upload<\/a><\/div>\n<\/div>\n<\/div>\n<\/div>\n<\/div>\n<\/div>\n","protected":false},"excerpt":{"rendered":"<p>Mehrsprachig Mit Smart Hospital Maintenance k\u00f6nnen Sie einfach zwischen den Sprachen Englisch, Deutsch und Franz\u00f6sisch wechseln. Die gesamte Software wurde ausschlie\u00dflich von professionellen Muttersprachlern \u00fcbersetzt, um eine reibungslose Nutzung in allen verf\u00fcgbaren Sprachen zu gew\u00e4hrleisten. Weitere Sprachen, darunter Spanisch, werden in K\u00fcrze folgen. Ihre gew\u00fcnschte Sprache ist noch nicht verf\u00fcgbar? Bitte kontaktieren Sie uns und [&#8230;]<\/p>\n<p><a class=\"btn btn-secondary understrap-read-more-link\" href=\"https:\/\/www.shm.software\/de\/multi-language-feature\">Weiterlesen&#8230;<\/a><\/p>\n","protected":false},"author":1,"featured_media":0,"parent":0,"menu_order":0,"comment_status":"closed","ping_status":"closed","template":"page-templates\/empty.php","meta":{"footnotes":""},"class_list":["post-191","page","type-page","status-publish","hentry"],"yoast_head":"<!-- This site is optimized with the Yoast SEO plugin v26.8 - https:\/\/yoast.com\/product\/yoast-seo-wordpress\/ -->\n<title>Mehrsprachig - SMART HOSPITAL MAINTENANCE<\/title>\n<meta name=\"robots\" content=\"index, follow, max-snippet:-1, max-image-preview:large, max-video-preview:-1\" \/>\n<link rel=\"canonical\" href=\"https:\/\/www.shm.software\/de\/multi-language-feature\" \/>\n<meta property=\"og:locale\" content=\"de_DE\" \/>\n<meta property=\"og:type\" content=\"article\" \/>\n<meta property=\"og:title\" content=\"Mehrsprachig - SMART HOSPITAL MAINTENANCE\" \/>\n<meta property=\"og:description\" content=\"Mehrsprachig Mit Smart Hospital Maintenance k\u00f6nnen Sie einfach zwischen den Sprachen Englisch, Deutsch und Franz\u00f6sisch wechseln. Die gesamte Software wurde ausschlie\u00dflich von professionellen Muttersprachlern \u00fcbersetzt, um eine reibungslose Nutzung in allen verf\u00fcgbaren Sprachen zu gew\u00e4hrleisten. Weitere Sprachen, darunter Spanisch, werden in K\u00fcrze folgen. Ihre gew\u00fcnschte Sprache ist noch nicht verf\u00fcgbar? Bitte kontaktieren Sie uns und [...]Weiterlesen...\" \/>\n<meta property=\"og:url\" content=\"https:\/\/www.shm.software\/de\/multi-language-feature\" \/>\n<meta property=\"og:site_name\" content=\"SMART HOSPITAL MAINTENANCE\" \/>\n<meta property=\"article:modified_time\" content=\"2025-05-28T10:42:07+00:00\" \/>\n<meta property=\"og:image\" content=\"https:\/\/www.shm.software\/de\/wp-content\/uploads\/2023\/09\/SHM_Scalability_Multi-Language-Feature.jpg\" \/>\n<meta name=\"twitter:card\" content=\"summary_large_image\" \/>\n<meta name=\"twitter:label1\" content=\"Gesch\u00e4tzte Lesezeit\" \/>\n\t<meta name=\"twitter:data1\" content=\"2\u00a0Minuten\" \/>\n<script type=\"application\/ld+json\" class=\"yoast-schema-graph\">{\"@context\":\"https:\/\/schema.org\",\"@graph\":[{\"@type\":\"WebPage\",\"@id\":\"https:\/\/www.shm.software\/de\/multi-language-feature\",\"url\":\"https:\/\/www.shm.software\/de\/multi-language-feature\",\"name\":\"Mehrsprachig - SMART HOSPITAL MAINTENANCE\",\"isPartOf\":{\"@id\":\"https:\/\/www.shm.software\/de\/#website\"},\"primaryImageOfPage\":{\"@id\":\"https:\/\/www.shm.software\/de\/multi-language-feature#primaryimage\"},\"image\":{\"@id\":\"https:\/\/www.shm.software\/de\/multi-language-feature#primaryimage\"},\"thumbnailUrl\":\"https:\/\/www.shm.software\/de\/wp-content\/uploads\/2023\/09\/SHM_Scalability_Multi-Language-Feature.jpg\",\"datePublished\":\"2023-08-31T07:42:29+00:00\",\"dateModified\":\"2025-05-28T10:42:07+00:00\",\"breadcrumb\":{\"@id\":\"https:\/\/www.shm.software\/de\/multi-language-feature#breadcrumb\"},\"inLanguage\":\"de\",\"potentialAction\":[{\"@type\":\"ReadAction\",\"target\":[\"https:\/\/www.shm.software\/de\/multi-language-feature\"]}]},{\"@type\":\"ImageObject\",\"inLanguage\":\"de\",\"@id\":\"https:\/\/www.shm.software\/de\/multi-language-feature#primaryimage\",\"url\":\"https:\/\/www.shm.software\/de\/wp-content\/uploads\/2023\/09\/SHM_Scalability_Multi-Language-Feature.jpg\",\"contentUrl\":\"https:\/\/www.shm.software\/de\/wp-content\/uploads\/2023\/09\/SHM_Scalability_Multi-Language-Feature.jpg\",\"width\":600,\"height\":400},{\"@type\":\"BreadcrumbList\",\"@id\":\"https:\/\/www.shm.software\/de\/multi-language-feature#breadcrumb\",\"itemListElement\":[{\"@type\":\"ListItem\",\"position\":1,\"name\":\"Startseite\",\"item\":\"https:\/\/www.shm.software\/de\/\"},{\"@type\":\"ListItem\",\"position\":2,\"name\":\"Mehrsprachig\"}]},{\"@type\":\"WebSite\",\"@id\":\"https:\/\/www.shm.software\/de\/#website\",\"url\":\"https:\/\/www.shm.software\/de\/\",\"name\":\"SMART HOSPITAL MAINTENANCE\",\"description\":\"\",\"potentialAction\":[{\"@type\":\"SearchAction\",\"target\":{\"@type\":\"EntryPoint\",\"urlTemplate\":\"https:\/\/www.shm.software\/de\/?s={search_term_string}\"},\"query-input\":{\"@type\":\"PropertyValueSpecification\",\"valueRequired\":true,\"valueName\":\"search_term_string\"}}],\"inLanguage\":\"de\"}]}<\/script>\n<!-- \/ Yoast SEO plugin. -->","yoast_head_json":{"title":"Mehrsprachig - SMART HOSPITAL MAINTENANCE","robots":{"index":"index","follow":"follow","max-snippet":"max-snippet:-1","max-image-preview":"max-image-preview:large","max-video-preview":"max-video-preview:-1"},"canonical":"https:\/\/www.shm.software\/de\/multi-language-feature","og_locale":"de_DE","og_type":"article","og_title":"Mehrsprachig - SMART HOSPITAL MAINTENANCE","og_description":"Mehrsprachig Mit Smart Hospital Maintenance k\u00f6nnen Sie einfach zwischen den Sprachen Englisch, Deutsch und Franz\u00f6sisch wechseln. Die gesamte Software wurde ausschlie\u00dflich von professionellen Muttersprachlern \u00fcbersetzt, um eine reibungslose Nutzung in allen verf\u00fcgbaren Sprachen zu gew\u00e4hrleisten. Weitere Sprachen, darunter Spanisch, werden in K\u00fcrze folgen. Ihre gew\u00fcnschte Sprache ist noch nicht verf\u00fcgbar? Bitte kontaktieren Sie uns und [...]Weiterlesen...","og_url":"https:\/\/www.shm.software\/de\/multi-language-feature","og_site_name":"SMART HOSPITAL MAINTENANCE","article_modified_time":"2025-05-28T10:42:07+00:00","og_image":[{"url":"https:\/\/www.shm.software\/de\/wp-content\/uploads\/2023\/09\/SHM_Scalability_Multi-Language-Feature.jpg","type":"","width":"","height":""}],"twitter_card":"summary_large_image","twitter_misc":{"Gesch\u00e4tzte Lesezeit":"2\u00a0Minuten"},"schema":{"@context":"https:\/\/schema.org","@graph":[{"@type":"WebPage","@id":"https:\/\/www.shm.software\/de\/multi-language-feature","url":"https:\/\/www.shm.software\/de\/multi-language-feature","name":"Mehrsprachig - SMART HOSPITAL MAINTENANCE","isPartOf":{"@id":"https:\/\/www.shm.software\/de\/#website"},"primaryImageOfPage":{"@id":"https:\/\/www.shm.software\/de\/multi-language-feature#primaryimage"},"image":{"@id":"https:\/\/www.shm.software\/de\/multi-language-feature#primaryimage"},"thumbnailUrl":"https:\/\/www.shm.software\/de\/wp-content\/uploads\/2023\/09\/SHM_Scalability_Multi-Language-Feature.jpg","datePublished":"2023-08-31T07:42:29+00:00","dateModified":"2025-05-28T10:42:07+00:00","breadcrumb":{"@id":"https:\/\/www.shm.software\/de\/multi-language-feature#breadcrumb"},"inLanguage":"de","potentialAction":[{"@type":"ReadAction","target":["https:\/\/www.shm.software\/de\/multi-language-feature"]}]},{"@type":"ImageObject","inLanguage":"de","@id":"https:\/\/www.shm.software\/de\/multi-language-feature#primaryimage","url":"https:\/\/www.shm.software\/de\/wp-content\/uploads\/2023\/09\/SHM_Scalability_Multi-Language-Feature.jpg","contentUrl":"https:\/\/www.shm.software\/de\/wp-content\/uploads\/2023\/09\/SHM_Scalability_Multi-Language-Feature.jpg","width":600,"height":400},{"@type":"BreadcrumbList","@id":"https:\/\/www.shm.software\/de\/multi-language-feature#breadcrumb","itemListElement":[{"@type":"ListItem","position":1,"name":"Startseite","item":"https:\/\/www.shm.software\/de\/"},{"@type":"ListItem","position":2,"name":"Mehrsprachig"}]},{"@type":"WebSite","@id":"https:\/\/www.shm.software\/de\/#website","url":"https:\/\/www.shm.software\/de\/","name":"SMART HOSPITAL MAINTENANCE","description":"","potentialAction":[{"@type":"SearchAction","target":{"@type":"EntryPoint","urlTemplate":"https:\/\/www.shm.software\/de\/?s={search_term_string}"},"query-input":{"@type":"PropertyValueSpecification","valueRequired":true,"valueName":"search_term_string"}}],"inLanguage":"de"}]}},"_links":{"self":[{"href":"https:\/\/www.shm.software\/de\/wp-json\/wp\/v2\/pages\/191","targetHints":{"allow":["GET"]}}],"collection":[{"href":"https:\/\/www.shm.software\/de\/wp-json\/wp\/v2\/pages"}],"about":[{"href":"https:\/\/www.shm.software\/de\/wp-json\/wp\/v2\/types\/page"}],"author":[{"embeddable":true,"href":"https:\/\/www.shm.software\/de\/wp-json\/wp\/v2\/users\/1"}],"replies":[{"embeddable":true,"href":"https:\/\/www.shm.software\/de\/wp-json\/wp\/v2\/comments?post=191"}],"version-history":[{"count":13,"href":"https:\/\/www.shm.software\/de\/wp-json\/wp\/v2\/pages\/191\/revisions"}],"predecessor-version":[{"id":824,"href":"https:\/\/www.shm.software\/de\/wp-json\/wp\/v2\/pages\/191\/revisions\/824"}],"wp:attachment":[{"href":"https:\/\/www.shm.software\/de\/wp-json\/wp\/v2\/media?parent=191"}],"curies":[{"name":"wp","href":"https:\/\/api.w.org\/{rel}","templated":true}]}}