{"id":194,"date":"2023-08-31T07:42:35","date_gmt":"2023-08-31T07:42:35","guid":{"rendered":"https:\/\/www.shm.software\/de\/?page_id=194"},"modified":"2025-05-28T10:47:53","modified_gmt":"2025-05-28T10:47:53","slug":"relocation-management","status":"publish","type":"page","link":"https:\/\/www.shm.software\/de\/relocation-management","title":{"rendered":"Relocation-Management"},"content":{"rendered":"<div class=\"relocation-bg in-head\"><\/div>\n<p id=\"breadcrumbs\"><span><span><a href=\"https:\/\/www.shm.software\/de\/\">Startseite<\/a><\/span><\/span><\/p>\n<div class=\"section-white\">\n<div class=\"container\">\n<div class=\"row align-items-center\">\n<div class=\"col-md-6\">\n<h1 class=\"h3\">Relocation-Management<\/h1>\n<p>Ein zentrales Ziel des Ger\u00e4temanagements besteht darin, den genauen Standort s\u00e4mtlicher Ger\u00e4te zu erfassen und alle Bewegungen im gesamten Lebenszyklus der Anlagen l\u00fcckenlos nachverfolgen zu k\u00f6nnen. Dies ist mit Smart Hospital Maintenance problemlos m\u00f6glich.<\/p>\n<\/div>\n<div class=\"col-md-6\"><img decoding=\"async\" class=\"img-fluid d-block mx-auto\" src=\"https:\/\/www.shm.software\/de\/wp-content\/uploads\/2023\/09\/SHM_Scalability_Relocation-Management.jpg\" alt=\"Relocation Management\" \/><\/div>\n<\/div>\n<\/div>\n<\/div>\n<div class=\"section-lightgrey\">\n<div class=\"container\">\n<div class=\"row align-items-center\">\n<div class=\"col-md-6 order-md-2\">\n<h3>Umzugsprotokoll<\/h3>\n<p>Gleichg\u00fcltig, ob Sie ein Objekt von einem Raum in einen anderen, von einer Abteilung in die n\u00e4chste, innerhalb von zwei Geb\u00e4uden oder Einrichtungen verlegen m\u00fcssen, Ihre Dokumentation bleibt immer auf dem neuesten Stand. Dokumentieren Sie den Umzugsprozess und den Grund f\u00fcr den Standortwechsel. Dies ist in einem Krankenhaus aus mehreren Gr\u00fcnden besonders wichtig:<\/p>\n<\/div>\n<div class=\"col-md-4 mx-auto order-md-1\"><img decoding=\"async\" class=\"img-fluid d-block mx-auto\" src=\"https:\/\/www.shm.software\/de\/wp-content\/uploads\/2023\/11\/reloation-log-img1.png\" alt=\"Relocation Log\" \/><\/div>\n<\/div>\n<\/div>\n<\/div>\n<div class=\"section-white\">\n<div class=\"container\">\n<div class=\"row\">\n<div class=\"col-md-6\">\n<h3>Patientenschutz<\/h3>\n<p>Bei der Vielzahl medizinischer Ger\u00e4te ist es wichtig, immer zu wissen, wo sie sich befinden. Dies gilt insbesondere dann, wenn sie im Notfall ben\u00f6tigt werden.<\/p>\n<h3>Inventarverwaltung<\/h3>\n<p>Ihre gesamten Ger\u00e4te im Auge zu behalten, ist essentiell, um den \u00dcberblick \u00fcber Ihre Anlagenzu bewahren. Eine umfassende Dokumentation s\u00e4mtlicher Verlagerungen gew\u00e4hrleistet eine stets aktuelle Bestandsf\u00fchrung.<\/p>\n<h3>Wartung und Reparaturen<\/h3>\n<p>Ihr technisches Serviceteam ben\u00f6tigt die genauen Standortinformationen Ihres Objekts, um die Anlage abzuholen oder die Wartung direkt am Standort durchzuf\u00fchren. Wenn diese Angaben pr\u00e4zise und unmissverst\u00e4ndlich sind, kann der Prozess effizienter gestaltet werden, was zu geringeren Ausfallzeiten und Ressourceneinsparungen f\u00fchrt.<\/p>\n<\/div>\n<div class=\"col-md-6\"><img decoding=\"async\" class=\"img-fluid d-block mx-auto\" src=\"https:\/\/www.shm.software\/de\/wp-content\/uploads\/2023\/09\/reloation-log-img2.jpg\" alt=\"Reloation Log\" \/><\/div>\n<\/div>\n<\/div>\n<\/div>\n<div class=\"section-primary\">\n<div class=\"container\">\n<div class=\"row\">\n<div class=\"col-lg-12 mx-auto text-center\">\n<h4>Sind Sie an einem effizienten Relocationsmanagement interessiert?<br \/>\nVereinbaren Sie noch heute einen Termin f\u00fcr Ihre Software-Demo-Tour mit unseren Fachleuten!<\/h4>\n<div><a class=\"btn btn-primary mt-3\" href=\"https:\/\/www.shm.software\/de\/contact-us\">Demo buchen<\/a><\/div>\n<\/div>\n<\/div>\n<\/div>\n<\/div>\n<div class=\"section-white\">\n<div class=\"container\">\n<div class=\"row text-center\">\n<div class=\"col-lg-12\">\n<h3 class=\"mb-0\">Zus\u00e4tzliche Features<\/h3>\n<\/div>\n<div class=\"col-lg-6\">\n<div class=\"af-box\">\n<h4>Wartung und Verwaltung<\/h4>\n<div class=\"af-link\"><a href=\"https:\/\/www.shm.software\/de\/work-order-management\">Arbeitsauftrags-management<\/a><br \/>\n<a href=\"https:\/\/www.shm.software\/de\/planned-preventive-maintenance\">Geplante pr\u00e4ventive Wartung<\/a><br \/>\n<a href=\"https:\/\/www.shm.software\/de\/corrective-maintenance\">Korrektive Wartung<\/a><br \/>\n<a href=\"https:\/\/www.shm.software\/de\/inspection-maintenance\">Vorausschauende Wartung<\/a><\/div>\n<\/div>\n<\/div>\n<div class=\"col-lg-6\">\n<div class=\"af-box\">\n<h4>Effizienter Service<\/h4>\n<div class=\"af-link\"><a href=\"https:\/\/www.shm.software\/de\/asset-matching\">Anlagen-Abgleich<\/a><br \/>\n<a href=\"https:\/\/www.shm.software\/de\/document-management\">Dokument-management<\/a><br \/>\n<a href=\"https:\/\/www.shm.software\/de\/service-request-management\">Verwaltung von Serviceanfragen<\/a><br \/>\n<a href=\"https:\/\/www.shm.software\/de\/qr-labels\">QR-Code-Labels<\/a><\/div>\n<\/div>\n<\/div>\n<div class=\"col-lg-6\">\n<div class=\"af-box\">\n<h4>Umfangreiche M\u00f6glichkeiten<\/h4>\n<div class=\"af-link\"><a href=\"https:\/\/www.shm.software\/de\/technical-reports\">Technische Berichte<\/a><br \/>\n<a href=\"https:\/\/www.shm.software\/de\/contact-management\">Kontakt management<\/a><br \/>\n<a href=\"https:\/\/www.shm.software\/de\/contract-administration\">Vertragsverwaltung<\/a><br \/>\n<a href=\"https:\/\/www.shm.software\/de\/user-profiles\">Benutzer<\/a><\/div>\n<\/div>\n<\/div>\n<div class=\"col-lg-6\">\n<div class=\"af-box\">\n<h4>Komfortable Nutzung<\/h4>\n<div class=\"af-link\"><a href=\"https:\/\/www.shm.software\/de\/customisation\">Anpassung<\/a><br \/>\n<a href=\"https:\/\/www.shm.software\/de\/mobile-application\">Mobile Anwendung<\/a><br \/>\n<a href=\"https:\/\/www.shm.software\/de\/offline-mode\">Offline-Modus<\/a><br \/>\n<a href=\"https:\/\/www.shm.software\/de\/bulk-upload\">Bulk-Upload<\/a><\/div>\n<\/div>\n<\/div>\n<\/div>\n<\/div>\n<\/div>\n","protected":false},"excerpt":{"rendered":"<p>Relocation-Management Ein zentrales Ziel des Ger\u00e4temanagements besteht darin, den genauen Standort s\u00e4mtlicher Ger\u00e4te zu erfassen und alle Bewegungen im gesamten Lebenszyklus der Anlagen l\u00fcckenlos nachverfolgen zu k\u00f6nnen. Dies ist mit Smart Hospital Maintenance problemlos m\u00f6glich. Umzugsprotokoll Gleichg\u00fcltig, ob Sie ein Objekt von einem Raum in einen anderen, von einer Abteilung in die n\u00e4chste, innerhalb von [&#8230;]<\/p>\n<p><a class=\"btn btn-secondary understrap-read-more-link\" href=\"https:\/\/www.shm.software\/de\/relocation-management\">Weiterlesen&#8230;<\/a><\/p>\n","protected":false},"author":1,"featured_media":0,"parent":0,"menu_order":0,"comment_status":"closed","ping_status":"closed","template":"page-templates\/empty.php","meta":{"footnotes":""},"class_list":["post-194","page","type-page","status-publish","hentry"],"yoast_head":"<!-- This site is optimized with the Yoast SEO plugin v26.8 - https:\/\/yoast.com\/product\/yoast-seo-wordpress\/ -->\n<title>Relocation-Management - SMART HOSPITAL MAINTENANCE<\/title>\n<meta name=\"robots\" content=\"index, follow, max-snippet:-1, max-image-preview:large, max-video-preview:-1\" \/>\n<link rel=\"canonical\" href=\"https:\/\/www.shm.software\/de\/relocation-management\" \/>\n<meta property=\"og:locale\" content=\"de_DE\" \/>\n<meta property=\"og:type\" content=\"article\" \/>\n<meta property=\"og:title\" content=\"Relocation-Management - SMART HOSPITAL MAINTENANCE\" \/>\n<meta property=\"og:description\" content=\"Relocation-Management Ein zentrales Ziel des Ger\u00e4temanagements besteht darin, den genauen Standort s\u00e4mtlicher Ger\u00e4te zu erfassen und alle Bewegungen im gesamten Lebenszyklus der Anlagen l\u00fcckenlos nachverfolgen zu k\u00f6nnen. Dies ist mit Smart Hospital Maintenance problemlos m\u00f6glich. Umzugsprotokoll Gleichg\u00fcltig, ob Sie ein Objekt von einem Raum in einen anderen, von einer Abteilung in die n\u00e4chste, innerhalb von [...]Weiterlesen...\" \/>\n<meta property=\"og:url\" content=\"https:\/\/www.shm.software\/de\/relocation-management\" \/>\n<meta property=\"og:site_name\" content=\"SMART HOSPITAL MAINTENANCE\" \/>\n<meta property=\"article:modified_time\" content=\"2025-05-28T10:47:53+00:00\" \/>\n<meta property=\"og:image\" content=\"https:\/\/www.shm.software\/de\/wp-content\/uploads\/2023\/09\/SHM_Scalability_Relocation-Management.jpg\" \/>\n<meta name=\"twitter:card\" content=\"summary_large_image\" \/>\n<meta name=\"twitter:label1\" content=\"Gesch\u00e4tzte Lesezeit\" \/>\n\t<meta name=\"twitter:data1\" content=\"2\u00a0Minuten\" \/>\n<script type=\"application\/ld+json\" class=\"yoast-schema-graph\">{\"@context\":\"https:\/\/schema.org\",\"@graph\":[{\"@type\":\"WebPage\",\"@id\":\"https:\/\/www.shm.software\/de\/relocation-management\",\"url\":\"https:\/\/www.shm.software\/de\/relocation-management\",\"name\":\"Relocation-Management - SMART HOSPITAL MAINTENANCE\",\"isPartOf\":{\"@id\":\"https:\/\/www.shm.software\/de\/#website\"},\"primaryImageOfPage\":{\"@id\":\"https:\/\/www.shm.software\/de\/relocation-management#primaryimage\"},\"image\":{\"@id\":\"https:\/\/www.shm.software\/de\/relocation-management#primaryimage\"},\"thumbnailUrl\":\"https:\/\/www.shm.software\/de\/wp-content\/uploads\/2023\/09\/SHM_Scalability_Relocation-Management.jpg\",\"datePublished\":\"2023-08-31T07:42:35+00:00\",\"dateModified\":\"2025-05-28T10:47:53+00:00\",\"breadcrumb\":{\"@id\":\"https:\/\/www.shm.software\/de\/relocation-management#breadcrumb\"},\"inLanguage\":\"de\",\"potentialAction\":[{\"@type\":\"ReadAction\",\"target\":[\"https:\/\/www.shm.software\/de\/relocation-management\"]}]},{\"@type\":\"ImageObject\",\"inLanguage\":\"de\",\"@id\":\"https:\/\/www.shm.software\/de\/relocation-management#primaryimage\",\"url\":\"https:\/\/www.shm.software\/de\/wp-content\/uploads\/2023\/09\/SHM_Scalability_Relocation-Management.jpg\",\"contentUrl\":\"https:\/\/www.shm.software\/de\/wp-content\/uploads\/2023\/09\/SHM_Scalability_Relocation-Management.jpg\",\"width\":600,\"height\":400},{\"@type\":\"BreadcrumbList\",\"@id\":\"https:\/\/www.shm.software\/de\/relocation-management#breadcrumb\",\"itemListElement\":[{\"@type\":\"ListItem\",\"position\":1,\"name\":\"Startseite\",\"item\":\"https:\/\/www.shm.software\/de\/\"},{\"@type\":\"ListItem\",\"position\":2,\"name\":\"Relocation-Management\"}]},{\"@type\":\"WebSite\",\"@id\":\"https:\/\/www.shm.software\/de\/#website\",\"url\":\"https:\/\/www.shm.software\/de\/\",\"name\":\"SMART HOSPITAL MAINTENANCE\",\"description\":\"\",\"potentialAction\":[{\"@type\":\"SearchAction\",\"target\":{\"@type\":\"EntryPoint\",\"urlTemplate\":\"https:\/\/www.shm.software\/de\/?s={search_term_string}\"},\"query-input\":{\"@type\":\"PropertyValueSpecification\",\"valueRequired\":true,\"valueName\":\"search_term_string\"}}],\"inLanguage\":\"de\"}]}<\/script>\n<!-- \/ Yoast SEO plugin. -->","yoast_head_json":{"title":"Relocation-Management - SMART HOSPITAL MAINTENANCE","robots":{"index":"index","follow":"follow","max-snippet":"max-snippet:-1","max-image-preview":"max-image-preview:large","max-video-preview":"max-video-preview:-1"},"canonical":"https:\/\/www.shm.software\/de\/relocation-management","og_locale":"de_DE","og_type":"article","og_title":"Relocation-Management - SMART HOSPITAL MAINTENANCE","og_description":"Relocation-Management Ein zentrales Ziel des Ger\u00e4temanagements besteht darin, den genauen Standort s\u00e4mtlicher Ger\u00e4te zu erfassen und alle Bewegungen im gesamten Lebenszyklus der Anlagen l\u00fcckenlos nachverfolgen zu k\u00f6nnen. Dies ist mit Smart Hospital Maintenance problemlos m\u00f6glich. Umzugsprotokoll Gleichg\u00fcltig, ob Sie ein Objekt von einem Raum in einen anderen, von einer Abteilung in die n\u00e4chste, innerhalb von [...]Weiterlesen...","og_url":"https:\/\/www.shm.software\/de\/relocation-management","og_site_name":"SMART HOSPITAL MAINTENANCE","article_modified_time":"2025-05-28T10:47:53+00:00","og_image":[{"url":"https:\/\/www.shm.software\/de\/wp-content\/uploads\/2023\/09\/SHM_Scalability_Relocation-Management.jpg","type":"","width":"","height":""}],"twitter_card":"summary_large_image","twitter_misc":{"Gesch\u00e4tzte Lesezeit":"2\u00a0Minuten"},"schema":{"@context":"https:\/\/schema.org","@graph":[{"@type":"WebPage","@id":"https:\/\/www.shm.software\/de\/relocation-management","url":"https:\/\/www.shm.software\/de\/relocation-management","name":"Relocation-Management - SMART HOSPITAL MAINTENANCE","isPartOf":{"@id":"https:\/\/www.shm.software\/de\/#website"},"primaryImageOfPage":{"@id":"https:\/\/www.shm.software\/de\/relocation-management#primaryimage"},"image":{"@id":"https:\/\/www.shm.software\/de\/relocation-management#primaryimage"},"thumbnailUrl":"https:\/\/www.shm.software\/de\/wp-content\/uploads\/2023\/09\/SHM_Scalability_Relocation-Management.jpg","datePublished":"2023-08-31T07:42:35+00:00","dateModified":"2025-05-28T10:47:53+00:00","breadcrumb":{"@id":"https:\/\/www.shm.software\/de\/relocation-management#breadcrumb"},"inLanguage":"de","potentialAction":[{"@type":"ReadAction","target":["https:\/\/www.shm.software\/de\/relocation-management"]}]},{"@type":"ImageObject","inLanguage":"de","@id":"https:\/\/www.shm.software\/de\/relocation-management#primaryimage","url":"https:\/\/www.shm.software\/de\/wp-content\/uploads\/2023\/09\/SHM_Scalability_Relocation-Management.jpg","contentUrl":"https:\/\/www.shm.software\/de\/wp-content\/uploads\/2023\/09\/SHM_Scalability_Relocation-Management.jpg","width":600,"height":400},{"@type":"BreadcrumbList","@id":"https:\/\/www.shm.software\/de\/relocation-management#breadcrumb","itemListElement":[{"@type":"ListItem","position":1,"name":"Startseite","item":"https:\/\/www.shm.software\/de\/"},{"@type":"ListItem","position":2,"name":"Relocation-Management"}]},{"@type":"WebSite","@id":"https:\/\/www.shm.software\/de\/#website","url":"https:\/\/www.shm.software\/de\/","name":"SMART HOSPITAL MAINTENANCE","description":"","potentialAction":[{"@type":"SearchAction","target":{"@type":"EntryPoint","urlTemplate":"https:\/\/www.shm.software\/de\/?s={search_term_string}"},"query-input":{"@type":"PropertyValueSpecification","valueRequired":true,"valueName":"search_term_string"}}],"inLanguage":"de"}]}},"_links":{"self":[{"href":"https:\/\/www.shm.software\/de\/wp-json\/wp\/v2\/pages\/194","targetHints":{"allow":["GET"]}}],"collection":[{"href":"https:\/\/www.shm.software\/de\/wp-json\/wp\/v2\/pages"}],"about":[{"href":"https:\/\/www.shm.software\/de\/wp-json\/wp\/v2\/types\/page"}],"author":[{"embeddable":true,"href":"https:\/\/www.shm.software\/de\/wp-json\/wp\/v2\/users\/1"}],"replies":[{"embeddable":true,"href":"https:\/\/www.shm.software\/de\/wp-json\/wp\/v2\/comments?post=194"}],"version-history":[{"count":20,"href":"https:\/\/www.shm.software\/de\/wp-json\/wp\/v2\/pages\/194\/revisions"}],"predecessor-version":[{"id":828,"href":"https:\/\/www.shm.software\/de\/wp-json\/wp\/v2\/pages\/194\/revisions\/828"}],"wp:attachment":[{"href":"https:\/\/www.shm.software\/de\/wp-json\/wp\/v2\/media?parent=194"}],"curies":[{"name":"wp","href":"https:\/\/api.w.org\/{rel}","templated":true}]}}