{"id":196,"date":"2023-08-31T07:42:43","date_gmt":"2023-08-31T07:42:43","guid":{"rendered":"https:\/\/www.shm.software\/de\/?page_id=196"},"modified":"2025-05-28T10:56:07","modified_gmt":"2025-05-28T10:56:07","slug":"shm-database","status":"publish","type":"page","link":"https:\/\/www.shm.software\/de\/shm-database","title":{"rendered":"SHM-Datenbank"},"content":{"rendered":"<div class=\"shmdb-bg in-head\"><\/div>\n<p id=\"breadcrumbs\"><span><span><a href=\"https:\/\/www.shm.software\/de\/\">Startseite<\/a><\/span><\/span><\/p>\n<div class=\"section-white\">\n<div class=\"container\">\n<div class=\"row align-items-center\">\n<div class=\"col-md-6\">\n<h1 class=\"h3\">SHM-Datenbank<\/h1>\n<p>Eine gut verwaltete Datenbank ist essentiell f\u00fcr ein erfolgreiches Ger\u00e4temanagement. Bei Smart Hospital Maintenance haben Sie die Wahl, ob Sie Ihre eigene Ger\u00e4tedatenbank oder die Datenbank von Smart Hospital Maintenance integrieren m\u00f6chten. Auf diese Art und Weise machen Sie sich die Vorteile eines sorgf\u00e4ltig verwalteten Katalogs von Herstellern, Marken, Modellen und generischen Assets zunutze.<\/p>\n<\/div>\n<div class=\"col-md-6\"><img decoding=\"async\" class=\"img-fluid d-block mx-auto\" src=\"https:\/\/www.shm.software\/de\/wp-content\/uploads\/2023\/09\/SHM_Scalability_SHM-Database.jpg\" alt=\"SHM Database\" \/><\/div>\n<\/div>\n<\/div>\n<\/div>\n<div class=\"section-lightgrey pt-4\">\n<div class=\"container\">\n<div class=\"row\">\n<div class=\"col-md-4\">\n<div class=\"he-box same-height\">\n<div class=\"he-icon\"><img decoding=\"async\" src=\"https:\/\/www.shm.software\/de\/wp-content\/uploads\/2023\/09\/shmdb-icon1.png\" alt=\"Manufacturer Database\" \/><\/div>\n<h3>Herstellerdatenbank<\/h3>\n<p class=\"mb-0\">Die Herstellerdatenbank enth\u00e4lt \u00fcber 18.000 verschiedene Hersteller aus aller Welt. Dazu geh\u00f6ren Informationen \u00fcber ihre Heimatl\u00e4nder und Tochtergesellschaften. Sollte ein Hersteller fehlen, so kann dieser problemlos integriert werden.<\/p>\n<\/div>\n<\/div>\n<div class=\"col-md-4\">\n<div class=\"he-box same-height\">\n<div class=\"he-icon\"><img decoding=\"async\" src=\"https:\/\/www.shm.software\/de\/wp-content\/uploads\/2023\/09\/shmdb-icon2.png\" alt=\"Product Database\" \/><\/div>\n<h3>Produktdatenbank<\/h3>\n<p class=\"mb-0\">In der SHM-Datenbank sind \u00fcber 180.000 Produkte erfasst. Im Produktkatalog finden Sie u.a. Angaben zu den Herstellern und den Modellen. Dies erleichtert die Arbeit des Krankenhauspersonals, wenn neue Anlagen in die Gesundheitseinrichtungen integriert werden sollen. Statt alles von Grund auf neu zusammenzustellen, w\u00e4hlen Sie einfach das Modell und die Marke aus der Datenbank und schon k\u00f6nnen Sie loslegen.<\/p>\n<\/div>\n<\/div>\n<div class=\"col-md-4\">\n<div class=\"he-box same-height\">\n<div class=\"he-icon\"><img decoding=\"async\" src=\"https:\/\/www.shm.software\/de\/wp-content\/uploads\/2023\/09\/shmdb-icon3.png\" alt=\"Unified Medical Device Nomenclature\" \/><\/div>\n<h3>Einheitliche Nomenklatur f\u00fcr Medizinprodukte<\/h3>\n<p class=\"mb-0\">Smart Hospital Maintenance erm\u00f6glicht Ihnen die Integration Ihrer bevorzugten Einheitlichen Nomenklatur f\u00fcr Medizinprodukte. Derzeit sind \u00fcber 6.000 verschiedene Nomenklaturen f\u00fcr Medizinprodukte in der SHM-Datenbank kodiert. Die Namen der Medizinprodukte sind dabei vereinheitlicht. Dies hilft Ihren verschiedenen Einrichtungen dabei, dieselbe Bezeichnung f\u00fcr ein und dasselbe Produkt zu verwenden, was wiederum die Bestandsverwaltung erleichtert.<\/p>\n<\/div>\n<\/div>\n<\/div>\n<\/div>\n<\/div>\n<div class=\"section-primary\">\n<div class=\"container\">\n<div class=\"row\">\n<div class=\"col-lg-10 mx-auto text-center\">\n<h4>Wenn Sie sehen wollen, wie es funktioniert,<br \/>\nvereinbaren Sie einen Termin f\u00fcr eine Demo mit unseren Experten!<\/h4>\n<div><a class=\"btn btn-primary mt-3\" href=\"https:\/\/www.shm.software\/de\/contact-us\">Demo buchen<\/a><\/div>\n<\/div>\n<\/div>\n<\/div>\n<\/div>\n<div class=\"section-white\">\n<div class=\"container\">\n<div class=\"row text-center\">\n<div class=\"col-lg-12\">\n<h3 class=\"mb-0\">Zus\u00e4tzliche Features<\/h3>\n<\/div>\n<div class=\"col-lg-6\">\n<div class=\"af-box\">\n<h4>Wartung und Verwaltung<\/h4>\n<div class=\"af-link\"><a href=\"https:\/\/www.shm.software\/de\/work-order-management\">Arbeitsauftrags-management<\/a><br \/>\n<a href=\"https:\/\/www.shm.software\/de\/planned-preventive-maintenance\">Geplante pr\u00e4ventive Wartung<\/a><br \/>\n<a href=\"https:\/\/www.shm.software\/de\/corrective-maintenance\">Korrektive Wartung<\/a><br \/>\n<a href=\"https:\/\/www.shm.software\/de\/inspection-maintenance\">Vorausschauende Wartung<\/a><\/div>\n<\/div>\n<\/div>\n<div class=\"col-lg-6\">\n<div class=\"af-box\">\n<h4>Effizienter Service<\/h4>\n<div class=\"af-link\"><a href=\"https:\/\/www.shm.software\/de\/asset-matching\">Anlagen-Abgleich<\/a><br \/>\n<a href=\"https:\/\/www.shm.software\/de\/document-management\">Dokument-management<\/a><br \/>\n<a href=\"https:\/\/www.shm.software\/de\/service-request-management\">Verwaltung von Serviceanfragen<\/a><br \/>\n<a href=\"https:\/\/www.shm.software\/de\/qr-labels\">QR-Code-Labels<\/a><\/div>\n<\/div>\n<\/div>\n<div class=\"col-lg-6\">\n<div class=\"af-box\">\n<h4>Umfangreiche M\u00f6glichkeiten<\/h4>\n<div class=\"af-link\"><a href=\"https:\/\/www.shm.software\/de\/technical-reports\">Technische Berichte<\/a><br \/>\n<a href=\"https:\/\/www.shm.software\/de\/contact-management\">Kontakt management<\/a><br \/>\n<a href=\"https:\/\/www.shm.software\/de\/contract-administration\">Vertragsverwaltung<\/a><br \/>\n<a href=\"https:\/\/www.shm.software\/de\/user-profiles\">Benutzer<\/a><\/div>\n<\/div>\n<\/div>\n<div class=\"col-lg-6\">\n<div class=\"af-box\">\n<h4>Komfortable Nutzung<\/h4>\n<div class=\"af-link\"><a href=\"https:\/\/www.shm.software\/de\/customisation\">Anpassung<\/a><br \/>\n<a href=\"https:\/\/www.shm.software\/de\/mobile-application\">Mobile Anwendung<\/a><br \/>\n<a href=\"https:\/\/www.shm.software\/de\/offline-mode\">Offline-Modus<\/a><br \/>\n<a href=\"https:\/\/www.shm.software\/de\/bulk-upload\">Bulk-Upload<\/a><\/div>\n<\/div>\n<\/div>\n<\/div>\n<\/div>\n<\/div>\n","protected":false},"excerpt":{"rendered":"<p>SHM-Datenbank Eine gut verwaltete Datenbank ist essentiell f\u00fcr ein erfolgreiches Ger\u00e4temanagement. Bei Smart Hospital Maintenance haben Sie die Wahl, ob Sie Ihre eigene Ger\u00e4tedatenbank oder die Datenbank von Smart Hospital Maintenance integrieren m\u00f6chten. Auf diese Art und Weise machen Sie sich die Vorteile eines sorgf\u00e4ltig verwalteten Katalogs von Herstellern, Marken, Modellen und generischen Assets zunutze. [&#8230;]<\/p>\n<p><a class=\"btn btn-secondary understrap-read-more-link\" href=\"https:\/\/www.shm.software\/de\/shm-database\">Weiterlesen&#8230;<\/a><\/p>\n","protected":false},"author":1,"featured_media":0,"parent":0,"menu_order":0,"comment_status":"closed","ping_status":"closed","template":"page-templates\/empty.php","meta":{"footnotes":""},"class_list":["post-196","page","type-page","status-publish","hentry"],"yoast_head":"<!-- This site is optimized with the Yoast SEO plugin v26.8 - https:\/\/yoast.com\/product\/yoast-seo-wordpress\/ -->\n<title>SHM-Datenbank - SMART HOSPITAL MAINTENANCE<\/title>\n<meta name=\"robots\" content=\"index, follow, max-snippet:-1, max-image-preview:large, max-video-preview:-1\" \/>\n<link rel=\"canonical\" href=\"https:\/\/www.shm.software\/de\/shm-database\" \/>\n<meta property=\"og:locale\" content=\"de_DE\" \/>\n<meta property=\"og:type\" content=\"article\" \/>\n<meta property=\"og:title\" content=\"SHM-Datenbank - SMART HOSPITAL MAINTENANCE\" \/>\n<meta property=\"og:description\" content=\"SHM-Datenbank Eine gut verwaltete Datenbank ist essentiell f\u00fcr ein erfolgreiches Ger\u00e4temanagement. Bei Smart Hospital Maintenance haben Sie die Wahl, ob Sie Ihre eigene Ger\u00e4tedatenbank oder die Datenbank von Smart Hospital Maintenance integrieren m\u00f6chten. Auf diese Art und Weise machen Sie sich die Vorteile eines sorgf\u00e4ltig verwalteten Katalogs von Herstellern, Marken, Modellen und generischen Assets zunutze. [...]Weiterlesen...\" \/>\n<meta property=\"og:url\" content=\"https:\/\/www.shm.software\/de\/shm-database\" \/>\n<meta property=\"og:site_name\" content=\"SMART HOSPITAL MAINTENANCE\" \/>\n<meta property=\"article:modified_time\" content=\"2025-05-28T10:56:07+00:00\" \/>\n<meta property=\"og:image\" content=\"https:\/\/www.shm.software\/de\/wp-content\/uploads\/2023\/09\/SHM_Scalability_SHM-Database.jpg\" \/>\n<meta name=\"twitter:card\" content=\"summary_large_image\" \/>\n<meta name=\"twitter:label1\" content=\"Gesch\u00e4tzte Lesezeit\" \/>\n\t<meta name=\"twitter:data1\" content=\"3\u00a0Minuten\" \/>\n<script type=\"application\/ld+json\" class=\"yoast-schema-graph\">{\"@context\":\"https:\/\/schema.org\",\"@graph\":[{\"@type\":\"WebPage\",\"@id\":\"https:\/\/www.shm.software\/de\/shm-database\",\"url\":\"https:\/\/www.shm.software\/de\/shm-database\",\"name\":\"SHM-Datenbank - SMART HOSPITAL MAINTENANCE\",\"isPartOf\":{\"@id\":\"https:\/\/www.shm.software\/de\/#website\"},\"primaryImageOfPage\":{\"@id\":\"https:\/\/www.shm.software\/de\/shm-database#primaryimage\"},\"image\":{\"@id\":\"https:\/\/www.shm.software\/de\/shm-database#primaryimage\"},\"thumbnailUrl\":\"https:\/\/www.shm.software\/de\/wp-content\/uploads\/2023\/09\/SHM_Scalability_SHM-Database.jpg\",\"datePublished\":\"2023-08-31T07:42:43+00:00\",\"dateModified\":\"2025-05-28T10:56:07+00:00\",\"breadcrumb\":{\"@id\":\"https:\/\/www.shm.software\/de\/shm-database#breadcrumb\"},\"inLanguage\":\"de\",\"potentialAction\":[{\"@type\":\"ReadAction\",\"target\":[\"https:\/\/www.shm.software\/de\/shm-database\"]}]},{\"@type\":\"ImageObject\",\"inLanguage\":\"de\",\"@id\":\"https:\/\/www.shm.software\/de\/shm-database#primaryimage\",\"url\":\"https:\/\/www.shm.software\/de\/wp-content\/uploads\/2023\/09\/SHM_Scalability_SHM-Database.jpg\",\"contentUrl\":\"https:\/\/www.shm.software\/de\/wp-content\/uploads\/2023\/09\/SHM_Scalability_SHM-Database.jpg\",\"width\":600,\"height\":400},{\"@type\":\"BreadcrumbList\",\"@id\":\"https:\/\/www.shm.software\/de\/shm-database#breadcrumb\",\"itemListElement\":[{\"@type\":\"ListItem\",\"position\":1,\"name\":\"Startseite\",\"item\":\"https:\/\/www.shm.software\/de\/\"},{\"@type\":\"ListItem\",\"position\":2,\"name\":\"SHM-Datenbank\"}]},{\"@type\":\"WebSite\",\"@id\":\"https:\/\/www.shm.software\/de\/#website\",\"url\":\"https:\/\/www.shm.software\/de\/\",\"name\":\"SMART HOSPITAL MAINTENANCE\",\"description\":\"\",\"potentialAction\":[{\"@type\":\"SearchAction\",\"target\":{\"@type\":\"EntryPoint\",\"urlTemplate\":\"https:\/\/www.shm.software\/de\/?s={search_term_string}\"},\"query-input\":{\"@type\":\"PropertyValueSpecification\",\"valueRequired\":true,\"valueName\":\"search_term_string\"}}],\"inLanguage\":\"de\"}]}<\/script>\n<!-- \/ Yoast SEO plugin. -->","yoast_head_json":{"title":"SHM-Datenbank - SMART HOSPITAL MAINTENANCE","robots":{"index":"index","follow":"follow","max-snippet":"max-snippet:-1","max-image-preview":"max-image-preview:large","max-video-preview":"max-video-preview:-1"},"canonical":"https:\/\/www.shm.software\/de\/shm-database","og_locale":"de_DE","og_type":"article","og_title":"SHM-Datenbank - SMART HOSPITAL MAINTENANCE","og_description":"SHM-Datenbank Eine gut verwaltete Datenbank ist essentiell f\u00fcr ein erfolgreiches Ger\u00e4temanagement. Bei Smart Hospital Maintenance haben Sie die Wahl, ob Sie Ihre eigene Ger\u00e4tedatenbank oder die Datenbank von Smart Hospital Maintenance integrieren m\u00f6chten. Auf diese Art und Weise machen Sie sich die Vorteile eines sorgf\u00e4ltig verwalteten Katalogs von Herstellern, Marken, Modellen und generischen Assets zunutze. [...]Weiterlesen...","og_url":"https:\/\/www.shm.software\/de\/shm-database","og_site_name":"SMART HOSPITAL MAINTENANCE","article_modified_time":"2025-05-28T10:56:07+00:00","og_image":[{"url":"https:\/\/www.shm.software\/de\/wp-content\/uploads\/2023\/09\/SHM_Scalability_SHM-Database.jpg","type":"","width":"","height":""}],"twitter_card":"summary_large_image","twitter_misc":{"Gesch\u00e4tzte Lesezeit":"3\u00a0Minuten"},"schema":{"@context":"https:\/\/schema.org","@graph":[{"@type":"WebPage","@id":"https:\/\/www.shm.software\/de\/shm-database","url":"https:\/\/www.shm.software\/de\/shm-database","name":"SHM-Datenbank - SMART HOSPITAL MAINTENANCE","isPartOf":{"@id":"https:\/\/www.shm.software\/de\/#website"},"primaryImageOfPage":{"@id":"https:\/\/www.shm.software\/de\/shm-database#primaryimage"},"image":{"@id":"https:\/\/www.shm.software\/de\/shm-database#primaryimage"},"thumbnailUrl":"https:\/\/www.shm.software\/de\/wp-content\/uploads\/2023\/09\/SHM_Scalability_SHM-Database.jpg","datePublished":"2023-08-31T07:42:43+00:00","dateModified":"2025-05-28T10:56:07+00:00","breadcrumb":{"@id":"https:\/\/www.shm.software\/de\/shm-database#breadcrumb"},"inLanguage":"de","potentialAction":[{"@type":"ReadAction","target":["https:\/\/www.shm.software\/de\/shm-database"]}]},{"@type":"ImageObject","inLanguage":"de","@id":"https:\/\/www.shm.software\/de\/shm-database#primaryimage","url":"https:\/\/www.shm.software\/de\/wp-content\/uploads\/2023\/09\/SHM_Scalability_SHM-Database.jpg","contentUrl":"https:\/\/www.shm.software\/de\/wp-content\/uploads\/2023\/09\/SHM_Scalability_SHM-Database.jpg","width":600,"height":400},{"@type":"BreadcrumbList","@id":"https:\/\/www.shm.software\/de\/shm-database#breadcrumb","itemListElement":[{"@type":"ListItem","position":1,"name":"Startseite","item":"https:\/\/www.shm.software\/de\/"},{"@type":"ListItem","position":2,"name":"SHM-Datenbank"}]},{"@type":"WebSite","@id":"https:\/\/www.shm.software\/de\/#website","url":"https:\/\/www.shm.software\/de\/","name":"SMART HOSPITAL MAINTENANCE","description":"","potentialAction":[{"@type":"SearchAction","target":{"@type":"EntryPoint","urlTemplate":"https:\/\/www.shm.software\/de\/?s={search_term_string}"},"query-input":{"@type":"PropertyValueSpecification","valueRequired":true,"valueName":"search_term_string"}}],"inLanguage":"de"}]}},"_links":{"self":[{"href":"https:\/\/www.shm.software\/de\/wp-json\/wp\/v2\/pages\/196","targetHints":{"allow":["GET"]}}],"collection":[{"href":"https:\/\/www.shm.software\/de\/wp-json\/wp\/v2\/pages"}],"about":[{"href":"https:\/\/www.shm.software\/de\/wp-json\/wp\/v2\/types\/page"}],"author":[{"embeddable":true,"href":"https:\/\/www.shm.software\/de\/wp-json\/wp\/v2\/users\/1"}],"replies":[{"embeddable":true,"href":"https:\/\/www.shm.software\/de\/wp-json\/wp\/v2\/comments?post=196"}],"version-history":[{"count":18,"href":"https:\/\/www.shm.software\/de\/wp-json\/wp\/v2\/pages\/196\/revisions"}],"predecessor-version":[{"id":829,"href":"https:\/\/www.shm.software\/de\/wp-json\/wp\/v2\/pages\/196\/revisions\/829"}],"wp:attachment":[{"href":"https:\/\/www.shm.software\/de\/wp-json\/wp\/v2\/media?parent=196"}],"curies":[{"name":"wp","href":"https:\/\/api.w.org\/{rel}","templated":true}]}}