{"id":198,"date":"2023-08-31T07:42:49","date_gmt":"2023-08-31T07:42:49","guid":{"rendered":"https:\/\/www.shm.software\/de\/?page_id=198"},"modified":"2025-05-28T10:35:54","modified_gmt":"2025-05-28T10:35:54","slug":"customisation","status":"publish","type":"page","link":"https:\/\/www.shm.software\/de\/customisation","title":{"rendered":"Anpassung"},"content":{"rendered":"<div class=\"customisation-bg in-head\"><\/div>\n<p id=\"breadcrumbs\"><span><span><a href=\"https:\/\/www.shm.software\/de\/\">Startseite<\/a><\/span><\/span><\/p>\n<div class=\"section-white\">\n<div class=\"container\">\n<div class=\"row align-items-center\">\n<div class=\"col-md-6\">\n<h1 class=\"h3\">Individuelle Anpassung bzw. Personalisierung<\/h1>\n<p>Smart Hospital Maintenance ist darauf ausgerichtet, Ihre individuellen Bed\u00fcrfnisse und Anforderungen zu bedienen, unabh\u00e4ngig davon, ob Sie die Software auf der Ebene einer einzelnen Benutzergruppe, einer ganzen Gesundheitseinrichtung oder mehrerer H\u00e4user anpassen m\u00f6chten. Modifizieren Sie Kategorien und Attribute von Objekten in der Software nach Ihren Vorstellungen. Smart Hospital Maintenance bietet Ihnen dazu eine Vielzahl von Individualisierungsm\u00f6glichkeiten und Tools.<\/p>\n<\/div>\n<div class=\"col-md-4 mx-auto\"><img decoding=\"async\" class=\"img-fluid d-block mx-auto\" src=\"https:\/\/www.shm.software\/de\/wp-content\/uploads\/2024\/07\/customisation-assest.png\" alt=\"Customisation\" \/><\/div>\n<\/div>\n<\/div>\n<\/div>\n<div class=\"section-lightgrey\">\n<div class=\"container\">\n<div class=\"row align-items-center\">\n<div class=\"col-md-6 order-md-2\">\n<h3>Einbindung des Logos<\/h3>\n<p>Die Software bietet Ihnen die M\u00f6glichkeit, das Logo Ihrer Organisation in das Hauptdesign und in ausgew\u00e4hlte Bereiche zu integrieren.<\/p>\n<h3>Flexible Kategorien<\/h3>\n<p>Sie k\u00f6nnen Ihre eigenen Kategorien in verschiedenen Bereichen der Software anpassen. Dazu geh\u00f6rt auch die M\u00f6glichkeit, Anlagen einfach in Haupt- und Unterkategorien zu unterteilen. So k\u00f6nnen Sie z.B. Hauptkategorien wie \u201aMedizinische Ger\u00e4te\u2018, Geb\u00e4udesysteme oder M\u00f6bel und Einrichtungsgegenst\u00e4nde definieren. Durch Hinzuf\u00fcgen der erforderlichen Unterkategorien zu jeder Hauptkategorie erhalten Sie dann eine klare Struktur. Unterkategorien f\u00fcr \u201aMedizinische Ger\u00e4te\u2018 k\u00f6nnen z.B. Nahtmaterial, Dialyseger\u00e4te oder sonstige Medizinprodukte sein.<\/p>\n<\/div>\n<div class=\"col-md-6 order-md-1\"><img decoding=\"async\" class=\"img-fluid d-block mx-auto\" src=\"https:\/\/www.shm.software\/de\/wp-content\/uploads\/2023\/09\/SHM_Convenience_Customisation.jpg\" alt=\"Logo Integration\" \/><\/div>\n<\/div>\n<\/div>\n<\/div>\n<div class=\"section-white pt-4\">\n<div class=\"container\">\n<div class=\"row\">\n<div class=\"col-lg-4\">\n<div class=\"he-box same-height\">\n<div class=\"he-icon\"><img decoding=\"async\" src=\"https:\/\/www.shm.software\/de\/wp-content\/uploads\/2023\/09\/risk-icon.png\" alt=\"Risk Level\" \/><\/div>\n<h3>Asset-Status und Risikolevel<\/h3>\n<p class=\"mb-0\">Smart Hospital Maintenance verf\u00fcgt \u00fcber Standardeinstellungen f\u00fcr den Anlagenstatus: funktionsf\u00e4hig, defekt, nicht funktionsf\u00e4hig und nicht installiert. Alle Statusanzeigen sind mit einem individuellen Farbcode versehen. Sie k\u00f6nnen auch mehrere Risiko- und Priorit\u00e4tsstufen f\u00fcr Ihre Anlagen definieren, um eine korrekte Asset-Klassifizierung sicherzustellen. In den Softwareeinstellungen kann Ihr Administrator Status-, Risiko- und Priorit\u00e4tsbewertungen f\u00fcr Anlagen ganz unkompliziert hinzuf\u00fcgen und \u00e4ndern.<\/p>\n<\/div>\n<\/div>\n<div class=\"col-lg-4\">\n<div class=\"he-box same-height\">\n<div class=\"he-icon\"><img decoding=\"async\" src=\"https:\/\/www.shm.software\/de\/wp-content\/uploads\/2023\/09\/ppm-icon5.png\" alt=\"Room Status\" \/><\/div>\n<h3>Raum-Status<\/h3>\n<p class=\"mb-0\">Die Software erm\u00f6glicht es Ihnen auch, die erforderlichen Raumparameter hinzuzuf\u00fcgen und zu \u00e4ndern. Dazu geh\u00f6rt eine Auswahl von Raumstatussen mit individueller Farbcodierung. Innerhalb der Software-Einstellungen kann Ihr Administrator den Raumstatus einfach hinzuf\u00fcgen und \u00e4ndern.<\/p>\n<\/div>\n<\/div>\n<div class=\"col-lg-4\">\n<div class=\"he-box same-height\">\n<div class=\"he-icon\"><img decoding=\"async\" src=\"https:\/\/www.shm.software\/de\/wp-content\/uploads\/2023\/09\/up-icon1.png\" alt=\"User Roles\" \/><\/div>\n<h3>Benutzerrollen<\/h3>\n<p class=\"mb-0\">Mit Smart Hospital Maintenance k\u00f6nnen Sie verschiedene Benutzerrollen anlegen. Von vollst\u00e4ndig konfigurierbaren Benutzerrollen bis hin zur anpassbaren Dokumentenverwaltung k\u00f6nnen Sie Ihren Workflow in unserer Softwarel\u00f6sung abbilden.<\/p>\n<\/div>\n<\/div>\n<\/div>\n<\/div>\n<\/div>\n<div class=\"section-primary\">\n<div class=\"container\">\n<div class=\"row\">\n<div class=\"col-lg-10 mx-auto text-center\">\n<h4>Smart Hospital Maintenance kann noch viel mehr. Buchen Sie einfach eine Demo, um eine Vorstellung davon zu bekommen, wie viele Bereiche von Smart Hospital Maintenance individuell angepasst werden k\u00f6nnen. Unser Expertenteam beantwortet sehr gerne Ihre Fragen.<\/h4>\n<div><a class=\"btn btn-primary mt-3\" href=\"https:\/\/www.shm.software\/de\/contact-us\">Demo buchen<\/a><\/div>\n<\/div>\n<\/div>\n<\/div>\n<\/div>\n<div class=\"section-white\">\n<div class=\"container\">\n<div class=\"row text-center\">\n<div class=\"col-lg-12\">\n<h3 class=\"mb-0\">Zus\u00e4tzliche Features<\/h3>\n<\/div>\n<div class=\"col-lg-6\">\n<div class=\"af-box\">\n<h4>Wartung und Verwaltung<\/h4>\n<div class=\"af-link\"><a href=\"https:\/\/www.shm.software\/de\/work-order-management\">Arbeitsauftrags-management<\/a><br \/>\n<a href=\"https:\/\/www.shm.software\/de\/planned-preventive-maintenance\">Geplante pr\u00e4ventive Wartung<\/a><br \/>\n<a href=\"https:\/\/www.shm.software\/de\/corrective-maintenance\">Korrektive Wartung<\/a><br \/>\n<a href=\"https:\/\/www.shm.software\/de\/inspection-maintenance\">Vorausschauende Wartung<\/a><\/div>\n<\/div>\n<\/div>\n<div class=\"col-lg-6\">\n<div class=\"af-box\">\n<h4>Effizienter Service<\/h4>\n<div class=\"af-link\"><a href=\"https:\/\/www.shm.software\/de\/asset-matching\">Anlagen-Abgleich<\/a><br \/>\n<a href=\"https:\/\/www.shm.software\/de\/document-management\">Dokument-management<\/a><br \/>\n<a href=\"https:\/\/www.shm.software\/de\/service-request-management\">Verwaltung von Serviceanfragen<\/a><br \/>\n<a href=\"https:\/\/www.shm.software\/de\/qr-labels\">QR-Code-Labels<\/a><\/div>\n<\/div>\n<\/div>\n<div class=\"col-lg-6\">\n<div class=\"af-box\">\n<h4>Umfangreiche M\u00f6glichkeiten<\/h4>\n<div class=\"af-link\"><a href=\"https:\/\/www.shm.software\/de\/technical-reports\">Technische Berichte<\/a><br \/>\n<a href=\"https:\/\/www.shm.software\/de\/contact-management\">Kontakt management<\/a><br \/>\n<a href=\"https:\/\/www.shm.software\/de\/contract-administration\">Vertragsverwaltung<\/a><br \/>\n<a href=\"https:\/\/www.shm.software\/de\/user-profiles\">Benutzer<\/a><\/div>\n<\/div>\n<\/div>\n<div class=\"col-lg-6\">\n<div class=\"af-box\">\n<h4>Skalierbarkeit<\/h4>\n<div class=\"af-link\"><a href=\"https:\/\/www.shm.software\/de\/facility-integration\">Einrichtungs-integration<\/a><br \/>\n<a href=\"https:\/\/www.shm.software\/de\/multi-language-feature\">Mehrsprachig<\/a><br \/>\n<a href=\"https:\/\/www.shm.software\/de\/relocation-management\">Relocation-Management<\/a><br \/>\n<a href=\"https:\/\/www.shm.software\/de\/shm-database\">SHM-Datenbank<\/a><\/div>\n<\/div>\n<\/div>\n<\/div>\n<\/div>\n<\/div>\n","protected":false},"excerpt":{"rendered":"<p>Individuelle Anpassung bzw. Personalisierung Smart Hospital Maintenance ist darauf ausgerichtet, Ihre individuellen Bed\u00fcrfnisse und Anforderungen zu bedienen, unabh\u00e4ngig davon, ob Sie die Software auf der Ebene einer einzelnen Benutzergruppe, einer ganzen Gesundheitseinrichtung oder mehrerer H\u00e4user anpassen m\u00f6chten. Modifizieren Sie Kategorien und Attribute von Objekten in der Software nach Ihren Vorstellungen. Smart Hospital Maintenance bietet Ihnen [&#8230;]<\/p>\n<p><a class=\"btn btn-secondary understrap-read-more-link\" href=\"https:\/\/www.shm.software\/de\/customisation\">Weiterlesen&#8230;<\/a><\/p>\n","protected":false},"author":1,"featured_media":0,"parent":0,"menu_order":0,"comment_status":"closed","ping_status":"closed","template":"page-templates\/empty.php","meta":{"footnotes":""},"class_list":["post-198","page","type-page","status-publish","hentry"],"yoast_head":"<!-- This site is optimized with the Yoast SEO plugin v26.8 - https:\/\/yoast.com\/product\/yoast-seo-wordpress\/ -->\n<title>Anpassung - SMART HOSPITAL MAINTENANCE<\/title>\n<meta name=\"robots\" content=\"index, follow, max-snippet:-1, max-image-preview:large, max-video-preview:-1\" \/>\n<link rel=\"canonical\" href=\"https:\/\/www.shm.software\/de\/customisation\" \/>\n<meta property=\"og:locale\" content=\"de_DE\" \/>\n<meta property=\"og:type\" content=\"article\" \/>\n<meta property=\"og:title\" content=\"Anpassung - SMART HOSPITAL MAINTENANCE\" \/>\n<meta property=\"og:description\" content=\"Individuelle Anpassung bzw. Personalisierung Smart Hospital Maintenance ist darauf ausgerichtet, Ihre individuellen Bed\u00fcrfnisse und Anforderungen zu bedienen, unabh\u00e4ngig davon, ob Sie die Software auf der Ebene einer einzelnen Benutzergruppe, einer ganzen Gesundheitseinrichtung oder mehrerer H\u00e4user anpassen m\u00f6chten. Modifizieren Sie Kategorien und Attribute von Objekten in der Software nach Ihren Vorstellungen. Smart Hospital Maintenance bietet Ihnen [...]Weiterlesen...\" \/>\n<meta property=\"og:url\" content=\"https:\/\/www.shm.software\/de\/customisation\" \/>\n<meta property=\"og:site_name\" content=\"SMART HOSPITAL MAINTENANCE\" \/>\n<meta property=\"article:modified_time\" content=\"2025-05-28T10:35:54+00:00\" \/>\n<meta property=\"og:image\" content=\"https:\/\/www.shm.software\/de\/wp-content\/uploads\/2024\/07\/customisation-assest.png\" \/>\n<meta name=\"twitter:card\" content=\"summary_large_image\" \/>\n<meta name=\"twitter:label1\" content=\"Gesch\u00e4tzte Lesezeit\" \/>\n\t<meta name=\"twitter:data1\" content=\"3\u00a0Minuten\" \/>\n<script type=\"application\/ld+json\" class=\"yoast-schema-graph\">{\"@context\":\"https:\/\/schema.org\",\"@graph\":[{\"@type\":\"WebPage\",\"@id\":\"https:\/\/www.shm.software\/de\/customisation\",\"url\":\"https:\/\/www.shm.software\/de\/customisation\",\"name\":\"Anpassung - SMART HOSPITAL MAINTENANCE\",\"isPartOf\":{\"@id\":\"https:\/\/www.shm.software\/de\/#website\"},\"primaryImageOfPage\":{\"@id\":\"https:\/\/www.shm.software\/de\/customisation#primaryimage\"},\"image\":{\"@id\":\"https:\/\/www.shm.software\/de\/customisation#primaryimage\"},\"thumbnailUrl\":\"https:\/\/www.shm.software\/de\/wp-content\/uploads\/2024\/07\/customisation-assest.png\",\"datePublished\":\"2023-08-31T07:42:49+00:00\",\"dateModified\":\"2025-05-28T10:35:54+00:00\",\"breadcrumb\":{\"@id\":\"https:\/\/www.shm.software\/de\/customisation#breadcrumb\"},\"inLanguage\":\"de\",\"potentialAction\":[{\"@type\":\"ReadAction\",\"target\":[\"https:\/\/www.shm.software\/de\/customisation\"]}]},{\"@type\":\"ImageObject\",\"inLanguage\":\"de\",\"@id\":\"https:\/\/www.shm.software\/de\/customisation#primaryimage\",\"url\":\"https:\/\/www.shm.software\/de\/wp-content\/uploads\/2024\/07\/customisation-assest.png\",\"contentUrl\":\"https:\/\/www.shm.software\/de\/wp-content\/uploads\/2024\/07\/customisation-assest.png\",\"width\":368,\"height\":443},{\"@type\":\"BreadcrumbList\",\"@id\":\"https:\/\/www.shm.software\/de\/customisation#breadcrumb\",\"itemListElement\":[{\"@type\":\"ListItem\",\"position\":1,\"name\":\"Startseite\",\"item\":\"https:\/\/www.shm.software\/de\/\"},{\"@type\":\"ListItem\",\"position\":2,\"name\":\"Anpassung\"}]},{\"@type\":\"WebSite\",\"@id\":\"https:\/\/www.shm.software\/de\/#website\",\"url\":\"https:\/\/www.shm.software\/de\/\",\"name\":\"SMART HOSPITAL MAINTENANCE\",\"description\":\"\",\"potentialAction\":[{\"@type\":\"SearchAction\",\"target\":{\"@type\":\"EntryPoint\",\"urlTemplate\":\"https:\/\/www.shm.software\/de\/?s={search_term_string}\"},\"query-input\":{\"@type\":\"PropertyValueSpecification\",\"valueRequired\":true,\"valueName\":\"search_term_string\"}}],\"inLanguage\":\"de\"}]}<\/script>\n<!-- \/ Yoast SEO plugin. -->","yoast_head_json":{"title":"Anpassung - SMART HOSPITAL MAINTENANCE","robots":{"index":"index","follow":"follow","max-snippet":"max-snippet:-1","max-image-preview":"max-image-preview:large","max-video-preview":"max-video-preview:-1"},"canonical":"https:\/\/www.shm.software\/de\/customisation","og_locale":"de_DE","og_type":"article","og_title":"Anpassung - SMART HOSPITAL MAINTENANCE","og_description":"Individuelle Anpassung bzw. Personalisierung Smart Hospital Maintenance ist darauf ausgerichtet, Ihre individuellen Bed\u00fcrfnisse und Anforderungen zu bedienen, unabh\u00e4ngig davon, ob Sie die Software auf der Ebene einer einzelnen Benutzergruppe, einer ganzen Gesundheitseinrichtung oder mehrerer H\u00e4user anpassen m\u00f6chten. Modifizieren Sie Kategorien und Attribute von Objekten in der Software nach Ihren Vorstellungen. Smart Hospital Maintenance bietet Ihnen [...]Weiterlesen...","og_url":"https:\/\/www.shm.software\/de\/customisation","og_site_name":"SMART HOSPITAL MAINTENANCE","article_modified_time":"2025-05-28T10:35:54+00:00","og_image":[{"url":"https:\/\/www.shm.software\/de\/wp-content\/uploads\/2024\/07\/customisation-assest.png","type":"","width":"","height":""}],"twitter_card":"summary_large_image","twitter_misc":{"Gesch\u00e4tzte Lesezeit":"3\u00a0Minuten"},"schema":{"@context":"https:\/\/schema.org","@graph":[{"@type":"WebPage","@id":"https:\/\/www.shm.software\/de\/customisation","url":"https:\/\/www.shm.software\/de\/customisation","name":"Anpassung - SMART HOSPITAL MAINTENANCE","isPartOf":{"@id":"https:\/\/www.shm.software\/de\/#website"},"primaryImageOfPage":{"@id":"https:\/\/www.shm.software\/de\/customisation#primaryimage"},"image":{"@id":"https:\/\/www.shm.software\/de\/customisation#primaryimage"},"thumbnailUrl":"https:\/\/www.shm.software\/de\/wp-content\/uploads\/2024\/07\/customisation-assest.png","datePublished":"2023-08-31T07:42:49+00:00","dateModified":"2025-05-28T10:35:54+00:00","breadcrumb":{"@id":"https:\/\/www.shm.software\/de\/customisation#breadcrumb"},"inLanguage":"de","potentialAction":[{"@type":"ReadAction","target":["https:\/\/www.shm.software\/de\/customisation"]}]},{"@type":"ImageObject","inLanguage":"de","@id":"https:\/\/www.shm.software\/de\/customisation#primaryimage","url":"https:\/\/www.shm.software\/de\/wp-content\/uploads\/2024\/07\/customisation-assest.png","contentUrl":"https:\/\/www.shm.software\/de\/wp-content\/uploads\/2024\/07\/customisation-assest.png","width":368,"height":443},{"@type":"BreadcrumbList","@id":"https:\/\/www.shm.software\/de\/customisation#breadcrumb","itemListElement":[{"@type":"ListItem","position":1,"name":"Startseite","item":"https:\/\/www.shm.software\/de\/"},{"@type":"ListItem","position":2,"name":"Anpassung"}]},{"@type":"WebSite","@id":"https:\/\/www.shm.software\/de\/#website","url":"https:\/\/www.shm.software\/de\/","name":"SMART HOSPITAL MAINTENANCE","description":"","potentialAction":[{"@type":"SearchAction","target":{"@type":"EntryPoint","urlTemplate":"https:\/\/www.shm.software\/de\/?s={search_term_string}"},"query-input":{"@type":"PropertyValueSpecification","valueRequired":true,"valueName":"search_term_string"}}],"inLanguage":"de"}]}},"_links":{"self":[{"href":"https:\/\/www.shm.software\/de\/wp-json\/wp\/v2\/pages\/198","targetHints":{"allow":["GET"]}}],"collection":[{"href":"https:\/\/www.shm.software\/de\/wp-json\/wp\/v2\/pages"}],"about":[{"href":"https:\/\/www.shm.software\/de\/wp-json\/wp\/v2\/types\/page"}],"author":[{"embeddable":true,"href":"https:\/\/www.shm.software\/de\/wp-json\/wp\/v2\/users\/1"}],"replies":[{"embeddable":true,"href":"https:\/\/www.shm.software\/de\/wp-json\/wp\/v2\/comments?post=198"}],"version-history":[{"count":20,"href":"https:\/\/www.shm.software\/de\/wp-json\/wp\/v2\/pages\/198\/revisions"}],"predecessor-version":[{"id":816,"href":"https:\/\/www.shm.software\/de\/wp-json\/wp\/v2\/pages\/198\/revisions\/816"}],"wp:attachment":[{"href":"https:\/\/www.shm.software\/de\/wp-json\/wp\/v2\/media?parent=198"}],"curies":[{"name":"wp","href":"https:\/\/api.w.org\/{rel}","templated":true}]}}