{"id":200,"date":"2023-08-31T07:42:55","date_gmt":"2023-08-31T07:42:55","guid":{"rendered":"https:\/\/www.shm.software\/de\/?page_id=200"},"modified":"2025-05-28T10:42:34","modified_gmt":"2025-05-28T10:42:34","slug":"mobile-application","status":"publish","type":"page","link":"https:\/\/www.shm.software\/de\/mobile-application","title":{"rendered":"Mobile Anwendung"},"content":{"rendered":"<div class=\"mobapp-bg in-head\"><\/div>\n<p id=\"breadcrumbs\"><span><span><a href=\"https:\/\/www.shm.software\/de\/\">Startseite<\/a><\/span><\/span><\/p>\n<div class=\"section-white\">\n<div class=\"container\">\n<div class=\"row align-items-center\">\n<div class=\"col-md-6\">\n<h1 class=\"h3\">Mobile Anwendung<\/h1>\n<p>Smart Hospital Maintenance verf\u00fcgt \u00fcber eine native Anwendung bzw. App f\u00fcr Smartphones und Tablets. Dies ist eine Verbesserung dessen, was im Web bereits effizient ist, und bietet Ihrem Team die n\u00f6tige Mobilit\u00e4t. Wichtige Funktionen wie die Verwaltung von Anlagen, die Erstellung von Serviceanfragen, die Durchf\u00fchrung von Wartungsarbeiten und die Anzeige von Berichten sind f\u00fcr Ihr Smartphone optimiert, viele davon sogar im Offline-Modus.<\/p>\n<p>Mit der mobilen Anwendung kann Ihr technisches Team frei in Ihrer Gesundheitseinrichtung navigieren, um die Wartungsauftr\u00e4ge zu erf\u00fcllen, auch wenn keine stabile Internetverbindung vorhanden ist. Das Scannen von QR-Labels mit der Smartphone-Kamera erh\u00f6ht die Effizienz bei der Durchf\u00fchrung von Wartungsarbeiten.<\/p>\n<p>Die mobile Smartphone-App ist f\u00fcr Android und iOS verf\u00fcgbar.<\/p>\n<div class=\"row align-items-center\">\n<div class=\"col-6\"><img decoding=\"async\" class=\"img-fluid mb-4\" src=\"https:\/\/www.shm.software\/de\/wp-content\/uploads\/2023\/09\/googleplay.jpg\" alt=\"googleplay store\" \/><\/div>\n<div class=\"col-6\"><img decoding=\"async\" class=\"img-fluid mb-4\" src=\"https:\/\/www.shm.software\/de\/wp-content\/uploads\/2023\/09\/appstore.jpg\" alt=\"appstore\" \/><\/div>\n<\/div>\n<\/div>\n<div class=\"col-md-4 mx-auto order-md-1\"><img decoding=\"async\" class=\"img-fluid d-block mx-auto\" src=\"https:\/\/www.shm.software\/de\/wp-content\/uploads\/2023\/09\/SHM_Convenience_Mobile-Application.png\" alt=\"Logo Integration\" \/><\/div>\n<\/div>\n<\/div>\n<\/div>\n<div class=\"section-primary\">\n<div class=\"container\">\n<div class=\"row\">\n<div class=\"col-lg-12 mx-auto text-center\">\n<h4>M\u00f6chten Sie mehr \u00fcber Smart Hospital Maintenance und die mobilen Anwendungen f\u00fcr Android und iOS erfahren?<br \/>\nBuchen Sie noch heute Ihre Demo-Session!<\/h4>\n<div><a class=\"btn btn-primary mt-3\" href=\"https:\/\/www.shm.software\/de\/contact-us\">Demo buchen<\/a><\/div>\n<\/div>\n<\/div>\n<\/div>\n<\/div>\n<div class=\"section-white\">\n<div class=\"container\">\n<div class=\"row text-center\">\n<div class=\"col-lg-12\">\n<h3 class=\"mb-0\">Zus\u00e4tzliche Features<\/h3>\n<\/div>\n<div class=\"col-lg-6\">\n<div class=\"af-box\">\n<h4>Wartung und Verwaltung<\/h4>\n<div class=\"af-link\"><a href=\"https:\/\/www.shm.software\/de\/work-order-management\">Arbeitsauftrags-management<\/a><br \/>\n<a href=\"https:\/\/www.shm.software\/de\/planned-preventive-maintenance\">Geplante pr\u00e4ventive Wartung<\/a><br \/>\n<a href=\"https:\/\/www.shm.software\/de\/corrective-maintenance\">Korrektive Wartung<\/a><br \/>\n<a href=\"https:\/\/www.shm.software\/de\/inspection-maintenance\">Vorausschauende Wartung<\/a><\/div>\n<\/div>\n<\/div>\n<div class=\"col-lg-6\">\n<div class=\"af-box\">\n<h4>Effizienter Service<\/h4>\n<div class=\"af-link\"><a href=\"https:\/\/www.shm.software\/de\/asset-matching\">Anlagen-Abgleich<\/a><br \/>\n<a href=\"https:\/\/www.shm.software\/de\/document-management\">Dokument-management<\/a><br \/>\n<a href=\"https:\/\/www.shm.software\/de\/service-request-management\">Verwaltung von Serviceanfragen<\/a><br \/>\n<a href=\"https:\/\/www.shm.software\/de\/qr-labels\">QR-Code-Labels<\/a><\/div>\n<\/div>\n<\/div>\n<div class=\"col-lg-6\">\n<div class=\"af-box\">\n<h4>Umfangreiche M\u00f6glichkeiten<\/h4>\n<div class=\"af-link\"><a href=\"https:\/\/www.shm.software\/de\/technical-reports\">Technische Berichte<\/a><br \/>\n<a href=\"https:\/\/www.shm.software\/de\/contact-management\">Kontakt management<\/a><br \/>\n<a href=\"https:\/\/www.shm.software\/de\/contract-administration\">Vertragsverwaltung<\/a><br \/>\n<a href=\"https:\/\/www.shm.software\/de\/user-profiles\">Benutzer<\/a><\/div>\n<\/div>\n<\/div>\n<div class=\"col-lg-6\">\n<div class=\"af-box\">\n<h4>Skalierbarkeit<\/h4>\n<div class=\"af-link\"><a href=\"https:\/\/www.shm.software\/de\/facility-integration\">Einrichtungs-integration<\/a><br \/>\n<a href=\"https:\/\/www.shm.software\/de\/multi-language-feature\">Mehrsprachig<\/a><br \/>\n<a href=\"https:\/\/www.shm.software\/de\/relocation-management\">Relocation-Management<\/a><br \/>\n<a href=\"https:\/\/www.shm.software\/de\/shm-database\">SHM-Datenbank<\/a><\/div>\n<\/div>\n<\/div>\n<\/div>\n<\/div>\n<\/div>\n","protected":false},"excerpt":{"rendered":"<p>Mobile Anwendung Smart Hospital Maintenance verf\u00fcgt \u00fcber eine native Anwendung bzw. App f\u00fcr Smartphones und Tablets. Dies ist eine Verbesserung dessen, was im Web bereits effizient ist, und bietet Ihrem Team die n\u00f6tige Mobilit\u00e4t. Wichtige Funktionen wie die Verwaltung von Anlagen, die Erstellung von Serviceanfragen, die Durchf\u00fchrung von Wartungsarbeiten und die Anzeige von Berichten sind [&#8230;]<\/p>\n<p><a class=\"btn btn-secondary understrap-read-more-link\" href=\"https:\/\/www.shm.software\/de\/mobile-application\">Weiterlesen&#8230;<\/a><\/p>\n","protected":false},"author":1,"featured_media":0,"parent":0,"menu_order":0,"comment_status":"closed","ping_status":"closed","template":"page-templates\/empty.php","meta":{"footnotes":""},"class_list":["post-200","page","type-page","status-publish","hentry"],"yoast_head":"<!-- This site is optimized with the Yoast SEO plugin v26.8 - https:\/\/yoast.com\/product\/yoast-seo-wordpress\/ -->\n<title>Mobile Anwendung - SMART HOSPITAL MAINTENANCE<\/title>\n<meta name=\"robots\" content=\"index, follow, max-snippet:-1, max-image-preview:large, max-video-preview:-1\" \/>\n<link rel=\"canonical\" href=\"https:\/\/www.shm.software\/de\/mobile-application\" \/>\n<meta property=\"og:locale\" content=\"de_DE\" \/>\n<meta property=\"og:type\" content=\"article\" \/>\n<meta property=\"og:title\" content=\"Mobile Anwendung - SMART HOSPITAL MAINTENANCE\" \/>\n<meta property=\"og:description\" content=\"Mobile Anwendung Smart Hospital Maintenance verf\u00fcgt \u00fcber eine native Anwendung bzw. App f\u00fcr Smartphones und Tablets. Dies ist eine Verbesserung dessen, was im Web bereits effizient ist, und bietet Ihrem Team die n\u00f6tige Mobilit\u00e4t. Wichtige Funktionen wie die Verwaltung von Anlagen, die Erstellung von Serviceanfragen, die Durchf\u00fchrung von Wartungsarbeiten und die Anzeige von Berichten sind [...]Weiterlesen...\" \/>\n<meta property=\"og:url\" content=\"https:\/\/www.shm.software\/de\/mobile-application\" \/>\n<meta property=\"og:site_name\" content=\"SMART HOSPITAL MAINTENANCE\" \/>\n<meta property=\"article:modified_time\" content=\"2025-05-28T10:42:34+00:00\" \/>\n<meta property=\"og:image\" content=\"https:\/\/www.shm.software\/de\/wp-content\/uploads\/2023\/09\/googleplay.jpg\" \/>\n<meta name=\"twitter:card\" content=\"summary_large_image\" \/>\n<meta name=\"twitter:label1\" content=\"Gesch\u00e4tzte Lesezeit\" \/>\n\t<meta name=\"twitter:data1\" content=\"2\u00a0Minuten\" \/>\n<script type=\"application\/ld+json\" class=\"yoast-schema-graph\">{\"@context\":\"https:\/\/schema.org\",\"@graph\":[{\"@type\":\"WebPage\",\"@id\":\"https:\/\/www.shm.software\/de\/mobile-application\",\"url\":\"https:\/\/www.shm.software\/de\/mobile-application\",\"name\":\"Mobile Anwendung - SMART HOSPITAL MAINTENANCE\",\"isPartOf\":{\"@id\":\"https:\/\/www.shm.software\/de\/#website\"},\"primaryImageOfPage\":{\"@id\":\"https:\/\/www.shm.software\/de\/mobile-application#primaryimage\"},\"image\":{\"@id\":\"https:\/\/www.shm.software\/de\/mobile-application#primaryimage\"},\"thumbnailUrl\":\"https:\/\/www.shm.software\/de\/wp-content\/uploads\/2023\/09\/googleplay.jpg\",\"datePublished\":\"2023-08-31T07:42:55+00:00\",\"dateModified\":\"2025-05-28T10:42:34+00:00\",\"breadcrumb\":{\"@id\":\"https:\/\/www.shm.software\/de\/mobile-application#breadcrumb\"},\"inLanguage\":\"de\",\"potentialAction\":[{\"@type\":\"ReadAction\",\"target\":[\"https:\/\/www.shm.software\/de\/mobile-application\"]}]},{\"@type\":\"ImageObject\",\"inLanguage\":\"de\",\"@id\":\"https:\/\/www.shm.software\/de\/mobile-application#primaryimage\",\"url\":\"https:\/\/www.shm.software\/de\/wp-content\/uploads\/2023\/09\/googleplay.jpg\",\"contentUrl\":\"https:\/\/www.shm.software\/de\/wp-content\/uploads\/2023\/09\/googleplay.jpg\",\"width\":363,\"height\":120},{\"@type\":\"BreadcrumbList\",\"@id\":\"https:\/\/www.shm.software\/de\/mobile-application#breadcrumb\",\"itemListElement\":[{\"@type\":\"ListItem\",\"position\":1,\"name\":\"Startseite\",\"item\":\"https:\/\/www.shm.software\/de\/\"},{\"@type\":\"ListItem\",\"position\":2,\"name\":\"Mobile Anwendung\"}]},{\"@type\":\"WebSite\",\"@id\":\"https:\/\/www.shm.software\/de\/#website\",\"url\":\"https:\/\/www.shm.software\/de\/\",\"name\":\"SMART HOSPITAL MAINTENANCE\",\"description\":\"\",\"potentialAction\":[{\"@type\":\"SearchAction\",\"target\":{\"@type\":\"EntryPoint\",\"urlTemplate\":\"https:\/\/www.shm.software\/de\/?s={search_term_string}\"},\"query-input\":{\"@type\":\"PropertyValueSpecification\",\"valueRequired\":true,\"valueName\":\"search_term_string\"}}],\"inLanguage\":\"de\"}]}<\/script>\n<!-- \/ Yoast SEO plugin. -->","yoast_head_json":{"title":"Mobile Anwendung - SMART HOSPITAL MAINTENANCE","robots":{"index":"index","follow":"follow","max-snippet":"max-snippet:-1","max-image-preview":"max-image-preview:large","max-video-preview":"max-video-preview:-1"},"canonical":"https:\/\/www.shm.software\/de\/mobile-application","og_locale":"de_DE","og_type":"article","og_title":"Mobile Anwendung - SMART HOSPITAL MAINTENANCE","og_description":"Mobile Anwendung Smart Hospital Maintenance verf\u00fcgt \u00fcber eine native Anwendung bzw. App f\u00fcr Smartphones und Tablets. Dies ist eine Verbesserung dessen, was im Web bereits effizient ist, und bietet Ihrem Team die n\u00f6tige Mobilit\u00e4t. Wichtige Funktionen wie die Verwaltung von Anlagen, die Erstellung von Serviceanfragen, die Durchf\u00fchrung von Wartungsarbeiten und die Anzeige von Berichten sind [...]Weiterlesen...","og_url":"https:\/\/www.shm.software\/de\/mobile-application","og_site_name":"SMART HOSPITAL MAINTENANCE","article_modified_time":"2025-05-28T10:42:34+00:00","og_image":[{"url":"https:\/\/www.shm.software\/de\/wp-content\/uploads\/2023\/09\/googleplay.jpg","type":"","width":"","height":""}],"twitter_card":"summary_large_image","twitter_misc":{"Gesch\u00e4tzte Lesezeit":"2\u00a0Minuten"},"schema":{"@context":"https:\/\/schema.org","@graph":[{"@type":"WebPage","@id":"https:\/\/www.shm.software\/de\/mobile-application","url":"https:\/\/www.shm.software\/de\/mobile-application","name":"Mobile Anwendung - SMART HOSPITAL MAINTENANCE","isPartOf":{"@id":"https:\/\/www.shm.software\/de\/#website"},"primaryImageOfPage":{"@id":"https:\/\/www.shm.software\/de\/mobile-application#primaryimage"},"image":{"@id":"https:\/\/www.shm.software\/de\/mobile-application#primaryimage"},"thumbnailUrl":"https:\/\/www.shm.software\/de\/wp-content\/uploads\/2023\/09\/googleplay.jpg","datePublished":"2023-08-31T07:42:55+00:00","dateModified":"2025-05-28T10:42:34+00:00","breadcrumb":{"@id":"https:\/\/www.shm.software\/de\/mobile-application#breadcrumb"},"inLanguage":"de","potentialAction":[{"@type":"ReadAction","target":["https:\/\/www.shm.software\/de\/mobile-application"]}]},{"@type":"ImageObject","inLanguage":"de","@id":"https:\/\/www.shm.software\/de\/mobile-application#primaryimage","url":"https:\/\/www.shm.software\/de\/wp-content\/uploads\/2023\/09\/googleplay.jpg","contentUrl":"https:\/\/www.shm.software\/de\/wp-content\/uploads\/2023\/09\/googleplay.jpg","width":363,"height":120},{"@type":"BreadcrumbList","@id":"https:\/\/www.shm.software\/de\/mobile-application#breadcrumb","itemListElement":[{"@type":"ListItem","position":1,"name":"Startseite","item":"https:\/\/www.shm.software\/de\/"},{"@type":"ListItem","position":2,"name":"Mobile Anwendung"}]},{"@type":"WebSite","@id":"https:\/\/www.shm.software\/de\/#website","url":"https:\/\/www.shm.software\/de\/","name":"SMART HOSPITAL MAINTENANCE","description":"","potentialAction":[{"@type":"SearchAction","target":{"@type":"EntryPoint","urlTemplate":"https:\/\/www.shm.software\/de\/?s={search_term_string}"},"query-input":{"@type":"PropertyValueSpecification","valueRequired":true,"valueName":"search_term_string"}}],"inLanguage":"de"}]}},"_links":{"self":[{"href":"https:\/\/www.shm.software\/de\/wp-json\/wp\/v2\/pages\/200","targetHints":{"allow":["GET"]}}],"collection":[{"href":"https:\/\/www.shm.software\/de\/wp-json\/wp\/v2\/pages"}],"about":[{"href":"https:\/\/www.shm.software\/de\/wp-json\/wp\/v2\/types\/page"}],"author":[{"embeddable":true,"href":"https:\/\/www.shm.software\/de\/wp-json\/wp\/v2\/users\/1"}],"replies":[{"embeddable":true,"href":"https:\/\/www.shm.software\/de\/wp-json\/wp\/v2\/comments?post=200"}],"version-history":[{"count":15,"href":"https:\/\/www.shm.software\/de\/wp-json\/wp\/v2\/pages\/200\/revisions"}],"predecessor-version":[{"id":825,"href":"https:\/\/www.shm.software\/de\/wp-json\/wp\/v2\/pages\/200\/revisions\/825"}],"wp:attachment":[{"href":"https:\/\/www.shm.software\/de\/wp-json\/wp\/v2\/media?parent=200"}],"curies":[{"name":"wp","href":"https:\/\/api.w.org\/{rel}","templated":true}]}}