{"id":204,"date":"2023-08-31T07:43:09","date_gmt":"2023-08-31T07:43:09","guid":{"rendered":"https:\/\/www.shm.software\/de\/?page_id=204"},"modified":"2025-05-28T10:36:32","modified_gmt":"2025-05-28T10:36:32","slug":"bulk-upload","status":"publish","type":"page","link":"https:\/\/www.shm.software\/de\/bulk-upload","title":{"rendered":"Bulk-Upload"},"content":{"rendered":"<div class=\"bulkup-bg in-head\"><\/div>\n<p id=\"breadcrumbs\"><span><span><a href=\"https:\/\/www.shm.software\/de\/\">Startseite<\/a><\/span><\/span><\/p>\n<div class=\"section-white\">\n<div class=\"container\">\n<div class=\"row align-items-center\">\n<div class=\"col-md-6\">\n<h1 class=\"h3\">Bulk-Upload<\/h1>\n<p>Die manuelle Integration kann bei einer Erstinventarisierung m\u00fchsam sein, insbesondere wenn die Daten manuell in das System eingegeben werden m\u00fcssen. Smart Hospital Maintenance bietet Bulk-Uploads, die es Ihnen erm\u00f6glichen, m\u00fchelos und sofort alle Anlagen- oder Einrichtungsinformationen automatisch hochzuladen.<\/p>\n<\/div>\n<div class=\"col-md-4 mx-auto order-md-1\"><img decoding=\"async\" class=\"img-fluid d-block mx-auto\" src=\"https:\/\/www.shm.software\/de\/wp-content\/uploads\/2023\/09\/bulkup-asset.png\" alt=\"Bulk Upload\" \/><\/div>\n<\/div>\n<\/div>\n<\/div>\n<div class=\"section-lightgrey\">\n<div class=\"container\">\n<div class=\"row align-items-center\">\n<div class=\"col-md-6 order-md-2\">\n<h3>Anlagenkonfiguration<\/h3>\n<p>Durch die Verwendung einer vorgefertigten Excel-Datei k\u00f6nnen Sie Ihre gesamte Einrichtungsstruktur mit allen Geb\u00e4uden, Etagen, Abteilungen und Rauminformationen in einem Schritt hochladen. Sie haben bereits einen Datensatz, z.B. in Excel oder einem anderen Dateiformat? Unsere Experten helfen Ihnen gern bei der \u00dcberf\u00fchrung Ihres Datenbestandes.<\/p>\n<h3>Anlagen-Informationen<\/h3>\n<p>Ein weiteres spezielles Excel-Template kann verwendet werden, um Ihre umfassenden Asset-Informationen in das System hochzuladen, wobei ein direkter Bezug zu dem zugewiesenen Raum besteht. Wenn Sie bereits \u00fcber einen Datensatz verf\u00fcgen, z.B. in Excel oder einem anderen Dateiformat, k\u00f6nnen unsere Experten Sie auch bei der Datenintegration in die Software unterst\u00fctzen.<\/p>\n<\/div>\n<div class=\"col-md-6 order-md-1\"><img decoding=\"async\" class=\"img-fluid d-block mx-auto\" src=\"https:\/\/www.shm.software\/de\/wp-content\/uploads\/2023\/09\/SHM_Convenience_Bulk-Upload.jpg\" alt=\"Facility Set-Up\" \/><\/div>\n<\/div>\n<\/div>\n<\/div>\n<div class=\"section-primary\">\n<div class=\"container\">\n<div class=\"row\">\n<div class=\"col-lg-12 mx-auto text-center\">\n<h4>Sie m\u00f6chten den Prozess der Datenintegration mit unseren Experten diskutieren?<br \/>\nBuchen Sie noch heute einen Termin!<\/h4>\n<div><a class=\"btn btn-primary mt-3\" href=\"https:\/\/www.shm.software\/de\/contact-us\">Demo buchen<\/a><\/div>\n<\/div>\n<\/div>\n<\/div>\n<\/div>\n<div class=\"section-white\">\n<div class=\"container\">\n<div class=\"row text-center\">\n<div class=\"col-lg-12\">\n<h3 class=\"mb-0\">Zus\u00e4tzliche Features<\/h3>\n<\/div>\n<div class=\"col-lg-6\">\n<div class=\"af-box\">\n<h4>Wartung und Verwaltung<\/h4>\n<div class=\"af-link\"><a href=\"https:\/\/www.shm.software\/de\/work-order-management\">Arbeitsauftrags-management<\/a><br \/>\n<a href=\"https:\/\/www.shm.software\/de\/planned-preventive-maintenance\">Geplante pr\u00e4ventive Wartung<\/a><br \/>\n<a href=\"https:\/\/www.shm.software\/de\/corrective-maintenance\">Korrektive Wartung<\/a><br \/>\n<a href=\"https:\/\/www.shm.software\/de\/inspection-maintenance\">Vorausschauende Wartung<\/a><\/div>\n<\/div>\n<\/div>\n<div class=\"col-lg-6\">\n<div class=\"af-box\">\n<h4>Effizienter Service<\/h4>\n<div class=\"af-link\"><a href=\"https:\/\/www.shm.software\/de\/asset-matching\">Anlagen-Abgleich<\/a><br \/>\n<a href=\"https:\/\/www.shm.software\/de\/document-management\">Dokument-management<\/a><br \/>\n<a href=\"https:\/\/www.shm.software\/de\/service-request-management\">Verwaltung von Serviceanfragen<\/a><br \/>\n<a href=\"https:\/\/www.shm.software\/de\/qr-labels\">QR-Code-Labels<\/a><\/div>\n<\/div>\n<\/div>\n<div class=\"col-lg-6\">\n<div class=\"af-box\">\n<h4>Umfangreiche M\u00f6glichkeiten<\/h4>\n<div class=\"af-link\"><a href=\"https:\/\/www.shm.software\/de\/technical-reports\">Technische Berichte<\/a><br \/>\n<a href=\"https:\/\/www.shm.software\/de\/contact-management\">Kontakt management<\/a><br \/>\n<a href=\"https:\/\/www.shm.software\/de\/contract-administration\">Vertragsverwaltung<\/a><br \/>\n<a href=\"https:\/\/www.shm.software\/de\/user-profiles\">Benutzer<\/a><\/div>\n<\/div>\n<\/div>\n<div class=\"col-lg-6\">\n<div class=\"af-box\">\n<h4>Skalierbarkeit<\/h4>\n<div class=\"af-link\"><a href=\"https:\/\/www.shm.software\/de\/facility-integration\">Einrichtungs-integration<\/a><br \/>\n<a href=\"https:\/\/www.shm.software\/de\/multi-language-feature\">Mehrsprachig<\/a><br \/>\n<a href=\"https:\/\/www.shm.software\/de\/relocation-management\">Relocation-Management<\/a><br \/>\n<a href=\"https:\/\/www.shm.software\/de\/shm-database\">SHM-Datenbank<\/a><\/div>\n<\/div>\n<\/div>\n<\/div>\n<\/div>\n<\/div>\n","protected":false},"excerpt":{"rendered":"<p>Bulk-Upload Die manuelle Integration kann bei einer Erstinventarisierung m\u00fchsam sein, insbesondere wenn die Daten manuell in das System eingegeben werden m\u00fcssen. Smart Hospital Maintenance bietet Bulk-Uploads, die es Ihnen erm\u00f6glichen, m\u00fchelos und sofort alle Anlagen- oder Einrichtungsinformationen automatisch hochzuladen. Anlagenkonfiguration Durch die Verwendung einer vorgefertigten Excel-Datei k\u00f6nnen Sie Ihre gesamte Einrichtungsstruktur mit allen Geb\u00e4uden, Etagen, [&#8230;]<\/p>\n<p><a class=\"btn btn-secondary understrap-read-more-link\" href=\"https:\/\/www.shm.software\/de\/bulk-upload\">Weiterlesen&#8230;<\/a><\/p>\n","protected":false},"author":1,"featured_media":0,"parent":0,"menu_order":0,"comment_status":"closed","ping_status":"closed","template":"page-templates\/empty.php","meta":{"footnotes":""},"class_list":["post-204","page","type-page","status-publish","hentry"],"yoast_head":"<!-- This site is optimized with the Yoast SEO plugin v26.8 - https:\/\/yoast.com\/product\/yoast-seo-wordpress\/ -->\n<title>Bulk-Upload - SMART HOSPITAL MAINTENANCE<\/title>\n<meta name=\"robots\" content=\"index, follow, max-snippet:-1, max-image-preview:large, max-video-preview:-1\" \/>\n<link rel=\"canonical\" href=\"https:\/\/www.shm.software\/de\/bulk-upload\" \/>\n<meta property=\"og:locale\" content=\"de_DE\" \/>\n<meta property=\"og:type\" content=\"article\" \/>\n<meta property=\"og:title\" content=\"Bulk-Upload - SMART HOSPITAL MAINTENANCE\" \/>\n<meta property=\"og:description\" content=\"Bulk-Upload Die manuelle Integration kann bei einer Erstinventarisierung m\u00fchsam sein, insbesondere wenn die Daten manuell in das System eingegeben werden m\u00fcssen. Smart Hospital Maintenance bietet Bulk-Uploads, die es Ihnen erm\u00f6glichen, m\u00fchelos und sofort alle Anlagen- oder Einrichtungsinformationen automatisch hochzuladen. Anlagenkonfiguration Durch die Verwendung einer vorgefertigten Excel-Datei k\u00f6nnen Sie Ihre gesamte Einrichtungsstruktur mit allen Geb\u00e4uden, Etagen, [...]Weiterlesen...\" \/>\n<meta property=\"og:url\" content=\"https:\/\/www.shm.software\/de\/bulk-upload\" \/>\n<meta property=\"og:site_name\" content=\"SMART HOSPITAL MAINTENANCE\" \/>\n<meta property=\"article:modified_time\" content=\"2025-05-28T10:36:32+00:00\" \/>\n<meta property=\"og:image\" content=\"https:\/\/www.shm.software\/de\/wp-content\/uploads\/2023\/09\/bulkup-asset.png\" \/>\n<meta name=\"twitter:card\" content=\"summary_large_image\" \/>\n<meta name=\"twitter:label1\" content=\"Gesch\u00e4tzte Lesezeit\" \/>\n\t<meta name=\"twitter:data1\" content=\"2\u00a0Minuten\" \/>\n<script type=\"application\/ld+json\" class=\"yoast-schema-graph\">{\"@context\":\"https:\/\/schema.org\",\"@graph\":[{\"@type\":\"WebPage\",\"@id\":\"https:\/\/www.shm.software\/de\/bulk-upload\",\"url\":\"https:\/\/www.shm.software\/de\/bulk-upload\",\"name\":\"Bulk-Upload - SMART HOSPITAL MAINTENANCE\",\"isPartOf\":{\"@id\":\"https:\/\/www.shm.software\/de\/#website\"},\"primaryImageOfPage\":{\"@id\":\"https:\/\/www.shm.software\/de\/bulk-upload#primaryimage\"},\"image\":{\"@id\":\"https:\/\/www.shm.software\/de\/bulk-upload#primaryimage\"},\"thumbnailUrl\":\"https:\/\/www.shm.software\/de\/wp-content\/uploads\/2023\/09\/bulkup-asset.png\",\"datePublished\":\"2023-08-31T07:43:09+00:00\",\"dateModified\":\"2025-05-28T10:36:32+00:00\",\"breadcrumb\":{\"@id\":\"https:\/\/www.shm.software\/de\/bulk-upload#breadcrumb\"},\"inLanguage\":\"de\",\"potentialAction\":[{\"@type\":\"ReadAction\",\"target\":[\"https:\/\/www.shm.software\/de\/bulk-upload\"]}]},{\"@type\":\"ImageObject\",\"inLanguage\":\"de\",\"@id\":\"https:\/\/www.shm.software\/de\/bulk-upload#primaryimage\",\"url\":\"https:\/\/www.shm.software\/de\/wp-content\/uploads\/2023\/09\/bulkup-asset.png\",\"contentUrl\":\"https:\/\/www.shm.software\/de\/wp-content\/uploads\/2023\/09\/bulkup-asset.png\",\"width\":600,\"height\":219},{\"@type\":\"BreadcrumbList\",\"@id\":\"https:\/\/www.shm.software\/de\/bulk-upload#breadcrumb\",\"itemListElement\":[{\"@type\":\"ListItem\",\"position\":1,\"name\":\"Startseite\",\"item\":\"https:\/\/www.shm.software\/de\/\"},{\"@type\":\"ListItem\",\"position\":2,\"name\":\"Bulk-Upload\"}]},{\"@type\":\"WebSite\",\"@id\":\"https:\/\/www.shm.software\/de\/#website\",\"url\":\"https:\/\/www.shm.software\/de\/\",\"name\":\"SMART HOSPITAL MAINTENANCE\",\"description\":\"\",\"potentialAction\":[{\"@type\":\"SearchAction\",\"target\":{\"@type\":\"EntryPoint\",\"urlTemplate\":\"https:\/\/www.shm.software\/de\/?s={search_term_string}\"},\"query-input\":{\"@type\":\"PropertyValueSpecification\",\"valueRequired\":true,\"valueName\":\"search_term_string\"}}],\"inLanguage\":\"de\"}]}<\/script>\n<!-- \/ Yoast SEO plugin. -->","yoast_head_json":{"title":"Bulk-Upload - SMART HOSPITAL MAINTENANCE","robots":{"index":"index","follow":"follow","max-snippet":"max-snippet:-1","max-image-preview":"max-image-preview:large","max-video-preview":"max-video-preview:-1"},"canonical":"https:\/\/www.shm.software\/de\/bulk-upload","og_locale":"de_DE","og_type":"article","og_title":"Bulk-Upload - SMART HOSPITAL MAINTENANCE","og_description":"Bulk-Upload Die manuelle Integration kann bei einer Erstinventarisierung m\u00fchsam sein, insbesondere wenn die Daten manuell in das System eingegeben werden m\u00fcssen. Smart Hospital Maintenance bietet Bulk-Uploads, die es Ihnen erm\u00f6glichen, m\u00fchelos und sofort alle Anlagen- oder Einrichtungsinformationen automatisch hochzuladen. Anlagenkonfiguration Durch die Verwendung einer vorgefertigten Excel-Datei k\u00f6nnen Sie Ihre gesamte Einrichtungsstruktur mit allen Geb\u00e4uden, Etagen, [...]Weiterlesen...","og_url":"https:\/\/www.shm.software\/de\/bulk-upload","og_site_name":"SMART HOSPITAL MAINTENANCE","article_modified_time":"2025-05-28T10:36:32+00:00","og_image":[{"url":"https:\/\/www.shm.software\/de\/wp-content\/uploads\/2023\/09\/bulkup-asset.png","type":"","width":"","height":""}],"twitter_card":"summary_large_image","twitter_misc":{"Gesch\u00e4tzte Lesezeit":"2\u00a0Minuten"},"schema":{"@context":"https:\/\/schema.org","@graph":[{"@type":"WebPage","@id":"https:\/\/www.shm.software\/de\/bulk-upload","url":"https:\/\/www.shm.software\/de\/bulk-upload","name":"Bulk-Upload - SMART HOSPITAL MAINTENANCE","isPartOf":{"@id":"https:\/\/www.shm.software\/de\/#website"},"primaryImageOfPage":{"@id":"https:\/\/www.shm.software\/de\/bulk-upload#primaryimage"},"image":{"@id":"https:\/\/www.shm.software\/de\/bulk-upload#primaryimage"},"thumbnailUrl":"https:\/\/www.shm.software\/de\/wp-content\/uploads\/2023\/09\/bulkup-asset.png","datePublished":"2023-08-31T07:43:09+00:00","dateModified":"2025-05-28T10:36:32+00:00","breadcrumb":{"@id":"https:\/\/www.shm.software\/de\/bulk-upload#breadcrumb"},"inLanguage":"de","potentialAction":[{"@type":"ReadAction","target":["https:\/\/www.shm.software\/de\/bulk-upload"]}]},{"@type":"ImageObject","inLanguage":"de","@id":"https:\/\/www.shm.software\/de\/bulk-upload#primaryimage","url":"https:\/\/www.shm.software\/de\/wp-content\/uploads\/2023\/09\/bulkup-asset.png","contentUrl":"https:\/\/www.shm.software\/de\/wp-content\/uploads\/2023\/09\/bulkup-asset.png","width":600,"height":219},{"@type":"BreadcrumbList","@id":"https:\/\/www.shm.software\/de\/bulk-upload#breadcrumb","itemListElement":[{"@type":"ListItem","position":1,"name":"Startseite","item":"https:\/\/www.shm.software\/de\/"},{"@type":"ListItem","position":2,"name":"Bulk-Upload"}]},{"@type":"WebSite","@id":"https:\/\/www.shm.software\/de\/#website","url":"https:\/\/www.shm.software\/de\/","name":"SMART HOSPITAL MAINTENANCE","description":"","potentialAction":[{"@type":"SearchAction","target":{"@type":"EntryPoint","urlTemplate":"https:\/\/www.shm.software\/de\/?s={search_term_string}"},"query-input":{"@type":"PropertyValueSpecification","valueRequired":true,"valueName":"search_term_string"}}],"inLanguage":"de"}]}},"_links":{"self":[{"href":"https:\/\/www.shm.software\/de\/wp-json\/wp\/v2\/pages\/204","targetHints":{"allow":["GET"]}}],"collection":[{"href":"https:\/\/www.shm.software\/de\/wp-json\/wp\/v2\/pages"}],"about":[{"href":"https:\/\/www.shm.software\/de\/wp-json\/wp\/v2\/types\/page"}],"author":[{"embeddable":true,"href":"https:\/\/www.shm.software\/de\/wp-json\/wp\/v2\/users\/1"}],"replies":[{"embeddable":true,"href":"https:\/\/www.shm.software\/de\/wp-json\/wp\/v2\/comments?post=204"}],"version-history":[{"count":13,"href":"https:\/\/www.shm.software\/de\/wp-json\/wp\/v2\/pages\/204\/revisions"}],"predecessor-version":[{"id":818,"href":"https:\/\/www.shm.software\/de\/wp-json\/wp\/v2\/pages\/204\/revisions\/818"}],"wp:attachment":[{"href":"https:\/\/www.shm.software\/de\/wp-json\/wp\/v2\/media?parent=204"}],"curies":[{"name":"wp","href":"https:\/\/api.w.org\/{rel}","templated":true}]}}