{"id":622,"date":"2023-11-22T09:07:43","date_gmt":"2023-11-22T09:07:43","guid":{"rendered":"https:\/\/www.shm.software\/de\/?page_id=622"},"modified":"2025-05-28T10:37:37","modified_gmt":"2025-05-28T10:37:37","slug":"medical-equipment-maintenance","status":"publish","type":"page","link":"https:\/\/www.shm.software\/de\/medical-equipment-maintenance","title":{"rendered":"Instandhaltung Medizintechnik"},"content":{"rendered":"<div class=\"about-bg\"><\/div>\n<p id=\"breadcrumbs\"><span><span><a href=\"https:\/\/www.shm.software\/de\/\">Startseite<\/a><\/span><\/span><\/p>\n<div class=\"section-white\">\n<div class=\"container\">\n<div class=\"row align-items-center\">\n<div class=\"col-md-6\">\n<h1 class=\"h3\">Instandhaltung medizinischer Ger\u00e4te<\/h1>\n<p>Wussten Sie, dass durchschnittlich 38,3%* der Krankenhausausr\u00fcstung in Entwicklungsl\u00e4ndern nicht funktionst\u00fcchtig sind? Die Wartung medizinischer Ger\u00e4te wird in vielen Teilen der Welt leider weiter vernachl\u00e4ssigt. Auch die Digitalisierung der Gesundheitsversorgung ist in vielen L\u00e4ndern ausbauf\u00e4hig. Studien zeigen, dass eine professionelle Wartung von Ger\u00e4ten im Gesundheitswesen zu einer besseren Verf\u00fcgbarkeit und einer Verl\u00e4ngerung des Lebenszyklus\u2018 beitr\u00e4gt. So k\u00f6nnen Krankenh\u00e4user Kosten sparen und gleichzeitig ihre Einnahmen steigern. Werfen wir also einen Blick darauf, wie die Instandhaltung und das Management von Medizintechnik und anderen Anlagen zur Verbesserung der Gesundheitsversorgung beitragen k\u00f6nnen.<\/p>\n<p>*Perry L, Malkin R. Effectiveness of medical equipment donations to improve health systems: how much medical equipment is broken in the developing world? Med Biol Eng Comput. 2011 Jul;49(7):719-22. doi: 10.1007\/s11517-011-0786-3. Epub 2011 May 20. PMID: 21597999.<\/p>\n<p><img decoding=\"async\" class=\"img-fluid d-block mx-auto\" src=\"https:\/\/www.shm.software\/de\/wp-content\/uploads\/2023\/08\/theatre-hospital.jpg\" alt=\"Medical Equipment Maintenance\" \/><\/p>\n<\/div>\n<\/div>\n<\/div>\n<\/div>\n<div class=\"section-lightgrey\">\n<div class=\"container\">\n<div class=\"row\">\n<div class=\"col-md-12\">\n<p>Zun\u00e4chst ist es wichtig zu definieren, welche Ger\u00e4te zur Medizintechnik geh\u00f6ren. Es gibt unterschiedliche Definitionen und Kategorisierungen. Wikipedia beispielsweise spricht von biomedizinischen Ger\u00e4ten, Medizintechnik oder Gesundheitstechnik und meint damit die Anwendung ingenieurwissenschaftlicher Prinzipien und Regeln im Bereich der Medizin und der Gesundheitswissenschaften. Experten empfehlen eine Unterteilung in folgende Hauptbereiche:<\/p>\n<ul class=\"mycol-list\">\n<li>Patienten-Monitoring<\/li>\n<li>Lebenserhaltung und intensivmedizinische Betreuung<\/li>\n<li>Ausstattung des Operationssaals und der Chirurgie<\/li>\n<li>Instrumente<\/li>\n<li>Diagnoseger\u00e4te<\/li>\n<li>Medizinger\u00e4te<\/li>\n<li>Diagnostische Bildgebung, Nuklearmedizin und Strahlenschutz<\/li>\n<li>Bild-Archiv-Kommunikations-Systeme<\/li>\n<li>Labor und Pharmazie<\/li>\n<li>Krankenbetten<\/li>\n<li>Klinisches Mobiliar<\/li>\n<li>Medizinische Beleuchtung<\/li>\n<li>Aufh\u00e4ngungen<\/li>\n<li>Bettkopfeinheiten<\/li>\n<li>HNO-Ger\u00e4te<\/li>\n<li>Ophthalmologie-Ausstattung<\/li>\n<li>Zahn\u00e4rztliche Ausr\u00fcstung<\/li>\n<li>Endoskopie-Ger\u00e4te<\/li>\n<li>Ger\u00e4te f\u00fcr das Waschen, Sterilisieren und Desinfizieren<\/li>\n<li>Leichenschauhaus- und Autopsieger\u00e4te<\/li>\n<li>Krankenhausbedarf und Kleinmaterial<\/li>\n<\/ul>\n<\/div>\n<\/div>\n<\/div>\n<\/div>\n<div class=\"section-white\">\n<div class=\"container\">\n<div class=\"row\">\n<div class=\"col-lg-6 order-lg-2\">\n<p>Dar\u00fcber hinaus gibt es auch nichtmedizinische Ger\u00e4te. Man unterscheidet u.a. folgende Kategorien:<\/p>\n<ul>\n<li>Labormobiliar<\/li>\n<li>Allgemeines Mobiliar<\/li>\n<li>Arbeitsplatten und Werkb\u00e4nke<\/li>\n<li>Zubeh\u00f6rteile<\/li>\n<li>Haushaltsger\u00e4te und Sanit\u00e4reinrichtungen<\/li>\n<li>Werkstattausstattung<\/li>\n<li>K\u00fchlraum-Systeme<\/li>\n<li>W\u00e4scherei-Ausstattung<\/li>\n<\/ul>\n<p>Neben medizinischen und nichtmedizinischen Ger\u00e4ten gibt es weitere relevante Kategorien von Anlagen:<\/p>\n<ul>\n<li>Medizinische Gasversorgungsanlagen<\/li>\n<li>Medizinische HLK (Heizung, L\u00fcftung und Klimatisierung)<\/li>\n<li>IKT (Informations- und Kommunikationstechnologie \/ Software)<\/li>\n<\/ul>\n<\/div>\n<div class=\"col-lg-6 order-lg-1\"><img decoding=\"async\" class=\"img-fluid d-block mx-auto\" src=\"https:\/\/www.shm.software\/de\/wp-content\/uploads\/2023\/09\/software-asset-management-1.jpg\" alt=\"non-medical equipment\" \/><\/div>\n<\/div>\n<\/div>\n<\/div>\n<div class=\"section-primary\">\n<div class=\"container\">\n<div class=\"row\">\n<div class=\"col-lg-10 mx-auto text-center\">\n<h2 style=\"font-size: 1.5rem;\">Von grundlegender Bedeutung ist die Wartung und Verwaltung von komplexen medizinischen Ger\u00e4ten, nichtmedizinischen Ger\u00e4ten, HLK-Anlagen oder IKT.<\/h2>\n<\/div>\n<\/div>\n<\/div>\n<\/div>\n<div class=\"section-white\">\n<div class=\"container\">\n<div class=\"row\">\n<div class=\"col-md-12\">\n<p>Allen genannten Gruppen ist gemeinsam, dass die Funktionsf\u00e4higkeit gew\u00e4hrleistet sein muss, um die Gesundheitsversorgung der Patienten sicherzustellen. Je nach Art der Einrichtung sind daf\u00fcr Ger\u00e4temanager, Medizintechniker, Techniker, Facility-Manager und viele andere Berufsgruppen verantwortlich. Vor allem, wenn mehrere Personen aus verschiedenen Bereichen zusammenarbeiten, ist eine zentrale Verwaltung der Aktivit\u00e4ten, einschlie\u00dflich der Dokumentation, von gro\u00dfer Bedeutung. Dazu werden computergest\u00fctzte Instandhaltungsmanagementsysteme (CIMS) eingesetzt. Es gibt bereits zahlreiche L\u00f6sungen auf dem Markt, aber nur wenige sind auf die Besonderheiten von Krankenh\u00e4usern und deren Ausstattungs- und Einrichtungsstruktur spezialisiert. Daher ist es wichtig, dass eine Softwarel\u00f6sung den Anforderungen gerecht wird, die an sie gestellt werden. Vergewissern Sie sich in jedem Fall, dass die folgenden Bereiche abgedeckt sind &#8211; durch Anklicken der einzelnen Punkte erhalten Sie weitere Informationen:<\/p>\n<\/div>\n<div class=\"col-lg-4 col-md-6\">\n<h4>Wartung und Management<\/h4>\n<p><a href=\"https:\/\/www.shm.software\/de\/asset-management\">Anlagen-Management<\/a><br \/>\n<a href=\"https:\/\/www.shm.software\/de\/work-order-management\">Arbeitsauftragsmanagement<\/a><br \/>\n<a href=\"https:\/\/www.shm.software\/de\/planned-preventive-maintenance\">Geplante pr\u00e4ventive Wartung<\/a><br \/>\n<a href=\"https:\/\/www.shm.software\/de\/corrective-maintenance\">Korrektive Wartung<\/a><br \/>\n<a href=\"https:\/\/www.shm.software\/de\/inspection-maintenance\">Vorausschauende Wartung<\/a><\/p>\n<\/div>\n<div class=\"col-lg-4 col-md-6\">\n<h4>Effizienter Service<\/h4>\n<p><a href=\"https:\/\/www.shm.software\/de\/asset-matching\">Anlagen-Abgleich<\/a><br \/>\n<a href=\"https:\/\/www.shm.software\/de\/document-management\">Dokumentmanagement<\/a><br \/>\n<a href=\"https:\/\/www.shm.software\/de\/service-request-management\">Serviceanfragenmanagement<\/a><br \/>\n<a href=\"https:\/\/www.shm.software\/de\/qr-labels\">QR-Code-Labels<\/a><\/p>\n<\/div>\n<div class=\"col-lg-4 col-md-6\">\n<h4>Umfangreiche M\u00f6glichkeiten<\/h4>\n<p><a href=\"https:\/\/www.shm.software\/de\/technical-reports\">Technische Berichte<\/a><br \/>\n<a href=\"https:\/\/www.shm.software\/de\/contact-management\">Kontakt management<\/a><br \/>\n<a href=\"https:\/\/www.shm.software\/de\/contract-administration\">Vertragsverwaltung<\/a><br \/>\n<a href=\"https:\/\/www.shm.software\/de\/user-profiles\">Benutzer<\/a><\/p>\n<\/div>\n<div class=\"col-lg-4 col-md-6\">\n<h4>Skalierbarkeit<\/h4>\n<p><a href=\"https:\/\/www.shm.software\/de\/facility-integration\">Einrichtungsintegration<\/a><br \/>\n<a href=\"https:\/\/www.shm.software\/de\/multi-language-feature\">Mehrsprachig<\/a><br \/>\n<a href=\"https:\/\/www.shm.software\/de\/relocation-management\">Relocation-Management<\/a><br \/>\n<a href=\"https:\/\/www.shm.software\/de\/shm-database\">SHM-Datenbasis<\/a><\/p>\n<\/div>\n<div class=\"col-lg-4 col-md-6\">\n<h4>Komfortable Nutzung<\/h4>\n<p><a href=\"https:\/\/www.shm.software\/de\/customisation\">Anpassung<\/a><br \/>\n<a href=\"https:\/\/www.shm.software\/de\/mobile-application\">Mobile Anwendung<\/a><br \/>\n<a href=\"https:\/\/www.shm.software\/de\/offline-mode\">Offline-Modus<\/a><br \/>\n<a href=\"https:\/\/www.shm.software\/de\/bulk-upload\">Bulk-Upload<\/a><\/p>\n<\/div>\n<\/div>\n<\/div>\n<\/div>\n<div class=\"section-lightgrey\">\n<div class=\"container\">\n<div class=\"row align-items-center\">\n<div class=\"col-lg-6\">\n<h3>Aber was verstehen wir unter Medizintechnik-Wartung?<\/h3>\n<p>In der Praxis unterscheidet man zwischen geplanter pr\u00e4ventiver\/vorbeugender Wartung, vorausschauende Wartung und korrektiver Wartung:<\/p>\n<p>Geplante pr\u00e4ventive Wartung <em>(im Englischen: Planned Preventive Maintenance &#8211; PPM)<\/em> in Gesundheitseinrichtungen bezieht sich auf proaktive Wartungsaktivit\u00e4ten f\u00fcr alle Anlagen. Dazu geh\u00f6ren die Planung und Durchf\u00fchrung von Routineaufgaben in festgelegten Intervallen. Die Erstellung von p\u00e4ventiven Wartungspl\u00e4nen sollte f\u00fcr jede Anlage individuell erfolgen.<\/p>\n<p>Obwohl die vorausschauende Wartung <em>(im Englischen: Predictive Maintenance &#8211; PM)<\/em> \u00c4hnlichkeiten mit der geplanten pr\u00e4ventiven Wartung aufweist, handelt es sich bei ihr nicht um das gleiche Verfahren. Bei der vorausschauenden Wartung handelt es sich um einen systematischen Prozess der regelm\u00e4\u00dfigen \u00dcberpr\u00fcfung und Bewertung von Krankenhauseinrichtungen. Ziel ist es, Probleme mit der Ausr\u00fcstung zu erkennen, bevor sie sich negativ auf die Funktionalit\u00e4t auswirken. Sie umfasst visuelle Inspektionen, Funktionstests und grundlegende Bewertungen, mit denen Probleme fr\u00fchzeitig erkannt werden k\u00f6nnen. Beispielsweise kann ein abnehmender Druckaufbau bei Infusionspumpen auf einen zeitnahen Defekt hindeuten. Um dies zu verhindern, wird unabh\u00e4ngig von der geplanten pr\u00e4ventiven Wartung, eine zus\u00e4tzliche vorausschauende Wartung durchgef\u00fchrt.<\/p>\n<p>Letztlich bezieht sich die korrektive Wartung <em>(im Englischen: Corrective Maintenance &#8211; CM)<\/em> auf die Behebung von Ger\u00e4teausf\u00e4llen und anderen unerwarteten Betriebsst\u00f6rungen. Sie umfasst die Ma\u00dfnahmen, die erforderlich sind, um die Funktionen der Anlage aufrechtzuerhalten und sie f\u00fcr die Gesundheitseinrichtung in vollem Umfang einsatzbereit und verf\u00fcgbar zu machen. Ein entscheidenes Merkal zur Abgrenzung der anderen Wartungsmodi ist, dass diese Wartung Reaktiv ausgef\u00fchrt wird, w\u00e4hrend die pr\u00e4ventive und vorausschauende Wartung Proaktiv ausgef\u00fchrt wird.<\/p>\n<\/div>\n<div class=\"col-lg-6\"><img decoding=\"async\" class=\"img-fluid d-block mx-auto\" src=\"https:\/\/www.shm.software\/de\/wp-content\/uploads\/2023\/09\/SHM_Scalability_Facility-Integration.jpg\" alt=\"maintenance of medical technology\" \/><\/div>\n<\/div>\n<\/div>\n<\/div>\n<div class=\"section-white\">\n<div class=\"container\">\n<div class=\"row\">\n<div class=\"col-lg-12 text-center\">\n<h4>Sind Sie daran interessiert, mehr \u00fcber die Wartung und das Management von Medizintechnik zu erfahren?<br \/>\nAktuelle Fachartikel finden Sie in unserem Blog!<\/h4>\n<div><a class=\"btn btn-primary mt-3\" href=\"https:\/\/www.shm.software\/de\/contact-us\">Blog lesen<\/a><\/div>\n<\/div>\n<\/div>\n<\/div>\n<\/div>\n<div class=\"section-primary\">\n<div class=\"container\">\n<div class=\"row\">\n<div class=\"col-lg-12 text-center\">\n<h4>Planen Sie, Smart Hospital Maintenance einzusetzen, um medizinische Ger\u00e4te zu warten?<br \/>\nBuchen Sie noch heute Ihre Demo mit einem unserer Experten f\u00fcr weitere Informationen!<\/h4>\n<div><a class=\"btn btn-primary mt-3\" href=\"https:\/\/www.shm.software\/de\/contact-us\">Buchen Sie eine Demo<\/a><\/div>\n<\/div>\n<\/div>\n<\/div>\n<\/div>\n","protected":false},"excerpt":{"rendered":"<p>Instandhaltung medizinischer Ger\u00e4te Wussten Sie, dass durchschnittlich 38,3%* der Krankenhausausr\u00fcstung in Entwicklungsl\u00e4ndern nicht funktionst\u00fcchtig sind? Die Wartung medizinischer Ger\u00e4te wird in vielen Teilen der Welt leider weiter vernachl\u00e4ssigt. Auch die Digitalisierung der Gesundheitsversorgung ist in vielen L\u00e4ndern ausbauf\u00e4hig. Studien zeigen, dass eine professionelle Wartung von Ger\u00e4ten im Gesundheitswesen zu einer besseren Verf\u00fcgbarkeit und einer Verl\u00e4ngerung [&#8230;]<\/p>\n<p><a class=\"btn btn-secondary understrap-read-more-link\" href=\"https:\/\/www.shm.software\/de\/medical-equipment-maintenance\">Weiterlesen&#8230;<\/a><\/p>\n","protected":false},"author":1,"featured_media":0,"parent":0,"menu_order":0,"comment_status":"closed","ping_status":"closed","template":"page-templates\/empty.php","meta":{"footnotes":""},"class_list":["post-622","page","type-page","status-publish","hentry"],"yoast_head":"<!-- This site is optimized with the Yoast SEO plugin v26.8 - https:\/\/yoast.com\/product\/yoast-seo-wordpress\/ -->\n<title>Instandhaltung Medizintechnik - SMART HOSPITAL MAINTENANCE<\/title>\n<meta name=\"robots\" content=\"index, follow, max-snippet:-1, max-image-preview:large, max-video-preview:-1\" \/>\n<link rel=\"canonical\" href=\"https:\/\/www.shm.software\/de\/medical-equipment-maintenance\" \/>\n<meta property=\"og:locale\" content=\"de_DE\" \/>\n<meta property=\"og:type\" content=\"article\" \/>\n<meta property=\"og:title\" content=\"Instandhaltung Medizintechnik - SMART HOSPITAL MAINTENANCE\" \/>\n<meta property=\"og:description\" content=\"Instandhaltung medizinischer Ger\u00e4te Wussten Sie, dass durchschnittlich 38,3%* der Krankenhausausr\u00fcstung in Entwicklungsl\u00e4ndern nicht funktionst\u00fcchtig sind? Die Wartung medizinischer Ger\u00e4te wird in vielen Teilen der Welt leider weiter vernachl\u00e4ssigt. Auch die Digitalisierung der Gesundheitsversorgung ist in vielen L\u00e4ndern ausbauf\u00e4hig. Studien zeigen, dass eine professionelle Wartung von Ger\u00e4ten im Gesundheitswesen zu einer besseren Verf\u00fcgbarkeit und einer Verl\u00e4ngerung [...]Weiterlesen...\" \/>\n<meta property=\"og:url\" content=\"https:\/\/www.shm.software\/de\/medical-equipment-maintenance\" \/>\n<meta property=\"og:site_name\" content=\"SMART HOSPITAL MAINTENANCE\" \/>\n<meta property=\"article:modified_time\" content=\"2025-05-28T10:37:37+00:00\" \/>\n<meta property=\"og:image\" content=\"https:\/\/www.shm.software\/de\/wp-content\/uploads\/2023\/08\/theatre-hospital.jpg\" \/>\n<meta name=\"twitter:card\" content=\"summary_large_image\" \/>\n<meta name=\"twitter:label1\" content=\"Gesch\u00e4tzte Lesezeit\" \/>\n\t<meta name=\"twitter:data1\" content=\"5\u00a0Minuten\" \/>\n<script type=\"application\/ld+json\" class=\"yoast-schema-graph\">{\"@context\":\"https:\/\/schema.org\",\"@graph\":[{\"@type\":\"WebPage\",\"@id\":\"https:\/\/www.shm.software\/de\/medical-equipment-maintenance\",\"url\":\"https:\/\/www.shm.software\/de\/medical-equipment-maintenance\",\"name\":\"Instandhaltung Medizintechnik - SMART HOSPITAL MAINTENANCE\",\"isPartOf\":{\"@id\":\"https:\/\/www.shm.software\/de\/#website\"},\"primaryImageOfPage\":{\"@id\":\"https:\/\/www.shm.software\/de\/medical-equipment-maintenance#primaryimage\"},\"image\":{\"@id\":\"https:\/\/www.shm.software\/de\/medical-equipment-maintenance#primaryimage\"},\"thumbnailUrl\":\"https:\/\/www.shm.software\/de\/wp-content\/uploads\/2023\/08\/theatre-hospital.jpg\",\"datePublished\":\"2023-11-22T09:07:43+00:00\",\"dateModified\":\"2025-05-28T10:37:37+00:00\",\"breadcrumb\":{\"@id\":\"https:\/\/www.shm.software\/de\/medical-equipment-maintenance#breadcrumb\"},\"inLanguage\":\"de\",\"potentialAction\":[{\"@type\":\"ReadAction\",\"target\":[\"https:\/\/www.shm.software\/de\/medical-equipment-maintenance\"]}]},{\"@type\":\"ImageObject\",\"inLanguage\":\"de\",\"@id\":\"https:\/\/www.shm.software\/de\/medical-equipment-maintenance#primaryimage\",\"url\":\"https:\/\/www.shm.software\/de\/wp-content\/uploads\/2023\/08\/theatre-hospital.jpg\",\"contentUrl\":\"https:\/\/www.shm.software\/de\/wp-content\/uploads\/2023\/08\/theatre-hospital.jpg\",\"width\":900,\"height\":600,\"caption\":\"theatre-hospital\"},{\"@type\":\"BreadcrumbList\",\"@id\":\"https:\/\/www.shm.software\/de\/medical-equipment-maintenance#breadcrumb\",\"itemListElement\":[{\"@type\":\"ListItem\",\"position\":1,\"name\":\"Startseite\",\"item\":\"https:\/\/www.shm.software\/de\/\"},{\"@type\":\"ListItem\",\"position\":2,\"name\":\"Instandhaltung Medizintechnik\"}]},{\"@type\":\"WebSite\",\"@id\":\"https:\/\/www.shm.software\/de\/#website\",\"url\":\"https:\/\/www.shm.software\/de\/\",\"name\":\"SMART HOSPITAL MAINTENANCE\",\"description\":\"\",\"potentialAction\":[{\"@type\":\"SearchAction\",\"target\":{\"@type\":\"EntryPoint\",\"urlTemplate\":\"https:\/\/www.shm.software\/de\/?s={search_term_string}\"},\"query-input\":{\"@type\":\"PropertyValueSpecification\",\"valueRequired\":true,\"valueName\":\"search_term_string\"}}],\"inLanguage\":\"de\"}]}<\/script>\n<!-- \/ Yoast SEO plugin. -->","yoast_head_json":{"title":"Instandhaltung Medizintechnik - SMART HOSPITAL MAINTENANCE","robots":{"index":"index","follow":"follow","max-snippet":"max-snippet:-1","max-image-preview":"max-image-preview:large","max-video-preview":"max-video-preview:-1"},"canonical":"https:\/\/www.shm.software\/de\/medical-equipment-maintenance","og_locale":"de_DE","og_type":"article","og_title":"Instandhaltung Medizintechnik - SMART HOSPITAL MAINTENANCE","og_description":"Instandhaltung medizinischer Ger\u00e4te Wussten Sie, dass durchschnittlich 38,3%* der Krankenhausausr\u00fcstung in Entwicklungsl\u00e4ndern nicht funktionst\u00fcchtig sind? Die Wartung medizinischer Ger\u00e4te wird in vielen Teilen der Welt leider weiter vernachl\u00e4ssigt. Auch die Digitalisierung der Gesundheitsversorgung ist in vielen L\u00e4ndern ausbauf\u00e4hig. Studien zeigen, dass eine professionelle Wartung von Ger\u00e4ten im Gesundheitswesen zu einer besseren Verf\u00fcgbarkeit und einer Verl\u00e4ngerung [...]Weiterlesen...","og_url":"https:\/\/www.shm.software\/de\/medical-equipment-maintenance","og_site_name":"SMART HOSPITAL MAINTENANCE","article_modified_time":"2025-05-28T10:37:37+00:00","og_image":[{"url":"https:\/\/www.shm.software\/de\/wp-content\/uploads\/2023\/08\/theatre-hospital.jpg","type":"","width":"","height":""}],"twitter_card":"summary_large_image","twitter_misc":{"Gesch\u00e4tzte Lesezeit":"5\u00a0Minuten"},"schema":{"@context":"https:\/\/schema.org","@graph":[{"@type":"WebPage","@id":"https:\/\/www.shm.software\/de\/medical-equipment-maintenance","url":"https:\/\/www.shm.software\/de\/medical-equipment-maintenance","name":"Instandhaltung Medizintechnik - SMART HOSPITAL MAINTENANCE","isPartOf":{"@id":"https:\/\/www.shm.software\/de\/#website"},"primaryImageOfPage":{"@id":"https:\/\/www.shm.software\/de\/medical-equipment-maintenance#primaryimage"},"image":{"@id":"https:\/\/www.shm.software\/de\/medical-equipment-maintenance#primaryimage"},"thumbnailUrl":"https:\/\/www.shm.software\/de\/wp-content\/uploads\/2023\/08\/theatre-hospital.jpg","datePublished":"2023-11-22T09:07:43+00:00","dateModified":"2025-05-28T10:37:37+00:00","breadcrumb":{"@id":"https:\/\/www.shm.software\/de\/medical-equipment-maintenance#breadcrumb"},"inLanguage":"de","potentialAction":[{"@type":"ReadAction","target":["https:\/\/www.shm.software\/de\/medical-equipment-maintenance"]}]},{"@type":"ImageObject","inLanguage":"de","@id":"https:\/\/www.shm.software\/de\/medical-equipment-maintenance#primaryimage","url":"https:\/\/www.shm.software\/de\/wp-content\/uploads\/2023\/08\/theatre-hospital.jpg","contentUrl":"https:\/\/www.shm.software\/de\/wp-content\/uploads\/2023\/08\/theatre-hospital.jpg","width":900,"height":600,"caption":"theatre-hospital"},{"@type":"BreadcrumbList","@id":"https:\/\/www.shm.software\/de\/medical-equipment-maintenance#breadcrumb","itemListElement":[{"@type":"ListItem","position":1,"name":"Startseite","item":"https:\/\/www.shm.software\/de\/"},{"@type":"ListItem","position":2,"name":"Instandhaltung Medizintechnik"}]},{"@type":"WebSite","@id":"https:\/\/www.shm.software\/de\/#website","url":"https:\/\/www.shm.software\/de\/","name":"SMART HOSPITAL MAINTENANCE","description":"","potentialAction":[{"@type":"SearchAction","target":{"@type":"EntryPoint","urlTemplate":"https:\/\/www.shm.software\/de\/?s={search_term_string}"},"query-input":{"@type":"PropertyValueSpecification","valueRequired":true,"valueName":"search_term_string"}}],"inLanguage":"de"}]}},"_links":{"self":[{"href":"https:\/\/www.shm.software\/de\/wp-json\/wp\/v2\/pages\/622","targetHints":{"allow":["GET"]}}],"collection":[{"href":"https:\/\/www.shm.software\/de\/wp-json\/wp\/v2\/pages"}],"about":[{"href":"https:\/\/www.shm.software\/de\/wp-json\/wp\/v2\/types\/page"}],"author":[{"embeddable":true,"href":"https:\/\/www.shm.software\/de\/wp-json\/wp\/v2\/users\/1"}],"replies":[{"embeddable":true,"href":"https:\/\/www.shm.software\/de\/wp-json\/wp\/v2\/comments?post=622"}],"version-history":[{"count":12,"href":"https:\/\/www.shm.software\/de\/wp-json\/wp\/v2\/pages\/622\/revisions"}],"predecessor-version":[{"id":820,"href":"https:\/\/www.shm.software\/de\/wp-json\/wp\/v2\/pages\/622\/revisions\/820"}],"wp:attachment":[{"href":"https:\/\/www.shm.software\/de\/wp-json\/wp\/v2\/media?parent=622"}],"curies":[{"name":"wp","href":"https:\/\/api.w.org\/{rel}","templated":true}]}}