{"id":7,"date":"2023-08-04T10:24:03","date_gmt":"2023-08-04T10:24:03","guid":{"rendered":"https:\/\/www.shm.software\/de\/?page_id=7"},"modified":"2025-05-28T10:59:30","modified_gmt":"2025-05-28T10:59:30","slug":"about-us","status":"publish","type":"page","link":"https:\/\/www.shm.software\/de\/about-us","title":{"rendered":"\u00dcber uns"},"content":{"rendered":"<div class=\"about-bg\"><\/div>\n<p id=\"breadcrumbs\"><span><span><a href=\"https:\/\/www.shm.software\/de\/\">Startseite<\/a><\/span><\/span><\/p>\n<div class=\"section-white\">\n<div class=\"container\">\n<div class=\"row align-items-center\">\n<div class=\"col-md-6 order-md-2\">\n<h1 class=\"h3\">\u00dcber uns<\/h1>\n<p>Smart Hospital Maintenance wurde in Hamburg von erfahrenen Unternehmen des Gesundheitswesens und Branchenexperten aus aller Welt mit dem Ziel entwickelt, die Instandhaltung von Krankenh\u00e4usern grundlegend zu ver\u00e4ndern.<\/p>\n<p>Das Projekt der Krankenhaus-Instandhaltungssoftware wird von Herrn Herbert Pohl geleitet, einem erfahrenen Medizintechniker mit mehr als 40 Jahren internationaler Erfahrung in der Verwaltung und Wartung von Krankenhausger\u00e4ten. Gemeinsam mit dem Entwicklungsteam wurden die unterschiedlichen Bed\u00fcrfnisse und Anforderungen der verschiedenen Nutzergruppen identifiziert und sorgf\u00e4ltig in Smart Hospital Maintenance integriert.<\/p>\n<p>W\u00e4hrend des gesamten Entwicklungsprozesses waren Gesundheitseinrichtungen aus ganz Deutschland und weltweit beteiligt, sodass Smart Hospital Maintenance ausgiebig getestet und auch von der Industrie als zuverl\u00e4ssige Softwarel\u00f6sung f\u00fcr die Wartung medizinischer Ger\u00e4te anerkannt wurde.<\/p>\n<\/div>\n<div class=\"col-md-6 order-md-1\"><img decoding=\"async\" class=\"img-fluid d-block mx-auto\" src=\"https:\/\/www.shm.software\/de\/wp-content\/uploads\/2023\/08\/Nana-Kay-Enger.jpg\" alt=\"Smart Hospital Maintenance\" \/><\/div>\n<\/div>\n<\/div>\n<\/div>\n<div class=\"section-white\">\n<div class=\"container\">\n<div class=\"row align-items-center\">\n<div class=\"col-md-6\">\n<h3>SMART HOSPITAL MAINTENANCE<\/h3>\n<p>Die umfassende Einbeziehung von Branchenexperten und Krankenhauspersonal von Anfang an macht Smart Hospital Maintenance zu einem herausragenden computergest\u00fctzten Instandhaltungsmanagementsystem (CIMS) f\u00fcr Krankenh\u00e4user und alle Arten von Gesundheitseinrichtungen und deren jeweiligen Anlagen, einschlie\u00dflich medizinischer und nicht-medizinischer Ger\u00e4te. Das CIMS f\u00fcr das Gesundheitswesen erf\u00fcllt in vollem Umfang die Erwartungen der verschiedenen Benutzergruppen wie Krankenhausdirektoren, Verwaltungsmitarbeiter, Medizintechniker, Ger\u00e4temanager, Krankenschwestern, \u00c4rzte und anderes klinisches und nicht-klinisches Personal. Dank des ganzheitlichen Ansatzes ist die Software die erste Wahl f\u00fcr \u00f6ffentliche und private Einrichtungen, die f\u00fcr die Verwaltung, Leistung und \u00dcberwachung von Ger\u00e4ten in ihren verschiedenen Verantwortungs- und Zust\u00e4ndigkeitsbereichen verantwortlich sind.<\/p>\n<p>M\u00f6chten Sie mehr \u00fcber Smart Hospital Maintenance erfahren und wie unsere Software Ihr Anlagenmanagement im Gesundheitswesen verbessern kann? Klicken Sie <a href=\"https:\/\/www.shm.software\/de\/smart-hospital-maintenance\">hier<\/a>, um weitere Informationen \u00fcber die verf\u00fcgbaren Module und Funktionen zu erhalten.<\/p>\n<\/div>\n<div class=\"col-md-6\"><img decoding=\"async\" class=\"img-fluid d-block mx-auto\" src=\"https:\/\/www.shm.software\/de\/wp-content\/uploads\/2023\/08\/theatre-hospital.jpg\" alt=\"Smart Hospital Maintenance\" \/><\/div>\n<\/div>\n<\/div>\n<\/div>\n<div class=\"hp-testi\">\n<div class=\"container\">\n<div class=\"row\">\n<div class=\"col-lg-6 mx-auto text-center\">\n<h2 class=\"h3\">Erfahren Sie mehr \u00fcber<br \/>\nSmart Hospital Maintenance<\/h2>\n<div class=\"embed-responsive embed-responsive-16by9\"><iframe class=\"embed-responsive-item\" title=\"YouTube video player\" src=\"https:\/\/www.youtube.com\/embed\/diPhmr_HlEY?si=v36Vey3CoEXRsjRl\" allowfullscreen=\"allowfullscreen\"><\/iframe><\/div>\n<\/div>\n<p><!--\n\n\n<div class=\"col-lg-6 text-center\">\n\n\n<h2>Testimonial<\/h2>\n\n\n[sp_testimonial id=\"30\"]<\/div>\n\n\n--><\/p>\n<\/div>\n<\/div>\n<\/div>\n","protected":false},"excerpt":{"rendered":"<p>\u00dcber uns Smart Hospital Maintenance wurde in Hamburg von erfahrenen Unternehmen des Gesundheitswesens und Branchenexperten aus aller Welt mit dem Ziel entwickelt, die Instandhaltung von Krankenh\u00e4usern grundlegend zu ver\u00e4ndern. Das Projekt der Krankenhaus-Instandhaltungssoftware wird von Herrn Herbert Pohl geleitet, einem erfahrenen Medizintechniker mit mehr als 40 Jahren internationaler Erfahrung in der Verwaltung und Wartung von [&#8230;]<\/p>\n<p><a class=\"btn btn-secondary understrap-read-more-link\" href=\"https:\/\/www.shm.software\/de\/about-us\">Weiterlesen&#8230;<\/a><\/p>\n","protected":false},"author":1,"featured_media":0,"parent":0,"menu_order":0,"comment_status":"closed","ping_status":"closed","template":"page-templates\/empty.php","meta":{"footnotes":""},"class_list":["post-7","page","type-page","status-publish","hentry"],"yoast_head":"<!-- This site is optimized with the Yoast SEO plugin v26.8 - https:\/\/yoast.com\/product\/yoast-seo-wordpress\/ -->\n<title>\u00dcber uns - SMART HOSPITAL MAINTENANCE<\/title>\n<meta name=\"robots\" content=\"index, follow, max-snippet:-1, max-image-preview:large, max-video-preview:-1\" \/>\n<link rel=\"canonical\" href=\"https:\/\/www.shm.software\/de\/about-us\" \/>\n<meta property=\"og:locale\" content=\"de_DE\" \/>\n<meta property=\"og:type\" content=\"article\" \/>\n<meta property=\"og:title\" content=\"\u00dcber uns - SMART HOSPITAL MAINTENANCE\" \/>\n<meta property=\"og:description\" content=\"\u00dcber uns Smart Hospital Maintenance wurde in Hamburg von erfahrenen Unternehmen des Gesundheitswesens und Branchenexperten aus aller Welt mit dem Ziel entwickelt, die Instandhaltung von Krankenh\u00e4usern grundlegend zu ver\u00e4ndern. Das Projekt der Krankenhaus-Instandhaltungssoftware wird von Herrn Herbert Pohl geleitet, einem erfahrenen Medizintechniker mit mehr als 40 Jahren internationaler Erfahrung in der Verwaltung und Wartung von [...]Weiterlesen...\" \/>\n<meta property=\"og:url\" content=\"https:\/\/www.shm.software\/de\/about-us\" \/>\n<meta property=\"og:site_name\" content=\"SMART HOSPITAL MAINTENANCE\" \/>\n<meta property=\"article:modified_time\" content=\"2025-05-28T10:59:30+00:00\" \/>\n<meta property=\"og:image\" content=\"https:\/\/www.shm.software\/de\/wp-content\/uploads\/2023\/08\/Nana-Kay-Enger.jpg\" \/>\n<meta name=\"twitter:card\" content=\"summary_large_image\" \/>\n<meta name=\"twitter:label1\" content=\"Gesch\u00e4tzte Lesezeit\" \/>\n\t<meta name=\"twitter:data1\" content=\"2\u00a0Minuten\" \/>\n<script type=\"application\/ld+json\" class=\"yoast-schema-graph\">{\"@context\":\"https:\/\/schema.org\",\"@graph\":[{\"@type\":\"WebPage\",\"@id\":\"https:\/\/www.shm.software\/de\/about-us\",\"url\":\"https:\/\/www.shm.software\/de\/about-us\",\"name\":\"\u00dcber uns - SMART HOSPITAL MAINTENANCE\",\"isPartOf\":{\"@id\":\"https:\/\/www.shm.software\/de\/#website\"},\"primaryImageOfPage\":{\"@id\":\"https:\/\/www.shm.software\/de\/about-us#primaryimage\"},\"image\":{\"@id\":\"https:\/\/www.shm.software\/de\/about-us#primaryimage\"},\"thumbnailUrl\":\"https:\/\/www.shm.software\/de\/wp-content\/uploads\/2023\/08\/Nana-Kay-Enger.jpg\",\"datePublished\":\"2023-08-04T10:24:03+00:00\",\"dateModified\":\"2025-05-28T10:59:30+00:00\",\"breadcrumb\":{\"@id\":\"https:\/\/www.shm.software\/de\/about-us#breadcrumb\"},\"inLanguage\":\"de\",\"potentialAction\":[{\"@type\":\"ReadAction\",\"target\":[\"https:\/\/www.shm.software\/de\/about-us\"]}]},{\"@type\":\"ImageObject\",\"inLanguage\":\"de\",\"@id\":\"https:\/\/www.shm.software\/de\/about-us#primaryimage\",\"url\":\"https:\/\/www.shm.software\/de\/wp-content\/uploads\/2023\/08\/Nana-Kay-Enger.jpg\",\"contentUrl\":\"https:\/\/www.shm.software\/de\/wp-content\/uploads\/2023\/08\/Nana-Kay-Enger.jpg\",\"width\":900,\"height\":600,\"caption\":\"Nana Kay Enger\"},{\"@type\":\"BreadcrumbList\",\"@id\":\"https:\/\/www.shm.software\/de\/about-us#breadcrumb\",\"itemListElement\":[{\"@type\":\"ListItem\",\"position\":1,\"name\":\"Startseite\",\"item\":\"https:\/\/www.shm.software\/de\/\"},{\"@type\":\"ListItem\",\"position\":2,\"name\":\"\u00dcber uns\"}]},{\"@type\":\"WebSite\",\"@id\":\"https:\/\/www.shm.software\/de\/#website\",\"url\":\"https:\/\/www.shm.software\/de\/\",\"name\":\"SMART HOSPITAL MAINTENANCE\",\"description\":\"\",\"potentialAction\":[{\"@type\":\"SearchAction\",\"target\":{\"@type\":\"EntryPoint\",\"urlTemplate\":\"https:\/\/www.shm.software\/de\/?s={search_term_string}\"},\"query-input\":{\"@type\":\"PropertyValueSpecification\",\"valueRequired\":true,\"valueName\":\"search_term_string\"}}],\"inLanguage\":\"de\"}]}<\/script>\n<!-- \/ Yoast SEO plugin. -->","yoast_head_json":{"title":"\u00dcber uns - SMART HOSPITAL MAINTENANCE","robots":{"index":"index","follow":"follow","max-snippet":"max-snippet:-1","max-image-preview":"max-image-preview:large","max-video-preview":"max-video-preview:-1"},"canonical":"https:\/\/www.shm.software\/de\/about-us","og_locale":"de_DE","og_type":"article","og_title":"\u00dcber uns - SMART HOSPITAL MAINTENANCE","og_description":"\u00dcber uns Smart Hospital Maintenance wurde in Hamburg von erfahrenen Unternehmen des Gesundheitswesens und Branchenexperten aus aller Welt mit dem Ziel entwickelt, die Instandhaltung von Krankenh\u00e4usern grundlegend zu ver\u00e4ndern. Das Projekt der Krankenhaus-Instandhaltungssoftware wird von Herrn Herbert Pohl geleitet, einem erfahrenen Medizintechniker mit mehr als 40 Jahren internationaler Erfahrung in der Verwaltung und Wartung von [...]Weiterlesen...","og_url":"https:\/\/www.shm.software\/de\/about-us","og_site_name":"SMART HOSPITAL MAINTENANCE","article_modified_time":"2025-05-28T10:59:30+00:00","og_image":[{"url":"https:\/\/www.shm.software\/de\/wp-content\/uploads\/2023\/08\/Nana-Kay-Enger.jpg","type":"","width":"","height":""}],"twitter_card":"summary_large_image","twitter_misc":{"Gesch\u00e4tzte Lesezeit":"2\u00a0Minuten"},"schema":{"@context":"https:\/\/schema.org","@graph":[{"@type":"WebPage","@id":"https:\/\/www.shm.software\/de\/about-us","url":"https:\/\/www.shm.software\/de\/about-us","name":"\u00dcber uns - SMART HOSPITAL MAINTENANCE","isPartOf":{"@id":"https:\/\/www.shm.software\/de\/#website"},"primaryImageOfPage":{"@id":"https:\/\/www.shm.software\/de\/about-us#primaryimage"},"image":{"@id":"https:\/\/www.shm.software\/de\/about-us#primaryimage"},"thumbnailUrl":"https:\/\/www.shm.software\/de\/wp-content\/uploads\/2023\/08\/Nana-Kay-Enger.jpg","datePublished":"2023-08-04T10:24:03+00:00","dateModified":"2025-05-28T10:59:30+00:00","breadcrumb":{"@id":"https:\/\/www.shm.software\/de\/about-us#breadcrumb"},"inLanguage":"de","potentialAction":[{"@type":"ReadAction","target":["https:\/\/www.shm.software\/de\/about-us"]}]},{"@type":"ImageObject","inLanguage":"de","@id":"https:\/\/www.shm.software\/de\/about-us#primaryimage","url":"https:\/\/www.shm.software\/de\/wp-content\/uploads\/2023\/08\/Nana-Kay-Enger.jpg","contentUrl":"https:\/\/www.shm.software\/de\/wp-content\/uploads\/2023\/08\/Nana-Kay-Enger.jpg","width":900,"height":600,"caption":"Nana Kay Enger"},{"@type":"BreadcrumbList","@id":"https:\/\/www.shm.software\/de\/about-us#breadcrumb","itemListElement":[{"@type":"ListItem","position":1,"name":"Startseite","item":"https:\/\/www.shm.software\/de\/"},{"@type":"ListItem","position":2,"name":"\u00dcber uns"}]},{"@type":"WebSite","@id":"https:\/\/www.shm.software\/de\/#website","url":"https:\/\/www.shm.software\/de\/","name":"SMART HOSPITAL MAINTENANCE","description":"","potentialAction":[{"@type":"SearchAction","target":{"@type":"EntryPoint","urlTemplate":"https:\/\/www.shm.software\/de\/?s={search_term_string}"},"query-input":{"@type":"PropertyValueSpecification","valueRequired":true,"valueName":"search_term_string"}}],"inLanguage":"de"}]}},"_links":{"self":[{"href":"https:\/\/www.shm.software\/de\/wp-json\/wp\/v2\/pages\/7","targetHints":{"allow":["GET"]}}],"collection":[{"href":"https:\/\/www.shm.software\/de\/wp-json\/wp\/v2\/pages"}],"about":[{"href":"https:\/\/www.shm.software\/de\/wp-json\/wp\/v2\/types\/page"}],"author":[{"embeddable":true,"href":"https:\/\/www.shm.software\/de\/wp-json\/wp\/v2\/users\/1"}],"replies":[{"embeddable":true,"href":"https:\/\/www.shm.software\/de\/wp-json\/wp\/v2\/comments?post=7"}],"version-history":[{"count":29,"href":"https:\/\/www.shm.software\/de\/wp-json\/wp\/v2\/pages\/7\/revisions"}],"predecessor-version":[{"id":832,"href":"https:\/\/www.shm.software\/de\/wp-json\/wp\/v2\/pages\/7\/revisions\/832"}],"wp:attachment":[{"href":"https:\/\/www.shm.software\/de\/wp-json\/wp\/v2\/media?parent=7"}],"curies":[{"name":"wp","href":"https:\/\/api.w.org\/{rel}","templated":true}]}}