{"id":79,"date":"2023-08-16T05:51:20","date_gmt":"2023-08-16T05:51:20","guid":{"rendered":"https:\/\/www.shm.software\/de\/?page_id=79"},"modified":"2024-02-24T04:31:12","modified_gmt":"2024-02-24T04:31:12","slug":"danke","status":"publish","type":"page","link":"https:\/\/www.shm.software\/de\/danke","title":{"rendered":"Danke"},"content":{"rendered":"<p id=\"breadcrumbs\"><span><span><a href=\"https:\/\/www.shm.software\/de\/\">Startseite<\/a><\/span><\/span><\/p>\n<div class=\"section-white\">\n<div class=\"container\">\n<div class=\"row\">\n<div class=\"col-md-12 text-center\">\n<h1 class=\"d-none\">Danke<\/h1>\n<p><img decoding=\"async\" src=\"https:\/\/www.shm.software\/de\/wp-content\/uploads\/2024\/02\/danke-img.jpg\" class=\"img-fluid d-block mx-auto\" alt=\"Danke\"><\/p>\n<p>Vielen Dank f\u00fcr Ihre Anfrage.<\/p>\n<p>Wir sch\u00e4tzen Ihr Interesse und werden uns schnellstm\u00f6glich bei Ihnen melden.<\/p>\n<p>Sollten Sie in der Zwischenzeit Fragen haben, k\u00f6nnen Sie uns gerne jederzeit unter <a href=\"tel:40232050020\" style=\"color:inherit;\">+49 (0) 40 2320 500 20<\/a> kontaktieren.<\/p>\n<\/div>\n<\/div>\n<\/div>\n<\/div>\n","protected":false},"excerpt":{"rendered":"<p>Danke Vielen Dank f\u00fcr Ihre Anfrage. Wir sch\u00e4tzen Ihr Interesse und werden uns schnellstm\u00f6glich bei Ihnen melden. Sollten Sie in der Zwischenzeit Fragen haben, k\u00f6nnen Sie uns gerne jederzeit unter +49 (0) 40 2320 500 20 kontaktieren. [&#8230;]<\/p>\n<p><a class=\"btn btn-secondary understrap-read-more-link\" href=\"https:\/\/www.shm.software\/de\/danke\">Weiterlesen&#8230;<\/a><\/p>\n","protected":false},"author":1,"featured_media":0,"parent":0,"menu_order":0,"comment_status":"closed","ping_status":"closed","template":"page-templates\/empty.php","meta":{"footnotes":""},"class_list":["post-79","page","type-page","status-publish","hentry"],"yoast_head":"<!-- This site is optimized with the Yoast SEO plugin v26.8 - https:\/\/yoast.com\/product\/yoast-seo-wordpress\/ -->\n<title>Danke - SMART HOSPITAL MAINTENANCE<\/title>\n<meta name=\"robots\" content=\"index, follow, max-snippet:-1, max-image-preview:large, max-video-preview:-1\" \/>\n<link rel=\"canonical\" href=\"https:\/\/www.shm.software\/de\/danke\" \/>\n<meta property=\"og:locale\" content=\"de_DE\" \/>\n<meta property=\"og:type\" content=\"article\" \/>\n<meta property=\"og:title\" content=\"Danke - SMART HOSPITAL MAINTENANCE\" \/>\n<meta property=\"og:description\" content=\"Danke Vielen Dank f\u00fcr Ihre Anfrage. Wir sch\u00e4tzen Ihr Interesse und werden uns schnellstm\u00f6glich bei Ihnen melden. Sollten Sie in der Zwischenzeit Fragen haben, k\u00f6nnen Sie uns gerne jederzeit unter +49 (0) 40 2320 500 20 kontaktieren. [...]Weiterlesen...\" \/>\n<meta property=\"og:url\" content=\"https:\/\/www.shm.software\/de\/danke\" \/>\n<meta property=\"og:site_name\" content=\"SMART HOSPITAL MAINTENANCE\" \/>\n<meta property=\"article:modified_time\" content=\"2024-02-24T04:31:12+00:00\" \/>\n<meta property=\"og:image\" content=\"https:\/\/www.shm.software\/de\/wp-content\/uploads\/2024\/02\/danke-img.jpg\" \/>\n<meta name=\"twitter:card\" content=\"summary_large_image\" \/>\n<meta name=\"twitter:label1\" content=\"Gesch\u00e4tzte Lesezeit\" \/>\n\t<meta name=\"twitter:data1\" content=\"1\u00a0Minute\" \/>\n<script type=\"application\/ld+json\" class=\"yoast-schema-graph\">{\"@context\":\"https:\/\/schema.org\",\"@graph\":[{\"@type\":\"WebPage\",\"@id\":\"https:\/\/www.shm.software\/de\/danke\",\"url\":\"https:\/\/www.shm.software\/de\/danke\",\"name\":\"Danke - SMART HOSPITAL MAINTENANCE\",\"isPartOf\":{\"@id\":\"https:\/\/www.shm.software\/de\/#website\"},\"primaryImageOfPage\":{\"@id\":\"https:\/\/www.shm.software\/de\/danke#primaryimage\"},\"image\":{\"@id\":\"https:\/\/www.shm.software\/de\/danke#primaryimage\"},\"thumbnailUrl\":\"https:\/\/www.shm.software\/de\/wp-content\/uploads\/2024\/02\/danke-img.jpg\",\"datePublished\":\"2023-08-16T05:51:20+00:00\",\"dateModified\":\"2024-02-24T04:31:12+00:00\",\"breadcrumb\":{\"@id\":\"https:\/\/www.shm.software\/de\/danke#breadcrumb\"},\"inLanguage\":\"de\",\"potentialAction\":[{\"@type\":\"ReadAction\",\"target\":[\"https:\/\/www.shm.software\/de\/danke\"]}]},{\"@type\":\"ImageObject\",\"inLanguage\":\"de\",\"@id\":\"https:\/\/www.shm.software\/de\/danke#primaryimage\",\"url\":\"https:\/\/www.shm.software\/de\/wp-content\/uploads\/2024\/02\/danke-img.jpg\",\"contentUrl\":\"https:\/\/www.shm.software\/de\/wp-content\/uploads\/2024\/02\/danke-img.jpg\",\"width\":540,\"height\":367,\"caption\":\"danke\"},{\"@type\":\"BreadcrumbList\",\"@id\":\"https:\/\/www.shm.software\/de\/danke#breadcrumb\",\"itemListElement\":[{\"@type\":\"ListItem\",\"position\":1,\"name\":\"Startseite\",\"item\":\"https:\/\/www.shm.software\/de\/\"},{\"@type\":\"ListItem\",\"position\":2,\"name\":\"Danke\"}]},{\"@type\":\"WebSite\",\"@id\":\"https:\/\/www.shm.software\/de\/#website\",\"url\":\"https:\/\/www.shm.software\/de\/\",\"name\":\"SMART HOSPITAL MAINTENANCE\",\"description\":\"\",\"potentialAction\":[{\"@type\":\"SearchAction\",\"target\":{\"@type\":\"EntryPoint\",\"urlTemplate\":\"https:\/\/www.shm.software\/de\/?s={search_term_string}\"},\"query-input\":{\"@type\":\"PropertyValueSpecification\",\"valueRequired\":true,\"valueName\":\"search_term_string\"}}],\"inLanguage\":\"de\"}]}<\/script>\n<!-- \/ Yoast SEO plugin. -->","yoast_head_json":{"title":"Danke - SMART HOSPITAL MAINTENANCE","robots":{"index":"index","follow":"follow","max-snippet":"max-snippet:-1","max-image-preview":"max-image-preview:large","max-video-preview":"max-video-preview:-1"},"canonical":"https:\/\/www.shm.software\/de\/danke","og_locale":"de_DE","og_type":"article","og_title":"Danke - SMART HOSPITAL MAINTENANCE","og_description":"Danke Vielen Dank f\u00fcr Ihre Anfrage. Wir sch\u00e4tzen Ihr Interesse und werden uns schnellstm\u00f6glich bei Ihnen melden. Sollten Sie in der Zwischenzeit Fragen haben, k\u00f6nnen Sie uns gerne jederzeit unter +49 (0) 40 2320 500 20 kontaktieren. [...]Weiterlesen...","og_url":"https:\/\/www.shm.software\/de\/danke","og_site_name":"SMART HOSPITAL MAINTENANCE","article_modified_time":"2024-02-24T04:31:12+00:00","og_image":[{"url":"https:\/\/www.shm.software\/de\/wp-content\/uploads\/2024\/02\/danke-img.jpg","type":"","width":"","height":""}],"twitter_card":"summary_large_image","twitter_misc":{"Gesch\u00e4tzte Lesezeit":"1\u00a0Minute"},"schema":{"@context":"https:\/\/schema.org","@graph":[{"@type":"WebPage","@id":"https:\/\/www.shm.software\/de\/danke","url":"https:\/\/www.shm.software\/de\/danke","name":"Danke - SMART HOSPITAL MAINTENANCE","isPartOf":{"@id":"https:\/\/www.shm.software\/de\/#website"},"primaryImageOfPage":{"@id":"https:\/\/www.shm.software\/de\/danke#primaryimage"},"image":{"@id":"https:\/\/www.shm.software\/de\/danke#primaryimage"},"thumbnailUrl":"https:\/\/www.shm.software\/de\/wp-content\/uploads\/2024\/02\/danke-img.jpg","datePublished":"2023-08-16T05:51:20+00:00","dateModified":"2024-02-24T04:31:12+00:00","breadcrumb":{"@id":"https:\/\/www.shm.software\/de\/danke#breadcrumb"},"inLanguage":"de","potentialAction":[{"@type":"ReadAction","target":["https:\/\/www.shm.software\/de\/danke"]}]},{"@type":"ImageObject","inLanguage":"de","@id":"https:\/\/www.shm.software\/de\/danke#primaryimage","url":"https:\/\/www.shm.software\/de\/wp-content\/uploads\/2024\/02\/danke-img.jpg","contentUrl":"https:\/\/www.shm.software\/de\/wp-content\/uploads\/2024\/02\/danke-img.jpg","width":540,"height":367,"caption":"danke"},{"@type":"BreadcrumbList","@id":"https:\/\/www.shm.software\/de\/danke#breadcrumb","itemListElement":[{"@type":"ListItem","position":1,"name":"Startseite","item":"https:\/\/www.shm.software\/de\/"},{"@type":"ListItem","position":2,"name":"Danke"}]},{"@type":"WebSite","@id":"https:\/\/www.shm.software\/de\/#website","url":"https:\/\/www.shm.software\/de\/","name":"SMART HOSPITAL MAINTENANCE","description":"","potentialAction":[{"@type":"SearchAction","target":{"@type":"EntryPoint","urlTemplate":"https:\/\/www.shm.software\/de\/?s={search_term_string}"},"query-input":{"@type":"PropertyValueSpecification","valueRequired":true,"valueName":"search_term_string"}}],"inLanguage":"de"}]}},"_links":{"self":[{"href":"https:\/\/www.shm.software\/de\/wp-json\/wp\/v2\/pages\/79","targetHints":{"allow":["GET"]}}],"collection":[{"href":"https:\/\/www.shm.software\/de\/wp-json\/wp\/v2\/pages"}],"about":[{"href":"https:\/\/www.shm.software\/de\/wp-json\/wp\/v2\/types\/page"}],"author":[{"embeddable":true,"href":"https:\/\/www.shm.software\/de\/wp-json\/wp\/v2\/users\/1"}],"replies":[{"embeddable":true,"href":"https:\/\/www.shm.software\/de\/wp-json\/wp\/v2\/comments?post=79"}],"version-history":[{"count":8,"href":"https:\/\/www.shm.software\/de\/wp-json\/wp\/v2\/pages\/79\/revisions"}],"predecessor-version":[{"id":707,"href":"https:\/\/www.shm.software\/de\/wp-json\/wp\/v2\/pages\/79\/revisions\/707"}],"wp:attachment":[{"href":"https:\/\/www.shm.software\/de\/wp-json\/wp\/v2\/media?parent=79"}],"curies":[{"name":"wp","href":"https:\/\/api.w.org\/{rel}","templated":true}]}}