{"id":109,"date":"2023-08-24T05:06:02","date_gmt":"2023-08-24T05:06:02","guid":{"rendered":"https:\/\/www.shm.software\/fr\/?page_id=109"},"modified":"2023-11-03T04:29:45","modified_gmt":"2023-11-03T04:29:45","slug":"appointment","status":"publish","type":"page","link":"https:\/\/www.shm.software\/fr\/appointment","title":{"rendered":"Appointment"},"content":{"rendered":"<div class=\"appointment-bg\">\n<div class=\"container h-100\">\n<div class=\"row h-100 align-items-center\">\n<div class=\"col-md-8 mx-auto text-center\">\n<h1>Appointment<\/h1>\n<\/div>\n<\/div>\n<\/div>\n<\/div>\n<p id=\"breadcrumbs\"><span><span><a href=\"https:\/\/www.shm.software\/fr\/\">Accueil<\/a><\/span><\/span><\/p>\n<div class=\"section-white\">\n<div class=\"container\">\n<div class=\"row\">\n<div class=\"col-md-8 mx-auto text-center\">\n<p style=\"font-size:18px;\"><strong>Votre rendez-vous est maintenant confirm\u00e9. Nous attendons avec impatience l&rsquo;occasion de vous pr\u00e9senter le logiciel.<\/strong><\/p>\n<p style=\"font-size:18px;\">Si vous avez des questions avant la d\u00e9monstration pr\u00e9vue, n&rsquo;h\u00e9sitez pas \u00e0 nous contacter au  <a href=\"tel:49040232050020\">+49 (0) 40 2320 500 20<\/a>. Notre \u00e9quipe est pr\u00eate \u00e0 vous fournir une assistance imm\u00e9diate.<\/p>\n<\/div>\n<\/div>\n<\/div>\n<\/div>\n","protected":false},"excerpt":{"rendered":"<p>Appointment Votre rendez-vous est maintenant confirm\u00e9. Nous attendons avec impatience l&rsquo;occasion de vous pr\u00e9senter le logiciel. Si vous avez des questions avant la d\u00e9monstration pr\u00e9vue, n&rsquo;h\u00e9sitez pas \u00e0 nous contacter au +49 (0) 40 2320 500 20. Notre \u00e9quipe est pr\u00eate \u00e0 vous fournir une assistance imm\u00e9diate. [&#8230;]<\/p>\n<p><a class=\"btn btn-secondary understrap-read-more-link\" href=\"https:\/\/www.shm.software\/fr\/appointment\">Lire la suite&#8230;<\/a><\/p>\n","protected":false},"author":1,"featured_media":0,"parent":0,"menu_order":0,"comment_status":"closed","ping_status":"closed","template":"page-templates\/empty.php","meta":{"footnotes":""},"class_list":["post-109","page","type-page","status-publish","hentry"],"yoast_head":"<!-- This site is optimized with the Yoast SEO plugin v26.8 - https:\/\/yoast.com\/product\/yoast-seo-wordpress\/ -->\n<title>Appointment - SMART HOSPITAL MAINTENANCE<\/title>\n<meta name=\"robots\" content=\"index, follow, max-snippet:-1, max-image-preview:large, max-video-preview:-1\" \/>\n<link rel=\"canonical\" href=\"https:\/\/www.shm.software\/fr\/appointment\" \/>\n<meta property=\"og:locale\" content=\"fr_FR\" \/>\n<meta property=\"og:type\" content=\"article\" \/>\n<meta property=\"og:title\" content=\"Appointment - SMART HOSPITAL MAINTENANCE\" \/>\n<meta property=\"og:description\" content=\"Appointment Votre rendez-vous est maintenant confirm\u00e9. Nous attendons avec impatience l&rsquo;occasion de vous pr\u00e9senter le logiciel. Si vous avez des questions avant la d\u00e9monstration pr\u00e9vue, n&rsquo;h\u00e9sitez pas \u00e0 nous contacter au +49 (0) 40 2320 500 20. Notre \u00e9quipe est pr\u00eate \u00e0 vous fournir une assistance imm\u00e9diate. [...]Lire la suite...\" \/>\n<meta property=\"og:url\" content=\"https:\/\/www.shm.software\/fr\/appointment\" \/>\n<meta property=\"og:site_name\" content=\"SMART HOSPITAL MAINTENANCE\" \/>\n<meta property=\"article:modified_time\" content=\"2023-11-03T04:29:45+00:00\" \/>\n<meta name=\"twitter:card\" content=\"summary_large_image\" \/>\n<meta name=\"twitter:label1\" content=\"Dur\u00e9e de lecture estim\u00e9e\" \/>\n\t<meta name=\"twitter:data1\" content=\"1 minute\" \/>\n<script type=\"application\/ld+json\" class=\"yoast-schema-graph\">{\"@context\":\"https:\/\/schema.org\",\"@graph\":[{\"@type\":\"WebPage\",\"@id\":\"https:\/\/www.shm.software\/fr\/appointment\",\"url\":\"https:\/\/www.shm.software\/fr\/appointment\",\"name\":\"Appointment - SMART HOSPITAL MAINTENANCE\",\"isPartOf\":{\"@id\":\"https:\/\/www.shm.software\/fr\/#website\"},\"datePublished\":\"2023-08-24T05:06:02+00:00\",\"dateModified\":\"2023-11-03T04:29:45+00:00\",\"breadcrumb\":{\"@id\":\"https:\/\/www.shm.software\/fr\/appointment#breadcrumb\"},\"inLanguage\":\"fr-FR\",\"potentialAction\":[{\"@type\":\"ReadAction\",\"target\":[\"https:\/\/www.shm.software\/fr\/appointment\"]}]},{\"@type\":\"BreadcrumbList\",\"@id\":\"https:\/\/www.shm.software\/fr\/appointment#breadcrumb\",\"itemListElement\":[{\"@type\":\"ListItem\",\"position\":1,\"name\":\"Accueil\",\"item\":\"https:\/\/www.shm.software\/fr\/\"},{\"@type\":\"ListItem\",\"position\":2,\"name\":\"Appointment\"}]},{\"@type\":\"WebSite\",\"@id\":\"https:\/\/www.shm.software\/fr\/#website\",\"url\":\"https:\/\/www.shm.software\/fr\/\",\"name\":\"SMART HOSPITAL MAINTENANCE\",\"description\":\"\",\"potentialAction\":[{\"@type\":\"SearchAction\",\"target\":{\"@type\":\"EntryPoint\",\"urlTemplate\":\"https:\/\/www.shm.software\/fr\/?s={search_term_string}\"},\"query-input\":{\"@type\":\"PropertyValueSpecification\",\"valueRequired\":true,\"valueName\":\"search_term_string\"}}],\"inLanguage\":\"fr-FR\"}]}<\/script>\n<!-- \/ Yoast SEO plugin. -->","yoast_head_json":{"title":"Appointment - SMART HOSPITAL MAINTENANCE","robots":{"index":"index","follow":"follow","max-snippet":"max-snippet:-1","max-image-preview":"max-image-preview:large","max-video-preview":"max-video-preview:-1"},"canonical":"https:\/\/www.shm.software\/fr\/appointment","og_locale":"fr_FR","og_type":"article","og_title":"Appointment - SMART HOSPITAL MAINTENANCE","og_description":"Appointment Votre rendez-vous est maintenant confirm\u00e9. Nous attendons avec impatience l&rsquo;occasion de vous pr\u00e9senter le logiciel. Si vous avez des questions avant la d\u00e9monstration pr\u00e9vue, n&rsquo;h\u00e9sitez pas \u00e0 nous contacter au +49 (0) 40 2320 500 20. Notre \u00e9quipe est pr\u00eate \u00e0 vous fournir une assistance imm\u00e9diate. [...]Lire la suite...","og_url":"https:\/\/www.shm.software\/fr\/appointment","og_site_name":"SMART HOSPITAL MAINTENANCE","article_modified_time":"2023-11-03T04:29:45+00:00","twitter_card":"summary_large_image","twitter_misc":{"Dur\u00e9e de lecture estim\u00e9e":"1 minute"},"schema":{"@context":"https:\/\/schema.org","@graph":[{"@type":"WebPage","@id":"https:\/\/www.shm.software\/fr\/appointment","url":"https:\/\/www.shm.software\/fr\/appointment","name":"Appointment - SMART HOSPITAL MAINTENANCE","isPartOf":{"@id":"https:\/\/www.shm.software\/fr\/#website"},"datePublished":"2023-08-24T05:06:02+00:00","dateModified":"2023-11-03T04:29:45+00:00","breadcrumb":{"@id":"https:\/\/www.shm.software\/fr\/appointment#breadcrumb"},"inLanguage":"fr-FR","potentialAction":[{"@type":"ReadAction","target":["https:\/\/www.shm.software\/fr\/appointment"]}]},{"@type":"BreadcrumbList","@id":"https:\/\/www.shm.software\/fr\/appointment#breadcrumb","itemListElement":[{"@type":"ListItem","position":1,"name":"Accueil","item":"https:\/\/www.shm.software\/fr\/"},{"@type":"ListItem","position":2,"name":"Appointment"}]},{"@type":"WebSite","@id":"https:\/\/www.shm.software\/fr\/#website","url":"https:\/\/www.shm.software\/fr\/","name":"SMART HOSPITAL MAINTENANCE","description":"","potentialAction":[{"@type":"SearchAction","target":{"@type":"EntryPoint","urlTemplate":"https:\/\/www.shm.software\/fr\/?s={search_term_string}"},"query-input":{"@type":"PropertyValueSpecification","valueRequired":true,"valueName":"search_term_string"}}],"inLanguage":"fr-FR"}]}},"_links":{"self":[{"href":"https:\/\/www.shm.software\/fr\/wp-json\/wp\/v2\/pages\/109","targetHints":{"allow":["GET"]}}],"collection":[{"href":"https:\/\/www.shm.software\/fr\/wp-json\/wp\/v2\/pages"}],"about":[{"href":"https:\/\/www.shm.software\/fr\/wp-json\/wp\/v2\/types\/page"}],"author":[{"embeddable":true,"href":"https:\/\/www.shm.software\/fr\/wp-json\/wp\/v2\/users\/1"}],"replies":[{"embeddable":true,"href":"https:\/\/www.shm.software\/fr\/wp-json\/wp\/v2\/comments?post=109"}],"version-history":[{"count":12,"href":"https:\/\/www.shm.software\/fr\/wp-json\/wp\/v2\/pages\/109\/revisions"}],"predecessor-version":[{"id":698,"href":"https:\/\/www.shm.software\/fr\/wp-json\/wp\/v2\/pages\/109\/revisions\/698"}],"wp:attachment":[{"href":"https:\/\/www.shm.software\/fr\/wp-json\/wp\/v2\/media?parent=109"}],"curies":[{"name":"wp","href":"https:\/\/api.w.org\/{rel}","templated":true}]}}