{"id":161,"date":"2023-08-31T07:40:32","date_gmt":"2023-08-31T07:40:32","guid":{"rendered":"https:\/\/www.shm.software\/fr\/?page_id=161"},"modified":"2023-11-01T11:16:46","modified_gmt":"2023-11-01T11:16:46","slug":"asset-management","status":"publish","type":"page","link":"https:\/\/www.shm.software\/fr\/asset-management","title":{"rendered":"Gestion d&rsquo;actifs"},"content":{"rendered":"<div class=\"asset-bg in-head\"><\/div>\n<p id=\"breadcrumbs\"><span><span><a href=\"https:\/\/www.shm.software\/fr\/\">Accueil<\/a><\/span><\/span><\/p>\n<div class=\"section-white\">\n<div class=\"container\">\n<div class=\"row align-items-center\">\n<div class=\"col-md-6\">\n<h1>Gestion d&rsquo;actifs<\/h1>\n<p>La gestion des actifs pour les \u00e9quipements hospitaliers comprend l&rsquo;ensemble des services d&rsquo;acquisition, de mise en service, d&rsquo;utilisation, de maintenance et d&rsquo;\u00e9limination des diff\u00e9rents actifs physiques et \u00e9quipements au sein d&rsquo;un \u00e9tablissement de soins de sant\u00e9. Elle couvre la gestion de tous les actifs tels que les dispositifs m\u00e9dicaux et non m\u00e9dicaux, les machines, les syst\u00e8mes de construction, les instruments, le mobilier et d&rsquo;autres articles tangibles.<\/p>\n<p>Smart Hospital Maintenance contient les \u00e9l\u00e9ments cl\u00e9s d&rsquo;une gestion professionnelle des actifs et permet l&rsquo;int\u00e9gration de tout type d&rsquo;actifs. Des informations importantes sur les actifs sont fournies sur les informations g\u00e9n\u00e9rales, l&rsquo;\u00e9tat des actifs, l&#8217;emplacement, les param\u00e8tres techniques, les documents, les actifs connexes, l&rsquo;historique, les demandes de service et les journaux des ordres de travail.<\/p>\n<\/div>\n<div class=\"col-md-6\">\n<img decoding=\"async\" src=\"https:\/\/www.shm.software\/fr\/wp-content\/uploads\/2023\/09\/software-asset-management-1.jpg\" class=\"img-fluid d-block mx-auto\" alt=\"software asset management\">\n<\/div>\n<\/div>\n<\/div>\n<\/div>\n<div class=\"section-lightgrey\">\n<div class=\"container\">\n<div class=\"row align-items-center\">\n<div class=\"col-md-6 mx-auto\">\n<img decoding=\"async\" src=\"https:\/\/www.shm.software\/fr\/wp-content\/uploads\/2023\/11\/assets-flow.png\" class=\"img-fluid d-block mx-auto\" alt=\"General Information\" width=\"500\">\n<\/div>\n<\/div>\n<\/div>\n<\/div>\n<div class=\"section-white\">\n<div class=\"container\">\n<div class=\"row align-items-center\">\n<div class=\"col-md-6\">\n<h3>Informations g\u00e9n\u00e9rales<\/h3>\n<p>Fournissez des informations g\u00e9n\u00e9rales sur votre bien, telles qu&rsquo;un num\u00e9ro d&rsquo;inventaire, une classification du bien, une classification du niveau de risque\/priorit\u00e9, l&#8217;emplacement du bien et des informations sur le fabricant et les prestataires de services.<\/p>\n<h3>D\u00e9tails techniques<\/h3>\n<p>Saisissez des d\u00e9tails techniques pour d\u00e9crire les performances et les exigences techniques de vos biens. Il est possible de saisir des informations sur la m\u00e9canique, l&rsquo;\u00e9lectricit\u00e9 et la plomberie (MEP), l&rsquo;informatique, les gaz m\u00e9dicaux et le montage.<\/p>\n<\/div>\n<div class=\"col-md-6\">\n<img decoding=\"async\" src=\"https:\/\/www.shm.software\/fr\/wp-content\/uploads\/2023\/09\/example-asset-management.jpg\" class=\"img-fluid d-block mx-auto\" alt=\"example asset management\">\n<\/div>\n<\/div>\n<\/div>\n<\/div>\n<div class=\"section-lightgrey\">\n<div class=\"container\">\n<div class=\"row align-items-center\">\n<div class=\"col-md-6 order-md-2\">\n<h3>Actifs connexes<\/h3>\n<p>Reliez vos actifs les uns aux autres pour comprendre comment ils sont connect\u00e9s. Vous pouvez assigner plusieurs parties d&rsquo;un syst\u00e8me et g\u00e9n\u00e9rer une liste contenant tous les sous-actifs de l&rsquo;ensemble du syst\u00e8me. Cela permet de s\u00e9parer proprement les syst\u00e8mes qui n\u00e9cessitent une maintenance diff\u00e9rente pour certaines parties du syst\u00e8me.<\/p>\n<h3>Documents<\/h3>\n<p>T\u00e9l\u00e9chargez des documents relatifs \u00e0 vos biens dans une structure de dossier conventionnelle. En d\u00e9finissant un document comme \u00ab\u00a0global\u00a0\u00bb, vous pouvez le partager avec tous les autres \u00e9tablissements int\u00e9gr\u00e9s. Cela aidera votre r\u00e9seau hospitalier \u00e0 collecter et \u00e0 compl\u00e9ter la documentation technique relative \u00e0 vos actifs.<\/p>\n<\/div>\n<div class=\"col-md-6 order-md-1\">\n<img decoding=\"async\" src=\"https:\/\/www.shm.software\/fr\/wp-content\/uploads\/2023\/09\/related-assets.png\" class=\"img-fluid d-block mx-auto\" width=\"400\" alt=\"Related Assets\">\n<\/div>\n<\/div>\n<\/div>\n<\/div>\n<div class=\"section-white\">\n<div class=\"container\">\n<div class=\"row\">\n<div class=\"col-md-6\">\n<h3>Demandes de service \/ Journal des bons de travail<\/h3>\n<p>Tous les ordres de travail et toutes les demandes de service, qu&rsquo;ils soient actifs ou termin\u00e9s, sont \u00e0 la disposition de votre personnel et peuvent \u00eatre consult\u00e9s facilement dans votre fichier num\u00e9rique.<\/p>\n<\/div>\n<div class=\"col-md-6\">\n<h3>Journal historique<\/h3>\n<p>Toutes les modifications apport\u00e9es \u00e0 votre actif sont document\u00e9es dans le journal historique. L&rsquo;utilisateur qui a effectu\u00e9 la modification, les valeurs modifi\u00e9es ainsi que la date et l&rsquo;heure sont enregistr\u00e9s. Vous gardez ainsi une trace de toutes les modifications apport\u00e9es \u00e0 vos actifs.<\/p>\n<\/div>\n<\/div>\n<\/div>\n<\/div>\n<div class=\"section-primary\">\n<div class=\"container\">\n<div class=\"row\">\n<div class=\"col-md-12 mx-auto text-center\">\n<h4>Vous voulez savoir comment Smart Hospital Maintenance simplifie la gestion des actifs ? <br \/>R\u00e9servez votre d\u00e9monstration avec l&rsquo;un de nos experts d\u00e8s aujourd&rsquo;hui.<\/h4>\n<div><a href=\"https:\/\/www.shm.software\/fr\/contact-us\" class=\"btn btn-primary mt-3\">R\u00e9server une d\u00e9mo<\/a><\/div>\n<\/div>\n<\/div>\n<\/div>\n<\/div>\n<div class=\"section-white\">\n<div class=\"container\">\n<div class=\"row text-center\">\n<div class=\"col-lg-12\">\n<h3 class=\"mb-0\">Caract\u00e9ristiques suppl\u00e9mentaires<\/h3>\n<\/div>\n<div class=\"col-lg-6\">\n<div class=\"af-box\">\n<h4>Services efficaces<\/h4>\n<div class=\"af-link\">\n<a href=\"https:\/\/www.shm.software\/fr\/asset-matching\">Correspondance des actifs<\/a><br \/>\n<a href=\"https:\/\/www.shm.software\/fr\/document-management\">Gestion des documents<\/a><br \/>\n<a href=\"https:\/\/www.shm.software\/fr\/service-request-management\">Gestion des demande de service<\/a><br \/>\n<a href=\"https:\/\/www.shm.software\/fr\/qr-labels\">G\u00e9n\u00e9ration de QR code<\/a>\n<\/div>\n<\/div>\n<\/div>\n<div class=\"col-lg-6\">\n<div class=\"af-box\">\n<h4>Perspicacit\u00e9 profonde<\/h4>\n<div class=\"af-link\">\n<a href=\"https:\/\/www.shm.software\/fr\/technical-reports\">Rapport technique<\/a><br \/>\n<a href=\"https:\/\/www.shm.software\/fr\/contact-management\">Gestion dess contacts<\/a><br \/>\n<a href=\"https:\/\/www.shm.software\/fr\/contract-administration\">Gestion des contracts<\/a><br \/>\n<a href=\"https:\/\/www.shm.software\/fr\/user-profiles\">Vue d&rsquo;ensemble de l&rsquo;\u00e9quipe<\/a>\n<\/div>\n<\/div>\n<\/div>\n<div class=\"col-lg-6\">\n<div class=\"af-box\">\n<h4>Extensibilit\u00e9<\/h4>\n<div class=\"af-link\">\n<a href=\"https:\/\/www.shm.software\/fr\/facility-integration\">Gestion des actifs<\/a><br \/>\n<a href=\"https:\/\/www.shm.software\/fr\/multi-language-feature\">Int\u00e9gration de l&rsquo;\u00e9tablissement<\/a><br \/>\n<a href=\"https:\/\/www.shm.software\/fr\/relocation-management\">Fonctionnalit\u00e9 multilingue<\/a><br \/>\n<a href=\"https:\/\/www.shm.software\/fr\/shm-database\">Gestion des d\u00e9m\u00e9nagements<\/a>\n<\/div>\n<\/div>\n<\/div>\n<div class=\"col-lg-6\">\n<div class=\"af-box\">\n<h4>Confort<\/h4>\n<div class=\"af-link\">\n<a href=\"https:\/\/www.shm.software\/fr\/customisation\">Customisation<\/a><br \/>\n<a href=\"https:\/\/www.shm.software\/fr\/mobile-application\">Application mobile<\/a><br \/>\n<a href=\"https:\/\/www.shm.software\/fr\/offline-mode\">Mode hors ligne<\/a><br \/>\n<a href=\"https:\/\/www.shm.software\/fr\/bulk-upload\">T\u00e9l\u00e9chargement en masse<\/a>\n<\/div>\n<\/div>\n<\/div>\n<\/div>\n<\/div>\n<\/div>\n","protected":false},"excerpt":{"rendered":"<p>Gestion d&rsquo;actifs La gestion des actifs pour les \u00e9quipements hospitaliers comprend l&rsquo;ensemble des services d&rsquo;acquisition, de mise en service, d&rsquo;utilisation, de maintenance et d&rsquo;\u00e9limination des diff\u00e9rents actifs physiques et \u00e9quipements au sein d&rsquo;un \u00e9tablissement de soins de sant\u00e9. Elle couvre la gestion de tous les actifs tels que les dispositifs m\u00e9dicaux et non m\u00e9dicaux, les [&#8230;]<\/p>\n<p><a class=\"btn btn-secondary understrap-read-more-link\" href=\"https:\/\/www.shm.software\/fr\/asset-management\">Lire la suite&#8230;<\/a><\/p>\n","protected":false},"author":1,"featured_media":0,"parent":0,"menu_order":0,"comment_status":"closed","ping_status":"closed","template":"page-templates\/empty.php","meta":{"footnotes":""},"class_list":["post-161","page","type-page","status-publish","hentry"],"yoast_head":"<!-- This site is optimized with the Yoast SEO plugin v26.8 - https:\/\/yoast.com\/product\/yoast-seo-wordpress\/ -->\n<title>Gestion d&#039;actifs - SMART HOSPITAL MAINTENANCE<\/title>\n<meta name=\"robots\" content=\"index, follow, max-snippet:-1, max-image-preview:large, max-video-preview:-1\" \/>\n<link rel=\"canonical\" href=\"https:\/\/www.shm.software\/fr\/asset-management\" \/>\n<meta property=\"og:locale\" content=\"fr_FR\" \/>\n<meta property=\"og:type\" content=\"article\" \/>\n<meta property=\"og:title\" content=\"Gestion d&#039;actifs - SMART HOSPITAL MAINTENANCE\" \/>\n<meta property=\"og:description\" content=\"Gestion d&rsquo;actifs La gestion des actifs pour les \u00e9quipements hospitaliers comprend l&rsquo;ensemble des services d&rsquo;acquisition, de mise en service, d&rsquo;utilisation, de maintenance et d&rsquo;\u00e9limination des diff\u00e9rents actifs physiques et \u00e9quipements au sein d&rsquo;un \u00e9tablissement de soins de sant\u00e9. Elle couvre la gestion de tous les actifs tels que les dispositifs m\u00e9dicaux et non m\u00e9dicaux, les [...]Lire la suite...\" \/>\n<meta property=\"og:url\" content=\"https:\/\/www.shm.software\/fr\/asset-management\" \/>\n<meta property=\"og:site_name\" content=\"SMART HOSPITAL MAINTENANCE\" \/>\n<meta property=\"article:modified_time\" content=\"2023-11-01T11:16:46+00:00\" \/>\n<meta property=\"og:image\" content=\"https:\/\/www.shm.software\/fr\/wp-content\/uploads\/2023\/09\/software-asset-management-1.jpg\" \/>\n<meta name=\"twitter:card\" content=\"summary_large_image\" \/>\n<meta name=\"twitter:label1\" content=\"Dur\u00e9e de lecture estim\u00e9e\" \/>\n\t<meta name=\"twitter:data1\" content=\"3 minutes\" \/>\n<script type=\"application\/ld+json\" class=\"yoast-schema-graph\">{\"@context\":\"https:\/\/schema.org\",\"@graph\":[{\"@type\":\"WebPage\",\"@id\":\"https:\/\/www.shm.software\/fr\/asset-management\",\"url\":\"https:\/\/www.shm.software\/fr\/asset-management\",\"name\":\"Gestion d'actifs - SMART HOSPITAL MAINTENANCE\",\"isPartOf\":{\"@id\":\"https:\/\/www.shm.software\/fr\/#website\"},\"primaryImageOfPage\":{\"@id\":\"https:\/\/www.shm.software\/fr\/asset-management#primaryimage\"},\"image\":{\"@id\":\"https:\/\/www.shm.software\/fr\/asset-management#primaryimage\"},\"thumbnailUrl\":\"https:\/\/www.shm.software\/fr\/wp-content\/uploads\/2023\/09\/software-asset-management-1.jpg\",\"datePublished\":\"2023-08-31T07:40:32+00:00\",\"dateModified\":\"2023-11-01T11:16:46+00:00\",\"breadcrumb\":{\"@id\":\"https:\/\/www.shm.software\/fr\/asset-management#breadcrumb\"},\"inLanguage\":\"fr-FR\",\"potentialAction\":[{\"@type\":\"ReadAction\",\"target\":[\"https:\/\/www.shm.software\/fr\/asset-management\"]}]},{\"@type\":\"ImageObject\",\"inLanguage\":\"fr-FR\",\"@id\":\"https:\/\/www.shm.software\/fr\/asset-management#primaryimage\",\"url\":\"https:\/\/www.shm.software\/fr\/wp-content\/uploads\/2023\/09\/software-asset-management-1.jpg\",\"contentUrl\":\"https:\/\/www.shm.software\/fr\/wp-content\/uploads\/2023\/09\/software-asset-management-1.jpg\",\"width\":600,\"height\":400},{\"@type\":\"BreadcrumbList\",\"@id\":\"https:\/\/www.shm.software\/fr\/asset-management#breadcrumb\",\"itemListElement\":[{\"@type\":\"ListItem\",\"position\":1,\"name\":\"Accueil\",\"item\":\"https:\/\/www.shm.software\/fr\/\"},{\"@type\":\"ListItem\",\"position\":2,\"name\":\"Gestion d&#8217;actifs\"}]},{\"@type\":\"WebSite\",\"@id\":\"https:\/\/www.shm.software\/fr\/#website\",\"url\":\"https:\/\/www.shm.software\/fr\/\",\"name\":\"SMART HOSPITAL MAINTENANCE\",\"description\":\"\",\"potentialAction\":[{\"@type\":\"SearchAction\",\"target\":{\"@type\":\"EntryPoint\",\"urlTemplate\":\"https:\/\/www.shm.software\/fr\/?s={search_term_string}\"},\"query-input\":{\"@type\":\"PropertyValueSpecification\",\"valueRequired\":true,\"valueName\":\"search_term_string\"}}],\"inLanguage\":\"fr-FR\"}]}<\/script>\n<!-- \/ Yoast SEO plugin. -->","yoast_head_json":{"title":"Gestion d'actifs - SMART HOSPITAL MAINTENANCE","robots":{"index":"index","follow":"follow","max-snippet":"max-snippet:-1","max-image-preview":"max-image-preview:large","max-video-preview":"max-video-preview:-1"},"canonical":"https:\/\/www.shm.software\/fr\/asset-management","og_locale":"fr_FR","og_type":"article","og_title":"Gestion d'actifs - SMART HOSPITAL MAINTENANCE","og_description":"Gestion d&rsquo;actifs La gestion des actifs pour les \u00e9quipements hospitaliers comprend l&rsquo;ensemble des services d&rsquo;acquisition, de mise en service, d&rsquo;utilisation, de maintenance et d&rsquo;\u00e9limination des diff\u00e9rents actifs physiques et \u00e9quipements au sein d&rsquo;un \u00e9tablissement de soins de sant\u00e9. Elle couvre la gestion de tous les actifs tels que les dispositifs m\u00e9dicaux et non m\u00e9dicaux, les [...]Lire la suite...","og_url":"https:\/\/www.shm.software\/fr\/asset-management","og_site_name":"SMART HOSPITAL MAINTENANCE","article_modified_time":"2023-11-01T11:16:46+00:00","og_image":[{"url":"https:\/\/www.shm.software\/fr\/wp-content\/uploads\/2023\/09\/software-asset-management-1.jpg","type":"","width":"","height":""}],"twitter_card":"summary_large_image","twitter_misc":{"Dur\u00e9e de lecture estim\u00e9e":"3 minutes"},"schema":{"@context":"https:\/\/schema.org","@graph":[{"@type":"WebPage","@id":"https:\/\/www.shm.software\/fr\/asset-management","url":"https:\/\/www.shm.software\/fr\/asset-management","name":"Gestion d'actifs - SMART HOSPITAL MAINTENANCE","isPartOf":{"@id":"https:\/\/www.shm.software\/fr\/#website"},"primaryImageOfPage":{"@id":"https:\/\/www.shm.software\/fr\/asset-management#primaryimage"},"image":{"@id":"https:\/\/www.shm.software\/fr\/asset-management#primaryimage"},"thumbnailUrl":"https:\/\/www.shm.software\/fr\/wp-content\/uploads\/2023\/09\/software-asset-management-1.jpg","datePublished":"2023-08-31T07:40:32+00:00","dateModified":"2023-11-01T11:16:46+00:00","breadcrumb":{"@id":"https:\/\/www.shm.software\/fr\/asset-management#breadcrumb"},"inLanguage":"fr-FR","potentialAction":[{"@type":"ReadAction","target":["https:\/\/www.shm.software\/fr\/asset-management"]}]},{"@type":"ImageObject","inLanguage":"fr-FR","@id":"https:\/\/www.shm.software\/fr\/asset-management#primaryimage","url":"https:\/\/www.shm.software\/fr\/wp-content\/uploads\/2023\/09\/software-asset-management-1.jpg","contentUrl":"https:\/\/www.shm.software\/fr\/wp-content\/uploads\/2023\/09\/software-asset-management-1.jpg","width":600,"height":400},{"@type":"BreadcrumbList","@id":"https:\/\/www.shm.software\/fr\/asset-management#breadcrumb","itemListElement":[{"@type":"ListItem","position":1,"name":"Accueil","item":"https:\/\/www.shm.software\/fr\/"},{"@type":"ListItem","position":2,"name":"Gestion d&#8217;actifs"}]},{"@type":"WebSite","@id":"https:\/\/www.shm.software\/fr\/#website","url":"https:\/\/www.shm.software\/fr\/","name":"SMART HOSPITAL MAINTENANCE","description":"","potentialAction":[{"@type":"SearchAction","target":{"@type":"EntryPoint","urlTemplate":"https:\/\/www.shm.software\/fr\/?s={search_term_string}"},"query-input":{"@type":"PropertyValueSpecification","valueRequired":true,"valueName":"search_term_string"}}],"inLanguage":"fr-FR"}]}},"_links":{"self":[{"href":"https:\/\/www.shm.software\/fr\/wp-json\/wp\/v2\/pages\/161","targetHints":{"allow":["GET"]}}],"collection":[{"href":"https:\/\/www.shm.software\/fr\/wp-json\/wp\/v2\/pages"}],"about":[{"href":"https:\/\/www.shm.software\/fr\/wp-json\/wp\/v2\/types\/page"}],"author":[{"embeddable":true,"href":"https:\/\/www.shm.software\/fr\/wp-json\/wp\/v2\/users\/1"}],"replies":[{"embeddable":true,"href":"https:\/\/www.shm.software\/fr\/wp-json\/wp\/v2\/comments?post=161"}],"version-history":[{"count":17,"href":"https:\/\/www.shm.software\/fr\/wp-json\/wp\/v2\/pages\/161\/revisions"}],"predecessor-version":[{"id":697,"href":"https:\/\/www.shm.software\/fr\/wp-json\/wp\/v2\/pages\/161\/revisions\/697"}],"wp:attachment":[{"href":"https:\/\/www.shm.software\/fr\/wp-json\/wp\/v2\/media?parent=161"}],"curies":[{"name":"wp","href":"https:\/\/api.w.org\/{rel}","templated":true}]}}