{"id":163,"date":"2023-08-31T07:40:38","date_gmt":"2023-08-31T07:40:38","guid":{"rendered":"https:\/\/www.shm.software\/fr\/?page_id=163"},"modified":"2023-11-01T11:06:27","modified_gmt":"2023-11-01T11:06:27","slug":"work-order-management","status":"publish","type":"page","link":"https:\/\/www.shm.software\/fr\/work-order-management","title":{"rendered":"Gestion des bons de travail"},"content":{"rendered":"<div class=\"work-bg in-head\"><\/div>\n<p id=\"breadcrumbs\"><span><span><a href=\"https:\/\/www.shm.software\/fr\/\">Accueil<\/a><\/span><\/span><\/p>\n<div class=\"section-white\">\n<div class=\"container\">\n<div class=\"row align-items-center\">\n<div class=\"col-md-6\">\n<h1>Gestion des bons de travail<\/h1>\n<p>La gestion des bons de travail est n\u00e9cessaire pour une gestion professionnelle des actifs dans n&rsquo;importe quel type d&rsquo;\u00e9tablissement. Elle fait r\u00e9f\u00e9rence \u00e0 une demande formelle qui d\u00e9crit une t\u00e2che sp\u00e9cifique ou une proc\u00e9dure de maintenance qui doit \u00eatre effectu\u00e9e sur un actif. Elle contient g\u00e9n\u00e9ralement une description du travail, des informations sur l&rsquo;actif, le niveau de priorit\u00e9, l&#8217;emplacement de l&rsquo;actif, les mat\u00e9riaux et les ressources utilis\u00e9s, ainsi que d&rsquo;autres informations.<\/p>\n<\/div>\n<div class=\"col-md-6\">\n<img decoding=\"async\" src=\"https:\/\/www.shm.software\/fr\/wp-content\/uploads\/2023\/09\/SHM_work-order-management_introduction.jpg\" class=\"img-fluid d-block mx-auto\" alt=\"Work Order Management\">\n<\/div>\n<\/div>\n<\/div>\n<\/div>\n<div class=\"section-lightgrey\">\n<div class=\"container\">\n<div class=\"row align-items-center\">\n<div class=\"col-lg-3\">\n<h3>Bon de travail<\/h3>\n<p>Une fois que le travail a \u00e9t\u00e9 termin\u00e9, le technicien responsable remplira l&rsquo;ordre de travail. Toutes les activit\u00e9s, y compris les pi\u00e8ces de rechange et les co\u00fbts, seront saisies dans l&rsquo;ordre de travail et stock\u00e9es dans le dossier num\u00e9rique de l&rsquo;actif pour r\u00e9f\u00e9rence future.<\/p>\n<h3 class=\"mt-4\">Attribuer au technicien<\/h3>\n<p>Un technicien sera assign\u00e9 pour g\u00e9rer la situation et sera tenu responsable des activit\u00e9s techniques. Il recevra toutes les informations pertinentes et les rapports n\u00e9cessaires pour mener \u00e0 bien son travail.<\/p>\n<\/div>\n<div class=\"col-lg-6\">\n<img decoding=\"async\" src=\"https:\/\/www.shm.software\/fr\/wp-content\/uploads\/2023\/10\/work-order-process.png\" class=\"img-fluid d-block mx-auto\" alt=\"Work Order Management\">\n<\/div>\n<div class=\"col-lg-3\">\n<h3>Scanner l\u2019\u00e9tiquette QR<\/h3>\n<p>Initiez le processus en scannant le code QR de votre \u00e9quipement pour \u00e9mettre une demande de service. C&rsquo;est g\u00e9n\u00e9ralement fait par les utilisateurs finaux tels que les infirmi\u00e8res qui remarquent g\u00e9n\u00e9ralement les \u00e9quipements d\u00e9fectueux en premier.<\/p>\n<h3 class=\"mt-4\">Demmande de service<\/h3>\n<p>Toutes les demandes de service seront envoy\u00e9es \u00e0 votre \u00e9quipe de service technique qui sera inform\u00e9e d\u00e8s l&rsquo;arriv\u00e9e de nouvelles demandes, garantissant ainsi une r\u00e9ponse rapide aux probl\u00e8mes pertinents.<\/p>\n<\/div>\n<div class=\"col-lg-4 mx-auto\">\n<h3 class=\"mt-4\">Demande de validation<\/h3>\n<p>Une fois qu&rsquo;une demande de service a \u00e9t\u00e9 accept\u00e9e par l&rsquo;\u00e9quipe technique, une validation de la demande suivra, o\u00f9 un technicien r\u00e9pondra \u00e0 l&rsquo;\u00e9metteur pour d\u00e9cider des mesures \u00e0 prendre.<\/p>\n<\/div>\n<\/div>\n<\/div>\n<\/div>\n<div class=\"section-white\">\n<div class=\"container\">\n<div class=\"row align-items-center\">\n<div class=\"col-md-6 order-md-2\">\n<p>En r\u00e9sum\u00e9, la documentation du bon de travail est la documentation technique qui d\u00e9crit les services techniques et les activit\u00e9s effectu\u00e9s sur un actif.<\/p>\n<p>Avec Smart Hospital Maintenance, la gestion des bons de travail peut \u00eatre organis\u00e9e de mani\u00e8re fluide et bien document\u00e9e : les bons de travail peuvent \u00eatre initi\u00e9s en scannant un code QR ou en s\u00e9lectionnant l&rsquo;actif dans le logiciel.<\/p>\n<p>Cela permet aux techniciens de signaler rapidement toute activit\u00e9 sur vos actifs pr\u00e9cieux. Pendant l&rsquo;ex\u00e9cution du bon de travail, le technicien a acc\u00e8s \u00e0 toute la documentation de l&rsquo;actif, \u00e0 l&rsquo;historique des journaux et aux documents pertinents tels que les manuels de service.<\/p>\n<p>Apr\u00e8s l&rsquo;ach\u00e8vement d&rsquo;un bon de travail, les d\u00e9tails pertinents peuvent \u00eatre incorpor\u00e9s dans un rapport d\u00e9taill\u00e9. Le journal des bons de travail vous permet de passer en revue les bons de travail pass\u00e9s qui ont \u00e9t\u00e9 effectu\u00e9s sur vos actifs, vous offrant une vue d&rsquo;ensemble compl\u00e8te de chaque actif.<\/p>\n<\/div>\n<div class=\"col-md-6 order-md-1\">\n<img decoding=\"async\" src=\"https:\/\/www.shm.software\/fr\/wp-content\/uploads\/2023\/09\/SHM_work-order-management_infusion-pumps.jpg\" class=\"img-fluid d-block mx-auto\" alt=\"work order documentation\">\n<\/div>\n<\/div>\n<\/div>\n<\/div>\n<div class=\"section-primary\">\n<div class=\"container\">\n<div class=\"row\">\n<div class=\"col-lg-10 mx-auto text-center\">\n<h4>Vous souhaitez savoir comment Smart Hospital Maintenance peut am\u00e9liorer votre gestion des ordres de travail ? Demandez une d\u00e9monstration du logiciel par nos experts pour obtenir plus d&rsquo;informations :<\/h4>\n<div><a href=\"https:\/\/www.shm.software\/fr\/contact-us\" class=\"btn btn-primary mt-3\">R\u00e9server une d\u00e9mo<\/a><\/div>\n<\/div>\n<\/div>\n<\/div>\n<\/div>\n<div class=\"section-white\">\n<div class=\"container\">\n<div class=\"row text-center\">\n<div class=\"col-lg-12\">\n<h3 class=\"mb-0\">Caract\u00e9ristiques suppl\u00e9mentaires<\/h3>\n<\/div>\n<div class=\"col-lg-6\">\n<div class=\"af-box\">\n<h4>Services efficaces<\/h4>\n<div class=\"af-link\">\n<a href=\"https:\/\/www.shm.software\/fr\/asset-matching\">Correspondance des actifs<\/a><br \/>\n<a href=\"https:\/\/www.shm.software\/fr\/document-management\">Gestion des documents<\/a><br \/>\n<a href=\"https:\/\/www.shm.software\/fr\/service-request-management\">Gestion des demande de service<\/a><br \/>\n<a href=\"https:\/\/www.shm.software\/fr\/qr-labels\">G\u00e9n\u00e9ration de QR code<\/a>\n<\/div>\n<\/div>\n<\/div>\n<div class=\"col-lg-6\">\n<div class=\"af-box\">\n<h4>Perspicacit\u00e9 profonde<\/h4>\n<div class=\"af-link\">\n<a href=\"https:\/\/www.shm.software\/fr\/technical-reports\">Rapport technique<\/a><br \/>\n<a href=\"https:\/\/www.shm.software\/fr\/contact-management\">Gestion dess contacts<\/a><br \/>\n<a href=\"https:\/\/www.shm.software\/fr\/contract-administration\">Gestion des contracts<\/a><br \/>\n<a href=\"https:\/\/www.shm.software\/fr\/user-profiles\">Vue d&rsquo;ensemble de l&rsquo;\u00e9quipe<\/a>\n<\/div>\n<\/div>\n<\/div>\n<div class=\"col-lg-6\">\n<div class=\"af-box\">\n<h4>Extensibilit\u00e9<\/h4>\n<div class=\"af-link\">\n<a href=\"https:\/\/www.shm.software\/fr\/facility-integration\">Gestion des actifs<\/a><br \/>\n<a href=\"https:\/\/www.shm.software\/fr\/multi-language-feature\">Int\u00e9gration de l&rsquo;\u00e9tablissement<\/a><br \/>\n<a href=\"https:\/\/www.shm.software\/fr\/relocation-management\">Fonctionnalit\u00e9 multilingue<\/a><br \/>\n<a href=\"https:\/\/www.shm.software\/fr\/shm-database\">Gestion des d\u00e9m\u00e9nagements<\/a>\n<\/div>\n<\/div>\n<\/div>\n<div class=\"col-lg-6\">\n<div class=\"af-box\">\n<h4>Confort<\/h4>\n<div class=\"af-link\">\n<a href=\"https:\/\/www.shm.software\/fr\/customisation\">Customisation<\/a><br \/>\n<a href=\"https:\/\/www.shm.software\/fr\/mobile-application\">Application mobile<\/a><br \/>\n<a href=\"https:\/\/www.shm.software\/fr\/offline-mode\">Mode hors ligne<\/a><br \/>\n<a href=\"https:\/\/www.shm.software\/fr\/bulk-upload\">T\u00e9l\u00e9chargement en masse<\/a>\n<\/div>\n<\/div>\n<\/div>\n<\/div>\n<\/div>\n<\/div>\n","protected":false},"excerpt":{"rendered":"<p>Gestion des bons de travail La gestion des bons de travail est n\u00e9cessaire pour une gestion professionnelle des actifs dans n&rsquo;importe quel type d&rsquo;\u00e9tablissement. Elle fait r\u00e9f\u00e9rence \u00e0 une demande formelle qui d\u00e9crit une t\u00e2che sp\u00e9cifique ou une proc\u00e9dure de maintenance qui doit \u00eatre effectu\u00e9e sur un actif. Elle contient g\u00e9n\u00e9ralement une description du travail, [&#8230;]<\/p>\n<p><a class=\"btn btn-secondary understrap-read-more-link\" href=\"https:\/\/www.shm.software\/fr\/work-order-management\">Lire la suite&#8230;<\/a><\/p>\n","protected":false},"author":1,"featured_media":0,"parent":0,"menu_order":0,"comment_status":"closed","ping_status":"closed","template":"page-templates\/empty.php","meta":{"footnotes":""},"class_list":["post-163","page","type-page","status-publish","hentry"],"yoast_head":"<!-- This site is optimized with the Yoast SEO plugin v26.8 - https:\/\/yoast.com\/product\/yoast-seo-wordpress\/ -->\n<title>Gestion des bons de travail - SMART HOSPITAL MAINTENANCE<\/title>\n<meta name=\"robots\" content=\"index, follow, max-snippet:-1, max-image-preview:large, max-video-preview:-1\" \/>\n<link rel=\"canonical\" href=\"https:\/\/www.shm.software\/fr\/work-order-management\" \/>\n<meta property=\"og:locale\" content=\"fr_FR\" \/>\n<meta property=\"og:type\" content=\"article\" \/>\n<meta property=\"og:title\" content=\"Gestion des bons de travail - SMART HOSPITAL MAINTENANCE\" \/>\n<meta property=\"og:description\" content=\"Gestion des bons de travail La gestion des bons de travail est n\u00e9cessaire pour une gestion professionnelle des actifs dans n&rsquo;importe quel type d&rsquo;\u00e9tablissement. Elle fait r\u00e9f\u00e9rence \u00e0 une demande formelle qui d\u00e9crit une t\u00e2che sp\u00e9cifique ou une proc\u00e9dure de maintenance qui doit \u00eatre effectu\u00e9e sur un actif. Elle contient g\u00e9n\u00e9ralement une description du travail, [...]Lire la suite...\" \/>\n<meta property=\"og:url\" content=\"https:\/\/www.shm.software\/fr\/work-order-management\" \/>\n<meta property=\"og:site_name\" content=\"SMART HOSPITAL MAINTENANCE\" \/>\n<meta property=\"article:modified_time\" content=\"2023-11-01T11:06:27+00:00\" \/>\n<meta property=\"og:image\" content=\"https:\/\/www.shm.software\/fr\/wp-content\/uploads\/2023\/09\/SHM_work-order-management_introduction.jpg\" \/>\n<meta name=\"twitter:card\" content=\"summary_large_image\" \/>\n<meta name=\"twitter:label1\" content=\"Dur\u00e9e de lecture estim\u00e9e\" \/>\n\t<meta name=\"twitter:data1\" content=\"3 minutes\" \/>\n<script type=\"application\/ld+json\" class=\"yoast-schema-graph\">{\"@context\":\"https:\/\/schema.org\",\"@graph\":[{\"@type\":\"WebPage\",\"@id\":\"https:\/\/www.shm.software\/fr\/work-order-management\",\"url\":\"https:\/\/www.shm.software\/fr\/work-order-management\",\"name\":\"Gestion des bons de travail - SMART HOSPITAL MAINTENANCE\",\"isPartOf\":{\"@id\":\"https:\/\/www.shm.software\/fr\/#website\"},\"primaryImageOfPage\":{\"@id\":\"https:\/\/www.shm.software\/fr\/work-order-management#primaryimage\"},\"image\":{\"@id\":\"https:\/\/www.shm.software\/fr\/work-order-management#primaryimage\"},\"thumbnailUrl\":\"https:\/\/www.shm.software\/fr\/wp-content\/uploads\/2023\/09\/SHM_work-order-management_introduction.jpg\",\"datePublished\":\"2023-08-31T07:40:38+00:00\",\"dateModified\":\"2023-11-01T11:06:27+00:00\",\"breadcrumb\":{\"@id\":\"https:\/\/www.shm.software\/fr\/work-order-management#breadcrumb\"},\"inLanguage\":\"fr-FR\",\"potentialAction\":[{\"@type\":\"ReadAction\",\"target\":[\"https:\/\/www.shm.software\/fr\/work-order-management\"]}]},{\"@type\":\"ImageObject\",\"inLanguage\":\"fr-FR\",\"@id\":\"https:\/\/www.shm.software\/fr\/work-order-management#primaryimage\",\"url\":\"https:\/\/www.shm.software\/fr\/wp-content\/uploads\/2023\/09\/SHM_work-order-management_introduction.jpg\",\"contentUrl\":\"https:\/\/www.shm.software\/fr\/wp-content\/uploads\/2023\/09\/SHM_work-order-management_introduction.jpg\",\"width\":600,\"height\":400},{\"@type\":\"BreadcrumbList\",\"@id\":\"https:\/\/www.shm.software\/fr\/work-order-management#breadcrumb\",\"itemListElement\":[{\"@type\":\"ListItem\",\"position\":1,\"name\":\"Accueil\",\"item\":\"https:\/\/www.shm.software\/fr\/\"},{\"@type\":\"ListItem\",\"position\":2,\"name\":\"Gestion des bons de travail\"}]},{\"@type\":\"WebSite\",\"@id\":\"https:\/\/www.shm.software\/fr\/#website\",\"url\":\"https:\/\/www.shm.software\/fr\/\",\"name\":\"SMART HOSPITAL MAINTENANCE\",\"description\":\"\",\"potentialAction\":[{\"@type\":\"SearchAction\",\"target\":{\"@type\":\"EntryPoint\",\"urlTemplate\":\"https:\/\/www.shm.software\/fr\/?s={search_term_string}\"},\"query-input\":{\"@type\":\"PropertyValueSpecification\",\"valueRequired\":true,\"valueName\":\"search_term_string\"}}],\"inLanguage\":\"fr-FR\"}]}<\/script>\n<!-- \/ Yoast SEO plugin. -->","yoast_head_json":{"title":"Gestion des bons de travail - SMART HOSPITAL MAINTENANCE","robots":{"index":"index","follow":"follow","max-snippet":"max-snippet:-1","max-image-preview":"max-image-preview:large","max-video-preview":"max-video-preview:-1"},"canonical":"https:\/\/www.shm.software\/fr\/work-order-management","og_locale":"fr_FR","og_type":"article","og_title":"Gestion des bons de travail - SMART HOSPITAL MAINTENANCE","og_description":"Gestion des bons de travail La gestion des bons de travail est n\u00e9cessaire pour une gestion professionnelle des actifs dans n&rsquo;importe quel type d&rsquo;\u00e9tablissement. Elle fait r\u00e9f\u00e9rence \u00e0 une demande formelle qui d\u00e9crit une t\u00e2che sp\u00e9cifique ou une proc\u00e9dure de maintenance qui doit \u00eatre effectu\u00e9e sur un actif. Elle contient g\u00e9n\u00e9ralement une description du travail, [...]Lire la suite...","og_url":"https:\/\/www.shm.software\/fr\/work-order-management","og_site_name":"SMART HOSPITAL MAINTENANCE","article_modified_time":"2023-11-01T11:06:27+00:00","og_image":[{"url":"https:\/\/www.shm.software\/fr\/wp-content\/uploads\/2023\/09\/SHM_work-order-management_introduction.jpg","type":"","width":"","height":""}],"twitter_card":"summary_large_image","twitter_misc":{"Dur\u00e9e de lecture estim\u00e9e":"3 minutes"},"schema":{"@context":"https:\/\/schema.org","@graph":[{"@type":"WebPage","@id":"https:\/\/www.shm.software\/fr\/work-order-management","url":"https:\/\/www.shm.software\/fr\/work-order-management","name":"Gestion des bons de travail - SMART HOSPITAL MAINTENANCE","isPartOf":{"@id":"https:\/\/www.shm.software\/fr\/#website"},"primaryImageOfPage":{"@id":"https:\/\/www.shm.software\/fr\/work-order-management#primaryimage"},"image":{"@id":"https:\/\/www.shm.software\/fr\/work-order-management#primaryimage"},"thumbnailUrl":"https:\/\/www.shm.software\/fr\/wp-content\/uploads\/2023\/09\/SHM_work-order-management_introduction.jpg","datePublished":"2023-08-31T07:40:38+00:00","dateModified":"2023-11-01T11:06:27+00:00","breadcrumb":{"@id":"https:\/\/www.shm.software\/fr\/work-order-management#breadcrumb"},"inLanguage":"fr-FR","potentialAction":[{"@type":"ReadAction","target":["https:\/\/www.shm.software\/fr\/work-order-management"]}]},{"@type":"ImageObject","inLanguage":"fr-FR","@id":"https:\/\/www.shm.software\/fr\/work-order-management#primaryimage","url":"https:\/\/www.shm.software\/fr\/wp-content\/uploads\/2023\/09\/SHM_work-order-management_introduction.jpg","contentUrl":"https:\/\/www.shm.software\/fr\/wp-content\/uploads\/2023\/09\/SHM_work-order-management_introduction.jpg","width":600,"height":400},{"@type":"BreadcrumbList","@id":"https:\/\/www.shm.software\/fr\/work-order-management#breadcrumb","itemListElement":[{"@type":"ListItem","position":1,"name":"Accueil","item":"https:\/\/www.shm.software\/fr\/"},{"@type":"ListItem","position":2,"name":"Gestion des bons de travail"}]},{"@type":"WebSite","@id":"https:\/\/www.shm.software\/fr\/#website","url":"https:\/\/www.shm.software\/fr\/","name":"SMART HOSPITAL MAINTENANCE","description":"","potentialAction":[{"@type":"SearchAction","target":{"@type":"EntryPoint","urlTemplate":"https:\/\/www.shm.software\/fr\/?s={search_term_string}"},"query-input":{"@type":"PropertyValueSpecification","valueRequired":true,"valueName":"search_term_string"}}],"inLanguage":"fr-FR"}]}},"_links":{"self":[{"href":"https:\/\/www.shm.software\/fr\/wp-json\/wp\/v2\/pages\/163","targetHints":{"allow":["GET"]}}],"collection":[{"href":"https:\/\/www.shm.software\/fr\/wp-json\/wp\/v2\/pages"}],"about":[{"href":"https:\/\/www.shm.software\/fr\/wp-json\/wp\/v2\/types\/page"}],"author":[{"embeddable":true,"href":"https:\/\/www.shm.software\/fr\/wp-json\/wp\/v2\/users\/1"}],"replies":[{"embeddable":true,"href":"https:\/\/www.shm.software\/fr\/wp-json\/wp\/v2\/comments?post=163"}],"version-history":[{"count":13,"href":"https:\/\/www.shm.software\/fr\/wp-json\/wp\/v2\/pages\/163\/revisions"}],"predecessor-version":[{"id":681,"href":"https:\/\/www.shm.software\/fr\/wp-json\/wp\/v2\/pages\/163\/revisions\/681"}],"wp:attachment":[{"href":"https:\/\/www.shm.software\/fr\/wp-json\/wp\/v2\/media?parent=163"}],"curies":[{"name":"wp","href":"https:\/\/api.w.org\/{rel}","templated":true}]}}