{"id":165,"date":"2023-08-31T07:40:45","date_gmt":"2023-08-31T07:40:45","guid":{"rendered":"https:\/\/www.shm.software\/fr\/?page_id=165"},"modified":"2023-11-01T11:08:22","modified_gmt":"2023-11-01T11:08:22","slug":"planned-preventive-maintenance","status":"publish","type":"page","link":"https:\/\/www.shm.software\/fr\/planned-preventive-maintenance","title":{"rendered":"Maintenance pr\u00e9ventive planifi\u00e9e"},"content":{"rendered":"<div class=\"planned-bg in-head\"><\/div>\n<p id=\"breadcrumbs\"><span><span><a href=\"https:\/\/www.shm.software\/fr\/\">Accueil<\/a><\/span><\/span><\/p>\n<div class=\"section-white\">\n<div class=\"container\">\n<div class=\"row align-items-center\">\n<div class=\"col-md-6\">\n<h1>Maintenance pr\u00e9ventive planifi\u00e9e<\/h1>\n<p>La maintenance pr\u00e9ventive planifi\u00e9e (MPP) dans les \u00e9tablissements de sant\u00e9 fait r\u00e9f\u00e9rence aux activit\u00e9s de maintenance proactive de tout \u00e9quipement. Cela inclut, mais sans s&rsquo;y limiter, la planification et l&rsquo;ex\u00e9cution de t\u00e2ches de routine \u00e0 des intervalles pr\u00e9d\u00e9finis. La mise en place de plans MPP doit \u00eatre effectu\u00e9e individuellement pour chaque \u00e9quipement.asset.<\/p>\n<p>L&rsquo;objectif de la MPP est de garantir la fonctionnalit\u00e9 des \u00e9quipements avant qu&rsquo;une panne ou un dysfonctionnement ne se produise. Par cons\u00e9quent, les d\u00e9faillances de l&rsquo;\u00e9quipement sont \u00e9vit\u00e9es, les temps d&rsquo;arr\u00eat sont r\u00e9duits au minimum, la dur\u00e9e de vie de l&rsquo;\u00e9quipement est prolong\u00e9e et l&rsquo;\u00e9quipement est fiable et s\u00fbr \u00e0 utiliser.<\/p>\n<p>Avec Smart Hospital Maintenance (SHM), vous disposez de l&rsquo;outil dont vous avez besoin pour mettre en place votre planning de maintenance pr\u00e9ventive planifi\u00e9e et l&rsquo;optimiser :<\/p>\n<\/div>\n<div class=\"col-md-6\">\n<img decoding=\"async\" src=\"https:\/\/www.shm.software\/fr\/wp-content\/uploads\/2023\/09\/SHM_Planned-Preventive-Maintenance_PPM_Intro.jpg\" class=\"img-fluid d-block mx-auto\" alt=\"Planned Preventive Maintenance\">\n<\/div>\n<\/div>\n<\/div>\n<\/div>\n<div class=\"section-lightgrey pt-4\">\n<div class=\"container\">\n<div class=\"row\">\n<div class=\"col-md-4\">\n<div class=\"he-box same-height\">\n<div class=\"he-icon\"><img decoding=\"async\" src=\"https:\/\/www.shm.software\/fr\/wp-content\/uploads\/2023\/09\/ppm-icon1.png\" alt=\"Preventive Maintenance\"><\/div>\n<h3>Maintenance pr\u00e9ventive<\/h3>\n<p class=\"mb-0\">Vous pouvez planifier des t\u00e2ches de routine en fonction des recommandations du fabricant pour tous vos \u00e9quipements. Vous pouvez laisser des instructions et des recommandations du fabricant \u00e0 vos techniciens afin qu&rsquo;ils disposent de toutes les informations n\u00e9cessaires.<\/p>\n<\/div>\n<\/div>\n<div class=\"col-md-4\">\n<div class=\"he-box same-height\">\n<div class=\"he-icon\"><img decoding=\"async\" src=\"https:\/\/www.shm.software\/fr\/wp-content\/uploads\/2023\/09\/ppm-icon2.png\" alt=\"PPM Templates\"><\/div>\n<h3>Mod\u00e8les de MPP<\/h3>\n<p class=\"mb-0\">Avec Smart Hospital Maintenance, vous pouvez cr\u00e9er des mod\u00e8les de plans de GMAO pour diff\u00e9rents types d&rsquo;\u00e9quipements, des groupes ou des marques et mod\u00e8les sp\u00e9cifiques. Une fois ajout\u00e9s, ils seront automatiquement pris en compte pour tous les \u00e9quipements, ce qui facilitera les op\u00e9rations de maintenance pr\u00e9ventive planifi\u00e9e.<\/p>\n<\/div>\n<\/div>\n<div class=\"col-md-4\">\n<div class=\"he-box same-height\">\n<div class=\"he-icon\"><img decoding=\"async\" src=\"https:\/\/www.shm.software\/fr\/wp-content\/uploads\/2023\/09\/ppm-icon3.png\" alt=\"Activity Overview\"><\/div>\n<h3>Aper\u00e7u des activit\u00e9s<\/h3>\n<p class=\"mb-0\">SHM fournit un aper\u00e7u complet de vos activit\u00e9s de maintenance pr\u00e9ventive planifi\u00e9e (MPP) pour chaque jour, semaine, mois et ann\u00e9e sous forme de calendrier ou de liste.<\/p>\n<\/div>\n<\/div>\n<div class=\"col-md-4\">\n<div class=\"he-box same-height\">\n<div class=\"he-icon\"><img decoding=\"async\" src=\"https:\/\/www.shm.software\/fr\/wp-content\/uploads\/2023\/09\/ppm-icon4.png\" alt=\"Assign PPM Tasks\"><\/div>\n<h3>Affecter des t\u00e2ches MPP<\/h3>\n<p class=\"mb-0\">Avec Smart Hospital Maintenance, vous pouvez assigner des activit\u00e9s de maintenance pr\u00e9ventive planifi\u00e9e (MPP) \u00e0 un ou plusieurs techniciens pour travailler ensemble sur des \u00e9quipements sp\u00e9cifiques.<\/p>\n<\/div>\n<\/div>\n<div class=\"col-md-4\">\n<div class=\"he-box same-height\">\n<div class=\"he-icon\"><img decoding=\"async\" src=\"https:\/\/www.shm.software\/fr\/wp-content\/uploads\/2023\/09\/ppm-icon5.png\" alt=\"Checklists\"><\/div>\n<h3>Listes de contr\u00f4le, directives et manuels de service<\/h3>\n<p class=\"mb-0\">Mettez \u00e0 la disposition de votre \u00e9quipe les instructions et documents pour la maintenance pr\u00e9ventive planifi\u00e9e (MPP) afin de garantir une maintenance efficace.<\/p>\n<\/div>\n<\/div>\n<div class=\"col-md-4\">\n<div class=\"he-box same-height\">\n<div class=\"he-icon\"><img decoding=\"async\" src=\"https:\/\/www.shm.software\/fr\/wp-content\/uploads\/2023\/09\/ppm-icon6.png\" alt=\"Cost Control\"><\/div>\n<h3>Contr\u00f4le des co\u00fbts<\/h3>\n<p class=\"mb-0\">En mettant en place une strat\u00e9gie de maintenance pr\u00e9ventive planifi\u00e9e (MPP), vous r\u00e9duisez les temps d&rsquo;arr\u00eat de vos pr\u00e9cieux \u00e9quipements. \u00c0 long terme, cela vous permettra d&rsquo;\u00e9conomiser sur les co\u00fbts li\u00e9s aux r\u00e9parations co\u00fbteuses d&rsquo;\u00e9quipements et aux pi\u00e8ces de rechange. En r\u00e9duisant les temps d&rsquo;arr\u00eat de vos \u00e9quipements, vous serez \u00e9galement en mesure d&rsquo;assurer une prestation continue et coh\u00e9rente de soins de sant\u00e9, ce qui g\u00e9n\u00e9rera \u00e0 nouveau des revenus suppl\u00e9mentaires.<\/p>\n<\/div>\n<\/div>\n<\/div>\n<\/div>\n<\/div>\n<div class=\"section-primary\">\n<div class=\"container\">\n<div class=\"row\">\n<div class=\"col-lg-10 mx-auto text-center\">\n<h4>Vous souhaitez prendre le contr\u00f4le de votre maintenance pr\u00e9ventive planifi\u00e9e ? <br \/>R\u00e9servez votre rendez-vous pour une d\u00e9monstration avec l&rsquo;un de nos experts d\u00e8s aujourd&rsquo;hui pour comprendre comment Smart Hospital Maintenance peut vous aider \u00e0 optimiser votre MPP.<\/h4>\n<div><a href=\"https:\/\/www.shm.software\/fr\/contact-us\" class=\"btn btn-primary mt-3\">R\u00e9server une d\u00e9mo<\/a><\/div>\n<\/div>\n<\/div>\n<\/div>\n<\/div>\n<div class=\"section-white\">\n<div class=\"container\">\n<div class=\"row text-center\">\n<div class=\"col-lg-12\">\n<h3 class=\"mb-0\">Caract\u00e9ristiques suppl\u00e9mentaires<\/h3>\n<\/div>\n<div class=\"col-lg-6\">\n<div class=\"af-box\">\n<h4>Services efficaces<\/h4>\n<div class=\"af-link\">\n<a href=\"https:\/\/www.shm.software\/fr\/asset-matching\">Correspondance des actifs<\/a><br \/>\n<a href=\"https:\/\/www.shm.software\/fr\/document-management\">Gestion des documents<\/a><br \/>\n<a href=\"https:\/\/www.shm.software\/fr\/service-request-management\">Gestion des demande de service<\/a><br \/>\n<a href=\"https:\/\/www.shm.software\/fr\/qr-labels\">G\u00e9n\u00e9ration de QR code<\/a>\n<\/div>\n<\/div>\n<\/div>\n<div class=\"col-lg-6\">\n<div class=\"af-box\">\n<h4>Perspicacit\u00e9 profonde<\/h4>\n<div class=\"af-link\">\n<a href=\"https:\/\/www.shm.software\/fr\/technical-reports\">Rapport technique<\/a><br \/>\n<a href=\"https:\/\/www.shm.software\/fr\/contact-management\">Gestion dess contacts<\/a><br \/>\n<a href=\"https:\/\/www.shm.software\/fr\/contract-administration\">Gestion des contracts<\/a><br \/>\n<a href=\"https:\/\/www.shm.software\/fr\/user-profiles\">Vue d&rsquo;ensemble de l&rsquo;\u00e9quipe<\/a>\n<\/div>\n<\/div>\n<\/div>\n<div class=\"col-lg-6\">\n<div class=\"af-box\">\n<h4>Extensibilit\u00e9<\/h4>\n<div class=\"af-link\">\n<a href=\"https:\/\/www.shm.software\/fr\/facility-integration\">Gestion des actifs<\/a><br \/>\n<a href=\"https:\/\/www.shm.software\/fr\/multi-language-feature\">Int\u00e9gration de l&rsquo;\u00e9tablissement<\/a><br \/>\n<a href=\"https:\/\/www.shm.software\/fr\/relocation-management\">Fonctionnalit\u00e9 multilingue<\/a><br \/>\n<a href=\"https:\/\/www.shm.software\/fr\/shm-database\">Gestion des d\u00e9m\u00e9nagements<\/a>\n<\/div>\n<\/div>\n<\/div>\n<div class=\"col-lg-6\">\n<div class=\"af-box\">\n<h4>Confort<\/h4>\n<div class=\"af-link\">\n<a href=\"https:\/\/www.shm.software\/fr\/customisation\">Customisation<\/a><br \/>\n<a href=\"https:\/\/www.shm.software\/fr\/mobile-application\">Application mobile<\/a><br \/>\n<a href=\"https:\/\/www.shm.software\/fr\/offline-mode\">Mode hors ligne<\/a><br \/>\n<a href=\"https:\/\/www.shm.software\/fr\/bulk-upload\">T\u00e9l\u00e9chargement en masse<\/a>\n<\/div>\n<\/div>\n<\/div>\n<\/div>\n<\/div>\n<\/div>\n","protected":false},"excerpt":{"rendered":"<p>Maintenance pr\u00e9ventive planifi\u00e9e La maintenance pr\u00e9ventive planifi\u00e9e (MPP) dans les \u00e9tablissements de sant\u00e9 fait r\u00e9f\u00e9rence aux activit\u00e9s de maintenance proactive de tout \u00e9quipement. Cela inclut, mais sans s&rsquo;y limiter, la planification et l&rsquo;ex\u00e9cution de t\u00e2ches de routine \u00e0 des intervalles pr\u00e9d\u00e9finis. La mise en place de plans MPP doit \u00eatre effectu\u00e9e individuellement pour chaque \u00e9quipement.asset. [&#8230;]<\/p>\n<p><a class=\"btn btn-secondary understrap-read-more-link\" href=\"https:\/\/www.shm.software\/fr\/planned-preventive-maintenance\">Lire la suite&#8230;<\/a><\/p>\n","protected":false},"author":1,"featured_media":0,"parent":0,"menu_order":0,"comment_status":"closed","ping_status":"closed","template":"page-templates\/empty.php","meta":{"footnotes":""},"class_list":["post-165","page","type-page","status-publish","hentry"],"yoast_head":"<!-- This site is optimized with the Yoast SEO plugin v26.8 - https:\/\/yoast.com\/product\/yoast-seo-wordpress\/ -->\n<title>Maintenance pr\u00e9ventive planifi\u00e9e - SMART HOSPITAL MAINTENANCE<\/title>\n<meta name=\"robots\" content=\"index, follow, max-snippet:-1, max-image-preview:large, max-video-preview:-1\" \/>\n<link rel=\"canonical\" href=\"https:\/\/www.shm.software\/fr\/planned-preventive-maintenance\" \/>\n<meta property=\"og:locale\" content=\"fr_FR\" \/>\n<meta property=\"og:type\" content=\"article\" \/>\n<meta property=\"og:title\" content=\"Maintenance pr\u00e9ventive planifi\u00e9e - SMART HOSPITAL MAINTENANCE\" \/>\n<meta property=\"og:description\" content=\"Maintenance pr\u00e9ventive planifi\u00e9e La maintenance pr\u00e9ventive planifi\u00e9e (MPP) dans les \u00e9tablissements de sant\u00e9 fait r\u00e9f\u00e9rence aux activit\u00e9s de maintenance proactive de tout \u00e9quipement. Cela inclut, mais sans s&rsquo;y limiter, la planification et l&rsquo;ex\u00e9cution de t\u00e2ches de routine \u00e0 des intervalles pr\u00e9d\u00e9finis. La mise en place de plans MPP doit \u00eatre effectu\u00e9e individuellement pour chaque \u00e9quipement.asset. [...]Lire la suite...\" \/>\n<meta property=\"og:url\" content=\"https:\/\/www.shm.software\/fr\/planned-preventive-maintenance\" \/>\n<meta property=\"og:site_name\" content=\"SMART HOSPITAL MAINTENANCE\" \/>\n<meta property=\"article:modified_time\" content=\"2023-11-01T11:08:22+00:00\" \/>\n<meta property=\"og:image\" content=\"https:\/\/www.shm.software\/fr\/wp-content\/uploads\/2023\/09\/SHM_Planned-Preventive-Maintenance_PPM_Intro.jpg\" \/>\n<meta name=\"twitter:card\" content=\"summary_large_image\" \/>\n<meta name=\"twitter:label1\" content=\"Dur\u00e9e de lecture estim\u00e9e\" \/>\n\t<meta name=\"twitter:data1\" content=\"4 minutes\" \/>\n<script type=\"application\/ld+json\" class=\"yoast-schema-graph\">{\"@context\":\"https:\/\/schema.org\",\"@graph\":[{\"@type\":\"WebPage\",\"@id\":\"https:\/\/www.shm.software\/fr\/planned-preventive-maintenance\",\"url\":\"https:\/\/www.shm.software\/fr\/planned-preventive-maintenance\",\"name\":\"Maintenance pr\u00e9ventive planifi\u00e9e - SMART HOSPITAL MAINTENANCE\",\"isPartOf\":{\"@id\":\"https:\/\/www.shm.software\/fr\/#website\"},\"primaryImageOfPage\":{\"@id\":\"https:\/\/www.shm.software\/fr\/planned-preventive-maintenance#primaryimage\"},\"image\":{\"@id\":\"https:\/\/www.shm.software\/fr\/planned-preventive-maintenance#primaryimage\"},\"thumbnailUrl\":\"https:\/\/www.shm.software\/fr\/wp-content\/uploads\/2023\/09\/SHM_Planned-Preventive-Maintenance_PPM_Intro.jpg\",\"datePublished\":\"2023-08-31T07:40:45+00:00\",\"dateModified\":\"2023-11-01T11:08:22+00:00\",\"breadcrumb\":{\"@id\":\"https:\/\/www.shm.software\/fr\/planned-preventive-maintenance#breadcrumb\"},\"inLanguage\":\"fr-FR\",\"potentialAction\":[{\"@type\":\"ReadAction\",\"target\":[\"https:\/\/www.shm.software\/fr\/planned-preventive-maintenance\"]}]},{\"@type\":\"ImageObject\",\"inLanguage\":\"fr-FR\",\"@id\":\"https:\/\/www.shm.software\/fr\/planned-preventive-maintenance#primaryimage\",\"url\":\"https:\/\/www.shm.software\/fr\/wp-content\/uploads\/2023\/09\/SHM_Planned-Preventive-Maintenance_PPM_Intro.jpg\",\"contentUrl\":\"https:\/\/www.shm.software\/fr\/wp-content\/uploads\/2023\/09\/SHM_Planned-Preventive-Maintenance_PPM_Intro.jpg\",\"width\":600,\"height\":400},{\"@type\":\"BreadcrumbList\",\"@id\":\"https:\/\/www.shm.software\/fr\/planned-preventive-maintenance#breadcrumb\",\"itemListElement\":[{\"@type\":\"ListItem\",\"position\":1,\"name\":\"Accueil\",\"item\":\"https:\/\/www.shm.software\/fr\/\"},{\"@type\":\"ListItem\",\"position\":2,\"name\":\"Maintenance pr\u00e9ventive planifi\u00e9e\"}]},{\"@type\":\"WebSite\",\"@id\":\"https:\/\/www.shm.software\/fr\/#website\",\"url\":\"https:\/\/www.shm.software\/fr\/\",\"name\":\"SMART HOSPITAL MAINTENANCE\",\"description\":\"\",\"potentialAction\":[{\"@type\":\"SearchAction\",\"target\":{\"@type\":\"EntryPoint\",\"urlTemplate\":\"https:\/\/www.shm.software\/fr\/?s={search_term_string}\"},\"query-input\":{\"@type\":\"PropertyValueSpecification\",\"valueRequired\":true,\"valueName\":\"search_term_string\"}}],\"inLanguage\":\"fr-FR\"}]}<\/script>\n<!-- \/ Yoast SEO plugin. -->","yoast_head_json":{"title":"Maintenance pr\u00e9ventive planifi\u00e9e - SMART HOSPITAL MAINTENANCE","robots":{"index":"index","follow":"follow","max-snippet":"max-snippet:-1","max-image-preview":"max-image-preview:large","max-video-preview":"max-video-preview:-1"},"canonical":"https:\/\/www.shm.software\/fr\/planned-preventive-maintenance","og_locale":"fr_FR","og_type":"article","og_title":"Maintenance pr\u00e9ventive planifi\u00e9e - SMART HOSPITAL MAINTENANCE","og_description":"Maintenance pr\u00e9ventive planifi\u00e9e La maintenance pr\u00e9ventive planifi\u00e9e (MPP) dans les \u00e9tablissements de sant\u00e9 fait r\u00e9f\u00e9rence aux activit\u00e9s de maintenance proactive de tout \u00e9quipement. Cela inclut, mais sans s&rsquo;y limiter, la planification et l&rsquo;ex\u00e9cution de t\u00e2ches de routine \u00e0 des intervalles pr\u00e9d\u00e9finis. La mise en place de plans MPP doit \u00eatre effectu\u00e9e individuellement pour chaque \u00e9quipement.asset. [...]Lire la suite...","og_url":"https:\/\/www.shm.software\/fr\/planned-preventive-maintenance","og_site_name":"SMART HOSPITAL MAINTENANCE","article_modified_time":"2023-11-01T11:08:22+00:00","og_image":[{"url":"https:\/\/www.shm.software\/fr\/wp-content\/uploads\/2023\/09\/SHM_Planned-Preventive-Maintenance_PPM_Intro.jpg","type":"","width":"","height":""}],"twitter_card":"summary_large_image","twitter_misc":{"Dur\u00e9e de lecture estim\u00e9e":"4 minutes"},"schema":{"@context":"https:\/\/schema.org","@graph":[{"@type":"WebPage","@id":"https:\/\/www.shm.software\/fr\/planned-preventive-maintenance","url":"https:\/\/www.shm.software\/fr\/planned-preventive-maintenance","name":"Maintenance pr\u00e9ventive planifi\u00e9e - SMART HOSPITAL MAINTENANCE","isPartOf":{"@id":"https:\/\/www.shm.software\/fr\/#website"},"primaryImageOfPage":{"@id":"https:\/\/www.shm.software\/fr\/planned-preventive-maintenance#primaryimage"},"image":{"@id":"https:\/\/www.shm.software\/fr\/planned-preventive-maintenance#primaryimage"},"thumbnailUrl":"https:\/\/www.shm.software\/fr\/wp-content\/uploads\/2023\/09\/SHM_Planned-Preventive-Maintenance_PPM_Intro.jpg","datePublished":"2023-08-31T07:40:45+00:00","dateModified":"2023-11-01T11:08:22+00:00","breadcrumb":{"@id":"https:\/\/www.shm.software\/fr\/planned-preventive-maintenance#breadcrumb"},"inLanguage":"fr-FR","potentialAction":[{"@type":"ReadAction","target":["https:\/\/www.shm.software\/fr\/planned-preventive-maintenance"]}]},{"@type":"ImageObject","inLanguage":"fr-FR","@id":"https:\/\/www.shm.software\/fr\/planned-preventive-maintenance#primaryimage","url":"https:\/\/www.shm.software\/fr\/wp-content\/uploads\/2023\/09\/SHM_Planned-Preventive-Maintenance_PPM_Intro.jpg","contentUrl":"https:\/\/www.shm.software\/fr\/wp-content\/uploads\/2023\/09\/SHM_Planned-Preventive-Maintenance_PPM_Intro.jpg","width":600,"height":400},{"@type":"BreadcrumbList","@id":"https:\/\/www.shm.software\/fr\/planned-preventive-maintenance#breadcrumb","itemListElement":[{"@type":"ListItem","position":1,"name":"Accueil","item":"https:\/\/www.shm.software\/fr\/"},{"@type":"ListItem","position":2,"name":"Maintenance pr\u00e9ventive planifi\u00e9e"}]},{"@type":"WebSite","@id":"https:\/\/www.shm.software\/fr\/#website","url":"https:\/\/www.shm.software\/fr\/","name":"SMART HOSPITAL MAINTENANCE","description":"","potentialAction":[{"@type":"SearchAction","target":{"@type":"EntryPoint","urlTemplate":"https:\/\/www.shm.software\/fr\/?s={search_term_string}"},"query-input":{"@type":"PropertyValueSpecification","valueRequired":true,"valueName":"search_term_string"}}],"inLanguage":"fr-FR"}]}},"_links":{"self":[{"href":"https:\/\/www.shm.software\/fr\/wp-json\/wp\/v2\/pages\/165","targetHints":{"allow":["GET"]}}],"collection":[{"href":"https:\/\/www.shm.software\/fr\/wp-json\/wp\/v2\/pages"}],"about":[{"href":"https:\/\/www.shm.software\/fr\/wp-json\/wp\/v2\/types\/page"}],"author":[{"embeddable":true,"href":"https:\/\/www.shm.software\/fr\/wp-json\/wp\/v2\/users\/1"}],"replies":[{"embeddable":true,"href":"https:\/\/www.shm.software\/fr\/wp-json\/wp\/v2\/comments?post=165"}],"version-history":[{"count":10,"href":"https:\/\/www.shm.software\/fr\/wp-json\/wp\/v2\/pages\/165\/revisions"}],"predecessor-version":[{"id":689,"href":"https:\/\/www.shm.software\/fr\/wp-json\/wp\/v2\/pages\/165\/revisions\/689"}],"wp:attachment":[{"href":"https:\/\/www.shm.software\/fr\/wp-json\/wp\/v2\/media?parent=165"}],"curies":[{"name":"wp","href":"https:\/\/api.w.org\/{rel}","templated":true}]}}