{"id":167,"date":"2023-08-31T07:40:51","date_gmt":"2023-08-31T07:40:51","guid":{"rendered":"https:\/\/www.shm.software\/fr\/?page_id=167"},"modified":"2023-11-01T10:48:23","modified_gmt":"2023-11-01T10:48:23","slug":"corrective-maintenance","status":"publish","type":"page","link":"https:\/\/www.shm.software\/fr\/corrective-maintenance","title":{"rendered":"Maintenance Corrective"},"content":{"rendered":"<div class=\"corrective-bg in-head\"><\/div>\n<p id=\"breadcrumbs\"><span><span><a href=\"https:\/\/www.shm.software\/fr\/\">Accueil<\/a><\/span><\/span><\/p>\n<div class=\"section-white\">\n<div class=\"container\">\n<div class=\"row align-items-center\">\n<div class=\"col-md-6\">\n<h1>Maintenance Corrective<\/h1>\n<p>La maintenance corrective consiste \u00e0 r\u00e9soudre les pannes d&rsquo;\u00e9quipement et autres dysfonctionnements inattendus. Elle comprend les mesures n\u00e9cessaires pour maintenir les fonctions de l&rsquo;actif et le rendre pleinement fonctionnel et disponible pour l&rsquo;\u00e9tablissement de soins de sant\u00e9.<\/p>\n<p>Le temps est un facteur essentiel, en particulier pour la maintenance corrective. Un \u00e9tablissement de sant\u00e9 a besoin d&rsquo;une strat\u00e9gie de maintenance corrective qui permette aux utilisateurs finaux de l&rsquo;\u00e9quipement de communiquer avec l&rsquo;\u00e9quipe du service technique et d&rsquo;organiser rapidement les activit\u00e9s n\u00e9cessaires pour corriger le dysfonctionnement. En corrigeant le d\u00e9faut le plus rapidement possible, les temps d&rsquo;arr\u00eat de l&rsquo;\u00e9quipement peuvent \u00eatre r\u00e9duits de mani\u00e8re significative.<\/p>\n<p>Smart Hospital Maintenance (SHM) permet d&rsquo;organiser l&rsquo;ensemble des activit\u00e9s de maintenance corrective.<\/p>\n<\/div>\n<div class=\"col-md-6\">\n<img decoding=\"async\" src=\"https:\/\/www.shm.software\/fr\/wp-content\/uploads\/2023\/09\/SHM_Corrective-Maintenance_Repair.jpg\" class=\"img-fluid d-block mx-auto\" alt=\"Corrective Maintenance\">\n<\/div>\n<\/div>\n<\/div>\n<\/div>\n<div class=\"section-lightgrey\">\n<div class=\"container\">\n<div class=\"row\">\n<div class=\"col-md-6\">\n<h3>Demande de service<\/h3>\n<p>Tout utilisateur final peut demander des services techniques et suivre l&rsquo;\u00e9tat d&rsquo;avancement des travaux via l&rsquo;interface utilisateur SHM.<\/p>\n<\/div>\n<div class=\"col-md-6\">\n<h3>Attribuer des t\u00e2ches de maintenance corrective<\/h3>\n<p>Les techniciens disposant des droits d&rsquo;acc\u00e8s appropri\u00e9s peuvent proc\u00e9der imm\u00e9diatement \u00e0 la maintenance corrective.<\/p>\n<\/div>\n<\/div>\n<\/div>\n<\/div>\n<div class=\"section-white\">\n<div class=\"container\">\n<div class=\"row\">\n<div class=\"col-md-8 mx-auto\">\n<img decoding=\"async\" src=\"https:\/\/www.shm.software\/fr\/wp-content\/uploads\/2023\/09\/SHM_Corrective-Maintenance_-Assets.jpg\" class=\"img-fluid d-block mx-auto\" alt=\"SHM Corrective Maintenance Assets\">\n<\/div>\n<\/div>\n<\/div>\n<\/div>\n<div class=\"section-lightgrey\">\n<div class=\"container\">\n<div class=\"row\">\n<div class=\"col-md-6\">\n<h3>\u00c9tablir des priorit\u00e9s<\/h3>\n<p>Vous pouvez personnaliser le niveau de priorit\u00e9 de n&rsquo;importe quel actif dans SHM. Cela permet \u00e0 votre \u00e9quipe de service technique de travailler d&rsquo;abord sur les actifs les plus prioritaires.<\/p>\n<\/div>\n<div class=\"col-md-6\">\n<h3>Documentation<\/h3>\n<p>Chaque bon de travail et chaque demande de service seront document\u00e9s s\u00e9par\u00e9ment pour chaque actif afin de fournir une vue d&rsquo;ensemble d\u00e9taill\u00e9e de l&rsquo;historique de maintenance de votre bien.<\/p>\n<\/div>\n<div class=\"col-md-6\">\n<h3>Listes de contr\u00f4le, lignes directrices et manuels de service<\/h3>\n<p>Cr\u00e9ez tous les documents n\u00e9cessaires \u00e0 la r\u00e9paration des \u00e9quipements disponibles dans Smart Hospital Maintenance.<\/p>\n<\/div>\n<div class=\"col-md-6\">\n<h3>Prise de decision<\/h3>\n<p>Gr\u00e2ce \u00e0 l&rsquo;acc\u00e8s direct \u00e0 l&rsquo;ensemble des enregistrements des actifs sur Smart Hospital Maintenance, les gestionnaires d&rsquo;\u00e9quipement disposent des donn\u00e9es n\u00e9cessaires pour d\u00e9cider si un actif doit \u00eatre r\u00e9par\u00e9 ou si un remplacement serait plus \u00e9conomique.<\/p>\n<\/div>\n<\/div>\n<\/div>\n<\/div>\n<div class=\"section-primary\">\n<div class=\"container\">\n<div class=\"row\">\n<div class=\"col-lg-10 mx-auto text-center\">\n<h4>Vous souhaitez savoir comment Smart Hospital Maintenance prend en charge la maintenance corrective ?<\/h4>\n<h4>R\u00e9servez votre d\u00e9mo en direct avec l&rsquo;un de nos experts<\/h4>\n<div><a href=\"https:\/\/www.shm.software\/fr\/contact-us\" class=\"btn btn-primary mt-3\">R\u00e9server une d\u00e9mo<\/a><\/div>\n<\/div>\n<\/div>\n<\/div>\n<\/div>\n<div class=\"section-white\">\n<div class=\"container\">\n<div class=\"row text-center\">\n<div class=\"col-lg-12\">\n<h3 class=\"mb-0\">Caract\u00e9ristiques suppl\u00e9mentaires<\/h3>\n<\/div>\n<div class=\"col-lg-6\">\n<div class=\"af-box\">\n<h4>Services efficaces<\/h4>\n<div class=\"af-link\">\n<a href=\"https:\/\/www.shm.software\/fr\/asset-matching\">Correspondance des actifs<\/a><br \/>\n<a href=\"https:\/\/www.shm.software\/fr\/document-management\">Gestion des documents<\/a><br \/>\n<a href=\"https:\/\/www.shm.software\/fr\/service-request-management\">Gestion des demande de service<\/a><br \/>\n<a href=\"https:\/\/www.shm.software\/fr\/qr-labels\">G\u00e9n\u00e9ration de QR code<\/a>\n<\/div>\n<\/div>\n<\/div>\n<div class=\"col-lg-6\">\n<div class=\"af-box\">\n<h4>Perspicacit\u00e9 profonde<\/h4>\n<div class=\"af-link\">\n<a href=\"https:\/\/www.shm.software\/fr\/technical-reports\">Rapport technique<\/a><br \/>\n<a href=\"https:\/\/www.shm.software\/fr\/contact-management\">Gestion dess contacts<\/a><br \/>\n<a href=\"https:\/\/www.shm.software\/fr\/contract-administration\">Gestion des contracts<\/a><br \/>\n<a href=\"https:\/\/www.shm.software\/fr\/user-profiles\">Vue d&rsquo;ensemble de l&rsquo;\u00e9quipe<\/a>\n<\/div>\n<\/div>\n<\/div>\n<div class=\"col-lg-6\">\n<div class=\"af-box\">\n<h4>Extensibilit\u00e9<\/h4>\n<div class=\"af-link\">\n<a href=\"https:\/\/www.shm.software\/fr\/facility-integration\">Gestion des actifs<\/a><br \/>\n<a href=\"https:\/\/www.shm.software\/fr\/multi-language-feature\">Int\u00e9gration de l&rsquo;\u00e9tablissement<\/a><br \/>\n<a href=\"https:\/\/www.shm.software\/fr\/relocation-management\">Fonctionnalit\u00e9 multilingue<\/a><br \/>\n<a href=\"https:\/\/www.shm.software\/fr\/shm-database\">Gestion des d\u00e9m\u00e9nagements<\/a>\n<\/div>\n<\/div>\n<\/div>\n<div class=\"col-lg-6\">\n<div class=\"af-box\">\n<h4>Confort<\/h4>\n<div class=\"af-link\">\n<a href=\"https:\/\/www.shm.software\/fr\/customisation\">Customisation<\/a><br \/>\n<a href=\"https:\/\/www.shm.software\/fr\/mobile-application\">Application mobile<\/a><br \/>\n<a href=\"https:\/\/www.shm.software\/fr\/offline-mode\">Mode hors ligne<\/a><br \/>\n<a href=\"https:\/\/www.shm.software\/fr\/bulk-upload\">T\u00e9l\u00e9chargement en masse<\/a>\n<\/div>\n<\/div>\n<\/div>\n<\/div>\n<\/div>\n<\/div>\n","protected":false},"excerpt":{"rendered":"<p>Maintenance Corrective La maintenance corrective consiste \u00e0 r\u00e9soudre les pannes d&rsquo;\u00e9quipement et autres dysfonctionnements inattendus. Elle comprend les mesures n\u00e9cessaires pour maintenir les fonctions de l&rsquo;actif et le rendre pleinement fonctionnel et disponible pour l&rsquo;\u00e9tablissement de soins de sant\u00e9. Le temps est un facteur essentiel, en particulier pour la maintenance corrective. Un \u00e9tablissement de sant\u00e9 [&#8230;]<\/p>\n<p><a class=\"btn btn-secondary understrap-read-more-link\" href=\"https:\/\/www.shm.software\/fr\/corrective-maintenance\">Lire la suite&#8230;<\/a><\/p>\n","protected":false},"author":1,"featured_media":0,"parent":0,"menu_order":0,"comment_status":"closed","ping_status":"closed","template":"page-templates\/empty.php","meta":{"footnotes":""},"class_list":["post-167","page","type-page","status-publish","hentry"],"yoast_head":"<!-- This site is optimized with the Yoast SEO plugin v26.8 - https:\/\/yoast.com\/product\/yoast-seo-wordpress\/ -->\n<title>Maintenance Corrective - SMART HOSPITAL MAINTENANCE<\/title>\n<meta name=\"robots\" content=\"index, follow, max-snippet:-1, max-image-preview:large, max-video-preview:-1\" \/>\n<link rel=\"canonical\" href=\"https:\/\/www.shm.software\/fr\/corrective-maintenance\" \/>\n<meta property=\"og:locale\" content=\"fr_FR\" \/>\n<meta property=\"og:type\" content=\"article\" \/>\n<meta property=\"og:title\" content=\"Maintenance Corrective - SMART HOSPITAL MAINTENANCE\" \/>\n<meta property=\"og:description\" content=\"Maintenance Corrective La maintenance corrective consiste \u00e0 r\u00e9soudre les pannes d&rsquo;\u00e9quipement et autres dysfonctionnements inattendus. Elle comprend les mesures n\u00e9cessaires pour maintenir les fonctions de l&rsquo;actif et le rendre pleinement fonctionnel et disponible pour l&rsquo;\u00e9tablissement de soins de sant\u00e9. Le temps est un facteur essentiel, en particulier pour la maintenance corrective. Un \u00e9tablissement de sant\u00e9 [...]Lire la suite...\" \/>\n<meta property=\"og:url\" content=\"https:\/\/www.shm.software\/fr\/corrective-maintenance\" \/>\n<meta property=\"og:site_name\" content=\"SMART HOSPITAL MAINTENANCE\" \/>\n<meta property=\"article:modified_time\" content=\"2023-11-01T10:48:23+00:00\" \/>\n<meta property=\"og:image\" content=\"https:\/\/www.shm.software\/fr\/wp-content\/uploads\/2023\/09\/SHM_Corrective-Maintenance_Repair.jpg\" \/>\n<meta name=\"twitter:card\" content=\"summary_large_image\" \/>\n<meta name=\"twitter:label1\" content=\"Dur\u00e9e de lecture estim\u00e9e\" \/>\n\t<meta name=\"twitter:data1\" content=\"2 minutes\" \/>\n<script type=\"application\/ld+json\" class=\"yoast-schema-graph\">{\"@context\":\"https:\/\/schema.org\",\"@graph\":[{\"@type\":\"WebPage\",\"@id\":\"https:\/\/www.shm.software\/fr\/corrective-maintenance\",\"url\":\"https:\/\/www.shm.software\/fr\/corrective-maintenance\",\"name\":\"Maintenance Corrective - SMART HOSPITAL MAINTENANCE\",\"isPartOf\":{\"@id\":\"https:\/\/www.shm.software\/fr\/#website\"},\"primaryImageOfPage\":{\"@id\":\"https:\/\/www.shm.software\/fr\/corrective-maintenance#primaryimage\"},\"image\":{\"@id\":\"https:\/\/www.shm.software\/fr\/corrective-maintenance#primaryimage\"},\"thumbnailUrl\":\"https:\/\/www.shm.software\/fr\/wp-content\/uploads\/2023\/09\/SHM_Corrective-Maintenance_Repair.jpg\",\"datePublished\":\"2023-08-31T07:40:51+00:00\",\"dateModified\":\"2023-11-01T10:48:23+00:00\",\"breadcrumb\":{\"@id\":\"https:\/\/www.shm.software\/fr\/corrective-maintenance#breadcrumb\"},\"inLanguage\":\"fr-FR\",\"potentialAction\":[{\"@type\":\"ReadAction\",\"target\":[\"https:\/\/www.shm.software\/fr\/corrective-maintenance\"]}]},{\"@type\":\"ImageObject\",\"inLanguage\":\"fr-FR\",\"@id\":\"https:\/\/www.shm.software\/fr\/corrective-maintenance#primaryimage\",\"url\":\"https:\/\/www.shm.software\/fr\/wp-content\/uploads\/2023\/09\/SHM_Corrective-Maintenance_Repair.jpg\",\"contentUrl\":\"https:\/\/www.shm.software\/fr\/wp-content\/uploads\/2023\/09\/SHM_Corrective-Maintenance_Repair.jpg\",\"width\":600,\"height\":400},{\"@type\":\"BreadcrumbList\",\"@id\":\"https:\/\/www.shm.software\/fr\/corrective-maintenance#breadcrumb\",\"itemListElement\":[{\"@type\":\"ListItem\",\"position\":1,\"name\":\"Accueil\",\"item\":\"https:\/\/www.shm.software\/fr\/\"},{\"@type\":\"ListItem\",\"position\":2,\"name\":\"Maintenance Corrective\"}]},{\"@type\":\"WebSite\",\"@id\":\"https:\/\/www.shm.software\/fr\/#website\",\"url\":\"https:\/\/www.shm.software\/fr\/\",\"name\":\"SMART HOSPITAL MAINTENANCE\",\"description\":\"\",\"potentialAction\":[{\"@type\":\"SearchAction\",\"target\":{\"@type\":\"EntryPoint\",\"urlTemplate\":\"https:\/\/www.shm.software\/fr\/?s={search_term_string}\"},\"query-input\":{\"@type\":\"PropertyValueSpecification\",\"valueRequired\":true,\"valueName\":\"search_term_string\"}}],\"inLanguage\":\"fr-FR\"}]}<\/script>\n<!-- \/ Yoast SEO plugin. -->","yoast_head_json":{"title":"Maintenance Corrective - SMART HOSPITAL MAINTENANCE","robots":{"index":"index","follow":"follow","max-snippet":"max-snippet:-1","max-image-preview":"max-image-preview:large","max-video-preview":"max-video-preview:-1"},"canonical":"https:\/\/www.shm.software\/fr\/corrective-maintenance","og_locale":"fr_FR","og_type":"article","og_title":"Maintenance Corrective - SMART HOSPITAL MAINTENANCE","og_description":"Maintenance Corrective La maintenance corrective consiste \u00e0 r\u00e9soudre les pannes d&rsquo;\u00e9quipement et autres dysfonctionnements inattendus. Elle comprend les mesures n\u00e9cessaires pour maintenir les fonctions de l&rsquo;actif et le rendre pleinement fonctionnel et disponible pour l&rsquo;\u00e9tablissement de soins de sant\u00e9. Le temps est un facteur essentiel, en particulier pour la maintenance corrective. Un \u00e9tablissement de sant\u00e9 [...]Lire la suite...","og_url":"https:\/\/www.shm.software\/fr\/corrective-maintenance","og_site_name":"SMART HOSPITAL MAINTENANCE","article_modified_time":"2023-11-01T10:48:23+00:00","og_image":[{"url":"https:\/\/www.shm.software\/fr\/wp-content\/uploads\/2023\/09\/SHM_Corrective-Maintenance_Repair.jpg","type":"","width":"","height":""}],"twitter_card":"summary_large_image","twitter_misc":{"Dur\u00e9e de lecture estim\u00e9e":"2 minutes"},"schema":{"@context":"https:\/\/schema.org","@graph":[{"@type":"WebPage","@id":"https:\/\/www.shm.software\/fr\/corrective-maintenance","url":"https:\/\/www.shm.software\/fr\/corrective-maintenance","name":"Maintenance Corrective - SMART HOSPITAL MAINTENANCE","isPartOf":{"@id":"https:\/\/www.shm.software\/fr\/#website"},"primaryImageOfPage":{"@id":"https:\/\/www.shm.software\/fr\/corrective-maintenance#primaryimage"},"image":{"@id":"https:\/\/www.shm.software\/fr\/corrective-maintenance#primaryimage"},"thumbnailUrl":"https:\/\/www.shm.software\/fr\/wp-content\/uploads\/2023\/09\/SHM_Corrective-Maintenance_Repair.jpg","datePublished":"2023-08-31T07:40:51+00:00","dateModified":"2023-11-01T10:48:23+00:00","breadcrumb":{"@id":"https:\/\/www.shm.software\/fr\/corrective-maintenance#breadcrumb"},"inLanguage":"fr-FR","potentialAction":[{"@type":"ReadAction","target":["https:\/\/www.shm.software\/fr\/corrective-maintenance"]}]},{"@type":"ImageObject","inLanguage":"fr-FR","@id":"https:\/\/www.shm.software\/fr\/corrective-maintenance#primaryimage","url":"https:\/\/www.shm.software\/fr\/wp-content\/uploads\/2023\/09\/SHM_Corrective-Maintenance_Repair.jpg","contentUrl":"https:\/\/www.shm.software\/fr\/wp-content\/uploads\/2023\/09\/SHM_Corrective-Maintenance_Repair.jpg","width":600,"height":400},{"@type":"BreadcrumbList","@id":"https:\/\/www.shm.software\/fr\/corrective-maintenance#breadcrumb","itemListElement":[{"@type":"ListItem","position":1,"name":"Accueil","item":"https:\/\/www.shm.software\/fr\/"},{"@type":"ListItem","position":2,"name":"Maintenance Corrective"}]},{"@type":"WebSite","@id":"https:\/\/www.shm.software\/fr\/#website","url":"https:\/\/www.shm.software\/fr\/","name":"SMART HOSPITAL MAINTENANCE","description":"","potentialAction":[{"@type":"SearchAction","target":{"@type":"EntryPoint","urlTemplate":"https:\/\/www.shm.software\/fr\/?s={search_term_string}"},"query-input":{"@type":"PropertyValueSpecification","valueRequired":true,"valueName":"search_term_string"}}],"inLanguage":"fr-FR"}]}},"_links":{"self":[{"href":"https:\/\/www.shm.software\/fr\/wp-json\/wp\/v2\/pages\/167","targetHints":{"allow":["GET"]}}],"collection":[{"href":"https:\/\/www.shm.software\/fr\/wp-json\/wp\/v2\/pages"}],"about":[{"href":"https:\/\/www.shm.software\/fr\/wp-json\/wp\/v2\/types\/page"}],"author":[{"embeddable":true,"href":"https:\/\/www.shm.software\/fr\/wp-json\/wp\/v2\/users\/1"}],"replies":[{"embeddable":true,"href":"https:\/\/www.shm.software\/fr\/wp-json\/wp\/v2\/comments?post=167"}],"version-history":[{"count":9,"href":"https:\/\/www.shm.software\/fr\/wp-json\/wp\/v2\/pages\/167\/revisions"}],"predecessor-version":[{"id":673,"href":"https:\/\/www.shm.software\/fr\/wp-json\/wp\/v2\/pages\/167\/revisions\/673"}],"wp:attachment":[{"href":"https:\/\/www.shm.software\/fr\/wp-json\/wp\/v2\/media?parent=167"}],"curies":[{"name":"wp","href":"https:\/\/api.w.org\/{rel}","templated":true}]}}