{"id":169,"date":"2023-08-31T07:41:01","date_gmt":"2023-08-31T07:41:01","guid":{"rendered":"https:\/\/www.shm.software\/fr\/?page_id=169"},"modified":"2023-11-01T11:07:30","modified_gmt":"2023-11-01T11:07:30","slug":"inspection-maintenance","status":"publish","type":"page","link":"https:\/\/www.shm.software\/fr\/inspection-maintenance","title":{"rendered":"Maintenance d&rsquo;inspection"},"content":{"rendered":"<div class=\"inspection-bg in-head\"><\/div>\n<p id=\"breadcrumbs\"><span><span><a href=\"https:\/\/www.shm.software\/fr\/\">Accueil<\/a><\/span><\/span><\/p>\n<div class=\"section-white\">\n<div class=\"container\">\n<div class=\"row align-items-center\">\n<div class=\"col-md-6\">\n<h1>Maintenance d&rsquo;inspection<\/h1>\n<p>Bien que la maintenance d&rsquo;inspection pr\u00e9sente des similitudes avec la maintenance pr\u00e9ventive planifi\u00e9e, elle n&rsquo;est pas tout \u00e0 fait la m\u00eame. Sous la maintenance d&rsquo;inspection, un processus syst\u00e9matique d&rsquo;examen et d&rsquo;\u00e9valuation r\u00e9guliers des actifs hospitaliers est compris. Son objectif est d&rsquo;identifier tout probl\u00e8me avec l&rsquo;\u00e9quipement avant qu&rsquo;il n&rsquo;ait un impact n\u00e9gatif sur sa fonctionnalit\u00e9. Cela comprend des inspections visuelles, des v\u00e9rifications fonctionnelles et des \u00e9valuations de base visant \u00e0 d\u00e9tecter les probl\u00e8mes \u00e0 un stade pr\u00e9coce.<\/p>\n<p>La maintenance d&rsquo;inspection implique des \u00e9valuations r\u00e9guli\u00e8res des actifs pour identifier tout signe d&rsquo;usure, de menace potentielle ou d&rsquo;\u00e9cart par rapport \u00e0 l&rsquo;\u00e9tat de fonctionnement standard. Cependant, la maintenance d&rsquo;inspection n&rsquo;a pas toujours besoin d&rsquo;\u00eatre li\u00e9e \u00e0 un calendrier fixe, contrairement \u00e0 la maintenance pr\u00e9ventive planifi\u00e9e.<\/p>\n<p>Avec Smart Hospital Maintenance, la maintenance d&rsquo;inspection peut \u00eatre bien organis\u00e9e dans une seule solution logicielle.<\/p>\n<\/div>\n<div class=\"col-md-6\">\n<img decoding=\"async\" src=\"https:\/\/www.shm.software\/fr\/wp-content\/uploads\/2023\/09\/SHM_Inspecton-Maintenance_Introduction.jpg\" class=\"img-fluid d-block mx-auto\" alt=\"Inspection Maintenance\">\n<\/div>\n<\/div>\n<\/div>\n<\/div>\n<div class=\"section-lightgrey\">\n<div class=\"container\">\n<div class=\"row\">\n<div class=\"col-md-4\">\n<h3>Aper\u00e7u des activit\u00e9s<\/h3>\n<p>SHM fournit un aper\u00e7u complet de vos activit\u00e9s de maintenance d&rsquo;inspection pour chaque jour, semaine, mois et ann\u00e9e sous forme de calendrier ou de liste.<\/p>\n<\/div>\n<div class=\"col-md-4\">\n<h3>Mod\u00e8les d&rsquo;inspection<\/h3>\n<p>Avec Smart Hospital Maintenance, vous pouvez cr\u00e9er des mod\u00e8les de plans d&rsquo;inspection pour les types d&rsquo;actifs, les groupes ou les marques et mod\u00e8les sp\u00e9cifiques. Une fois ajout\u00e9s, ils seront automatiquement pris en compte pour tous les actifs afin de garantir des op\u00e9rations d&rsquo;inspection homog\u00e9nes.<\/p>\n<\/div>\n<div class=\"col-md-4\">\n<h3>Planification du personnel<\/h3>\n<p>Involve Impliquez vos techniciens dans l&rsquo;inspection de vos biens pr\u00e9cieux pour d\u00e9terminer leur \u00e9tat et initier les mesures n\u00e9cessaires pour les entretenir.<\/p>\n<\/div>\n<\/div>\n<\/div>\n<\/div>\n<div class=\"section-primary\">\n<div class=\"container\">\n<div class=\"row\">\n<div class=\"col-lg-12 mx-auto text-center\">\n<h4>Interested Int\u00e9ress\u00e9 par comment Smart Hospital Maintenance am\u00e9liore la maintenance par inspection?<\/h4>\n<h4>R\u00e9servez votre visite de d\u00e9monstration d\u00e8s aujourd&rsquo;hui !<\/h4>\n<div><a href=\"https:\/\/www.shm.software\/fr\/contact-us\" class=\"btn btn-primary mt-3\">R\u00e9server une d\u00e9mo<\/a><\/div>\n<\/div>\n<\/div>\n<\/div>\n<\/div>\n<div class=\"section-white\">\n<div class=\"container\">\n<div class=\"row text-center\">\n<div class=\"col-lg-12\">\n<h3 class=\"mb-0\">Caract\u00e9ristiques suppl\u00e9mentaires<\/h3>\n<\/div>\n<div class=\"col-lg-6\">\n<div class=\"af-box\">\n<h4>Services efficaces<\/h4>\n<div class=\"af-link\">\n<a href=\"https:\/\/www.shm.software\/fr\/asset-matching\">Correspondance des actifs<\/a><br \/>\n<a href=\"https:\/\/www.shm.software\/fr\/document-management\">Gestion des documents<\/a><br \/>\n<a href=\"https:\/\/www.shm.software\/fr\/service-request-management\">Gestion des demande de service<\/a><br \/>\n<a href=\"https:\/\/www.shm.software\/fr\/qr-labels\">G\u00e9n\u00e9ration de QR code<\/a>\n<\/div>\n<\/div>\n<\/div>\n<div class=\"col-lg-6\">\n<div class=\"af-box\">\n<h4>Perspicacit\u00e9 profonde<\/h4>\n<div class=\"af-link\">\n<a href=\"https:\/\/www.shm.software\/fr\/technical-reports\">Rapport technique<\/a><br \/>\n<a href=\"https:\/\/www.shm.software\/fr\/contact-management\">Gestion dess contacts<\/a><br \/>\n<a href=\"https:\/\/www.shm.software\/fr\/contract-administration\">Gestion des contracts<\/a><br \/>\n<a href=\"https:\/\/www.shm.software\/fr\/user-profiles\">Vue d&rsquo;ensemble de l&rsquo;\u00e9quipe<\/a>\n<\/div>\n<\/div>\n<\/div>\n<div class=\"col-lg-6\">\n<div class=\"af-box\">\n<h4>Extensibilit\u00e9<\/h4>\n<div class=\"af-link\">\n<a href=\"https:\/\/www.shm.software\/fr\/facility-integration\">Gestion des actifs<\/a><br \/>\n<a href=\"https:\/\/www.shm.software\/fr\/multi-language-feature\">Int\u00e9gration de l&rsquo;\u00e9tablissement<\/a><br \/>\n<a href=\"https:\/\/www.shm.software\/fr\/relocation-management\">Fonctionnalit\u00e9 multilingue<\/a><br \/>\n<a href=\"https:\/\/www.shm.software\/fr\/shm-database\">Gestion des d\u00e9m\u00e9nagements<\/a>\n<\/div>\n<\/div>\n<\/div>\n<div class=\"col-lg-6\">\n<div class=\"af-box\">\n<h4>Confort<\/h4>\n<div class=\"af-link\">\n<a href=\"https:\/\/www.shm.software\/fr\/customisation\">Customisation<\/a><br \/>\n<a href=\"https:\/\/www.shm.software\/fr\/mobile-application\">Application mobile<\/a><br \/>\n<a href=\"https:\/\/www.shm.software\/fr\/offline-mode\">Mode hors ligne<\/a><br \/>\n<a href=\"https:\/\/www.shm.software\/fr\/bulk-upload\">T\u00e9l\u00e9chargement en masse<\/a>\n<\/div>\n<\/div>\n<\/div>\n<\/div>\n<\/div>\n<\/div>\n","protected":false},"excerpt":{"rendered":"<p>Maintenance d&rsquo;inspection Bien que la maintenance d&rsquo;inspection pr\u00e9sente des similitudes avec la maintenance pr\u00e9ventive planifi\u00e9e, elle n&rsquo;est pas tout \u00e0 fait la m\u00eame. Sous la maintenance d&rsquo;inspection, un processus syst\u00e9matique d&rsquo;examen et d&rsquo;\u00e9valuation r\u00e9guliers des actifs hospitaliers est compris. Son objectif est d&rsquo;identifier tout probl\u00e8me avec l&rsquo;\u00e9quipement avant qu&rsquo;il n&rsquo;ait un impact n\u00e9gatif sur sa [&#8230;]<\/p>\n<p><a class=\"btn btn-secondary understrap-read-more-link\" href=\"https:\/\/www.shm.software\/fr\/inspection-maintenance\">Lire la suite&#8230;<\/a><\/p>\n","protected":false},"author":1,"featured_media":0,"parent":0,"menu_order":0,"comment_status":"closed","ping_status":"closed","template":"page-templates\/empty.php","meta":{"footnotes":""},"class_list":["post-169","page","type-page","status-publish","hentry"],"yoast_head":"<!-- This site is optimized with the Yoast SEO plugin v26.8 - https:\/\/yoast.com\/product\/yoast-seo-wordpress\/ -->\n<title>Maintenance d&#039;inspection - SMART HOSPITAL MAINTENANCE<\/title>\n<meta name=\"robots\" content=\"index, follow, max-snippet:-1, max-image-preview:large, max-video-preview:-1\" \/>\n<link rel=\"canonical\" href=\"https:\/\/www.shm.software\/fr\/inspection-maintenance\" \/>\n<meta property=\"og:locale\" content=\"fr_FR\" \/>\n<meta property=\"og:type\" content=\"article\" \/>\n<meta property=\"og:title\" content=\"Maintenance d&#039;inspection - SMART HOSPITAL MAINTENANCE\" \/>\n<meta property=\"og:description\" content=\"Maintenance d&rsquo;inspection Bien que la maintenance d&rsquo;inspection pr\u00e9sente des similitudes avec la maintenance pr\u00e9ventive planifi\u00e9e, elle n&rsquo;est pas tout \u00e0 fait la m\u00eame. Sous la maintenance d&rsquo;inspection, un processus syst\u00e9matique d&rsquo;examen et d&rsquo;\u00e9valuation r\u00e9guliers des actifs hospitaliers est compris. Son objectif est d&rsquo;identifier tout probl\u00e8me avec l&rsquo;\u00e9quipement avant qu&rsquo;il n&rsquo;ait un impact n\u00e9gatif sur sa [...]Lire la suite...\" \/>\n<meta property=\"og:url\" content=\"https:\/\/www.shm.software\/fr\/inspection-maintenance\" \/>\n<meta property=\"og:site_name\" content=\"SMART HOSPITAL MAINTENANCE\" \/>\n<meta property=\"article:modified_time\" content=\"2023-11-01T11:07:30+00:00\" \/>\n<meta property=\"og:image\" content=\"https:\/\/www.shm.software\/fr\/wp-content\/uploads\/2023\/09\/SHM_Inspecton-Maintenance_Introduction.jpg\" \/>\n<meta name=\"twitter:card\" content=\"summary_large_image\" \/>\n<meta name=\"twitter:label1\" content=\"Dur\u00e9e de lecture estim\u00e9e\" \/>\n\t<meta name=\"twitter:data1\" content=\"2 minutes\" \/>\n<script type=\"application\/ld+json\" class=\"yoast-schema-graph\">{\"@context\":\"https:\/\/schema.org\",\"@graph\":[{\"@type\":\"WebPage\",\"@id\":\"https:\/\/www.shm.software\/fr\/inspection-maintenance\",\"url\":\"https:\/\/www.shm.software\/fr\/inspection-maintenance\",\"name\":\"Maintenance d'inspection - SMART HOSPITAL MAINTENANCE\",\"isPartOf\":{\"@id\":\"https:\/\/www.shm.software\/fr\/#website\"},\"primaryImageOfPage\":{\"@id\":\"https:\/\/www.shm.software\/fr\/inspection-maintenance#primaryimage\"},\"image\":{\"@id\":\"https:\/\/www.shm.software\/fr\/inspection-maintenance#primaryimage\"},\"thumbnailUrl\":\"https:\/\/www.shm.software\/fr\/wp-content\/uploads\/2023\/09\/SHM_Inspecton-Maintenance_Introduction.jpg\",\"datePublished\":\"2023-08-31T07:41:01+00:00\",\"dateModified\":\"2023-11-01T11:07:30+00:00\",\"breadcrumb\":{\"@id\":\"https:\/\/www.shm.software\/fr\/inspection-maintenance#breadcrumb\"},\"inLanguage\":\"fr-FR\",\"potentialAction\":[{\"@type\":\"ReadAction\",\"target\":[\"https:\/\/www.shm.software\/fr\/inspection-maintenance\"]}]},{\"@type\":\"ImageObject\",\"inLanguage\":\"fr-FR\",\"@id\":\"https:\/\/www.shm.software\/fr\/inspection-maintenance#primaryimage\",\"url\":\"https:\/\/www.shm.software\/fr\/wp-content\/uploads\/2023\/09\/SHM_Inspecton-Maintenance_Introduction.jpg\",\"contentUrl\":\"https:\/\/www.shm.software\/fr\/wp-content\/uploads\/2023\/09\/SHM_Inspecton-Maintenance_Introduction.jpg\",\"width\":600,\"height\":400},{\"@type\":\"BreadcrumbList\",\"@id\":\"https:\/\/www.shm.software\/fr\/inspection-maintenance#breadcrumb\",\"itemListElement\":[{\"@type\":\"ListItem\",\"position\":1,\"name\":\"Accueil\",\"item\":\"https:\/\/www.shm.software\/fr\/\"},{\"@type\":\"ListItem\",\"position\":2,\"name\":\"Maintenance d&#8217;inspection\"}]},{\"@type\":\"WebSite\",\"@id\":\"https:\/\/www.shm.software\/fr\/#website\",\"url\":\"https:\/\/www.shm.software\/fr\/\",\"name\":\"SMART HOSPITAL MAINTENANCE\",\"description\":\"\",\"potentialAction\":[{\"@type\":\"SearchAction\",\"target\":{\"@type\":\"EntryPoint\",\"urlTemplate\":\"https:\/\/www.shm.software\/fr\/?s={search_term_string}\"},\"query-input\":{\"@type\":\"PropertyValueSpecification\",\"valueRequired\":true,\"valueName\":\"search_term_string\"}}],\"inLanguage\":\"fr-FR\"}]}<\/script>\n<!-- \/ Yoast SEO plugin. -->","yoast_head_json":{"title":"Maintenance d'inspection - SMART HOSPITAL MAINTENANCE","robots":{"index":"index","follow":"follow","max-snippet":"max-snippet:-1","max-image-preview":"max-image-preview:large","max-video-preview":"max-video-preview:-1"},"canonical":"https:\/\/www.shm.software\/fr\/inspection-maintenance","og_locale":"fr_FR","og_type":"article","og_title":"Maintenance d'inspection - SMART HOSPITAL MAINTENANCE","og_description":"Maintenance d&rsquo;inspection Bien que la maintenance d&rsquo;inspection pr\u00e9sente des similitudes avec la maintenance pr\u00e9ventive planifi\u00e9e, elle n&rsquo;est pas tout \u00e0 fait la m\u00eame. Sous la maintenance d&rsquo;inspection, un processus syst\u00e9matique d&rsquo;examen et d&rsquo;\u00e9valuation r\u00e9guliers des actifs hospitaliers est compris. Son objectif est d&rsquo;identifier tout probl\u00e8me avec l&rsquo;\u00e9quipement avant qu&rsquo;il n&rsquo;ait un impact n\u00e9gatif sur sa [...]Lire la suite...","og_url":"https:\/\/www.shm.software\/fr\/inspection-maintenance","og_site_name":"SMART HOSPITAL MAINTENANCE","article_modified_time":"2023-11-01T11:07:30+00:00","og_image":[{"url":"https:\/\/www.shm.software\/fr\/wp-content\/uploads\/2023\/09\/SHM_Inspecton-Maintenance_Introduction.jpg","type":"","width":"","height":""}],"twitter_card":"summary_large_image","twitter_misc":{"Dur\u00e9e de lecture estim\u00e9e":"2 minutes"},"schema":{"@context":"https:\/\/schema.org","@graph":[{"@type":"WebPage","@id":"https:\/\/www.shm.software\/fr\/inspection-maintenance","url":"https:\/\/www.shm.software\/fr\/inspection-maintenance","name":"Maintenance d'inspection - SMART HOSPITAL MAINTENANCE","isPartOf":{"@id":"https:\/\/www.shm.software\/fr\/#website"},"primaryImageOfPage":{"@id":"https:\/\/www.shm.software\/fr\/inspection-maintenance#primaryimage"},"image":{"@id":"https:\/\/www.shm.software\/fr\/inspection-maintenance#primaryimage"},"thumbnailUrl":"https:\/\/www.shm.software\/fr\/wp-content\/uploads\/2023\/09\/SHM_Inspecton-Maintenance_Introduction.jpg","datePublished":"2023-08-31T07:41:01+00:00","dateModified":"2023-11-01T11:07:30+00:00","breadcrumb":{"@id":"https:\/\/www.shm.software\/fr\/inspection-maintenance#breadcrumb"},"inLanguage":"fr-FR","potentialAction":[{"@type":"ReadAction","target":["https:\/\/www.shm.software\/fr\/inspection-maintenance"]}]},{"@type":"ImageObject","inLanguage":"fr-FR","@id":"https:\/\/www.shm.software\/fr\/inspection-maintenance#primaryimage","url":"https:\/\/www.shm.software\/fr\/wp-content\/uploads\/2023\/09\/SHM_Inspecton-Maintenance_Introduction.jpg","contentUrl":"https:\/\/www.shm.software\/fr\/wp-content\/uploads\/2023\/09\/SHM_Inspecton-Maintenance_Introduction.jpg","width":600,"height":400},{"@type":"BreadcrumbList","@id":"https:\/\/www.shm.software\/fr\/inspection-maintenance#breadcrumb","itemListElement":[{"@type":"ListItem","position":1,"name":"Accueil","item":"https:\/\/www.shm.software\/fr\/"},{"@type":"ListItem","position":2,"name":"Maintenance d&#8217;inspection"}]},{"@type":"WebSite","@id":"https:\/\/www.shm.software\/fr\/#website","url":"https:\/\/www.shm.software\/fr\/","name":"SMART HOSPITAL MAINTENANCE","description":"","potentialAction":[{"@type":"SearchAction","target":{"@type":"EntryPoint","urlTemplate":"https:\/\/www.shm.software\/fr\/?s={search_term_string}"},"query-input":{"@type":"PropertyValueSpecification","valueRequired":true,"valueName":"search_term_string"}}],"inLanguage":"fr-FR"}]}},"_links":{"self":[{"href":"https:\/\/www.shm.software\/fr\/wp-json\/wp\/v2\/pages\/169","targetHints":{"allow":["GET"]}}],"collection":[{"href":"https:\/\/www.shm.software\/fr\/wp-json\/wp\/v2\/pages"}],"about":[{"href":"https:\/\/www.shm.software\/fr\/wp-json\/wp\/v2\/types\/page"}],"author":[{"embeddable":true,"href":"https:\/\/www.shm.software\/fr\/wp-json\/wp\/v2\/users\/1"}],"replies":[{"embeddable":true,"href":"https:\/\/www.shm.software\/fr\/wp-json\/wp\/v2\/comments?post=169"}],"version-history":[{"count":10,"href":"https:\/\/www.shm.software\/fr\/wp-json\/wp\/v2\/pages\/169\/revisions"}],"predecessor-version":[{"id":523,"href":"https:\/\/www.shm.software\/fr\/wp-json\/wp\/v2\/pages\/169\/revisions\/523"}],"wp:attachment":[{"href":"https:\/\/www.shm.software\/fr\/wp-json\/wp\/v2\/media?parent=169"}],"curies":[{"name":"wp","href":"https:\/\/api.w.org\/{rel}","templated":true}]}}