{"id":171,"date":"2023-08-31T07:41:08","date_gmt":"2023-08-31T07:41:08","guid":{"rendered":"https:\/\/www.shm.software\/fr\/?page_id=171"},"modified":"2023-11-01T11:05:21","modified_gmt":"2023-11-01T11:05:21","slug":"asset-matching","status":"publish","type":"page","link":"https:\/\/www.shm.software\/fr\/asset-matching","title":{"rendered":"Correspondance des actifs"},"content":{"rendered":"<div class=\"matching-bg in-head\"><\/div>\n<p id=\"breadcrumbs\"><span><span><a href=\"https:\/\/www.shm.software\/fr\/\">Accueil<\/a><\/span><\/span><\/p>\n<div class=\"section-white\">\n<div class=\"container\">\n<div class=\"row align-items-center\">\n<div class=\"col-md-6\">\n<h1>Correspondance des actifs<\/h1>\n<p>Il s&rsquo;agit d&rsquo;une fonction intelligente qui associe automatiquement les biens du m\u00eame type, de la m\u00eame marque et du m\u00eame mod\u00e8le dans tous vos \u00e9tablissements. Cela vous permet de filtrer et d&rsquo;identifier les biens similaires dans tous les \u00e9tablissements.<\/p>\n<p>Saisissez l&rsquo;ensemble de vos actifs et sachez exactement quelle part d&rsquo;\u00e9quipement provient de quel fabricant. Cela permet d&rsquo;am\u00e9liorer la prise de d\u00e9cision fond\u00e9e sur les donn\u00e9es et de s&rsquo;assurer que vous prenez la d\u00e9cision la mieux inform\u00e9e possible.<\/p>\n<\/div>\n<div class=\"col-md-6\">\n<img decoding=\"async\" src=\"https:\/\/www.shm.software\/fr\/wp-content\/uploads\/2023\/09\/asset-imgv2.png\" class=\"img-fluid d-block mx-auto\" alt=\"Asset Matching\">\n<\/div>\n<\/div>\n<\/div>\n<\/div>\n<div class=\"section-lightgrey\">\n<div class=\"container\">\n<div class=\"row align-items-center\">\n<div class=\"col-md-6 order-md-2\">\n<h3>Comment cela fonctionne-t-il ?<\/h3>\n<p>Int\u00e9grez un nombre illimit\u00e9 d&rsquo;actifs dans Smart Hospital Maintenance pour b\u00e9n\u00e9ficier de ses fonctionnalit\u00e9s. Tous les actifs int\u00e9gr\u00e9s seront automatiquement mis en correspondance dans une base de donn\u00e9es globale. Cela vous permet d&rsquo;obtenir des informations sur tous vos actifs, quelle que soit l\u2019emplacement de vos \u00e9tablissements.<\/p>\n<p>Au sein de l&rsquo;\u00a0\u00e9tablissement, vous devrez faire votre choix dans un catalogue de noms de biens, de fabricants et de marques standardis\u00e9s. Diff\u00e9rents syst\u00e8mes de classification permettent de trouver rapidement les biens ad\u00e9quats..<\/p>\n<\/div>\n<div class=\"col-md-6 order-md-1\">\n<img decoding=\"async\" src=\"https:\/\/www.shm.software\/fr\/wp-content\/uploads\/2023\/09\/SHM_unsplash_Asset-Matching_Instruments.jpg\" class=\"img-fluid d-block mx-auto\" alt=\"How it Works\">\n<\/div>\n<\/div>\n<\/div>\n<\/div>\n<div class=\"section-white\">\n<div class=\"container\">\n<div class=\"row align-items-center\">\n<div class=\"col-md-6\">\n<h3>Le partage, c&rsquo;est l&rsquo;entraide<\/h3>\n<p>En sp\u00e9cifiant les d\u00e9tails de l&rsquo;actif, tels que les param\u00e8tres techniques ou les documents, vous contribuez \u00e0 la base de connaissances globale de votre base de donn\u00e9es d\u00e9di\u00e9e \u00e0 l&rsquo;actif. Les autres \u00e9tablissements de votre r\u00e9seau recevront automatiquement ces sp\u00e9cifications et les documents s\u00e9lectionn\u00e9s une fois qu&rsquo;ils auront ajout\u00e9 le bien en question \u00e0 leur propre \u00e9tablissement. En \u00e9change, vous b\u00e9n\u00e9ficierez \u00e9galement des informations sp\u00e9cifi\u00e9es par les autres \u00e9tablissements.<\/p>\n<h3>Perspectives<\/h3>\n<p>En faisant correspondre les actifs, vous disposerez d&rsquo;un outil puissant pour enqu\u00eater sur vos \u00e9tablissements. Vous pouvez g\u00e9n\u00e9rer divers rapports sur la fonctionnalit\u00e9 des fabricants, des mod\u00e8les, des d\u00e9partements sp\u00e9cifiques de vos \u00e9tablissements ou de l&rsquo;ensemble. Vous \u00eates-vous d\u00e9j\u00e0 demand\u00e9 combien d&rsquo;\u00e9quipements Siemens, GE ou Philips sont pr\u00e9sents dans vos \u00e9tablissements et s&rsquo;ils fonctionnent ? Aucun probl\u00e8me avec Smart Hospital Maintenance.<\/p>\n<\/div>\n<div class=\"col-md-6\">\n<img decoding=\"async\" src=\"https:\/\/www.shm.software\/fr\/wp-content\/uploads\/2023\/09\/SHM_Unsplash_Asset-Matching_sharing-is-caring.jpg\" class=\"img-fluid d-block mx-auto\" alt=\"Sharing is Caring\">\n<\/div>\n<\/div>\n<\/div>\n<\/div>\n<div class=\"section-primary\">\n<div class=\"container\">\n<div class=\"row\">\n<div class=\"col-lg-10 mx-auto text-center\">\n<h4>R\u00e9servez d\u00e8s aujourd&rsquo;hui votre d\u00e9mo avec nos experts et laissez le logiciel vous convaincre.!<\/h4>\n<div><a href=\"https:\/\/www.shm.software\/fr\/contact-us\" class=\"btn btn-primary mt-3\">R\u00e9server une d\u00e9mo<\/a><\/div>\n<\/div>\n<\/div>\n<\/div>\n<\/div>\n<div class=\"section-white\">\n<div class=\"container\">\n<div class=\"row text-center\">\n<div class=\"col-lg-12\">\n<h3 class=\"mb-0\">Caract\u00e9ristiques suppl\u00e9mentaires<\/h3>\n<\/div>\n<div class=\"col-lg-6\">\n<div class=\"af-box\">\n<h4>Maintenance et Gestion<\/h4>\n<div class=\"af-link\">\n<a href=\"https:\/\/www.shm.software\/fr\/work-order-management\">Gestion des bons de travail<\/a><br \/>\n<a href=\"https:\/\/www.shm.software\/fr\/planned-preventive-maintenance\">Maintenance pr\u00e9ventive planifi\u00e9<\/a><br \/>\n<a href=\"https:\/\/www.shm.software\/fr\/corrective-maintenance\">Maintenance corrective<\/a><br \/>\n<a href=\"https:\/\/www.shm.software\/fr\/inspection-maintenance\">Maintenance d&rsquo;inspection<\/a>\n<\/div>\n<\/div>\n<\/div>\n<div class=\"col-lg-6\">\n<div class=\"af-box\">\n<h4>Perspicacit\u00e9 profonde<\/h4>\n<div class=\"af-link\">\n<a href=\"https:\/\/www.shm.software\/fr\/technical-reports\">Rapport technique<\/a><br \/>\n<a href=\"https:\/\/www.shm.software\/fr\/contact-management\">Gestion dess contacts<\/a><br \/>\n<a href=\"https:\/\/www.shm.software\/fr\/contract-administration\">Gestion des contracts<\/a><br \/>\n<a href=\"https:\/\/www.shm.software\/fr\/user-profiles\">Vue d&rsquo;ensemble de l&rsquo;\u00e9quipe<\/a>\n<\/div>\n<\/div>\n<\/div>\n<div class=\"col-lg-6\">\n<div class=\"af-box\">\n<h4>Extensibilit\u00e9<\/h4>\n<div class=\"af-link\">\n<a href=\"https:\/\/www.shm.software\/fr\/facility-integration\">Gestion des actifs<\/a><br \/>\n<a href=\"https:\/\/www.shm.software\/fr\/multi-language-feature\">Int\u00e9gration de l&rsquo;\u00e9tablissement<\/a><br \/>\n<a href=\"https:\/\/www.shm.software\/fr\/relocation-management\">Fonctionnalit\u00e9 multilingue<\/a><br \/>\n<a href=\"https:\/\/www.shm.software\/fr\/shm-database\">Gestion des d\u00e9m\u00e9nagements<\/a>\n<\/div>\n<\/div>\n<\/div>\n<div class=\"col-lg-6\">\n<div class=\"af-box\">\n<h4>Confort<\/h4>\n<div class=\"af-link\">\n<a href=\"https:\/\/www.shm.software\/fr\/customisation\">Customisation<\/a><br \/>\n<a href=\"https:\/\/www.shm.software\/fr\/mobile-application\">Application mobile<\/a><br \/>\n<a href=\"https:\/\/www.shm.software\/fr\/offline-mode\">Mode hors ligne<\/a><br \/>\n<a href=\"https:\/\/www.shm.software\/fr\/bulk-upload\">T\u00e9l\u00e9chargement en masse<\/a>\n<\/div>\n<\/div>\n<\/div>\n<\/div>\n<\/div>\n<\/div>\n","protected":false},"excerpt":{"rendered":"<p>Correspondance des actifs Il s&rsquo;agit d&rsquo;une fonction intelligente qui associe automatiquement les biens du m\u00eame type, de la m\u00eame marque et du m\u00eame mod\u00e8le dans tous vos \u00e9tablissements. Cela vous permet de filtrer et d&rsquo;identifier les biens similaires dans tous les \u00e9tablissements. Saisissez l&rsquo;ensemble de vos actifs et sachez exactement quelle part d&rsquo;\u00e9quipement provient de [&#8230;]<\/p>\n<p><a class=\"btn btn-secondary understrap-read-more-link\" href=\"https:\/\/www.shm.software\/fr\/asset-matching\">Lire la suite&#8230;<\/a><\/p>\n","protected":false},"author":1,"featured_media":0,"parent":0,"menu_order":0,"comment_status":"closed","ping_status":"closed","template":"page-templates\/empty.php","meta":{"footnotes":""},"class_list":["post-171","page","type-page","status-publish","hentry"],"yoast_head":"<!-- This site is optimized with the Yoast SEO plugin v26.8 - https:\/\/yoast.com\/product\/yoast-seo-wordpress\/ -->\n<title>Correspondance des actifs - SMART HOSPITAL MAINTENANCE<\/title>\n<meta name=\"robots\" content=\"index, follow, max-snippet:-1, max-image-preview:large, max-video-preview:-1\" \/>\n<link rel=\"canonical\" href=\"https:\/\/www.shm.software\/fr\/asset-matching\" \/>\n<meta property=\"og:locale\" content=\"fr_FR\" \/>\n<meta property=\"og:type\" content=\"article\" \/>\n<meta property=\"og:title\" content=\"Correspondance des actifs - SMART HOSPITAL MAINTENANCE\" \/>\n<meta property=\"og:description\" content=\"Correspondance des actifs Il s&rsquo;agit d&rsquo;une fonction intelligente qui associe automatiquement les biens du m\u00eame type, de la m\u00eame marque et du m\u00eame mod\u00e8le dans tous vos \u00e9tablissements. Cela vous permet de filtrer et d&rsquo;identifier les biens similaires dans tous les \u00e9tablissements. Saisissez l&rsquo;ensemble de vos actifs et sachez exactement quelle part d&rsquo;\u00e9quipement provient de [...]Lire la suite...\" \/>\n<meta property=\"og:url\" content=\"https:\/\/www.shm.software\/fr\/asset-matching\" \/>\n<meta property=\"og:site_name\" content=\"SMART HOSPITAL MAINTENANCE\" \/>\n<meta property=\"article:modified_time\" content=\"2023-11-01T11:05:21+00:00\" \/>\n<meta property=\"og:image\" content=\"https:\/\/www.shm.software\/fr\/wp-content\/uploads\/2023\/09\/asset-imgv2.png\" \/>\n<meta name=\"twitter:card\" content=\"summary_large_image\" \/>\n<meta name=\"twitter:label1\" content=\"Dur\u00e9e de lecture estim\u00e9e\" \/>\n\t<meta name=\"twitter:data1\" content=\"3 minutes\" \/>\n<script type=\"application\/ld+json\" class=\"yoast-schema-graph\">{\"@context\":\"https:\/\/schema.org\",\"@graph\":[{\"@type\":\"WebPage\",\"@id\":\"https:\/\/www.shm.software\/fr\/asset-matching\",\"url\":\"https:\/\/www.shm.software\/fr\/asset-matching\",\"name\":\"Correspondance des actifs - SMART HOSPITAL MAINTENANCE\",\"isPartOf\":{\"@id\":\"https:\/\/www.shm.software\/fr\/#website\"},\"primaryImageOfPage\":{\"@id\":\"https:\/\/www.shm.software\/fr\/asset-matching#primaryimage\"},\"image\":{\"@id\":\"https:\/\/www.shm.software\/fr\/asset-matching#primaryimage\"},\"thumbnailUrl\":\"https:\/\/www.shm.software\/fr\/wp-content\/uploads\/2023\/09\/asset-imgv2.png\",\"datePublished\":\"2023-08-31T07:41:08+00:00\",\"dateModified\":\"2023-11-01T11:05:21+00:00\",\"breadcrumb\":{\"@id\":\"https:\/\/www.shm.software\/fr\/asset-matching#breadcrumb\"},\"inLanguage\":\"fr-FR\",\"potentialAction\":[{\"@type\":\"ReadAction\",\"target\":[\"https:\/\/www.shm.software\/fr\/asset-matching\"]}]},{\"@type\":\"ImageObject\",\"inLanguage\":\"fr-FR\",\"@id\":\"https:\/\/www.shm.software\/fr\/asset-matching#primaryimage\",\"url\":\"https:\/\/www.shm.software\/fr\/wp-content\/uploads\/2023\/09\/asset-imgv2.png\",\"contentUrl\":\"https:\/\/www.shm.software\/fr\/wp-content\/uploads\/2023\/09\/asset-imgv2.png\",\"width\":600,\"height\":400},{\"@type\":\"BreadcrumbList\",\"@id\":\"https:\/\/www.shm.software\/fr\/asset-matching#breadcrumb\",\"itemListElement\":[{\"@type\":\"ListItem\",\"position\":1,\"name\":\"Accueil\",\"item\":\"https:\/\/www.shm.software\/fr\/\"},{\"@type\":\"ListItem\",\"position\":2,\"name\":\"Correspondance des actifs\"}]},{\"@type\":\"WebSite\",\"@id\":\"https:\/\/www.shm.software\/fr\/#website\",\"url\":\"https:\/\/www.shm.software\/fr\/\",\"name\":\"SMART HOSPITAL MAINTENANCE\",\"description\":\"\",\"potentialAction\":[{\"@type\":\"SearchAction\",\"target\":{\"@type\":\"EntryPoint\",\"urlTemplate\":\"https:\/\/www.shm.software\/fr\/?s={search_term_string}\"},\"query-input\":{\"@type\":\"PropertyValueSpecification\",\"valueRequired\":true,\"valueName\":\"search_term_string\"}}],\"inLanguage\":\"fr-FR\"}]}<\/script>\n<!-- \/ Yoast SEO plugin. -->","yoast_head_json":{"title":"Correspondance des actifs - SMART HOSPITAL MAINTENANCE","robots":{"index":"index","follow":"follow","max-snippet":"max-snippet:-1","max-image-preview":"max-image-preview:large","max-video-preview":"max-video-preview:-1"},"canonical":"https:\/\/www.shm.software\/fr\/asset-matching","og_locale":"fr_FR","og_type":"article","og_title":"Correspondance des actifs - SMART HOSPITAL MAINTENANCE","og_description":"Correspondance des actifs Il s&rsquo;agit d&rsquo;une fonction intelligente qui associe automatiquement les biens du m\u00eame type, de la m\u00eame marque et du m\u00eame mod\u00e8le dans tous vos \u00e9tablissements. Cela vous permet de filtrer et d&rsquo;identifier les biens similaires dans tous les \u00e9tablissements. Saisissez l&rsquo;ensemble de vos actifs et sachez exactement quelle part d&rsquo;\u00e9quipement provient de [...]Lire la suite...","og_url":"https:\/\/www.shm.software\/fr\/asset-matching","og_site_name":"SMART HOSPITAL MAINTENANCE","article_modified_time":"2023-11-01T11:05:21+00:00","og_image":[{"url":"https:\/\/www.shm.software\/fr\/wp-content\/uploads\/2023\/09\/asset-imgv2.png","type":"","width":"","height":""}],"twitter_card":"summary_large_image","twitter_misc":{"Dur\u00e9e de lecture estim\u00e9e":"3 minutes"},"schema":{"@context":"https:\/\/schema.org","@graph":[{"@type":"WebPage","@id":"https:\/\/www.shm.software\/fr\/asset-matching","url":"https:\/\/www.shm.software\/fr\/asset-matching","name":"Correspondance des actifs - SMART HOSPITAL MAINTENANCE","isPartOf":{"@id":"https:\/\/www.shm.software\/fr\/#website"},"primaryImageOfPage":{"@id":"https:\/\/www.shm.software\/fr\/asset-matching#primaryimage"},"image":{"@id":"https:\/\/www.shm.software\/fr\/asset-matching#primaryimage"},"thumbnailUrl":"https:\/\/www.shm.software\/fr\/wp-content\/uploads\/2023\/09\/asset-imgv2.png","datePublished":"2023-08-31T07:41:08+00:00","dateModified":"2023-11-01T11:05:21+00:00","breadcrumb":{"@id":"https:\/\/www.shm.software\/fr\/asset-matching#breadcrumb"},"inLanguage":"fr-FR","potentialAction":[{"@type":"ReadAction","target":["https:\/\/www.shm.software\/fr\/asset-matching"]}]},{"@type":"ImageObject","inLanguage":"fr-FR","@id":"https:\/\/www.shm.software\/fr\/asset-matching#primaryimage","url":"https:\/\/www.shm.software\/fr\/wp-content\/uploads\/2023\/09\/asset-imgv2.png","contentUrl":"https:\/\/www.shm.software\/fr\/wp-content\/uploads\/2023\/09\/asset-imgv2.png","width":600,"height":400},{"@type":"BreadcrumbList","@id":"https:\/\/www.shm.software\/fr\/asset-matching#breadcrumb","itemListElement":[{"@type":"ListItem","position":1,"name":"Accueil","item":"https:\/\/www.shm.software\/fr\/"},{"@type":"ListItem","position":2,"name":"Correspondance des actifs"}]},{"@type":"WebSite","@id":"https:\/\/www.shm.software\/fr\/#website","url":"https:\/\/www.shm.software\/fr\/","name":"SMART HOSPITAL MAINTENANCE","description":"","potentialAction":[{"@type":"SearchAction","target":{"@type":"EntryPoint","urlTemplate":"https:\/\/www.shm.software\/fr\/?s={search_term_string}"},"query-input":{"@type":"PropertyValueSpecification","valueRequired":true,"valueName":"search_term_string"}}],"inLanguage":"fr-FR"}]}},"_links":{"self":[{"href":"https:\/\/www.shm.software\/fr\/wp-json\/wp\/v2\/pages\/171","targetHints":{"allow":["GET"]}}],"collection":[{"href":"https:\/\/www.shm.software\/fr\/wp-json\/wp\/v2\/pages"}],"about":[{"href":"https:\/\/www.shm.software\/fr\/wp-json\/wp\/v2\/types\/page"}],"author":[{"embeddable":true,"href":"https:\/\/www.shm.software\/fr\/wp-json\/wp\/v2\/users\/1"}],"replies":[{"embeddable":true,"href":"https:\/\/www.shm.software\/fr\/wp-json\/wp\/v2\/comments?post=171"}],"version-history":[{"count":10,"href":"https:\/\/www.shm.software\/fr\/wp-json\/wp\/v2\/pages\/171\/revisions"}],"predecessor-version":[{"id":677,"href":"https:\/\/www.shm.software\/fr\/wp-json\/wp\/v2\/pages\/171\/revisions\/677"}],"wp:attachment":[{"href":"https:\/\/www.shm.software\/fr\/wp-json\/wp\/v2\/media?parent=171"}],"curies":[{"name":"wp","href":"https:\/\/api.w.org\/{rel}","templated":true}]}}