{"id":173,"date":"2023-08-31T07:41:14","date_gmt":"2023-08-31T07:41:14","guid":{"rendered":"https:\/\/www.shm.software\/fr\/?page_id=173"},"modified":"2023-11-01T11:06:50","modified_gmt":"2023-11-01T11:06:50","slug":"document-management","status":"publish","type":"page","link":"https:\/\/www.shm.software\/fr\/document-management","title":{"rendered":"Gestion des documents"},"content":{"rendered":"<div class=\"document-bg in-head\"><\/div>\n<p id=\"breadcrumbs\"><span><span><a href=\"https:\/\/www.shm.software\/fr\/\">Accueil<\/a><\/span><\/span><\/p>\n<div class=\"section-white\">\n<div class=\"container\">\n<div class=\"row align-items-center\">\n<div class=\"col-md-6\">\n<h1>Gestion des documents<\/h1>\n<p><b>D\u00e9cidez de la mani\u00e8re dont vous souhaitez int\u00e9grer les documents !<\/b><\/p>\n<p>G\u00e9rez et triez divers documents pour les mettre \u00e0 la disposition des utilisateurs de votre logiciel. Il existe deux cat\u00e9gories principales : Vous pouvez t\u00e9l\u00e9charger des documents relatifs \u00e0 l&rsquo;\u00e9tablissement, auxquels tous les utilisateurs ou des groupes s\u00e9lectionn\u00e9s peuvent avoir acc\u00e8s. En outre, vous pouvez t\u00e9l\u00e9charger des documents relatifs aux actifs, qui sont soit li\u00e9s \u00e0 un actif sp\u00e9cifique (par exemple, des rapports de test), soit accessibles \u00e0 tous les actifs du m\u00eame type (par exemple, des manuels d&rsquo;entretien).<\/p>\n<\/div>\n<div class=\"col-md-6\">\n<img decoding=\"async\" src=\"https:\/\/www.shm.software\/fr\/wp-content\/uploads\/2023\/09\/SHM_Document-Management_screenshot.jpg\" class=\"img-fluid d-block mx-auto\" alt=\"Document Management\">\n<\/div>\n<\/div>\n<\/div>\n<\/div>\n<div class=\"section-lightgrey\">\n<div class=\"container\">\n<div class=\"row align-items-center\">\n<div class=\"col-md-6 order-md-2\">\n<h3>Gestion des documents de l&rsquo;\u00e9tablissement<\/h3>\n<p>La structure personnalis\u00e9e des dossiers pour tous les \u00e9tablissements et les fichiers de t\u00e9l\u00e9chargement seront disponibles pour tout le monde. Chaque \u00e9tablissement pourra toujours personnaliser les dossiers locaux et t\u00e9l\u00e9charger des fichiers sans les partager avec tout le monde. Vous avez d\u00e9j\u00e0 voulu partager des mises \u00e0 jour de conformit\u00e9 ou des r\u00e8gles de s\u00e9curit\u00e9 avec tous vos \u00e9tablissements ? Avec cette fonctionnalit\u00e9, vous pouvez le faire!<\/p>\n<\/div>\n<div class=\"col-md-6 order-md-1\">\n<img decoding=\"async\" src=\"https:\/\/www.shm.software\/fr\/wp-content\/uploads\/2023\/09\/document-img.png\" class=\"img-fluid d-block mx-auto\" alt=\"Facility Document Management\" width=\"300\">\n<\/div>\n<\/div>\n<\/div>\n<\/div>\n<div class=\"section-white\">\n<div class=\"container\">\n<div class=\"row align-items-center\">\n<div class=\"col-md-6\">\n<h3>Gestion des documents d&rsquo;actifs<\/h3>\n<p>Cette fonction est con\u00e7ue de la m\u00eame mani\u00e8re que la gestion des documents des \u00e9tablissements, mais pour les actifs. Vous pouvez d\u00e9finir des structures de dossiers unifi\u00e9es pour tous les actifs. En outre, si des documents relatifs aux biens sont t\u00e9l\u00e9charg\u00e9s, vous pouvez d\u00e9cider s&rsquo;ils doivent \u00eatre locaux ou partag\u00e9s avec tous les autres \u00e9tablissements s&rsquo;ils disposent du m\u00eame mod\u00e8le dans leur \u00e9tablissement. Cela facilitera la collecte des documents techniques pour toutes les \u00e9tablissements concern\u00e9es.<\/p>\n<\/div>\n<div class=\"col-md-6\">\n<img decoding=\"async\" src=\"https:\/\/www.shm.software\/fr\/wp-content\/uploads\/2023\/09\/SHM_Document-Management.jpg\" class=\"img-fluid d-block mx-auto\" alt=\"Asset Document Management\">\n<\/div>\n<\/div>\n<\/div>\n<\/div>\n<div class=\"section-primary\">\n<div class=\"container\">\n<div class=\"row\">\n<div class=\"col-lg-12 mx-auto text-center\">\n<h4>Vous souhaitez obtenir plus d&rsquo;informations et voir cette fonctionnalit\u00e9 en action ? <br \/>R\u00e9servez votre d\u00e9monstration d\u00e8s aujourd&rsquo;hui!<\/h4>\n<div><a href=\"https:\/\/www.shm.software\/fr\/contact-us\" class=\"btn btn-primary mt-3\">R\u00e9server une d\u00e9mo<\/a><\/div>\n<\/div>\n<\/div>\n<\/div>\n<\/div>\n<div class=\"section-white\">\n<div class=\"container\">\n<div class=\"row text-center\">\n<div class=\"col-lg-12\">\n<h3 class=\"mb-0\">Caract\u00e9ristiques suppl\u00e9mentaires<\/h3>\n<\/div>\n<div class=\"col-lg-6\">\n<div class=\"af-box\">\n<h4>Maintenance et Gestion<\/h4>\n<div class=\"af-link\">\n<a href=\"https:\/\/www.shm.software\/fr\/work-order-management\">Gestion des bons de travail<\/a><br \/>\n<a href=\"https:\/\/www.shm.software\/fr\/planned-preventive-maintenance\">Maintenance pr\u00e9ventive planifi\u00e9<\/a><br \/>\n<a href=\"https:\/\/www.shm.software\/fr\/corrective-maintenance\">Maintenance corrective<\/a><br \/>\n<a href=\"https:\/\/www.shm.software\/fr\/inspection-maintenance\">Maintenance d&rsquo;inspection<\/a>\n<\/div>\n<\/div>\n<\/div>\n<div class=\"col-lg-6\">\n<div class=\"af-box\">\n<h4>Perspicacit\u00e9 profonde<\/h4>\n<div class=\"af-link\">\n<a href=\"https:\/\/www.shm.software\/fr\/technical-reports\">Rapport technique<\/a><br \/>\n<a href=\"https:\/\/www.shm.software\/fr\/contact-management\">Gestion dess contacts<\/a><br \/>\n<a href=\"https:\/\/www.shm.software\/fr\/contract-administration\">Gestion des contracts<\/a><br \/>\n<a href=\"https:\/\/www.shm.software\/fr\/user-profiles\">Vue d&rsquo;ensemble de l&rsquo;\u00e9quipe<\/a>\n<\/div>\n<\/div>\n<\/div>\n<div class=\"col-lg-6\">\n<div class=\"af-box\">\n<h4>Extensibilit\u00e9<\/h4>\n<div class=\"af-link\">\n<a href=\"https:\/\/www.shm.software\/fr\/facility-integration\">Gestion des actifs<\/a><br \/>\n<a href=\"https:\/\/www.shm.software\/fr\/multi-language-feature\">Int\u00e9gration de l&rsquo;\u00e9tablissement<\/a><br \/>\n<a href=\"https:\/\/www.shm.software\/fr\/relocation-management\">Fonctionnalit\u00e9 multilingue<\/a><br \/>\n<a href=\"https:\/\/www.shm.software\/fr\/shm-database\">Gestion des d\u00e9m\u00e9nagements<\/a>\n<\/div>\n<\/div>\n<\/div>\n<div class=\"col-lg-6\">\n<div class=\"af-box\">\n<h4>Confort<\/h4>\n<div class=\"af-link\">\n<a href=\"https:\/\/www.shm.software\/fr\/customisation\">Customisation<\/a><br \/>\n<a href=\"https:\/\/www.shm.software\/fr\/mobile-application\">Application mobile<\/a><br \/>\n<a href=\"https:\/\/www.shm.software\/fr\/offline-mode\">Mode hors ligne<\/a><br \/>\n<a href=\"https:\/\/www.shm.software\/fr\/bulk-upload\">T\u00e9l\u00e9chargement en masse<\/a>\n<\/div>\n<\/div>\n<\/div>\n<\/div>\n<\/div>\n<\/div>\n","protected":false},"excerpt":{"rendered":"<p>Gestion des documents D\u00e9cidez de la mani\u00e8re dont vous souhaitez int\u00e9grer les documents ! G\u00e9rez et triez divers documents pour les mettre \u00e0 la disposition des utilisateurs de votre logiciel. Il existe deux cat\u00e9gories principales : Vous pouvez t\u00e9l\u00e9charger des documents relatifs \u00e0 l&rsquo;\u00e9tablissement, auxquels tous les utilisateurs ou des groupes s\u00e9lectionn\u00e9s peuvent avoir acc\u00e8s. [&#8230;]<\/p>\n<p><a class=\"btn btn-secondary understrap-read-more-link\" href=\"https:\/\/www.shm.software\/fr\/document-management\">Lire la suite&#8230;<\/a><\/p>\n","protected":false},"author":1,"featured_media":0,"parent":0,"menu_order":0,"comment_status":"closed","ping_status":"closed","template":"page-templates\/empty.php","meta":{"footnotes":""},"class_list":["post-173","page","type-page","status-publish","hentry"],"yoast_head":"<!-- This site is optimized with the Yoast SEO plugin v26.8 - https:\/\/yoast.com\/product\/yoast-seo-wordpress\/ -->\n<title>Gestion des documents - SMART HOSPITAL MAINTENANCE<\/title>\n<meta name=\"robots\" content=\"index, follow, max-snippet:-1, max-image-preview:large, max-video-preview:-1\" \/>\n<link rel=\"canonical\" href=\"https:\/\/www.shm.software\/fr\/document-management\" \/>\n<meta property=\"og:locale\" content=\"fr_FR\" \/>\n<meta property=\"og:type\" content=\"article\" \/>\n<meta property=\"og:title\" content=\"Gestion des documents - SMART HOSPITAL MAINTENANCE\" \/>\n<meta property=\"og:description\" content=\"Gestion des documents D\u00e9cidez de la mani\u00e8re dont vous souhaitez int\u00e9grer les documents ! G\u00e9rez et triez divers documents pour les mettre \u00e0 la disposition des utilisateurs de votre logiciel. Il existe deux cat\u00e9gories principales : Vous pouvez t\u00e9l\u00e9charger des documents relatifs \u00e0 l&rsquo;\u00e9tablissement, auxquels tous les utilisateurs ou des groupes s\u00e9lectionn\u00e9s peuvent avoir acc\u00e8s. [...]Lire la suite...\" \/>\n<meta property=\"og:url\" content=\"https:\/\/www.shm.software\/fr\/document-management\" \/>\n<meta property=\"og:site_name\" content=\"SMART HOSPITAL MAINTENANCE\" \/>\n<meta property=\"article:modified_time\" content=\"2023-11-01T11:06:50+00:00\" \/>\n<meta property=\"og:image\" content=\"https:\/\/www.shm.software\/fr\/wp-content\/uploads\/2023\/09\/SHM_Document-Management_screenshot.jpg\" \/>\n<meta name=\"twitter:card\" content=\"summary_large_image\" \/>\n<meta name=\"twitter:label1\" content=\"Dur\u00e9e de lecture estim\u00e9e\" \/>\n\t<meta name=\"twitter:data1\" content=\"2 minutes\" \/>\n<script type=\"application\/ld+json\" class=\"yoast-schema-graph\">{\"@context\":\"https:\/\/schema.org\",\"@graph\":[{\"@type\":\"WebPage\",\"@id\":\"https:\/\/www.shm.software\/fr\/document-management\",\"url\":\"https:\/\/www.shm.software\/fr\/document-management\",\"name\":\"Gestion des documents - SMART HOSPITAL MAINTENANCE\",\"isPartOf\":{\"@id\":\"https:\/\/www.shm.software\/fr\/#website\"},\"primaryImageOfPage\":{\"@id\":\"https:\/\/www.shm.software\/fr\/document-management#primaryimage\"},\"image\":{\"@id\":\"https:\/\/www.shm.software\/fr\/document-management#primaryimage\"},\"thumbnailUrl\":\"https:\/\/www.shm.software\/fr\/wp-content\/uploads\/2023\/09\/SHM_Document-Management_screenshot.jpg\",\"datePublished\":\"2023-08-31T07:41:14+00:00\",\"dateModified\":\"2023-11-01T11:06:50+00:00\",\"breadcrumb\":{\"@id\":\"https:\/\/www.shm.software\/fr\/document-management#breadcrumb\"},\"inLanguage\":\"fr-FR\",\"potentialAction\":[{\"@type\":\"ReadAction\",\"target\":[\"https:\/\/www.shm.software\/fr\/document-management\"]}]},{\"@type\":\"ImageObject\",\"inLanguage\":\"fr-FR\",\"@id\":\"https:\/\/www.shm.software\/fr\/document-management#primaryimage\",\"url\":\"https:\/\/www.shm.software\/fr\/wp-content\/uploads\/2023\/09\/SHM_Document-Management_screenshot.jpg\",\"contentUrl\":\"https:\/\/www.shm.software\/fr\/wp-content\/uploads\/2023\/09\/SHM_Document-Management_screenshot.jpg\",\"width\":600,\"height\":400},{\"@type\":\"BreadcrumbList\",\"@id\":\"https:\/\/www.shm.software\/fr\/document-management#breadcrumb\",\"itemListElement\":[{\"@type\":\"ListItem\",\"position\":1,\"name\":\"Accueil\",\"item\":\"https:\/\/www.shm.software\/fr\/\"},{\"@type\":\"ListItem\",\"position\":2,\"name\":\"Gestion des documents\"}]},{\"@type\":\"WebSite\",\"@id\":\"https:\/\/www.shm.software\/fr\/#website\",\"url\":\"https:\/\/www.shm.software\/fr\/\",\"name\":\"SMART HOSPITAL MAINTENANCE\",\"description\":\"\",\"potentialAction\":[{\"@type\":\"SearchAction\",\"target\":{\"@type\":\"EntryPoint\",\"urlTemplate\":\"https:\/\/www.shm.software\/fr\/?s={search_term_string}\"},\"query-input\":{\"@type\":\"PropertyValueSpecification\",\"valueRequired\":true,\"valueName\":\"search_term_string\"}}],\"inLanguage\":\"fr-FR\"}]}<\/script>\n<!-- \/ Yoast SEO plugin. -->","yoast_head_json":{"title":"Gestion des documents - SMART HOSPITAL MAINTENANCE","robots":{"index":"index","follow":"follow","max-snippet":"max-snippet:-1","max-image-preview":"max-image-preview:large","max-video-preview":"max-video-preview:-1"},"canonical":"https:\/\/www.shm.software\/fr\/document-management","og_locale":"fr_FR","og_type":"article","og_title":"Gestion des documents - SMART HOSPITAL MAINTENANCE","og_description":"Gestion des documents D\u00e9cidez de la mani\u00e8re dont vous souhaitez int\u00e9grer les documents ! G\u00e9rez et triez divers documents pour les mettre \u00e0 la disposition des utilisateurs de votre logiciel. Il existe deux cat\u00e9gories principales : Vous pouvez t\u00e9l\u00e9charger des documents relatifs \u00e0 l&rsquo;\u00e9tablissement, auxquels tous les utilisateurs ou des groupes s\u00e9lectionn\u00e9s peuvent avoir acc\u00e8s. [...]Lire la suite...","og_url":"https:\/\/www.shm.software\/fr\/document-management","og_site_name":"SMART HOSPITAL MAINTENANCE","article_modified_time":"2023-11-01T11:06:50+00:00","og_image":[{"url":"https:\/\/www.shm.software\/fr\/wp-content\/uploads\/2023\/09\/SHM_Document-Management_screenshot.jpg","type":"","width":"","height":""}],"twitter_card":"summary_large_image","twitter_misc":{"Dur\u00e9e de lecture estim\u00e9e":"2 minutes"},"schema":{"@context":"https:\/\/schema.org","@graph":[{"@type":"WebPage","@id":"https:\/\/www.shm.software\/fr\/document-management","url":"https:\/\/www.shm.software\/fr\/document-management","name":"Gestion des documents - SMART HOSPITAL MAINTENANCE","isPartOf":{"@id":"https:\/\/www.shm.software\/fr\/#website"},"primaryImageOfPage":{"@id":"https:\/\/www.shm.software\/fr\/document-management#primaryimage"},"image":{"@id":"https:\/\/www.shm.software\/fr\/document-management#primaryimage"},"thumbnailUrl":"https:\/\/www.shm.software\/fr\/wp-content\/uploads\/2023\/09\/SHM_Document-Management_screenshot.jpg","datePublished":"2023-08-31T07:41:14+00:00","dateModified":"2023-11-01T11:06:50+00:00","breadcrumb":{"@id":"https:\/\/www.shm.software\/fr\/document-management#breadcrumb"},"inLanguage":"fr-FR","potentialAction":[{"@type":"ReadAction","target":["https:\/\/www.shm.software\/fr\/document-management"]}]},{"@type":"ImageObject","inLanguage":"fr-FR","@id":"https:\/\/www.shm.software\/fr\/document-management#primaryimage","url":"https:\/\/www.shm.software\/fr\/wp-content\/uploads\/2023\/09\/SHM_Document-Management_screenshot.jpg","contentUrl":"https:\/\/www.shm.software\/fr\/wp-content\/uploads\/2023\/09\/SHM_Document-Management_screenshot.jpg","width":600,"height":400},{"@type":"BreadcrumbList","@id":"https:\/\/www.shm.software\/fr\/document-management#breadcrumb","itemListElement":[{"@type":"ListItem","position":1,"name":"Accueil","item":"https:\/\/www.shm.software\/fr\/"},{"@type":"ListItem","position":2,"name":"Gestion des documents"}]},{"@type":"WebSite","@id":"https:\/\/www.shm.software\/fr\/#website","url":"https:\/\/www.shm.software\/fr\/","name":"SMART HOSPITAL MAINTENANCE","description":"","potentialAction":[{"@type":"SearchAction","target":{"@type":"EntryPoint","urlTemplate":"https:\/\/www.shm.software\/fr\/?s={search_term_string}"},"query-input":{"@type":"PropertyValueSpecification","valueRequired":true,"valueName":"search_term_string"}}],"inLanguage":"fr-FR"}]}},"_links":{"self":[{"href":"https:\/\/www.shm.software\/fr\/wp-json\/wp\/v2\/pages\/173","targetHints":{"allow":["GET"]}}],"collection":[{"href":"https:\/\/www.shm.software\/fr\/wp-json\/wp\/v2\/pages"}],"about":[{"href":"https:\/\/www.shm.software\/fr\/wp-json\/wp\/v2\/types\/page"}],"author":[{"embeddable":true,"href":"https:\/\/www.shm.software\/fr\/wp-json\/wp\/v2\/users\/1"}],"replies":[{"embeddable":true,"href":"https:\/\/www.shm.software\/fr\/wp-json\/wp\/v2\/comments?post=173"}],"version-history":[{"count":14,"href":"https:\/\/www.shm.software\/fr\/wp-json\/wp\/v2\/pages\/173\/revisions"}],"predecessor-version":[{"id":685,"href":"https:\/\/www.shm.software\/fr\/wp-json\/wp\/v2\/pages\/173\/revisions\/685"}],"wp:attachment":[{"href":"https:\/\/www.shm.software\/fr\/wp-json\/wp\/v2\/media?parent=173"}],"curies":[{"name":"wp","href":"https:\/\/api.w.org\/{rel}","templated":true}]}}