{"id":178,"date":"2023-08-31T07:41:28","date_gmt":"2023-08-31T07:41:28","guid":{"rendered":"https:\/\/www.shm.software\/fr\/?page_id=178"},"modified":"2023-11-01T11:05:27","modified_gmt":"2023-11-01T11:05:27","slug":"qr-labels","status":"publish","type":"page","link":"https:\/\/www.shm.software\/fr\/qr-labels","title":{"rendered":"Etiquette QR"},"content":{"rendered":"<div class=\"qr-bg in-head\"><\/div>\n<p id=\"breadcrumbs\"><span><span><a href=\"https:\/\/www.shm.software\/fr\/\">Accueil<\/a><\/span><\/span><\/p>\n<div class=\"section-white\">\n<div class=\"container\">\n<div class=\"row align-items-center\">\n<div class=\"col-md-7\">\n<h1>Etiquette QR<\/h1>\n<p>Smart Hospital Maintenance prend en charge l&rsquo;\u00e9tiquetage QR, y compris l&rsquo;impression QR individuelle et en bloc. Scannez l&rsquo;\u00e9tiquette avec l&rsquo;application web ou l&rsquo;application native pour traiter vos actifs encore plus rapidement. <\/p>\n<\/div>\n<div class=\"col-md-5\">\n<img decoding=\"async\" src=\"https:\/\/www.shm.software\/fr\/wp-content\/uploads\/2023\/09\/qrlabels-img1.jpg\" class=\"img-fluid d-block mx-auto\" alt=\"QR Labels\">\n<\/div>\n<\/div>\n<\/div>\n<\/div>\n<div class=\"section-lightgrey\">\n<div class=\"container\">\n<div class=\"row align-items-center\">\n<div class=\"col-md-7 order-md-2\">\n<h3>Les avantages des \u00e9tiquettes QR<\/h3>\n<p>L&rsquo;utilisation d&rsquo;\u00e9tiquettes QR vous permet d&rsquo;accro\u00eetre l&rsquo;efficacit\u00e9 du traitement de vos actifs. Au lieu de saisir manuellement le num\u00e9ro d&rsquo;inventaire, il suffit de scanner l&rsquo;\u00e9tiquette QR pour obtenir imm\u00e9diatement le fichier num\u00e9rique de l\u2019actif scann\u00e9.<\/p>\n<\/div>\n<div class=\"col-md-5 order-md-1\">\n<img decoding=\"async\" src=\"https:\/\/www.shm.software\/fr\/wp-content\/uploads\/2023\/09\/SHM_Efficient-Services_QR-Labels.jpg\" class=\"img-fluid d-block mx-auto\" alt=\"Benefits of QR Labels\">\n<\/div>\n<\/div>\n<\/div>\n<\/div>\n<div class=\"section-white\">\n<div class=\"container\">\n<div class=\"row\">\n<div class=\"col-md-12 text-center\">\n<h3>Prise en charge des \u00e9tiquettes QR<\/h3>\n<p>Le g\u00e9n\u00e9rateur d&rsquo;\u00e9tiquettes QR peut s&rsquo;adapter \u00e0 n&rsquo;importe quelle structure de code d&rsquo;inventaire et peut \u00eatre personnalis\u00e9 avec votre logo. Vous pouvez soit g\u00e9n\u00e9rer des \u00e9tiquettes QR individuelles, soit utiliser l&rsquo;option d&rsquo;impression en masse d&rsquo;\u00e9tiquettes QR. Cette option est particuli\u00e8rement utile si vous souhaitez ajouter directement de grandes quantit\u00e9s d&rsquo;actifs.<\/p>\n<p>Tout utilisateur disposant des droits d&rsquo;acc\u00e8s appropri\u00e9s pourra alors scanner l&rsquo;\u00e9tiquette, ouvrir le fichier de l&rsquo;actif pour en visualiser les d\u00e9tails ou \u00e9mettre imm\u00e9diatement une demande de service.<\/p>\n<\/div>\n<\/div>\n<\/div>\n<\/div>\n<div class=\"section-primary\">\n<div class=\"container\">\n<div class=\"row\">\n<div class=\"col-lg-10 mx-auto text-center\">\n<h4>Vous voulez voir Smart Hospital Maintenance en action ou vous avez des questions sur la fa\u00e7on dont les \u00e9tiquettes \u00e0 code QR peuvent am\u00e9liorer l&rsquo;efficacit\u00e9 de la gestion des actifs hospitaliers ?<\/h4>\n<h4>R\u00e9servez votre d\u00e9mo avec l&rsquo;un de nos experts!<\/h4>\n<div><a href=\"https:\/\/www.shm.software\/fr\/contact-us\" class=\"btn btn-primary mt-3\">R\u00e9server une d\u00e9mo<\/a><\/div>\n<\/div>\n<\/div>\n<\/div>\n<\/div>\n<div class=\"section-white\">\n<div class=\"container\">\n<div class=\"row text-center\">\n<div class=\"col-lg-12\">\n<h3 class=\"mb-0\">Caract\u00e9ristiques suppl\u00e9mentaires<\/h3>\n<\/div>\n<div class=\"col-lg-6\">\n<div class=\"af-box\">\n<h4>Maintenance et Gestion<\/h4>\n<div class=\"af-link\">\n<a href=\"https:\/\/www.shm.software\/fr\/work-order-management\">Gestion des bons de travail<\/a><br \/>\n<a href=\"https:\/\/www.shm.software\/fr\/planned-preventive-maintenance\">Maintenance pr\u00e9ventive planifi\u00e9<\/a><br \/>\n<a href=\"https:\/\/www.shm.software\/fr\/corrective-maintenance\">Maintenance corrective<\/a><br \/>\n<a href=\"https:\/\/www.shm.software\/fr\/inspection-maintenance\">Maintenance d&rsquo;inspection<\/a>\n<\/div>\n<\/div>\n<\/div>\n<div class=\"col-lg-6\">\n<div class=\"af-box\">\n<h4>Perspicacit\u00e9 profonde<\/h4>\n<div class=\"af-link\">\n<a href=\"https:\/\/www.shm.software\/fr\/technical-reports\">Rapport technique<\/a><br \/>\n<a href=\"https:\/\/www.shm.software\/fr\/contact-management\">Gestion dess contacts<\/a><br \/>\n<a href=\"https:\/\/www.shm.software\/fr\/contract-administration\">Gestion des contracts<\/a><br \/>\n<a href=\"https:\/\/www.shm.software\/fr\/user-profiles\">Vue d&rsquo;ensemble de l&rsquo;\u00e9quipe<\/a>\n<\/div>\n<\/div>\n<\/div>\n<div class=\"col-lg-6\">\n<div class=\"af-box\">\n<h4>Extensibilit\u00e9<\/h4>\n<div class=\"af-link\">\n<a href=\"https:\/\/www.shm.software\/fr\/facility-integration\">Gestion des actifs<\/a><br \/>\n<a href=\"https:\/\/www.shm.software\/fr\/multi-language-feature\">Int\u00e9gration de l&rsquo;\u00e9tablissement<\/a><br \/>\n<a href=\"https:\/\/www.shm.software\/fr\/relocation-management\">Fonctionnalit\u00e9 multilingue<\/a><br \/>\n<a href=\"https:\/\/www.shm.software\/fr\/shm-database\">Gestion des d\u00e9m\u00e9nagements<\/a>\n<\/div>\n<\/div>\n<\/div>\n<div class=\"col-lg-6\">\n<div class=\"af-box\">\n<h4>Confort<\/h4>\n<div class=\"af-link\">\n<a href=\"https:\/\/www.shm.software\/fr\/customisation\">Customisation<\/a><br \/>\n<a href=\"https:\/\/www.shm.software\/fr\/mobile-application\">Application mobile<\/a><br \/>\n<a href=\"https:\/\/www.shm.software\/fr\/offline-mode\">Mode hors ligne<\/a><br \/>\n<a href=\"https:\/\/www.shm.software\/fr\/bulk-upload\">T\u00e9l\u00e9chargement en masse<\/a>\n<\/div>\n<\/div>\n<\/div>\n<\/div>\n<\/div>\n<\/div>\n","protected":false},"excerpt":{"rendered":"<p>Etiquette QR Smart Hospital Maintenance prend en charge l&rsquo;\u00e9tiquetage QR, y compris l&rsquo;impression QR individuelle et en bloc. Scannez l&rsquo;\u00e9tiquette avec l&rsquo;application web ou l&rsquo;application native pour traiter vos actifs encore plus rapidement. Les avantages des \u00e9tiquettes QR L&rsquo;utilisation d&rsquo;\u00e9tiquettes QR vous permet d&rsquo;accro\u00eetre l&rsquo;efficacit\u00e9 du traitement de vos actifs. Au lieu de saisir manuellement [&#8230;]<\/p>\n<p><a class=\"btn btn-secondary understrap-read-more-link\" href=\"https:\/\/www.shm.software\/fr\/qr-labels\">Lire la suite&#8230;<\/a><\/p>\n","protected":false},"author":1,"featured_media":0,"parent":0,"menu_order":0,"comment_status":"closed","ping_status":"closed","template":"page-templates\/empty.php","meta":{"footnotes":""},"class_list":["post-178","page","type-page","status-publish","hentry"],"yoast_head":"<!-- This site is optimized with the Yoast SEO plugin v26.8 - https:\/\/yoast.com\/product\/yoast-seo-wordpress\/ -->\n<title>Etiquette QR - SMART HOSPITAL MAINTENANCE<\/title>\n<meta name=\"robots\" content=\"index, follow, max-snippet:-1, max-image-preview:large, max-video-preview:-1\" \/>\n<link rel=\"canonical\" href=\"https:\/\/www.shm.software\/fr\/qr-labels\" \/>\n<meta property=\"og:locale\" content=\"fr_FR\" \/>\n<meta property=\"og:type\" content=\"article\" \/>\n<meta property=\"og:title\" content=\"Etiquette QR - SMART HOSPITAL MAINTENANCE\" \/>\n<meta property=\"og:description\" content=\"Etiquette QR Smart Hospital Maintenance prend en charge l&rsquo;\u00e9tiquetage QR, y compris l&rsquo;impression QR individuelle et en bloc. Scannez l&rsquo;\u00e9tiquette avec l&rsquo;application web ou l&rsquo;application native pour traiter vos actifs encore plus rapidement. Les avantages des \u00e9tiquettes QR L&rsquo;utilisation d&rsquo;\u00e9tiquettes QR vous permet d&rsquo;accro\u00eetre l&rsquo;efficacit\u00e9 du traitement de vos actifs. Au lieu de saisir manuellement [...]Lire la suite...\" \/>\n<meta property=\"og:url\" content=\"https:\/\/www.shm.software\/fr\/qr-labels\" \/>\n<meta property=\"og:site_name\" content=\"SMART HOSPITAL MAINTENANCE\" \/>\n<meta property=\"article:modified_time\" content=\"2023-11-01T11:05:27+00:00\" \/>\n<meta property=\"og:image\" content=\"https:\/\/www.shm.software\/fr\/wp-content\/uploads\/2023\/09\/qrlabels-img1.jpg\" \/>\n<meta name=\"twitter:card\" content=\"summary_large_image\" \/>\n<meta name=\"twitter:label1\" content=\"Dur\u00e9e de lecture estim\u00e9e\" \/>\n\t<meta name=\"twitter:data1\" content=\"2 minutes\" \/>\n<script type=\"application\/ld+json\" class=\"yoast-schema-graph\">{\"@context\":\"https:\/\/schema.org\",\"@graph\":[{\"@type\":\"WebPage\",\"@id\":\"https:\/\/www.shm.software\/fr\/qr-labels\",\"url\":\"https:\/\/www.shm.software\/fr\/qr-labels\",\"name\":\"Etiquette QR - SMART HOSPITAL MAINTENANCE\",\"isPartOf\":{\"@id\":\"https:\/\/www.shm.software\/fr\/#website\"},\"primaryImageOfPage\":{\"@id\":\"https:\/\/www.shm.software\/fr\/qr-labels#primaryimage\"},\"image\":{\"@id\":\"https:\/\/www.shm.software\/fr\/qr-labels#primaryimage\"},\"thumbnailUrl\":\"https:\/\/www.shm.software\/fr\/wp-content\/uploads\/2023\/09\/qrlabels-img1.jpg\",\"datePublished\":\"2023-08-31T07:41:28+00:00\",\"dateModified\":\"2023-11-01T11:05:27+00:00\",\"breadcrumb\":{\"@id\":\"https:\/\/www.shm.software\/fr\/qr-labels#breadcrumb\"},\"inLanguage\":\"fr-FR\",\"potentialAction\":[{\"@type\":\"ReadAction\",\"target\":[\"https:\/\/www.shm.software\/fr\/qr-labels\"]}]},{\"@type\":\"ImageObject\",\"inLanguage\":\"fr-FR\",\"@id\":\"https:\/\/www.shm.software\/fr\/qr-labels#primaryimage\",\"url\":\"https:\/\/www.shm.software\/fr\/wp-content\/uploads\/2023\/09\/qrlabels-img1.jpg\",\"contentUrl\":\"https:\/\/www.shm.software\/fr\/wp-content\/uploads\/2023\/09\/qrlabels-img1.jpg\",\"width\":600,\"height\":400},{\"@type\":\"BreadcrumbList\",\"@id\":\"https:\/\/www.shm.software\/fr\/qr-labels#breadcrumb\",\"itemListElement\":[{\"@type\":\"ListItem\",\"position\":1,\"name\":\"Accueil\",\"item\":\"https:\/\/www.shm.software\/fr\/\"},{\"@type\":\"ListItem\",\"position\":2,\"name\":\"Etiquette QR\"}]},{\"@type\":\"WebSite\",\"@id\":\"https:\/\/www.shm.software\/fr\/#website\",\"url\":\"https:\/\/www.shm.software\/fr\/\",\"name\":\"SMART HOSPITAL MAINTENANCE\",\"description\":\"\",\"potentialAction\":[{\"@type\":\"SearchAction\",\"target\":{\"@type\":\"EntryPoint\",\"urlTemplate\":\"https:\/\/www.shm.software\/fr\/?s={search_term_string}\"},\"query-input\":{\"@type\":\"PropertyValueSpecification\",\"valueRequired\":true,\"valueName\":\"search_term_string\"}}],\"inLanguage\":\"fr-FR\"}]}<\/script>\n<!-- \/ Yoast SEO plugin. -->","yoast_head_json":{"title":"Etiquette QR - SMART HOSPITAL MAINTENANCE","robots":{"index":"index","follow":"follow","max-snippet":"max-snippet:-1","max-image-preview":"max-image-preview:large","max-video-preview":"max-video-preview:-1"},"canonical":"https:\/\/www.shm.software\/fr\/qr-labels","og_locale":"fr_FR","og_type":"article","og_title":"Etiquette QR - SMART HOSPITAL MAINTENANCE","og_description":"Etiquette QR Smart Hospital Maintenance prend en charge l&rsquo;\u00e9tiquetage QR, y compris l&rsquo;impression QR individuelle et en bloc. Scannez l&rsquo;\u00e9tiquette avec l&rsquo;application web ou l&rsquo;application native pour traiter vos actifs encore plus rapidement. Les avantages des \u00e9tiquettes QR L&rsquo;utilisation d&rsquo;\u00e9tiquettes QR vous permet d&rsquo;accro\u00eetre l&rsquo;efficacit\u00e9 du traitement de vos actifs. Au lieu de saisir manuellement [...]Lire la suite...","og_url":"https:\/\/www.shm.software\/fr\/qr-labels","og_site_name":"SMART HOSPITAL MAINTENANCE","article_modified_time":"2023-11-01T11:05:27+00:00","og_image":[{"url":"https:\/\/www.shm.software\/fr\/wp-content\/uploads\/2023\/09\/qrlabels-img1.jpg","type":"","width":"","height":""}],"twitter_card":"summary_large_image","twitter_misc":{"Dur\u00e9e de lecture estim\u00e9e":"2 minutes"},"schema":{"@context":"https:\/\/schema.org","@graph":[{"@type":"WebPage","@id":"https:\/\/www.shm.software\/fr\/qr-labels","url":"https:\/\/www.shm.software\/fr\/qr-labels","name":"Etiquette QR - SMART HOSPITAL MAINTENANCE","isPartOf":{"@id":"https:\/\/www.shm.software\/fr\/#website"},"primaryImageOfPage":{"@id":"https:\/\/www.shm.software\/fr\/qr-labels#primaryimage"},"image":{"@id":"https:\/\/www.shm.software\/fr\/qr-labels#primaryimage"},"thumbnailUrl":"https:\/\/www.shm.software\/fr\/wp-content\/uploads\/2023\/09\/qrlabels-img1.jpg","datePublished":"2023-08-31T07:41:28+00:00","dateModified":"2023-11-01T11:05:27+00:00","breadcrumb":{"@id":"https:\/\/www.shm.software\/fr\/qr-labels#breadcrumb"},"inLanguage":"fr-FR","potentialAction":[{"@type":"ReadAction","target":["https:\/\/www.shm.software\/fr\/qr-labels"]}]},{"@type":"ImageObject","inLanguage":"fr-FR","@id":"https:\/\/www.shm.software\/fr\/qr-labels#primaryimage","url":"https:\/\/www.shm.software\/fr\/wp-content\/uploads\/2023\/09\/qrlabels-img1.jpg","contentUrl":"https:\/\/www.shm.software\/fr\/wp-content\/uploads\/2023\/09\/qrlabels-img1.jpg","width":600,"height":400},{"@type":"BreadcrumbList","@id":"https:\/\/www.shm.software\/fr\/qr-labels#breadcrumb","itemListElement":[{"@type":"ListItem","position":1,"name":"Accueil","item":"https:\/\/www.shm.software\/fr\/"},{"@type":"ListItem","position":2,"name":"Etiquette QR"}]},{"@type":"WebSite","@id":"https:\/\/www.shm.software\/fr\/#website","url":"https:\/\/www.shm.software\/fr\/","name":"SMART HOSPITAL MAINTENANCE","description":"","potentialAction":[{"@type":"SearchAction","target":{"@type":"EntryPoint","urlTemplate":"https:\/\/www.shm.software\/fr\/?s={search_term_string}"},"query-input":{"@type":"PropertyValueSpecification","valueRequired":true,"valueName":"search_term_string"}}],"inLanguage":"fr-FR"}]}},"_links":{"self":[{"href":"https:\/\/www.shm.software\/fr\/wp-json\/wp\/v2\/pages\/178","targetHints":{"allow":["GET"]}}],"collection":[{"href":"https:\/\/www.shm.software\/fr\/wp-json\/wp\/v2\/pages"}],"about":[{"href":"https:\/\/www.shm.software\/fr\/wp-json\/wp\/v2\/types\/page"}],"author":[{"embeddable":true,"href":"https:\/\/www.shm.software\/fr\/wp-json\/wp\/v2\/users\/1"}],"replies":[{"embeddable":true,"href":"https:\/\/www.shm.software\/fr\/wp-json\/wp\/v2\/comments?post=178"}],"version-history":[{"count":9,"href":"https:\/\/www.shm.software\/fr\/wp-json\/wp\/v2\/pages\/178\/revisions"}],"predecessor-version":[{"id":678,"href":"https:\/\/www.shm.software\/fr\/wp-json\/wp\/v2\/pages\/178\/revisions\/678"}],"wp:attachment":[{"href":"https:\/\/www.shm.software\/fr\/wp-json\/wp\/v2\/media?parent=178"}],"curies":[{"name":"wp","href":"https:\/\/api.w.org\/{rel}","templated":true}]}}