{"id":180,"date":"2023-08-31T07:41:37","date_gmt":"2023-08-31T07:41:37","guid":{"rendered":"https:\/\/www.shm.software\/fr\/?page_id=180"},"modified":"2023-11-01T11:09:03","modified_gmt":"2023-11-01T11:09:03","slug":"technical-reports","status":"publish","type":"page","link":"https:\/\/www.shm.software\/fr\/technical-reports","title":{"rendered":"Rapports techniques"},"content":{"rendered":"<div class=\"technical-bg in-head\"><\/div>\n<p id=\"breadcrumbs\"><span><span><a href=\"https:\/\/www.shm.software\/fr\/\">Accueil<\/a><\/span><\/span><\/p>\n<div class=\"section-white\">\n<div class=\"container\">\n<div class=\"row align-items-center\">\n<div class=\"col-md-6\">\n<h1>Rapports techniques<\/h1>\n<p>Les rapports techniques fournissent des informations et des analyses sur vos actifs sous diff\u00e9rents angles. Ils incluent des informations compl\u00e8tes sur divers aspects de vos actifs, des salles et de l&rsquo;\u00e9tablissement lui-m\u00eame. Avec Smart Hospital Maintenance, vous d\u00e9cidez de ce qui est important pour vous en cr\u00e9ant des rapports personnalis\u00e9s ou en utilisant des mod\u00e8les standard. Cela permet aux responsables de l&rsquo;\u00e9quipement m\u00e9dical et aux administrateurs d&rsquo;h\u00f4pitaux de prendre les bonnes d\u00e9cisions !<\/p>\n<\/div>\n<div class=\"col-md-6\">\n<img decoding=\"async\" src=\"https:\/\/www.shm.software\/fr\/wp-content\/uploads\/2023\/09\/SHM_Deep-Insights_Technical-Reports.jpg\" class=\"img-fluid d-block mx-auto\" alt=\"Technical Reports\">\n<\/div>\n<\/div>\n<\/div>\n<\/div>\n<div class=\"section-lightgrey\">\n<div class=\"container\">\n<div class=\"row align-items-center\">\n<div class=\"col-md-6 order-md-2\">\n<h3>R\u00e9sum\u00e9 de l\u2019\u00e9tat<\/h3>\n<p>Smart Hospital Maintenance vous permet de d\u00e9finir les principaux param\u00e8tres, \u00e9valuations et r\u00e9sum\u00e9s de l&rsquo;\u00e9tat dans ce module. Vous d\u00e9cidez de l&rsquo;orientation, par exemple en \u00e9valuant l&rsquo;\u00e9tat par d\u00e9partement, salle, b\u00e2timent, marque, mod\u00e8le ou tout autre param\u00e8tre imaginable parmi une gamme compl\u00e8te d&rsquo;options.<\/p>\n<\/div>\n<div class=\"col-md-6 order-md-1\">\n<img decoding=\"async\" src=\"https:\/\/www.shm.software\/fr\/wp-content\/uploads\/2023\/09\/SHM_Deep-Insights_Technical-Reports_Text-Picture.jpg\" class=\"img-fluid d-block mx-auto\" alt=\"Status Summary\">\n<\/div>\n<\/div>\n<\/div>\n<\/div>\n<div class=\"section-white pt-4\">\n<div class=\"container\">\n<div class=\"row\">\n<div class=\"col-md-4\">\n<div class=\"he-box same-height\">\n<div class=\"he-icon\"><img decoding=\"async\" src=\"https:\/\/www.shm.software\/fr\/wp-content\/uploads\/2023\/09\/tr-icon1.png\" alt=\"Asset Status List\"><\/div>\n<h3>Liste des \u00e9tats des actifs<\/h3>\n<p class=\"mb-0\">En tant que logiciel de gestion professionnelle des \u00e9quipements, Smart Hospital Maintenance vous permet d&rsquo;avoir une vue d&rsquo;ensemble de tous vos actifs dans votre \u00e9tablissement, y compris leurs \u00e9tats individuels. \u00c0 partir de la liste des \u00e9tats des actifs, vous pouvez \u00e9galement acc\u00e9der directement \u00e0 chaque actif avec des informations d\u00e9taill\u00e9es sur son emplacement, son historique, son \u00e9tat, et bien plus encore.<\/p>\n<\/div>\n<\/div>\n<div class=\"col-md-4\">\n<div class=\"he-box same-height\">\n<div class=\"he-icon\"><img decoding=\"async\" src=\"https:\/\/www.shm.software\/fr\/wp-content\/uploads\/2023\/09\/ppm-icon5.png\" alt=\"Room Status List\"><\/div>\n<h3>Liste des \u00e9tats des salles<\/h3>\n<p class=\"mb-0\">Cette fonction vous offre une vue d&rsquo;ensemble compl\u00e8te de toutes les salles de votre \u00e9tablissement et de leurs \u00e9tats (par exemple, leur \u00e9tat de fonctionnement). Cela inclut des informations sur les actifs, leurs \u00e9tats et les \u00e9valuations associ\u00e9es. \u00c0 partir de la liste des \u00e9tats des salles, vous pouvez \u00e9galement acc\u00e9der \u00e0 des informations suppl\u00e9mentaires sur toutes les salles, telles que les param\u00e8tres de la salle et les d\u00e9tails techniques.<\/p>\n<\/div>\n<\/div>\n<div class=\"col-md-4\">\n<div class=\"he-box same-height\">\n<div class=\"he-icon\"><img decoding=\"async\" src=\"https:\/\/www.shm.software\/fr\/wp-content\/uploads\/2023\/09\/tr-icon3.png\" alt=\"Report Generator\"><\/div>\n<h3>G\u00e9n\u00e9rateur de rapports<\/h3>\n<p class=\"mb-0\">Obtenez des rapports valides sur l&rsquo;\u00e9tat de vos actifs, leur utilisation, leur valeur commerciale, la r\u00e9partition des marques, et bien plus encore. Examinez la liste compl\u00e8te des \u00e9tats en fonction de vos propres crit\u00e8res. D\u00e9finissez ce qui est important pour vous ! La plupart des attributs des actifs sont flexibles et pr\u00eats \u00e0 \u00eatre personnalis\u00e9s. Vous pouvez consulter les rapports pour chaque \u00e9tablissement auquel vous avez acc\u00e8s. De plus, vous pouvez examiner l&rsquo;ensemble de votre organisation pour avoir une vue d&rsquo;ensemble compl\u00e8te de vos \u00e9tablissements.<\/p>\n<\/div>\n<\/div>\n<\/div>\n<\/div>\n<\/div>\n<div class=\"section-primary\">\n<div class=\"container\">\n<div class=\"row\">\n<div class=\"col-lg-10 mx-auto text-center\">\n<h4>Int\u00e9ress\u00e9 \u00e0 essayer Smart Hospital Maintenance par vous-m\u00eame ? <br \/>R\u00e9servez votre rendez-vous personnel d\u00e8s aujourd&rsquo;hui !<\/h4>\n<div><a href=\"https:\/\/www.shm.software\/fr\/contact-us\" class=\"btn btn-primary mt-3\">R\u00e9server une d\u00e9mo<\/a><\/div>\n<\/div>\n<\/div>\n<\/div>\n<\/div>\n<div class=\"section-white\">\n<div class=\"container\">\n<div class=\"row text-center\">\n<div class=\"col-lg-12\">\n<h3 class=\"mb-0\">Caract\u00e9ristiques suppl\u00e9mentaires<\/h3>\n<\/div>\n<div class=\"col-lg-6\">\n<div class=\"af-box\">\n<h4>Maintenance et Gestion<\/h4>\n<div class=\"af-link\">\n<a href=\"https:\/\/www.shm.software\/fr\/work-order-management\">Gestion des bons de travail<\/a><br \/>\n<a href=\"https:\/\/www.shm.software\/fr\/planned-preventive-maintenance\">Maintenance pr\u00e9ventive planifi\u00e9<\/a><br \/>\n<a href=\"https:\/\/www.shm.software\/fr\/corrective-maintenance\">Maintenance corrective<\/a><br \/>\n<a href=\"https:\/\/www.shm.software\/fr\/inspection-maintenance\">Maintenance d&rsquo;inspection<\/a>\n<\/div>\n<\/div>\n<\/div>\n<div class=\"col-lg-6\">\n<div class=\"af-box\">\n<h4>Services efficaces<\/h4>\n<div class=\"af-link\">\n<a href=\"https:\/\/www.shm.software\/fr\/asset-matching\">Correspondance des actifs<\/a><br \/>\n<a href=\"https:\/\/www.shm.software\/fr\/document-management\">Gestion des documents<\/a><br \/>\n<a href=\"https:\/\/www.shm.software\/fr\/service-request-management\">Gestion des demande de service<\/a><br \/>\n<a href=\"https:\/\/www.shm.software\/fr\/qr-labels\">G\u00e9n\u00e9ration de QR code<\/a>\n<\/div>\n<\/div>\n<\/div>\n<div class=\"col-lg-6\">\n<div class=\"af-box\">\n<h4>Extensibilit\u00e9<\/h4>\n<div class=\"af-link\">\n<a href=\"https:\/\/www.shm.software\/fr\/facility-integration\">Gestion des actifs<\/a><br \/>\n<a href=\"https:\/\/www.shm.software\/fr\/multi-language-feature\">Int\u00e9gration de l&rsquo;\u00e9tablissement<\/a><br \/>\n<a href=\"https:\/\/www.shm.software\/fr\/relocation-management\">Fonctionnalit\u00e9 multilingue<\/a><br \/>\n<a href=\"https:\/\/www.shm.software\/fr\/shm-database\">Gestion des d\u00e9m\u00e9nagements<\/a>\n<\/div>\n<\/div>\n<\/div>\n<div class=\"col-lg-6\">\n<div class=\"af-box\">\n<h4>Confort<\/h4>\n<div class=\"af-link\">\n<a href=\"https:\/\/www.shm.software\/fr\/customisation\">Customisation<\/a><br \/>\n<a href=\"https:\/\/www.shm.software\/fr\/mobile-application\">Application mobile<\/a><br \/>\n<a href=\"https:\/\/www.shm.software\/fr\/offline-mode\">Mode hors ligne<\/a><br \/>\n<a href=\"https:\/\/www.shm.software\/fr\/bulk-upload\">T\u00e9l\u00e9chargement en masse<\/a>\n<\/div>\n<\/div>\n<\/div>\n<\/div>\n<\/div>\n<\/div>\n","protected":false},"excerpt":{"rendered":"<p>Rapports techniques Les rapports techniques fournissent des informations et des analyses sur vos actifs sous diff\u00e9rents angles. Ils incluent des informations compl\u00e8tes sur divers aspects de vos actifs, des salles et de l&rsquo;\u00e9tablissement lui-m\u00eame. Avec Smart Hospital Maintenance, vous d\u00e9cidez de ce qui est important pour vous en cr\u00e9ant des rapports personnalis\u00e9s ou en utilisant [&#8230;]<\/p>\n<p><a class=\"btn btn-secondary understrap-read-more-link\" href=\"https:\/\/www.shm.software\/fr\/technical-reports\">Lire la suite&#8230;<\/a><\/p>\n","protected":false},"author":1,"featured_media":0,"parent":0,"menu_order":0,"comment_status":"closed","ping_status":"closed","template":"page-templates\/empty.php","meta":{"footnotes":""},"class_list":["post-180","page","type-page","status-publish","hentry"],"yoast_head":"<!-- This site is optimized with the Yoast SEO plugin v26.8 - https:\/\/yoast.com\/product\/yoast-seo-wordpress\/ -->\n<title>Rapports techniques - SMART HOSPITAL MAINTENANCE<\/title>\n<meta name=\"robots\" content=\"index, follow, max-snippet:-1, max-image-preview:large, max-video-preview:-1\" \/>\n<link rel=\"canonical\" href=\"https:\/\/www.shm.software\/fr\/technical-reports\" \/>\n<meta property=\"og:locale\" content=\"fr_FR\" \/>\n<meta property=\"og:type\" content=\"article\" \/>\n<meta property=\"og:title\" content=\"Rapports techniques - SMART HOSPITAL MAINTENANCE\" \/>\n<meta property=\"og:description\" content=\"Rapports techniques Les rapports techniques fournissent des informations et des analyses sur vos actifs sous diff\u00e9rents angles. Ils incluent des informations compl\u00e8tes sur divers aspects de vos actifs, des salles et de l&rsquo;\u00e9tablissement lui-m\u00eame. Avec Smart Hospital Maintenance, vous d\u00e9cidez de ce qui est important pour vous en cr\u00e9ant des rapports personnalis\u00e9s ou en utilisant [...]Lire la suite...\" \/>\n<meta property=\"og:url\" content=\"https:\/\/www.shm.software\/fr\/technical-reports\" \/>\n<meta property=\"og:site_name\" content=\"SMART HOSPITAL MAINTENANCE\" \/>\n<meta property=\"article:modified_time\" content=\"2023-11-01T11:09:03+00:00\" \/>\n<meta property=\"og:image\" content=\"https:\/\/www.shm.software\/fr\/wp-content\/uploads\/2023\/09\/SHM_Deep-Insights_Technical-Reports.jpg\" \/>\n<meta name=\"twitter:card\" content=\"summary_large_image\" \/>\n<meta name=\"twitter:label1\" content=\"Dur\u00e9e de lecture estim\u00e9e\" \/>\n\t<meta name=\"twitter:data1\" content=\"3 minutes\" \/>\n<script type=\"application\/ld+json\" class=\"yoast-schema-graph\">{\"@context\":\"https:\/\/schema.org\",\"@graph\":[{\"@type\":\"WebPage\",\"@id\":\"https:\/\/www.shm.software\/fr\/technical-reports\",\"url\":\"https:\/\/www.shm.software\/fr\/technical-reports\",\"name\":\"Rapports techniques - SMART HOSPITAL MAINTENANCE\",\"isPartOf\":{\"@id\":\"https:\/\/www.shm.software\/fr\/#website\"},\"primaryImageOfPage\":{\"@id\":\"https:\/\/www.shm.software\/fr\/technical-reports#primaryimage\"},\"image\":{\"@id\":\"https:\/\/www.shm.software\/fr\/technical-reports#primaryimage\"},\"thumbnailUrl\":\"https:\/\/www.shm.software\/fr\/wp-content\/uploads\/2023\/09\/SHM_Deep-Insights_Technical-Reports.jpg\",\"datePublished\":\"2023-08-31T07:41:37+00:00\",\"dateModified\":\"2023-11-01T11:09:03+00:00\",\"breadcrumb\":{\"@id\":\"https:\/\/www.shm.software\/fr\/technical-reports#breadcrumb\"},\"inLanguage\":\"fr-FR\",\"potentialAction\":[{\"@type\":\"ReadAction\",\"target\":[\"https:\/\/www.shm.software\/fr\/technical-reports\"]}]},{\"@type\":\"ImageObject\",\"inLanguage\":\"fr-FR\",\"@id\":\"https:\/\/www.shm.software\/fr\/technical-reports#primaryimage\",\"url\":\"https:\/\/www.shm.software\/fr\/wp-content\/uploads\/2023\/09\/SHM_Deep-Insights_Technical-Reports.jpg\",\"contentUrl\":\"https:\/\/www.shm.software\/fr\/wp-content\/uploads\/2023\/09\/SHM_Deep-Insights_Technical-Reports.jpg\",\"width\":600,\"height\":400},{\"@type\":\"BreadcrumbList\",\"@id\":\"https:\/\/www.shm.software\/fr\/technical-reports#breadcrumb\",\"itemListElement\":[{\"@type\":\"ListItem\",\"position\":1,\"name\":\"Accueil\",\"item\":\"https:\/\/www.shm.software\/fr\/\"},{\"@type\":\"ListItem\",\"position\":2,\"name\":\"Rapports techniques\"}]},{\"@type\":\"WebSite\",\"@id\":\"https:\/\/www.shm.software\/fr\/#website\",\"url\":\"https:\/\/www.shm.software\/fr\/\",\"name\":\"SMART HOSPITAL MAINTENANCE\",\"description\":\"\",\"potentialAction\":[{\"@type\":\"SearchAction\",\"target\":{\"@type\":\"EntryPoint\",\"urlTemplate\":\"https:\/\/www.shm.software\/fr\/?s={search_term_string}\"},\"query-input\":{\"@type\":\"PropertyValueSpecification\",\"valueRequired\":true,\"valueName\":\"search_term_string\"}}],\"inLanguage\":\"fr-FR\"}]}<\/script>\n<!-- \/ Yoast SEO plugin. -->","yoast_head_json":{"title":"Rapports techniques - SMART HOSPITAL MAINTENANCE","robots":{"index":"index","follow":"follow","max-snippet":"max-snippet:-1","max-image-preview":"max-image-preview:large","max-video-preview":"max-video-preview:-1"},"canonical":"https:\/\/www.shm.software\/fr\/technical-reports","og_locale":"fr_FR","og_type":"article","og_title":"Rapports techniques - SMART HOSPITAL MAINTENANCE","og_description":"Rapports techniques Les rapports techniques fournissent des informations et des analyses sur vos actifs sous diff\u00e9rents angles. Ils incluent des informations compl\u00e8tes sur divers aspects de vos actifs, des salles et de l&rsquo;\u00e9tablissement lui-m\u00eame. Avec Smart Hospital Maintenance, vous d\u00e9cidez de ce qui est important pour vous en cr\u00e9ant des rapports personnalis\u00e9s ou en utilisant [...]Lire la suite...","og_url":"https:\/\/www.shm.software\/fr\/technical-reports","og_site_name":"SMART HOSPITAL MAINTENANCE","article_modified_time":"2023-11-01T11:09:03+00:00","og_image":[{"url":"https:\/\/www.shm.software\/fr\/wp-content\/uploads\/2023\/09\/SHM_Deep-Insights_Technical-Reports.jpg","type":"","width":"","height":""}],"twitter_card":"summary_large_image","twitter_misc":{"Dur\u00e9e de lecture estim\u00e9e":"3 minutes"},"schema":{"@context":"https:\/\/schema.org","@graph":[{"@type":"WebPage","@id":"https:\/\/www.shm.software\/fr\/technical-reports","url":"https:\/\/www.shm.software\/fr\/technical-reports","name":"Rapports techniques - SMART HOSPITAL MAINTENANCE","isPartOf":{"@id":"https:\/\/www.shm.software\/fr\/#website"},"primaryImageOfPage":{"@id":"https:\/\/www.shm.software\/fr\/technical-reports#primaryimage"},"image":{"@id":"https:\/\/www.shm.software\/fr\/technical-reports#primaryimage"},"thumbnailUrl":"https:\/\/www.shm.software\/fr\/wp-content\/uploads\/2023\/09\/SHM_Deep-Insights_Technical-Reports.jpg","datePublished":"2023-08-31T07:41:37+00:00","dateModified":"2023-11-01T11:09:03+00:00","breadcrumb":{"@id":"https:\/\/www.shm.software\/fr\/technical-reports#breadcrumb"},"inLanguage":"fr-FR","potentialAction":[{"@type":"ReadAction","target":["https:\/\/www.shm.software\/fr\/technical-reports"]}]},{"@type":"ImageObject","inLanguage":"fr-FR","@id":"https:\/\/www.shm.software\/fr\/technical-reports#primaryimage","url":"https:\/\/www.shm.software\/fr\/wp-content\/uploads\/2023\/09\/SHM_Deep-Insights_Technical-Reports.jpg","contentUrl":"https:\/\/www.shm.software\/fr\/wp-content\/uploads\/2023\/09\/SHM_Deep-Insights_Technical-Reports.jpg","width":600,"height":400},{"@type":"BreadcrumbList","@id":"https:\/\/www.shm.software\/fr\/technical-reports#breadcrumb","itemListElement":[{"@type":"ListItem","position":1,"name":"Accueil","item":"https:\/\/www.shm.software\/fr\/"},{"@type":"ListItem","position":2,"name":"Rapports techniques"}]},{"@type":"WebSite","@id":"https:\/\/www.shm.software\/fr\/#website","url":"https:\/\/www.shm.software\/fr\/","name":"SMART HOSPITAL MAINTENANCE","description":"","potentialAction":[{"@type":"SearchAction","target":{"@type":"EntryPoint","urlTemplate":"https:\/\/www.shm.software\/fr\/?s={search_term_string}"},"query-input":{"@type":"PropertyValueSpecification","valueRequired":true,"valueName":"search_term_string"}}],"inLanguage":"fr-FR"}]}},"_links":{"self":[{"href":"https:\/\/www.shm.software\/fr\/wp-json\/wp\/v2\/pages\/180","targetHints":{"allow":["GET"]}}],"collection":[{"href":"https:\/\/www.shm.software\/fr\/wp-json\/wp\/v2\/pages"}],"about":[{"href":"https:\/\/www.shm.software\/fr\/wp-json\/wp\/v2\/types\/page"}],"author":[{"embeddable":true,"href":"https:\/\/www.shm.software\/fr\/wp-json\/wp\/v2\/users\/1"}],"replies":[{"embeddable":true,"href":"https:\/\/www.shm.software\/fr\/wp-json\/wp\/v2\/comments?post=180"}],"version-history":[{"count":13,"href":"https:\/\/www.shm.software\/fr\/wp-json\/wp\/v2\/pages\/180\/revisions"}],"predecessor-version":[{"id":532,"href":"https:\/\/www.shm.software\/fr\/wp-json\/wp\/v2\/pages\/180\/revisions\/532"}],"wp:attachment":[{"href":"https:\/\/www.shm.software\/fr\/wp-json\/wp\/v2\/media?parent=180"}],"curies":[{"name":"wp","href":"https:\/\/api.w.org\/{rel}","templated":true}]}}