{"id":182,"date":"2023-08-31T07:41:49","date_gmt":"2023-08-31T07:41:49","guid":{"rendered":"https:\/\/www.shm.software\/fr\/?page_id=182"},"modified":"2023-11-01T11:06:33","modified_gmt":"2023-11-01T11:06:33","slug":"contact-management","status":"publish","type":"page","link":"https:\/\/www.shm.software\/fr\/contact-management","title":{"rendered":"Gestion des contacts"},"content":{"rendered":"<div class=\"cmanage-bg in-head\"><\/div>\n<p id=\"breadcrumbs\"><span><span><a href=\"https:\/\/www.shm.software\/fr\/\">Accueil<\/a><\/span><\/span><\/p>\n<div class=\"section-white\">\n<div class=\"container\">\n<div class=\"row align-items-center\">\n<div class=\"col-md-6\">\n<h1>Gestion des contacts<\/h1>\n<p>La gestion et la maintenance de l&rsquo;\u00e9quipement hospitalier impliquent de nombreuses parties prenantes diff\u00e9rentes. Les coordonn\u00e9es de toutes les parties concern\u00e9es doivent \u00eatre g\u00e9r\u00e9es correctement et mises \u00e0 la disposition de diff\u00e9rents groupes d&rsquo;utilisateurs. Avec Smart Hospital Maintenance, tous les contacts peuvent \u00eatre g\u00e9r\u00e9s et suivis.<\/p>\n<p>Avec Smart Hospital Maintenance, les contacts sont divis\u00e9s en trois principales divisions. Pour chaque division, c&rsquo;est \u00e0 vous de d\u00e9cider si ces contacts et ces informations doivent \u00eatre enregistr\u00e9s dans le logiciel et qui devrait y avoir acc\u00e8s :<\/p>\n<\/div>\n<div class=\"col-md-4 mx-auto\">\n<img decoding=\"async\" src=\"https:\/\/www.shm.software\/fr\/wp-content\/uploads\/2023\/10\/cmanage-img1.png\" class=\"img-fluid d-block mx-auto\" alt=\"Contact Management\">\n<\/div>\n<\/div>\n<\/div>\n<\/div>\n<div class=\"section-lightgrey\">\n<div class=\"container\">\n<div class=\"row\">\n<div class=\"col-md-12\">\n<img decoding=\"async\" src=\"https:\/\/www.shm.software\/fr\/wp-content\/uploads\/2023\/09\/SHM_Deep-Insights_Contact-Management.jpg\" class=\"img-fluid d-block mx-auto mb-5\" alt=\"Contact-Management\">\n<\/div>\n<div class=\"col-md-4\">\n<h3>1. Source de financement<\/h3>\n<p>D\u00e9finissez vos sources de financement pour mieux comprendre comment les actifs sont financ\u00e9s. Vous avez la possibilit\u00e9 d&rsquo;attribuer \u00e0 chaque actif une source de financement ou une r\u00e9f\u00e9rence de projet. Cela vous permettra de savoir facilement comment l&rsquo;actif a \u00e9t\u00e9 acquis. Surtout pour les autorit\u00e9s publiques, il s&rsquo;agit d&rsquo;une excellente fonctionnalit\u00e9 pour \u00e9valuer, par exemple, de quels donateurs elles ont re\u00e7u des \u00e9quipements. Mais aussi, pour les \u00e9tablissements de sant\u00e9 priv\u00e9s, cela peut \u00eatre une fonctionnalit\u00e9 pr\u00e9cieuse. Par exemple, vous pouvez faire la distinction entre les actifs financ\u00e9s par des ressources financi\u00e8res propres ou par des pr\u00eats bancaires.<\/p>\n<\/div>\n<div class=\"col-md-4\">\n<h3>2. Fournisseurs de service<\/h3>\n<p>Tout type de fournisseur de services peut \u00eatre g\u00e9r\u00e9 dans Smart Hospital Maintenance. Vous pouvez d\u00e9finir des cat\u00e9gories de fournisseurs pour distinguer diff\u00e9rents types de fournisseurs tels que les fournisseurs de pi\u00e8ces de rechange, les prestataires de maintenance, les agents locaux, etc. Avec Smart Hospital Maintenance, vous pouvez attribuer jusqu&rsquo;\u00e0 2 fournisseurs diff\u00e9rents \u00e0 chaque actif pour fournir \u00e0 votre personnel imm\u00e9diatement les bonnes coordonn\u00e9es pour la bonne demande.<\/p>\n<\/div>\n<div class=\"col-md-4\">\n<h3>3.\tContacts de propri\u00e9t\u00e9<\/h3>\n<p>En d\u00e9finissant des r\u00e9f\u00e9rences de propri\u00e9t\u00e9, les \u00e9tablissements de sant\u00e9 peuvent facilement suivre les actifs qui sont leur propri\u00e9t\u00e9, lou\u00e9s ou d\u00e9tenus par un tiers, par exemple en raison de l&rsquo;externalisation de l&rsquo;\u00e9quipement. Cela aidera \u00e0 savoir comment traiter ces actifs, \u00e0 les surveiller et \u00e0 prendre les bonnes d\u00e9cisions.<\/p>\n<\/div>\n<\/div>\n<\/div>\n<\/div>\n<div class=\"section-primary\">\n<div class=\"container\">\n<div class=\"row\">\n<div class=\"col-lg-10 mx-auto text-center\">\n<h4>Int\u00e9ress\u00e9 \u00e0 en savoir plus sur la gestion des contacts avec Smart Hospital Maintenance ? <br \/>Il est temps de r\u00e9server votre rendez-vous personnel avec l&rsquo;un de nos experts !<\/h4>\n<div><a href=\"https:\/\/www.shm.software\/fr\/contact-us\" class=\"btn btn-primary mt-3\">R\u00e9server une d\u00e9mo<\/a><\/div>\n<\/div>\n<\/div>\n<\/div>\n<\/div>\n<div class=\"section-white\">\n<div class=\"container\">\n<div class=\"row text-center\">\n<div class=\"col-lg-12\">\n<h3 class=\"mb-0\">Caract\u00e9ristiques suppl\u00e9mentaires<\/h3>\n<\/div>\n<div class=\"col-lg-6\">\n<div class=\"af-box\">\n<h4>Maintenance et Gestion<\/h4>\n<div class=\"af-link\">\n<a href=\"https:\/\/www.shm.software\/fr\/work-order-management\">Gestion des bons de travail<\/a><br \/>\n<a href=\"https:\/\/www.shm.software\/fr\/planned-preventive-maintenance\">Maintenance pr\u00e9ventive planifi\u00e9<\/a><br \/>\n<a href=\"https:\/\/www.shm.software\/fr\/corrective-maintenance\">Maintenance corrective<\/a><br \/>\n<a href=\"https:\/\/www.shm.software\/fr\/inspection-maintenance\">Maintenance d&rsquo;inspection<\/a>\n<\/div>\n<\/div>\n<\/div>\n<div class=\"col-lg-6\">\n<div class=\"af-box\">\n<h4>Services efficaces<\/h4>\n<div class=\"af-link\">\n<a href=\"https:\/\/www.shm.software\/fr\/asset-matching\">Correspondance des actifs<\/a><br \/>\n<a href=\"https:\/\/www.shm.software\/fr\/document-management\">Gestion des documents<\/a><br \/>\n<a href=\"https:\/\/www.shm.software\/fr\/service-request-management\">Gestion des demande de service<\/a><br \/>\n<a href=\"https:\/\/www.shm.software\/fr\/qr-labels\">G\u00e9n\u00e9ration de QR code<\/a>\n<\/div>\n<\/div>\n<\/div>\n<div class=\"col-lg-6\">\n<div class=\"af-box\">\n<h4>Extensibilit\u00e9<\/h4>\n<div class=\"af-link\">\n<a href=\"https:\/\/www.shm.software\/fr\/facility-integration\">Gestion des actifs<\/a><br \/>\n<a href=\"https:\/\/www.shm.software\/fr\/multi-language-feature\">Int\u00e9gration de l&rsquo;\u00e9tablissement<\/a><br \/>\n<a href=\"https:\/\/www.shm.software\/fr\/relocation-management\">Fonctionnalit\u00e9 multilingue<\/a><br \/>\n<a href=\"https:\/\/www.shm.software\/fr\/shm-database\">Gestion des d\u00e9m\u00e9nagements<\/a>\n<\/div>\n<\/div>\n<\/div>\n<div class=\"col-lg-6\">\n<div class=\"af-box\">\n<h4>Confort<\/h4>\n<div class=\"af-link\">\n<a href=\"https:\/\/www.shm.software\/fr\/customisation\">Customisation<\/a><br \/>\n<a href=\"https:\/\/www.shm.software\/fr\/mobile-application\">Application mobile<\/a><br \/>\n<a href=\"https:\/\/www.shm.software\/fr\/offline-mode\">Mode hors ligne<\/a><br \/>\n<a href=\"https:\/\/www.shm.software\/fr\/bulk-upload\">T\u00e9l\u00e9chargement en masse<\/a>\n<\/div>\n<\/div>\n<\/div>\n<\/div>\n<\/div>\n<\/div>\n","protected":false},"excerpt":{"rendered":"<p>Gestion des contacts La gestion et la maintenance de l&rsquo;\u00e9quipement hospitalier impliquent de nombreuses parties prenantes diff\u00e9rentes. Les coordonn\u00e9es de toutes les parties concern\u00e9es doivent \u00eatre g\u00e9r\u00e9es correctement et mises \u00e0 la disposition de diff\u00e9rents groupes d&rsquo;utilisateurs. Avec Smart Hospital Maintenance, tous les contacts peuvent \u00eatre g\u00e9r\u00e9s et suivis. Avec Smart Hospital Maintenance, les contacts [&#8230;]<\/p>\n<p><a class=\"btn btn-secondary understrap-read-more-link\" href=\"https:\/\/www.shm.software\/fr\/contact-management\">Lire la suite&#8230;<\/a><\/p>\n","protected":false},"author":1,"featured_media":0,"parent":0,"menu_order":0,"comment_status":"closed","ping_status":"closed","template":"page-templates\/empty.php","meta":{"footnotes":""},"class_list":["post-182","page","type-page","status-publish","hentry"],"yoast_head":"<!-- This site is optimized with the Yoast SEO plugin v26.8 - https:\/\/yoast.com\/product\/yoast-seo-wordpress\/ -->\n<title>Gestion des contacts - SMART HOSPITAL MAINTENANCE<\/title>\n<meta name=\"robots\" content=\"index, follow, max-snippet:-1, max-image-preview:large, max-video-preview:-1\" \/>\n<link rel=\"canonical\" href=\"https:\/\/www.shm.software\/fr\/contact-management\" \/>\n<meta property=\"og:locale\" content=\"fr_FR\" \/>\n<meta property=\"og:type\" content=\"article\" \/>\n<meta property=\"og:title\" content=\"Gestion des contacts - SMART HOSPITAL MAINTENANCE\" \/>\n<meta property=\"og:description\" content=\"Gestion des contacts La gestion et la maintenance de l&rsquo;\u00e9quipement hospitalier impliquent de nombreuses parties prenantes diff\u00e9rentes. Les coordonn\u00e9es de toutes les parties concern\u00e9es doivent \u00eatre g\u00e9r\u00e9es correctement et mises \u00e0 la disposition de diff\u00e9rents groupes d&rsquo;utilisateurs. Avec Smart Hospital Maintenance, tous les contacts peuvent \u00eatre g\u00e9r\u00e9s et suivis. Avec Smart Hospital Maintenance, les contacts [...]Lire la suite...\" \/>\n<meta property=\"og:url\" content=\"https:\/\/www.shm.software\/fr\/contact-management\" \/>\n<meta property=\"og:site_name\" content=\"SMART HOSPITAL MAINTENANCE\" \/>\n<meta property=\"article:modified_time\" content=\"2023-11-01T11:06:33+00:00\" \/>\n<meta property=\"og:image\" content=\"https:\/\/www.shm.software\/fr\/wp-content\/uploads\/2023\/10\/cmanage-img1.png\" \/>\n<meta name=\"twitter:card\" content=\"summary_large_image\" \/>\n<meta name=\"twitter:label1\" content=\"Dur\u00e9e de lecture estim\u00e9e\" \/>\n\t<meta name=\"twitter:data1\" content=\"3 minutes\" \/>\n<script type=\"application\/ld+json\" class=\"yoast-schema-graph\">{\"@context\":\"https:\/\/schema.org\",\"@graph\":[{\"@type\":\"WebPage\",\"@id\":\"https:\/\/www.shm.software\/fr\/contact-management\",\"url\":\"https:\/\/www.shm.software\/fr\/contact-management\",\"name\":\"Gestion des contacts - SMART HOSPITAL MAINTENANCE\",\"isPartOf\":{\"@id\":\"https:\/\/www.shm.software\/fr\/#website\"},\"primaryImageOfPage\":{\"@id\":\"https:\/\/www.shm.software\/fr\/contact-management#primaryimage\"},\"image\":{\"@id\":\"https:\/\/www.shm.software\/fr\/contact-management#primaryimage\"},\"thumbnailUrl\":\"https:\/\/www.shm.software\/fr\/wp-content\/uploads\/2023\/10\/cmanage-img1.png\",\"datePublished\":\"2023-08-31T07:41:49+00:00\",\"dateModified\":\"2023-11-01T11:06:33+00:00\",\"breadcrumb\":{\"@id\":\"https:\/\/www.shm.software\/fr\/contact-management#breadcrumb\"},\"inLanguage\":\"fr-FR\",\"potentialAction\":[{\"@type\":\"ReadAction\",\"target\":[\"https:\/\/www.shm.software\/fr\/contact-management\"]}]},{\"@type\":\"ImageObject\",\"inLanguage\":\"fr-FR\",\"@id\":\"https:\/\/www.shm.software\/fr\/contact-management#primaryimage\",\"url\":\"https:\/\/www.shm.software\/fr\/wp-content\/uploads\/2023\/10\/cmanage-img1.png\",\"contentUrl\":\"https:\/\/www.shm.software\/fr\/wp-content\/uploads\/2023\/10\/cmanage-img1.png\",\"width\":600,\"height\":600},{\"@type\":\"BreadcrumbList\",\"@id\":\"https:\/\/www.shm.software\/fr\/contact-management#breadcrumb\",\"itemListElement\":[{\"@type\":\"ListItem\",\"position\":1,\"name\":\"Accueil\",\"item\":\"https:\/\/www.shm.software\/fr\/\"},{\"@type\":\"ListItem\",\"position\":2,\"name\":\"Gestion des contacts\"}]},{\"@type\":\"WebSite\",\"@id\":\"https:\/\/www.shm.software\/fr\/#website\",\"url\":\"https:\/\/www.shm.software\/fr\/\",\"name\":\"SMART HOSPITAL MAINTENANCE\",\"description\":\"\",\"potentialAction\":[{\"@type\":\"SearchAction\",\"target\":{\"@type\":\"EntryPoint\",\"urlTemplate\":\"https:\/\/www.shm.software\/fr\/?s={search_term_string}\"},\"query-input\":{\"@type\":\"PropertyValueSpecification\",\"valueRequired\":true,\"valueName\":\"search_term_string\"}}],\"inLanguage\":\"fr-FR\"}]}<\/script>\n<!-- \/ Yoast SEO plugin. -->","yoast_head_json":{"title":"Gestion des contacts - SMART HOSPITAL MAINTENANCE","robots":{"index":"index","follow":"follow","max-snippet":"max-snippet:-1","max-image-preview":"max-image-preview:large","max-video-preview":"max-video-preview:-1"},"canonical":"https:\/\/www.shm.software\/fr\/contact-management","og_locale":"fr_FR","og_type":"article","og_title":"Gestion des contacts - SMART HOSPITAL MAINTENANCE","og_description":"Gestion des contacts La gestion et la maintenance de l&rsquo;\u00e9quipement hospitalier impliquent de nombreuses parties prenantes diff\u00e9rentes. Les coordonn\u00e9es de toutes les parties concern\u00e9es doivent \u00eatre g\u00e9r\u00e9es correctement et mises \u00e0 la disposition de diff\u00e9rents groupes d&rsquo;utilisateurs. Avec Smart Hospital Maintenance, tous les contacts peuvent \u00eatre g\u00e9r\u00e9s et suivis. Avec Smart Hospital Maintenance, les contacts [...]Lire la suite...","og_url":"https:\/\/www.shm.software\/fr\/contact-management","og_site_name":"SMART HOSPITAL MAINTENANCE","article_modified_time":"2023-11-01T11:06:33+00:00","og_image":[{"url":"https:\/\/www.shm.software\/fr\/wp-content\/uploads\/2023\/10\/cmanage-img1.png","type":"","width":"","height":""}],"twitter_card":"summary_large_image","twitter_misc":{"Dur\u00e9e de lecture estim\u00e9e":"3 minutes"},"schema":{"@context":"https:\/\/schema.org","@graph":[{"@type":"WebPage","@id":"https:\/\/www.shm.software\/fr\/contact-management","url":"https:\/\/www.shm.software\/fr\/contact-management","name":"Gestion des contacts - SMART HOSPITAL MAINTENANCE","isPartOf":{"@id":"https:\/\/www.shm.software\/fr\/#website"},"primaryImageOfPage":{"@id":"https:\/\/www.shm.software\/fr\/contact-management#primaryimage"},"image":{"@id":"https:\/\/www.shm.software\/fr\/contact-management#primaryimage"},"thumbnailUrl":"https:\/\/www.shm.software\/fr\/wp-content\/uploads\/2023\/10\/cmanage-img1.png","datePublished":"2023-08-31T07:41:49+00:00","dateModified":"2023-11-01T11:06:33+00:00","breadcrumb":{"@id":"https:\/\/www.shm.software\/fr\/contact-management#breadcrumb"},"inLanguage":"fr-FR","potentialAction":[{"@type":"ReadAction","target":["https:\/\/www.shm.software\/fr\/contact-management"]}]},{"@type":"ImageObject","inLanguage":"fr-FR","@id":"https:\/\/www.shm.software\/fr\/contact-management#primaryimage","url":"https:\/\/www.shm.software\/fr\/wp-content\/uploads\/2023\/10\/cmanage-img1.png","contentUrl":"https:\/\/www.shm.software\/fr\/wp-content\/uploads\/2023\/10\/cmanage-img1.png","width":600,"height":600},{"@type":"BreadcrumbList","@id":"https:\/\/www.shm.software\/fr\/contact-management#breadcrumb","itemListElement":[{"@type":"ListItem","position":1,"name":"Accueil","item":"https:\/\/www.shm.software\/fr\/"},{"@type":"ListItem","position":2,"name":"Gestion des contacts"}]},{"@type":"WebSite","@id":"https:\/\/www.shm.software\/fr\/#website","url":"https:\/\/www.shm.software\/fr\/","name":"SMART HOSPITAL MAINTENANCE","description":"","potentialAction":[{"@type":"SearchAction","target":{"@type":"EntryPoint","urlTemplate":"https:\/\/www.shm.software\/fr\/?s={search_term_string}"},"query-input":{"@type":"PropertyValueSpecification","valueRequired":true,"valueName":"search_term_string"}}],"inLanguage":"fr-FR"}]}},"_links":{"self":[{"href":"https:\/\/www.shm.software\/fr\/wp-json\/wp\/v2\/pages\/182","targetHints":{"allow":["GET"]}}],"collection":[{"href":"https:\/\/www.shm.software\/fr\/wp-json\/wp\/v2\/pages"}],"about":[{"href":"https:\/\/www.shm.software\/fr\/wp-json\/wp\/v2\/types\/page"}],"author":[{"embeddable":true,"href":"https:\/\/www.shm.software\/fr\/wp-json\/wp\/v2\/users\/1"}],"replies":[{"embeddable":true,"href":"https:\/\/www.shm.software\/fr\/wp-json\/wp\/v2\/comments?post=182"}],"version-history":[{"count":11,"href":"https:\/\/www.shm.software\/fr\/wp-json\/wp\/v2\/pages\/182\/revisions"}],"predecessor-version":[{"id":682,"href":"https:\/\/www.shm.software\/fr\/wp-json\/wp\/v2\/pages\/182\/revisions\/682"}],"wp:attachment":[{"href":"https:\/\/www.shm.software\/fr\/wp-json\/wp\/v2\/media?parent=182"}],"curies":[{"name":"wp","href":"https:\/\/api.w.org\/{rel}","templated":true}]}}