{"id":184,"date":"2023-08-31T07:42:09","date_gmt":"2023-08-31T07:42:09","guid":{"rendered":"https:\/\/www.shm.software\/fr\/?page_id=184"},"modified":"2023-11-01T11:06:38","modified_gmt":"2023-11-01T11:06:38","slug":"contract-administration","status":"publish","type":"page","link":"https:\/\/www.shm.software\/fr\/contract-administration","title":{"rendered":"Gestion des contrats"},"content":{"rendered":"<div class=\"cadmin-bg in-head\"><\/div>\n<p id=\"breadcrumbs\"><span><span><a href=\"https:\/\/www.shm.software\/fr\/\">Accueil<\/a><\/span><\/span><\/p>\n<div class=\"section-white\">\n<div class=\"container\">\n<div class=\"row align-items-center\">\n<div class=\"col-md-6\">\n<h1>Gestion des contrats<\/h1>\n<p>Les contrats constituent une partie importante de la gestion et  la maintenance des \u00e9quipements. Ils couvrent diverses relations juridiques avec les parties prenantes impliqu\u00e9es, telles que les fournisseurs d&rsquo;\u00e9quipements et les prestataires de services. G\u00e9rez les contrats li\u00e9s aux actifs de mani\u00e8re pratique en les int\u00e9grant dans votre dossier num\u00e9rique d&rsquo;actifs, dans le cadre de votre logiciel de gestion et de maintenance des \u00e9quipements hospitaliers.<\/p>\n<\/div>\n<div class=\"col-md-6\">\n<img decoding=\"async\" src=\"https:\/\/www.shm.software\/fr\/wp-content\/uploads\/2023\/09\/SHM_Deep-Insights_Contract-Administration.jpg\" class=\"img-fluid d-block mx-auto\" alt=\"Contract Administration\">\n<\/div>\n<\/div>\n<\/div>\n<\/div>\n<div class=\"section-lightgrey\">\n<div class=\"container\">\n<div class=\"row align-items-center\">\n<div class=\"col-md-6 order-md-2\">\n<h3>Contrats<\/h3>\n<p>Vous pouvez soit t\u00e9l\u00e9charger l&rsquo;int\u00e9gralit\u00e9 des contrats, soit inclure des informations contractuelles s\u00e9lectionn\u00e9es dans le logiciel, qui sont li\u00e9es \u00e0 des actifs sp\u00e9cifiques ou \u00e0 un ensemble d&rsquo;actifs. Cela permet aux gestionnaires d&rsquo;\u00e9quipements et aux ing\u00e9nieurs, par exemple, de voir directement si un actif est g\u00e9r\u00e9 dans le cadre d&rsquo;un contrat de service externe ou de tout autre type de contrat. Une fonctionnalit\u00e9 puissante est la possibilit\u00e9 de filtrer les contrats en fonction de leurs dates d&rsquo;expiration afin de n\u00e9gocier des extensions de contrat en temps voulu.<\/p>\n<\/div>\n<div class=\"col-md-4 mx-auto order-md-1\">\n<img decoding=\"async\" src=\"https:\/\/www.shm.software\/fr\/wp-content\/uploads\/2023\/09\/cadmin-img1.png\" class=\"img-fluid d-block mx-auto\" alt=\"Contracts\">\n<\/div>\n<\/div>\n<\/div>\n<\/div>\n<div class=\"section-primary\">\n<div class=\"container\">\n<div class=\"row\">\n<div class=\"col-lg-10 mx-auto text-center\">\n<h4>Vous souhaitez voir comment Smart Hospital Maintenance facilite la gestion de vos contrats ?<\/h4>\n<h4>R\u00e9servez votre session de d\u00e9monstration d\u00e8s aujourd&rsquo;hui !<\/h4>\n<div><a href=\"https:\/\/www.shm.software\/fr\/contact-us\" class=\"btn btn-primary mt-3\">R\u00e9server une d\u00e9mo<\/a><\/div>\n<\/div>\n<\/div>\n<\/div>\n<\/div>\n<div class=\"section-white\">\n<div class=\"container\">\n<div class=\"row text-center\">\n<div class=\"col-lg-12\">\n<h3 class=\"mb-0\">Caract\u00e9ristiques suppl\u00e9mentaires<\/h3>\n<\/div>\n<div class=\"col-lg-6\">\n<div class=\"af-box\">\n<h4>Maintenance et Gestion<\/h4>\n<div class=\"af-link\">\n<a href=\"https:\/\/www.shm.software\/fr\/work-order-management\">Gestion des bons de travail<\/a><br \/>\n<a href=\"https:\/\/www.shm.software\/fr\/planned-preventive-maintenance\">Maintenance pr\u00e9ventive planifi\u00e9<\/a><br \/>\n<a href=\"https:\/\/www.shm.software\/fr\/corrective-maintenance\">Maintenance corrective<\/a><br \/>\n<a href=\"https:\/\/www.shm.software\/fr\/inspection-maintenance\">Maintenance d&rsquo;inspection<\/a>\n<\/div>\n<\/div>\n<\/div>\n<div class=\"col-lg-6\">\n<div class=\"af-box\">\n<h4>Services efficaces<\/h4>\n<div class=\"af-link\">\n<a href=\"https:\/\/www.shm.software\/fr\/asset-matching\">Correspondance des actifs<\/a><br \/>\n<a href=\"https:\/\/www.shm.software\/fr\/document-management\">Gestion des documents<\/a><br \/>\n<a href=\"https:\/\/www.shm.software\/fr\/service-request-management\">Gestion des demande de service<\/a><br \/>\n<a href=\"https:\/\/www.shm.software\/fr\/qr-labels\">G\u00e9n\u00e9ration de QR code<\/a>\n<\/div>\n<\/div>\n<\/div>\n<div class=\"col-lg-6\">\n<div class=\"af-box\">\n<h4>Extensibilit\u00e9<\/h4>\n<div class=\"af-link\">\n<a href=\"https:\/\/www.shm.software\/fr\/facility-integration\">Gestion des actifs<\/a><br \/>\n<a href=\"https:\/\/www.shm.software\/fr\/multi-language-feature\">Int\u00e9gration de l&rsquo;\u00e9tablissement<\/a><br \/>\n<a href=\"https:\/\/www.shm.software\/fr\/relocation-management\">Fonctionnalit\u00e9 multilingue<\/a><br \/>\n<a href=\"https:\/\/www.shm.software\/fr\/shm-database\">Gestion des d\u00e9m\u00e9nagements<\/a>\n<\/div>\n<\/div>\n<\/div>\n<div class=\"col-lg-6\">\n<div class=\"af-box\">\n<h4>Confort<\/h4>\n<div class=\"af-link\">\n<a href=\"https:\/\/www.shm.software\/fr\/customisation\">Customisation<\/a><br \/>\n<a href=\"https:\/\/www.shm.software\/fr\/mobile-application\">Application mobile<\/a><br \/>\n<a href=\"https:\/\/www.shm.software\/fr\/offline-mode\">Mode hors ligne<\/a><br \/>\n<a href=\"https:\/\/www.shm.software\/fr\/bulk-upload\">T\u00e9l\u00e9chargement en masse<\/a>\n<\/div>\n<\/div>\n<\/div>\n<\/div>\n<\/div>\n<\/div>\n","protected":false},"excerpt":{"rendered":"<p>Gestion des contrats Les contrats constituent une partie importante de la gestion et la maintenance des \u00e9quipements. Ils couvrent diverses relations juridiques avec les parties prenantes impliqu\u00e9es, telles que les fournisseurs d&rsquo;\u00e9quipements et les prestataires de services. G\u00e9rez les contrats li\u00e9s aux actifs de mani\u00e8re pratique en les int\u00e9grant dans votre dossier num\u00e9rique d&rsquo;actifs, dans [&#8230;]<\/p>\n<p><a class=\"btn btn-secondary understrap-read-more-link\" href=\"https:\/\/www.shm.software\/fr\/contract-administration\">Lire la suite&#8230;<\/a><\/p>\n","protected":false},"author":1,"featured_media":0,"parent":0,"menu_order":0,"comment_status":"closed","ping_status":"closed","template":"page-templates\/empty.php","meta":{"footnotes":""},"class_list":["post-184","page","type-page","status-publish","hentry"],"yoast_head":"<!-- This site is optimized with the Yoast SEO plugin v26.8 - https:\/\/yoast.com\/product\/yoast-seo-wordpress\/ -->\n<title>Gestion des contrats - SMART HOSPITAL MAINTENANCE<\/title>\n<meta name=\"robots\" content=\"index, follow, max-snippet:-1, max-image-preview:large, max-video-preview:-1\" \/>\n<link rel=\"canonical\" href=\"https:\/\/www.shm.software\/fr\/contract-administration\" \/>\n<meta property=\"og:locale\" content=\"fr_FR\" \/>\n<meta property=\"og:type\" content=\"article\" \/>\n<meta property=\"og:title\" content=\"Gestion des contrats - SMART HOSPITAL MAINTENANCE\" \/>\n<meta property=\"og:description\" content=\"Gestion des contrats Les contrats constituent une partie importante de la gestion et la maintenance des \u00e9quipements. Ils couvrent diverses relations juridiques avec les parties prenantes impliqu\u00e9es, telles que les fournisseurs d&rsquo;\u00e9quipements et les prestataires de services. G\u00e9rez les contrats li\u00e9s aux actifs de mani\u00e8re pratique en les int\u00e9grant dans votre dossier num\u00e9rique d&rsquo;actifs, dans [...]Lire la suite...\" \/>\n<meta property=\"og:url\" content=\"https:\/\/www.shm.software\/fr\/contract-administration\" \/>\n<meta property=\"og:site_name\" content=\"SMART HOSPITAL MAINTENANCE\" \/>\n<meta property=\"article:modified_time\" content=\"2023-11-01T11:06:38+00:00\" \/>\n<meta property=\"og:image\" content=\"https:\/\/www.shm.software\/fr\/wp-content\/uploads\/2023\/09\/SHM_Deep-Insights_Contract-Administration.jpg\" \/>\n<meta name=\"twitter:card\" content=\"summary_large_image\" \/>\n<meta name=\"twitter:label1\" content=\"Dur\u00e9e de lecture estim\u00e9e\" \/>\n\t<meta name=\"twitter:data1\" content=\"2 minutes\" \/>\n<script type=\"application\/ld+json\" class=\"yoast-schema-graph\">{\"@context\":\"https:\/\/schema.org\",\"@graph\":[{\"@type\":\"WebPage\",\"@id\":\"https:\/\/www.shm.software\/fr\/contract-administration\",\"url\":\"https:\/\/www.shm.software\/fr\/contract-administration\",\"name\":\"Gestion des contrats - SMART HOSPITAL MAINTENANCE\",\"isPartOf\":{\"@id\":\"https:\/\/www.shm.software\/fr\/#website\"},\"primaryImageOfPage\":{\"@id\":\"https:\/\/www.shm.software\/fr\/contract-administration#primaryimage\"},\"image\":{\"@id\":\"https:\/\/www.shm.software\/fr\/contract-administration#primaryimage\"},\"thumbnailUrl\":\"https:\/\/www.shm.software\/fr\/wp-content\/uploads\/2023\/09\/SHM_Deep-Insights_Contract-Administration.jpg\",\"datePublished\":\"2023-08-31T07:42:09+00:00\",\"dateModified\":\"2023-11-01T11:06:38+00:00\",\"breadcrumb\":{\"@id\":\"https:\/\/www.shm.software\/fr\/contract-administration#breadcrumb\"},\"inLanguage\":\"fr-FR\",\"potentialAction\":[{\"@type\":\"ReadAction\",\"target\":[\"https:\/\/www.shm.software\/fr\/contract-administration\"]}]},{\"@type\":\"ImageObject\",\"inLanguage\":\"fr-FR\",\"@id\":\"https:\/\/www.shm.software\/fr\/contract-administration#primaryimage\",\"url\":\"https:\/\/www.shm.software\/fr\/wp-content\/uploads\/2023\/09\/SHM_Deep-Insights_Contract-Administration.jpg\",\"contentUrl\":\"https:\/\/www.shm.software\/fr\/wp-content\/uploads\/2023\/09\/SHM_Deep-Insights_Contract-Administration.jpg\",\"width\":600,\"height\":400},{\"@type\":\"BreadcrumbList\",\"@id\":\"https:\/\/www.shm.software\/fr\/contract-administration#breadcrumb\",\"itemListElement\":[{\"@type\":\"ListItem\",\"position\":1,\"name\":\"Accueil\",\"item\":\"https:\/\/www.shm.software\/fr\/\"},{\"@type\":\"ListItem\",\"position\":2,\"name\":\"Gestion des contrats\"}]},{\"@type\":\"WebSite\",\"@id\":\"https:\/\/www.shm.software\/fr\/#website\",\"url\":\"https:\/\/www.shm.software\/fr\/\",\"name\":\"SMART HOSPITAL MAINTENANCE\",\"description\":\"\",\"potentialAction\":[{\"@type\":\"SearchAction\",\"target\":{\"@type\":\"EntryPoint\",\"urlTemplate\":\"https:\/\/www.shm.software\/fr\/?s={search_term_string}\"},\"query-input\":{\"@type\":\"PropertyValueSpecification\",\"valueRequired\":true,\"valueName\":\"search_term_string\"}}],\"inLanguage\":\"fr-FR\"}]}<\/script>\n<!-- \/ Yoast SEO plugin. -->","yoast_head_json":{"title":"Gestion des contrats - SMART HOSPITAL MAINTENANCE","robots":{"index":"index","follow":"follow","max-snippet":"max-snippet:-1","max-image-preview":"max-image-preview:large","max-video-preview":"max-video-preview:-1"},"canonical":"https:\/\/www.shm.software\/fr\/contract-administration","og_locale":"fr_FR","og_type":"article","og_title":"Gestion des contrats - SMART HOSPITAL MAINTENANCE","og_description":"Gestion des contrats Les contrats constituent une partie importante de la gestion et la maintenance des \u00e9quipements. Ils couvrent diverses relations juridiques avec les parties prenantes impliqu\u00e9es, telles que les fournisseurs d&rsquo;\u00e9quipements et les prestataires de services. G\u00e9rez les contrats li\u00e9s aux actifs de mani\u00e8re pratique en les int\u00e9grant dans votre dossier num\u00e9rique d&rsquo;actifs, dans [...]Lire la suite...","og_url":"https:\/\/www.shm.software\/fr\/contract-administration","og_site_name":"SMART HOSPITAL MAINTENANCE","article_modified_time":"2023-11-01T11:06:38+00:00","og_image":[{"url":"https:\/\/www.shm.software\/fr\/wp-content\/uploads\/2023\/09\/SHM_Deep-Insights_Contract-Administration.jpg","type":"","width":"","height":""}],"twitter_card":"summary_large_image","twitter_misc":{"Dur\u00e9e de lecture estim\u00e9e":"2 minutes"},"schema":{"@context":"https:\/\/schema.org","@graph":[{"@type":"WebPage","@id":"https:\/\/www.shm.software\/fr\/contract-administration","url":"https:\/\/www.shm.software\/fr\/contract-administration","name":"Gestion des contrats - SMART HOSPITAL MAINTENANCE","isPartOf":{"@id":"https:\/\/www.shm.software\/fr\/#website"},"primaryImageOfPage":{"@id":"https:\/\/www.shm.software\/fr\/contract-administration#primaryimage"},"image":{"@id":"https:\/\/www.shm.software\/fr\/contract-administration#primaryimage"},"thumbnailUrl":"https:\/\/www.shm.software\/fr\/wp-content\/uploads\/2023\/09\/SHM_Deep-Insights_Contract-Administration.jpg","datePublished":"2023-08-31T07:42:09+00:00","dateModified":"2023-11-01T11:06:38+00:00","breadcrumb":{"@id":"https:\/\/www.shm.software\/fr\/contract-administration#breadcrumb"},"inLanguage":"fr-FR","potentialAction":[{"@type":"ReadAction","target":["https:\/\/www.shm.software\/fr\/contract-administration"]}]},{"@type":"ImageObject","inLanguage":"fr-FR","@id":"https:\/\/www.shm.software\/fr\/contract-administration#primaryimage","url":"https:\/\/www.shm.software\/fr\/wp-content\/uploads\/2023\/09\/SHM_Deep-Insights_Contract-Administration.jpg","contentUrl":"https:\/\/www.shm.software\/fr\/wp-content\/uploads\/2023\/09\/SHM_Deep-Insights_Contract-Administration.jpg","width":600,"height":400},{"@type":"BreadcrumbList","@id":"https:\/\/www.shm.software\/fr\/contract-administration#breadcrumb","itemListElement":[{"@type":"ListItem","position":1,"name":"Accueil","item":"https:\/\/www.shm.software\/fr\/"},{"@type":"ListItem","position":2,"name":"Gestion des contrats"}]},{"@type":"WebSite","@id":"https:\/\/www.shm.software\/fr\/#website","url":"https:\/\/www.shm.software\/fr\/","name":"SMART HOSPITAL MAINTENANCE","description":"","potentialAction":[{"@type":"SearchAction","target":{"@type":"EntryPoint","urlTemplate":"https:\/\/www.shm.software\/fr\/?s={search_term_string}"},"query-input":{"@type":"PropertyValueSpecification","valueRequired":true,"valueName":"search_term_string"}}],"inLanguage":"fr-FR"}]}},"_links":{"self":[{"href":"https:\/\/www.shm.software\/fr\/wp-json\/wp\/v2\/pages\/184","targetHints":{"allow":["GET"]}}],"collection":[{"href":"https:\/\/www.shm.software\/fr\/wp-json\/wp\/v2\/pages"}],"about":[{"href":"https:\/\/www.shm.software\/fr\/wp-json\/wp\/v2\/types\/page"}],"author":[{"embeddable":true,"href":"https:\/\/www.shm.software\/fr\/wp-json\/wp\/v2\/users\/1"}],"replies":[{"embeddable":true,"href":"https:\/\/www.shm.software\/fr\/wp-json\/wp\/v2\/comments?post=184"}],"version-history":[{"count":11,"href":"https:\/\/www.shm.software\/fr\/wp-json\/wp\/v2\/pages\/184\/revisions"}],"predecessor-version":[{"id":683,"href":"https:\/\/www.shm.software\/fr\/wp-json\/wp\/v2\/pages\/184\/revisions\/683"}],"wp:attachment":[{"href":"https:\/\/www.shm.software\/fr\/wp-json\/wp\/v2\/media?parent=184"}],"curies":[{"name":"wp","href":"https:\/\/api.w.org\/{rel}","templated":true}]}}