{"id":187,"date":"2023-08-31T07:42:16","date_gmt":"2023-08-31T07:42:16","guid":{"rendered":"https:\/\/www.shm.software\/fr\/?page_id=187"},"modified":"2023-11-01T11:08:57","modified_gmt":"2023-11-01T11:08:57","slug":"user-profiles","status":"publish","type":"page","link":"https:\/\/www.shm.software\/fr\/user-profiles","title":{"rendered":"Profils d\u2019utilisateurs"},"content":{"rendered":"<div class=\"userp-bg in-head\"><\/div>\n<p id=\"breadcrumbs\"><span><span><a href=\"https:\/\/www.shm.software\/fr\/\">Accueil<\/a><\/span><\/span><\/p>\n<div class=\"section-white\">\n<div class=\"container\">\n<div class=\"row align-items-center\">\n<div class=\"col-md-6\">\n<h1>Profils d\u2019utilisateurs<\/h1>\n<p>Pour une gestion professionnelle de l&rsquo;\u00e9quipement et de la maintenance, divers groupes d&rsquo;utilisateurs doivent \u00eatre impliqu\u00e9s. Cela n\u00e9cessite des r\u00f4les et des profils d&rsquo;utilisateurs enti\u00e8rement personnalisables. G\u00e9rez vos utilisateurs et accordez-leur des droits d&rsquo;acc\u00e8s personnalis\u00e9s. Smart Hospital Maintenance r\u00e9pond \u00e0 ces exigences tout en respectant les normes de protection des donn\u00e9es.<\/p>\n<\/div>\n<div class=\"col-md-6\">\n<img decoding=\"async\" src=\"https:\/\/www.shm.software\/fr\/wp-content\/uploads\/2023\/09\/SHM_Deep-Insights_User-Profiles.jpg\" class=\"img-fluid d-block mx-auto\" alt=\"User Profiles\">\n<\/div>\n<\/div>\n<\/div>\n<\/div>\n<div class=\"section-lightgrey pt-4\">\n<div class=\"container\">\n<div class=\"row\">\n<div class=\"col-md-4\">\n<div class=\"he-box same-height\">\n<div class=\"he-icon\"><img decoding=\"async\" src=\"https:\/\/www.shm.software\/fr\/wp-content\/uploads\/2023\/09\/up-icon1.png\" alt=\"User Roles\"><\/div>\n<h3>R\u00f4les des utilisateurs<\/h3>\n<p class=\"mb-0\">Personnalisez les r\u00f4les des utilisateurs et d\u00e9finissez les domaines auxquels vos utilisateurs auront acc\u00e8s. Vous pouvez d\u00e9cider, cas par cas, dans quels domaines votre utilisateur est autoris\u00e9 \u00e0 lire, cr\u00e9er, modifier ou supprimer des objets.<\/p>\n<\/div>\n<\/div>\n<div class=\"col-md-4\">\n<div class=\"he-box same-height\">\n<div class=\"he-icon\"><img decoding=\"async\" src=\"https:\/\/www.shm.software\/fr\/wp-content\/uploads\/2023\/09\/up-icon2.png\" alt=\"Multiple Facility Access\"><\/div>\n<h3>Acc\u00e8s \u00e0 plusieurs \u00e9tablissements<\/h3>\n<p class=\"mb-0\">G\u00e9rez des utilisateurs sp\u00e9ciaux qui ont acc\u00e8s \u00e0 plusieurs de vos \u00e9tablissements. Il s&rsquo;agit d&rsquo;un outil puissant qui permet aux gestionnaires mondiaux ou aux ing\u00e9nieurs sp\u00e9cialis\u00e9s d&rsquo;acc\u00e9der \u00e0 tous vos \u00e9tablissements ou \u00e0 certains d&rsquo;entre eux au sein d&rsquo;un seul logiciel.<\/p>\n<\/div>\n<\/div>\n<div class=\"col-md-4\">\n<div class=\"he-box same-height\">\n<div class=\"he-icon\"><img decoding=\"async\" src=\"https:\/\/www.shm.software\/fr\/wp-content\/uploads\/2023\/09\/up-icon3.png\" alt=\"User (Competence) Profiles\"><\/div>\n<h3>Profils d&rsquo;utilisateurs (Comp\u00e9tences)<\/h3>\n<p class=\"mb-0\">Smart Hospital Maintenance propose des profils d&rsquo;utilisateurs, qui peuvent \u00eatre \u00e9tendus par des profils de comp\u00e9tences utilisateur avec des informations sur les comp\u00e9tences et la formation de votre personnel. Cela vous permet d&rsquo;obtenir un aper\u00e7u des comp\u00e9tences et de prendre des d\u00e9cisions concernant les futurs programmes de formation et d&rsquo;\u00e9ducation.<\/p>\n<\/div>\n<\/div>\n<\/div>\n<\/div>\n<\/div>\n<div class=\"section-primary\">\n<div class=\"container\">\n<div class=\"row\">\n<div class=\"col-lg-10 mx-auto text-center\">\n<h4>Int\u00e9ress\u00e9 \u00e0 en savoir plus sur cette fonctionnalit\u00e9 ? <br \/>Contactez-nous d\u00e8s aujourd&rsquo;hui !<\/h4>\n<div><a href=\"https:\/\/www.shm.software\/fr\/contact-us\" class=\"btn btn-primary mt-3\">R\u00e9server une d\u00e9mo<\/a><\/div>\n<\/div>\n<\/div>\n<\/div>\n<\/div>\n<div class=\"section-white\">\n<div class=\"container\">\n<div class=\"row text-center\">\n<div class=\"col-lg-12\">\n<h3 class=\"mb-0\">Caract\u00e9ristiques suppl\u00e9mentaires<\/h3>\n<\/div>\n<div class=\"col-lg-6\">\n<div class=\"af-box\">\n<h4>Maintenance et Gestion<\/h4>\n<div class=\"af-link\">\n<a href=\"https:\/\/www.shm.software\/fr\/work-order-management\">Gestion des bons de travail<\/a><br \/>\n<a href=\"https:\/\/www.shm.software\/fr\/planned-preventive-maintenance\">Maintenance pr\u00e9ventive planifi\u00e9<\/a><br \/>\n<a href=\"https:\/\/www.shm.software\/fr\/corrective-maintenance\">Maintenance corrective<\/a><br \/>\n<a href=\"https:\/\/www.shm.software\/fr\/inspection-maintenance\">Maintenance d&rsquo;inspection<\/a>\n<\/div>\n<\/div>\n<\/div>\n<div class=\"col-lg-6\">\n<div class=\"af-box\">\n<h4>Services efficaces<\/h4>\n<div class=\"af-link\">\n<a href=\"https:\/\/www.shm.software\/fr\/asset-matching\">Correspondance des actifs<\/a><br \/>\n<a href=\"https:\/\/www.shm.software\/fr\/document-management\">Gestion des documents<\/a><br \/>\n<a href=\"https:\/\/www.shm.software\/fr\/service-request-management\">Gestion des demande de service<\/a><br \/>\n<a href=\"https:\/\/www.shm.software\/fr\/qr-labels\">G\u00e9n\u00e9ration de QR code<\/a>\n<\/div>\n<\/div>\n<\/div>\n<div class=\"col-lg-6\">\n<div class=\"af-box\">\n<h4>Extensibilit\u00e9<\/h4>\n<div class=\"af-link\">\n<a href=\"https:\/\/www.shm.software\/fr\/facility-integration\">Gestion des actifs<\/a><br \/>\n<a href=\"https:\/\/www.shm.software\/fr\/multi-language-feature\">Int\u00e9gration de l&rsquo;\u00e9tablissement<\/a><br \/>\n<a href=\"https:\/\/www.shm.software\/fr\/relocation-management\">Fonctionnalit\u00e9 multilingue<\/a><br \/>\n<a href=\"https:\/\/www.shm.software\/fr\/shm-database\">Gestion des d\u00e9m\u00e9nagements<\/a>\n<\/div>\n<\/div>\n<\/div>\n<div class=\"col-lg-6\">\n<div class=\"af-box\">\n<h4>Confort<\/h4>\n<div class=\"af-link\">\n<a href=\"https:\/\/www.shm.software\/fr\/customisation\">Customisation<\/a><br \/>\n<a href=\"https:\/\/www.shm.software\/fr\/mobile-application\">Application mobile<\/a><br \/>\n<a href=\"https:\/\/www.shm.software\/fr\/offline-mode\">Mode hors ligne<\/a><br \/>\n<a href=\"https:\/\/www.shm.software\/fr\/bulk-upload\">T\u00e9l\u00e9chargement en masse<\/a>\n<\/div>\n<\/div>\n<\/div>\n<\/div>\n<\/div>\n<\/div>\n","protected":false},"excerpt":{"rendered":"<p>Profils d\u2019utilisateurs Pour une gestion professionnelle de l&rsquo;\u00e9quipement et de la maintenance, divers groupes d&rsquo;utilisateurs doivent \u00eatre impliqu\u00e9s. Cela n\u00e9cessite des r\u00f4les et des profils d&rsquo;utilisateurs enti\u00e8rement personnalisables. G\u00e9rez vos utilisateurs et accordez-leur des droits d&rsquo;acc\u00e8s personnalis\u00e9s. Smart Hospital Maintenance r\u00e9pond \u00e0 ces exigences tout en respectant les normes de protection des donn\u00e9es. R\u00f4les des [&#8230;]<\/p>\n<p><a class=\"btn btn-secondary understrap-read-more-link\" href=\"https:\/\/www.shm.software\/fr\/user-profiles\">Lire la suite&#8230;<\/a><\/p>\n","protected":false},"author":1,"featured_media":0,"parent":0,"menu_order":0,"comment_status":"closed","ping_status":"closed","template":"page-templates\/empty.php","meta":{"footnotes":""},"class_list":["post-187","page","type-page","status-publish","hentry"],"yoast_head":"<!-- This site is optimized with the Yoast SEO plugin v26.8 - https:\/\/yoast.com\/product\/yoast-seo-wordpress\/ -->\n<title>Profils d\u2019utilisateurs - SMART HOSPITAL MAINTENANCE<\/title>\n<meta name=\"robots\" content=\"index, follow, max-snippet:-1, max-image-preview:large, max-video-preview:-1\" \/>\n<link rel=\"canonical\" href=\"https:\/\/www.shm.software\/fr\/user-profiles\" \/>\n<meta property=\"og:locale\" content=\"fr_FR\" \/>\n<meta property=\"og:type\" content=\"article\" \/>\n<meta property=\"og:title\" content=\"Profils d\u2019utilisateurs - SMART HOSPITAL MAINTENANCE\" \/>\n<meta property=\"og:description\" content=\"Profils d\u2019utilisateurs Pour une gestion professionnelle de l&rsquo;\u00e9quipement et de la maintenance, divers groupes d&rsquo;utilisateurs doivent \u00eatre impliqu\u00e9s. Cela n\u00e9cessite des r\u00f4les et des profils d&rsquo;utilisateurs enti\u00e8rement personnalisables. G\u00e9rez vos utilisateurs et accordez-leur des droits d&rsquo;acc\u00e8s personnalis\u00e9s. Smart Hospital Maintenance r\u00e9pond \u00e0 ces exigences tout en respectant les normes de protection des donn\u00e9es. R\u00f4les des [...]Lire la suite...\" \/>\n<meta property=\"og:url\" content=\"https:\/\/www.shm.software\/fr\/user-profiles\" \/>\n<meta property=\"og:site_name\" content=\"SMART HOSPITAL MAINTENANCE\" \/>\n<meta property=\"article:modified_time\" content=\"2023-11-01T11:08:57+00:00\" \/>\n<meta property=\"og:image\" content=\"https:\/\/www.shm.software\/fr\/wp-content\/uploads\/2023\/09\/SHM_Deep-Insights_User-Profiles.jpg\" \/>\n<meta name=\"twitter:card\" content=\"summary_large_image\" \/>\n<meta name=\"twitter:label1\" content=\"Dur\u00e9e de lecture estim\u00e9e\" \/>\n\t<meta name=\"twitter:data1\" content=\"2 minutes\" \/>\n<script type=\"application\/ld+json\" class=\"yoast-schema-graph\">{\"@context\":\"https:\/\/schema.org\",\"@graph\":[{\"@type\":\"WebPage\",\"@id\":\"https:\/\/www.shm.software\/fr\/user-profiles\",\"url\":\"https:\/\/www.shm.software\/fr\/user-profiles\",\"name\":\"Profils d\u2019utilisateurs - SMART HOSPITAL MAINTENANCE\",\"isPartOf\":{\"@id\":\"https:\/\/www.shm.software\/fr\/#website\"},\"primaryImageOfPage\":{\"@id\":\"https:\/\/www.shm.software\/fr\/user-profiles#primaryimage\"},\"image\":{\"@id\":\"https:\/\/www.shm.software\/fr\/user-profiles#primaryimage\"},\"thumbnailUrl\":\"https:\/\/www.shm.software\/fr\/wp-content\/uploads\/2023\/09\/SHM_Deep-Insights_User-Profiles.jpg\",\"datePublished\":\"2023-08-31T07:42:16+00:00\",\"dateModified\":\"2023-11-01T11:08:57+00:00\",\"breadcrumb\":{\"@id\":\"https:\/\/www.shm.software\/fr\/user-profiles#breadcrumb\"},\"inLanguage\":\"fr-FR\",\"potentialAction\":[{\"@type\":\"ReadAction\",\"target\":[\"https:\/\/www.shm.software\/fr\/user-profiles\"]}]},{\"@type\":\"ImageObject\",\"inLanguage\":\"fr-FR\",\"@id\":\"https:\/\/www.shm.software\/fr\/user-profiles#primaryimage\",\"url\":\"https:\/\/www.shm.software\/fr\/wp-content\/uploads\/2023\/09\/SHM_Deep-Insights_User-Profiles.jpg\",\"contentUrl\":\"https:\/\/www.shm.software\/fr\/wp-content\/uploads\/2023\/09\/SHM_Deep-Insights_User-Profiles.jpg\",\"width\":600,\"height\":400},{\"@type\":\"BreadcrumbList\",\"@id\":\"https:\/\/www.shm.software\/fr\/user-profiles#breadcrumb\",\"itemListElement\":[{\"@type\":\"ListItem\",\"position\":1,\"name\":\"Accueil\",\"item\":\"https:\/\/www.shm.software\/fr\/\"},{\"@type\":\"ListItem\",\"position\":2,\"name\":\"Profils d\u2019utilisateurs\"}]},{\"@type\":\"WebSite\",\"@id\":\"https:\/\/www.shm.software\/fr\/#website\",\"url\":\"https:\/\/www.shm.software\/fr\/\",\"name\":\"SMART HOSPITAL MAINTENANCE\",\"description\":\"\",\"potentialAction\":[{\"@type\":\"SearchAction\",\"target\":{\"@type\":\"EntryPoint\",\"urlTemplate\":\"https:\/\/www.shm.software\/fr\/?s={search_term_string}\"},\"query-input\":{\"@type\":\"PropertyValueSpecification\",\"valueRequired\":true,\"valueName\":\"search_term_string\"}}],\"inLanguage\":\"fr-FR\"}]}<\/script>\n<!-- \/ Yoast SEO plugin. -->","yoast_head_json":{"title":"Profils d\u2019utilisateurs - SMART HOSPITAL MAINTENANCE","robots":{"index":"index","follow":"follow","max-snippet":"max-snippet:-1","max-image-preview":"max-image-preview:large","max-video-preview":"max-video-preview:-1"},"canonical":"https:\/\/www.shm.software\/fr\/user-profiles","og_locale":"fr_FR","og_type":"article","og_title":"Profils d\u2019utilisateurs - SMART HOSPITAL MAINTENANCE","og_description":"Profils d\u2019utilisateurs Pour une gestion professionnelle de l&rsquo;\u00e9quipement et de la maintenance, divers groupes d&rsquo;utilisateurs doivent \u00eatre impliqu\u00e9s. Cela n\u00e9cessite des r\u00f4les et des profils d&rsquo;utilisateurs enti\u00e8rement personnalisables. G\u00e9rez vos utilisateurs et accordez-leur des droits d&rsquo;acc\u00e8s personnalis\u00e9s. Smart Hospital Maintenance r\u00e9pond \u00e0 ces exigences tout en respectant les normes de protection des donn\u00e9es. R\u00f4les des [...]Lire la suite...","og_url":"https:\/\/www.shm.software\/fr\/user-profiles","og_site_name":"SMART HOSPITAL MAINTENANCE","article_modified_time":"2023-11-01T11:08:57+00:00","og_image":[{"url":"https:\/\/www.shm.software\/fr\/wp-content\/uploads\/2023\/09\/SHM_Deep-Insights_User-Profiles.jpg","type":"","width":"","height":""}],"twitter_card":"summary_large_image","twitter_misc":{"Dur\u00e9e de lecture estim\u00e9e":"2 minutes"},"schema":{"@context":"https:\/\/schema.org","@graph":[{"@type":"WebPage","@id":"https:\/\/www.shm.software\/fr\/user-profiles","url":"https:\/\/www.shm.software\/fr\/user-profiles","name":"Profils d\u2019utilisateurs - SMART HOSPITAL MAINTENANCE","isPartOf":{"@id":"https:\/\/www.shm.software\/fr\/#website"},"primaryImageOfPage":{"@id":"https:\/\/www.shm.software\/fr\/user-profiles#primaryimage"},"image":{"@id":"https:\/\/www.shm.software\/fr\/user-profiles#primaryimage"},"thumbnailUrl":"https:\/\/www.shm.software\/fr\/wp-content\/uploads\/2023\/09\/SHM_Deep-Insights_User-Profiles.jpg","datePublished":"2023-08-31T07:42:16+00:00","dateModified":"2023-11-01T11:08:57+00:00","breadcrumb":{"@id":"https:\/\/www.shm.software\/fr\/user-profiles#breadcrumb"},"inLanguage":"fr-FR","potentialAction":[{"@type":"ReadAction","target":["https:\/\/www.shm.software\/fr\/user-profiles"]}]},{"@type":"ImageObject","inLanguage":"fr-FR","@id":"https:\/\/www.shm.software\/fr\/user-profiles#primaryimage","url":"https:\/\/www.shm.software\/fr\/wp-content\/uploads\/2023\/09\/SHM_Deep-Insights_User-Profiles.jpg","contentUrl":"https:\/\/www.shm.software\/fr\/wp-content\/uploads\/2023\/09\/SHM_Deep-Insights_User-Profiles.jpg","width":600,"height":400},{"@type":"BreadcrumbList","@id":"https:\/\/www.shm.software\/fr\/user-profiles#breadcrumb","itemListElement":[{"@type":"ListItem","position":1,"name":"Accueil","item":"https:\/\/www.shm.software\/fr\/"},{"@type":"ListItem","position":2,"name":"Profils d\u2019utilisateurs"}]},{"@type":"WebSite","@id":"https:\/\/www.shm.software\/fr\/#website","url":"https:\/\/www.shm.software\/fr\/","name":"SMART HOSPITAL MAINTENANCE","description":"","potentialAction":[{"@type":"SearchAction","target":{"@type":"EntryPoint","urlTemplate":"https:\/\/www.shm.software\/fr\/?s={search_term_string}"},"query-input":{"@type":"PropertyValueSpecification","valueRequired":true,"valueName":"search_term_string"}}],"inLanguage":"fr-FR"}]}},"_links":{"self":[{"href":"https:\/\/www.shm.software\/fr\/wp-json\/wp\/v2\/pages\/187","targetHints":{"allow":["GET"]}}],"collection":[{"href":"https:\/\/www.shm.software\/fr\/wp-json\/wp\/v2\/pages"}],"about":[{"href":"https:\/\/www.shm.software\/fr\/wp-json\/wp\/v2\/types\/page"}],"author":[{"embeddable":true,"href":"https:\/\/www.shm.software\/fr\/wp-json\/wp\/v2\/users\/1"}],"replies":[{"embeddable":true,"href":"https:\/\/www.shm.software\/fr\/wp-json\/wp\/v2\/comments?post=187"}],"version-history":[{"count":11,"href":"https:\/\/www.shm.software\/fr\/wp-json\/wp\/v2\/pages\/187\/revisions"}],"predecessor-version":[{"id":692,"href":"https:\/\/www.shm.software\/fr\/wp-json\/wp\/v2\/pages\/187\/revisions\/692"}],"wp:attachment":[{"href":"https:\/\/www.shm.software\/fr\/wp-json\/wp\/v2\/media?parent=187"}],"curies":[{"name":"wp","href":"https:\/\/api.w.org\/{rel}","templated":true}]}}