{"id":189,"date":"2023-08-31T07:42:23","date_gmt":"2023-08-31T07:42:23","guid":{"rendered":"https:\/\/www.shm.software\/fr\/?page_id=189"},"modified":"2023-11-01T11:07:13","modified_gmt":"2023-11-01T11:07:13","slug":"facility-integration","status":"publish","type":"page","link":"https:\/\/www.shm.software\/fr\/facility-integration","title":{"rendered":"Int\u00e9gration des installations"},"content":{"rendered":"<div class=\"facility-bg in-head\"><\/div>\n<p id=\"breadcrumbs\"><span><span><a href=\"https:\/\/www.shm.software\/fr\/\">Accueil<\/a><\/span><\/span><\/p>\n<div class=\"section-white\">\n<div class=\"container\">\n<div class=\"row align-items-center\">\n<div class=\"col-md-6\">\n<h1>Int\u00e9gration des installations<\/h1>\n<p>Avec Smart Hospital Maintenance, c&rsquo;est \u00e0 vous de d\u00e9cider du nombre d&rsquo;\u00e9tablissements de sant\u00e9 que vous int\u00e9grez. Une approche descendante (par exemple, avec une banque de donn\u00e9es standardis\u00e9e d&rsquo;actifs et de documentation \u00e0 travers les \u00e9tablissements) vous permet de maintenir une visibilit\u00e9 tout en permettant \u00e0 votre r\u00e9seau hospitalier de fonctionner de mani\u00e8re ind\u00e9pendante lors de l&rsquo;int\u00e9gration de nouveaux \u00e9tablissements dans le logiciel. Cela vous permet de mesurer leurs performances et statistiques tout en pr\u00e9servant leur confidentialit\u00e9 et leur gestion op\u00e9rationnelle.<\/p>\n<\/div>\n<div class=\"col-md-6\">\n<img decoding=\"async\" src=\"https:\/\/www.shm.software\/fr\/wp-content\/uploads\/2023\/09\/facility-img1.png\" class=\"img-fluid d-block mx-auto\" alt=\"Facility Integration\">\n<\/div>\n<\/div>\n<\/div>\n<\/div>\n<div class=\"section-lightgrey\">\n<div class=\"container\">\n<div class=\"row align-items-center\">\n<div class=\"col-md-6 order-md-2\">\n<h2 style=\"font-size: 1.75rem;\">Installations de sant\u00e9 illimit\u00e9es<\/h2>\n<p>Int\u00e9grez et g\u00e9rez chacune de vos installations. Les utilisateurs mondiaux peuvent sp\u00e9cifier le cadre et les param\u00e8tres auxquels toutes les installations, ou des installations s\u00e9lectionn\u00e9es, ou des utilisateurs (groupes) doivent se conformer. Cela vous permet de rationaliser le processus et la documentation pour vos installations. La gestion au niveau de l&rsquo;installation reste flexible et peut \u00eatre personnalis\u00e9e pour chaque installation.<\/p>\n<\/div>\n<div class=\"col-md-6 order-md-1\">\n<img decoding=\"async\" src=\"https:\/\/www.shm.software\/fr\/wp-content\/uploads\/2023\/09\/asset-imgv2.png\" class=\"img-fluid d-block mx-auto\" alt=\"healthcare facilities\">\n<\/div>\n<\/div>\n<\/div>\n<\/div>\n<div class=\"section-white\">\n<div class=\"container\">\n<div class=\"row align-items-center\">\n<div class=\"col-md-6\">\n<h3>Int\u00e9grer de nouvelles installations de sant\u00e9<\/h3>\n<p>Avec Smart Hospital Maintenance, il est facile d&rsquo;ajouter de nouvelles installations de sant\u00e9. Tout d&rsquo;abord, vous serez guid\u00e9 dans une approche \u00e9tape par \u00e9tape pour ajouter tous les b\u00e2timents de l&rsquo;installation, suivis de leurs \u00e9tages, d\u00e9partements et salles. Ensuite, vous pouvez facilement ajouter des \u00e9quipements aux salles et utiliser des fonctionnalit\u00e9s suppl\u00e9mentaires telles que l&rsquo;impression d&rsquo;\u00e9tiquettes QR.<\/p>\n<\/div>\n<div class=\"col-md-6\">\n<img decoding=\"async\" src=\"https:\/\/www.shm.software\/fr\/wp-content\/uploads\/2023\/09\/SHM_Scalability_Facility-Integration.jpg\" class=\"img-fluid d-block mx-auto\" alt=\"new healthcare facilities\">\n<\/div>\n<\/div>\n<\/div>\n<\/div>\n<div class=\"section-primary\">\n<div class=\"container\">\n<div class=\"row\">\n<div class=\"col-lg-12 mx-auto text-center\">\n<h4>Vous souhaitez voir comment Smart Hospital Maintenance int\u00e8gre diff\u00e9rentes installations de sant\u00e9 <br \/>R\u00e9servez votre session de d\u00e9monstration avec nos experts!<\/h4>\n<div><a href=\"https:\/\/www.shm.software\/fr\/contact-us\" class=\"btn btn-primary mt-3\">R\u00e9server une d\u00e9mo<\/a><\/div>\n<\/div>\n<\/div>\n<\/div>\n<\/div>\n<div class=\"section-white\">\n<div class=\"container\">\n<div class=\"row text-center\">\n<div class=\"col-lg-12\">\n<h3 class=\"mb-0\">Caract\u00e9ristiques suppl\u00e9mentaires<\/h3>\n<\/div>\n<div class=\"col-lg-6\">\n<div class=\"af-box\">\n<h4>Maintenance et Gestion<\/h4>\n<div class=\"af-link\">\n<a href=\"https:\/\/www.shm.software\/fr\/work-order-management\">Gestion des bons de travail<\/a><br \/>\n<a href=\"https:\/\/www.shm.software\/fr\/planned-preventive-maintenance\">Maintenance pr\u00e9ventive planifi\u00e9<\/a><br \/>\n<a href=\"https:\/\/www.shm.software\/fr\/corrective-maintenance\">Maintenance corrective<\/a><br \/>\n<a href=\"https:\/\/www.shm.software\/fr\/inspection-maintenance\">Maintenance d&rsquo;inspection<\/a>\n<\/div>\n<\/div>\n<\/div>\n<div class=\"col-lg-6\">\n<div class=\"af-box\">\n<h4>Services efficaces<\/h4>\n<div class=\"af-link\">\n<a href=\"https:\/\/www.shm.software\/fr\/asset-matching\">Correspondance des actifs<\/a><br \/>\n<a href=\"https:\/\/www.shm.software\/fr\/document-management\">Gestion des documents<\/a><br \/>\n<a href=\"https:\/\/www.shm.software\/fr\/service-request-management\">Gestion des demande de service<\/a><br \/>\n<a href=\"https:\/\/www.shm.software\/fr\/qr-labels\">G\u00e9n\u00e9ration de QR code<\/a>\n<\/div>\n<\/div>\n<\/div>\n<div class=\"col-lg-6\">\n<div class=\"af-box\">\n<h4>Perspicacit\u00e9 profonde<\/h4>\n<div class=\"af-link\">\n<a href=\"https:\/\/www.shm.software\/fr\/technical-reports\">Rapport technique<\/a><br \/>\n<a href=\"https:\/\/www.shm.software\/fr\/contact-management\">Gestion dess contacts<\/a><br \/>\n<a href=\"https:\/\/www.shm.software\/fr\/contract-administration\">Gestion des contracts<\/a><br \/>\n<a href=\"https:\/\/www.shm.software\/fr\/user-profiles\">Vue d&rsquo;ensemble de l&rsquo;\u00e9quipe<\/a>\n<\/div>\n<\/div>\n<\/div>\n<div class=\"col-lg-6\">\n<div class=\"af-box\">\n<h4>Confort<\/h4>\n<div class=\"af-link\">\n<a href=\"https:\/\/www.shm.software\/fr\/customisation\">Customisation<\/a><br \/>\n<a href=\"https:\/\/www.shm.software\/fr\/mobile-application\">Application mobile<\/a><br \/>\n<a href=\"https:\/\/www.shm.software\/fr\/offline-mode\">Mode hors ligne<\/a><br \/>\n<a href=\"https:\/\/www.shm.software\/fr\/bulk-upload\">T\u00e9l\u00e9chargement en masse<\/a>\n<\/div>\n<\/div>\n<\/div>\n<\/div>\n<\/div>\n<\/div>\n","protected":false},"excerpt":{"rendered":"<p>Int\u00e9gration des installations Avec Smart Hospital Maintenance, c&rsquo;est \u00e0 vous de d\u00e9cider du nombre d&rsquo;\u00e9tablissements de sant\u00e9 que vous int\u00e9grez. Une approche descendante (par exemple, avec une banque de donn\u00e9es standardis\u00e9e d&rsquo;actifs et de documentation \u00e0 travers les \u00e9tablissements) vous permet de maintenir une visibilit\u00e9 tout en permettant \u00e0 votre r\u00e9seau hospitalier de fonctionner de [&#8230;]<\/p>\n<p><a class=\"btn btn-secondary understrap-read-more-link\" href=\"https:\/\/www.shm.software\/fr\/facility-integration\">Lire la suite&#8230;<\/a><\/p>\n","protected":false},"author":1,"featured_media":0,"parent":0,"menu_order":0,"comment_status":"closed","ping_status":"closed","template":"page-templates\/empty.php","meta":{"footnotes":""},"class_list":["post-189","page","type-page","status-publish","hentry"],"yoast_head":"<!-- This site is optimized with the Yoast SEO plugin v26.8 - https:\/\/yoast.com\/product\/yoast-seo-wordpress\/ -->\n<title>Int\u00e9gration des installations - SMART HOSPITAL MAINTENANCE<\/title>\n<meta name=\"robots\" content=\"index, follow, max-snippet:-1, max-image-preview:large, max-video-preview:-1\" \/>\n<link rel=\"canonical\" href=\"https:\/\/www.shm.software\/fr\/facility-integration\" \/>\n<meta property=\"og:locale\" content=\"fr_FR\" \/>\n<meta property=\"og:type\" content=\"article\" \/>\n<meta property=\"og:title\" content=\"Int\u00e9gration des installations - SMART HOSPITAL MAINTENANCE\" \/>\n<meta property=\"og:description\" content=\"Int\u00e9gration des installations Avec Smart Hospital Maintenance, c&rsquo;est \u00e0 vous de d\u00e9cider du nombre d&rsquo;\u00e9tablissements de sant\u00e9 que vous int\u00e9grez. Une approche descendante (par exemple, avec une banque de donn\u00e9es standardis\u00e9e d&rsquo;actifs et de documentation \u00e0 travers les \u00e9tablissements) vous permet de maintenir une visibilit\u00e9 tout en permettant \u00e0 votre r\u00e9seau hospitalier de fonctionner de [...]Lire la suite...\" \/>\n<meta property=\"og:url\" content=\"https:\/\/www.shm.software\/fr\/facility-integration\" \/>\n<meta property=\"og:site_name\" content=\"SMART HOSPITAL MAINTENANCE\" \/>\n<meta property=\"article:modified_time\" content=\"2023-11-01T11:07:13+00:00\" \/>\n<meta property=\"og:image\" content=\"https:\/\/www.shm.software\/fr\/wp-content\/uploads\/2023\/09\/facility-img1.png\" \/>\n<meta name=\"twitter:card\" content=\"summary_large_image\" \/>\n<meta name=\"twitter:label1\" content=\"Dur\u00e9e de lecture estim\u00e9e\" \/>\n\t<meta name=\"twitter:data1\" content=\"2 minutes\" \/>\n<script type=\"application\/ld+json\" class=\"yoast-schema-graph\">{\"@context\":\"https:\/\/schema.org\",\"@graph\":[{\"@type\":\"WebPage\",\"@id\":\"https:\/\/www.shm.software\/fr\/facility-integration\",\"url\":\"https:\/\/www.shm.software\/fr\/facility-integration\",\"name\":\"Int\u00e9gration des installations - SMART HOSPITAL MAINTENANCE\",\"isPartOf\":{\"@id\":\"https:\/\/www.shm.software\/fr\/#website\"},\"primaryImageOfPage\":{\"@id\":\"https:\/\/www.shm.software\/fr\/facility-integration#primaryimage\"},\"image\":{\"@id\":\"https:\/\/www.shm.software\/fr\/facility-integration#primaryimage\"},\"thumbnailUrl\":\"https:\/\/www.shm.software\/fr\/wp-content\/uploads\/2023\/09\/facility-img1.png\",\"datePublished\":\"2023-08-31T07:42:23+00:00\",\"dateModified\":\"2023-11-01T11:07:13+00:00\",\"breadcrumb\":{\"@id\":\"https:\/\/www.shm.software\/fr\/facility-integration#breadcrumb\"},\"inLanguage\":\"fr-FR\",\"potentialAction\":[{\"@type\":\"ReadAction\",\"target\":[\"https:\/\/www.shm.software\/fr\/facility-integration\"]}]},{\"@type\":\"ImageObject\",\"inLanguage\":\"fr-FR\",\"@id\":\"https:\/\/www.shm.software\/fr\/facility-integration#primaryimage\",\"url\":\"https:\/\/www.shm.software\/fr\/wp-content\/uploads\/2023\/09\/facility-img1.png\",\"contentUrl\":\"https:\/\/www.shm.software\/fr\/wp-content\/uploads\/2023\/09\/facility-img1.png\",\"width\":600,\"height\":400},{\"@type\":\"BreadcrumbList\",\"@id\":\"https:\/\/www.shm.software\/fr\/facility-integration#breadcrumb\",\"itemListElement\":[{\"@type\":\"ListItem\",\"position\":1,\"name\":\"Accueil\",\"item\":\"https:\/\/www.shm.software\/fr\/\"},{\"@type\":\"ListItem\",\"position\":2,\"name\":\"Int\u00e9gration des installations\"}]},{\"@type\":\"WebSite\",\"@id\":\"https:\/\/www.shm.software\/fr\/#website\",\"url\":\"https:\/\/www.shm.software\/fr\/\",\"name\":\"SMART HOSPITAL MAINTENANCE\",\"description\":\"\",\"potentialAction\":[{\"@type\":\"SearchAction\",\"target\":{\"@type\":\"EntryPoint\",\"urlTemplate\":\"https:\/\/www.shm.software\/fr\/?s={search_term_string}\"},\"query-input\":{\"@type\":\"PropertyValueSpecification\",\"valueRequired\":true,\"valueName\":\"search_term_string\"}}],\"inLanguage\":\"fr-FR\"}]}<\/script>\n<!-- \/ Yoast SEO plugin. -->","yoast_head_json":{"title":"Int\u00e9gration des installations - SMART HOSPITAL MAINTENANCE","robots":{"index":"index","follow":"follow","max-snippet":"max-snippet:-1","max-image-preview":"max-image-preview:large","max-video-preview":"max-video-preview:-1"},"canonical":"https:\/\/www.shm.software\/fr\/facility-integration","og_locale":"fr_FR","og_type":"article","og_title":"Int\u00e9gration des installations - SMART HOSPITAL MAINTENANCE","og_description":"Int\u00e9gration des installations Avec Smart Hospital Maintenance, c&rsquo;est \u00e0 vous de d\u00e9cider du nombre d&rsquo;\u00e9tablissements de sant\u00e9 que vous int\u00e9grez. Une approche descendante (par exemple, avec une banque de donn\u00e9es standardis\u00e9e d&rsquo;actifs et de documentation \u00e0 travers les \u00e9tablissements) vous permet de maintenir une visibilit\u00e9 tout en permettant \u00e0 votre r\u00e9seau hospitalier de fonctionner de [...]Lire la suite...","og_url":"https:\/\/www.shm.software\/fr\/facility-integration","og_site_name":"SMART HOSPITAL MAINTENANCE","article_modified_time":"2023-11-01T11:07:13+00:00","og_image":[{"url":"https:\/\/www.shm.software\/fr\/wp-content\/uploads\/2023\/09\/facility-img1.png","type":"","width":"","height":""}],"twitter_card":"summary_large_image","twitter_misc":{"Dur\u00e9e de lecture estim\u00e9e":"2 minutes"},"schema":{"@context":"https:\/\/schema.org","@graph":[{"@type":"WebPage","@id":"https:\/\/www.shm.software\/fr\/facility-integration","url":"https:\/\/www.shm.software\/fr\/facility-integration","name":"Int\u00e9gration des installations - SMART HOSPITAL MAINTENANCE","isPartOf":{"@id":"https:\/\/www.shm.software\/fr\/#website"},"primaryImageOfPage":{"@id":"https:\/\/www.shm.software\/fr\/facility-integration#primaryimage"},"image":{"@id":"https:\/\/www.shm.software\/fr\/facility-integration#primaryimage"},"thumbnailUrl":"https:\/\/www.shm.software\/fr\/wp-content\/uploads\/2023\/09\/facility-img1.png","datePublished":"2023-08-31T07:42:23+00:00","dateModified":"2023-11-01T11:07:13+00:00","breadcrumb":{"@id":"https:\/\/www.shm.software\/fr\/facility-integration#breadcrumb"},"inLanguage":"fr-FR","potentialAction":[{"@type":"ReadAction","target":["https:\/\/www.shm.software\/fr\/facility-integration"]}]},{"@type":"ImageObject","inLanguage":"fr-FR","@id":"https:\/\/www.shm.software\/fr\/facility-integration#primaryimage","url":"https:\/\/www.shm.software\/fr\/wp-content\/uploads\/2023\/09\/facility-img1.png","contentUrl":"https:\/\/www.shm.software\/fr\/wp-content\/uploads\/2023\/09\/facility-img1.png","width":600,"height":400},{"@type":"BreadcrumbList","@id":"https:\/\/www.shm.software\/fr\/facility-integration#breadcrumb","itemListElement":[{"@type":"ListItem","position":1,"name":"Accueil","item":"https:\/\/www.shm.software\/fr\/"},{"@type":"ListItem","position":2,"name":"Int\u00e9gration des installations"}]},{"@type":"WebSite","@id":"https:\/\/www.shm.software\/fr\/#website","url":"https:\/\/www.shm.software\/fr\/","name":"SMART HOSPITAL MAINTENANCE","description":"","potentialAction":[{"@type":"SearchAction","target":{"@type":"EntryPoint","urlTemplate":"https:\/\/www.shm.software\/fr\/?s={search_term_string}"},"query-input":{"@type":"PropertyValueSpecification","valueRequired":true,"valueName":"search_term_string"}}],"inLanguage":"fr-FR"}]}},"_links":{"self":[{"href":"https:\/\/www.shm.software\/fr\/wp-json\/wp\/v2\/pages\/189","targetHints":{"allow":["GET"]}}],"collection":[{"href":"https:\/\/www.shm.software\/fr\/wp-json\/wp\/v2\/pages"}],"about":[{"href":"https:\/\/www.shm.software\/fr\/wp-json\/wp\/v2\/types\/page"}],"author":[{"embeddable":true,"href":"https:\/\/www.shm.software\/fr\/wp-json\/wp\/v2\/users\/1"}],"replies":[{"embeddable":true,"href":"https:\/\/www.shm.software\/fr\/wp-json\/wp\/v2\/comments?post=189"}],"version-history":[{"count":16,"href":"https:\/\/www.shm.software\/fr\/wp-json\/wp\/v2\/pages\/189\/revisions"}],"predecessor-version":[{"id":686,"href":"https:\/\/www.shm.software\/fr\/wp-json\/wp\/v2\/pages\/189\/revisions\/686"}],"wp:attachment":[{"href":"https:\/\/www.shm.software\/fr\/wp-json\/wp\/v2\/media?parent=189"}],"curies":[{"name":"wp","href":"https:\/\/api.w.org\/{rel}","templated":true}]}}