{"id":191,"date":"2023-08-31T07:42:29","date_gmt":"2023-08-31T07:42:29","guid":{"rendered":"https:\/\/www.shm.software\/fr\/?page_id=191"},"modified":"2023-11-01T11:05:31","modified_gmt":"2023-11-01T11:05:31","slug":"multi-language-feature","status":"publish","type":"page","link":"https:\/\/www.shm.software\/fr\/multi-language-feature","title":{"rendered":"Fonctionnalit\u00e9 multilingue"},"content":{"rendered":"<div class=\"multilf-bg in-head\"><\/div>\n<p id=\"breadcrumbs\"><span><span><a href=\"https:\/\/www.shm.software\/fr\/\">Accueil<\/a><\/span><\/span><\/p>\n<div class=\"section-white\">\n<div class=\"container\">\n<div class=\"row align-items-center\">\n<div class=\"col-md-6\">\n<h1>Fonctionnalit\u00e9 multilingue<\/h1>\n<p>Smart Hospital Maintenance vous permet de passer facilement entre l&rsquo;anglais, l&rsquo;allemand et le fran\u00e7ais. Tout le logiciel a \u00e9t\u00e9 traduit uniquement par des locuteurs natifs professionnels, vous permettant d&rsquo;avoir une exp\u00e9rience utilisateur fluide dans toutes les langues disponibles. D&rsquo;autres langues, dont l&rsquo;espagnol, seront disponibles prochainement. Votre langue pr\u00e9f\u00e9r\u00e9e n&rsquo;est pas encore disponible ? Veuillez nous contacter, nous la mettrons sur notre liste de priorit\u00e9s.<\/p>\n<\/div>\n<div class=\"col-md-6\">\n<img decoding=\"async\" src=\"https:\/\/www.shm.software\/fr\/wp-content\/uploads\/2023\/09\/SHM_Scalability_Multi-Language-Feature.jpg\" class=\"img-fluid d-block mx-auto\" alt=\"Multi-Language Feature\">\n<\/div>\n<\/div>\n<\/div>\n<\/div>\n<div class=\"section-lightgrey\">\n<div class=\"container\">\n<div class=\"row align-items-center\">\n<div class=\"col-md-6 order-md-2\">\n<h2 style=\"font-size: 1.75rem;\">Base de donn\u00e9es multilingues<\/h2>\n<p>Les bases de donn\u00e9es d&rsquo;actifs sont \u00e9galement disponibles dans les langues prises en charge. Cela inclut des bases de donn\u00e9es d&rsquo;\u00e9quipements g\u00e9n\u00e9riques et des bases de donn\u00e9es sp\u00e9cifiques aux marques avec des marques et des fabricants. Au fait, il est \u00e9galement possible de modifier des termes de traduction individuels dans la base de donn\u00e9es de votre licence logicielle.<\/p>\n<\/div>\n<div class=\"col-md-6 order-md-1\">\n<img decoding=\"async\" src=\"https:\/\/www.shm.software\/fr\/wp-content\/uploads\/2023\/09\/multilang-img1.jpg\" class=\"img-fluid d-block mx-auto\" alt=\"Multi-Language Data\">\n<\/div>\n<\/div>\n<\/div>\n<\/div>\n<div class=\"section-primary\">\n<div class=\"container\">\n<div class=\"row\">\n<div class=\"col-lg-10 mx-auto text-center\">\n<h4>\u00cates-vous int\u00e9ress\u00e9 \u00e0 explorer les capacit\u00e9s multilingues de Smart Hospital Maintenance ? Nous serions ravis de vous pr\u00e9senter cette fonctionnalit\u00e9 au cours d&rsquo;une session de d\u00e9monstration en direct.<\/h4>\n<div><a href=\"https:\/\/www.shm.software\/fr\/contact-us\" class=\"btn btn-primary mt-3\">R\u00e9server une d\u00e9mo<\/a><\/div>\n<\/div>\n<\/div>\n<\/div>\n<\/div>\n<div class=\"section-white\">\n<div class=\"container\">\n<div class=\"row text-center\">\n<div class=\"col-lg-12\">\n<h3 class=\"mb-0\">Caract\u00e9ristiques suppl\u00e9mentaires<\/h3>\n<\/div>\n<div class=\"col-lg-6\">\n<div class=\"af-box\">\n<h4>Maintenance et Gestion<\/h4>\n<div class=\"af-link\">\n<a href=\"https:\/\/www.shm.software\/fr\/work-order-management\">Gestion des bons de travail<\/a><br \/>\n<a href=\"https:\/\/www.shm.software\/fr\/planned-preventive-maintenance\">Maintenance pr\u00e9ventive planifi\u00e9<\/a><br \/>\n<a href=\"https:\/\/www.shm.software\/fr\/corrective-maintenance\">Maintenance corrective<\/a><br \/>\n<a href=\"https:\/\/www.shm.software\/fr\/inspection-maintenance\">Maintenance d&rsquo;inspection<\/a>\n<\/div>\n<\/div>\n<\/div>\n<div class=\"col-lg-6\">\n<div class=\"af-box\">\n<h4>Services efficaces<\/h4>\n<div class=\"af-link\">\n<a href=\"https:\/\/www.shm.software\/fr\/asset-matching\">Correspondance des actifs<\/a><br \/>\n<a href=\"https:\/\/www.shm.software\/fr\/document-management\">Gestion des documents<\/a><br \/>\n<a href=\"https:\/\/www.shm.software\/fr\/service-request-management\">Gestion des demande de service<\/a><br \/>\n<a href=\"https:\/\/www.shm.software\/fr\/qr-labels\">G\u00e9n\u00e9ration de QR code<\/a>\n<\/div>\n<\/div>\n<\/div>\n<div class=\"col-lg-6\">\n<div class=\"af-box\">\n<h4>Perspicacit\u00e9 profonde<\/h4>\n<div class=\"af-link\">\n<a href=\"https:\/\/www.shm.software\/fr\/technical-reports\">Rapport technique<\/a><br \/>\n<a href=\"https:\/\/www.shm.software\/fr\/contact-management\">Gestion dess contacts<\/a><br \/>\n<a href=\"https:\/\/www.shm.software\/fr\/contract-administration\">Gestion des contracts<\/a><br \/>\n<a href=\"https:\/\/www.shm.software\/fr\/user-profiles\">Vue d&rsquo;ensemble de l&rsquo;\u00e9quipe<\/a>\n<\/div>\n<\/div>\n<\/div>\n<div class=\"col-lg-6\">\n<div class=\"af-box\">\n<h4>Confort<\/h4>\n<div class=\"af-link\">\n<a href=\"https:\/\/www.shm.software\/fr\/customisation\">Customisation<\/a><br \/>\n<a href=\"https:\/\/www.shm.software\/fr\/mobile-application\">Application mobile<\/a><br \/>\n<a href=\"https:\/\/www.shm.software\/fr\/offline-mode\">Mode hors ligne<\/a><br \/>\n<a href=\"https:\/\/www.shm.software\/fr\/bulk-upload\">T\u00e9l\u00e9chargement en masse<\/a>\n<\/div>\n<\/div>\n<\/div>\n<\/div>\n<\/div>\n<\/div>\n","protected":false},"excerpt":{"rendered":"<p>Fonctionnalit\u00e9 multilingue Smart Hospital Maintenance vous permet de passer facilement entre l&rsquo;anglais, l&rsquo;allemand et le fran\u00e7ais. Tout le logiciel a \u00e9t\u00e9 traduit uniquement par des locuteurs natifs professionnels, vous permettant d&rsquo;avoir une exp\u00e9rience utilisateur fluide dans toutes les langues disponibles. D&rsquo;autres langues, dont l&rsquo;espagnol, seront disponibles prochainement. Votre langue pr\u00e9f\u00e9r\u00e9e n&rsquo;est pas encore disponible ? [&#8230;]<\/p>\n<p><a class=\"btn btn-secondary understrap-read-more-link\" href=\"https:\/\/www.shm.software\/fr\/multi-language-feature\">Lire la suite&#8230;<\/a><\/p>\n","protected":false},"author":1,"featured_media":0,"parent":0,"menu_order":0,"comment_status":"closed","ping_status":"closed","template":"page-templates\/empty.php","meta":{"footnotes":""},"class_list":["post-191","page","type-page","status-publish","hentry"],"yoast_head":"<!-- This site is optimized with the Yoast SEO plugin v26.8 - https:\/\/yoast.com\/product\/yoast-seo-wordpress\/ -->\n<title>Fonctionnalit\u00e9 multilingue - SMART HOSPITAL MAINTENANCE<\/title>\n<meta name=\"robots\" content=\"index, follow, max-snippet:-1, max-image-preview:large, max-video-preview:-1\" \/>\n<link rel=\"canonical\" href=\"https:\/\/www.shm.software\/fr\/multi-language-feature\" \/>\n<meta property=\"og:locale\" content=\"fr_FR\" \/>\n<meta property=\"og:type\" content=\"article\" \/>\n<meta property=\"og:title\" content=\"Fonctionnalit\u00e9 multilingue - SMART HOSPITAL MAINTENANCE\" \/>\n<meta property=\"og:description\" content=\"Fonctionnalit\u00e9 multilingue Smart Hospital Maintenance vous permet de passer facilement entre l&rsquo;anglais, l&rsquo;allemand et le fran\u00e7ais. Tout le logiciel a \u00e9t\u00e9 traduit uniquement par des locuteurs natifs professionnels, vous permettant d&rsquo;avoir une exp\u00e9rience utilisateur fluide dans toutes les langues disponibles. D&rsquo;autres langues, dont l&rsquo;espagnol, seront disponibles prochainement. Votre langue pr\u00e9f\u00e9r\u00e9e n&rsquo;est pas encore disponible ? [...]Lire la suite...\" \/>\n<meta property=\"og:url\" content=\"https:\/\/www.shm.software\/fr\/multi-language-feature\" \/>\n<meta property=\"og:site_name\" content=\"SMART HOSPITAL MAINTENANCE\" \/>\n<meta property=\"article:modified_time\" content=\"2023-11-01T11:05:31+00:00\" \/>\n<meta property=\"og:image\" content=\"https:\/\/www.shm.software\/fr\/wp-content\/uploads\/2023\/09\/SHM_Scalability_Multi-Language-Feature.jpg\" \/>\n<meta name=\"twitter:card\" content=\"summary_large_image\" \/>\n<meta name=\"twitter:label1\" content=\"Dur\u00e9e de lecture estim\u00e9e\" \/>\n\t<meta name=\"twitter:data1\" content=\"2 minutes\" \/>\n<script type=\"application\/ld+json\" class=\"yoast-schema-graph\">{\"@context\":\"https:\/\/schema.org\",\"@graph\":[{\"@type\":\"WebPage\",\"@id\":\"https:\/\/www.shm.software\/fr\/multi-language-feature\",\"url\":\"https:\/\/www.shm.software\/fr\/multi-language-feature\",\"name\":\"Fonctionnalit\u00e9 multilingue - SMART HOSPITAL MAINTENANCE\",\"isPartOf\":{\"@id\":\"https:\/\/www.shm.software\/fr\/#website\"},\"primaryImageOfPage\":{\"@id\":\"https:\/\/www.shm.software\/fr\/multi-language-feature#primaryimage\"},\"image\":{\"@id\":\"https:\/\/www.shm.software\/fr\/multi-language-feature#primaryimage\"},\"thumbnailUrl\":\"https:\/\/www.shm.software\/fr\/wp-content\/uploads\/2023\/09\/SHM_Scalability_Multi-Language-Feature.jpg\",\"datePublished\":\"2023-08-31T07:42:29+00:00\",\"dateModified\":\"2023-11-01T11:05:31+00:00\",\"breadcrumb\":{\"@id\":\"https:\/\/www.shm.software\/fr\/multi-language-feature#breadcrumb\"},\"inLanguage\":\"fr-FR\",\"potentialAction\":[{\"@type\":\"ReadAction\",\"target\":[\"https:\/\/www.shm.software\/fr\/multi-language-feature\"]}]},{\"@type\":\"ImageObject\",\"inLanguage\":\"fr-FR\",\"@id\":\"https:\/\/www.shm.software\/fr\/multi-language-feature#primaryimage\",\"url\":\"https:\/\/www.shm.software\/fr\/wp-content\/uploads\/2023\/09\/SHM_Scalability_Multi-Language-Feature.jpg\",\"contentUrl\":\"https:\/\/www.shm.software\/fr\/wp-content\/uploads\/2023\/09\/SHM_Scalability_Multi-Language-Feature.jpg\",\"width\":600,\"height\":400},{\"@type\":\"BreadcrumbList\",\"@id\":\"https:\/\/www.shm.software\/fr\/multi-language-feature#breadcrumb\",\"itemListElement\":[{\"@type\":\"ListItem\",\"position\":1,\"name\":\"Accueil\",\"item\":\"https:\/\/www.shm.software\/fr\/\"},{\"@type\":\"ListItem\",\"position\":2,\"name\":\"Fonctionnalit\u00e9 multilingue\"}]},{\"@type\":\"WebSite\",\"@id\":\"https:\/\/www.shm.software\/fr\/#website\",\"url\":\"https:\/\/www.shm.software\/fr\/\",\"name\":\"SMART HOSPITAL MAINTENANCE\",\"description\":\"\",\"potentialAction\":[{\"@type\":\"SearchAction\",\"target\":{\"@type\":\"EntryPoint\",\"urlTemplate\":\"https:\/\/www.shm.software\/fr\/?s={search_term_string}\"},\"query-input\":{\"@type\":\"PropertyValueSpecification\",\"valueRequired\":true,\"valueName\":\"search_term_string\"}}],\"inLanguage\":\"fr-FR\"}]}<\/script>\n<!-- \/ Yoast SEO plugin. -->","yoast_head_json":{"title":"Fonctionnalit\u00e9 multilingue - SMART HOSPITAL MAINTENANCE","robots":{"index":"index","follow":"follow","max-snippet":"max-snippet:-1","max-image-preview":"max-image-preview:large","max-video-preview":"max-video-preview:-1"},"canonical":"https:\/\/www.shm.software\/fr\/multi-language-feature","og_locale":"fr_FR","og_type":"article","og_title":"Fonctionnalit\u00e9 multilingue - SMART HOSPITAL MAINTENANCE","og_description":"Fonctionnalit\u00e9 multilingue Smart Hospital Maintenance vous permet de passer facilement entre l&rsquo;anglais, l&rsquo;allemand et le fran\u00e7ais. Tout le logiciel a \u00e9t\u00e9 traduit uniquement par des locuteurs natifs professionnels, vous permettant d&rsquo;avoir une exp\u00e9rience utilisateur fluide dans toutes les langues disponibles. D&rsquo;autres langues, dont l&rsquo;espagnol, seront disponibles prochainement. Votre langue pr\u00e9f\u00e9r\u00e9e n&rsquo;est pas encore disponible ? [...]Lire la suite...","og_url":"https:\/\/www.shm.software\/fr\/multi-language-feature","og_site_name":"SMART HOSPITAL MAINTENANCE","article_modified_time":"2023-11-01T11:05:31+00:00","og_image":[{"url":"https:\/\/www.shm.software\/fr\/wp-content\/uploads\/2023\/09\/SHM_Scalability_Multi-Language-Feature.jpg","type":"","width":"","height":""}],"twitter_card":"summary_large_image","twitter_misc":{"Dur\u00e9e de lecture estim\u00e9e":"2 minutes"},"schema":{"@context":"https:\/\/schema.org","@graph":[{"@type":"WebPage","@id":"https:\/\/www.shm.software\/fr\/multi-language-feature","url":"https:\/\/www.shm.software\/fr\/multi-language-feature","name":"Fonctionnalit\u00e9 multilingue - SMART HOSPITAL MAINTENANCE","isPartOf":{"@id":"https:\/\/www.shm.software\/fr\/#website"},"primaryImageOfPage":{"@id":"https:\/\/www.shm.software\/fr\/multi-language-feature#primaryimage"},"image":{"@id":"https:\/\/www.shm.software\/fr\/multi-language-feature#primaryimage"},"thumbnailUrl":"https:\/\/www.shm.software\/fr\/wp-content\/uploads\/2023\/09\/SHM_Scalability_Multi-Language-Feature.jpg","datePublished":"2023-08-31T07:42:29+00:00","dateModified":"2023-11-01T11:05:31+00:00","breadcrumb":{"@id":"https:\/\/www.shm.software\/fr\/multi-language-feature#breadcrumb"},"inLanguage":"fr-FR","potentialAction":[{"@type":"ReadAction","target":["https:\/\/www.shm.software\/fr\/multi-language-feature"]}]},{"@type":"ImageObject","inLanguage":"fr-FR","@id":"https:\/\/www.shm.software\/fr\/multi-language-feature#primaryimage","url":"https:\/\/www.shm.software\/fr\/wp-content\/uploads\/2023\/09\/SHM_Scalability_Multi-Language-Feature.jpg","contentUrl":"https:\/\/www.shm.software\/fr\/wp-content\/uploads\/2023\/09\/SHM_Scalability_Multi-Language-Feature.jpg","width":600,"height":400},{"@type":"BreadcrumbList","@id":"https:\/\/www.shm.software\/fr\/multi-language-feature#breadcrumb","itemListElement":[{"@type":"ListItem","position":1,"name":"Accueil","item":"https:\/\/www.shm.software\/fr\/"},{"@type":"ListItem","position":2,"name":"Fonctionnalit\u00e9 multilingue"}]},{"@type":"WebSite","@id":"https:\/\/www.shm.software\/fr\/#website","url":"https:\/\/www.shm.software\/fr\/","name":"SMART HOSPITAL MAINTENANCE","description":"","potentialAction":[{"@type":"SearchAction","target":{"@type":"EntryPoint","urlTemplate":"https:\/\/www.shm.software\/fr\/?s={search_term_string}"},"query-input":{"@type":"PropertyValueSpecification","valueRequired":true,"valueName":"search_term_string"}}],"inLanguage":"fr-FR"}]}},"_links":{"self":[{"href":"https:\/\/www.shm.software\/fr\/wp-json\/wp\/v2\/pages\/191","targetHints":{"allow":["GET"]}}],"collection":[{"href":"https:\/\/www.shm.software\/fr\/wp-json\/wp\/v2\/pages"}],"about":[{"href":"https:\/\/www.shm.software\/fr\/wp-json\/wp\/v2\/types\/page"}],"author":[{"embeddable":true,"href":"https:\/\/www.shm.software\/fr\/wp-json\/wp\/v2\/users\/1"}],"replies":[{"embeddable":true,"href":"https:\/\/www.shm.software\/fr\/wp-json\/wp\/v2\/comments?post=191"}],"version-history":[{"count":12,"href":"https:\/\/www.shm.software\/fr\/wp-json\/wp\/v2\/pages\/191\/revisions"}],"predecessor-version":[{"id":679,"href":"https:\/\/www.shm.software\/fr\/wp-json\/wp\/v2\/pages\/191\/revisions\/679"}],"wp:attachment":[{"href":"https:\/\/www.shm.software\/fr\/wp-json\/wp\/v2\/media?parent=191"}],"curies":[{"name":"wp","href":"https:\/\/api.w.org\/{rel}","templated":true}]}}