{"id":194,"date":"2023-08-31T07:42:35","date_gmt":"2023-08-31T07:42:35","guid":{"rendered":"https:\/\/www.shm.software\/fr\/?page_id=194"},"modified":"2023-11-01T11:06:21","modified_gmt":"2023-11-01T11:06:21","slug":"relocation-management","status":"publish","type":"page","link":"https:\/\/www.shm.software\/fr\/relocation-management","title":{"rendered":"Gestion de la relocalisation"},"content":{"rendered":"<div class=\"relocation-bg in-head\"><\/div>\n<p id=\"breadcrumbs\"><span><span><a href=\"https:\/\/www.shm.software\/fr\/\">Accueil<\/a><\/span><\/span><\/p>\n<div class=\"section-white\">\n<div class=\"container\">\n<div class=\"row align-items-center\">\n<div class=\"col-md-6\">\n<h1>Gestion de la relocalisation<\/h1>\n<p>L&rsquo;un des principaux objectifs de la gestion des \u00e9quipements est la connaissance de l&#8217;emplacement de tous les actifs et le suivi de toute relocalisation pendant toute la dur\u00e9e de vie de l&rsquo;\u00e9quipement. Avec Smart Hospital Maintenance, vous pouvez suivre l&#8217;emplacement de vos actifs et toutes les relocalisations qui ont eu lieu.<\/p>\n<\/div>\n<div class=\"col-md-6\">\n<img decoding=\"async\" src=\"https:\/\/www.shm.software\/fr\/wp-content\/uploads\/2023\/09\/SHM_Scalability_Relocation-Management.jpg\" class=\"img-fluid d-block mx-auto\" alt=\"Relocation Management\">\n<\/div>\n<\/div>\n<\/div>\n<\/div>\n<div class=\"section-lightgrey\">\n<div class=\"container\">\n<div class=\"row align-items-center\">\n<div class=\"col-md-6 order-md-2\">\n<h3>Journal des relocalisations<\/h3>\n<p>Que vous ayez besoin de d\u00e9placer un actif entre deux salles, d\u00e9partements, b\u00e2timents ou installations enti\u00e8res, votre documentation restera \u00e0 jour lors du d\u00e9placement de vos actifs pr\u00e9cieux. Documentez le processus de relocalisation et la raison de la relocalisation. Cela est particuli\u00e8rement important dans un environnement hospitalier pour plusieurs raisons :<\/p>\n<\/div>\n<div class=\"col-md-4 mx-auto order-md-1\">\n<img decoding=\"async\" src=\"https:\/\/www.shm.software\/fr\/wp-content\/uploads\/2023\/10\/reloation-log-img1.png\" class=\"img-fluid d-block mx-auto\" alt=\"Relocation Log\">\n<\/div>\n<\/div>\n<\/div>\n<\/div>\n<div class=\"section-white\">\n<div class=\"container\">\n<div class=\"row\">\n<div class=\"col-md-6\">\n<h3>S\u00e9curit\u00e9 des patients<\/h3>\n<p>En raison de la vaste gamme d&rsquo;\u00e9quipements m\u00e9dicaux, il est important de toujours conna\u00eetre l&#8217;emplacement de tout \u00e9quipement, surtout lorsqu&rsquo;il est n\u00e9cessaire en cas d&rsquo;urgence.<\/p>\n<h3>Gestion des stocks<\/h3>\n<p>Le suivi de votre \u00e9quipement est crucial pour maintenir une vue d&rsquo;ensemble de vos actifs. Gr\u00e2ce \u00e0 une documentation compl\u00e8te de toutes les relocalisations, la gestion des stocks est toujours \u00e0 jour.<\/p>\n<h3>Maintenance et r\u00e9parations<\/h3>\n<p>Votre \u00e9quipe de service technique a besoin des informations d&#8217;emplacement de votre actif pour r\u00e9cup\u00e9rer l&rsquo;actif ou effectuer la maintenance directement sur place. Avec les bonnes informations d&#8217;emplacement, ce processus prendra moins de temps, entra\u00eenant une r\u00e9duction du temps d&rsquo;arr\u00eat de l&rsquo;\u00e9quipement et \u00e9conomisant ainsi des ressources pr\u00e9cieuses.<\/p>\n<\/div>\n<div class=\"col-md-6\">\n<img decoding=\"async\" src=\"https:\/\/www.shm.software\/fr\/wp-content\/uploads\/2023\/09\/reloation-log-img2.jpg\" class=\"img-fluid d-block mx-auto\" alt=\"Reloation Log\">\n<\/div>\n<\/div>\n<\/div>\n<\/div>\n<div class=\"section-primary\">\n<div class=\"container\">\n<div class=\"row\">\n<div class=\"col-lg-12 mx-auto text-center\">\n<h4>Vous \u00eates impatient de profiter d&rsquo;une gestion ad\u00e9quate des relocalisations ? <br \/>R\u00e9servez d\u00e8s aujourd&rsquo;hui votre visite guid\u00e9e logicielle avec nos experts<\/h4>\n<div><a href=\"https:\/\/www.shm.software\/fr\/contact-us\" class=\"btn btn-primary mt-3\">R\u00e9server une d\u00e9mo<\/a><\/div>\n<\/div>\n<\/div>\n<\/div>\n<\/div>\n<div class=\"section-white\">\n<div class=\"container\">\n<div class=\"row text-center\">\n<div class=\"col-lg-12\">\n<h3 class=\"mb-0\">Caract\u00e9ristiques suppl\u00e9mentaires<\/h3>\n<\/div>\n<div class=\"col-lg-6\">\n<div class=\"af-box\">\n<h4>Maintenance et Gestion<\/h4>\n<div class=\"af-link\">\n<a href=\"https:\/\/www.shm.software\/fr\/work-order-management\">Gestion des bons de travail<\/a><br \/>\n<a href=\"https:\/\/www.shm.software\/fr\/planned-preventive-maintenance\">Maintenance pr\u00e9ventive planifi\u00e9<\/a><br \/>\n<a href=\"https:\/\/www.shm.software\/fr\/corrective-maintenance\">Maintenance corrective<\/a><br \/>\n<a href=\"https:\/\/www.shm.software\/fr\/inspection-maintenance\">Maintenance d&rsquo;inspection<\/a>\n<\/div>\n<\/div>\n<\/div>\n<div class=\"col-lg-6\">\n<div class=\"af-box\">\n<h4>Services efficaces<\/h4>\n<div class=\"af-link\">\n<a href=\"https:\/\/www.shm.software\/fr\/asset-matching\">Correspondance des actifs<\/a><br \/>\n<a href=\"https:\/\/www.shm.software\/fr\/document-management\">Gestion des documents<\/a><br \/>\n<a href=\"https:\/\/www.shm.software\/fr\/service-request-management\">Gestion des demande de service<\/a><br \/>\n<a href=\"https:\/\/www.shm.software\/fr\/qr-labels\">G\u00e9n\u00e9ration de QR code<\/a>\n<\/div>\n<\/div>\n<\/div>\n<div class=\"col-lg-6\">\n<div class=\"af-box\">\n<h4>Perspicacit\u00e9 profonde<\/h4>\n<div class=\"af-link\">\n<a href=\"https:\/\/www.shm.software\/fr\/technical-reports\">Rapport technique<\/a><br \/>\n<a href=\"https:\/\/www.shm.software\/fr\/contact-management\">Gestion dess contacts<\/a><br \/>\n<a href=\"https:\/\/www.shm.software\/fr\/contract-administration\">Gestion des contracts<\/a><br \/>\n<a href=\"https:\/\/www.shm.software\/fr\/user-profiles\">Vue d&rsquo;ensemble de l&rsquo;\u00e9quipe<\/a>\n<\/div>\n<\/div>\n<\/div>\n<div class=\"col-lg-6\">\n<div class=\"af-box\">\n<h4>Confort<\/h4>\n<div class=\"af-link\">\n<a href=\"https:\/\/www.shm.software\/fr\/customisation\">Customisation<\/a><br \/>\n<a href=\"https:\/\/www.shm.software\/fr\/mobile-application\">Application mobile<\/a><br \/>\n<a href=\"https:\/\/www.shm.software\/fr\/offline-mode\">Mode hors ligne<\/a><br \/>\n<a href=\"https:\/\/www.shm.software\/fr\/bulk-upload\">T\u00e9l\u00e9chargement en masse<\/a>\n<\/div>\n<\/div>\n<\/div>\n<\/div>\n<\/div>\n<\/div>\n","protected":false},"excerpt":{"rendered":"<p>Gestion de la relocalisation L&rsquo;un des principaux objectifs de la gestion des \u00e9quipements est la connaissance de l&#8217;emplacement de tous les actifs et le suivi de toute relocalisation pendant toute la dur\u00e9e de vie de l&rsquo;\u00e9quipement. Avec Smart Hospital Maintenance, vous pouvez suivre l&#8217;emplacement de vos actifs et toutes les relocalisations qui ont eu lieu. [&#8230;]<\/p>\n<p><a class=\"btn btn-secondary understrap-read-more-link\" href=\"https:\/\/www.shm.software\/fr\/relocation-management\">Lire la suite&#8230;<\/a><\/p>\n","protected":false},"author":1,"featured_media":0,"parent":0,"menu_order":0,"comment_status":"closed","ping_status":"closed","template":"page-templates\/empty.php","meta":{"footnotes":""},"class_list":["post-194","page","type-page","status-publish","hentry"],"yoast_head":"<!-- This site is optimized with the Yoast SEO plugin v26.8 - https:\/\/yoast.com\/product\/yoast-seo-wordpress\/ -->\n<title>Gestion de la relocalisation - SMART HOSPITAL MAINTENANCE<\/title>\n<meta name=\"robots\" content=\"index, follow, max-snippet:-1, max-image-preview:large, max-video-preview:-1\" \/>\n<link rel=\"canonical\" href=\"https:\/\/www.shm.software\/fr\/relocation-management\" \/>\n<meta property=\"og:locale\" content=\"fr_FR\" \/>\n<meta property=\"og:type\" content=\"article\" \/>\n<meta property=\"og:title\" content=\"Gestion de la relocalisation - SMART HOSPITAL MAINTENANCE\" \/>\n<meta property=\"og:description\" content=\"Gestion de la relocalisation L&rsquo;un des principaux objectifs de la gestion des \u00e9quipements est la connaissance de l&#8217;emplacement de tous les actifs et le suivi de toute relocalisation pendant toute la dur\u00e9e de vie de l&rsquo;\u00e9quipement. Avec Smart Hospital Maintenance, vous pouvez suivre l&#8217;emplacement de vos actifs et toutes les relocalisations qui ont eu lieu. [...]Lire la suite...\" \/>\n<meta property=\"og:url\" content=\"https:\/\/www.shm.software\/fr\/relocation-management\" \/>\n<meta property=\"og:site_name\" content=\"SMART HOSPITAL MAINTENANCE\" \/>\n<meta property=\"article:modified_time\" content=\"2023-11-01T11:06:21+00:00\" \/>\n<meta property=\"og:image\" content=\"https:\/\/www.shm.software\/fr\/wp-content\/uploads\/2023\/09\/SHM_Scalability_Relocation-Management.jpg\" \/>\n<meta name=\"twitter:card\" content=\"summary_large_image\" \/>\n<meta name=\"twitter:label1\" content=\"Dur\u00e9e de lecture estim\u00e9e\" \/>\n\t<meta name=\"twitter:data1\" content=\"2 minutes\" \/>\n<script type=\"application\/ld+json\" class=\"yoast-schema-graph\">{\"@context\":\"https:\/\/schema.org\",\"@graph\":[{\"@type\":\"WebPage\",\"@id\":\"https:\/\/www.shm.software\/fr\/relocation-management\",\"url\":\"https:\/\/www.shm.software\/fr\/relocation-management\",\"name\":\"Gestion de la relocalisation - SMART HOSPITAL MAINTENANCE\",\"isPartOf\":{\"@id\":\"https:\/\/www.shm.software\/fr\/#website\"},\"primaryImageOfPage\":{\"@id\":\"https:\/\/www.shm.software\/fr\/relocation-management#primaryimage\"},\"image\":{\"@id\":\"https:\/\/www.shm.software\/fr\/relocation-management#primaryimage\"},\"thumbnailUrl\":\"https:\/\/www.shm.software\/fr\/wp-content\/uploads\/2023\/09\/SHM_Scalability_Relocation-Management.jpg\",\"datePublished\":\"2023-08-31T07:42:35+00:00\",\"dateModified\":\"2023-11-01T11:06:21+00:00\",\"breadcrumb\":{\"@id\":\"https:\/\/www.shm.software\/fr\/relocation-management#breadcrumb\"},\"inLanguage\":\"fr-FR\",\"potentialAction\":[{\"@type\":\"ReadAction\",\"target\":[\"https:\/\/www.shm.software\/fr\/relocation-management\"]}]},{\"@type\":\"ImageObject\",\"inLanguage\":\"fr-FR\",\"@id\":\"https:\/\/www.shm.software\/fr\/relocation-management#primaryimage\",\"url\":\"https:\/\/www.shm.software\/fr\/wp-content\/uploads\/2023\/09\/SHM_Scalability_Relocation-Management.jpg\",\"contentUrl\":\"https:\/\/www.shm.software\/fr\/wp-content\/uploads\/2023\/09\/SHM_Scalability_Relocation-Management.jpg\",\"width\":600,\"height\":400},{\"@type\":\"BreadcrumbList\",\"@id\":\"https:\/\/www.shm.software\/fr\/relocation-management#breadcrumb\",\"itemListElement\":[{\"@type\":\"ListItem\",\"position\":1,\"name\":\"Accueil\",\"item\":\"https:\/\/www.shm.software\/fr\/\"},{\"@type\":\"ListItem\",\"position\":2,\"name\":\"Gestion de la relocalisation\"}]},{\"@type\":\"WebSite\",\"@id\":\"https:\/\/www.shm.software\/fr\/#website\",\"url\":\"https:\/\/www.shm.software\/fr\/\",\"name\":\"SMART HOSPITAL MAINTENANCE\",\"description\":\"\",\"potentialAction\":[{\"@type\":\"SearchAction\",\"target\":{\"@type\":\"EntryPoint\",\"urlTemplate\":\"https:\/\/www.shm.software\/fr\/?s={search_term_string}\"},\"query-input\":{\"@type\":\"PropertyValueSpecification\",\"valueRequired\":true,\"valueName\":\"search_term_string\"}}],\"inLanguage\":\"fr-FR\"}]}<\/script>\n<!-- \/ Yoast SEO plugin. -->","yoast_head_json":{"title":"Gestion de la relocalisation - SMART HOSPITAL MAINTENANCE","robots":{"index":"index","follow":"follow","max-snippet":"max-snippet:-1","max-image-preview":"max-image-preview:large","max-video-preview":"max-video-preview:-1"},"canonical":"https:\/\/www.shm.software\/fr\/relocation-management","og_locale":"fr_FR","og_type":"article","og_title":"Gestion de la relocalisation - SMART HOSPITAL MAINTENANCE","og_description":"Gestion de la relocalisation L&rsquo;un des principaux objectifs de la gestion des \u00e9quipements est la connaissance de l&#8217;emplacement de tous les actifs et le suivi de toute relocalisation pendant toute la dur\u00e9e de vie de l&rsquo;\u00e9quipement. Avec Smart Hospital Maintenance, vous pouvez suivre l&#8217;emplacement de vos actifs et toutes les relocalisations qui ont eu lieu. [...]Lire la suite...","og_url":"https:\/\/www.shm.software\/fr\/relocation-management","og_site_name":"SMART HOSPITAL MAINTENANCE","article_modified_time":"2023-11-01T11:06:21+00:00","og_image":[{"url":"https:\/\/www.shm.software\/fr\/wp-content\/uploads\/2023\/09\/SHM_Scalability_Relocation-Management.jpg","type":"","width":"","height":""}],"twitter_card":"summary_large_image","twitter_misc":{"Dur\u00e9e de lecture estim\u00e9e":"2 minutes"},"schema":{"@context":"https:\/\/schema.org","@graph":[{"@type":"WebPage","@id":"https:\/\/www.shm.software\/fr\/relocation-management","url":"https:\/\/www.shm.software\/fr\/relocation-management","name":"Gestion de la relocalisation - SMART HOSPITAL MAINTENANCE","isPartOf":{"@id":"https:\/\/www.shm.software\/fr\/#website"},"primaryImageOfPage":{"@id":"https:\/\/www.shm.software\/fr\/relocation-management#primaryimage"},"image":{"@id":"https:\/\/www.shm.software\/fr\/relocation-management#primaryimage"},"thumbnailUrl":"https:\/\/www.shm.software\/fr\/wp-content\/uploads\/2023\/09\/SHM_Scalability_Relocation-Management.jpg","datePublished":"2023-08-31T07:42:35+00:00","dateModified":"2023-11-01T11:06:21+00:00","breadcrumb":{"@id":"https:\/\/www.shm.software\/fr\/relocation-management#breadcrumb"},"inLanguage":"fr-FR","potentialAction":[{"@type":"ReadAction","target":["https:\/\/www.shm.software\/fr\/relocation-management"]}]},{"@type":"ImageObject","inLanguage":"fr-FR","@id":"https:\/\/www.shm.software\/fr\/relocation-management#primaryimage","url":"https:\/\/www.shm.software\/fr\/wp-content\/uploads\/2023\/09\/SHM_Scalability_Relocation-Management.jpg","contentUrl":"https:\/\/www.shm.software\/fr\/wp-content\/uploads\/2023\/09\/SHM_Scalability_Relocation-Management.jpg","width":600,"height":400},{"@type":"BreadcrumbList","@id":"https:\/\/www.shm.software\/fr\/relocation-management#breadcrumb","itemListElement":[{"@type":"ListItem","position":1,"name":"Accueil","item":"https:\/\/www.shm.software\/fr\/"},{"@type":"ListItem","position":2,"name":"Gestion de la relocalisation"}]},{"@type":"WebSite","@id":"https:\/\/www.shm.software\/fr\/#website","url":"https:\/\/www.shm.software\/fr\/","name":"SMART HOSPITAL MAINTENANCE","description":"","potentialAction":[{"@type":"SearchAction","target":{"@type":"EntryPoint","urlTemplate":"https:\/\/www.shm.software\/fr\/?s={search_term_string}"},"query-input":{"@type":"PropertyValueSpecification","valueRequired":true,"valueName":"search_term_string"}}],"inLanguage":"fr-FR"}]}},"_links":{"self":[{"href":"https:\/\/www.shm.software\/fr\/wp-json\/wp\/v2\/pages\/194","targetHints":{"allow":["GET"]}}],"collection":[{"href":"https:\/\/www.shm.software\/fr\/wp-json\/wp\/v2\/pages"}],"about":[{"href":"https:\/\/www.shm.software\/fr\/wp-json\/wp\/v2\/types\/page"}],"author":[{"embeddable":true,"href":"https:\/\/www.shm.software\/fr\/wp-json\/wp\/v2\/users\/1"}],"replies":[{"embeddable":true,"href":"https:\/\/www.shm.software\/fr\/wp-json\/wp\/v2\/comments?post=194"}],"version-history":[{"count":15,"href":"https:\/\/www.shm.software\/fr\/wp-json\/wp\/v2\/pages\/194\/revisions"}],"predecessor-version":[{"id":680,"href":"https:\/\/www.shm.software\/fr\/wp-json\/wp\/v2\/pages\/194\/revisions\/680"}],"wp:attachment":[{"href":"https:\/\/www.shm.software\/fr\/wp-json\/wp\/v2\/media?parent=194"}],"curies":[{"name":"wp","href":"https:\/\/api.w.org\/{rel}","templated":true}]}}