{"id":196,"date":"2023-08-31T07:42:43","date_gmt":"2023-08-31T07:42:43","guid":{"rendered":"https:\/\/www.shm.software\/fr\/?page_id=196"},"modified":"2023-11-01T11:05:15","modified_gmt":"2023-11-01T11:05:15","slug":"shm-database","status":"publish","type":"page","link":"https:\/\/www.shm.software\/fr\/shm-database","title":{"rendered":"Base de donn\u00e9es SHM"},"content":{"rendered":"<div class=\"shmdb-bg in-head\"><\/div>\n<p id=\"breadcrumbs\"><span><span><a href=\"https:\/\/www.shm.software\/fr\/\">Accueil<\/a><\/span><\/span><\/p>\n<div class=\"section-white\">\n<div class=\"container\">\n<div class=\"row align-items-center\">\n<div class=\"col-md-6\">\n<h1>Base de donn\u00e9es SHM<\/h1>\n<p>Une base de donn\u00e9es correctement g\u00e9r\u00e9e constitue la base de la gestion des \u00e9quipements. Avec Smart Hospital Maintenance, c&rsquo;est \u00e0 vous de choisir d&rsquo;int\u00e9grer votre propre base de donn\u00e9es d&rsquo;\u00e9quipements ou d&rsquo;int\u00e9grer la base de donn\u00e9es de Smart Hospital Maintenance. Cela vous permet de b\u00e9n\u00e9ficier d&rsquo;un catalogue bien g\u00e9r\u00e9 des fabricants, des marques, des mod\u00e8les et des actifs g\u00e9n\u00e9riques.<\/p>\n<\/div>\n<div class=\"col-md-6\">\n<img decoding=\"async\" src=\"https:\/\/www.shm.software\/fr\/wp-content\/uploads\/2023\/09\/SHM_Scalability_SHM-Database.jpg\" class=\"img-fluid d-block mx-auto\" alt=\"SHM Database\">\n<\/div>\n<\/div>\n<\/div>\n<\/div>\n<div class=\"section-lightgrey pt-4\">\n<div class=\"container\">\n<div class=\"row\">\n<div class=\"col-md-4\">\n<div class=\"he-box same-height\">\n<div class=\"he-icon\"><img decoding=\"async\" src=\"https:\/\/www.shm.software\/fr\/wp-content\/uploads\/2023\/09\/shmdb-icon1.png\" alt=\"Manufacturer Database\"><\/div>\n<h3>Base de donn\u00e9es des fabricants<\/h3>\n<p class=\"mb-0\">La base de donn\u00e9es des fabricants contient plus de 18 000 fabricants distincts du monde entier. Cela comprend des informations sur leurs pays d&rsquo;origine et leurs filiales. Au cas o\u00f9 un fabricant serait manquant, l&rsquo;int\u00e9gration est facilement possible.<\/p>\n<\/div>\n<\/div>\n<div class=\"col-md-4\">\n<div class=\"he-box same-height\">\n<div class=\"he-icon\"><img decoding=\"async\" src=\"https:\/\/www.shm.software\/fr\/wp-content\/uploads\/2023\/09\/shmdb-icon2.png\" alt=\"Product Database\"><\/div>\n<h3>Banque de donn\u00e9es des produits<\/h3>\n<p class=\"mb-0\">La base de donn\u00e9es de SHM contient plus de 180 000 produits. Parmi d&rsquo;autres informations, des r\u00e9f\u00e9rences aux fabricants et aux mod\u00e8les sont fournies dans le catalogue des produits. Cela all\u00e9gera la charge de travail de votre personnel hospitalier lors de l&rsquo;ajout de nouveaux \u00e9quipements aux \u00e9tablissements de soins de sant\u00e9. Au lieu d&rsquo;ajouter tout \u00e0 partir de z\u00e9ro, il vous suffit de s\u00e9lectionner le mod\u00e8le et la marque recherch\u00e9s, et vous \u00eates pr\u00eat \u00e0 partir.<\/p>\n<\/div>\n<\/div>\n<div class=\"col-md-4\">\n<div class=\"he-box same-height\">\n<div class=\"he-icon\"><img decoding=\"async\" src=\"https:\/\/www.shm.software\/fr\/wp-content\/uploads\/2023\/09\/shmdb-icon3.png\" alt=\"Unified Medical Device Nomenclature\"><\/div>\n<h3>Nomenclature unifi\u00e9e des dispositifs m\u00e9dicaux<\/h3>\n<p class=\"mb-0\">Smart Hospital Maintenance vous permet d&rsquo;int\u00e9grer votre nomenclature pr\u00e9f\u00e9r\u00e9e des dispositifs m\u00e9dicaux unifi\u00e9e. Actuellement, plus de 6 000 nomenclatures diff\u00e9rentes de dispositifs m\u00e9dicaux sont encod\u00e9es dans la base de donn\u00e9es de SHM. Fournissant un ensemble unifi\u00e9 de noms pour les dispositifs m\u00e9dicaux. Cela aide vos divers \u00e9tablissements \u00e0 utiliser la m\u00eame d\u00e9signation, facilitant la gestion des stocks.<\/p>\n<\/div>\n<\/div>\n<\/div>\n<\/div>\n<\/div>\n<div class=\"section-primary\">\n<div class=\"container\">\n<div class=\"row\">\n<div class=\"col-lg-10 mx-auto text-center\">\n<h4>Vous souhaitez voir comment cela fonctionne ? <br \/>R\u00e9servez votre rendez-vous pour une d\u00e9monstration avec nos experts!<\/h4>\n<div><a href=\"https:\/\/www.shm.software\/fr\/contact-us\" class=\"btn btn-primary mt-3\">R\u00e9server une d\u00e9mo<\/a><\/div>\n<\/div>\n<\/div>\n<\/div>\n<\/div>\n<div class=\"section-white\">\n<div class=\"container\">\n<div class=\"row text-center\">\n<div class=\"col-lg-12\">\n<h3 class=\"mb-0\">Caract\u00e9ristiques suppl\u00e9mentaires<\/h3>\n<\/div>\n<div class=\"col-lg-6\">\n<div class=\"af-box\">\n<h4>Maintenance et Gestion<\/h4>\n<div class=\"af-link\">\n<a href=\"https:\/\/www.shm.software\/fr\/work-order-management\">Gestion des bons de travail<\/a><br \/>\n<a href=\"https:\/\/www.shm.software\/fr\/planned-preventive-maintenance\">Maintenance pr\u00e9ventive planifi\u00e9<\/a><br \/>\n<a href=\"https:\/\/www.shm.software\/fr\/corrective-maintenance\">Maintenance corrective<\/a><br \/>\n<a href=\"https:\/\/www.shm.software\/fr\/inspection-maintenance\">Maintenance d&rsquo;inspection<\/a>\n<\/div>\n<\/div>\n<\/div>\n<div class=\"col-lg-6\">\n<div class=\"af-box\">\n<h4>Services efficaces<\/h4>\n<div class=\"af-link\">\n<a href=\"https:\/\/www.shm.software\/fr\/asset-matching\">Correspondance des actifs<\/a><br \/>\n<a href=\"https:\/\/www.shm.software\/fr\/document-management\">Gestion des documents<\/a><br \/>\n<a href=\"https:\/\/www.shm.software\/fr\/service-request-management\">Gestion des demande de service<\/a><br \/>\n<a href=\"https:\/\/www.shm.software\/fr\/qr-labels\">G\u00e9n\u00e9ration de QR code<\/a>\n<\/div>\n<\/div>\n<\/div>\n<div class=\"col-lg-6\">\n<div class=\"af-box\">\n<h4>Perspicacit\u00e9 profonde<\/h4>\n<div class=\"af-link\">\n<a href=\"https:\/\/www.shm.software\/fr\/technical-reports\">Rapport technique<\/a><br \/>\n<a href=\"https:\/\/www.shm.software\/fr\/contact-management\">Gestion dess contacts<\/a><br \/>\n<a href=\"https:\/\/www.shm.software\/fr\/contract-administration\">Gestion des contracts<\/a><br \/>\n<a href=\"https:\/\/www.shm.software\/fr\/user-profiles\">Vue d&rsquo;ensemble de l&rsquo;\u00e9quipe<\/a>\n<\/div>\n<\/div>\n<\/div>\n<div class=\"col-lg-6\">\n<div class=\"af-box\">\n<h4>Confort<\/h4>\n<div class=\"af-link\">\n<a href=\"https:\/\/www.shm.software\/fr\/customisation\">Customisation<\/a><br \/>\n<a href=\"https:\/\/www.shm.software\/fr\/mobile-application\">Application mobile<\/a><br \/>\n<a href=\"https:\/\/www.shm.software\/fr\/offline-mode\">Mode hors ligne<\/a><br \/>\n<a href=\"https:\/\/www.shm.software\/fr\/bulk-upload\">T\u00e9l\u00e9chargement en masse<\/a>\n<\/div>\n<\/div>\n<\/div>\n<\/div>\n<\/div>\n<\/div>\n","protected":false},"excerpt":{"rendered":"<p>Base de donn\u00e9es SHM Une base de donn\u00e9es correctement g\u00e9r\u00e9e constitue la base de la gestion des \u00e9quipements. Avec Smart Hospital Maintenance, c&rsquo;est \u00e0 vous de choisir d&rsquo;int\u00e9grer votre propre base de donn\u00e9es d&rsquo;\u00e9quipements ou d&rsquo;int\u00e9grer la base de donn\u00e9es de Smart Hospital Maintenance. Cela vous permet de b\u00e9n\u00e9ficier d&rsquo;un catalogue bien g\u00e9r\u00e9 des fabricants, [&#8230;]<\/p>\n<p><a class=\"btn btn-secondary understrap-read-more-link\" href=\"https:\/\/www.shm.software\/fr\/shm-database\">Lire la suite&#8230;<\/a><\/p>\n","protected":false},"author":1,"featured_media":0,"parent":0,"menu_order":0,"comment_status":"closed","ping_status":"closed","template":"page-templates\/empty.php","meta":{"footnotes":""},"class_list":["post-196","page","type-page","status-publish","hentry"],"yoast_head":"<!-- This site is optimized with the Yoast SEO plugin v26.8 - https:\/\/yoast.com\/product\/yoast-seo-wordpress\/ -->\n<title>Base de donn\u00e9es SHM - SMART HOSPITAL MAINTENANCE<\/title>\n<meta name=\"robots\" content=\"index, follow, max-snippet:-1, max-image-preview:large, max-video-preview:-1\" \/>\n<link rel=\"canonical\" href=\"https:\/\/www.shm.software\/fr\/shm-database\" \/>\n<meta property=\"og:locale\" content=\"fr_FR\" \/>\n<meta property=\"og:type\" content=\"article\" \/>\n<meta property=\"og:title\" content=\"Base de donn\u00e9es SHM - SMART HOSPITAL MAINTENANCE\" \/>\n<meta property=\"og:description\" content=\"Base de donn\u00e9es SHM Une base de donn\u00e9es correctement g\u00e9r\u00e9e constitue la base de la gestion des \u00e9quipements. Avec Smart Hospital Maintenance, c&rsquo;est \u00e0 vous de choisir d&rsquo;int\u00e9grer votre propre base de donn\u00e9es d&rsquo;\u00e9quipements ou d&rsquo;int\u00e9grer la base de donn\u00e9es de Smart Hospital Maintenance. Cela vous permet de b\u00e9n\u00e9ficier d&rsquo;un catalogue bien g\u00e9r\u00e9 des fabricants, [...]Lire la suite...\" \/>\n<meta property=\"og:url\" content=\"https:\/\/www.shm.software\/fr\/shm-database\" \/>\n<meta property=\"og:site_name\" content=\"SMART HOSPITAL MAINTENANCE\" \/>\n<meta property=\"article:modified_time\" content=\"2023-11-01T11:05:15+00:00\" \/>\n<meta property=\"og:image\" content=\"https:\/\/www.shm.software\/fr\/wp-content\/uploads\/2023\/09\/SHM_Scalability_SHM-Database.jpg\" \/>\n<meta name=\"twitter:card\" content=\"summary_large_image\" \/>\n<meta name=\"twitter:label1\" content=\"Dur\u00e9e de lecture estim\u00e9e\" \/>\n\t<meta name=\"twitter:data1\" content=\"3 minutes\" \/>\n<script type=\"application\/ld+json\" class=\"yoast-schema-graph\">{\"@context\":\"https:\/\/schema.org\",\"@graph\":[{\"@type\":\"WebPage\",\"@id\":\"https:\/\/www.shm.software\/fr\/shm-database\",\"url\":\"https:\/\/www.shm.software\/fr\/shm-database\",\"name\":\"Base de donn\u00e9es SHM - SMART HOSPITAL MAINTENANCE\",\"isPartOf\":{\"@id\":\"https:\/\/www.shm.software\/fr\/#website\"},\"primaryImageOfPage\":{\"@id\":\"https:\/\/www.shm.software\/fr\/shm-database#primaryimage\"},\"image\":{\"@id\":\"https:\/\/www.shm.software\/fr\/shm-database#primaryimage\"},\"thumbnailUrl\":\"https:\/\/www.shm.software\/fr\/wp-content\/uploads\/2023\/09\/SHM_Scalability_SHM-Database.jpg\",\"datePublished\":\"2023-08-31T07:42:43+00:00\",\"dateModified\":\"2023-11-01T11:05:15+00:00\",\"breadcrumb\":{\"@id\":\"https:\/\/www.shm.software\/fr\/shm-database#breadcrumb\"},\"inLanguage\":\"fr-FR\",\"potentialAction\":[{\"@type\":\"ReadAction\",\"target\":[\"https:\/\/www.shm.software\/fr\/shm-database\"]}]},{\"@type\":\"ImageObject\",\"inLanguage\":\"fr-FR\",\"@id\":\"https:\/\/www.shm.software\/fr\/shm-database#primaryimage\",\"url\":\"https:\/\/www.shm.software\/fr\/wp-content\/uploads\/2023\/09\/SHM_Scalability_SHM-Database.jpg\",\"contentUrl\":\"https:\/\/www.shm.software\/fr\/wp-content\/uploads\/2023\/09\/SHM_Scalability_SHM-Database.jpg\",\"width\":600,\"height\":400},{\"@type\":\"BreadcrumbList\",\"@id\":\"https:\/\/www.shm.software\/fr\/shm-database#breadcrumb\",\"itemListElement\":[{\"@type\":\"ListItem\",\"position\":1,\"name\":\"Accueil\",\"item\":\"https:\/\/www.shm.software\/fr\/\"},{\"@type\":\"ListItem\",\"position\":2,\"name\":\"Base de donn\u00e9es SHM\"}]},{\"@type\":\"WebSite\",\"@id\":\"https:\/\/www.shm.software\/fr\/#website\",\"url\":\"https:\/\/www.shm.software\/fr\/\",\"name\":\"SMART HOSPITAL MAINTENANCE\",\"description\":\"\",\"potentialAction\":[{\"@type\":\"SearchAction\",\"target\":{\"@type\":\"EntryPoint\",\"urlTemplate\":\"https:\/\/www.shm.software\/fr\/?s={search_term_string}\"},\"query-input\":{\"@type\":\"PropertyValueSpecification\",\"valueRequired\":true,\"valueName\":\"search_term_string\"}}],\"inLanguage\":\"fr-FR\"}]}<\/script>\n<!-- \/ Yoast SEO plugin. -->","yoast_head_json":{"title":"Base de donn\u00e9es SHM - SMART HOSPITAL MAINTENANCE","robots":{"index":"index","follow":"follow","max-snippet":"max-snippet:-1","max-image-preview":"max-image-preview:large","max-video-preview":"max-video-preview:-1"},"canonical":"https:\/\/www.shm.software\/fr\/shm-database","og_locale":"fr_FR","og_type":"article","og_title":"Base de donn\u00e9es SHM - SMART HOSPITAL MAINTENANCE","og_description":"Base de donn\u00e9es SHM Une base de donn\u00e9es correctement g\u00e9r\u00e9e constitue la base de la gestion des \u00e9quipements. Avec Smart Hospital Maintenance, c&rsquo;est \u00e0 vous de choisir d&rsquo;int\u00e9grer votre propre base de donn\u00e9es d&rsquo;\u00e9quipements ou d&rsquo;int\u00e9grer la base de donn\u00e9es de Smart Hospital Maintenance. Cela vous permet de b\u00e9n\u00e9ficier d&rsquo;un catalogue bien g\u00e9r\u00e9 des fabricants, [...]Lire la suite...","og_url":"https:\/\/www.shm.software\/fr\/shm-database","og_site_name":"SMART HOSPITAL MAINTENANCE","article_modified_time":"2023-11-01T11:05:15+00:00","og_image":[{"url":"https:\/\/www.shm.software\/fr\/wp-content\/uploads\/2023\/09\/SHM_Scalability_SHM-Database.jpg","type":"","width":"","height":""}],"twitter_card":"summary_large_image","twitter_misc":{"Dur\u00e9e de lecture estim\u00e9e":"3 minutes"},"schema":{"@context":"https:\/\/schema.org","@graph":[{"@type":"WebPage","@id":"https:\/\/www.shm.software\/fr\/shm-database","url":"https:\/\/www.shm.software\/fr\/shm-database","name":"Base de donn\u00e9es SHM - SMART HOSPITAL MAINTENANCE","isPartOf":{"@id":"https:\/\/www.shm.software\/fr\/#website"},"primaryImageOfPage":{"@id":"https:\/\/www.shm.software\/fr\/shm-database#primaryimage"},"image":{"@id":"https:\/\/www.shm.software\/fr\/shm-database#primaryimage"},"thumbnailUrl":"https:\/\/www.shm.software\/fr\/wp-content\/uploads\/2023\/09\/SHM_Scalability_SHM-Database.jpg","datePublished":"2023-08-31T07:42:43+00:00","dateModified":"2023-11-01T11:05:15+00:00","breadcrumb":{"@id":"https:\/\/www.shm.software\/fr\/shm-database#breadcrumb"},"inLanguage":"fr-FR","potentialAction":[{"@type":"ReadAction","target":["https:\/\/www.shm.software\/fr\/shm-database"]}]},{"@type":"ImageObject","inLanguage":"fr-FR","@id":"https:\/\/www.shm.software\/fr\/shm-database#primaryimage","url":"https:\/\/www.shm.software\/fr\/wp-content\/uploads\/2023\/09\/SHM_Scalability_SHM-Database.jpg","contentUrl":"https:\/\/www.shm.software\/fr\/wp-content\/uploads\/2023\/09\/SHM_Scalability_SHM-Database.jpg","width":600,"height":400},{"@type":"BreadcrumbList","@id":"https:\/\/www.shm.software\/fr\/shm-database#breadcrumb","itemListElement":[{"@type":"ListItem","position":1,"name":"Accueil","item":"https:\/\/www.shm.software\/fr\/"},{"@type":"ListItem","position":2,"name":"Base de donn\u00e9es SHM"}]},{"@type":"WebSite","@id":"https:\/\/www.shm.software\/fr\/#website","url":"https:\/\/www.shm.software\/fr\/","name":"SMART HOSPITAL MAINTENANCE","description":"","potentialAction":[{"@type":"SearchAction","target":{"@type":"EntryPoint","urlTemplate":"https:\/\/www.shm.software\/fr\/?s={search_term_string}"},"query-input":{"@type":"PropertyValueSpecification","valueRequired":true,"valueName":"search_term_string"}}],"inLanguage":"fr-FR"}]}},"_links":{"self":[{"href":"https:\/\/www.shm.software\/fr\/wp-json\/wp\/v2\/pages\/196","targetHints":{"allow":["GET"]}}],"collection":[{"href":"https:\/\/www.shm.software\/fr\/wp-json\/wp\/v2\/pages"}],"about":[{"href":"https:\/\/www.shm.software\/fr\/wp-json\/wp\/v2\/types\/page"}],"author":[{"embeddable":true,"href":"https:\/\/www.shm.software\/fr\/wp-json\/wp\/v2\/users\/1"}],"replies":[{"embeddable":true,"href":"https:\/\/www.shm.software\/fr\/wp-json\/wp\/v2\/comments?post=196"}],"version-history":[{"count":14,"href":"https:\/\/www.shm.software\/fr\/wp-json\/wp\/v2\/pages\/196\/revisions"}],"predecessor-version":[{"id":676,"href":"https:\/\/www.shm.software\/fr\/wp-json\/wp\/v2\/pages\/196\/revisions\/676"}],"wp:attachment":[{"href":"https:\/\/www.shm.software\/fr\/wp-json\/wp\/v2\/media?parent=196"}],"curies":[{"name":"wp","href":"https:\/\/api.w.org\/{rel}","templated":true}]}}