{"id":198,"date":"2023-08-31T07:42:49","date_gmt":"2023-08-31T07:42:49","guid":{"rendered":"https:\/\/www.shm.software\/fr\/?page_id=198"},"modified":"2023-11-01T11:08:40","modified_gmt":"2023-11-01T11:08:40","slug":"customisation","status":"publish","type":"page","link":"https:\/\/www.shm.software\/fr\/customisation","title":{"rendered":"Personnalisation"},"content":{"rendered":"<div class=\"customisation-bg in-head\"><\/div>\n<p id=\"breadcrumbs\"><span><span><a href=\"https:\/\/www.shm.software\/fr\/\">Accueil<\/a><\/span><\/span><\/p>\n<div class=\"section-white\">\n<div class=\"container\">\n<div class=\"row align-items-center\">\n<div class=\"col-md-6\">\n<h1>Personnalisation<\/h1>\n<p>Smart Hospital Maintenance vise \u00e0 r\u00e9pondre \u00e0 vos besoins et exigences individuels, que vous souhaitiez personnaliser le logiciel au niveau d&rsquo;un groupe d&rsquo;utilisateurs, d&rsquo;un \u00e9tablissement de sant\u00e9 entier ou de plusieurs \u00e9tablissements de sant\u00e9. Modifiez les cat\u00e9gories et les attributs des objets dans le logiciel en fonction de vos besoins. Smart Hospital Maintenance vous offre une large vari\u00e9t\u00e9 d&rsquo;options et d&rsquo;outils de personnalisation.<\/p>\n<\/div>\n<div class=\"col-md-4 mx-auto\">\n<img decoding=\"async\" src=\"https:\/\/www.shm.software\/fr\/wp-content\/uploads\/2023\/10\/customisation-assest.png\" class=\"img-fluid d-block mx-auto\" alt=\"Customisation\">\n<\/div>\n<\/div>\n<\/div>\n<\/div>\n<div class=\"section-lightgrey\">\n<div class=\"container\">\n<div class=\"row align-items-center\">\n<div class=\"col-md-6 order-md-2\">\n<h3>Int\u00e9gration du logo<\/h3>\n<p>Le logiciel vous permet d&rsquo;int\u00e9grer le logo de votre organisation dans le design de base et dans certains domaines.<\/p>\n<h3>Cat\u00e9gories flexibles<\/h3>\n<p>Vous pouvez personnaliser vos propres cat\u00e9gories dans diff\u00e9rentes sections du logiciel. Cela inclut la possibilit\u00e9 de classer facilement les actifs en cat\u00e9gories principales et secondaires. Par exemple, vous pouvez avoir des cat\u00e9gories principales telles que les appareils m\u00e9dicaux, les syst\u00e8mes de construction ou les meubles et accessoires. Ensuite, en ajoutant \u00e0 chaque cat\u00e9gorie principale les sous-cat\u00e9gories n\u00e9cessaires, vous disposerez d&rsquo;une structure claire. Par exemple, les sous-cat\u00e9gories pour les \u00ab\u00a0dispositifs m\u00e9dicaux\u00a0\u00bb pourraient \u00eatre les dispositifs de suture, les dispositifs de dialyse ou divers dispositifs m\u00e9dicaux.<\/p>\n<\/div>\n<div class=\"col-md-6 order-md-1\">\n<img decoding=\"async\" src=\"https:\/\/www.shm.software\/fr\/wp-content\/uploads\/2023\/09\/SHM_Convenience_Customisation.jpg\" class=\"img-fluid d-block mx-auto\" alt=\"Logo Integration\">\n<\/div>\n<\/div>\n<\/div>\n<\/div>\n<div class=\"section-white pt-4\">\n<div class=\"container\">\n<div class=\"row\">\n<div class=\"col-md-4\">\n<div class=\"he-box same-height\">\n<div class=\"he-icon\"><img decoding=\"async\" src=\"https:\/\/www.shm.software\/fr\/wp-content\/uploads\/2023\/09\/risk-icon.png\" alt=\"Risk Level\"><\/div>\n<h3>\u00c9tat des actifs et niveau de risque<\/h3>\n<p class=\"mb-0\">Smart Hospital Maintenance propose des valeurs standard pour l&rsquo;\u00e9tat des biens : en \u00e9tat de marche, d\u00e9fectueux, mauvais fonctionnement et non install\u00e9. Tous les avis d&rsquo;\u00e9tat sont accompagn\u00e9s d&rsquo;un code couleur individuel. Vous pouvez \u00e9galement d\u00e9finir plusieurs niveaux de risque et de priorit\u00e9 pour vos actifs afin d&rsquo;assurer une classification correcte des actifs. Dans les param\u00e8tres du logiciel, votre administrateur peut ajouter et modifier les avis sur l&rsquo;\u00e9tat, le risque et le niveau de priorit\u00e9 des biens.<\/p>\n<\/div>\n<\/div>\n<div class=\"col-md-4\">\n<div class=\"he-box same-height\">\n<div class=\"he-icon\"><img decoding=\"async\" src=\"https:\/\/www.shm.software\/fr\/wp-content\/uploads\/2023\/09\/ppm-icon5.png\" alt=\"Room Status\"><\/div>\n<h3>Statut de la pi\u00e8ce<\/h3>\n<p class=\"mb-0\">Le logiciel vous permet \u00e9galement d&rsquo;ajouter et de modifier les param\u00e8tres n\u00e9cessaires de la pi\u00e8ce. Cela inclut un ensemble de statuts de salle, avec un code couleur individuel. Dans les param\u00e8tres du logiciel, votre administrateur peut simplement ajouter et modifier l&rsquo;\u00e9tat de la salle.<\/p>\n<\/div>\n<\/div>\n<div class=\"col-md-4\">\n<div class=\"he-box same-height\">\n<div class=\"he-icon\"><img decoding=\"async\" src=\"https:\/\/www.shm.software\/fr\/wp-content\/uploads\/2023\/09\/up-icon1.png\" alt=\"User Roles\"><\/div>\n<h3>R\u00f4les des utilisateurs<\/h3>\n<p class=\"mb-0\">Smart Hospital Maintenance vous permet de cr\u00e9er plusieurs r\u00f4les d&rsquo;utilisateur. Des r\u00f4les d&rsquo;utilisateurs enti\u00e8rement personnalisables jusqu&rsquo;\u00e0 la gestion des documents, vous pouvez d\u00e9crire votre flux de travail dans notre solution logicielle.<\/p>\n<\/div>\n<\/div>\n<\/div>\n<\/div>\n<\/div>\n<div class=\"section-primary\">\n<div class=\"container\">\n<div class=\"row\">\n<div class=\"col-lg-10 mx-auto text-center\">\n<h4>Les possibilit\u00e9s de personnalisation de Smart Hospital Maintenance vont bien au-del\u00e0. Il vous suffit de r\u00e9server une d\u00e9monstration pour vous faire une id\u00e9e des nombreux domaines qui peuvent \u00eatre personnalis\u00e9s dans Smart Hospital Maintenance. Notre \u00e9quipe d&rsquo;experts se fera un plaisir de r\u00e9pondre \u00e0 toutes vos questions.<\/h4>\n<div><a href=\"https:\/\/www.shm.software\/fr\/contact-us\" class=\"btn btn-primary mt-3\">R\u00e9server une d\u00e9mo<\/a><\/div>\n<\/div>\n<\/div>\n<\/div>\n<\/div>\n<div class=\"section-white\">\n<div class=\"container\">\n<div class=\"row text-center\">\n<div class=\"col-lg-12\">\n<h3 class=\"mb-0\">Caract\u00e9ristiques suppl\u00e9mentaires<\/h3>\n<\/div>\n<div class=\"col-lg-6\">\n<div class=\"af-box\">\n<h4>Maintenance et Gestion<\/h4>\n<div class=\"af-link\">\n<a href=\"https:\/\/www.shm.software\/fr\/work-order-management\">Gestion des bons de travail<\/a><br \/>\n<a href=\"https:\/\/www.shm.software\/fr\/planned-preventive-maintenance\">Maintenance pr\u00e9ventive planifi\u00e9<\/a><br \/>\n<a href=\"https:\/\/www.shm.software\/fr\/corrective-maintenance\">Maintenance corrective<\/a><br \/>\n<a href=\"https:\/\/www.shm.software\/fr\/inspection-maintenance\">Maintenance d&rsquo;inspection<\/a>\n<\/div>\n<\/div>\n<\/div>\n<div class=\"col-lg-6\">\n<div class=\"af-box\">\n<h4>Services efficaces<\/h4>\n<div class=\"af-link\">\n<a href=\"https:\/\/www.shm.software\/fr\/asset-matching\">Correspondance des actifs<\/a><br \/>\n<a href=\"https:\/\/www.shm.software\/fr\/document-management\">Gestion des documents<\/a><br \/>\n<a href=\"https:\/\/www.shm.software\/fr\/service-request-management\">Gestion des demande de service<\/a><br \/>\n<a href=\"https:\/\/www.shm.software\/fr\/qr-labels\">G\u00e9n\u00e9ration de QR code<\/a>\n<\/div>\n<\/div>\n<\/div>\n<div class=\"col-lg-6\">\n<div class=\"af-box\">\n<h4>Perspicacit\u00e9 profonde<\/h4>\n<div class=\"af-link\">\n<a href=\"https:\/\/www.shm.software\/fr\/technical-reports\">Rapport technique<\/a><br \/>\n<a href=\"https:\/\/www.shm.software\/fr\/contact-management\">Gestion dess contacts<\/a><br \/>\n<a href=\"https:\/\/www.shm.software\/fr\/contract-administration\">Gestion des contracts<\/a><br \/>\n<a href=\"https:\/\/www.shm.software\/fr\/user-profiles\">Vue d&rsquo;ensemble de l&rsquo;\u00e9quipe<\/a>\n<\/div>\n<\/div>\n<\/div>\n<div class=\"col-lg-6\">\n<div class=\"af-box\">\n<h4>Extensibilit\u00e9<\/h4>\n<div class=\"af-link\">\n<a href=\"https:\/\/www.shm.software\/fr\/facility-integration\">Gestion des actifs<\/a><br \/>\n<a href=\"https:\/\/www.shm.software\/fr\/multi-language-feature\">Int\u00e9gration de l&rsquo;\u00e9tablissement<\/a><br \/>\n<a href=\"https:\/\/www.shm.software\/fr\/relocation-management\">Fonctionnalit\u00e9 multilingue<\/a><br \/>\n<a href=\"https:\/\/www.shm.software\/fr\/shm-database\">Gestion des d\u00e9m\u00e9nagements<\/a>\n<\/div>\n<\/div>\n<\/div>\n<\/div>\n<\/div>\n<\/div>\n","protected":false},"excerpt":{"rendered":"<p>Personnalisation Smart Hospital Maintenance vise \u00e0 r\u00e9pondre \u00e0 vos besoins et exigences individuels, que vous souhaitiez personnaliser le logiciel au niveau d&rsquo;un groupe d&rsquo;utilisateurs, d&rsquo;un \u00e9tablissement de sant\u00e9 entier ou de plusieurs \u00e9tablissements de sant\u00e9. Modifiez les cat\u00e9gories et les attributs des objets dans le logiciel en fonction de vos besoins. Smart Hospital Maintenance vous [&#8230;]<\/p>\n<p><a class=\"btn btn-secondary understrap-read-more-link\" href=\"https:\/\/www.shm.software\/fr\/customisation\">Lire la suite&#8230;<\/a><\/p>\n","protected":false},"author":1,"featured_media":0,"parent":0,"menu_order":0,"comment_status":"closed","ping_status":"closed","template":"page-templates\/empty.php","meta":{"footnotes":""},"class_list":["post-198","page","type-page","status-publish","hentry"],"yoast_head":"<!-- This site is optimized with the Yoast SEO plugin v26.8 - https:\/\/yoast.com\/product\/yoast-seo-wordpress\/ -->\n<title>Personnalisation - SMART HOSPITAL MAINTENANCE<\/title>\n<meta name=\"robots\" content=\"index, follow, max-snippet:-1, max-image-preview:large, max-video-preview:-1\" \/>\n<link rel=\"canonical\" href=\"https:\/\/www.shm.software\/fr\/customisation\" \/>\n<meta property=\"og:locale\" content=\"fr_FR\" \/>\n<meta property=\"og:type\" content=\"article\" \/>\n<meta property=\"og:title\" content=\"Personnalisation - SMART HOSPITAL MAINTENANCE\" \/>\n<meta property=\"og:description\" content=\"Personnalisation Smart Hospital Maintenance vise \u00e0 r\u00e9pondre \u00e0 vos besoins et exigences individuels, que vous souhaitiez personnaliser le logiciel au niveau d&rsquo;un groupe d&rsquo;utilisateurs, d&rsquo;un \u00e9tablissement de sant\u00e9 entier ou de plusieurs \u00e9tablissements de sant\u00e9. Modifiez les cat\u00e9gories et les attributs des objets dans le logiciel en fonction de vos besoins. Smart Hospital Maintenance vous [...]Lire la suite...\" \/>\n<meta property=\"og:url\" content=\"https:\/\/www.shm.software\/fr\/customisation\" \/>\n<meta property=\"og:site_name\" content=\"SMART HOSPITAL MAINTENANCE\" \/>\n<meta property=\"article:modified_time\" content=\"2023-11-01T11:08:40+00:00\" \/>\n<meta property=\"og:image\" content=\"https:\/\/www.shm.software\/fr\/wp-content\/uploads\/2023\/10\/customisation-assest.png\" \/>\n<meta name=\"twitter:card\" content=\"summary_large_image\" \/>\n<meta name=\"twitter:label1\" content=\"Dur\u00e9e de lecture estim\u00e9e\" \/>\n\t<meta name=\"twitter:data1\" content=\"3 minutes\" \/>\n<script type=\"application\/ld+json\" class=\"yoast-schema-graph\">{\"@context\":\"https:\/\/schema.org\",\"@graph\":[{\"@type\":\"WebPage\",\"@id\":\"https:\/\/www.shm.software\/fr\/customisation\",\"url\":\"https:\/\/www.shm.software\/fr\/customisation\",\"name\":\"Personnalisation - SMART HOSPITAL MAINTENANCE\",\"isPartOf\":{\"@id\":\"https:\/\/www.shm.software\/fr\/#website\"},\"primaryImageOfPage\":{\"@id\":\"https:\/\/www.shm.software\/fr\/customisation#primaryimage\"},\"image\":{\"@id\":\"https:\/\/www.shm.software\/fr\/customisation#primaryimage\"},\"thumbnailUrl\":\"https:\/\/www.shm.software\/fr\/wp-content\/uploads\/2023\/10\/customisation-assest.png\",\"datePublished\":\"2023-08-31T07:42:49+00:00\",\"dateModified\":\"2023-11-01T11:08:40+00:00\",\"breadcrumb\":{\"@id\":\"https:\/\/www.shm.software\/fr\/customisation#breadcrumb\"},\"inLanguage\":\"fr-FR\",\"potentialAction\":[{\"@type\":\"ReadAction\",\"target\":[\"https:\/\/www.shm.software\/fr\/customisation\"]}]},{\"@type\":\"ImageObject\",\"inLanguage\":\"fr-FR\",\"@id\":\"https:\/\/www.shm.software\/fr\/customisation#primaryimage\",\"url\":\"https:\/\/www.shm.software\/fr\/wp-content\/uploads\/2023\/10\/customisation-assest.png\",\"contentUrl\":\"https:\/\/www.shm.software\/fr\/wp-content\/uploads\/2023\/10\/customisation-assest.png\",\"width\":368,\"height\":443},{\"@type\":\"BreadcrumbList\",\"@id\":\"https:\/\/www.shm.software\/fr\/customisation#breadcrumb\",\"itemListElement\":[{\"@type\":\"ListItem\",\"position\":1,\"name\":\"Accueil\",\"item\":\"https:\/\/www.shm.software\/fr\/\"},{\"@type\":\"ListItem\",\"position\":2,\"name\":\"Personnalisation\"}]},{\"@type\":\"WebSite\",\"@id\":\"https:\/\/www.shm.software\/fr\/#website\",\"url\":\"https:\/\/www.shm.software\/fr\/\",\"name\":\"SMART HOSPITAL MAINTENANCE\",\"description\":\"\",\"potentialAction\":[{\"@type\":\"SearchAction\",\"target\":{\"@type\":\"EntryPoint\",\"urlTemplate\":\"https:\/\/www.shm.software\/fr\/?s={search_term_string}\"},\"query-input\":{\"@type\":\"PropertyValueSpecification\",\"valueRequired\":true,\"valueName\":\"search_term_string\"}}],\"inLanguage\":\"fr-FR\"}]}<\/script>\n<!-- \/ Yoast SEO plugin. -->","yoast_head_json":{"title":"Personnalisation - SMART HOSPITAL MAINTENANCE","robots":{"index":"index","follow":"follow","max-snippet":"max-snippet:-1","max-image-preview":"max-image-preview:large","max-video-preview":"max-video-preview:-1"},"canonical":"https:\/\/www.shm.software\/fr\/customisation","og_locale":"fr_FR","og_type":"article","og_title":"Personnalisation - SMART HOSPITAL MAINTENANCE","og_description":"Personnalisation Smart Hospital Maintenance vise \u00e0 r\u00e9pondre \u00e0 vos besoins et exigences individuels, que vous souhaitiez personnaliser le logiciel au niveau d&rsquo;un groupe d&rsquo;utilisateurs, d&rsquo;un \u00e9tablissement de sant\u00e9 entier ou de plusieurs \u00e9tablissements de sant\u00e9. Modifiez les cat\u00e9gories et les attributs des objets dans le logiciel en fonction de vos besoins. Smart Hospital Maintenance vous [...]Lire la suite...","og_url":"https:\/\/www.shm.software\/fr\/customisation","og_site_name":"SMART HOSPITAL MAINTENANCE","article_modified_time":"2023-11-01T11:08:40+00:00","og_image":[{"url":"https:\/\/www.shm.software\/fr\/wp-content\/uploads\/2023\/10\/customisation-assest.png","type":"","width":"","height":""}],"twitter_card":"summary_large_image","twitter_misc":{"Dur\u00e9e de lecture estim\u00e9e":"3 minutes"},"schema":{"@context":"https:\/\/schema.org","@graph":[{"@type":"WebPage","@id":"https:\/\/www.shm.software\/fr\/customisation","url":"https:\/\/www.shm.software\/fr\/customisation","name":"Personnalisation - SMART HOSPITAL MAINTENANCE","isPartOf":{"@id":"https:\/\/www.shm.software\/fr\/#website"},"primaryImageOfPage":{"@id":"https:\/\/www.shm.software\/fr\/customisation#primaryimage"},"image":{"@id":"https:\/\/www.shm.software\/fr\/customisation#primaryimage"},"thumbnailUrl":"https:\/\/www.shm.software\/fr\/wp-content\/uploads\/2023\/10\/customisation-assest.png","datePublished":"2023-08-31T07:42:49+00:00","dateModified":"2023-11-01T11:08:40+00:00","breadcrumb":{"@id":"https:\/\/www.shm.software\/fr\/customisation#breadcrumb"},"inLanguage":"fr-FR","potentialAction":[{"@type":"ReadAction","target":["https:\/\/www.shm.software\/fr\/customisation"]}]},{"@type":"ImageObject","inLanguage":"fr-FR","@id":"https:\/\/www.shm.software\/fr\/customisation#primaryimage","url":"https:\/\/www.shm.software\/fr\/wp-content\/uploads\/2023\/10\/customisation-assest.png","contentUrl":"https:\/\/www.shm.software\/fr\/wp-content\/uploads\/2023\/10\/customisation-assest.png","width":368,"height":443},{"@type":"BreadcrumbList","@id":"https:\/\/www.shm.software\/fr\/customisation#breadcrumb","itemListElement":[{"@type":"ListItem","position":1,"name":"Accueil","item":"https:\/\/www.shm.software\/fr\/"},{"@type":"ListItem","position":2,"name":"Personnalisation"}]},{"@type":"WebSite","@id":"https:\/\/www.shm.software\/fr\/#website","url":"https:\/\/www.shm.software\/fr\/","name":"SMART HOSPITAL MAINTENANCE","description":"","potentialAction":[{"@type":"SearchAction","target":{"@type":"EntryPoint","urlTemplate":"https:\/\/www.shm.software\/fr\/?s={search_term_string}"},"query-input":{"@type":"PropertyValueSpecification","valueRequired":true,"valueName":"search_term_string"}}],"inLanguage":"fr-FR"}]}},"_links":{"self":[{"href":"https:\/\/www.shm.software\/fr\/wp-json\/wp\/v2\/pages\/198","targetHints":{"allow":["GET"]}}],"collection":[{"href":"https:\/\/www.shm.software\/fr\/wp-json\/wp\/v2\/pages"}],"about":[{"href":"https:\/\/www.shm.software\/fr\/wp-json\/wp\/v2\/types\/page"}],"author":[{"embeddable":true,"href":"https:\/\/www.shm.software\/fr\/wp-json\/wp\/v2\/users\/1"}],"replies":[{"embeddable":true,"href":"https:\/\/www.shm.software\/fr\/wp-json\/wp\/v2\/comments?post=198"}],"version-history":[{"count":14,"href":"https:\/\/www.shm.software\/fr\/wp-json\/wp\/v2\/pages\/198\/revisions"}],"predecessor-version":[{"id":691,"href":"https:\/\/www.shm.software\/fr\/wp-json\/wp\/v2\/pages\/198\/revisions\/691"}],"wp:attachment":[{"href":"https:\/\/www.shm.software\/fr\/wp-json\/wp\/v2\/media?parent=198"}],"curies":[{"name":"wp","href":"https:\/\/api.w.org\/{rel}","templated":true}]}}