{"id":200,"date":"2023-08-31T07:42:55","date_gmt":"2023-08-31T07:42:55","guid":{"rendered":"https:\/\/www.shm.software\/fr\/?page_id=200"},"modified":"2023-11-01T11:04:41","modified_gmt":"2023-11-01T11:04:41","slug":"mobile-application","status":"publish","type":"page","link":"https:\/\/www.shm.software\/fr\/mobile-application","title":{"rendered":"Application Mobile"},"content":{"rendered":"<div class=\"mobapp-bg in-head\"><\/div>\n<p id=\"breadcrumbs\"><span><span><a href=\"https:\/\/www.shm.software\/fr\/\">Accueil<\/a><\/span><\/span><\/p>\n<div class=\"section-white\">\n<div class=\"container\">\n<div class=\"row align-items-center\">\n<div class=\"col-md-6\">\n<h1>Application Mobile<\/h1>\n<p>Smart Hospital Maintenance est livr\u00e9 avec une application native pour votre smartphone et votre tablette. Elle est con\u00e7ue pour am\u00e9liorer ce qui est d\u00e9j\u00e0 efficace sur le web et donne \u00e0 votre \u00e9quipe la mobilit\u00e9 n\u00e9cessaire. Les fonctions cl\u00e9s telles que la gestion des actifs, l&rsquo;\u00e9mission de demandes de service, la r\u00e9alisation d&rsquo;op\u00e9rations de maintenance ou la consultation de rapports sont optimis\u00e9es pour votre smartphone, souvent m\u00eame en mode d\u00e9connect\u00e9.<\/p>\n<p>En utilisant l&rsquo;application mobile, votre \u00e9quipe technique peut naviguer librement dans les \u00e9tablissements pour effectuer ses t\u00e2ches, m\u00eame en cas de connexion internet irr\u00e9guli\u00e8re. Le fait de scanner les \u00e9tiquettes QR des actifs avec l&rsquo;appareil photo de votre smartphone augmentera l&rsquo;efficacit\u00e9 des demandes de service et des op\u00e9rations de maintenance.<\/p>\n<p>L&rsquo;application mobile est disponible sur Android et iOS:<\/p>\n<div class=\"row align-items-center\">\n<div class=\"col-6\">\n<img decoding=\"async\" src=\"https:\/\/www.shm.software\/fr\/wp-content\/uploads\/2023\/09\/googleplay.jpg\" class=\"img-fluid mb-4\" alt=\"googleplay store\">\n<\/div>\n<div class=\"col-6\">\n<img decoding=\"async\" src=\"https:\/\/www.shm.software\/fr\/wp-content\/uploads\/2023\/09\/appstore.jpg\" class=\"img-fluid mb-4\" alt=\"appstore\">\n<\/div>\n<\/div>\n<\/div>\n<div class=\"col-md-4 mx-auto order-md-1\">\n<img decoding=\"async\" src=\"https:\/\/www.shm.software\/fr\/wp-content\/uploads\/2023\/09\/SHM_Convenience_Mobile-Application.png\" class=\"img-fluid d-block mx-auto\" alt=\"Logo Integration\">\n<\/div>\n<\/div>\n<\/div>\n<\/div>\n<div class=\"section-primary\">\n<div class=\"container\">\n<div class=\"row\">\n<div class=\"col-lg-12 mx-auto text-center\">\n<h4>Vous souhaitez en savoir plus sur Smart Hospital Maintenance et les applications mobiles pour Android et iOS ? ,br>R\u00e9servez votre session de d\u00e9monstration d\u00e8s aujourd&rsquo;hui!<\/h4>\n<div><a href=\"https:\/\/www.shm.software\/fr\/contact-us\" class=\"btn btn-primary mt-3\">R\u00e9server une d\u00e9mo<\/a><\/div>\n<\/div>\n<\/div>\n<\/div>\n<\/div>\n<div class=\"section-white\">\n<div class=\"container\">\n<div class=\"row text-center\">\n<div class=\"col-lg-12\">\n<h3 class=\"mb-0\">Caract\u00e9ristiques suppl\u00e9mentaires<\/h3>\n<\/div>\n<div class=\"col-lg-6\">\n<div class=\"af-box\">\n<h4>Maintenance et Gestion<\/h4>\n<div class=\"af-link\">\n<a href=\"https:\/\/www.shm.software\/fr\/work-order-management\">Gestion des bons de travail<\/a><br \/>\n<a href=\"https:\/\/www.shm.software\/fr\/planned-preventive-maintenance\">Maintenance pr\u00e9ventive planifi\u00e9<\/a><br \/>\n<a href=\"https:\/\/www.shm.software\/fr\/corrective-maintenance\">Maintenance corrective<\/a><br \/>\n<a href=\"https:\/\/www.shm.software\/fr\/inspection-maintenance\">Maintenance d&rsquo;inspection<\/a>\n<\/div>\n<\/div>\n<\/div>\n<div class=\"col-lg-6\">\n<div class=\"af-box\">\n<h4>Services efficaces<\/h4>\n<div class=\"af-link\">\n<a href=\"https:\/\/www.shm.software\/fr\/asset-matching\">Correspondance des actifs<\/a><br \/>\n<a href=\"https:\/\/www.shm.software\/fr\/document-management\">Gestion des documents<\/a><br \/>\n<a href=\"https:\/\/www.shm.software\/fr\/service-request-management\">Gestion des demande de service<\/a><br \/>\n<a href=\"https:\/\/www.shm.software\/fr\/qr-labels\">G\u00e9n\u00e9ration de QR code<\/a>\n<\/div>\n<\/div>\n<\/div>\n<div class=\"col-lg-6\">\n<div class=\"af-box\">\n<h4>Perspicacit\u00e9 profonde<\/h4>\n<div class=\"af-link\">\n<a href=\"https:\/\/www.shm.software\/fr\/technical-reports\">Rapport technique<\/a><br \/>\n<a href=\"https:\/\/www.shm.software\/fr\/contact-management\">Gestion dess contacts<\/a><br \/>\n<a href=\"https:\/\/www.shm.software\/fr\/contract-administration\">Gestion des contracts<\/a><br \/>\n<a href=\"https:\/\/www.shm.software\/fr\/user-profiles\">Vue d&rsquo;ensemble de l&rsquo;\u00e9quipe<\/a>\n<\/div>\n<\/div>\n<\/div>\n<div class=\"col-lg-6\">\n<div class=\"af-box\">\n<h4>Extensibilit\u00e9<\/h4>\n<div class=\"af-link\">\n<a href=\"https:\/\/www.shm.software\/fr\/facility-integration\">Gestion des actifs<\/a><br \/>\n<a href=\"https:\/\/www.shm.software\/fr\/multi-language-feature\">Int\u00e9gration de l&rsquo;\u00e9tablissement<\/a><br \/>\n<a href=\"https:\/\/www.shm.software\/fr\/relocation-management\">Fonctionnalit\u00e9 multilingue<\/a><br \/>\n<a href=\"https:\/\/www.shm.software\/fr\/shm-database\">Gestion des d\u00e9m\u00e9nagements<\/a>\n<\/div>\n<\/div>\n<\/div>\n<\/div>\n<\/div>\n<\/div>\n","protected":false},"excerpt":{"rendered":"<p>Application Mobile Smart Hospital Maintenance est livr\u00e9 avec une application native pour votre smartphone et votre tablette. Elle est con\u00e7ue pour am\u00e9liorer ce qui est d\u00e9j\u00e0 efficace sur le web et donne \u00e0 votre \u00e9quipe la mobilit\u00e9 n\u00e9cessaire. Les fonctions cl\u00e9s telles que la gestion des actifs, l&rsquo;\u00e9mission de demandes de service, la r\u00e9alisation d&rsquo;op\u00e9rations [&#8230;]<\/p>\n<p><a class=\"btn btn-secondary understrap-read-more-link\" href=\"https:\/\/www.shm.software\/fr\/mobile-application\">Lire la suite&#8230;<\/a><\/p>\n","protected":false},"author":1,"featured_media":0,"parent":0,"menu_order":0,"comment_status":"closed","ping_status":"closed","template":"page-templates\/empty.php","meta":{"footnotes":""},"class_list":["post-200","page","type-page","status-publish","hentry"],"yoast_head":"<!-- This site is optimized with the Yoast SEO plugin v26.8 - https:\/\/yoast.com\/product\/yoast-seo-wordpress\/ -->\n<title>Application Mobile - SMART HOSPITAL MAINTENANCE<\/title>\n<meta name=\"robots\" content=\"index, follow, max-snippet:-1, max-image-preview:large, max-video-preview:-1\" \/>\n<link rel=\"canonical\" href=\"https:\/\/www.shm.software\/fr\/mobile-application\" \/>\n<meta property=\"og:locale\" content=\"fr_FR\" \/>\n<meta property=\"og:type\" content=\"article\" \/>\n<meta property=\"og:title\" content=\"Application Mobile - SMART HOSPITAL MAINTENANCE\" \/>\n<meta property=\"og:description\" content=\"Application Mobile Smart Hospital Maintenance est livr\u00e9 avec une application native pour votre smartphone et votre tablette. Elle est con\u00e7ue pour am\u00e9liorer ce qui est d\u00e9j\u00e0 efficace sur le web et donne \u00e0 votre \u00e9quipe la mobilit\u00e9 n\u00e9cessaire. Les fonctions cl\u00e9s telles que la gestion des actifs, l&rsquo;\u00e9mission de demandes de service, la r\u00e9alisation d&rsquo;op\u00e9rations [...]Lire la suite...\" \/>\n<meta property=\"og:url\" content=\"https:\/\/www.shm.software\/fr\/mobile-application\" \/>\n<meta property=\"og:site_name\" content=\"SMART HOSPITAL MAINTENANCE\" \/>\n<meta property=\"article:modified_time\" content=\"2023-11-01T11:04:41+00:00\" \/>\n<meta property=\"og:image\" content=\"https:\/\/www.shm.software\/fr\/wp-content\/uploads\/2023\/09\/googleplay.jpg\" \/>\n<meta name=\"twitter:card\" content=\"summary_large_image\" \/>\n<meta name=\"twitter:label1\" content=\"Dur\u00e9e de lecture estim\u00e9e\" \/>\n\t<meta name=\"twitter:data1\" content=\"2 minutes\" \/>\n<script type=\"application\/ld+json\" class=\"yoast-schema-graph\">{\"@context\":\"https:\/\/schema.org\",\"@graph\":[{\"@type\":\"WebPage\",\"@id\":\"https:\/\/www.shm.software\/fr\/mobile-application\",\"url\":\"https:\/\/www.shm.software\/fr\/mobile-application\",\"name\":\"Application Mobile - SMART HOSPITAL MAINTENANCE\",\"isPartOf\":{\"@id\":\"https:\/\/www.shm.software\/fr\/#website\"},\"primaryImageOfPage\":{\"@id\":\"https:\/\/www.shm.software\/fr\/mobile-application#primaryimage\"},\"image\":{\"@id\":\"https:\/\/www.shm.software\/fr\/mobile-application#primaryimage\"},\"thumbnailUrl\":\"https:\/\/www.shm.software\/fr\/wp-content\/uploads\/2023\/09\/googleplay.jpg\",\"datePublished\":\"2023-08-31T07:42:55+00:00\",\"dateModified\":\"2023-11-01T11:04:41+00:00\",\"breadcrumb\":{\"@id\":\"https:\/\/www.shm.software\/fr\/mobile-application#breadcrumb\"},\"inLanguage\":\"fr-FR\",\"potentialAction\":[{\"@type\":\"ReadAction\",\"target\":[\"https:\/\/www.shm.software\/fr\/mobile-application\"]}]},{\"@type\":\"ImageObject\",\"inLanguage\":\"fr-FR\",\"@id\":\"https:\/\/www.shm.software\/fr\/mobile-application#primaryimage\",\"url\":\"https:\/\/www.shm.software\/fr\/wp-content\/uploads\/2023\/09\/googleplay.jpg\",\"contentUrl\":\"https:\/\/www.shm.software\/fr\/wp-content\/uploads\/2023\/09\/googleplay.jpg\",\"width\":363,\"height\":120},{\"@type\":\"BreadcrumbList\",\"@id\":\"https:\/\/www.shm.software\/fr\/mobile-application#breadcrumb\",\"itemListElement\":[{\"@type\":\"ListItem\",\"position\":1,\"name\":\"Accueil\",\"item\":\"https:\/\/www.shm.software\/fr\/\"},{\"@type\":\"ListItem\",\"position\":2,\"name\":\"Application Mobile\"}]},{\"@type\":\"WebSite\",\"@id\":\"https:\/\/www.shm.software\/fr\/#website\",\"url\":\"https:\/\/www.shm.software\/fr\/\",\"name\":\"SMART HOSPITAL MAINTENANCE\",\"description\":\"\",\"potentialAction\":[{\"@type\":\"SearchAction\",\"target\":{\"@type\":\"EntryPoint\",\"urlTemplate\":\"https:\/\/www.shm.software\/fr\/?s={search_term_string}\"},\"query-input\":{\"@type\":\"PropertyValueSpecification\",\"valueRequired\":true,\"valueName\":\"search_term_string\"}}],\"inLanguage\":\"fr-FR\"}]}<\/script>\n<!-- \/ Yoast SEO plugin. -->","yoast_head_json":{"title":"Application Mobile - SMART HOSPITAL MAINTENANCE","robots":{"index":"index","follow":"follow","max-snippet":"max-snippet:-1","max-image-preview":"max-image-preview:large","max-video-preview":"max-video-preview:-1"},"canonical":"https:\/\/www.shm.software\/fr\/mobile-application","og_locale":"fr_FR","og_type":"article","og_title":"Application Mobile - SMART HOSPITAL MAINTENANCE","og_description":"Application Mobile Smart Hospital Maintenance est livr\u00e9 avec une application native pour votre smartphone et votre tablette. Elle est con\u00e7ue pour am\u00e9liorer ce qui est d\u00e9j\u00e0 efficace sur le web et donne \u00e0 votre \u00e9quipe la mobilit\u00e9 n\u00e9cessaire. Les fonctions cl\u00e9s telles que la gestion des actifs, l&rsquo;\u00e9mission de demandes de service, la r\u00e9alisation d&rsquo;op\u00e9rations [...]Lire la suite...","og_url":"https:\/\/www.shm.software\/fr\/mobile-application","og_site_name":"SMART HOSPITAL MAINTENANCE","article_modified_time":"2023-11-01T11:04:41+00:00","og_image":[{"url":"https:\/\/www.shm.software\/fr\/wp-content\/uploads\/2023\/09\/googleplay.jpg","type":"","width":"","height":""}],"twitter_card":"summary_large_image","twitter_misc":{"Dur\u00e9e de lecture estim\u00e9e":"2 minutes"},"schema":{"@context":"https:\/\/schema.org","@graph":[{"@type":"WebPage","@id":"https:\/\/www.shm.software\/fr\/mobile-application","url":"https:\/\/www.shm.software\/fr\/mobile-application","name":"Application Mobile - SMART HOSPITAL MAINTENANCE","isPartOf":{"@id":"https:\/\/www.shm.software\/fr\/#website"},"primaryImageOfPage":{"@id":"https:\/\/www.shm.software\/fr\/mobile-application#primaryimage"},"image":{"@id":"https:\/\/www.shm.software\/fr\/mobile-application#primaryimage"},"thumbnailUrl":"https:\/\/www.shm.software\/fr\/wp-content\/uploads\/2023\/09\/googleplay.jpg","datePublished":"2023-08-31T07:42:55+00:00","dateModified":"2023-11-01T11:04:41+00:00","breadcrumb":{"@id":"https:\/\/www.shm.software\/fr\/mobile-application#breadcrumb"},"inLanguage":"fr-FR","potentialAction":[{"@type":"ReadAction","target":["https:\/\/www.shm.software\/fr\/mobile-application"]}]},{"@type":"ImageObject","inLanguage":"fr-FR","@id":"https:\/\/www.shm.software\/fr\/mobile-application#primaryimage","url":"https:\/\/www.shm.software\/fr\/wp-content\/uploads\/2023\/09\/googleplay.jpg","contentUrl":"https:\/\/www.shm.software\/fr\/wp-content\/uploads\/2023\/09\/googleplay.jpg","width":363,"height":120},{"@type":"BreadcrumbList","@id":"https:\/\/www.shm.software\/fr\/mobile-application#breadcrumb","itemListElement":[{"@type":"ListItem","position":1,"name":"Accueil","item":"https:\/\/www.shm.software\/fr\/"},{"@type":"ListItem","position":2,"name":"Application Mobile"}]},{"@type":"WebSite","@id":"https:\/\/www.shm.software\/fr\/#website","url":"https:\/\/www.shm.software\/fr\/","name":"SMART HOSPITAL MAINTENANCE","description":"","potentialAction":[{"@type":"SearchAction","target":{"@type":"EntryPoint","urlTemplate":"https:\/\/www.shm.software\/fr\/?s={search_term_string}"},"query-input":{"@type":"PropertyValueSpecification","valueRequired":true,"valueName":"search_term_string"}}],"inLanguage":"fr-FR"}]}},"_links":{"self":[{"href":"https:\/\/www.shm.software\/fr\/wp-json\/wp\/v2\/pages\/200","targetHints":{"allow":["GET"]}}],"collection":[{"href":"https:\/\/www.shm.software\/fr\/wp-json\/wp\/v2\/pages"}],"about":[{"href":"https:\/\/www.shm.software\/fr\/wp-json\/wp\/v2\/types\/page"}],"author":[{"embeddable":true,"href":"https:\/\/www.shm.software\/fr\/wp-json\/wp\/v2\/users\/1"}],"replies":[{"embeddable":true,"href":"https:\/\/www.shm.software\/fr\/wp-json\/wp\/v2\/comments?post=200"}],"version-history":[{"count":14,"href":"https:\/\/www.shm.software\/fr\/wp-json\/wp\/v2\/pages\/200\/revisions"}],"predecessor-version":[{"id":455,"href":"https:\/\/www.shm.software\/fr\/wp-json\/wp\/v2\/pages\/200\/revisions\/455"}],"wp:attachment":[{"href":"https:\/\/www.shm.software\/fr\/wp-json\/wp\/v2\/media?parent=200"}],"curies":[{"name":"wp","href":"https:\/\/api.w.org\/{rel}","templated":true}]}}