{"id":204,"date":"2023-08-31T07:43:09","date_gmt":"2023-08-31T07:43:09","guid":{"rendered":"https:\/\/www.shm.software\/fr\/?page_id=204"},"modified":"2023-11-01T11:07:55","modified_gmt":"2023-11-01T11:07:55","slug":"bulk-upload","status":"publish","type":"page","link":"https:\/\/www.shm.software\/fr\/bulk-upload","title":{"rendered":"T\u00e9l\u00e9chargement en bloc"},"content":{"rendered":"<div class=\"bulkup-bg in-head\"><\/div>\n<p id=\"breadcrumbs\"><span><span><a href=\"https:\/\/www.shm.software\/fr\/\">Accueil<\/a><\/span><\/span><\/p>\n<div class=\"section-white\">\n<div class=\"container\">\n<div class=\"row align-items-center\">\n<div class=\"col-md-6\">\n<h1>T\u00e9l\u00e9chargement en bloc<\/h1>\n<p>L&rsquo;int\u00e9gration manuelle peut s&rsquo;av\u00e9rer fastidieuse lors de la r\u00e9alisation d&rsquo;un inventaire initial, en particulier lorsqu&rsquo;il faut saisir les donn\u00e9es manuellement dans le syst\u00e8me. Smart Hospital Maintenance propose des t\u00e9l\u00e9chargements en bloc, ce qui vous permet de t\u00e9l\u00e9charger instantan\u00e9ment et sans effort n&rsquo;importe quel actif ou n&rsquo;importe quelle information sur l&rsquo;\u00e9tablissement.<\/p>\n<\/div>\n<div class=\"col-md-4 mx-auto order-md-1\">\n<img decoding=\"async\" src=\"https:\/\/www.shm.software\/fr\/wp-content\/uploads\/2023\/09\/bulkup-asset.png\" class=\"img-fluid d-block mx-auto\" alt=\"Bulk Upload\">\n<\/div>\n<\/div>\n<\/div>\n<\/div>\n<div class=\"section-lightgrey\">\n<div class=\"container\">\n<div class=\"row align-items-center\">\n<div class=\"col-md-6 order-md-2\">\n<h3>Mise en place de l&rsquo;\u00e9tablissement<\/h3>\n<p>En remplissant un fichier Excel sp\u00e9cifique, vous pouvez t\u00e9l\u00e9charger l&rsquo;ensemble de la structure de votre \u00e9tablissement avec tous les b\u00e2timents, \u00e9tages, d\u00e9partements et informations sur les chambres en une seule \u00e9tape. Vous disposez d\u00e9j\u00e0 d&rsquo;un ensemble de donn\u00e9es, par exemple en Excel ou dans un autre format de fichier ? Nos experts sont \u00e0 votre disposition pour vous aider \u00e0 migrer vos donn\u00e9es existantes.<\/p>\n<h3>D\u00e9tails des actifs<\/h3>\n<p>Un autre mod\u00e8le Excel d\u00e9di\u00e9 peut \u00eatre utilis\u00e9 pour t\u00e9l\u00e9charger vos informations compl\u00e8tes sur les biens dans le syst\u00e8me, en relation directe avec la pi\u00e8ce attribu\u00e9e. Si vous disposez d\u00e9j\u00e0 d&rsquo;un ensemble de donn\u00e9es, par exemple en Excel ou dans un autre format de fichier, nos experts peuvent \u00e9galement vous aider \u00e0 int\u00e9grer les donn\u00e9es dans le logiciel.<\/p>\n<\/div>\n<div class=\"col-md-6 order-md-1\">\n<img decoding=\"async\" src=\"https:\/\/www.shm.software\/fr\/wp-content\/uploads\/2023\/09\/SHM_Convenience_Bulk-Upload.jpg\" class=\"img-fluid d-block mx-auto\" alt=\"Facility Set-Up\">\n<\/div>\n<\/div>\n<\/div>\n<\/div>\n<div class=\"section-primary\">\n<div class=\"container\">\n<div class=\"row\">\n<div class=\"col-lg-12 mx-auto text-center\">\n<h4>Vous souhaitez discuter du processus d&rsquo;int\u00e9gration de donn\u00e9es avec nos experts ? <br \/>Prenez rendez-vous d\u00e8s aujourd&rsquo;hui!<\/h4>\n<div><a href=\"https:\/\/www.shm.software\/fr\/contact-us\" class=\"btn btn-primary mt-3\">R\u00e9server une d\u00e9mo<\/a><\/div>\n<\/div>\n<\/div>\n<\/div>\n<\/div>\n<div class=\"section-white\">\n<div class=\"container\">\n<div class=\"row text-center\">\n<div class=\"col-lg-12\">\n<h3 class=\"mb-0\">Caract\u00e9ristiques suppl\u00e9mentaires<\/h3>\n<\/div>\n<div class=\"col-lg-6\">\n<div class=\"af-box\">\n<h4>Maintenance et Gestion<\/h4>\n<div class=\"af-link\">\n<a href=\"https:\/\/www.shm.software\/fr\/work-order-management\">Gestion des bons de travail<\/a><br \/>\n<a href=\"https:\/\/www.shm.software\/fr\/planned-preventive-maintenance\">Maintenance pr\u00e9ventive planifi\u00e9<\/a><br \/>\n<a href=\"https:\/\/www.shm.software\/fr\/corrective-maintenance\">Maintenance corrective<\/a><br \/>\n<a href=\"https:\/\/www.shm.software\/fr\/inspection-maintenance\">Maintenance d&rsquo;inspection<\/a>\n<\/div>\n<\/div>\n<\/div>\n<div class=\"col-lg-6\">\n<div class=\"af-box\">\n<h4>Services efficaces<\/h4>\n<div class=\"af-link\">\n<a href=\"https:\/\/www.shm.software\/fr\/asset-matching\">Correspondance des actifs<\/a><br \/>\n<a href=\"https:\/\/www.shm.software\/fr\/document-management\">Gestion des documents<\/a><br \/>\n<a href=\"https:\/\/www.shm.software\/fr\/service-request-management\">Gestion des demande de service<\/a><br \/>\n<a href=\"https:\/\/www.shm.software\/fr\/qr-labels\">G\u00e9n\u00e9ration de QR code<\/a>\n<\/div>\n<\/div>\n<\/div>\n<div class=\"col-lg-6\">\n<div class=\"af-box\">\n<h4>Perspicacit\u00e9 profonde<\/h4>\n<div class=\"af-link\">\n<a href=\"https:\/\/www.shm.software\/fr\/technical-reports\">Rapport technique<\/a><br \/>\n<a href=\"https:\/\/www.shm.software\/fr\/contact-management\">Gestion dess contacts<\/a><br \/>\n<a href=\"https:\/\/www.shm.software\/fr\/contract-administration\">Gestion des contracts<\/a><br \/>\n<a href=\"https:\/\/www.shm.software\/fr\/user-profiles\">Vue d&rsquo;ensemble de l&rsquo;\u00e9quipe<\/a>\n<\/div>\n<\/div>\n<\/div>\n<div class=\"col-lg-6\">\n<div class=\"af-box\">\n<h4>Extensibilit\u00e9<\/h4>\n<div class=\"af-link\">\n<a href=\"https:\/\/www.shm.software\/fr\/facility-integration\">Gestion des actifs<\/a><br \/>\n<a href=\"https:\/\/www.shm.software\/fr\/multi-language-feature\">Int\u00e9gration de l&rsquo;\u00e9tablissement<\/a><br \/>\n<a href=\"https:\/\/www.shm.software\/fr\/relocation-management\">Fonctionnalit\u00e9 multilingue<\/a><br \/>\n<a href=\"https:\/\/www.shm.software\/fr\/shm-database\">Gestion des d\u00e9m\u00e9nagements<\/a>\n<\/div>\n<\/div>\n<\/div>\n<\/div>\n<\/div>\n<\/div>\n","protected":false},"excerpt":{"rendered":"<p>T\u00e9l\u00e9chargement en bloc L&rsquo;int\u00e9gration manuelle peut s&rsquo;av\u00e9rer fastidieuse lors de la r\u00e9alisation d&rsquo;un inventaire initial, en particulier lorsqu&rsquo;il faut saisir les donn\u00e9es manuellement dans le syst\u00e8me. Smart Hospital Maintenance propose des t\u00e9l\u00e9chargements en bloc, ce qui vous permet de t\u00e9l\u00e9charger instantan\u00e9ment et sans effort n&rsquo;importe quel actif ou n&rsquo;importe quelle information sur l&rsquo;\u00e9tablissement. Mise en [&#8230;]<\/p>\n<p><a class=\"btn btn-secondary understrap-read-more-link\" href=\"https:\/\/www.shm.software\/fr\/bulk-upload\">Lire la suite&#8230;<\/a><\/p>\n","protected":false},"author":1,"featured_media":0,"parent":0,"menu_order":0,"comment_status":"closed","ping_status":"closed","template":"page-templates\/empty.php","meta":{"footnotes":""},"class_list":["post-204","page","type-page","status-publish","hentry"],"yoast_head":"<!-- This site is optimized with the Yoast SEO plugin v26.8 - https:\/\/yoast.com\/product\/yoast-seo-wordpress\/ -->\n<title>T\u00e9l\u00e9chargement en bloc - SMART HOSPITAL MAINTENANCE<\/title>\n<meta name=\"robots\" content=\"index, follow, max-snippet:-1, max-image-preview:large, max-video-preview:-1\" \/>\n<link rel=\"canonical\" href=\"https:\/\/www.shm.software\/fr\/bulk-upload\" \/>\n<meta property=\"og:locale\" content=\"fr_FR\" \/>\n<meta property=\"og:type\" content=\"article\" \/>\n<meta property=\"og:title\" content=\"T\u00e9l\u00e9chargement en bloc - SMART HOSPITAL MAINTENANCE\" \/>\n<meta property=\"og:description\" content=\"T\u00e9l\u00e9chargement en bloc L&rsquo;int\u00e9gration manuelle peut s&rsquo;av\u00e9rer fastidieuse lors de la r\u00e9alisation d&rsquo;un inventaire initial, en particulier lorsqu&rsquo;il faut saisir les donn\u00e9es manuellement dans le syst\u00e8me. Smart Hospital Maintenance propose des t\u00e9l\u00e9chargements en bloc, ce qui vous permet de t\u00e9l\u00e9charger instantan\u00e9ment et sans effort n&rsquo;importe quel actif ou n&rsquo;importe quelle information sur l&rsquo;\u00e9tablissement. Mise en [...]Lire la suite...\" \/>\n<meta property=\"og:url\" content=\"https:\/\/www.shm.software\/fr\/bulk-upload\" \/>\n<meta property=\"og:site_name\" content=\"SMART HOSPITAL MAINTENANCE\" \/>\n<meta property=\"article:modified_time\" content=\"2023-11-01T11:07:55+00:00\" \/>\n<meta property=\"og:image\" content=\"https:\/\/www.shm.software\/fr\/wp-content\/uploads\/2023\/09\/bulkup-asset.png\" \/>\n<meta name=\"twitter:card\" content=\"summary_large_image\" \/>\n<meta name=\"twitter:label1\" content=\"Dur\u00e9e de lecture estim\u00e9e\" \/>\n\t<meta name=\"twitter:data1\" content=\"2 minutes\" \/>\n<script type=\"application\/ld+json\" class=\"yoast-schema-graph\">{\"@context\":\"https:\/\/schema.org\",\"@graph\":[{\"@type\":\"WebPage\",\"@id\":\"https:\/\/www.shm.software\/fr\/bulk-upload\",\"url\":\"https:\/\/www.shm.software\/fr\/bulk-upload\",\"name\":\"T\u00e9l\u00e9chargement en bloc - SMART HOSPITAL MAINTENANCE\",\"isPartOf\":{\"@id\":\"https:\/\/www.shm.software\/fr\/#website\"},\"primaryImageOfPage\":{\"@id\":\"https:\/\/www.shm.software\/fr\/bulk-upload#primaryimage\"},\"image\":{\"@id\":\"https:\/\/www.shm.software\/fr\/bulk-upload#primaryimage\"},\"thumbnailUrl\":\"https:\/\/www.shm.software\/fr\/wp-content\/uploads\/2023\/09\/bulkup-asset.png\",\"datePublished\":\"2023-08-31T07:43:09+00:00\",\"dateModified\":\"2023-11-01T11:07:55+00:00\",\"breadcrumb\":{\"@id\":\"https:\/\/www.shm.software\/fr\/bulk-upload#breadcrumb\"},\"inLanguage\":\"fr-FR\",\"potentialAction\":[{\"@type\":\"ReadAction\",\"target\":[\"https:\/\/www.shm.software\/fr\/bulk-upload\"]}]},{\"@type\":\"ImageObject\",\"inLanguage\":\"fr-FR\",\"@id\":\"https:\/\/www.shm.software\/fr\/bulk-upload#primaryimage\",\"url\":\"https:\/\/www.shm.software\/fr\/wp-content\/uploads\/2023\/09\/bulkup-asset.png\",\"contentUrl\":\"https:\/\/www.shm.software\/fr\/wp-content\/uploads\/2023\/09\/bulkup-asset.png\",\"width\":600,\"height\":219},{\"@type\":\"BreadcrumbList\",\"@id\":\"https:\/\/www.shm.software\/fr\/bulk-upload#breadcrumb\",\"itemListElement\":[{\"@type\":\"ListItem\",\"position\":1,\"name\":\"Accueil\",\"item\":\"https:\/\/www.shm.software\/fr\/\"},{\"@type\":\"ListItem\",\"position\":2,\"name\":\"T\u00e9l\u00e9chargement en bloc\"}]},{\"@type\":\"WebSite\",\"@id\":\"https:\/\/www.shm.software\/fr\/#website\",\"url\":\"https:\/\/www.shm.software\/fr\/\",\"name\":\"SMART HOSPITAL MAINTENANCE\",\"description\":\"\",\"potentialAction\":[{\"@type\":\"SearchAction\",\"target\":{\"@type\":\"EntryPoint\",\"urlTemplate\":\"https:\/\/www.shm.software\/fr\/?s={search_term_string}\"},\"query-input\":{\"@type\":\"PropertyValueSpecification\",\"valueRequired\":true,\"valueName\":\"search_term_string\"}}],\"inLanguage\":\"fr-FR\"}]}<\/script>\n<!-- \/ Yoast SEO plugin. -->","yoast_head_json":{"title":"T\u00e9l\u00e9chargement en bloc - SMART HOSPITAL MAINTENANCE","robots":{"index":"index","follow":"follow","max-snippet":"max-snippet:-1","max-image-preview":"max-image-preview:large","max-video-preview":"max-video-preview:-1"},"canonical":"https:\/\/www.shm.software\/fr\/bulk-upload","og_locale":"fr_FR","og_type":"article","og_title":"T\u00e9l\u00e9chargement en bloc - SMART HOSPITAL MAINTENANCE","og_description":"T\u00e9l\u00e9chargement en bloc L&rsquo;int\u00e9gration manuelle peut s&rsquo;av\u00e9rer fastidieuse lors de la r\u00e9alisation d&rsquo;un inventaire initial, en particulier lorsqu&rsquo;il faut saisir les donn\u00e9es manuellement dans le syst\u00e8me. Smart Hospital Maintenance propose des t\u00e9l\u00e9chargements en bloc, ce qui vous permet de t\u00e9l\u00e9charger instantan\u00e9ment et sans effort n&rsquo;importe quel actif ou n&rsquo;importe quelle information sur l&rsquo;\u00e9tablissement. Mise en [...]Lire la suite...","og_url":"https:\/\/www.shm.software\/fr\/bulk-upload","og_site_name":"SMART HOSPITAL MAINTENANCE","article_modified_time":"2023-11-01T11:07:55+00:00","og_image":[{"url":"https:\/\/www.shm.software\/fr\/wp-content\/uploads\/2023\/09\/bulkup-asset.png","type":"","width":"","height":""}],"twitter_card":"summary_large_image","twitter_misc":{"Dur\u00e9e de lecture estim\u00e9e":"2 minutes"},"schema":{"@context":"https:\/\/schema.org","@graph":[{"@type":"WebPage","@id":"https:\/\/www.shm.software\/fr\/bulk-upload","url":"https:\/\/www.shm.software\/fr\/bulk-upload","name":"T\u00e9l\u00e9chargement en bloc - SMART HOSPITAL MAINTENANCE","isPartOf":{"@id":"https:\/\/www.shm.software\/fr\/#website"},"primaryImageOfPage":{"@id":"https:\/\/www.shm.software\/fr\/bulk-upload#primaryimage"},"image":{"@id":"https:\/\/www.shm.software\/fr\/bulk-upload#primaryimage"},"thumbnailUrl":"https:\/\/www.shm.software\/fr\/wp-content\/uploads\/2023\/09\/bulkup-asset.png","datePublished":"2023-08-31T07:43:09+00:00","dateModified":"2023-11-01T11:07:55+00:00","breadcrumb":{"@id":"https:\/\/www.shm.software\/fr\/bulk-upload#breadcrumb"},"inLanguage":"fr-FR","potentialAction":[{"@type":"ReadAction","target":["https:\/\/www.shm.software\/fr\/bulk-upload"]}]},{"@type":"ImageObject","inLanguage":"fr-FR","@id":"https:\/\/www.shm.software\/fr\/bulk-upload#primaryimage","url":"https:\/\/www.shm.software\/fr\/wp-content\/uploads\/2023\/09\/bulkup-asset.png","contentUrl":"https:\/\/www.shm.software\/fr\/wp-content\/uploads\/2023\/09\/bulkup-asset.png","width":600,"height":219},{"@type":"BreadcrumbList","@id":"https:\/\/www.shm.software\/fr\/bulk-upload#breadcrumb","itemListElement":[{"@type":"ListItem","position":1,"name":"Accueil","item":"https:\/\/www.shm.software\/fr\/"},{"@type":"ListItem","position":2,"name":"T\u00e9l\u00e9chargement en bloc"}]},{"@type":"WebSite","@id":"https:\/\/www.shm.software\/fr\/#website","url":"https:\/\/www.shm.software\/fr\/","name":"SMART HOSPITAL MAINTENANCE","description":"","potentialAction":[{"@type":"SearchAction","target":{"@type":"EntryPoint","urlTemplate":"https:\/\/www.shm.software\/fr\/?s={search_term_string}"},"query-input":{"@type":"PropertyValueSpecification","valueRequired":true,"valueName":"search_term_string"}}],"inLanguage":"fr-FR"}]}},"_links":{"self":[{"href":"https:\/\/www.shm.software\/fr\/wp-json\/wp\/v2\/pages\/204","targetHints":{"allow":["GET"]}}],"collection":[{"href":"https:\/\/www.shm.software\/fr\/wp-json\/wp\/v2\/pages"}],"about":[{"href":"https:\/\/www.shm.software\/fr\/wp-json\/wp\/v2\/types\/page"}],"author":[{"embeddable":true,"href":"https:\/\/www.shm.software\/fr\/wp-json\/wp\/v2\/users\/1"}],"replies":[{"embeddable":true,"href":"https:\/\/www.shm.software\/fr\/wp-json\/wp\/v2\/comments?post=204"}],"version-history":[{"count":10,"href":"https:\/\/www.shm.software\/fr\/wp-json\/wp\/v2\/pages\/204\/revisions"}],"predecessor-version":[{"id":688,"href":"https:\/\/www.shm.software\/fr\/wp-json\/wp\/v2\/pages\/204\/revisions\/688"}],"wp:attachment":[{"href":"https:\/\/www.shm.software\/fr\/wp-json\/wp\/v2\/media?parent=204"}],"curies":[{"name":"wp","href":"https:\/\/api.w.org\/{rel}","templated":true}]}}