{"id":7,"date":"2023-08-04T10:24:03","date_gmt":"2023-08-04T10:24:03","guid":{"rendered":"https:\/\/www.shm.software\/fr\/?page_id=7"},"modified":"2023-11-06T04:29:31","modified_gmt":"2023-11-06T04:29:31","slug":"about-us","status":"publish","type":"page","link":"https:\/\/www.shm.software\/fr\/about-us","title":{"rendered":"A propos de nous"},"content":{"rendered":"<div class=\"about-bg\"><\/div>\n<p id=\"breadcrumbs\"><span><span><a href=\"https:\/\/www.shm.software\/fr\/\">Accueil<\/a><\/span><\/span><\/p>\n<div class=\"section-white\">\n<div class=\"container\">\n<div class=\"row align-items-center\">\n<div class=\"col-md-6 order-md-2\">\n<h1>\u00c0 propos de nous<\/h1>\n<p>Con\u00e7u \u00e0 Hambourg, en Allemagne, Smart Hospital Maintenance a \u00e9t\u00e9 d\u00e9velopp\u00e9 conjointement par des entreprises de sant\u00e9 exp\u00e9riment\u00e9es et des experts chevronn\u00e9s du secteur du monde entier, dans le but de changer la donne en mati\u00e8re de maintenance hospitali\u00e8re.<\/p>\n<p>Le projet de logiciel de maintenance hospitali\u00e8re est dirig\u00e9 par M. Herbert Pohl, un technologue m\u00e9dical chevronn\u00e9 qui poss\u00e8de plus de quarante ans d&rsquo;exp\u00e9rience internationale dans le domaine de la gestion et de la maintenance des \u00e9quipements hospitaliers. En collaboration avec l&rsquo;\u00e9quipe de d\u00e9veloppement, les diff\u00e9rents besoins et exigences des divers groupes d&rsquo;utilisateurs ont \u00e9t\u00e9 identifi\u00e9s et int\u00e9gr\u00e9s avec diligence dans Smart Hospital Maintenance.<\/p>\n<p>Tout au long du processus de d\u00e9veloppement, des \u00e9tablissements de sant\u00e9 d&rsquo;Allemagne et du monde entier ont particip\u00e9, ce qui a permis \u00e0 Smart Hospital Maintenance d&rsquo;\u00eatre largement test\u00e9 et reconnu par l&rsquo;industrie comme une solution logicielle fiable pour la maintenance des \u00e9quipements m\u00e9dicaux.<\/p>\n<\/div>\n<div class=\"col-md-6 order-md-1\">\n<img decoding=\"async\" src=\"https:\/\/www.shm.software\/fr\/wp-content\/uploads\/2023\/08\/Nana-Kay-Enger.jpg\" class=\"img-fluid d-block mx-auto\" alt=\"Smart Hospital Maintenance\">\n<\/div>\n<\/div>\n<\/div>\n<\/div>\n<div class=\"section-white\">\n<div class=\"container\">\n<div class=\"row align-items-center\">\n<div class=\"col-md-6\">\n<h3>SMART HOSPITAL MAINTENANCE<\/h3>\n<p>L&rsquo;implication importante des experts du secteur et du personnel hospitalier d\u00e8s le d\u00e9but fait de Smart Hospital Maintenance un syst\u00e8me unique de gestion de la maintenance assist\u00e9e par ordinateur (GMAO) pour les h\u00f4pitaux et tout autre type d&rsquo;\u00e9tablissement de soins de sant\u00e9 et leurs actifs connexes, y compris l&rsquo;\u00e9quipement m\u00e9dical et non m\u00e9dical. La GMAO pour les soins de sant\u00e9 r\u00e9pond pleinement aux attentes des diff\u00e9rents groupes d&rsquo;utilisateurs, tels que les directeurs d&rsquo;h\u00f4pitaux, les administrateurs, les ing\u00e9nieurs (biom\u00e9dicaux), les gestionnaires d&rsquo;\u00e9quipement, les infirmi\u00e8res, les m\u00e9decins et les autres membres du personnel clinique et non clinique. Gr\u00e2ce \u00e0 son approche holistique, le logiciel est le premier choix des entit\u00e9s publiques et priv\u00e9es charg\u00e9es de la gestion, de la performance et de la supervision des \u00e9quipements dans leurs diff\u00e9rentes sph\u00e8res de responsabilit\u00e9 et de comptabilit\u00e9.<\/p>\n<p>ous souhaitez en savoir plus sur Smart Hospital Maintenance et sur la mani\u00e8re dont ce logiciel peut am\u00e9liorer pour vous la gestion des actifs dans le secteur de la sant\u00e9 ? Cliquez <a href=\"https:\/\/www.shm.software\/fr\/smart-hospital-maintenance\">ici<\/a> pour plus d&rsquo;informations sur les modules et les fonctionnalit\u00e9s disponibles.<\/p>\n<\/div>\n<div class=\"col-md-6\">\n<img decoding=\"async\" src=\"https:\/\/www.shm.software\/fr\/wp-content\/uploads\/2023\/08\/theatre-hospital.jpg\" class=\"img-fluid d-block mx-auto\" alt=\"Smart Hospital Maintenance\">\n<\/div>\n<\/div>\n<\/div>\n<\/div>\n<div class=\"hp-testi\">\n<div class=\"container\">\n<div class=\"row\">\n<div class=\"col-lg-6 mx-auto text-center\">\n<h2>En savoir plus sur <br \/>\nSmart Hospital Maintenance<\/h2>\n<div class=\"embed-responsive embed-responsive-16by9\"><iframe class=\"embed-responsive-item\" src=\"https:\/\/www.youtube.com\/embed\/iojJ0Jz536w?si=mZPjY-6hjbkFSX6A\" title=\"YouTube video player\" frameborder=\"0\" allow=\"accelerometer; autoplay; clipboard-write; encrypted-media; gyroscope; picture-in-picture; web-share\" allowfullscreen><\/iframe><\/div>\n<\/div>\n<p><!--\n\n<div class=\"col-lg-6 text-center\">\n\n\n<h2>T\u00e9moignage<\/h2>\n\n\n[sp_testimonial id=\"30\"]\n<\/div>\n\n-->\n<\/div>\n<\/div>\n<\/div>\n","protected":false},"excerpt":{"rendered":"<p>\u00c0 propos de nous Con\u00e7u \u00e0 Hambourg, en Allemagne, Smart Hospital Maintenance a \u00e9t\u00e9 d\u00e9velopp\u00e9 conjointement par des entreprises de sant\u00e9 exp\u00e9riment\u00e9es et des experts chevronn\u00e9s du secteur du monde entier, dans le but de changer la donne en mati\u00e8re de maintenance hospitali\u00e8re. Le projet de logiciel de maintenance hospitali\u00e8re est dirig\u00e9 par M. Herbert [&#8230;]<\/p>\n<p><a class=\"btn btn-secondary understrap-read-more-link\" href=\"https:\/\/www.shm.software\/fr\/about-us\">Lire la suite&#8230;<\/a><\/p>\n","protected":false},"author":1,"featured_media":0,"parent":0,"menu_order":0,"comment_status":"closed","ping_status":"closed","template":"page-templates\/empty.php","meta":{"footnotes":""},"class_list":["post-7","page","type-page","status-publish","hentry"],"yoast_head":"<!-- This site is optimized with the Yoast SEO plugin v26.8 - https:\/\/yoast.com\/product\/yoast-seo-wordpress\/ -->\n<title>A propos de nous - SMART HOSPITAL MAINTENANCE<\/title>\n<meta name=\"robots\" content=\"index, follow, max-snippet:-1, max-image-preview:large, max-video-preview:-1\" \/>\n<link rel=\"canonical\" href=\"https:\/\/www.shm.software\/fr\/about-us\" \/>\n<meta property=\"og:locale\" content=\"fr_FR\" \/>\n<meta property=\"og:type\" content=\"article\" \/>\n<meta property=\"og:title\" content=\"A propos de nous - SMART HOSPITAL MAINTENANCE\" \/>\n<meta property=\"og:description\" content=\"\u00c0 propos de nous Con\u00e7u \u00e0 Hambourg, en Allemagne, Smart Hospital Maintenance a \u00e9t\u00e9 d\u00e9velopp\u00e9 conjointement par des entreprises de sant\u00e9 exp\u00e9riment\u00e9es et des experts chevronn\u00e9s du secteur du monde entier, dans le but de changer la donne en mati\u00e8re de maintenance hospitali\u00e8re. Le projet de logiciel de maintenance hospitali\u00e8re est dirig\u00e9 par M. Herbert [...]Lire la suite...\" \/>\n<meta property=\"og:url\" content=\"https:\/\/www.shm.software\/fr\/about-us\" \/>\n<meta property=\"og:site_name\" content=\"SMART HOSPITAL MAINTENANCE\" \/>\n<meta property=\"article:modified_time\" content=\"2023-11-06T04:29:31+00:00\" \/>\n<meta property=\"og:image\" content=\"https:\/\/www.shm.software\/fr\/wp-content\/uploads\/2023\/08\/Nana-Kay-Enger.jpg\" \/>\n<meta name=\"twitter:card\" content=\"summary_large_image\" \/>\n<meta name=\"twitter:label1\" content=\"Dur\u00e9e de lecture estim\u00e9e\" \/>\n\t<meta name=\"twitter:data1\" content=\"3 minutes\" \/>\n<script type=\"application\/ld+json\" class=\"yoast-schema-graph\">{\"@context\":\"https:\/\/schema.org\",\"@graph\":[{\"@type\":\"WebPage\",\"@id\":\"https:\/\/www.shm.software\/fr\/about-us\",\"url\":\"https:\/\/www.shm.software\/fr\/about-us\",\"name\":\"A propos de nous - SMART HOSPITAL MAINTENANCE\",\"isPartOf\":{\"@id\":\"https:\/\/www.shm.software\/fr\/#website\"},\"primaryImageOfPage\":{\"@id\":\"https:\/\/www.shm.software\/fr\/about-us#primaryimage\"},\"image\":{\"@id\":\"https:\/\/www.shm.software\/fr\/about-us#primaryimage\"},\"thumbnailUrl\":\"https:\/\/www.shm.software\/fr\/wp-content\/uploads\/2023\/08\/Nana-Kay-Enger.jpg\",\"datePublished\":\"2023-08-04T10:24:03+00:00\",\"dateModified\":\"2023-11-06T04:29:31+00:00\",\"breadcrumb\":{\"@id\":\"https:\/\/www.shm.software\/fr\/about-us#breadcrumb\"},\"inLanguage\":\"fr-FR\",\"potentialAction\":[{\"@type\":\"ReadAction\",\"target\":[\"https:\/\/www.shm.software\/fr\/about-us\"]}]},{\"@type\":\"ImageObject\",\"inLanguage\":\"fr-FR\",\"@id\":\"https:\/\/www.shm.software\/fr\/about-us#primaryimage\",\"url\":\"https:\/\/www.shm.software\/fr\/wp-content\/uploads\/2023\/08\/Nana-Kay-Enger.jpg\",\"contentUrl\":\"https:\/\/www.shm.software\/fr\/wp-content\/uploads\/2023\/08\/Nana-Kay-Enger.jpg\",\"width\":900,\"height\":600,\"caption\":\"Nana Kay Enger\"},{\"@type\":\"BreadcrumbList\",\"@id\":\"https:\/\/www.shm.software\/fr\/about-us#breadcrumb\",\"itemListElement\":[{\"@type\":\"ListItem\",\"position\":1,\"name\":\"Accueil\",\"item\":\"https:\/\/www.shm.software\/fr\/\"},{\"@type\":\"ListItem\",\"position\":2,\"name\":\"A propos de nous\"}]},{\"@type\":\"WebSite\",\"@id\":\"https:\/\/www.shm.software\/fr\/#website\",\"url\":\"https:\/\/www.shm.software\/fr\/\",\"name\":\"SMART HOSPITAL MAINTENANCE\",\"description\":\"\",\"potentialAction\":[{\"@type\":\"SearchAction\",\"target\":{\"@type\":\"EntryPoint\",\"urlTemplate\":\"https:\/\/www.shm.software\/fr\/?s={search_term_string}\"},\"query-input\":{\"@type\":\"PropertyValueSpecification\",\"valueRequired\":true,\"valueName\":\"search_term_string\"}}],\"inLanguage\":\"fr-FR\"}]}<\/script>\n<!-- \/ Yoast SEO plugin. -->","yoast_head_json":{"title":"A propos de nous - SMART HOSPITAL MAINTENANCE","robots":{"index":"index","follow":"follow","max-snippet":"max-snippet:-1","max-image-preview":"max-image-preview:large","max-video-preview":"max-video-preview:-1"},"canonical":"https:\/\/www.shm.software\/fr\/about-us","og_locale":"fr_FR","og_type":"article","og_title":"A propos de nous - SMART HOSPITAL MAINTENANCE","og_description":"\u00c0 propos de nous Con\u00e7u \u00e0 Hambourg, en Allemagne, Smart Hospital Maintenance a \u00e9t\u00e9 d\u00e9velopp\u00e9 conjointement par des entreprises de sant\u00e9 exp\u00e9riment\u00e9es et des experts chevronn\u00e9s du secteur du monde entier, dans le but de changer la donne en mati\u00e8re de maintenance hospitali\u00e8re. Le projet de logiciel de maintenance hospitali\u00e8re est dirig\u00e9 par M. Herbert [...]Lire la suite...","og_url":"https:\/\/www.shm.software\/fr\/about-us","og_site_name":"SMART HOSPITAL MAINTENANCE","article_modified_time":"2023-11-06T04:29:31+00:00","og_image":[{"url":"https:\/\/www.shm.software\/fr\/wp-content\/uploads\/2023\/08\/Nana-Kay-Enger.jpg","type":"","width":"","height":""}],"twitter_card":"summary_large_image","twitter_misc":{"Dur\u00e9e de lecture estim\u00e9e":"3 minutes"},"schema":{"@context":"https:\/\/schema.org","@graph":[{"@type":"WebPage","@id":"https:\/\/www.shm.software\/fr\/about-us","url":"https:\/\/www.shm.software\/fr\/about-us","name":"A propos de nous - SMART HOSPITAL MAINTENANCE","isPartOf":{"@id":"https:\/\/www.shm.software\/fr\/#website"},"primaryImageOfPage":{"@id":"https:\/\/www.shm.software\/fr\/about-us#primaryimage"},"image":{"@id":"https:\/\/www.shm.software\/fr\/about-us#primaryimage"},"thumbnailUrl":"https:\/\/www.shm.software\/fr\/wp-content\/uploads\/2023\/08\/Nana-Kay-Enger.jpg","datePublished":"2023-08-04T10:24:03+00:00","dateModified":"2023-11-06T04:29:31+00:00","breadcrumb":{"@id":"https:\/\/www.shm.software\/fr\/about-us#breadcrumb"},"inLanguage":"fr-FR","potentialAction":[{"@type":"ReadAction","target":["https:\/\/www.shm.software\/fr\/about-us"]}]},{"@type":"ImageObject","inLanguage":"fr-FR","@id":"https:\/\/www.shm.software\/fr\/about-us#primaryimage","url":"https:\/\/www.shm.software\/fr\/wp-content\/uploads\/2023\/08\/Nana-Kay-Enger.jpg","contentUrl":"https:\/\/www.shm.software\/fr\/wp-content\/uploads\/2023\/08\/Nana-Kay-Enger.jpg","width":900,"height":600,"caption":"Nana Kay Enger"},{"@type":"BreadcrumbList","@id":"https:\/\/www.shm.software\/fr\/about-us#breadcrumb","itemListElement":[{"@type":"ListItem","position":1,"name":"Accueil","item":"https:\/\/www.shm.software\/fr\/"},{"@type":"ListItem","position":2,"name":"A propos de nous"}]},{"@type":"WebSite","@id":"https:\/\/www.shm.software\/fr\/#website","url":"https:\/\/www.shm.software\/fr\/","name":"SMART HOSPITAL MAINTENANCE","description":"","potentialAction":[{"@type":"SearchAction","target":{"@type":"EntryPoint","urlTemplate":"https:\/\/www.shm.software\/fr\/?s={search_term_string}"},"query-input":{"@type":"PropertyValueSpecification","valueRequired":true,"valueName":"search_term_string"}}],"inLanguage":"fr-FR"}]}},"_links":{"self":[{"href":"https:\/\/www.shm.software\/fr\/wp-json\/wp\/v2\/pages\/7","targetHints":{"allow":["GET"]}}],"collection":[{"href":"https:\/\/www.shm.software\/fr\/wp-json\/wp\/v2\/pages"}],"about":[{"href":"https:\/\/www.shm.software\/fr\/wp-json\/wp\/v2\/types\/page"}],"author":[{"embeddable":true,"href":"https:\/\/www.shm.software\/fr\/wp-json\/wp\/v2\/users\/1"}],"replies":[{"embeddable":true,"href":"https:\/\/www.shm.software\/fr\/wp-json\/wp\/v2\/comments?post=7"}],"version-history":[{"count":23,"href":"https:\/\/www.shm.software\/fr\/wp-json\/wp\/v2\/pages\/7\/revisions"}],"predecessor-version":[{"id":700,"href":"https:\/\/www.shm.software\/fr\/wp-json\/wp\/v2\/pages\/7\/revisions\/700"}],"wp:attachment":[{"href":"https:\/\/www.shm.software\/fr\/wp-json\/wp\/v2\/media?parent=7"}],"curies":[{"name":"wp","href":"https:\/\/api.w.org\/{rel}","templated":true}]}}