{"id":704,"date":"2023-11-22T09:07:38","date_gmt":"2023-11-22T09:07:38","guid":{"rendered":"https:\/\/www.shm.software\/fr\/?page_id=704"},"modified":"2023-11-22T10:42:55","modified_gmt":"2023-11-22T10:42:55","slug":"medical-equipment-maintenance","status":"publish","type":"page","link":"https:\/\/www.shm.software\/fr\/medical-equipment-maintenance","title":{"rendered":"Maintenance du Mat\u00e9riel M\u00e9dical"},"content":{"rendered":"<div class=\"about-bg\"><\/div>\n<p id=\"breadcrumbs\"><span><span><a href=\"https:\/\/www.shm.software\/fr\/\">Accueil<\/a><\/span><\/span><\/p>\n<div class=\"section-white\">\n<div class=\"container\">\n<div class=\"row align-items-center\">\n<div class=\"col-md-6\">\n<h1>Maintenance du mat\u00e9riel m\u00e9dical<\/h1>\n<p>La maintenance des \u00e9quipements m\u00e9dicaux est malheureusement encore trait\u00e9e comme une belle-m\u00e8re dans de nombreuses r\u00e9gions du monde. Saviez-vous qu&rsquo;en moyenne, 38,3%* des \u00e9quipements hospitaliers des pays en d\u00e9veloppement sont non fonctionnels ? Par ailleurs, dans de nombreux pays du monde, la num\u00e9risation dans le secteur de la sant\u00e9 en est encore \u00e0 ses balbutiements. Des \u00e9tudes montrent qu&rsquo;une maintenance professionnelle des \u00e9quipements de sant\u00e9 conduit \u00e0 une meilleure disponibilit\u00e9 des appareils et \u00e0 une prolongation du cycle de vie. Par cons\u00e9quent, les h\u00f4pitaux peuvent r\u00e9duire leurs co\u00fbts et augmenter leurs revenus en m\u00eame temps. Voyons donc comment la maintenance et la gestion de la technologie m\u00e9dicale, ainsi que d&rsquo;autres appareils et installations, peuvent am\u00e9liorer la prestation des soins de sant\u00e9.<\/p>\n<\/div>\n<div class=\"col-md-6\">\n<img decoding=\"async\" src=\"https:\/\/www.shm.software\/wp-content\/uploads\/2023\/08\/theatre-hospital.jpg\" class=\"img-fluid d-block mx-auto\" alt=\"Medical Equipment Maintenance\">\n<\/div>\n<\/div>\n<\/div>\n<\/div>\n<div class=\"section-lightgrey\">\n<div class=\"container\">\n<div class=\"row\">\n<div class=\"col-md-12\">\n<p>Tout d&rsquo;abord, il est important de d\u00e9finir quels dispositifs appartiennent \u00e0 la technologie m\u00e9dicale. Il existe plusieurs d\u00e9finitions et cat\u00e9gorisations. Wikipedia, par exemple, mentionne les \u00e9quipements d&rsquo;ing\u00e9nierie biom\u00e9dicale, la technologie m\u00e9dicale ou la technologie de la sant\u00e9, en r\u00e9f\u00e9rence \u00e0 l&rsquo;application des principes et des r\u00e8gles de l&rsquo;ing\u00e9nierie dans le domaine de la m\u00e9decine et des sciences de la sant\u00e9. Les experts recommandent de les r\u00e9partir dans les principaux domaines suivants:<\/p>\n<ul class=\"mycol-list\">\n<li>Surveillance des patients<\/li>\n<li>Assistance respiratoire et soins intensifs<\/li>\n<li>Mat\u00e9riel de bloc op\u00e9ratoire et de chirurgie<\/li>\n<li>Instruments<\/li>\n<li>\u00c9quipement de diagnostic<\/li>\n<li>\u00c9quipement m\u00e9dical<\/li>\n<li>Imagerie diagnostique, m\u00e9decine nucl\u00e9aire et radioprotection<\/li>\n<li>PACS<\/li>\n<li>Laboratoire et pharmacie<\/li>\n<li>Lits cliniques<\/li>\n<li>Mobilier clinique<\/li>\n<li>Luminaires m\u00e9dicaux<\/li>\n<li>Pendentifs<\/li>\n<li>T\u00eates de lit<\/li>\n<li>Equipement ORL<\/li>\n<li>Mat\u00e9riel d&rsquo;ophtalmologie<\/li>\n<li>Mat\u00e9riel dentaire<\/li>\n<li>Mat\u00e9riel d&rsquo;endoscopie<\/li>\n<li>Mat\u00e9riel de lavage, de st\u00e9rilisation et de d\u00e9sinfection<\/li>\n<li>Mat\u00e9riel de morgue et d&rsquo;autopsie<\/li>\n<li>Fournitures hospitali\u00e8res et petit mat\u00e9riel<\/li>\n<\/ul>\n<\/div>\n<\/div>\n<\/div>\n<\/div>\n<div class=\"section-white\">\n<div class=\"container\">\n<div class=\"row\">\n<div class=\"col-lg-6 order-lg-2\">\n<p>En outre, il existe \u00e9galement des \u00e9quipements non m\u00e9dicaux. Il existe notamment les cat\u00e9gories suivantes:<\/p>\n<ul>\n<li>Mobilier de laboratoire<\/li>\n<li>Mobilier g\u00e9n\u00e9ral<\/li>\n<li>Plans de travail et bancs<\/li>\n<li>Accessoires<\/li>\n<li>Appareils \u00e9lectrom\u00e9nagers et mat\u00e9riel de plomberie<\/li>\n<li>\u00c9quipement d&rsquo;atelier<\/li>\n<li>Syst\u00e8mes de chambres froides<\/li>\n<li>\u00c9quipement de buanderie<\/li>\n<\/ul>\n<p>Outre les \u00e9quipements m\u00e9dicaux et non m\u00e9dicaux, il existe \u00e9galement d&rsquo;autres cat\u00e9gories d&rsquo;actifs pertinentes, telles que:<\/p>\n<ul>\n<li>Installation de gaz m\u00e9dicaux et syst\u00e8me de distribution<\/li>\n<li>CVC m\u00e9dical (chauffage, ventilation et climatisation)<\/li>\n<li>TIC (technologies de l&rsquo;information et de la communication) \/ logiciels<\/li>\n<\/ul>\n<\/div>\n<div class=\"col-lg-6 order-lg-1\">\n<img decoding=\"async\" src=\"https:\/\/www.shm.software\/wp-content\/uploads\/2023\/09\/software-asset-management-1.jpg\" class=\"img-fluid d-block mx-auto\" alt=\"non-medical equipment\">\n<\/div>\n<\/div>\n<\/div>\n<\/div>\n<div class=\"section-primary\">\n<div class=\"container\">\n<div class=\"row\">\n<div class=\"col-lg-12 text-center\">\n<h2 style=\"font-size: 1.5rem;\">La maintenance et la gestion des \u00e9quipements m\u00e9dicaux, des \u00e9quipements non m\u00e9dicaux, des gaz m\u00e9dicaux, des syst\u00e8mes de chauffage, de ventilation et de climatisation (CVC) ou des technologies de l&rsquo;information et de la communication (TIC) sont fondamentales, mais aussi tr\u00e8s complexes.<\/h2>\n<\/div>\n<\/div>\n<\/div>\n<\/div>\n<div class=\"section-white\">\n<div class=\"container\">\n<div class=\"row\">\n<div class=\"col-md-12\">\n<p>Tous les groupes mentionn\u00e9s ont en commun le fait que la fonctionnalit\u00e9 doit \u00eatre assur\u00e9e pour garantir les soins de sant\u00e9 aux patients. Selon le type d&rsquo;actif, les gestionnaires d&rsquo;\u00e9quipement, les techniciens biom\u00e9dicaux, les techniciens, les gestionnaires d&rsquo;\u00e9tablissement et de nombreux autres groupes professionnels en sont responsables. La gestion centralis\u00e9e des activit\u00e9s, y compris la documentation, est d&rsquo;une importance capitale, en particulier dans le cas de collaborations impliquant plusieurs personnes de diff\u00e9rents domaines. Les syst\u00e8mes de gestion de la maintenance assist\u00e9e par ordinateur (GMAO) sont utilis\u00e9s \u00e0 cette fin. Il existe d\u00e9j\u00e0 de nombreuses solutions sur le march\u00e9, mais seules quelques-unes sont sp\u00e9cialis\u00e9es dans les particularit\u00e9s des h\u00f4pitaux et la structure de leurs \u00e9quipements et installations. Il est donc important de s&rsquo;assurer qu&rsquo;une solution logicielle r\u00e9pond aux exigences. Dans tous les cas, il faut s&rsquo;assurer que les domaines suivants sont couverts &#8211; cliquez sur chaque point pour plus d&rsquo;informations: <\/p>\n<\/div>\n<div class=\"col-md-4\">\n<h4>Maintenance et Gestion<\/h4>\n<p><a href=\"https:\/\/www.shm.software\/fr\/asset-management\">Gestion d\u2019actifs<\/a><br \/>\n<a href=\"https:\/\/www.shm.software\/fr\/work-order-management\">Gestion des bons de travail<\/a><br \/>\n<a href=\"https:\/\/www.shm.software\/fr\/planned-preventive-maintenance\">Maintenance pr\u00e9ventive planifi\u00e9e<\/a><br \/>\n<a href=\"https:\/\/www.shm.software\/fr\/corrective-maintenance\">Maintenance Corrective<\/a><br \/>\n<a href=\"https:\/\/www.shm.software\/fr\/inspection-maintenance\">Maintenance d\u2019inspection<\/a><\/p>\n<\/div>\n<div class=\"col-md-4\">\n<h4>Services efficaces<\/h4>\n<p><a href=\"https:\/\/www.shm.software\/fr\/asset-matching\">Correspondance des actifs<\/a><br \/>\n<a href=\"https:\/\/www.shm.software\/fr\/document-management\">Gestion des documents<\/a><br \/>\n<a href=\"https:\/\/www.shm.software\/fr\/service-request-management\">Gestion des demandes de service<\/a><br \/>\n<a href=\"https:\/\/www.shm.software\/fr\/qr-labels\">Etiquette QR<\/a><\/p>\n<\/div>\n<div class=\"col-md-4\">\n<h4>Perspicacit\u00e9 profonde<\/h4>\n<p><a href=\"https:\/\/www.shm.software\/fr\/technical-reports\">Rapports techniques<\/a><br \/>\n<a href=\"https:\/\/www.shm.software\/fr\/contact-management\">Gestion des contacts<\/a><br \/>\n<a href=\"https:\/\/www.shm.software\/fr\/contract-administration\">Gestion des contrats<\/a><br \/>\n<a href=\"https:\/\/www.shm.software\/fr\/user-profiles\">Profils d\u2019utilisateurs<\/a><\/p>\n<\/div>\n<div class=\"col-md-4\">\n<h4>Extensibilit\u00e9<\/h4>\n<p><a href=\"https:\/\/www.shm.software\/fr\/facility-integration\">Int\u00e9gration des installations<\/a><br \/>\n<a href=\"https:\/\/www.shm.software\/fr\/multi-language-feature\">Fonctionnalit\u00e9 multilingue<\/a><br \/>\n<a href=\"https:\/\/www.shm.software\/fr\/relocation-management\">Gestion de la relocalisation<\/a><br \/>\n<a href=\"https:\/\/www.shm.software\/fr\/shm-database\">Base de donn\u00e9es SHM<\/a><\/p>\n<\/div>\n<div class=\"col-md-4\">\n<h4>Confort<\/h4>\n<p><a href=\"https:\/\/www.shm.software\/fr\/customisation\">Personnalisation<\/a><br \/>\n<a href=\"https:\/\/www.shm.software\/fr\/mobile-application\">Application Mobile<\/a><br \/>\n<a href=\"https:\/\/www.shm.software\/fr\/offline-mode\">Mode hors ligne<\/a><br \/>\n<a href=\"https:\/\/www.shm.software\/fr\/bulk-upload\">T\u00e9l\u00e9chargement en bloc<\/a><\/p>\n<\/div>\n<\/div>\n<\/div>\n<\/div>\n<div class=\"section-lightgrey\">\n<div class=\"container\">\n<div class=\"row align-items-center\">\n<div class=\"col-lg-6\">\n<h3>Mais qu&rsquo;entendons-nous par la maintenance de la technologie m\u00e9dicale ??<\/h3>\n<p>Dans la pratique, on distingue la maintenance pr\u00e9ventive planifi\u00e9e, la maintenance corrective et la maintenance d&rsquo;inspection:<\/p>\n<p>La Maintenance pr\u00e9ventive planifi\u00e9e (MPP) dans les \u00e9tablissements de sant\u00e9 fait r\u00e9f\u00e9rence aux activit\u00e9s de maintenance proactive pour tous les actifs. Elle comprend, entre autres, la programmation et l&rsquo;ex\u00e9cution de t\u00e2ches de routine \u00e0 des intervalles d\u00e9termin\u00e9s. La mise en place de plans de maintenance pr\u00e9ventive planifi\u00e9e doit \u00eatre effectu\u00e9e individuellement pour chaque bien. <\/p>\n<p>La maintenance corrective consiste \u00e0 r\u00e9soudre les pannes d&rsquo;\u00e9quipement et autres dysfonctionnements inattendus. Elle comprend les mesures n\u00e9cessaires pour maintenir les fonctions de l&rsquo;actif et le rendre pleinement fonctionnel et disponible pour l&rsquo;\u00e9tablissement de soins de sant\u00e9.<\/p>\n<p>Si la maintenance d\u2019inspection pr\u00e9sente des similitudes avec la maintenance pr\u00e9ventive planifi\u00e9e, elle n&rsquo;est pas tout \u00e0 fait la m\u00eame. La maintenance d\u2019inspection est un processus syst\u00e9matique de test et d&rsquo;\u00e9valuation r\u00e9guliers des \u00e9quipements hospitaliers. L&rsquo;objectif est d&rsquo;identifier les probl\u00e8mes li\u00e9s \u00e0 l&rsquo;\u00e9quipement avant qu&rsquo;ils n&rsquo;aient un impact n\u00e9gatif sur sa fonctionnalit\u00e9. Elle comprend des inspections visuelles, des tests fonctionnels et des \u00e9valuations de base qui permettent d&rsquo;identifier les probl\u00e8mes \u00e0 un stade pr\u00e9coce.<\/p>\n<\/div>\n<div class=\"col-lg-6\">\n<img decoding=\"async\" src=\"https:\/\/www.shm.software\/wp-content\/uploads\/2023\/09\/SHM_Scalability_Facility-Integration.jpg\" class=\"img-fluid d-block mx-auto\" alt=\"maintenance of medical technology\">\n<\/div>\n<\/div>\n<\/div>\n<\/div>\n<div class=\"section-white\">\n<div class=\"container\">\n<div class=\"row\">\n<div class=\"col-lg-12 text-center\">\n<h4>Vous souhaitez en savoir plus sur la maintenance et la gestion des technologies m\u00e9dicales ? <br \/>Visitez notre blog pour des articles d&rsquo;experts actuels!<\/h4>\n<div><a href=\"https:\/\/www.shm.software\/fr\/contact-us\" class=\"btn btn-primary mt-3\">Au blog<\/a><\/div>\n<\/div>\n<\/div>\n<\/div>\n<\/div>\n<div class=\"section-primary\">\n<div class=\"container\">\n<div class=\"row\">\n<div class=\"col-lg-12 text-center\">\n<h4>Vous envisagez de faire appel \u00e0 Smart Hospital Maintenance pour la maintenance de vos \u00e9quipements m\u00e9dicaux? <br \/>R\u00e9servez votre d\u00e9monstration avec l&rsquo;un de nos experts pour plus d&rsquo;informations aujourd&rsquo;hui!<\/h4>\n<div><a href=\"https:\/\/www.shm.software\/fr\/contact-us\" class=\"btn btn-primary mt-3\">R\u00e9server une d\u00e9mo<\/a><\/div>\n<\/div>\n<\/div>\n<\/div>\n<\/div>\n","protected":false},"excerpt":{"rendered":"<p>Maintenance du mat\u00e9riel m\u00e9dical La maintenance des \u00e9quipements m\u00e9dicaux est malheureusement encore trait\u00e9e comme une belle-m\u00e8re dans de nombreuses r\u00e9gions du monde. Saviez-vous qu&rsquo;en moyenne, 38,3%* des \u00e9quipements hospitaliers des pays en d\u00e9veloppement sont non fonctionnels ? Par ailleurs, dans de nombreux pays du monde, la num\u00e9risation dans le secteur de la sant\u00e9 en est [&#8230;]<\/p>\n<p><a class=\"btn btn-secondary understrap-read-more-link\" href=\"https:\/\/www.shm.software\/fr\/medical-equipment-maintenance\">Lire la suite&#8230;<\/a><\/p>\n","protected":false},"author":1,"featured_media":0,"parent":0,"menu_order":0,"comment_status":"closed","ping_status":"closed","template":"page-templates\/empty.php","meta":{"footnotes":""},"class_list":["post-704","page","type-page","status-publish","hentry"],"yoast_head":"<!-- This site is optimized with the Yoast SEO plugin v26.8 - https:\/\/yoast.com\/product\/yoast-seo-wordpress\/ -->\n<title>Maintenance du Mat\u00e9riel M\u00e9dical - SMART HOSPITAL MAINTENANCE<\/title>\n<meta name=\"robots\" content=\"index, follow, max-snippet:-1, max-image-preview:large, max-video-preview:-1\" \/>\n<link rel=\"canonical\" href=\"https:\/\/www.shm.software\/fr\/medical-equipment-maintenance\" \/>\n<meta property=\"og:locale\" content=\"fr_FR\" \/>\n<meta property=\"og:type\" content=\"article\" \/>\n<meta property=\"og:title\" content=\"Maintenance du Mat\u00e9riel M\u00e9dical - SMART HOSPITAL MAINTENANCE\" \/>\n<meta property=\"og:description\" content=\"Maintenance du mat\u00e9riel m\u00e9dical La maintenance des \u00e9quipements m\u00e9dicaux est malheureusement encore trait\u00e9e comme une belle-m\u00e8re dans de nombreuses r\u00e9gions du monde. Saviez-vous qu&rsquo;en moyenne, 38,3%* des \u00e9quipements hospitaliers des pays en d\u00e9veloppement sont non fonctionnels ? Par ailleurs, dans de nombreux pays du monde, la num\u00e9risation dans le secteur de la sant\u00e9 en est [...]Lire la suite...\" \/>\n<meta property=\"og:url\" content=\"https:\/\/www.shm.software\/fr\/medical-equipment-maintenance\" \/>\n<meta property=\"og:site_name\" content=\"SMART HOSPITAL MAINTENANCE\" \/>\n<meta property=\"article:modified_time\" content=\"2023-11-22T10:42:55+00:00\" \/>\n<meta property=\"og:image\" content=\"https:\/\/www.shm.software\/wp-content\/uploads\/2023\/08\/theatre-hospital.jpg\" \/>\n<meta name=\"twitter:card\" content=\"summary_large_image\" \/>\n<meta name=\"twitter:label1\" content=\"Dur\u00e9e de lecture estim\u00e9e\" \/>\n\t<meta name=\"twitter:data1\" content=\"5 minutes\" \/>\n<script type=\"application\/ld+json\" class=\"yoast-schema-graph\">{\"@context\":\"https:\/\/schema.org\",\"@graph\":[{\"@type\":\"WebPage\",\"@id\":\"https:\/\/www.shm.software\/fr\/medical-equipment-maintenance\",\"url\":\"https:\/\/www.shm.software\/fr\/medical-equipment-maintenance\",\"name\":\"Maintenance du Mat\u00e9riel M\u00e9dical - SMART HOSPITAL MAINTENANCE\",\"isPartOf\":{\"@id\":\"https:\/\/www.shm.software\/fr\/#website\"},\"primaryImageOfPage\":{\"@id\":\"https:\/\/www.shm.software\/fr\/medical-equipment-maintenance#primaryimage\"},\"image\":{\"@id\":\"https:\/\/www.shm.software\/fr\/medical-equipment-maintenance#primaryimage\"},\"thumbnailUrl\":\"https:\/\/www.shm.software\/wp-content\/uploads\/2023\/08\/theatre-hospital.jpg\",\"datePublished\":\"2023-11-22T09:07:38+00:00\",\"dateModified\":\"2023-11-22T10:42:55+00:00\",\"breadcrumb\":{\"@id\":\"https:\/\/www.shm.software\/fr\/medical-equipment-maintenance#breadcrumb\"},\"inLanguage\":\"fr-FR\",\"potentialAction\":[{\"@type\":\"ReadAction\",\"target\":[\"https:\/\/www.shm.software\/fr\/medical-equipment-maintenance\"]}]},{\"@type\":\"ImageObject\",\"inLanguage\":\"fr-FR\",\"@id\":\"https:\/\/www.shm.software\/fr\/medical-equipment-maintenance#primaryimage\",\"url\":\"https:\/\/www.shm.software\/wp-content\/uploads\/2023\/08\/theatre-hospital.jpg\",\"contentUrl\":\"https:\/\/www.shm.software\/wp-content\/uploads\/2023\/08\/theatre-hospital.jpg\"},{\"@type\":\"BreadcrumbList\",\"@id\":\"https:\/\/www.shm.software\/fr\/medical-equipment-maintenance#breadcrumb\",\"itemListElement\":[{\"@type\":\"ListItem\",\"position\":1,\"name\":\"Accueil\",\"item\":\"https:\/\/www.shm.software\/fr\/\"},{\"@type\":\"ListItem\",\"position\":2,\"name\":\"Maintenance du Mat\u00e9riel M\u00e9dical\"}]},{\"@type\":\"WebSite\",\"@id\":\"https:\/\/www.shm.software\/fr\/#website\",\"url\":\"https:\/\/www.shm.software\/fr\/\",\"name\":\"SMART HOSPITAL MAINTENANCE\",\"description\":\"\",\"potentialAction\":[{\"@type\":\"SearchAction\",\"target\":{\"@type\":\"EntryPoint\",\"urlTemplate\":\"https:\/\/www.shm.software\/fr\/?s={search_term_string}\"},\"query-input\":{\"@type\":\"PropertyValueSpecification\",\"valueRequired\":true,\"valueName\":\"search_term_string\"}}],\"inLanguage\":\"fr-FR\"}]}<\/script>\n<!-- \/ Yoast SEO plugin. -->","yoast_head_json":{"title":"Maintenance du Mat\u00e9riel M\u00e9dical - SMART HOSPITAL MAINTENANCE","robots":{"index":"index","follow":"follow","max-snippet":"max-snippet:-1","max-image-preview":"max-image-preview:large","max-video-preview":"max-video-preview:-1"},"canonical":"https:\/\/www.shm.software\/fr\/medical-equipment-maintenance","og_locale":"fr_FR","og_type":"article","og_title":"Maintenance du Mat\u00e9riel M\u00e9dical - SMART HOSPITAL MAINTENANCE","og_description":"Maintenance du mat\u00e9riel m\u00e9dical La maintenance des \u00e9quipements m\u00e9dicaux est malheureusement encore trait\u00e9e comme une belle-m\u00e8re dans de nombreuses r\u00e9gions du monde. Saviez-vous qu&rsquo;en moyenne, 38,3%* des \u00e9quipements hospitaliers des pays en d\u00e9veloppement sont non fonctionnels ? Par ailleurs, dans de nombreux pays du monde, la num\u00e9risation dans le secteur de la sant\u00e9 en est [...]Lire la suite...","og_url":"https:\/\/www.shm.software\/fr\/medical-equipment-maintenance","og_site_name":"SMART HOSPITAL MAINTENANCE","article_modified_time":"2023-11-22T10:42:55+00:00","og_image":[{"url":"https:\/\/www.shm.software\/wp-content\/uploads\/2023\/08\/theatre-hospital.jpg","type":"","width":"","height":""}],"twitter_card":"summary_large_image","twitter_misc":{"Dur\u00e9e de lecture estim\u00e9e":"5 minutes"},"schema":{"@context":"https:\/\/schema.org","@graph":[{"@type":"WebPage","@id":"https:\/\/www.shm.software\/fr\/medical-equipment-maintenance","url":"https:\/\/www.shm.software\/fr\/medical-equipment-maintenance","name":"Maintenance du Mat\u00e9riel M\u00e9dical - SMART HOSPITAL MAINTENANCE","isPartOf":{"@id":"https:\/\/www.shm.software\/fr\/#website"},"primaryImageOfPage":{"@id":"https:\/\/www.shm.software\/fr\/medical-equipment-maintenance#primaryimage"},"image":{"@id":"https:\/\/www.shm.software\/fr\/medical-equipment-maintenance#primaryimage"},"thumbnailUrl":"https:\/\/www.shm.software\/wp-content\/uploads\/2023\/08\/theatre-hospital.jpg","datePublished":"2023-11-22T09:07:38+00:00","dateModified":"2023-11-22T10:42:55+00:00","breadcrumb":{"@id":"https:\/\/www.shm.software\/fr\/medical-equipment-maintenance#breadcrumb"},"inLanguage":"fr-FR","potentialAction":[{"@type":"ReadAction","target":["https:\/\/www.shm.software\/fr\/medical-equipment-maintenance"]}]},{"@type":"ImageObject","inLanguage":"fr-FR","@id":"https:\/\/www.shm.software\/fr\/medical-equipment-maintenance#primaryimage","url":"https:\/\/www.shm.software\/wp-content\/uploads\/2023\/08\/theatre-hospital.jpg","contentUrl":"https:\/\/www.shm.software\/wp-content\/uploads\/2023\/08\/theatre-hospital.jpg"},{"@type":"BreadcrumbList","@id":"https:\/\/www.shm.software\/fr\/medical-equipment-maintenance#breadcrumb","itemListElement":[{"@type":"ListItem","position":1,"name":"Accueil","item":"https:\/\/www.shm.software\/fr\/"},{"@type":"ListItem","position":2,"name":"Maintenance du Mat\u00e9riel M\u00e9dical"}]},{"@type":"WebSite","@id":"https:\/\/www.shm.software\/fr\/#website","url":"https:\/\/www.shm.software\/fr\/","name":"SMART HOSPITAL MAINTENANCE","description":"","potentialAction":[{"@type":"SearchAction","target":{"@type":"EntryPoint","urlTemplate":"https:\/\/www.shm.software\/fr\/?s={search_term_string}"},"query-input":{"@type":"PropertyValueSpecification","valueRequired":true,"valueName":"search_term_string"}}],"inLanguage":"fr-FR"}]}},"_links":{"self":[{"href":"https:\/\/www.shm.software\/fr\/wp-json\/wp\/v2\/pages\/704","targetHints":{"allow":["GET"]}}],"collection":[{"href":"https:\/\/www.shm.software\/fr\/wp-json\/wp\/v2\/pages"}],"about":[{"href":"https:\/\/www.shm.software\/fr\/wp-json\/wp\/v2\/types\/page"}],"author":[{"embeddable":true,"href":"https:\/\/www.shm.software\/fr\/wp-json\/wp\/v2\/users\/1"}],"replies":[{"embeddable":true,"href":"https:\/\/www.shm.software\/fr\/wp-json\/wp\/v2\/comments?post=704"}],"version-history":[{"count":8,"href":"https:\/\/www.shm.software\/fr\/wp-json\/wp\/v2\/pages\/704\/revisions"}],"predecessor-version":[{"id":714,"href":"https:\/\/www.shm.software\/fr\/wp-json\/wp\/v2\/pages\/704\/revisions\/714"}],"wp:attachment":[{"href":"https:\/\/www.shm.software\/fr\/wp-json\/wp\/v2\/media?parent=704"}],"curies":[{"name":"wp","href":"https:\/\/api.w.org\/{rel}","templated":true}]}}